{"id":1477,"date":"2017-11-18T20:17:28","date_gmt":"2017-11-18T20:17:28","guid":{"rendered":"http:\/\/biblian.is\/1981\/fjorda-mosebok-14-kafli\/"},"modified":"2021-06-06T10:56:34","modified_gmt":"2021-06-06T10:56:34","slug":"fjorda-mosebok-14-kafli","status":"publish","type":"page","link":"https:\/\/biblian.is\/1981\/fjorda-mosebok-14-kafli\/","title":{"rendered":"Fj\u00f3r\u00f0a M\u00f3seb\u00f3k 14. kafli"},"content":{"rendered":"<p><a name=\"1\"><span class=\"versanumer\">1<\/span><\/a>\u00de\u00e1 \u00e6pti allur s\u00f6fnu\u00f0urinn upp yfir sig, og f\u00f3lki\u00f0 gr\u00e9t \u00fe\u00e1 n\u00f3tt.<a name=\"2\"><span class=\"versanumer\">2<\/span><\/a>Og allir \u00cdsraelsmenn m\u00f6glu\u00f0u gegn M\u00f3se og Aroni, og allur s\u00f6fnu\u00f0urinn sag\u00f0i vi\u00f0 \u00fe\u00e1: Gu\u00f0 g\u00e6fi, a\u00f0 v\u00e9r hef\u00f0um d\u00e1i\u00f0 \u00ed Egyptalandi e\u00f0a v\u00e9r hef\u00f0um d\u00e1i\u00f0 \u00ed \u00feessari ey\u00f0im\u00f6rk!<a name=\"3\"><span class=\"versanumer\">3<\/span><\/a>Hv\u00ed lei\u00f0ir Drottinn oss inn \u00ed \u00feetta land til \u00feess a\u00f0 falla fyrir sver\u00f0i? Konur vorar og b\u00f6rn munu ver\u00f0a a\u00f0 herfangi. Mun oss eigi betra a\u00f0 sn\u00faa aftur til Egyptalands?<a name=\"4\"><span class=\"versanumer\">4<\/span><\/a>Og \u00feeir s\u00f6g\u00f0u hver vi\u00f0 annan: T\u00f6kum oss foringja og hverfum aftur til Egyptalands!<a name=\"5\"><span class=\"versanumer\">5<\/span><\/a>\u00de\u00e1 f\u00e9llu \u00feeir M\u00f3se og Aron \u00e1 \u00e1sj\u00f3nur s\u00ednar frammi fyrir allri samkomu safna\u00f0ar \u00cdsraelsmanna.<a name=\"6\"><span class=\"versanumer\">6<\/span><\/a>En J\u00f3s\u00faa N\u00fansson og Kaleb Jef\u00fanneson, tveir \u00feeirra, sem kanna\u00f0 h\u00f6f\u00f0u landi\u00f0, rifu kl\u00e6\u00f0i s\u00edn.<a name=\"7\"><span class=\"versanumer\">7<\/span><\/a>Og \u00feeir s\u00f6g\u00f0u vi\u00f0 allan s\u00f6fnu\u00f0 \u00cdsraelsmanna: Land \u00fea\u00f0, sem v\u00e9r f\u00f3rum um til \u00feess a\u00f0 kanna \u00fea\u00f0, er mesta \u00e1g\u00e6tisland.<a name=\"8\"><span class=\"versanumer\">8<\/span><\/a>Ef Drottinn hefir \u00e1 oss vel\u00fe\u00f3knun, \u00fe\u00e1 mun hann flytja oss inn \u00ed \u00feetta land og gefa oss \u00fea\u00f0, landi\u00f0, sem fl\u00fdtur \u00ed mj\u00f3lk og hunangi.<a name=\"9\"><span class=\"versanumer\">9<\/span><\/a>Gj\u00f6ri\u00f0 a\u00f0eins ekki uppreisn m\u00f3ti Drottni og hr\u00e6\u00f0ist ekki landsf\u00f3lki\u00f0, \u00fev\u00ed a\u00f0 \u00feeir eru brau\u00f0 vort. Vikin er fr\u00e1 \u00feeim v\u00f6rn \u00feeirra, en Drottinn er me\u00f0 oss! Hr\u00e6\u00f0ist \u00fe\u00e1 eigi!<a name=\"10\"><span class=\"versanumer\">10<\/span><\/a>Allur s\u00f6fnu\u00f0urinn vildi berja \u00fe\u00e1 grj\u00f3ti, en \u00fe\u00e1 birtist d\u00fdr\u00f0 Drottins \u00ed samfundatjaldinu \u00f6llum \u00cdsraelsm\u00f6nnum.<a name=\"11\"><span class=\"versanumer\">11<\/span><\/a>Drottinn sag\u00f0i vi\u00f0 M\u00f3se: Hversu lengi mun \u00feessi \u00fej\u00f3\u00f0 halda \u00e1fram a\u00f0 fyrirl\u00edta mig, og hversu lengi munu \u00feeir vantreysta m\u00e9r, \u00fer\u00e1tt fyrir \u00f6ll \u00feau t\u00e1kn, sem \u00e9g hefi gj\u00f6rt me\u00f0al \u00feeirra?<a name=\"12\"><span class=\"versanumer\">12<\/span><\/a>Mun \u00e9g n\u00fa sl\u00e1 \u00fe\u00e1 me\u00f0 dreps\u00f3tt og tort\u00edma \u00feeim, en \u00feig mun \u00e9g gj\u00f6ra a\u00f0 \u00fej\u00f3\u00f0, meiri og voldugri en \u00feeir eru.<a name=\"13\"><span class=\"versanumer\">13<\/span><\/a>M\u00f3se sag\u00f0i vi\u00f0 Drottin: En Egyptar hafa heyrt, a\u00f0 \u00fe\u00fa hafir me\u00f0 m\u00e6tti \u00fe\u00ednum flutt \u00feennan l\u00fd\u00f0 burt fr\u00e1 \u00feeim,<a name=\"14\"><span class=\"versanumer\">14<\/span><\/a>og \u00feeir hafa sagt \u00fea\u00f0 \u00edb\u00faum \u00feessa lands. \u00deeir hafa heyrt, a\u00f0 \u00fe\u00fa, Drottinn, s\u00e9rt me\u00f0al \u00feessa f\u00f3lks, a\u00f0 \u00fe\u00fa, Drottinn, hafir birst \u00feeim augliti til auglitis, og a\u00f0 sk\u00fd \u00feitt standi yfir \u00feeim og a\u00f0 \u00fe\u00fa gangir fyrir \u00feeim \u00ed sk\u00fdst\u00f3lpa um daga og \u00ed eldst\u00f3lpa um n\u00e6tur.<a name=\"15\"><span class=\"versanumer\">15<\/span><\/a>Ef \u00fe\u00fa n\u00fa drepur f\u00f3lk \u00feetta sem einn mann, munu \u00fej\u00f3\u00f0ir \u00fe\u00e6r, er spurnir hafa af \u00fe\u00e9r haft, m\u00e6la \u00e1 \u00feessa lei\u00f0:<a name=\"16\"><span class=\"versanumer\">16<\/span><\/a>Af \u00fev\u00ed a\u00f0 Drottinn megna\u00f0i eigi a\u00f0 lei\u00f0a \u00feennan l\u00fd\u00f0 inn \u00ed landi\u00f0, sem hann haf\u00f0i svari\u00f0 \u00feeim, \u00fe\u00e1 sl\u00e1tra\u00f0i hann \u00feeim \u00ed ey\u00f0im\u00f6rkinni.<a name=\"17\"><span class=\"versanumer\">17<\/span><\/a>S\u00fdn n\u00fa m\u00e1tt \u00feinn mikinn, Drottinn minn, eins og \u00fe\u00fa hefir heiti\u00f0, \u00fe\u00e1 er \u00fe\u00fa sag\u00f0ir:<a name=\"18\"><span class=\"versanumer\">18<\/span><\/a>Drottinn er \u00feolinm\u00f3\u00f0ur og g\u00e6skur\u00edkur, fyrirgefur misgj\u00f6r\u00f0ir og afbrot, en l\u00e6tur \u00feau \u00fe\u00f3 eigi me\u00f0 \u00f6llu \u00f3hegnd, heldur vitjar misgj\u00f6r\u00f0a fe\u00f0ranna \u00e1 b\u00f6rnunum, j\u00e1 \u00ed \u00feri\u00f0ja og fj\u00f3r\u00f0a li\u00f0.<a name=\"19\"><span class=\"versanumer\">19<\/span><\/a>Fyrirgef misgj\u00f6r\u00f0ir \u00feessa f\u00f3lks eftir mikilli miskunn \u00feinni og eins og \u00fe\u00fa hefir fyrirgefi\u00f0 \u00feessu f\u00f3lki fr\u00e1 Egyptalandi og hinga\u00f0.<a name=\"20\"><span class=\"versanumer\">20<\/span><\/a>Drottinn sag\u00f0i: \u00c9g fyrirgef, eins og \u00fe\u00fa bi\u00f0ur.<a name=\"21\"><span class=\"versanumer\">21<\/span><\/a>En svo sannarlega sem \u00e9g lifi og \u00f6ll j\u00f6r\u00f0in er full af d\u00fdr\u00f0 Drottins:<a name=\"22\"><span class=\"versanumer\">22<\/span><\/a>Allir \u00feeir menn, sem s\u00e9\u00f0 hafa d\u00fdr\u00f0 m\u00edna og t\u00e1kn m\u00edn, \u00feau er \u00e9g gj\u00f6r\u00f0i \u00ed Egyptalandi og \u00ed ey\u00f0im\u00f6rkinni, og n\u00fa hafa freista\u00f0 m\u00edn t\u00edu sinnum og \u00f3hl\u00fd\u00f0nast r\u00f6ddu minni,<a name=\"23\"><span class=\"versanumer\">23<\/span><\/a>\u00feeir skulu vissulega ekki sj\u00e1 landi\u00f0, sem \u00e9g s\u00f3r fe\u00f0rum \u00feeirra. Og engir \u00feeirra manna, sem mig hafa fyrirliti\u00f0, skulu sj\u00e1 \u00fea\u00f0.<a name=\"24\"><span class=\"versanumer\">24<\/span><\/a>En af \u00fev\u00ed a\u00f0 annar andi er yfir \u00fej\u00f3ni m\u00ednum Kaleb, og af \u00fev\u00ed a\u00f0 hann hefir fylgt m\u00e9r tr\u00falega, \u00fe\u00e1 vil \u00e9g lei\u00f0a hann inn \u00ed landi\u00f0, sem hann f\u00f3r til, og ni\u00f0jar hans skulu eignast \u00fea\u00f0.<a name=\"25\"><span class=\"versanumer\">25<\/span><\/a>En Amalek\u00edtar og Kanaan\u00edtar b\u00faa \u00e1 l\u00e1glendinu. Sn\u00fai\u00f0 vi\u00f0 \u00e1 morgun og fari\u00f0 \u00ed ey\u00f0im\u00f6rkina lei\u00f0ina til Sefhafs.<a name=\"26\"><span class=\"versanumer\">26<\/span><\/a>Drottinn tala\u00f0i vi\u00f0 M\u00f3se og Aron og sag\u00f0i:<a name=\"27\"><span class=\"versanumer\">27<\/span><\/a>Hversu lengi \u00e1 \u00e9g a\u00f0 umbera \u00feennan illa l\u00fd\u00f0, sem m\u00f6glar \u00ed gegn m\u00e9r? \u00c9g hefi heyrt kurr \u00cdsraelsmanna, er \u00feeir hafa gj\u00f6rt \u00ed gegn m\u00e9r.<a name=\"28\"><span class=\"versanumer\">28<\/span><\/a>Seg \u00fe\u00fa \u00feeim: Svo sannarlega sem \u00e9g lifi segir Drottinn, eins og \u00fe\u00e9r hafi\u00f0 tala\u00f0 \u00ed m\u00edn eyru, svo mun \u00e9g vi\u00f0 y\u00f0ur gj\u00f6ra.<a name=\"29\"><span class=\"versanumer\">29<\/span><\/a>\u00cd \u00feessari ey\u00f0im\u00f6rk skulu\u00f0 \u00fe\u00e9r dau\u00f0ir hn\u00edga, allir \u00fe\u00e9r, sem taldir voru\u00f0, me\u00f0 fullri t\u00f6lu, fr\u00e1 tv\u00edtugs aldri og \u00fea\u00f0an af eldri, \u00fe\u00e9r sem m\u00f6gla\u00f0 hafi\u00f0 \u00ed gegn m\u00e9r.<a name=\"30\"><span class=\"versanumer\">30<\/span><\/a>\u00de\u00e9r skulu\u00f0 vissulega ekki koma inn \u00ed landi\u00f0, sem \u00e9g s\u00f3r a\u00f0 gefa y\u00f0ur til b\u00fasta\u00f0ar, nema Kaleb Jef\u00fanneson og J\u00f3s\u00faa N\u00fansson.<a name=\"31\"><span class=\"versanumer\">31<\/span><\/a>En b\u00f6rn y\u00f0ar, er \u00fe\u00e9r s\u00f6g\u00f0u\u00f0 a\u00f0 ver\u00f0a mundu a\u00f0 herfangi, \u00feau mun \u00e9g flytja \u00feanga\u00f0, og \u00feau munu f\u00e1 a\u00f0 kynnast landinu, sem \u00fe\u00e9r h\u00f6fnu\u00f0u\u00f0.<a name=\"32\"><span class=\"versanumer\">32<\/span><\/a>En sj\u00e1lfir skulu\u00f0 \u00fe\u00e9r dau\u00f0ir hn\u00edga \u00ed \u00feessari ey\u00f0im\u00f6rk.<a name=\"33\"><span class=\"versanumer\">33<\/span><\/a>Og synir y\u00f0ar skulu fara me\u00f0 hjar\u00f0ir um ey\u00f0im\u00f6rkina \u00ed fj\u00f6rut\u00edu \u00e1r og gjalda fr\u00e1hvarfs y\u00f0ar, uns \u00fe\u00e9r allir liggi\u00f0 dau\u00f0ir \u00ed ey\u00f0im\u00f6rkinni.<a name=\"34\"><span class=\"versanumer\">34<\/span><\/a>Eins og \u00fe\u00e9r voru\u00f0 \u00ed fj\u00f6rut\u00edu daga a\u00f0 kanna landi\u00f0, svo skulu\u00f0 \u00fe\u00e9r bera misgj\u00f6r\u00f0 y\u00f0ar \u00ed fj\u00f6rut\u00edu \u00e1r, eitt \u00e1r fyrir hvern dag, og f\u00e1 a\u00f0 reyna, hva\u00f0 \u00fea\u00f0 er a\u00f0 vera yfirgefinn af m\u00e9r.<a name=\"35\"><span class=\"versanumer\">35<\/span><\/a>\u00c9g Drottinn hefi sagt: Sannarlega mun \u00e9g svo gj\u00f6ra vi\u00f0 allan \u00feennan illa l\u00fd\u00f0, sem gj\u00f6rt hefir sambl\u00e1stur m\u00f3ti m\u00e9r. \u00cd \u00feessari ey\u00f0im\u00f6rk skulu \u00feeir farast og \u00fear skulu \u00feeir deyja.<a name=\"36\"><span class=\"versanumer\">36<\/span><\/a>\u00deeir menn, sem M\u00f3se haf\u00f0i sent til a\u00f0 kanna landi\u00f0 og aftur hurfu og komu \u00f6llum l\u00fd\u00f0num til a\u00f0 m\u00f6gla m\u00f3ti honum me\u00f0 \u00fev\u00ed a\u00f0 segja illt af landinu,<a name=\"37\"><span class=\"versanumer\">37<\/span><\/a>\u00feeir menn, sem lasta\u00f0 h\u00f6f\u00f0u landi\u00f0, bi\u00f0u br\u00e1\u00f0an bana fyrir augliti Drottins.<a name=\"38\"><span class=\"versanumer\">38<\/span><\/a>En J\u00f3s\u00faa N\u00fansson og Kaleb Jef\u00fanneson lif\u00f0u eftir af \u00feeim m\u00f6nnum, sem fari\u00f0 h\u00f6f\u00f0u a\u00f0 kanna landi\u00f0.<a name=\"39\"><span class=\"versanumer\">39<\/span><\/a>M\u00f3se flutti \u00f6llum \u00cdsraelsm\u00f6nnum \u00feessi or\u00f0. Var\u00f0 f\u00f3lki\u00f0 \u00fe\u00e1 mj\u00f6g sorgbiti\u00f0.<a name=\"40\"><span class=\"versanumer\">40<\/span><\/a>Og \u00feeir risu \u00e1rla um morguninn og gengu upp \u00e1 fjallshrygginn og s\u00f6g\u00f0u: H\u00e9r erum v\u00e9r! Viljum v\u00e9r n\u00fa fara til \u00feess sta\u00f0ar, sem Drottinn hefir tala\u00f0 um, \u00fev\u00ed a\u00f0 v\u00e9r h\u00f6fum syndga\u00f0!<a name=\"41\"><span class=\"versanumer\">41<\/span><\/a>\u00de\u00e1 m\u00e6lti M\u00f3se: Hv\u00ed brj\u00f3ti\u00f0 \u00fe\u00e9r bo\u00f0 Drottins? \u00dea\u00f0 mun eigi l\u00e1nast!<a name=\"42\"><span class=\"versanumer\">42<\/span><\/a>Fari\u00f0 eigi, \u00fev\u00ed a\u00f0 Drottinn er eigi me\u00f0al y\u00f0ar, svo a\u00f0 \u00fe\u00e9r b\u00ed\u00f0i\u00f0 eigi \u00f3sigur fyrir \u00f3vinum y\u00f0ar.<a name=\"43\"><span class=\"versanumer\">43<\/span><\/a>Amalek\u00edtar og Kanaan\u00edtar eru \u00fear fyrir y\u00f0ur, og \u00fe\u00e9r munu\u00f0 falla fyrir sver\u00f0i. S\u00f6kum \u00feess a\u00f0 \u00fe\u00e9r hafi\u00f0 sn\u00fai\u00f0 baki vi\u00f0 Drottni, mun Drottinn eigi me\u00f0 y\u00f0ur vera.<a name=\"44\"><span class=\"versanumer\">44<\/span><\/a>En \u00feeir l\u00e9tu eigi af \u00fer\u00e1lyndi s\u00ednu og f\u00f3ru upp \u00e1 fjallstindinn, en s\u00e1ttm\u00e1ls\u00f6rk Drottins og M\u00f3se viku eigi \u00far herb\u00fa\u00f0unum.<a name=\"45\"><span class=\"versanumer\">45<\/span><\/a>\u00de\u00e1 komu Amalek\u00edtar og Kanaan\u00edtar, er \u00e1 fjalli \u00feessu bjuggu, ofan, unnu sigur \u00e1 \u00feeim og tv\u00edstru\u00f0u \u00feeim alla lei\u00f0 til Horma.<\/p>\n<div class=\"footnote1981\"><b>14.2<\/b> M\u00f6gla\u00f0 gegn M\u00f3se 4M\u00f3s 17.6; 20.3; 21.5; 2M\u00f3s 14.11-12; 16.3<br \/>\n<b>14.4<\/b> Til Egyptalands 2Kon 25.26; Jer 42.1-43.7<br \/>\n<b>14.10<\/b> D\u00fdr\u00f0 Drottins 3M\u00f3s 9.23+<br \/>\n<b>14.11<\/b> Fyrirb\u00e6n M\u00f3se 2M\u00f3s 32.9-13; 5M\u00f3s 9.25-29<br \/>\n<b>14.14<\/b> \u00cd sk\u00fdst\u00f3lpa 4M\u00f3s 9.15-16; 2M\u00f3s 13.21-22<br \/>\n<b>14.18<\/b> Drottinn 2M\u00f3s 20.5-6; 34.6-7; 5M\u00f3s 5.9-10; J\u00f3n 4.2<br \/>\n<b>14.21<\/b> \u00d6ll j\u00f6r\u00f0in Jes 6.3; Slm 57.6; 72.19; R\u00f3m 1.20<br \/>\n<b>14.23<\/b> Ekki sj\u00e1 landi\u00f0 Slm 95.11; Heb 3.18<br \/>\n<b>14.24<\/b> Ni\u00f0jar hans J\u00f3s 14.6-15; D\u00f3m 1.20<br \/>\n<b>14.25<\/b> Sn\u00fai\u00f0 vi\u00f0 5M\u00f3s 1.40<br \/>\n<b>14.29<\/b> L\u00edk ykkar Heb 3.17<br \/>\n<b>14.33<\/b> Fj\u00f6rut\u00edu \u00e1r Post 7.36<br \/>\n<b>14.43<\/b> Ekki me\u00f0 ykkur 5M\u00f3s 1.42-44<br \/>\n<b>14.44<\/b> \u00d6rkin 4M\u00f3s 10.35; 1Sam 4.1-11<\/div>\n","protected":false},"excerpt":{"rendered":"<p>1\u00de\u00e1 \u00e6pti allur s\u00f6fnu\u00f0urinn upp yfir sig, og f\u00f3lki\u00f0 gr\u00e9t \u00fe\u00e1 n\u00f3tt.2Og allir \u00cdsraelsmenn m\u00f6glu\u00f0u gegn M\u00f3se og Aroni, og allur s\u00f6fnu\u00f0urinn sag\u00f0i vi\u00f0 \u00fe\u00e1: Gu\u00f0 g\u00e6fi, a\u00f0 v\u00e9r hef\u00f0um d\u00e1i\u00f0 \u00ed Egyptalandi e\u00f0a v\u00e9r hef\u00f0um d\u00e1i\u00f0 \u00ed \u00feessari ey\u00f0im\u00f6rk!3Hv\u00ed lei\u00f0ir Drottinn oss inn \u00ed \u00feetta land til \u00feess a\u00f0 falla fyrir sver\u00f0i? Konur vorar og b\u00f6rn munu ver\u00f0a a\u00f0 herfangi. Mun oss eigi betra a\u00f0 sn\u00faa aftur til Egyptalands?4Og \u00feeir s\u00f6g\u00f0u hver vi\u00f0 annan: T\u00f6kum oss foringja og hverfum aftur til Egyptalands!5\u00de\u00e1 f\u00e9llu \u00feeir M\u00f3se og Aron \u00e1 \u00e1sj\u00f3nur s\u00ednar frammi fyrir allri samkomu safna\u00f0ar \u00cdsraelsmanna.6En J\u00f3s\u00faa N\u00fansson og <a href=\"https:\/\/biblian.is\/1981\/fjorda-mosebok-14-kafli\/\"> [&#8230;]<\/a><\/p>\n","protected":false},"author":1,"featured_media":0,"parent":0,"menu_order":0,"comment_status":"open","ping_status":"open","template":"bibliukaflar.php","meta":{"footnotes":""},"class_list":["post-1477","page","type-page","status-publish","hentry"],"_links":{"self":[{"href":"https:\/\/biblian.is\/1981\/wp-json\/wp\/v2\/pages\/1477","targetHints":{"allow":["GET"]}}],"collection":[{"href":"https:\/\/biblian.is\/1981\/wp-json\/wp\/v2\/pages"}],"about":[{"href":"https:\/\/biblian.is\/1981\/wp-json\/wp\/v2\/types\/page"}],"author":[{"embeddable":true,"href":"https:\/\/biblian.is\/1981\/wp-json\/wp\/v2\/users\/1"}],"replies":[{"embeddable":true,"href":"https:\/\/biblian.is\/1981\/wp-json\/wp\/v2\/comments?post=1477"}],"version-history":[{"count":0,"href":"https:\/\/biblian.is\/1981\/wp-json\/wp\/v2\/pages\/1477\/revisions"}],"wp:attachment":[{"href":"https:\/\/biblian.is\/1981\/wp-json\/wp\/v2\/media?parent=1477"}],"curies":[{"name":"wp","href":"https:\/\/api.w.org\/{rel}","templated":true}]}}