{"id":1476,"date":"2017-11-18T20:17:28","date_gmt":"2017-11-18T20:17:28","guid":{"rendered":"http:\/\/biblian.is\/1981\/fjorda-mosebok-13-kafli\/"},"modified":"2021-06-06T10:56:34","modified_gmt":"2021-06-06T10:56:34","slug":"fjorda-mosebok-13-kafli","status":"publish","type":"page","link":"https:\/\/biblian.is\/1981\/fjorda-mosebok-13-kafli\/","title":{"rendered":"Fj\u00f3r\u00f0a M\u00f3seb\u00f3k 13. kafli"},"content":{"rendered":"<p><a name=\"1\"><span class=\"versanumer\">1<\/span><\/a>Drottinn tala\u00f0i vi\u00f0 M\u00f3se og sag\u00f0i:<a name=\"2\"><span class=\"versanumer\">2<\/span><\/a>Send \u00fe\u00fa menn til a\u00f0 kanna Kanaanland, er \u00e9g mun gefa \u00cdsraelsm\u00f6nnum. \u00de\u00e9r skulu\u00f0 senda einn mann af \u00e6ttkv\u00edsl hverri, og s\u00e9 hver \u00feeirra h\u00f6f\u00f0ingi me\u00f0al \u00feeirra.<a name=\"3\"><span class=\"versanumer\">3<\/span><\/a>Og M\u00f3se sendi \u00fe\u00e1 \u00far Paran-ey\u00f0im\u00f6rk a\u00f0 bo\u00f0i Drottins. \u00deeir menn voru allir h\u00f6fu\u00f0smenn me\u00f0al \u00cdsraelsmanna,<a name=\"4\"><span class=\"versanumer\">4<\/span><\/a>og \u00feessi eru n\u00f6fn \u00feeirra: Af \u00e6ttkv\u00edsl R\u00fabens: Samm\u00faa Sakk\u00farsson.<a name=\"5\"><span class=\"versanumer\">5<\/span><\/a>Af \u00e6ttkv\u00edsl S\u00edmeons: Safat H\u00f3r\u00edson.<a name=\"6\"><span class=\"versanumer\">6<\/span><\/a>Af \u00e6ttkv\u00edsl J\u00fada: Kaleb Jef\u00fanneson.<a name=\"7\"><span class=\"versanumer\">7<\/span><\/a>Af \u00e6ttkv\u00edsl \u00cdssakars: J\u00edgeal J\u00f3sefsson.<a name=\"8\"><span class=\"versanumer\">8<\/span><\/a>Af \u00e6ttkv\u00edsl Efra\u00edms: H\u00f3sea N\u00fansson.<a name=\"9\"><span class=\"versanumer\">9<\/span><\/a>Af \u00e6ttkv\u00edsl Benjam\u00edns: Palt\u00ed Raf\u00fason.<a name=\"10\"><span class=\"versanumer\">10<\/span><\/a>Af \u00e6ttkv\u00edsl Seb\u00falons: Gadd\u00edel S\u00f3d\u00edson.<a name=\"11\"><span class=\"versanumer\">11<\/span><\/a>Af \u00e6ttkv\u00edsl J\u00f3sefs, af \u00e6ttkv\u00edsl Manasse: Gadd\u00ed S\u00fas\u00edson.<a name=\"12\"><span class=\"versanumer\">12<\/span><\/a>Af \u00e6ttkv\u00edsl Dans: Amm\u00edel Gemall\u00edson.<a name=\"13\"><span class=\"versanumer\">13<\/span><\/a>Af \u00e6ttkv\u00edsl Assers: Set\u00far M\u00edkaelsson.<a name=\"14\"><span class=\"versanumer\">14<\/span><\/a>Af \u00e6ttkv\u00edsl Naftal\u00ed: Nakb\u00ed Vofs\u00edson.<a name=\"15\"><span class=\"versanumer\">15<\/span><\/a>Af \u00e6ttkv\u00edsl Ga\u00f0s: Ge\u00fael Mak\u00edson.<a name=\"16\"><span class=\"versanumer\">16<\/span><\/a>\u00deessi eru n\u00f6fn \u00feeirra manna, sem M\u00f3se sendi til a\u00f0 kanna landi\u00f0. En M\u00f3se kalla\u00f0i H\u00f3sea N\u00fansson J\u00f3s\u00faa.<a name=\"17\"><span class=\"versanumer\">17<\/span><\/a>M\u00f3se sendi \u00fe\u00e1 til a\u00f0 kanna Kanaanland og sag\u00f0i vi\u00f0 \u00fe\u00e1: Fari\u00f0 \u00fe\u00e9r inn \u00ed Su\u00f0urlandi\u00f0 og gangi\u00f0 \u00e1 fj\u00f6ll upp<a name=\"18\"><span class=\"versanumer\">18<\/span><\/a>og sko\u00f0i\u00f0 landi\u00f0, hvernig \u00fea\u00f0 er, og f\u00f3lki\u00f0, sem \u00ed \u00fev\u00ed b\u00fdr, hvort \u00fea\u00f0 er hraustlegt e\u00f0a veiklegt, f\u00e1tt e\u00f0a margt,<a name=\"19\"><span class=\"versanumer\">19<\/span><\/a>og hvernig landi\u00f0 er, sem \u00fea\u00f0 b\u00fdr \u00ed, hvort \u00fea\u00f0 er gott e\u00f0a illt, og hvernig b\u00e6irnir eru, sem \u00fea\u00f0 b\u00fdr \u00ed, hvort \u00fea\u00f0 eru tj\u00f6ld e\u00f0a v\u00edggirtar borgir,<a name=\"20\"><span class=\"versanumer\">20<\/span><\/a>og hvernig landi\u00f0 er, hvort \u00fea\u00f0 er feitt e\u00f0a magurt, hvort \u00fear eru sk\u00f3gar e\u00f0a ekki. Og veri\u00f0 hugrakkir og komi\u00f0 me\u00f0 nokku\u00f0 af \u00e1v\u00f6xtum landsins. En \u00feetta var \u00e1 \u00f6ndver\u00f0um v\u00ednberjat\u00edma.<a name=\"21\"><span class=\"versanumer\">21<\/span><\/a>H\u00e9ldu \u00feeir n\u00fa nor\u00f0ur eftir og k\u00f6nnu\u00f0u landi\u00f0 fr\u00e1 S\u00edney\u00f0im\u00f6rk allt til Reh\u00f3b, \u00feanga\u00f0 sem lei\u00f0 liggur til Hamat.<a name=\"22\"><span class=\"versanumer\">22<\/span><\/a>\u00deeir f\u00f3ru inn \u00ed Su\u00f0urlandi\u00f0 og komu til Hebron. \u00dear voru \u00feeir Ah\u00edman, Sesa\u00ed og Talma\u00ed Anakssynir  en Hebron var reist sj\u00f6 \u00e1rum fyrr en S\u00f3an \u00ed Egyptalandi .<a name=\"23\"><span class=\"versanumer\">23<\/span><\/a>\u00deeir komu \u00ed Esk\u00f3ldal og sni\u00f0u \u00fear af v\u00ednvi\u00f0argrein me\u00f0 einum v\u00ednberjaklasa og b\u00e1ru hann tveir \u00e1 st\u00f6ng milli s\u00edn, \u00fear a\u00f0 auki nokkur granatepli og nokkrar f\u00edkjur.<a name=\"24\"><span class=\"versanumer\">24<\/span><\/a>Var sta\u00f0ur \u00feessi kalla\u00f0ur Esk\u00f3ldalur vegna klasans, sem \u00cdsraelsmenn sk\u00e1ru \u00fear af.<a name=\"25\"><span class=\"versanumer\">25<\/span><\/a>\u00deeir sneru aftur a\u00f0 fj\u00f6rut\u00edu d\u00f6gum li\u00f0num og h\u00f6f\u00f0u \u00fe\u00e1 kanna\u00f0 landi\u00f0.<a name=\"26\"><span class=\"versanumer\">26<\/span><\/a>Og \u00feeir h\u00e9ldu heimlei\u00f0is og komu til M\u00f3se og Arons og alls safna\u00f0ar \u00cdsraelsmanna \u00ed Paran-ey\u00f0im\u00f6rk, til Kades, og s\u00f6g\u00f0u \u00feeim og \u00f6llum s\u00f6fnu\u00f0inum af fer\u00f0um s\u00ednum og s\u00fdndu \u00feeim \u00e1v\u00f6xtu landsins.<a name=\"27\"><span class=\"versanumer\">27<\/span><\/a>\u00deeir s\u00f6g\u00f0u M\u00f3se fr\u00e1 og m\u00e6ltu: V\u00e9r komum \u00ed landi\u00f0, \u00feanga\u00f0 sem \u00fe\u00fa sendir oss, og a\u00f0 s\u00f6nnu fl\u00fdtur \u00fea\u00f0 \u00ed mj\u00f3lk og hunangi, og \u00feetta er \u00e1v\u00f6xtur \u00feess.<a name=\"28\"><span class=\"versanumer\">28<\/span><\/a>En \u00fea\u00f0 er hraust \u00fej\u00f3\u00f0, sem \u00ed landinu b\u00fdr, og borgirnar eru v\u00edggirtar og st\u00f3rar mj\u00f6g, og Anaks sonu s\u00e1um v\u00e9r \u00fear einnig.<a name=\"29\"><span class=\"versanumer\">29<\/span><\/a>Amalek\u00edtar byggja Su\u00f0urlandi\u00f0, og Het\u00edtar, Jeb\u00fas\u00edtar og Amor\u00edtar byggja fjalllendi\u00f0, og Kanaan\u00edtar b\u00faa vi\u00f0 sj\u00f3inn og me\u00f0fram J\u00f3rdan.<a name=\"30\"><span class=\"versanumer\">30<\/span><\/a>Kaleb st\u00f6\u00f0va\u00f0i kurr l\u00fd\u00f0sins gegn M\u00f3se og m\u00e6lti: F\u00f6rum \u00feanga\u00f0 og leggjum \u00fea\u00f0 undir oss, \u00fev\u00ed a\u00f0 v\u00e9r munum f\u00e1 unni\u00f0 \u00fea\u00f0.<a name=\"31\"><span class=\"versanumer\">31<\/span><\/a>En \u00feeir menn, er me\u00f0 honum h\u00f6f\u00f0u fari\u00f0, s\u00f6g\u00f0u: Oss er ofvaxi\u00f0 a\u00f0 fara m\u00f3t \u00feessari \u00fej\u00f3\u00f0, \u00fev\u00ed a\u00f0 h\u00fan er sterkari en v\u00e9r.<a name=\"32\"><span class=\"versanumer\">32<\/span><\/a>Og \u00feeir sem kanna\u00f0 h\u00f6f\u00f0u landi\u00f0, s\u00f6g\u00f0u \u00cdsraelsm\u00f6nnum illt af \u00fev\u00ed og m\u00e6ltu: Landi\u00f0, sem v\u00e9r f\u00f3rum um til \u00feess a\u00f0 kanna \u00fea\u00f0, er land sem etur upp \u00edb\u00faa s\u00edna, og allt f\u00f3lki\u00f0, sem v\u00e9r s\u00e1um \u00fear, eru risavaxnir menn.<a name=\"33\"><span class=\"versanumer\">33<\/span><\/a>Og v\u00e9r s\u00e1um \u00fear risa, Anakssonu, sem eru risa \u00e6ttar, og v\u00e9r vorum \u00ed augum sj\u00e1lfra vor sem engisprettur, og eins vorum v\u00e9r \u00ed \u00feeirra augum.<\/p>\n<div class=\"footnote1981\"><b>13.2<\/b> Nj\u00f3snamenn 5M\u00f3s 1.19-40; J\u00f3s 2.1-24; 7.2-3<br \/>\n<b>13.33<\/b> Risar 1M\u00f3s 6.4<\/div>\n","protected":false},"excerpt":{"rendered":"<p>1Drottinn tala\u00f0i vi\u00f0 M\u00f3se og sag\u00f0i:2Send \u00fe\u00fa menn til a\u00f0 kanna Kanaanland, er \u00e9g mun gefa \u00cdsraelsm\u00f6nnum. \u00de\u00e9r skulu\u00f0 senda einn mann af \u00e6ttkv\u00edsl hverri, og s\u00e9 hver \u00feeirra h\u00f6f\u00f0ingi me\u00f0al \u00feeirra.3Og M\u00f3se sendi \u00fe\u00e1 \u00far Paran-ey\u00f0im\u00f6rk a\u00f0 bo\u00f0i Drottins. \u00deeir menn voru allir h\u00f6fu\u00f0smenn me\u00f0al \u00cdsraelsmanna,4og \u00feessi eru n\u00f6fn \u00feeirra: Af \u00e6ttkv\u00edsl R\u00fabens: Samm\u00faa Sakk\u00farsson.5Af \u00e6ttkv\u00edsl S\u00edmeons: Safat H\u00f3r\u00edson.6Af \u00e6ttkv\u00edsl J\u00fada: Kaleb Jef\u00fanneson.7Af \u00e6ttkv\u00edsl \u00cdssakars: J\u00edgeal J\u00f3sefsson.8Af \u00e6ttkv\u00edsl Efra\u00edms: H\u00f3sea N\u00fansson.9Af \u00e6ttkv\u00edsl Benjam\u00edns: Palt\u00ed Raf\u00fason.10Af \u00e6ttkv\u00edsl Seb\u00falons: Gadd\u00edel S\u00f3d\u00edson.11Af \u00e6ttkv\u00edsl J\u00f3sefs, af \u00e6ttkv\u00edsl Manasse: Gadd\u00ed S\u00fas\u00edson.12Af \u00e6ttkv\u00edsl Dans: Amm\u00edel Gemall\u00edson.13Af \u00e6ttkv\u00edsl Assers: Set\u00far M\u00edkaelsson.14Af \u00e6ttkv\u00edsl Naftal\u00ed: Nakb\u00ed Vofs\u00edson.15Af \u00e6ttkv\u00edsl <a href=\"https:\/\/biblian.is\/1981\/fjorda-mosebok-13-kafli\/\"> [&#8230;]<\/a><\/p>\n","protected":false},"author":1,"featured_media":0,"parent":0,"menu_order":0,"comment_status":"open","ping_status":"open","template":"bibliukaflar.php","meta":{"footnotes":""},"class_list":["post-1476","page","type-page","status-publish","hentry"],"_links":{"self":[{"href":"https:\/\/biblian.is\/1981\/wp-json\/wp\/v2\/pages\/1476","targetHints":{"allow":["GET"]}}],"collection":[{"href":"https:\/\/biblian.is\/1981\/wp-json\/wp\/v2\/pages"}],"about":[{"href":"https:\/\/biblian.is\/1981\/wp-json\/wp\/v2\/types\/page"}],"author":[{"embeddable":true,"href":"https:\/\/biblian.is\/1981\/wp-json\/wp\/v2\/users\/1"}],"replies":[{"embeddable":true,"href":"https:\/\/biblian.is\/1981\/wp-json\/wp\/v2\/comments?post=1476"}],"version-history":[{"count":0,"href":"https:\/\/biblian.is\/1981\/wp-json\/wp\/v2\/pages\/1476\/revisions"}],"wp:attachment":[{"href":"https:\/\/biblian.is\/1981\/wp-json\/wp\/v2\/media?parent=1476"}],"curies":[{"name":"wp","href":"https:\/\/api.w.org\/{rel}","templated":true}]}}