{"id":1473,"date":"2017-11-18T20:17:28","date_gmt":"2017-11-18T20:17:28","guid":{"rendered":"http:\/\/biblian.is\/1981\/fjorda-mosebok-10-kafli\/"},"modified":"2021-06-06T10:51:23","modified_gmt":"2021-06-06T10:51:23","slug":"fjorda-mosebok-10-kafli","status":"publish","type":"page","link":"https:\/\/biblian.is\/1981\/fjorda-mosebok-10-kafli\/","title":{"rendered":"Fj\u00f3r\u00f0a M\u00f3seb\u00f3k 10. kafli"},"content":{"rendered":"<p><a name=\"1\"><span class=\"versanumer\">1<\/span><\/a>Drottinn tala\u00f0i vi\u00f0 M\u00f3se og sag\u00f0i:<a name=\"2\"><span class=\"versanumer\">2<\/span><\/a>Gj\u00f6r \u00fe\u00e9r tvo l\u00fa\u00f0ra af silfri. Me\u00f0 drifnu sm\u00ed\u00f0i skalt \u00fe\u00fa gj\u00f6ra \u00fe\u00e1. Skalt \u00fe\u00fa hafa \u00fe\u00e1 til a\u00f0 kalla saman s\u00f6fnu\u00f0inn og \u00fe\u00e1 er herinn tekur sig upp.<a name=\"3\"><span class=\"versanumer\">3<\/span><\/a>Og \u00feegar bl\u00e1si\u00f0 er \u00ed \u00fe\u00e1 b\u00e1\u00f0a, skal allur s\u00f6fnu\u00f0urinn koma saman hj\u00e1 \u00fe\u00e9r fyrir dyrum samfundatjaldsins.<a name=\"4\"><span class=\"versanumer\">4<\/span><\/a>En s\u00e9 eigi bl\u00e1si\u00f0 nema \u00ed annan \u00feeirra, \u00fe\u00e1 skulu foringjarnir koma til \u00fe\u00edn, h\u00f6fu\u00f0smenn \u00cdsraels \u00fe\u00fasunda.<a name=\"5\"><span class=\"versanumer\">5<\/span><\/a>\u00deegar \u00fe\u00e9r bl\u00e1si\u00f0 hvellt, skal herinn, sem tjaldar a\u00f0 austanver\u00f0u, leggja upp.<a name=\"6\"><span class=\"versanumer\">6<\/span><\/a>Og \u00feegar \u00fe\u00e9r bl\u00e1si\u00f0 hvellt \u00ed annan sinn, skal herinn, sem tjaldar a\u00f0 sunnanver\u00f0u, leggja upp. Skal bl\u00e1sa hvellt, \u00feegar leggja skal upp.<a name=\"7\"><span class=\"versanumer\">7<\/span><\/a>En \u00feegar safna \u00e1 saman s\u00f6fnu\u00f0inum, skulu \u00fe\u00e9r bl\u00e1sa, en \u00fe\u00f3 eigi hvellt.<a name=\"8\"><span class=\"versanumer\">8<\/span><\/a>Synir Arons, prestarnir, skulu bl\u00e1sa \u00ed l\u00fa\u00f0rana, og skal \u00fea\u00f0 vera \u00e6varandi l\u00f6gm\u00e1l fyrir y\u00f0ur fr\u00e1 kyni til kyns.<a name=\"9\"><span class=\"versanumer\">9<\/span><\/a>\u00de\u00e1 er \u00fe\u00e9r fari\u00f0 \u00ed str\u00ed\u00f0 \u00ed landi y\u00f0ar m\u00f3ti \u00f3vinum y\u00f0ar, sem \u00e1 y\u00f0ur herja, skulu\u00f0 \u00fe\u00e9r bl\u00e1sa hvellt \u00ed l\u00fa\u00f0rana, og mun y\u00f0ar minnst ver\u00f0a af Drottni, Gu\u00f0i y\u00f0ar, og \u00fe\u00e9r frelsa\u00f0ir ver\u00f0a fr\u00e1 fjandm\u00f6nnum y\u00f0ar.<a name=\"10\"><span class=\"versanumer\">10<\/span><\/a>\u00c1 gle\u00f0id\u00f6gum y\u00f0ar, \u00e1 l\u00f6gh\u00e1t\u00ed\u00f0um y\u00f0ar og \u00ed m\u00e1na\u00f0arbyrjun skulu\u00f0 \u00fe\u00e9r og bl\u00e1sa \u00ed l\u00fa\u00f0rana vi\u00f0 brennif\u00f3rnir y\u00f0ar og heillaf\u00f3rnir, og skulu \u00feeir vera y\u00f0ur til minningar frammi fyrir Gu\u00f0i y\u00f0ar. \u00c9g er Drottinn, Gu\u00f0 y\u00f0ar.<a name=\"11\"><span class=\"versanumer\">11<\/span><\/a>\u00c1 \u00f6\u00f0ru \u00e1ri, \u00ed \u00f6\u00f0rum m\u00e1nu\u00f0inum, \u00e1 tuttugasta degi m\u00e1na\u00f0arins h\u00f3fst sk\u00fdi\u00f0 upp fr\u00e1 s\u00e1ttm\u00e1lsb\u00fa\u00f0inni.<a name=\"12\"><span class=\"versanumer\">12<\/span><\/a>T\u00f3ku \u00cdsraelsmenn sig \u00fe\u00e1 upp eftir r\u00f6\u00f0 \u00far S\u00edna\u00ed-ey\u00f0im\u00f6rk, og sk\u00fdi\u00f0 nam sta\u00f0ar \u00ed Paran-ey\u00f0im\u00f6rk.<a name=\"13\"><span class=\"versanumer\">13<\/span><\/a>\u00deannig l\u00f6g\u00f0u \u00feeir upp \u00ed fyrsta skipti\u00f0 a\u00f0 bo\u00f0i Drottins, er M\u00f3se flutti.<a name=\"14\"><span class=\"versanumer\">14<\/span><\/a>T\u00f3k merki herb\u00fa\u00f0a J\u00fada sona sig fyrst upp eftir hersveitum \u00feeirra, en fyrir her hans var Nakson Amm\u00ednadabsson.<a name=\"15\"><span class=\"versanumer\">15<\/span><\/a>Og fyrir her \u00e6ttkv\u00edslar \u00cdssakars sona var Netanel S\u00faarsson.<a name=\"16\"><span class=\"versanumer\">16<\/span><\/a>Og fyrir her \u00e6ttkv\u00edslar Seb\u00falons sona var El\u00edab Hel\u00f3nsson.<a name=\"17\"><span class=\"versanumer\">17<\/span><\/a>Er b\u00fa\u00f0in var ofan tekin, t\u00f3ku Gersons synir og Merar\u00ed synir sig upp. B\u00e1ru \u00feeir b\u00fa\u00f0ina.<a name=\"18\"><span class=\"versanumer\">18<\/span><\/a>Merki R\u00fabens herb\u00fa\u00f0a t\u00f3k sig upp eftir hersveitum \u00feeirra, en fyrir her hans var El\u00eds\u00far Sede\u00farsson.<a name=\"19\"><span class=\"versanumer\">19<\/span><\/a>Og fyrir her \u00e6ttkv\u00edslar S\u00edmeons sona var Sel\u00fam\u00edel S\u00far\u00edsadda\u00edson.<a name=\"20\"><span class=\"versanumer\">20<\/span><\/a>Og fyrir her \u00e6ttkv\u00edslar Ga\u00f0s sona var Eljasaf Deg\u00faelsson.<a name=\"21\"><span class=\"versanumer\">21<\/span><\/a>\u00de\u00e1 t\u00f3ku Kahat\u00edtar sig upp. B\u00e1ru \u00feeir hina helgu d\u00f3ma. En b\u00fa\u00f0in skyldi sett upp, \u00e1\u00f0ur en \u00feeir k\u00e6mu.<a name=\"22\"><span class=\"versanumer\">22<\/span><\/a>Merki herb\u00fa\u00f0a Efra\u00edms sona t\u00f3k sig upp eftir hersveitum \u00feeirra, en fyrir her hans var El\u00edsama Amm\u00edh\u00fadsson.<a name=\"23\"><span class=\"versanumer\">23<\/span><\/a>Og fyrir her \u00e6ttkv\u00edslar Manasse sona var Gaml\u00edel Pedas\u00farsson.<a name=\"24\"><span class=\"versanumer\">24<\/span><\/a>Og fyrir her \u00e6ttkv\u00edslar Benjam\u00edns sona var Ab\u00eddan G\u00edde\u00f3n\u00edson.<a name=\"25\"><span class=\"versanumer\">25<\/span><\/a>Merki herb\u00fa\u00f0a Dans sona t\u00f3k sig upp eftir hersveitum \u00feeirra. F\u00f3r \u00fea\u00f0 s\u00ed\u00f0ast allra herb\u00fa\u00f0anna, en fyrir her hans var Ak\u00edeser Amm\u00edsadda\u00edson.<a name=\"26\"><span class=\"versanumer\">26<\/span><\/a>Og fyrir her \u00e6ttkv\u00edslar Assers sona var Pag\u00edel \u00d3kransson.<a name=\"27\"><span class=\"versanumer\">27<\/span><\/a>Og fyrir her \u00e6ttkv\u00edslar Naftal\u00ed sona var Ak\u00edra Enansson.<a name=\"28\"><span class=\"versanumer\">28<\/span><\/a>\u00deessi var r\u00f6\u00f0in \u00e1 \u00cdsraelsm\u00f6nnum eftir hersveitum \u00feeirra, er \u00feeir l\u00f6g\u00f0u upp.<a name=\"29\"><span class=\"versanumer\">29<\/span><\/a>\u00de\u00e1 sag\u00f0i M\u00f3se vi\u00f0 H\u00f3bab Reg\u00faelsson Mid\u00edan\u00edta, tengdaf\u00f6\u00f0ur M\u00f3se: V\u00e9r leggjum n\u00fa upp \u00e1lei\u00f0is til \u00feess sta\u00f0ar, sem Drottinn h\u00e9t, a\u00f0 hann mundi gefa oss. Kom \u00fe\u00fa me\u00f0 oss, og munum v\u00e9r gj\u00f6ra vel vi\u00f0 \u00feig, \u00fev\u00ed a\u00f0 Drottinn hefir heiti\u00f0 \u00cdsrael g\u00f3\u00f0u.<a name=\"30\"><span class=\"versanumer\">30<\/span><\/a>H\u00f3bab svara\u00f0i: Eigi vil \u00e9g fara, heldur mun \u00e9g halda heim \u00ed land mitt og til \u00e6ttf\u00f3lks m\u00edns.<a name=\"31\"><span class=\"versanumer\">31<\/span><\/a>En M\u00f3se sag\u00f0i: Eigi m\u00e1tt \u00fe\u00fa yfirgefa oss, af \u00fev\u00ed a\u00f0 \u00fe\u00fa veist, hvar v\u00e9r getum tjalda\u00f0 \u00ed ey\u00f0im\u00f6rkinni, og skalt \u00fe\u00fa vera oss sem auga.<a name=\"32\"><span class=\"versanumer\">32<\/span><\/a>Og farir \u00fe\u00fa me\u00f0 oss og oss hlotnast \u00feau g\u00e6\u00f0i, sem Drottinn vill veita oss, \u00fe\u00e1 munum v\u00e9r gj\u00f6ra vel vi\u00f0 \u00feig.<a name=\"33\"><span class=\"versanumer\">33<\/span><\/a>H\u00e9ldu \u00feeir n\u00fa fr\u00e1 fjalli Drottins \u00ferj\u00e1r daglei\u00f0ir, en s\u00e1ttm\u00e1ls\u00f6rk Drottins f\u00f3r \u00e1 undan \u00feeim \u00ferj\u00e1r daglei\u00f0ir til \u00feess a\u00f0 velja hv\u00edldarsta\u00f0 handa \u00feeim.<a name=\"34\"><span class=\"versanumer\">34<\/span><\/a>Og sk\u00fd Drottins var yfir \u00feeim \u00e1 daginn, er \u00feeir t\u00f3ku sig upp \u00far herb\u00fa\u00f0unum.<a name=\"35\"><span class=\"versanumer\">35<\/span><\/a>En er \u00f6rkin t\u00f3k sig upp, sag\u00f0i M\u00f3se: R\u00eds \u00fe\u00fa upp, Drottinn, svo a\u00f0 \u00f3vinir \u00fe\u00ednir tv\u00edstrist og fjendur \u00fe\u00ednir fl\u00fdi fyrir \u00fe\u00e9r.<a name=\"36\"><span class=\"versanumer\">36<\/span><\/a>Og er h\u00fan nam sta\u00f0ar, sag\u00f0i hann: Hverf \u00fe\u00fa aftur, Drottinn, til hinna t\u00edu \u00fe\u00fasund \u00fe\u00fasunda \u00cdsraels.<\/p>\n<div class=\"footnote1981\"><b>10.2<\/b> Kalla saman s\u00f6fnu\u00f0inn Matt 24.31+<br \/>\n<b>10.8<\/b> L\u00fa\u00f0urinn J\u00f3s 6.1-20<br \/>\n<b>10.10<\/b> Bl\u00e1si\u00f0 til h\u00e1t\u00ed\u00f0a 3M\u00f3s 25.9; 2Sam 6.15; 1Kon 1.39; 2Kon 9.13; 2Kro 15.14<br \/>\n<b>10.14<\/b> Brottf\u00f6r 4M\u00f3s 2.1-34<br \/>\n<b>10.17,21<\/b> Brottf\u00f6r lev\u00edtanna sbr 4M\u00f3s 2.17<br \/>\n<b>10.29<\/b> Heiti\u00f0 g\u00f3\u00f0u 1M\u00f3s 12.2-3<br \/>\n<b>10.33<\/b> \u00derj\u00e1r daglei\u00f0ir 2M\u00f3s 3.18; 5.3; 8.23<br \/>\n<b>10.35<\/b> R\u00eds \u00fe\u00fa upp, Dottinn Jes 33.3; Slm 68.2<\/div>\n","protected":false},"excerpt":{"rendered":"<p>1Drottinn tala\u00f0i vi\u00f0 M\u00f3se og sag\u00f0i:2Gj\u00f6r \u00fe\u00e9r tvo l\u00fa\u00f0ra af silfri. Me\u00f0 drifnu sm\u00ed\u00f0i skalt \u00fe\u00fa gj\u00f6ra \u00fe\u00e1. Skalt \u00fe\u00fa hafa \u00fe\u00e1 til a\u00f0 kalla saman s\u00f6fnu\u00f0inn og \u00fe\u00e1 er herinn tekur sig upp.3Og \u00feegar bl\u00e1si\u00f0 er \u00ed \u00fe\u00e1 b\u00e1\u00f0a, skal allur s\u00f6fnu\u00f0urinn koma saman hj\u00e1 \u00fe\u00e9r fyrir dyrum samfundatjaldsins.4En s\u00e9 eigi bl\u00e1si\u00f0 nema \u00ed annan \u00feeirra, \u00fe\u00e1 skulu foringjarnir koma til \u00fe\u00edn, h\u00f6fu\u00f0smenn \u00cdsraels \u00fe\u00fasunda.5\u00deegar \u00fe\u00e9r bl\u00e1si\u00f0 hvellt, skal herinn, sem tjaldar a\u00f0 austanver\u00f0u, leggja upp.6Og \u00feegar \u00fe\u00e9r bl\u00e1si\u00f0 hvellt \u00ed annan sinn, skal herinn, sem tjaldar a\u00f0 sunnanver\u00f0u, leggja upp. Skal bl\u00e1sa hvellt, \u00feegar leggja skal upp.7En \u00feegar <a href=\"https:\/\/biblian.is\/1981\/fjorda-mosebok-10-kafli\/\"> [&#8230;]<\/a><\/p>\n","protected":false},"author":1,"featured_media":0,"parent":0,"menu_order":0,"comment_status":"open","ping_status":"open","template":"bibliukaflar.php","meta":{"footnotes":""},"class_list":["post-1473","page","type-page","status-publish","hentry"],"_links":{"self":[{"href":"https:\/\/biblian.is\/1981\/wp-json\/wp\/v2\/pages\/1473","targetHints":{"allow":["GET"]}}],"collection":[{"href":"https:\/\/biblian.is\/1981\/wp-json\/wp\/v2\/pages"}],"about":[{"href":"https:\/\/biblian.is\/1981\/wp-json\/wp\/v2\/types\/page"}],"author":[{"embeddable":true,"href":"https:\/\/biblian.is\/1981\/wp-json\/wp\/v2\/users\/1"}],"replies":[{"embeddable":true,"href":"https:\/\/biblian.is\/1981\/wp-json\/wp\/v2\/comments?post=1473"}],"version-history":[{"count":0,"href":"https:\/\/biblian.is\/1981\/wp-json\/wp\/v2\/pages\/1473\/revisions"}],"wp:attachment":[{"href":"https:\/\/biblian.is\/1981\/wp-json\/wp\/v2\/media?parent=1473"}],"curies":[{"name":"wp","href":"https:\/\/api.w.org\/{rel}","templated":true}]}}