{"id":1471,"date":"2017-11-18T20:17:28","date_gmt":"2017-11-18T20:17:28","guid":{"rendered":"http:\/\/biblian.is\/1981\/fjorda-mosebok-8-kafli\/"},"modified":"2021-06-06T11:34:36","modified_gmt":"2021-06-06T11:34:36","slug":"fjorda-mosebok-8-kafli","status":"publish","type":"page","link":"https:\/\/biblian.is\/1981\/fjorda-mosebok-8-kafli\/","title":{"rendered":"Fj\u00f3r\u00f0a M\u00f3seb\u00f3k 8. kafli"},"content":{"rendered":"<p><a name=\"1\"><span class=\"versanumer\">1<\/span><\/a>Drottinn tala\u00f0i vi\u00f0 M\u00f3se og sag\u00f0i:<a name=\"2\"><span class=\"versanumer\">2<\/span><\/a>Tala \u00fe\u00fa vi\u00f0 Aron og seg vi\u00f0 hann: \u00de\u00e1 er \u00fe\u00fa setur upp lampana, skulu lamparnir sj\u00f6 varpa lj\u00f3si s\u00ednu fram undan lj\u00f3sastikunni.<a name=\"3\"><span class=\"versanumer\">3<\/span><\/a>Og Aron gj\u00f6r\u00f0i svo. Hann setti lampana upp framan \u00e1 lj\u00f3sastikuna, eins og Drottinn haf\u00f0i bo\u00f0i\u00f0 M\u00f3se.<a name=\"4\"><span class=\"versanumer\">4<\/span><\/a>\u00deetta var sm\u00ed\u00f0i\u00f0 \u00e1 lj\u00f3sastikunni: H\u00fan var gj\u00f6r af gulli me\u00f0 drifnu sm\u00ed\u00f0i, b\u00e6\u00f0i st\u00e9tt hennar og bl\u00f3m var drifi\u00f0 sm\u00ed\u00f0i. Haf\u00f0i hann gj\u00f6rt lj\u00f3sastikuna eftir fyrirmynd \u00feeirri, er Drottinn haf\u00f0i s\u00fdnt M\u00f3se.<a name=\"5\"><span class=\"versanumer\">5<\/span><\/a>Drottinn tala\u00f0i vi\u00f0 M\u00f3se og sag\u00f0i:<a name=\"6\"><span class=\"versanumer\">6<\/span><\/a>Skil \u00fe\u00fa lev\u00edtana \u00far \u00cdsraelsm\u00f6nnum og hreinsa \u00fe\u00e1.<a name=\"7\"><span class=\"versanumer\">7<\/span><\/a>Og \u00feetta skalt \u00fe\u00fa vi\u00f0 \u00fe\u00e1 gj\u00f6ra til \u00feess a\u00f0 hreinsa \u00fe\u00e1: St\u00f6kk \u00fe\u00fa \u00e1 \u00fe\u00e1 syndhreinsunarvatni, og \u00feeir skulu l\u00e1ta rakhn\u00edf ganga yfir allan l\u00edkama sinn og \u00fevo kl\u00e6\u00f0i s\u00edn og hreinsa sig.<a name=\"8\"><span class=\"versanumer\">8<\/span><\/a>Og \u00feeir skulu taka ungneyti og matf\u00f3rn, er \u00fev\u00ed fylgir, f\u00ednt mj\u00f6l ol\u00edublanda\u00f0, og anna\u00f0 ungneyti skalt \u00fe\u00fa taka \u00ed syndaf\u00f3rn.<a name=\"9\"><span class=\"versanumer\">9<\/span><\/a>S\u00ed\u00f0an skalt \u00fe\u00fa lei\u00f0a lev\u00edtana fram fyrir samfundatjaldi\u00f0 og safna saman \u00f6llum s\u00f6fnu\u00f0i \u00cdsraelsmanna.<a name=\"10\"><span class=\"versanumer\">10<\/span><\/a>Og \u00fe\u00fa skalt lei\u00f0a lev\u00edtana fram fyrir Drottin, og \u00cdsraelsmenn skulu leggja hendur s\u00ednar yfir \u00fe\u00e1.<a name=\"11\"><span class=\"versanumer\">11<\/span><\/a>Og Aron skal helga lev\u00edtana sem f\u00f3rn frammi fyrir Drottni af hendi \u00cdsraelsmanna, og skulu \u00feeir takast \u00e1 hendur a\u00f0 gegna \u00fej\u00f3nustu Drottins.<a name=\"12\"><span class=\"versanumer\">12<\/span><\/a>En lev\u00edtarnir skulu leggja hendur s\u00ednar \u00e1 h\u00f6fu\u00f0 nautanna. \u00d6\u00f0ru skal f\u00f3rna \u00ed syndaf\u00f3rn og hinu \u00ed brennif\u00f3rn Drottni til handa til \u00feess a\u00f0 fri\u00f0\u00fe\u00e6gja fyrir lev\u00edtana.<a name=\"13\"><span class=\"versanumer\">13<\/span><\/a>Og \u00fe\u00fa skalt lei\u00f0a \u00fe\u00e1 fram fyrir Aron og fram fyrir sonu hans og helga \u00fe\u00e1 sem f\u00f3rn Drottni til handa.<a name=\"14\"><span class=\"versanumer\">14<\/span><\/a>Og \u00fe\u00fa skalt greina \u00fe\u00e1 fr\u00e1 \u00cdsraelsm\u00f6nnum, svo a\u00f0 \u00feeir heyri m\u00e9r.<a name=\"15\"><span class=\"versanumer\">15<\/span><\/a>\u00dev\u00ed n\u00e6st skulu lev\u00edtarnir ganga inn til \u00feess a\u00f0 gegna \u00fej\u00f3nustu vi\u00f0 samfundatjaldi\u00f0, og \u00fe\u00fa skalt hreinsa \u00fe\u00e1 og helga \u00fe\u00e1 sem f\u00f3rn,<a name=\"16\"><span class=\"versanumer\">16<\/span><\/a>\u00fev\u00ed a\u00f0 \u00feeir eru gefnir m\u00e9r til fullkominnar eignar af \u00cdsraelsm\u00f6nnum. \u00cd sta\u00f0 alls \u00feess er opnar m\u00f3\u00f0url\u00edf, \u00ed sta\u00f0 allra frumbur\u00f0a me\u00f0al \u00cdsraelsmanna hefi \u00e9g teki\u00f0 \u00fe\u00e1 m\u00e9r til eignar,<a name=\"17\"><span class=\"versanumer\">17<\/span><\/a>\u00fev\u00ed a\u00f0 \u00e9g \u00e1 alla frumbur\u00f0i me\u00f0al \u00cdsraelsmanna, b\u00e6\u00f0i menn og skepnur. \u00c1 \u00feeim degi, er \u00e9g laust alla frumbur\u00f0i \u00ed Egyptalandi, helga\u00f0i \u00e9g m\u00e9r \u00fe\u00e1.<a name=\"18\"><span class=\"versanumer\">18<\/span><\/a>Og \u00e9g t\u00f3k lev\u00edtana \u00ed sta\u00f0 allra frumbur\u00f0a me\u00f0al \u00cdsraelsmanna.<a name=\"19\"><span class=\"versanumer\">19<\/span><\/a>Og \u00e9g gaf \u00fe\u00e1 Aroni og sonum hans til eignar af \u00cdsraelsm\u00f6nnum, til \u00feess a\u00f0 \u00feeir gegni \u00fej\u00f3nustu fyrir \u00cdsraelsmenn \u00ed samfundatjaldinu og til \u00feess a\u00f0 \u00feeir fri\u00f0\u00fe\u00e6gi fyrir \u00cdsraelsmenn, svo a\u00f0 eigi komi pl\u00e1ga yfir \u00cdsraelsmenn, \u00fe\u00e1 er \u00cdsraelsmenn koma n\u00e6rri helgid\u00f3minum.<a name=\"20\"><span class=\"versanumer\">20<\/span><\/a>M\u00f3se og Aron og allur s\u00f6fnu\u00f0ur \u00cdsraelsmanna gj\u00f6r\u00f0i svo vi\u00f0 lev\u00edtana. Gj\u00f6r\u00f0u \u00cdsraelsmenn a\u00f0 \u00f6llu leyti svo vi\u00f0 \u00fe\u00e1 sem Drottinn haf\u00f0i bo\u00f0i\u00f0 M\u00f3se um \u00fe\u00e1.<a name=\"21\"><span class=\"versanumer\">21<\/span><\/a>Lev\u00edtarnir syndhreinsu\u00f0u sig og \u00fevo\u00f0u kl\u00e6\u00f0i s\u00edn, og Aron helga\u00f0i \u00fe\u00e1 sem f\u00f3rn frammi fyrir Drottni, og Aron fri\u00f0\u00fe\u00e6g\u00f0i fyrir \u00fe\u00e1 til \u00feess a\u00f0 hreinsa \u00fe\u00e1.<a name=\"22\"><span class=\"versanumer\">22<\/span><\/a>Gengu lev\u00edtarnir \u00fev\u00ed n\u00e6st inn til \u00feess a\u00f0 gegna \u00fej\u00f3nustu sinni \u00ed samfundatjaldinu fyrir augliti Arons og fyrir augliti sona hans. Gj\u00f6r\u00f0u \u00feeir svo vi\u00f0 lev\u00edtana sem Drottinn haf\u00f0i bo\u00f0i\u00f0 M\u00f3se um \u00fe\u00e1.<a name=\"23\"><span class=\"versanumer\">23<\/span><\/a>Drottinn tala\u00f0i vi\u00f0 M\u00f3se og sag\u00f0i:<a name=\"24\"><span class=\"versanumer\">24<\/span><\/a>\u00deetta gildir um lev\u00edtana: Fr\u00e1 \u00fev\u00ed \u00feeir eru tuttugu og fimm \u00e1ra og \u00fea\u00f0an af eldri skulu \u00feeir koma til \u00feess a\u00f0 gegna her\u00fej\u00f3nustu me\u00f0 \u00fej\u00f3nustu \u00ed samfundatjaldinu.<a name=\"25\"><span class=\"versanumer\">25<\/span><\/a>En fr\u00e1 \u00fev\u00ed \u00feeir eru fimmtugir skulu \u00feeir l\u00e1ta af \u00fej\u00f3nustunni og eigi \u00fej\u00f3na framar.<a name=\"26\"><span class=\"versanumer\">26<\/span><\/a>\u00deeir mega veita br\u00e6\u00f0rum s\u00ednum a\u00f0sto\u00f0 \u00ed samfundatjaldinu og annast \u00fea\u00f0, sem annast ber, en \u00fej\u00f3nustu skulu \u00feeir eigi gegna. \u00deannig skalt \u00fe\u00fa fara me\u00f0 lev\u00edtana, a\u00f0 \u00fev\u00ed er kemur til s\u00fdslunar \u00feeirra.<\/p>\n<div class=\"footnote1981\"><b>8.2<\/b> Lj\u00f3sastikan 2M\u00f3s 27.20-21; 37.17-24; 3M\u00f3s 24.1-4; 1Sam 3.3<br \/>\n<b>8.6<\/b> Heinsa \u00fe\u00e1 3M\u00f3s 8.6<br \/>\n<b>8.7<\/b> Rakstur og \u00fevottur sbr 3M\u00f3s 14.8-9<br \/>\n<b>8.11<\/b> \u00dej\u00f3nusta vi\u00f0 Drottin 4M\u00f3s 3.6-8<br \/>\n<b>8.13<\/b> Fyrir Aron 4M\u00f3s 3.6<br \/>\n<b>8.16<\/b> Til handa 4M\u00f3s 3.9; 18.6; Esr 2.43; 8.20 \u2013 \u00ed sta\u00f0 &#8230; 4M\u00f3s 3.12<br \/>\n<b>8.17<\/b> Allir frumbur\u00f0ir 4M\u00f3s 3.13; 2M\u00f3s 13.2<br \/>\n<b>8.18<\/b> Lev\u00edtarnir 4M\u00f3s 3.41+<br \/>\n<b>8.19<\/b> N\u00e1lgast helgid\u00f3minn 4M\u00f3s 17.28; 18.22<br \/>\n<b>8.24<\/b> Tuttugu og fimm \u00e1ra sbr 4M\u00f3s 4.3+<\/div>\n","protected":false},"excerpt":{"rendered":"<p>1Drottinn tala\u00f0i vi\u00f0 M\u00f3se og sag\u00f0i:2Tala \u00fe\u00fa vi\u00f0 Aron og seg vi\u00f0 hann: \u00de\u00e1 er \u00fe\u00fa setur upp lampana, skulu lamparnir sj\u00f6 varpa lj\u00f3si s\u00ednu fram undan lj\u00f3sastikunni.3Og Aron gj\u00f6r\u00f0i svo. Hann setti lampana upp framan \u00e1 lj\u00f3sastikuna, eins og Drottinn haf\u00f0i bo\u00f0i\u00f0 M\u00f3se.4\u00deetta var sm\u00ed\u00f0i\u00f0 \u00e1 lj\u00f3sastikunni: H\u00fan var gj\u00f6r af gulli me\u00f0 drifnu sm\u00ed\u00f0i, b\u00e6\u00f0i st\u00e9tt hennar og bl\u00f3m var drifi\u00f0 sm\u00ed\u00f0i. Haf\u00f0i hann gj\u00f6rt lj\u00f3sastikuna eftir fyrirmynd \u00feeirri, er Drottinn haf\u00f0i s\u00fdnt M\u00f3se.5Drottinn tala\u00f0i vi\u00f0 M\u00f3se og sag\u00f0i:6Skil \u00fe\u00fa lev\u00edtana \u00far \u00cdsraelsm\u00f6nnum og hreinsa \u00fe\u00e1.7Og \u00feetta skalt \u00fe\u00fa vi\u00f0 \u00fe\u00e1 gj\u00f6ra til \u00feess a\u00f0 hreinsa \u00fe\u00e1: St\u00f6kk <a href=\"https:\/\/biblian.is\/1981\/fjorda-mosebok-8-kafli\/\"> [&#8230;]<\/a><\/p>\n","protected":false},"author":1,"featured_media":0,"parent":0,"menu_order":0,"comment_status":"open","ping_status":"open","template":"bibliukaflar.php","meta":{"footnotes":""},"class_list":["post-1471","page","type-page","status-publish","hentry"],"_links":{"self":[{"href":"https:\/\/biblian.is\/1981\/wp-json\/wp\/v2\/pages\/1471","targetHints":{"allow":["GET"]}}],"collection":[{"href":"https:\/\/biblian.is\/1981\/wp-json\/wp\/v2\/pages"}],"about":[{"href":"https:\/\/biblian.is\/1981\/wp-json\/wp\/v2\/types\/page"}],"author":[{"embeddable":true,"href":"https:\/\/biblian.is\/1981\/wp-json\/wp\/v2\/users\/1"}],"replies":[{"embeddable":true,"href":"https:\/\/biblian.is\/1981\/wp-json\/wp\/v2\/comments?post=1471"}],"version-history":[{"count":0,"href":"https:\/\/biblian.is\/1981\/wp-json\/wp\/v2\/pages\/1471\/revisions"}],"wp:attachment":[{"href":"https:\/\/biblian.is\/1981\/wp-json\/wp\/v2\/media?parent=1471"}],"curies":[{"name":"wp","href":"https:\/\/api.w.org\/{rel}","templated":true}]}}