{"id":1470,"date":"2017-11-18T20:17:28","date_gmt":"2017-11-18T20:17:28","guid":{"rendered":"http:\/\/biblian.is\/1981\/fjorda-mosebok-7-kafli\/"},"modified":"2021-06-06T10:56:44","modified_gmt":"2021-06-06T10:56:44","slug":"fjorda-mosebok-7-kafli","status":"publish","type":"page","link":"https:\/\/biblian.is\/1981\/fjorda-mosebok-7-kafli\/","title":{"rendered":"Fj\u00f3r\u00f0a M\u00f3seb\u00f3k 7. kafli"},"content":{"rendered":"<p><a name=\"1\"><span class=\"versanumer\">1<\/span><\/a>\u00de\u00e1 er M\u00f3se haf\u00f0i loki\u00f0 vi\u00f0 a\u00f0 reisa b\u00fa\u00f0ina og haf\u00f0i smurt hana og v\u00edgt og \u00f6ll \u00e1h\u00f6ld hennar og smurt og v\u00edgt altari\u00f0 og \u00f6ll \u00e1h\u00f6ld \u00feess,<a name=\"2\"><span class=\"versanumer\">2<\/span><\/a>f\u00e6r\u00f0u h\u00f6fu\u00f0smenn \u00cdsraels f\u00f3rnir, foringjar fyrir \u00e6ttum \u00feeirra \u00fea\u00f0 er h\u00f6fu\u00f0smenn \u00e6ttkv\u00edslanna, forst\u00f6\u00f0umenn hinna t\u00f6ldu,<a name=\"3\"><span class=\"versanumer\">3<\/span><\/a>og \u00feeir f\u00e6r\u00f0u f\u00f3rnargj\u00f6f s\u00edna fram fyrir Drottin, sex sk\u00fdlisvagna og t\u00f3lf naut, einn vagn fyrir hverja tvo h\u00f6fu\u00f0smenn, og naut fyrir hvern \u00feeirra. F\u00e6r\u00f0u \u00feeir \u00feetta fram fyrir b\u00fa\u00f0ina.<a name=\"4\"><span class=\"versanumer\">4<\/span><\/a>Drottinn tala\u00f0i vi\u00f0 M\u00f3se og sag\u00f0i:<a name=\"5\"><span class=\"versanumer\">5<\/span><\/a>Tak \u00fe\u00fa vi\u00f0 \u00feessu af \u00feeim, og \u00fea\u00f0 s\u00e9 haft til \u00fej\u00f3nustugj\u00f6r\u00f0ar vi\u00f0 samfundatjaldi\u00f0, og f\u00e1 \u00fe\u00fa \u00feetta lev\u00edtunum, eftir \u00fev\u00ed sem \u00fej\u00f3nusta hvers eins er til.<a name=\"6\"><span class=\"versanumer\">6<\/span><\/a>\u00de\u00e1 t\u00f3k M\u00f3se vagnana og nautin og seldi \u00fea\u00f0 lev\u00edtunum \u00ed hendur.<a name=\"7\"><span class=\"versanumer\">7<\/span><\/a>Gersons sonum f\u00e9kk hann tvo vagna og fj\u00f6gur naut, eftir \u00fej\u00f3nustu \u00feeirra.<a name=\"8\"><span class=\"versanumer\">8<\/span><\/a>Og Merar\u00ed sonum f\u00e9kk hann fj\u00f3ra vagna og \u00e1tta naut, eftir \u00fej\u00f3nustu \u00feeirra undir umsj\u00f3n \u00cdtamars, Aronssonar prests.<a name=\"9\"><span class=\"versanumer\">9<\/span><\/a>En Kahats sonum f\u00e9kk hann ekkert, \u00fev\u00ed a\u00f0 \u00e1 \u00feeim hv\u00edldi \u00fej\u00f3nusta hinna helgu d\u00f3ma. Skyldu \u00feeir bera \u00fe\u00e1 \u00e1 her\u00f0um s\u00e9r.<a name=\"10\"><span class=\"versanumer\">10<\/span><\/a>H\u00f6fu\u00f0smennirnir f\u00e6r\u00f0u gjafir til v\u00edgslu altarisins daginn sem \u00fea\u00f0 var smurt, og \u00feeir f\u00e6r\u00f0u f\u00f3rnargj\u00f6f s\u00edna fram fyrir altari\u00f0.<a name=\"11\"><span class=\"versanumer\">11<\/span><\/a>\u00de\u00e1 sag\u00f0i Drottinn vi\u00f0 M\u00f3se: H\u00f6fu\u00f0smennirnir skulu bera fram f\u00f3rnargjafir s\u00ednar sinn daginn hver til v\u00edgslu altarisins.<a name=\"12\"><span class=\"versanumer\">12<\/span><\/a>S\u00e1 er f\u00e6r\u00f0i f\u00f3rnargj\u00f6f s\u00edna fyrsta daginn, var Nakson Amm\u00ednadabsson af \u00e6ttkv\u00edsl J\u00fada.<a name=\"13\"><span class=\"versanumer\">13<\/span><\/a>F\u00f3rnargj\u00f6f hans var silfurfat, 130 siklar a\u00f0 \u00feyngd, silfursk\u00e1l, sj\u00f6t\u00edu siklar a\u00f0 \u00feyngd eftir helgid\u00f3mssikli, hvort tveggja fyllt f\u00ednu mj\u00f6li ol\u00edubl\u00f6ndu\u00f0u, til matf\u00f3rnar,<a name=\"14\"><span class=\"versanumer\">14<\/span><\/a>bolli, t\u00edu gullsiklar a\u00f0 \u00feyngd, fullur af reykelsi,<a name=\"15\"><span class=\"versanumer\">15<\/span><\/a>ungneyti, hr\u00fatur og sau\u00f0kind veturg\u00f6mul til brennif\u00f3rnar,<a name=\"16\"><span class=\"versanumer\">16<\/span><\/a>geithafur til syndaf\u00f3rnar,<a name=\"17\"><span class=\"versanumer\">17<\/span><\/a>og til heillaf\u00f3rnar tv\u00f6 naut, fimm hr\u00fatar, fimm kjarnhafrar og fimm sau\u00f0kindur veturgamlar. \u00deetta var f\u00f3rnargj\u00f6f Naksons Amm\u00ednadabssonar.<a name=\"18\"><span class=\"versanumer\">18<\/span><\/a>Annan daginn f\u00e6r\u00f0i Netanel S\u00faarsson, h\u00f6fu\u00f0sma\u00f0ur \u00cdssakars, f\u00f3rn s\u00edna.<a name=\"19\"><span class=\"versanumer\">19<\/span><\/a>F\u00e6r\u00f0i hann a\u00f0 f\u00f3rnargj\u00f6f silfurfat, 130 sikla a\u00f0 \u00feyngd, silfursk\u00e1l, sj\u00f6t\u00edu sikla a\u00f0 \u00feyngd eftir helgid\u00f3mssikli, hvort tveggja fullt af f\u00ednu mj\u00f6li ol\u00edubl\u00f6ndu\u00f0u, til matf\u00f3rnar,<a name=\"20\"><span class=\"versanumer\">20<\/span><\/a>bolla, t\u00edu gullsikla a\u00f0 \u00feyngd, fullan af reykelsi,<a name=\"21\"><span class=\"versanumer\">21<\/span><\/a>ungneyti, hr\u00fat og sau\u00f0kind veturgamla til brennif\u00f3rnar,<a name=\"22\"><span class=\"versanumer\">22<\/span><\/a>geithafur til syndaf\u00f3rnar,<a name=\"23\"><span class=\"versanumer\">23<\/span><\/a>og til heillaf\u00f3rnar tv\u00f6 naut, fimm hr\u00fata, fimm kjarnhafra og fimm sau\u00f0kindur veturgamlar. \u00deetta var f\u00f3rnargj\u00f6f Netanels S\u00faarssonar.<a name=\"24\"><span class=\"versanumer\">24<\/span><\/a>\u00deri\u00f0ja daginn h\u00f6fu\u00f0sma\u00f0ur Seb\u00falons sona, El\u00edab Hel\u00f3nsson.<a name=\"25\"><span class=\"versanumer\">25<\/span><\/a>F\u00f3rnargj\u00f6f hans var silfurfat, 130 siklar a\u00f0 \u00feyngd, silfursk\u00e1l, sj\u00f6t\u00edu siklar a\u00f0 \u00feyngd eftir helgid\u00f3mssikli, hvort tveggja fullt af f\u00ednu mj\u00f6li ol\u00edubl\u00f6ndu\u00f0u, til matf\u00f3rnar,<a name=\"26\"><span class=\"versanumer\">26<\/span><\/a>bolli, t\u00edu gullsiklar a\u00f0 \u00feyngd, fullur af reykelsi,<a name=\"27\"><span class=\"versanumer\">27<\/span><\/a>ungneyti, hr\u00fatur og sau\u00f0kind veturg\u00f6mul til brennif\u00f3rnar,<a name=\"28\"><span class=\"versanumer\">28<\/span><\/a>geithafur til syndaf\u00f3rnar,<a name=\"29\"><span class=\"versanumer\">29<\/span><\/a>og til heillaf\u00f3rnar tv\u00f6 naut, fimm hr\u00fatar, fimm kjarnhafrar og fimm sau\u00f0kindur veturgamlar. \u00deetta var f\u00f3rnargj\u00f6f El\u00edabs Hel\u00f3nssonar.<a name=\"30\"><span class=\"versanumer\">30<\/span><\/a>Fj\u00f3r\u00f0a daginn h\u00f6fu\u00f0sma\u00f0ur R\u00fabens sona, El\u00eds\u00far Sede\u00farsson.<a name=\"31\"><span class=\"versanumer\">31<\/span><\/a>F\u00f3rnargj\u00f6f hans var silfurfat, 130 siklar a\u00f0 \u00feyngd, silfursk\u00e1l, sj\u00f6t\u00edu siklar a\u00f0 \u00feyngd eftir helgid\u00f3mssikli, hvort tveggja fullt af f\u00ednu mj\u00f6li ol\u00edubl\u00f6ndu\u00f0u, til matf\u00f3rnar,<a name=\"32\"><span class=\"versanumer\">32<\/span><\/a>bolli, t\u00edu gullsiklar a\u00f0 \u00feyngd, fullur af reykelsi,<a name=\"33\"><span class=\"versanumer\">33<\/span><\/a>ungneyti, hr\u00fatur og sau\u00f0kind veturg\u00f6mul til brennif\u00f3rnar,<a name=\"34\"><span class=\"versanumer\">34<\/span><\/a>geithafur til syndaf\u00f3rnar,<a name=\"35\"><span class=\"versanumer\">35<\/span><\/a>og til heillaf\u00f3rnar tv\u00f6 naut, fimm hr\u00fatar, fimm kjarnhafrar og fimm sau\u00f0kindur veturgamlar. \u00deetta var f\u00f3rnargj\u00f6f El\u00eds\u00fars Sede\u00farssonar.<a name=\"36\"><span class=\"versanumer\">36<\/span><\/a>Fimmta daginn h\u00f6fu\u00f0sma\u00f0ur S\u00edmeons sona, Sel\u00fam\u00edel S\u00far\u00edsadda\u00edson.<a name=\"37\"><span class=\"versanumer\">37<\/span><\/a>F\u00f3rnargj\u00f6f hans var silfurfat, 130 siklar a\u00f0 \u00feyngd, silfursk\u00e1l, sj\u00f6t\u00edu siklar a\u00f0 \u00feyngd eftir helgid\u00f3mssikli, hvort tveggja fullt af f\u00ednu mj\u00f6li ol\u00edubl\u00f6ndu\u00f0u, til matf\u00f3rnar,<a name=\"38\"><span class=\"versanumer\">38<\/span><\/a>bolli, t\u00edu gullsiklar a\u00f0 \u00feyngd, fullur af reykelsi,<a name=\"39\"><span class=\"versanumer\">39<\/span><\/a>ungneyti, hr\u00fatur og sau\u00f0kind veturg\u00f6mul til brennif\u00f3rnar,<a name=\"40\"><span class=\"versanumer\">40<\/span><\/a>geithafur til syndaf\u00f3rnar,<a name=\"41\"><span class=\"versanumer\">41<\/span><\/a>og til heillaf\u00f3rnar tv\u00f6 naut, fimm hr\u00fatar, fimm kjarnhafrar og fimm sau\u00f0kindur veturgamlar. \u00deetta var f\u00f3rnargj\u00f6f Sel\u00fam\u00edels S\u00far\u00edsadda\u00edsonar.<a name=\"42\"><span class=\"versanumer\">42<\/span><\/a>Sj\u00f6tta daginn h\u00f6fu\u00f0sma\u00f0ur Ga\u00f0s sona, Eljasaf Deg\u00faelsson.<a name=\"43\"><span class=\"versanumer\">43<\/span><\/a>F\u00f3rnargj\u00f6f hans var silfurfat, 130 siklar a\u00f0 \u00feyngd, silfursk\u00e1l, sj\u00f6t\u00edu siklar a\u00f0 \u00feyngd eftir helgid\u00f3mssikli, hvort tveggja fullt af f\u00ednu mj\u00f6li ol\u00edubl\u00f6ndu\u00f0u, til matf\u00f3rnar,<a name=\"44\"><span class=\"versanumer\">44<\/span><\/a>bolli, t\u00edu gullsiklar a\u00f0 \u00feyngd, fullur af reykelsi,<a name=\"45\"><span class=\"versanumer\">45<\/span><\/a>ungneyti, hr\u00fatur og sau\u00f0kind veturg\u00f6mul til brennif\u00f3rnar,<a name=\"46\"><span class=\"versanumer\">46<\/span><\/a>geithafur til syndaf\u00f3rnar,<a name=\"47\"><span class=\"versanumer\">47<\/span><\/a>og til heillaf\u00f3rnar tv\u00f6 naut, fimm hr\u00fatar, fimm kjarnhafrar og fimm sau\u00f0kindur veturgamlar. \u00deetta var f\u00f3rnargj\u00f6f Eljasafs Deg\u00faelssonar.<a name=\"48\"><span class=\"versanumer\">48<\/span><\/a>Sj\u00f6unda daginn h\u00f6fu\u00f0sma\u00f0ur Efra\u00edms sona, El\u00edsama Amm\u00edh\u00fadsson.<a name=\"49\"><span class=\"versanumer\">49<\/span><\/a>F\u00f3rnargj\u00f6f hans var silfurfat, 130 siklar a\u00f0 \u00feyngd, silfursk\u00e1l, sj\u00f6t\u00edu siklar a\u00f0 \u00feyngd eftir helgid\u00f3mssikli, hvort tveggja fullt af f\u00ednu mj\u00f6li ol\u00edubl\u00f6ndu\u00f0u, til matf\u00f3rnar,<a name=\"50\"><span class=\"versanumer\">50<\/span><\/a>bolli, t\u00edu gullsiklar a\u00f0 \u00feyngd, fullur af reykelsi,<a name=\"51\"><span class=\"versanumer\">51<\/span><\/a>ungneyti, hr\u00fatur og sau\u00f0kind veturg\u00f6mul til brennif\u00f3rnar,<a name=\"52\"><span class=\"versanumer\">52<\/span><\/a>geithafur til syndaf\u00f3rnar,<a name=\"53\"><span class=\"versanumer\">53<\/span><\/a>og til heillaf\u00f3rnar tv\u00f6 naut, fimm hr\u00fatar, fimm kjarnhafrar og fimm sau\u00f0kindur veturgamlar. \u00deetta var f\u00f3rnargj\u00f6f El\u00edsama Amm\u00edh\u00fadssonar.<a name=\"54\"><span class=\"versanumer\">54<\/span><\/a>\u00c1ttunda daginn h\u00f6fu\u00f0sma\u00f0ur Manasse sona, Gaml\u00edel Pedas\u00farsson.<a name=\"55\"><span class=\"versanumer\">55<\/span><\/a>F\u00f3rnargj\u00f6f hans var silfurfat, 130 siklar a\u00f0 \u00feyngd, silfursk\u00e1l, sj\u00f6t\u00edu siklar a\u00f0 \u00feyngd eftir helgid\u00f3mssikli, hvort tveggja fullt af f\u00ednu mj\u00f6li ol\u00edubl\u00f6ndu\u00f0u til matf\u00f3rnar,<a name=\"56\"><span class=\"versanumer\">56<\/span><\/a>bolli, t\u00edu gullsiklar a\u00f0 \u00feyngd, fullur af reykelsi,<a name=\"57\"><span class=\"versanumer\">57<\/span><\/a>ungneyti, hr\u00fatur og sau\u00f0kind veturg\u00f6mul til brennif\u00f3rnar,<a name=\"58\"><span class=\"versanumer\">58<\/span><\/a>geithafur til syndaf\u00f3rnar,<a name=\"59\"><span class=\"versanumer\">59<\/span><\/a>og til heillaf\u00f3rnar tv\u00f6 naut, fimm hr\u00fatar, fimm kjarnhafrar, og fimm sau\u00f0kindur veturgamlar. \u00deetta var f\u00f3rnargj\u00f6f Gaml\u00edels Pedas\u00farssonar.<a name=\"60\"><span class=\"versanumer\">60<\/span><\/a>N\u00edunda daginn h\u00f6fu\u00f0sma\u00f0ur Benjam\u00edns sona, Ab\u00eddan G\u00edde\u00f3n\u00edson.<a name=\"61\"><span class=\"versanumer\">61<\/span><\/a>F\u00f3rnargj\u00f6f hans var silfurfat, 130 siklar a\u00f0 \u00feyngd, silfursk\u00e1l, sj\u00f6t\u00edu siklar a\u00f0 \u00feyngd eftir helgid\u00f3mssikli, hvort tveggja fullt af f\u00ednu mj\u00f6li ol\u00edubl\u00f6ndu\u00f0u, til matf\u00f3rnar,<a name=\"62\"><span class=\"versanumer\">62<\/span><\/a>bolli, t\u00edu gullsiklar a\u00f0 \u00feyngd, fullur af reykelsi,<a name=\"63\"><span class=\"versanumer\">63<\/span><\/a>ungneyti, hr\u00fatur og sau\u00f0kind veturg\u00f6mul til brennif\u00f3rnar,<a name=\"64\"><span class=\"versanumer\">64<\/span><\/a>geithafur til syndaf\u00f3rnar,<a name=\"65\"><span class=\"versanumer\">65<\/span><\/a>og til heillaf\u00f3rnar tv\u00f6 naut, fimm hr\u00fatar, fimm kjarnhafrar og fimm sau\u00f0kindur veturgamlar. \u00deetta var f\u00f3rnargj\u00f6f Ab\u00eddans G\u00eddeon\u00edsonar.<a name=\"66\"><span class=\"versanumer\">66<\/span><\/a>T\u00edunda daginn h\u00f6fu\u00f0sma\u00f0ur Dans sona, Ak\u00edeser Amm\u00edsadda\u00edson.<a name=\"67\"><span class=\"versanumer\">67<\/span><\/a>F\u00f3rnargj\u00f6f hans var silfurfat, 130 siklar a\u00f0 \u00feyngd, silfursk\u00e1l, sj\u00f6t\u00edu siklar a\u00f0 \u00feyngd eftir helgid\u00f3mssikli, hvort tveggja fullt af f\u00ednu mj\u00f6li ol\u00edubl\u00f6ndu\u00f0u, til matf\u00f3rnar,<a name=\"68\"><span class=\"versanumer\">68<\/span><\/a>bolli, t\u00edu gullsiklar a\u00f0 \u00feyngd, fullur af reykelsi,<a name=\"69\"><span class=\"versanumer\">69<\/span><\/a>ungneyti, hr\u00fatur og sau\u00f0kind veturg\u00f6mul til brennif\u00f3rnar,<a name=\"70\"><span class=\"versanumer\">70<\/span><\/a>geithafur til syndaf\u00f3rnar,<a name=\"71\"><span class=\"versanumer\">71<\/span><\/a>og til heillaf\u00f3rnar tv\u00f6 naut, fimm hr\u00fatar, fimm kjarnhafrar og fimm sau\u00f0kindur veturgamlar. \u00deetta var f\u00f3rnargj\u00f6f Ak\u00edesers Amm\u00edsadda\u00edsonar.<a name=\"72\"><span class=\"versanumer\">72<\/span><\/a>Ellefta daginn h\u00f6fu\u00f0sma\u00f0ur Assers sona, Pag\u00edel \u00d3kransson.<a name=\"73\"><span class=\"versanumer\">73<\/span><\/a>F\u00f3rnargj\u00f6f hans var silfurfat, 130 siklar a\u00f0 \u00feyngd, silfursk\u00e1l, sj\u00f6t\u00edu siklar a\u00f0 \u00feyngd eftir helgid\u00f3mssikli, hvort tveggja fullt af f\u00ednu mj\u00f6li ol\u00edubl\u00f6ndu\u00f0u, til matf\u00f3rnar,<a name=\"74\"><span class=\"versanumer\">74<\/span><\/a>bolli, t\u00edu gullsiklar a\u00f0 \u00feyngd, fullur af reykelsi,<a name=\"75\"><span class=\"versanumer\">75<\/span><\/a>ungneyti, hr\u00fatur og sau\u00f0kind veturg\u00f6mul til brennif\u00f3rnar,<a name=\"76\"><span class=\"versanumer\">76<\/span><\/a>geithafur til syndaf\u00f3rnar,<a name=\"77\"><span class=\"versanumer\">77<\/span><\/a>og til heillaf\u00f3rnar tv\u00f6 naut, fimm hr\u00fatar, fimm kjarnhafrar og fimm sau\u00f0kindur veturgamlar. \u00deetta var f\u00f3rnargj\u00f6f Pag\u00edels \u00d3kranssonar.<a name=\"78\"><span class=\"versanumer\">78<\/span><\/a>T\u00f3lfta daginn h\u00f6fu\u00f0sma\u00f0ur Naftal\u00ed sona, Ak\u00edra Enansson.<a name=\"79\"><span class=\"versanumer\">79<\/span><\/a>F\u00f3rnargj\u00f6f hans var silfurfat, 130 siklar a\u00f0 \u00feyngd, silfursk\u00e1l, sj\u00f6t\u00edu siklar a\u00f0 \u00feyngd eftir helgid\u00f3mssikli, hvort tveggja fullt af f\u00ednu mj\u00f6li ol\u00edubl\u00f6ndu\u00f0u, til matf\u00f3rnar,<a name=\"80\"><span class=\"versanumer\">80<\/span><\/a>bolli, t\u00edu gullsiklar a\u00f0 \u00feyngd, fullur af reykelsi,<a name=\"81\"><span class=\"versanumer\">81<\/span><\/a>ungneyti, hr\u00fatur og sau\u00f0kind veturg\u00f6mul til brennif\u00f3rnar,<a name=\"82\"><span class=\"versanumer\">82<\/span><\/a>geithafur til syndaf\u00f3rnar,<a name=\"83\"><span class=\"versanumer\">83<\/span><\/a>og til heillaf\u00f3rnar tv\u00f6 naut, fimm hr\u00fatar, fimm kjarnhafrar og fimm sau\u00f0kindur veturgamlar. \u00deetta var f\u00f3rnargj\u00f6f Ak\u00edra Enanssonar.<a name=\"84\"><span class=\"versanumer\">84<\/span><\/a>\u00deetta voru gjafirnar fr\u00e1 h\u00f6fu\u00f0sm\u00f6nnum \u00cdsraels til v\u00edgslu altarisins daginn sem \u00fea\u00f0 var smurt: t\u00f3lf silfurf\u00f6t, t\u00f3lf silfursk\u00e1lar, t\u00f3lf gullbollar.<a name=\"85\"><span class=\"versanumer\">85<\/span><\/a>V\u00f3 hvert fat 130 sikla silfurs og hver sk\u00e1l sj\u00f6t\u00edu. Allt silfur \u00edl\u00e1tanna v\u00f3 2.400 sikla eftir helgid\u00f3mssikli.<a name=\"86\"><span class=\"versanumer\">86<\/span><\/a>T\u00f3lf gullbollar, fullir af reykelsi, hver bolli t\u00edu siklar eftir helgid\u00f3mssikli. Allt gulli\u00f0 \u00ed bollunum v\u00f3 120 sikla.<a name=\"87\"><span class=\"versanumer\">87<\/span><\/a>\u00d6ll nautin til brennif\u00f3rnarinnar voru t\u00f3lf uxar, auk \u00feess t\u00f3lf hr\u00fatar, t\u00f3lf sau\u00f0kindur veturgamlar, \u00e1samt matf\u00f3rninni, er \u00feeim fylgdi, og t\u00f3lf geithafrar \u00ed syndaf\u00f3rn.<a name=\"88\"><span class=\"versanumer\">88<\/span><\/a>Og \u00f6ll nautin til heillaf\u00f3rnarinnar voru 24 uxar, auk \u00feess sext\u00edu hr\u00fatar, sext\u00edu kjarnhafrar og sext\u00edu sau\u00f0kindur veturgamlar. \u00deetta voru gjafirnar til v\u00edgslu altarisins, eftir a\u00f0 \u00fea\u00f0 haf\u00f0i veri\u00f0 smurt.<a name=\"89\"><span class=\"versanumer\">89<\/span><\/a>\u00deegar M\u00f3se gekk inn \u00ed samfundatjaldi\u00f0 til \u00feess a\u00f0 tala vi\u00f0 Drottin, heyr\u00f0i hann r\u00f6ddina tala til s\u00edn ofan af lokinu, sem er yfir s\u00e1ttm\u00e1ls\u00f6rkinni, fram \u00e1 milli ker\u00fabanna tveggja, og hann tala\u00f0i vi\u00f0 hann.<\/p>\n<div class=\"footnote1981\"><b>7.2<\/b> Foringjar \u00cdsraels 4M\u00f3s 1.5-15<br \/>\n<b>7.5<\/b> St\u00f6rfin 4M\u00f3s 3.21-37; 4.4-33<br \/>\n<b>7.10<\/b> V\u00edgsla Esk 43.18-26; 2Kro 7.9<\/div>\n","protected":false},"excerpt":{"rendered":"<p>1\u00de\u00e1 er M\u00f3se haf\u00f0i loki\u00f0 vi\u00f0 a\u00f0 reisa b\u00fa\u00f0ina og haf\u00f0i smurt hana og v\u00edgt og \u00f6ll \u00e1h\u00f6ld hennar og smurt og v\u00edgt altari\u00f0 og \u00f6ll \u00e1h\u00f6ld \u00feess,2f\u00e6r\u00f0u h\u00f6fu\u00f0smenn \u00cdsraels f\u00f3rnir, foringjar fyrir \u00e6ttum \u00feeirra \u00fea\u00f0 er h\u00f6fu\u00f0smenn \u00e6ttkv\u00edslanna, forst\u00f6\u00f0umenn hinna t\u00f6ldu,3og \u00feeir f\u00e6r\u00f0u f\u00f3rnargj\u00f6f s\u00edna fram fyrir Drottin, sex sk\u00fdlisvagna og t\u00f3lf naut, einn vagn fyrir hverja tvo h\u00f6fu\u00f0smenn, og naut fyrir hvern \u00feeirra. F\u00e6r\u00f0u \u00feeir \u00feetta fram fyrir b\u00fa\u00f0ina.4Drottinn tala\u00f0i vi\u00f0 M\u00f3se og sag\u00f0i:5Tak \u00fe\u00fa vi\u00f0 \u00feessu af \u00feeim, og \u00fea\u00f0 s\u00e9 haft til \u00fej\u00f3nustugj\u00f6r\u00f0ar vi\u00f0 samfundatjaldi\u00f0, og f\u00e1 \u00fe\u00fa \u00feetta lev\u00edtunum, eftir \u00fev\u00ed sem \u00fej\u00f3nusta hvers eins <a href=\"https:\/\/biblian.is\/1981\/fjorda-mosebok-7-kafli\/\"> [&#8230;]<\/a><\/p>\n","protected":false},"author":1,"featured_media":0,"parent":0,"menu_order":0,"comment_status":"open","ping_status":"open","template":"bibliukaflar.php","meta":{"footnotes":""},"class_list":["post-1470","page","type-page","status-publish","hentry"],"_links":{"self":[{"href":"https:\/\/biblian.is\/1981\/wp-json\/wp\/v2\/pages\/1470","targetHints":{"allow":["GET"]}}],"collection":[{"href":"https:\/\/biblian.is\/1981\/wp-json\/wp\/v2\/pages"}],"about":[{"href":"https:\/\/biblian.is\/1981\/wp-json\/wp\/v2\/types\/page"}],"author":[{"embeddable":true,"href":"https:\/\/biblian.is\/1981\/wp-json\/wp\/v2\/users\/1"}],"replies":[{"embeddable":true,"href":"https:\/\/biblian.is\/1981\/wp-json\/wp\/v2\/comments?post=1470"}],"version-history":[{"count":0,"href":"https:\/\/biblian.is\/1981\/wp-json\/wp\/v2\/pages\/1470\/revisions"}],"wp:attachment":[{"href":"https:\/\/biblian.is\/1981\/wp-json\/wp\/v2\/media?parent=1470"}],"curies":[{"name":"wp","href":"https:\/\/api.w.org\/{rel}","templated":true}]}}