{"id":1469,"date":"2017-11-18T20:17:28","date_gmt":"2017-11-18T20:17:28","guid":{"rendered":"http:\/\/biblian.is\/1981\/fjorda-mosebok-6-kafli\/"},"modified":"2021-06-06T10:56:43","modified_gmt":"2021-06-06T10:56:43","slug":"fjorda-mosebok-6-kafli","status":"publish","type":"page","link":"https:\/\/biblian.is\/1981\/fjorda-mosebok-6-kafli\/","title":{"rendered":"Fj\u00f3r\u00f0a M\u00f3seb\u00f3k 6. kafli"},"content":{"rendered":"<p><a name=\"1\"><span class=\"versanumer\">1<\/span><\/a>Drottinn tala\u00f0i vi\u00f0 M\u00f3se og sag\u00f0i:<a name=\"2\"><span class=\"versanumer\">2<\/span><\/a>Tala \u00fe\u00fa til \u00cdsraelsmanna og seg vi\u00f0 \u00fe\u00e1: N\u00fa vill karl e\u00f0a kona vinna heit nas\u00edrea til \u00feess a\u00f0 helga sig Drottni,<a name=\"3\"><span class=\"versanumer\">3<\/span><\/a>\u00fe\u00e1 skal hann halda s\u00e9r fr\u00e1 v\u00edni og \u00e1fengum drykk. Hann skal hvorki drekka v\u00edns\u00fdru n\u00e9 s\u00fdru \u00far \u00e1fengum drykk, n\u00e9 heldur skal hann drekka nokkurn v\u00ednberjal\u00f6g, og v\u00ednber n\u00fd e\u00f0a \u00feurrku\u00f0 skal hann eigi eta.<a name=\"4\"><span class=\"versanumer\">4<\/span><\/a>Allan bindindist\u00edma sinn skal hann eigi eta neitt \u00fea\u00f0, sem b\u00fai\u00f0 er til af v\u00ednvi\u00f0i, hvorki kjarna n\u00e9 h\u00fd\u00f0i.<a name=\"5\"><span class=\"versanumer\">5<\/span><\/a>Allan t\u00edma bindindisheitis hans skal rakhn\u00edfur eigi koma \u00e1 h\u00f6fu\u00f0 honum. Uns \u00feeir dagar eru fullna\u00f0ir, er hann hefir helga\u00f0 sig Drottni, skal hann vera heilagur. Skal hann l\u00e1ta h\u00f6fu\u00f0h\u00e1r sitt vaxa s\u00edtt.<a name=\"6\"><span class=\"versanumer\">6<\/span><\/a>Alla \u00fe\u00e1 stund, er hann hefir helga\u00f0 sig Drottni, skal hann ekki koma n\u00e6rri l\u00edki.<a name=\"7\"><span class=\"versanumer\">7<\/span><\/a>Hann skal ekki saurga sig vegna f\u00f6\u00f0ur s\u00edns, vegna m\u00f3\u00f0ur sinnar, vegna br\u00f3\u00f0ur s\u00edns e\u00f0a vegna systur sinnar, er \u00feau deyja, \u00fev\u00ed a\u00f0 helgun Gu\u00f0s hans er \u00e1 h\u00f6f\u00f0i honum.<a name=\"8\"><span class=\"versanumer\">8<\/span><\/a>Allan bindindist\u00edma sinn er hann helga\u00f0ur Drottni.<a name=\"9\"><span class=\"versanumer\">9<\/span><\/a>Og ver\u00f0i einhver ma\u00f0ur br\u00e1\u00f0kvaddur hj\u00e1 honum, svo a\u00f0 helga\u00f0 h\u00f6fu\u00f0 hans saurgast, \u00fe\u00e1 skal hann raka h\u00f6fu\u00f0 sitt \u00e1 hreinsunardegi s\u00ednum. \u00c1 sj\u00f6unda degi skal hann raka \u00fea\u00f0.<a name=\"10\"><span class=\"versanumer\">10<\/span><\/a>Og \u00e1 \u00e1ttunda degi skal hann f\u00e6ra prestinum tv\u00e6r turtild\u00fafur e\u00f0a tv\u00e6r ungar d\u00fafur a\u00f0 dyrum samfundatjaldsins.<a name=\"11\"><span class=\"versanumer\">11<\/span><\/a>Og prestur skal f\u00f3rna annarri \u00ed syndaf\u00f3rn, en hinni \u00ed brennif\u00f3rn og fri\u00f0\u00fe\u00e6gja fyrir hann, vegna \u00feess a\u00f0 hann hefir syndgast \u00e1 l\u00edki. Og hann skal helga h\u00f6fu\u00f0 sitt samd\u00e6gurs.<a name=\"12\"><span class=\"versanumer\">12<\/span><\/a>Og hann skal helga sig Drottni bindindist\u00edma sinn og f\u00e6ra veturgamla kind \u00ed sektarf\u00f3rn, en fyrri t\u00edminn skal \u00f3n\u00fdttur, \u00fev\u00ed a\u00f0 helgun hans var saurgu\u00f0.<a name=\"13\"><span class=\"versanumer\">13<\/span><\/a>\u00deetta eru \u00e1kv\u00e6\u00f0in um nas\u00edreann: \u00deegar bindindist\u00edmi hans er li\u00f0inn, skal lei\u00f0a hann a\u00f0 dyrum samfundatjaldsins.<a name=\"14\"><span class=\"versanumer\">14<\/span><\/a>Og hann skal f\u00e6ra Drottni f\u00f3rn s\u00edna: veturgamalt hr\u00fatlamb gallalaust \u00ed brennif\u00f3rn og veturgamla gimbur gallalausa \u00ed syndaf\u00f3rn og hr\u00fat gallalausan \u00ed heillaf\u00f3rn<a name=\"15\"><span class=\"versanumer\">15<\/span><\/a>og k\u00f6rfu me\u00f0 \u00f3s\u00fdr\u00f0u brau\u00f0i \u00far f\u00ednu mj\u00f6li, k\u00f6kur ol\u00edublanda\u00f0ar og \u00f3s\u00fdr\u00f0 flatbrau\u00f0 ol\u00edusmur\u00f0, \u00e1samt matf\u00f3rninni og dreypif\u00f3rnunum.<a name=\"16\"><span class=\"versanumer\">16<\/span><\/a>Og presturinn skal bera \u00fea\u00f0 fram fyrir Drottin og f\u00f3rna syndaf\u00f3rn hans og brennif\u00f3rn.<a name=\"17\"><span class=\"versanumer\">17<\/span><\/a>Og hann skal f\u00f3rna Drottni hr\u00fatnum \u00ed heillaf\u00f3rn \u00e1samt k\u00f6rfunni me\u00f0 \u00f3s\u00fdr\u00f0a brau\u00f0inu, og presturinn skal f\u00f3rna matf\u00f3rn hans og dreypif\u00f3rn.<a name=\"18\"><span class=\"versanumer\">18<\/span><\/a>Nas\u00edreinn skal raka helga\u00f0 h\u00f6fu\u00f0 sitt vi\u00f0 dyr samfundatjaldsins og taka helga\u00f0 h\u00f6fu\u00f0h\u00e1r sitt og kasta \u00fev\u00ed \u00e1 eldinn undir heillaf\u00f3rninni.<a name=\"19\"><span class=\"versanumer\">19<\/span><\/a>Og prestur skal taka so\u00f0na b\u00f3ginn af hr\u00fatnum og eina \u00f3s\u00fdr\u00f0a k\u00f6ku \u00far k\u00f6rfunni og eitt \u00f3s\u00fdrt flatbrau\u00f0 og f\u00e1 nas\u00edreanum \u00fea\u00f0 \u00ed hendur, \u00fe\u00e1 er hann hefir raka\u00f0 helga\u00f0 h\u00e1r sitt.<a name=\"20\"><span class=\"versanumer\">20<\/span><\/a>Og prestur skal veifa \u00fev\u00ed sem veifif\u00f3rn frammi fyrir Drottni. \u00dea\u00f0 er heilagt og heyrir presti, \u00e1samt bringunni, sem veifa skal, og l\u00e6rinu, sem f\u00f3rna skal. Upp fr\u00e1 \u00fev\u00ed m\u00e1 nas\u00edreinn drekka v\u00edn.<a name=\"21\"><span class=\"versanumer\">21<\/span><\/a>\u00deetta eru \u00e1kv\u00e6\u00f0in um nas\u00edrea, sem gj\u00f6rir heit, um f\u00f3rnargj\u00f6f hans Drottni til handa vegna helgunar hans, auk \u00feess sem hann annars hefir efni \u00e1. Samkv\u00e6mt heitinu, sem hann hefir unni\u00f0, skal hann gj\u00f6ra, eftir \u00e1kv\u00e6\u00f0unum um bindindi hans.<a name=\"22\"><span class=\"versanumer\">22<\/span><\/a>Drottinn tala\u00f0i vi\u00f0 M\u00f3se og sag\u00f0i:<a name=\"23\"><span class=\"versanumer\">23<\/span><\/a>M\u00e6l \u00fe\u00fa til Arons og sona hans og seg: Me\u00f0 \u00feessum or\u00f0um skulu\u00f0 \u00fe\u00e9r blessa \u00cdsraelsmenn:<a name=\"24\"><span class=\"versanumer\">24<\/span><\/a>Drottinn blessi \u00feig og var\u00f0veiti \u00feig!<a name=\"25\"><span class=\"versanumer\">25<\/span><\/a>Drottinn l\u00e1ti s\u00edna \u00e1sj\u00f3nu l\u00fdsa yfir \u00feig og s\u00e9 \u00fe\u00e9r n\u00e1\u00f0ugur!<a name=\"26\"><span class=\"versanumer\">26<\/span><\/a>Drottinn upplyfti s\u00ednu augliti yfir \u00feig og gefi \u00fe\u00e9r fri\u00f0!<a name=\"27\"><span class=\"versanumer\">27<\/span><\/a>\u00deannig skulu \u00feeir leggja nafn mitt yfir \u00cdsraelsmenn, og \u00e9g mun blessa \u00fe\u00e1.<\/p>\n<div class=\"footnote1981\"><b>6.3<\/b> Sterkir drykkir L\u00fak 1.16+ ; sbr Jer 35.5-8<br \/>\n<b>6.5<\/b> Rakhn\u00edfur D\u00f3m 13.5<br \/>\n<b>6.13<\/b> Nas\u00edrei Post 21.23-24<br \/>\n<b>6.18<\/b> Raka Post 18.18<br \/>\n<b>6.23<\/b> \u00dei\u00f0 skulu\u00f0 blessa sbr 1Kon 8.56-58; Slm 134.3; S\u00edr 50.23-24<br \/>\n<b>6.24<\/b> Var\u00f0veiti \u00feig Slm 121.7<br \/>\n<b>6.25<\/b> \u00c1sj\u00f3nu s\u00edna Slm 4.7; 31.17; 67.2; 119.135<br \/>\n<b>6.26<\/b> Fri\u00f0ur Slm 122.6<br \/>\n<b>6.27<\/b> Nafn mitt Opb 3.12; 14.1; 22.4<\/div>\n","protected":false},"excerpt":{"rendered":"<p>1Drottinn tala\u00f0i vi\u00f0 M\u00f3se og sag\u00f0i:2Tala \u00fe\u00fa til \u00cdsraelsmanna og seg vi\u00f0 \u00fe\u00e1: N\u00fa vill karl e\u00f0a kona vinna heit nas\u00edrea til \u00feess a\u00f0 helga sig Drottni,3\u00fe\u00e1 skal hann halda s\u00e9r fr\u00e1 v\u00edni og \u00e1fengum drykk. Hann skal hvorki drekka v\u00edns\u00fdru n\u00e9 s\u00fdru \u00far \u00e1fengum drykk, n\u00e9 heldur skal hann drekka nokkurn v\u00ednberjal\u00f6g, og v\u00ednber n\u00fd e\u00f0a \u00feurrku\u00f0 skal hann eigi eta.4Allan bindindist\u00edma sinn skal hann eigi eta neitt \u00fea\u00f0, sem b\u00fai\u00f0 er til af v\u00ednvi\u00f0i, hvorki kjarna n\u00e9 h\u00fd\u00f0i.5Allan t\u00edma bindindisheitis hans skal rakhn\u00edfur eigi koma \u00e1 h\u00f6fu\u00f0 honum. Uns \u00feeir dagar eru fullna\u00f0ir, er hann hefir helga\u00f0 sig <a href=\"https:\/\/biblian.is\/1981\/fjorda-mosebok-6-kafli\/\"> [&#8230;]<\/a><\/p>\n","protected":false},"author":1,"featured_media":0,"parent":0,"menu_order":0,"comment_status":"open","ping_status":"open","template":"bibliukaflar.php","meta":{"footnotes":""},"class_list":["post-1469","page","type-page","status-publish","hentry"],"_links":{"self":[{"href":"https:\/\/biblian.is\/1981\/wp-json\/wp\/v2\/pages\/1469","targetHints":{"allow":["GET"]}}],"collection":[{"href":"https:\/\/biblian.is\/1981\/wp-json\/wp\/v2\/pages"}],"about":[{"href":"https:\/\/biblian.is\/1981\/wp-json\/wp\/v2\/types\/page"}],"author":[{"embeddable":true,"href":"https:\/\/biblian.is\/1981\/wp-json\/wp\/v2\/users\/1"}],"replies":[{"embeddable":true,"href":"https:\/\/biblian.is\/1981\/wp-json\/wp\/v2\/comments?post=1469"}],"version-history":[{"count":0,"href":"https:\/\/biblian.is\/1981\/wp-json\/wp\/v2\/pages\/1469\/revisions"}],"wp:attachment":[{"href":"https:\/\/biblian.is\/1981\/wp-json\/wp\/v2\/media?parent=1469"}],"curies":[{"name":"wp","href":"https:\/\/api.w.org\/{rel}","templated":true}]}}