{"id":1467,"date":"2017-11-18T20:17:28","date_gmt":"2017-11-18T20:17:28","guid":{"rendered":"http:\/\/biblian.is\/1981\/fjorda-mosebok-4-kafli\/"},"modified":"2021-06-06T10:56:43","modified_gmt":"2021-06-06T10:56:43","slug":"fjorda-mosebok-4-kafli","status":"publish","type":"page","link":"https:\/\/biblian.is\/1981\/fjorda-mosebok-4-kafli\/","title":{"rendered":"Fj\u00f3r\u00f0a M\u00f3seb\u00f3k 4. kafli"},"content":{"rendered":"<p><a name=\"1\"><span class=\"versanumer\">1<\/span><\/a>Drottinn tala\u00f0i vi\u00f0 M\u00f3se og Aron og sag\u00f0i:<a name=\"2\"><span class=\"versanumer\">2<\/span><\/a>Taki\u00f0 t\u00f6lu Kahats sona me\u00f0al Lev\u00ed sona, eftir kynkv\u00edslum \u00feeirra, eftir \u00e6ttum \u00feeirra,<a name=\"3\"><span class=\"versanumer\">3<\/span><\/a>fr\u00e1 \u00fer\u00edtugs aldri og \u00fea\u00f0an af eldri til fimmtugs aldurs, alla herf\u00e6ra menn, til \u00feess a\u00f0 gegna st\u00f6rfum vi\u00f0 samfundatjaldi\u00f0.<a name=\"4\"><span class=\"versanumer\">4<\/span><\/a>\u00deetta er \u00fej\u00f3nusta Kahats sona vi\u00f0 samfundatjaldi\u00f0: Hi\u00f0 h\u00e1heilaga.<a name=\"5\"><span class=\"versanumer\">5<\/span><\/a>\u00deegar herinn tekur sig upp, skulu \u00feeir Aron og synir hans ganga inn og taka ni\u00f0ur fortjaldsd\u00fakbrei\u00f0una og l\u00e1ta hana yfir s\u00e1ttm\u00e1ls\u00f6rkina.<a name=\"6\"><span class=\"versanumer\">6<\/span><\/a>Og \u00feeir skulu leggja \u00fear yfir \u00e1brei\u00f0u af h\u00f6frungaskinni og brei\u00f0a yfir kl\u00e6\u00f0i, sem allt er gj\u00f6rt af bl\u00e1um purpura, og setja stengurnar \u00ed.<a name=\"7\"><span class=\"versanumer\">7<\/span><\/a>Yfir sko\u00f0unarbrau\u00f0abor\u00f0i\u00f0 skulu \u00feeir brei\u00f0a kl\u00e6\u00f0i af bl\u00e1um purpura og setja \u00fear \u00e1 f\u00f6tin, bollana, kerin og dreypif\u00f3rnarsk\u00e1larnar, og hi\u00f0 \u00e6varandi brau\u00f0 skal vera \u00e1 \u00fev\u00ed.<a name=\"8\"><span class=\"versanumer\">8<\/span><\/a>Og yfir \u00feetta skulu \u00feeir brei\u00f0a skarlatskl\u00e6\u00f0i og leggja \u00fear yfir \u00e1brei\u00f0u af h\u00f6frungaskinnum og setja stengurnar \u00ed.<a name=\"9\"><span class=\"versanumer\">9<\/span><\/a>\u00deeir skulu taka kl\u00e6\u00f0i af bl\u00e1um purpura og l\u00e1ta \u00fea\u00f0 yfir lj\u00f3sastikuna, lampa hennar, lj\u00f3sas\u00f6x og skarp\u00f6nnur, og \u00f6ll ol\u00edukerin, sem notu\u00f0 eru vi\u00f0 hana.<a name=\"10\"><span class=\"versanumer\">10<\/span><\/a>Og \u00feeir skulu sveipa hana og \u00f6ll \u00e1h\u00f6ld hennar \u00ed \u00e1brei\u00f0u af h\u00f6frungaskinnum og leggja \u00e1 b\u00f6rur.<a name=\"11\"><span class=\"versanumer\">11<\/span><\/a>Yfir gullaltari\u00f0 skulu \u00feeir brei\u00f0a kl\u00e6\u00f0i af bl\u00e1um purpura og leggja \u00fear yfir \u00e1brei\u00f0u af h\u00f6frungaskinnum og setja stengurnar \u00ed.<a name=\"12\"><span class=\"versanumer\">12<\/span><\/a>Og \u00feeir skulu taka \u00f6ll \u00e1h\u00f6ld \u00fej\u00f3nustugj\u00f6r\u00f0arinnar, \u00feau er h\u00f6f\u00f0 eru til \u00fej\u00f3nustugj\u00f6r\u00f0ar \u00ed helgid\u00f3minum, og sveipa \u00feau \u00ed kl\u00e6\u00f0i af bl\u00e1um purpura og leggja \u00fear yfir \u00e1brei\u00f0u af h\u00f6frungaskinnum og leggja \u00e1 b\u00f6rurnar.<a name=\"13\"><span class=\"versanumer\">13<\/span><\/a>Og \u00feeir skulu s\u00f3pa \u00f6skunni af altarinu og brei\u00f0a yfir \u00fea\u00f0 kl\u00e6\u00f0i af rau\u00f0um purpura.<a name=\"14\"><span class=\"versanumer\">14<\/span><\/a>Og \u00feeir skulu leggja \u00e1 \u00fea\u00f0 \u00f6ll \u00e1h\u00f6ld \u00feess, sem h\u00f6f\u00f0 eru til \u00fej\u00f3nustu \u00e1 \u00fev\u00ed, eldp\u00f6nnurnar, so\u00f0kr\u00f3kana, eldspa\u00f0ana og f\u00f3rnarsk\u00e1larnar, \u00f6ll \u00e1h\u00f6ld altarisins, og skulu \u00feeir brei\u00f0a yfir \u00fea\u00f0 \u00e1brei\u00f0u af h\u00f6frungaskinnum og setja stengurnar \u00ed.<a name=\"15\"><span class=\"versanumer\">15<\/span><\/a>Er \u00feeir Aron og synir hans hafa loki\u00f0 \u00fev\u00ed a\u00f0 brei\u00f0a yfir helgid\u00f3minn og \u00f6ll \u00e1h\u00f6ld helgid\u00f3msins, \u00fe\u00e1 er herinn tekur sig upp, skulu Kahats synir \u00feessu n\u00e6st koma og bera. En eigi skulu \u00feeir koma vi\u00f0 helgid\u00f3minn, svo a\u00f0 \u00feeir deyi ekki. \u00deetta er \u00fea\u00f0, sem Kahats synir eiga a\u00f0 bera vi\u00f0 samfundatjaldi\u00f0.<a name=\"16\"><span class=\"versanumer\">16<\/span><\/a>Eleasar, sonur Arons prests, skal hafa umsj\u00f3n yfir ol\u00edunni til lj\u00f3sastikunnar, ilmreykelsinu, hinni st\u00f6\u00f0ugu matf\u00f3rn og smurningarol\u00edunni, umsj\u00f3n yfir allri b\u00fa\u00f0inni og \u00f6llum helgum hlutum, sem \u00ed henni eru, og \u00e1h\u00f6ldum, er \u00fear til heyra.<a name=\"17\"><span class=\"versanumer\">17<\/span><\/a>Drottinn tala\u00f0i vi\u00f0 M\u00f3se og Aron og sag\u00f0i:<a name=\"18\"><span class=\"versanumer\">18<\/span><\/a>L\u00e1ti\u00f0 ekki kyn\u00fe\u00e1tt Kahat\u00edtanna uppr\u00e6ttan ver\u00f0a \u00far lev\u00edtunum,<a name=\"19\"><span class=\"versanumer\">19<\/span><\/a>heldur fari\u00f0 me\u00f0 \u00fe\u00e1 \u00e1 \u00feessa lei\u00f0, a\u00f0 \u00feeir haldi l\u00edfi og deyi ekki, er \u00feeir n\u00e1lgast Hi\u00f0 h\u00e1heilaga: Aron og synir hans skulu ganga inn og skipa hverjum s\u00edna \u00fej\u00f3nustu og sinn bur\u00f0.<a name=\"20\"><span class=\"versanumer\">20<\/span><\/a>En eigi skulu \u00feeir sj\u00e1lfir ganga inn og sj\u00e1 helgid\u00f3minn, jafnvel eigi eitt augnablik, svo a\u00f0 \u00feeir deyi ekki.<a name=\"21\"><span class=\"versanumer\">21<\/span><\/a>Drottinn tala\u00f0i vi\u00f0 M\u00f3se og sag\u00f0i:<a name=\"22\"><span class=\"versanumer\">22<\/span><\/a>Tak \u00fe\u00fa einnig t\u00f6lu Gersons sona eftir \u00e6ttum \u00feeirra, eftir kynkv\u00edslum \u00feeirra.<a name=\"23\"><span class=\"versanumer\">23<\/span><\/a>Skalt \u00fe\u00fa telja \u00fe\u00e1 fr\u00e1 \u00fer\u00edtugs aldri og \u00fea\u00f0an af eldri til fimmtugs aldurs, alla \u00fe\u00e1 sem koma til \u00feess a\u00f0 gegna her\u00fej\u00f3nustu og inna af hendi st\u00f6rf vi\u00f0 samfundatjaldi\u00f0.<a name=\"24\"><span class=\"versanumer\">24<\/span><\/a>\u00deetta er \u00fej\u00f3nusta Gers\u00f3n\u00edta kynkv\u00edslanna, \u00fea\u00f0 sem \u00feeir eiga a\u00f0 annast og bera:<a name=\"25\"><span class=\"versanumer\">25<\/span><\/a>\u00deeir skulu bera d\u00faka b\u00fa\u00f0arinnar og samfundatjaldi\u00f0, \u00feaki\u00f0 \u00e1 \u00fev\u00ed og \u00e1brei\u00f0una af h\u00f6frungaskinnum, sem utan yfir \u00fev\u00ed er, og d\u00fakbrei\u00f0una fyrir dyrum samfundatjaldsins.<a name=\"26\"><span class=\"versanumer\">26<\/span><\/a>Enn fremur forgar\u00f0stj\u00f6ldin og d\u00fakbrei\u00f0una fyrir dyrum forgar\u00f0sins, sem liggur allt \u00ed kringum b\u00fa\u00f0ina og altari\u00f0, og st\u00f6gin, sem \u00fear til heyra, og \u00f6ll \u00e1h\u00f6ld vi\u00f0 \u00fej\u00f3nustu \u00feeirra. Allt sem vi\u00f0 \u00feetta \u00fearf a\u00f0 gj\u00f6ra, skulu \u00feeir inna af hendi.<a name=\"27\"><span class=\"versanumer\">27<\/span><\/a>Eftir bo\u00f0i Arons og sona hans skal \u00f6ll \u00fej\u00f3nusta sona Gers\u00f3n\u00edta fram fara, a\u00f0 \u00fev\u00ed er snertir allt \u00fea\u00f0, er \u00feeir eiga a\u00f0 bera, og allt \u00fea\u00f0, er \u00feeir eiga a\u00f0 annast. Og \u00fe\u00e9r skulu\u00f0 v\u00edsa \u00feeim \u00e1 allt, sem \u00feeir eiga a\u00f0 bera, me\u00f0 nafni.<a name=\"28\"><span class=\"versanumer\">28<\/span><\/a>\u00deetta er \u00fej\u00f3nusta kynkv\u00edsla Gers\u00f3n\u00edta sona vi\u00f0 samfundatjaldi\u00f0, og \u00fea\u00f0, sem \u00feeir eiga a\u00f0 annast, skal vera undir umsj\u00f3n \u00cdtamars, sonar Arons prests.<a name=\"29\"><span class=\"versanumer\">29<\/span><\/a>Sonu Merar\u00ed skalt \u00fe\u00fa telja eftir kynkv\u00edslum \u00feeirra, eftir \u00e6ttum \u00feeirra.<a name=\"30\"><span class=\"versanumer\">30<\/span><\/a>Skalt \u00fe\u00fa telja \u00fe\u00e1 fr\u00e1 \u00fer\u00edtugs aldri og \u00fea\u00f0an af eldri til fimmtugs aldurs, alla \u00fe\u00e1 er ganga \u00ed her\u00fej\u00f3nustu, til \u00feess a\u00f0 inna af hendi st\u00f6rf vi\u00f0 samfundatjaldi\u00f0.<a name=\"31\"><span class=\"versanumer\">31<\/span><\/a>Og \u00feetta er \u00fea\u00f0, sem \u00feeir eiga a\u00f0 sj\u00e1 um a\u00f0 bera, allt \u00fea\u00f0 sem \u00feeim ber a\u00f0 annast vi\u00f0 samfundatjaldi\u00f0: \u00feiljubor\u00f0 b\u00fa\u00f0arinnar, sl\u00e1r hennar, st\u00f3lpar og undirst\u00f6\u00f0ur,<a name=\"32\"><span class=\"versanumer\">32<\/span><\/a>enn fremur st\u00f3lpar forgar\u00f0sins allt \u00ed kring og undirst\u00f6\u00f0ur \u00feeirra, h\u00e6lar og st\u00f6g \u00e1samt \u00f6llum \u00e1h\u00f6ldum, er til \u00feess heyra, og \u00f6llu \u00fev\u00ed, er vi\u00f0 \u00feetta \u00fearf a\u00f0 annast. Og \u00fe\u00e9r skulu\u00f0 v\u00edsa \u00feeim \u00e1 \u00f6ll \u00e1h\u00f6ld \u00feau, er \u00feeir eiga a\u00f0 bera, me\u00f0 nafni.<a name=\"33\"><span class=\"versanumer\">33<\/span><\/a>\u00deetta er \u00fej\u00f3nusta kynkv\u00edsla Merar\u00ed sona. \u00d6ll \u00fej\u00f3nusta \u00feeirra vi\u00f0 samfundatjaldi\u00f0 skal vera undir umsj\u00f3n \u00cdtamars, sonar Arons prests.<a name=\"34\"><span class=\"versanumer\">34<\/span><\/a>M\u00f3se og Aron og h\u00f6f\u00f0ingjar safna\u00f0arins t\u00f6ldu n\u00fa sonu Kahat\u00edtanna eftir kynkv\u00edslum \u00feeirra og eftir \u00e6ttum \u00feeirra,<a name=\"35\"><span class=\"versanumer\">35<\/span><\/a>fr\u00e1 \u00fer\u00edtugs aldri og \u00fea\u00f0an af eldri til fimmtugs aldurs, alla \u00fe\u00e1 sem ganga \u00ed her\u00fej\u00f3nustu, til \u00feess a\u00f0 inna af hendi st\u00f6rf vi\u00f0 samfundatjaldi\u00f0.<a name=\"36\"><span class=\"versanumer\">36<\/span><\/a>Og \u00feeir, er taldir voru af \u00feeim eftir kynkv\u00edslum \u00feeirra, voru 2.750.<a name=\"37\"><span class=\"versanumer\">37<\/span><\/a>\u00deetta eru \u00feeir, er taldir voru af kynkv\u00edslum Kahat\u00edta, allir \u00feeir er \u00fej\u00f3nustu gegndu vi\u00f0 samfundatjaldi\u00f0 og \u00feeir M\u00f3se og Aron t\u00f6ldu a\u00f0 bo\u00f0i Drottins, er M\u00f3se flutti.<a name=\"38\"><span class=\"versanumer\">38<\/span><\/a>\u00deeir sem taldir voru af Gersons sonum eftir kynkv\u00edslum \u00feeirra og eftir \u00e6ttum \u00feeirra,<a name=\"39\"><span class=\"versanumer\">39<\/span><\/a>fr\u00e1 \u00fer\u00edtugs aldri og \u00fea\u00f0an af eldri til fimmtugs aldurs, allir \u00feeir sem ganga \u00ed her\u00fej\u00f3nustu, til \u00feess a\u00f0 inna af hendi st\u00f6rf vi\u00f0 samfundatjaldi\u00f0<a name=\"40\"><span class=\"versanumer\">40<\/span><\/a>\u00feeir er taldir voru af \u00feeim eftir kynkv\u00edslum \u00feeirra, eftir \u00e6ttum \u00feeirra, voru 2.630.<a name=\"41\"><span class=\"versanumer\">41<\/span><\/a>\u00deetta eru \u00feeir, er taldir voru af kynkv\u00edslum Gersons sona, allir \u00feeir er \u00fej\u00f3nustu gegndu vi\u00f0 samfundatjaldi\u00f0 og \u00feeir M\u00f3se og Aron t\u00f6ldu eftir bo\u00f0i Drottins.<a name=\"42\"><span class=\"versanumer\">42<\/span><\/a>\u00deeir sem taldir voru af kynkv\u00edslum Merar\u00ed sona, eftir kynkv\u00edslum \u00feeirra, eftir \u00e6ttum \u00feeirra,<a name=\"43\"><span class=\"versanumer\">43<\/span><\/a>fr\u00e1 \u00fer\u00edtugs aldri og \u00fea\u00f0an af eldri til fimmtugs aldurs, allir \u00feeir sem ganga \u00ed her\u00fej\u00f3nustu, til \u00feess a\u00f0 inna af hendi st\u00f6rf vi\u00f0 samfundatjaldi\u00f0<a name=\"44\"><span class=\"versanumer\">44<\/span><\/a>\u00feeir er taldir voru af \u00feeim eftir kynkv\u00edslum \u00feeirra, voru 3.200.<a name=\"45\"><span class=\"versanumer\">45<\/span><\/a>\u00deetta eru \u00feeir, er taldir voru af kynkv\u00edslum Merar\u00ed sona og \u00feeir M\u00f3se og Aron t\u00f6ldu eftir bo\u00f0i Drottins, er M\u00f3se flutti.<a name=\"46\"><span class=\"versanumer\">46<\/span><\/a>Allir \u00feeir er taldir voru af lev\u00edtunum og \u00feeir M\u00f3se og Aron og h\u00f6f\u00f0ingjar \u00cdsraels t\u00f6ldu eftir kynkv\u00edslum \u00feeirra og eftir \u00e6ttum \u00feeirra,<a name=\"47\"><span class=\"versanumer\">47<\/span><\/a>fr\u00e1 \u00fer\u00edtugs aldri og \u00fea\u00f0an af eldri til fimmtugs aldurs, allir \u00feeir sem komu til \u00feess a\u00f0 inna af hendi \u00fej\u00f3nustust\u00f6rf e\u00f0a bur\u00f0arst\u00f6rf vi\u00f0 samfundatjaldi\u00f0<a name=\"48\"><span class=\"versanumer\">48<\/span><\/a>\u00feeir er taldir voru af \u00feeim, voru 8.580.<a name=\"49\"><span class=\"versanumer\">49<\/span><\/a>Eftir bo\u00f0i Drottins var \u00feeim hverjum einum undir umsj\u00f3n M\u00f3se v\u00edsa\u00f0 \u00e1 \u00fea\u00f0, er \u00feeir \u00e1ttu a\u00f0 annast og \u00feeir \u00e1ttu a\u00f0 bera. Og \u00feeir voru taldir, svo sem Drottinn haf\u00f0i bo\u00f0i\u00f0 M\u00f3se.<\/p>\n<div class=\"footnote1981\"><b>4.3<\/b> Fr\u00e1 \u00fer\u00edtugs aldri sbr 4M\u00f3s 8.24; 1Kro 23.24; 2Kro 31.17; Esr 3.8<br \/>\n<b>4.4<\/b> Hi\u00f0 h\u00e1heilaga 2M\u00f3s 35-38<\/div>\n","protected":false},"excerpt":{"rendered":"<p>1Drottinn tala\u00f0i vi\u00f0 M\u00f3se og Aron og sag\u00f0i:2Taki\u00f0 t\u00f6lu Kahats sona me\u00f0al Lev\u00ed sona, eftir kynkv\u00edslum \u00feeirra, eftir \u00e6ttum \u00feeirra,3fr\u00e1 \u00fer\u00edtugs aldri og \u00fea\u00f0an af eldri til fimmtugs aldurs, alla herf\u00e6ra menn, til \u00feess a\u00f0 gegna st\u00f6rfum vi\u00f0 samfundatjaldi\u00f0.4\u00deetta er \u00fej\u00f3nusta Kahats sona vi\u00f0 samfundatjaldi\u00f0: Hi\u00f0 h\u00e1heilaga.5\u00deegar herinn tekur sig upp, skulu \u00feeir Aron og synir hans ganga inn og taka ni\u00f0ur fortjaldsd\u00fakbrei\u00f0una og l\u00e1ta hana yfir s\u00e1ttm\u00e1ls\u00f6rkina.6Og \u00feeir skulu leggja \u00fear yfir \u00e1brei\u00f0u af h\u00f6frungaskinni og brei\u00f0a yfir kl\u00e6\u00f0i, sem allt er gj\u00f6rt af bl\u00e1um purpura, og setja stengurnar \u00ed.7Yfir sko\u00f0unarbrau\u00f0abor\u00f0i\u00f0 skulu \u00feeir brei\u00f0a kl\u00e6\u00f0i af bl\u00e1um purpura og <a href=\"https:\/\/biblian.is\/1981\/fjorda-mosebok-4-kafli\/\"> [&#8230;]<\/a><\/p>\n","protected":false},"author":1,"featured_media":0,"parent":0,"menu_order":0,"comment_status":"open","ping_status":"open","template":"bibliukaflar.php","meta":{"footnotes":""},"class_list":["post-1467","page","type-page","status-publish","hentry"],"_links":{"self":[{"href":"https:\/\/biblian.is\/1981\/wp-json\/wp\/v2\/pages\/1467","targetHints":{"allow":["GET"]}}],"collection":[{"href":"https:\/\/biblian.is\/1981\/wp-json\/wp\/v2\/pages"}],"about":[{"href":"https:\/\/biblian.is\/1981\/wp-json\/wp\/v2\/types\/page"}],"author":[{"embeddable":true,"href":"https:\/\/biblian.is\/1981\/wp-json\/wp\/v2\/users\/1"}],"replies":[{"embeddable":true,"href":"https:\/\/biblian.is\/1981\/wp-json\/wp\/v2\/comments?post=1467"}],"version-history":[{"count":0,"href":"https:\/\/biblian.is\/1981\/wp-json\/wp\/v2\/pages\/1467\/revisions"}],"wp:attachment":[{"href":"https:\/\/biblian.is\/1981\/wp-json\/wp\/v2\/media?parent=1467"}],"curies":[{"name":"wp","href":"https:\/\/api.w.org\/{rel}","templated":true}]}}