{"id":1466,"date":"2017-11-18T20:17:24","date_gmt":"2017-11-18T20:17:24","guid":{"rendered":"http:\/\/biblian.is\/1981\/fjorda-mosebok-3-kafli\/"},"modified":"2021-06-06T10:56:40","modified_gmt":"2021-06-06T10:56:40","slug":"fjorda-mosebok-3-kafli","status":"publish","type":"page","link":"https:\/\/biblian.is\/1981\/fjorda-mosebok-3-kafli\/","title":{"rendered":"Fj\u00f3r\u00f0a M\u00f3seb\u00f3k 3. kafli"},"content":{"rendered":"<p><a name=\"1\"><span class=\"versanumer\">1<\/span><\/a>\u00deessir voru ni\u00f0jar Arons og M\u00f3se, \u00fe\u00e1 er Drottinn tala\u00f0i vi\u00f0 M\u00f3se \u00e1 S\u00edna\u00edfjalli.<a name=\"2\"><span class=\"versanumer\">2<\/span><\/a>\u00deessi voru n\u00f6fn Arons sona: Nadab frumgetinn og Ab\u00edh\u00fa, Eleasar og \u00cdtamar.<a name=\"3\"><span class=\"versanumer\">3<\/span><\/a>\u00deessi voru n\u00f6fn Arons sona, hinna smur\u00f0u presta, sem v\u00edg\u00f0ir voru til prests\u00fej\u00f3nustu,<a name=\"4\"><span class=\"versanumer\">4<\/span><\/a>&#8222;en \u00feeir Nadab og Ab\u00edh\u00fa d\u00f3u fyrir augliti Drottins, \u00fe\u00e1 er \u00feeir b\u00e1ru \u00f3v\u00edg\u00f0an eld fram fyrir Drottin \u00ed S\u00edna\u00ed-ey\u00f0im\u00f6rk; en \u00feeir \u00e1ttu enga sonu. \u00deeir Eleasar og \u00cdtamar \u00fej\u00f3nu\u00f0u \u00fev\u00ed \u00ed prestsemb\u00e6tti frammi fyrir Aroni, f\u00f6\u00f0ur s\u00ednum.&#8220;<a name=\"5\"><span class=\"versanumer\">5<\/span><\/a>Drottinn tala\u00f0i vi\u00f0 M\u00f3se og sag\u00f0i:<a name=\"6\"><span class=\"versanumer\">6<\/span><\/a>L\u00e1t \u00fe\u00fa \u00e6ttkv\u00edsl Lev\u00ed koma og lei\u00f0 \u00fe\u00fa hana fyrir Aron prest, a\u00f0 \u00feeir \u00fej\u00f3ni honum.<a name=\"7\"><span class=\"versanumer\">7<\/span><\/a>\u00deeir skulu annast \u00fea\u00f0, sem annast \u00fearf fyrir hann, og \u00fea\u00f0, sem annast \u00fearf fyrir allan s\u00f6fnu\u00f0inn fyrir framan samfundatjaldi\u00f0, og gegna \u00fej\u00f3nustu \u00ed b\u00fa\u00f0inni.<a name=\"8\"><span class=\"versanumer\">8<\/span><\/a>Og \u00feeir skulu sj\u00e1 um \u00f6ll \u00e1h\u00f6ld samfundatjaldsins og \u00fea\u00f0, sem annast \u00fearf fyrir \u00cdsraelsmenn, og gegna \u00fej\u00f3nustu \u00ed b\u00fa\u00f0inni.<a name=\"9\"><span class=\"versanumer\">9<\/span><\/a>Og \u00fe\u00fa skalt gefa lev\u00edtana Aroni og sonum hans. \u00deeir eru honum gefnir af \u00cdsraelsm\u00f6nnum til fullkominnar eignar.<a name=\"10\"><span class=\"versanumer\">10<\/span><\/a>En Aron og sonu hans skalt \u00fe\u00fa setja til \u00feess a\u00f0 annast prestsemb\u00e6tti, og komi \u00f3v\u00edg\u00f0ur ma\u00f0ur \u00fear n\u00e6rri, skal hann l\u00edfl\u00e1tinn ver\u00f0a.<a name=\"11\"><span class=\"versanumer\">11<\/span><\/a>Drottinn tala\u00f0i vi\u00f0 M\u00f3se og sag\u00f0i:<a name=\"12\"><span class=\"versanumer\">12<\/span><\/a>Sj\u00e1, \u00e9g hefi teki\u00f0 lev\u00edtana af \u00cdsraelsm\u00f6nnum \u00ed sta\u00f0 allra frumbur\u00f0a \u00cdsraelsmanna, \u00fe\u00e1 er opna m\u00f3\u00f0url\u00edf, og skulu lev\u00edtarnir vera m\u00edn eign.<a name=\"13\"><span class=\"versanumer\">13<\/span><\/a>\u00dev\u00ed a\u00f0 \u00e9g \u00e1 alla frumbur\u00f0i. \u00c1 \u00feeim degi, er \u00e9g laust alla frumbur\u00f0i \u00ed Egyptalandi, helga\u00f0i \u00e9g m\u00e9r alla frumbur\u00f0i \u00ed \u00cdsrael, b\u00e6\u00f0i menn og skepnur. M\u00ednir skulu \u00feeir vera. \u00c9g er Drottinn.<a name=\"14\"><span class=\"versanumer\">14<\/span><\/a>Drottinn tala\u00f0i vi\u00f0 M\u00f3se \u00ed S\u00edna\u00ed-ey\u00f0im\u00f6rk og sag\u00f0i:<a name=\"15\"><span class=\"versanumer\">15<\/span><\/a>Tel \u00fe\u00fa sonu Lev\u00ed eftir \u00e6ttum \u00feeirra og kynkv\u00edslum. Alla karlmenn m\u00e1na\u00f0argamla og \u00fea\u00f0an af eldri skalt \u00fe\u00fa telja.<a name=\"16\"><span class=\"versanumer\">16<\/span><\/a>Og M\u00f3se taldi \u00fe\u00e1 a\u00f0 bo\u00f0i Drottins, eins og fyrir hann var lagt.<a name=\"17\"><span class=\"versanumer\">17<\/span><\/a>\u00deessir voru synir Lev\u00ed eftir n\u00f6fnum \u00feeirra: Gerson, Kahat og Merar\u00ed.<a name=\"18\"><span class=\"versanumer\">18<\/span><\/a>\u00deessi eru n\u00f6fn Gersons sona eftir kynkv\u00edslum \u00feeirra: Libn\u00ed og S\u00edme\u00ed.<a name=\"19\"><span class=\"versanumer\">19<\/span><\/a>Synir Kahats eftir kynkv\u00edslum \u00feeirra: Amram og J\u00edsehar, Hebron og \u00dass\u00edel.<a name=\"20\"><span class=\"versanumer\">20<\/span><\/a>Synir Merar\u00ed eftir kynkv\u00edslum \u00feeirra: Mahel\u00ed og M\u00fas\u00ed. \u00deessar eru kynkv\u00edslir Lev\u00ed eftir \u00e6ttum \u00feeirra.<a name=\"21\"><span class=\"versanumer\">21<\/span><\/a>Til Gersons telst kynkv\u00edsl Libn\u00edta og kynkv\u00edsl S\u00edme\u00edta. \u00deessar eru kynkv\u00edslir Gers\u00f3n\u00edta.<a name=\"22\"><span class=\"versanumer\">22<\/span><\/a>\u00deeir er taldir voru af \u00feeim eftir t\u00f6lu \u00e1 \u00f6llum karlkyns, m\u00e1na\u00f0arg\u00f6mlum og \u00fea\u00f0an af eldri \u00feeir er taldir voru af \u00feeim, voru 7.500.<a name=\"23\"><span class=\"versanumer\">23<\/span><\/a>Kynkv\u00edslir Gers\u00f3n\u00edta tj\u00f6ldu\u00f0u a\u00f0 baki b\u00fa\u00f0arinnar, a\u00f0 vestanver\u00f0u.<a name=\"24\"><span class=\"versanumer\">24<\/span><\/a>Og h\u00f6fu\u00f0sma\u00f0ur yfir \u00e6tt Gers\u00f3n\u00edta var Eljasaf Laelsson.<a name=\"25\"><span class=\"versanumer\">25<\/span><\/a>\u00dea\u00f0 sem Gersons synir \u00e1ttu a\u00f0 annast \u00ed samfundatjaldinu, var b\u00fa\u00f0in og tjaldi\u00f0, \u00feaki\u00f0 \u00e1 \u00fev\u00ed og d\u00fakbrei\u00f0an fyrir dyrum samfundatjaldsins,<a name=\"26\"><span class=\"versanumer\">26<\/span><\/a>forgar\u00f0stj\u00f6ldin og d\u00fakbrei\u00f0an fyrir dyrum forgar\u00f0sins, sem liggur allt \u00ed kringum b\u00fa\u00f0ina og altari\u00f0, og st\u00f6gin, sem \u00fear til heyra allt sem a\u00f0 \u00fev\u00ed \u00feurfti a\u00f0 \u00fej\u00f3na.<a name=\"27\"><span class=\"versanumer\">27<\/span><\/a>Til Kahats telst kynkv\u00edsl Amram\u00edta, kynkv\u00edsl J\u00edsehar\u00edta, kynkv\u00edsl Hebr\u00f3n\u00edta og kynkv\u00edsl \u00dass\u00edel\u00edta. \u00deessar eru kynkv\u00edslir Kahat\u00edta.<a name=\"28\"><span class=\"versanumer\">28<\/span><\/a>Eftir t\u00f6lu \u00e1 \u00f6llum karlkyns, m\u00e1na\u00f0arg\u00f6mlum og \u00fea\u00f0an af eldri, voru \u00feeir 8.600 og h\u00f6f\u00f0u \u00e1 hendi a\u00f0 annast helgid\u00f3minn.<a name=\"29\"><span class=\"versanumer\">29<\/span><\/a>Kynkv\u00edslir Kahats sona tj\u00f6ldu\u00f0u \u00e1 hli\u00f0 vi\u00f0 b\u00fa\u00f0ina, a\u00f0 sunnanver\u00f0u.<a name=\"30\"><span class=\"versanumer\">30<\/span><\/a>Og \u00e6tth\u00f6f\u00f0ingi yfir kynkv\u00edslum Kahat\u00edta var El\u00edsafan \u00dass\u00edelsson.<a name=\"31\"><span class=\"versanumer\">31<\/span><\/a>\u00dea\u00f0 sem \u00feeir \u00e1ttu a\u00f0 annast, var \u00f6rkin, bor\u00f0i\u00f0, lj\u00f3sastikan, \u00f6lturun og hin helgu \u00e1h\u00f6ld, er \u00feeir hafa vi\u00f0 \u00fej\u00f3nustugj\u00f6r\u00f0ina, og d\u00fakbrei\u00f0an og allt, sem a\u00f0 \u00fev\u00ed \u00feurfti a\u00f0 \u00fej\u00f3na.<a name=\"32\"><span class=\"versanumer\">32<\/span><\/a>H\u00f6f\u00f0ingi yfir h\u00f6f\u00f0ingjum lev\u00edtanna var Eleasar Aronsson prests. Hann haf\u00f0i umsj\u00f3n yfir \u00feeim, er h\u00f6f\u00f0u \u00e1 hendi a\u00f0 annast helgid\u00f3minn.<a name=\"33\"><span class=\"versanumer\">33<\/span><\/a>Til Merar\u00ed telst kynkv\u00edsl Mahel\u00edta og kynkv\u00edsl M\u00fas\u00edta. \u00deessar eru kynkv\u00edslir Merar\u00ed.<a name=\"34\"><span class=\"versanumer\">34<\/span><\/a>Og \u00feeir er taldir voru af \u00feeim, eftir t\u00f6lu \u00e1 \u00f6llum karlkyns, m\u00e1na\u00f0arg\u00f6mlum og \u00fea\u00f0an af eldri, voru 6.200.<a name=\"35\"><span class=\"versanumer\">35<\/span><\/a>\u00c6tth\u00f6f\u00f0ingi yfir kynkv\u00edslum Merar\u00ed var S\u00far\u00edel Ab\u00edha\u00edlsson. Tj\u00f6ldu\u00f0u \u00feeir \u00e1 hli\u00f0 vi\u00f0 b\u00fa\u00f0ina, a\u00f0 nor\u00f0anver\u00f0u.<a name=\"36\"><span class=\"versanumer\">36<\/span><\/a>Merar\u00ed sonum var falin hir\u00f0ing \u00e1 \u00feiljubor\u00f0um b\u00fa\u00f0arinnar, \u00e1 sl\u00e1m hennar, st\u00f3lpum og undirst\u00f6\u00f0um og \u00f6llum \u00e1h\u00f6ldum hennar, og allt sem a\u00f0 \u00fev\u00ed \u00feurfti a\u00f0 \u00fej\u00f3na,<a name=\"37\"><span class=\"versanumer\">37<\/span><\/a>\u00e1 st\u00f3lpum forgar\u00f0sins allt \u00ed kring og undirst\u00f6\u00f0um \u00feeirra, h\u00e6lum og st\u00f6gum.<a name=\"38\"><span class=\"versanumer\">38<\/span><\/a>Fyrir framan b\u00fa\u00f0ina, a\u00f0 austanver\u00f0u, fyrir framan samfundatjaldi\u00f0, m\u00f3ti uppr\u00e1s s\u00f3lar, tj\u00f6ldu\u00f0u \u00feeir M\u00f3se og Aron og synir hans, og h\u00f6f\u00f0u \u00e1 hendi a\u00f0 annast helgid\u00f3minn, \u00fea\u00f0 er annast \u00feurfti fyrir \u00cdsraelsmenn. En komi \u00f3v\u00edg\u00f0ur ma\u00f0ur \u00fear n\u00e6rri, skal hann l\u00edfl\u00e1tinn ver\u00f0a.<a name=\"39\"><span class=\"versanumer\">39<\/span><\/a>Allir \u00feeir er taldir voru af lev\u00edtunum, sem \u00feeir M\u00f3se og Aron t\u00f6ldu eftir bo\u00f0i Drottins, eftir kynkv\u00edslum \u00feeirra allir karlkyns, m\u00e1na\u00f0argamlir og \u00fea\u00f0an af eldri, voru 22.000.<a name=\"40\"><span class=\"versanumer\">40<\/span><\/a>Drottinn sag\u00f0i vi\u00f0 M\u00f3se: Tel \u00fe\u00fa alla frumbur\u00f0i karlkyns me\u00f0al \u00cdsraelsmanna, m\u00e1na\u00f0argamla og \u00fea\u00f0an af eldri, og haf \u00fe\u00fa t\u00f6lu \u00e1 n\u00f6fnum \u00feeirra.<a name=\"41\"><span class=\"versanumer\">41<\/span><\/a>Og \u00fe\u00fa skalt taka lev\u00edtana m\u00e9r til handa \u00e9g er Drottinn \u00ed sta\u00f0 allra frumbur\u00f0a me\u00f0al \u00cdsraelsmanna, og f\u00e9na\u00f0 lev\u00edtanna \u00ed sta\u00f0 allra frumbur\u00f0a af f\u00e9na\u00f0i \u00cdsraelsmanna.<a name=\"42\"><span class=\"versanumer\">42<\/span><\/a>M\u00f3se taldi, svo sem Drottinn haf\u00f0i bo\u00f0i\u00f0 honum, alla frumbur\u00f0i me\u00f0al \u00cdsraelsmanna.<a name=\"43\"><span class=\"versanumer\">43<\/span><\/a>Og allir frumbur\u00f0ir karlkyns, eftir nafnat\u00f6lu, m\u00e1na\u00f0argamlir og \u00fea\u00f0an af eldri, \u00feeir er taldir voru af \u00feeim, voru 22.273.<a name=\"44\"><span class=\"versanumer\">44<\/span><\/a>Drottinn tala\u00f0i vi\u00f0 M\u00f3se og sag\u00f0i:<a name=\"45\"><span class=\"versanumer\">45<\/span><\/a>Tak \u00fe\u00fa lev\u00edtana \u00ed sta\u00f0 allra frumbur\u00f0a me\u00f0al \u00cdsraelsmanna og f\u00e9na\u00f0 lev\u00edtanna \u00ed sta\u00f0 f\u00e9na\u00f0ar \u00feeirra, og skulu lev\u00edtarnir vera m\u00edn eign. \u00c9g er Drottinn.<a name=\"46\"><span class=\"versanumer\">46<\/span><\/a>Og a\u00f0 \u00fev\u00ed er snertir lausnargjald \u00feeirra tv\u00f6 hundru\u00f0 sj\u00f6t\u00edu og \u00feriggja, \u00feeirra af frumbur\u00f0um \u00cdsraelsmanna, sem umfram eru lev\u00edtana,<a name=\"47\"><span class=\"versanumer\">47<\/span><\/a>\u00fe\u00e1 skalt \u00fe\u00fa taka fimm sikla fyrir hvert h\u00f6fu\u00f0. Eftir helgid\u00f3mssikli skalt \u00fe\u00fa taka, tuttugu gerur \u00ed sikli.<a name=\"48\"><span class=\"versanumer\">48<\/span><\/a>Og \u00fe\u00fa skalt f\u00e1 Aroni og sonum hans f\u00e9\u00f0 til lausnar \u00feeim, sem umfram eru me\u00f0al \u00feeirra.<a name=\"49\"><span class=\"versanumer\">49<\/span><\/a>Og M\u00f3se t\u00f3k lausnargjaldi\u00f0 af \u00feeim, er umfram voru \u00fe\u00e1, er leystir voru fyrir lev\u00edtana.<a name=\"50\"><span class=\"versanumer\">50<\/span><\/a>T\u00f3k hann f\u00e9\u00f0 af frumbur\u00f0um \u00cdsraelsmanna, eitt \u00fe\u00fasund \u00ferj\u00fa hundru\u00f0 sext\u00edu og fimm sikla, eftir helgid\u00f3ms sikli.<a name=\"51\"><span class=\"versanumer\">51<\/span><\/a>Og M\u00f3se seldi lausnargjaldi\u00f0 Aroni og sonum hans \u00ed hendur eftir bo\u00f0i Drottins, svo sem Drottinn haf\u00f0i bo\u00f0i\u00f0 M\u00f3se.<\/p>\n<div class=\"footnote1981\"><b>3.2<\/b> Synir Arons 4M\u00f3s 26.60; 2M\u00f3s 6.23; 28.1; 1Kro 5.29<br \/>\n<b>3.3<\/b> Smur\u00f0ir og v\u00edg\u00f0ir 2M\u00f3s 29.29; 30.30; 3M\u00f3s 8<br \/>\n<b>3.4<\/b> Nadab og Ab\u00edh\u00fa 4M\u00f3s 26.61; 3M\u00f3s 10.1-2 \u2013 Eleasar og \u00cdtamar 3M\u00f3s 10.6-7<br \/>\n<b>3.9<\/b> Til eignar 4M\u00f3s 8.16+<br \/>\n<b>3.12<\/b> Lev\u00edtarnir 4M\u00f3s 8.16<br \/>\n<b>3.13<\/b> Frumbur\u00f0ir 4M\u00f3s 8.17; 2M\u00f3s 13.1-16; 22.29-30; 34.19-20<br \/>\n<b>3.14-39<\/b> Manntal 4M\u00f3s 26.57-62; sbr 4.34-49<br \/>\n<b>3.17<\/b> Synir Lev\u00ed 2M\u00f3s 6.16-19; 1Kro 6.1-15<br \/>\n<b>3.39<\/b> 22.000 4M\u00f3s 26.62<br \/>\n<b>3.41<\/b> Lev\u00edtar sbr 2M\u00f3s 13.12; 22.29; 5M\u00f3s 15.19-23<br \/>\n<b>3.47<\/b> Fimm siklar 3M\u00f3s 27.6<\/div>\n","protected":false},"excerpt":{"rendered":"<p>1\u00deessir voru ni\u00f0jar Arons og M\u00f3se, \u00fe\u00e1 er Drottinn tala\u00f0i vi\u00f0 M\u00f3se \u00e1 S\u00edna\u00edfjalli.2\u00deessi voru n\u00f6fn Arons sona: Nadab frumgetinn og Ab\u00edh\u00fa, Eleasar og \u00cdtamar.3\u00deessi voru n\u00f6fn Arons sona, hinna smur\u00f0u presta, sem v\u00edg\u00f0ir voru til prests\u00fej\u00f3nustu,4&#8222;en \u00feeir Nadab og Ab\u00edh\u00fa d\u00f3u fyrir augliti Drottins, \u00fe\u00e1 er \u00feeir b\u00e1ru \u00f3v\u00edg\u00f0an eld fram fyrir Drottin \u00ed S\u00edna\u00ed-ey\u00f0im\u00f6rk; en \u00feeir \u00e1ttu enga sonu. \u00deeir Eleasar og \u00cdtamar \u00fej\u00f3nu\u00f0u \u00fev\u00ed \u00ed prestsemb\u00e6tti frammi fyrir Aroni, f\u00f6\u00f0ur s\u00ednum.&#8220;5Drottinn tala\u00f0i vi\u00f0 M\u00f3se og sag\u00f0i:6L\u00e1t \u00fe\u00fa \u00e6ttkv\u00edsl Lev\u00ed koma og lei\u00f0 \u00fe\u00fa hana fyrir Aron prest, a\u00f0 \u00feeir \u00fej\u00f3ni honum.7\u00deeir skulu annast \u00fea\u00f0, sem annast \u00fearf <a href=\"https:\/\/biblian.is\/1981\/fjorda-mosebok-3-kafli\/\"> [&#8230;]<\/a><\/p>\n","protected":false},"author":1,"featured_media":0,"parent":0,"menu_order":0,"comment_status":"open","ping_status":"open","template":"bibliukaflar.php","meta":{"footnotes":""},"class_list":["post-1466","page","type-page","status-publish","hentry"],"_links":{"self":[{"href":"https:\/\/biblian.is\/1981\/wp-json\/wp\/v2\/pages\/1466","targetHints":{"allow":["GET"]}}],"collection":[{"href":"https:\/\/biblian.is\/1981\/wp-json\/wp\/v2\/pages"}],"about":[{"href":"https:\/\/biblian.is\/1981\/wp-json\/wp\/v2\/types\/page"}],"author":[{"embeddable":true,"href":"https:\/\/biblian.is\/1981\/wp-json\/wp\/v2\/users\/1"}],"replies":[{"embeddable":true,"href":"https:\/\/biblian.is\/1981\/wp-json\/wp\/v2\/comments?post=1466"}],"version-history":[{"count":0,"href":"https:\/\/biblian.is\/1981\/wp-json\/wp\/v2\/pages\/1466\/revisions"}],"wp:attachment":[{"href":"https:\/\/biblian.is\/1981\/wp-json\/wp\/v2\/media?parent=1466"}],"curies":[{"name":"wp","href":"https:\/\/api.w.org\/{rel}","templated":true}]}}