{"id":1465,"date":"2017-11-18T20:17:24","date_gmt":"2017-11-18T20:17:24","guid":{"rendered":"http:\/\/biblian.is\/1981\/fjorda-mosebok-2-kafli\/"},"modified":"2021-06-06T10:56:36","modified_gmt":"2021-06-06T10:56:36","slug":"fjorda-mosebok-2-kafli","status":"publish","type":"page","link":"https:\/\/biblian.is\/1981\/fjorda-mosebok-2-kafli\/","title":{"rendered":"Fj\u00f3r\u00f0a M\u00f3seb\u00f3k 2. kafli"},"content":{"rendered":"<p><a name=\"1\"><span class=\"versanumer\">1<\/span><\/a>Drottinn tala\u00f0i vi\u00f0 M\u00f3se og Aron og sag\u00f0i:<a name=\"2\"><span class=\"versanumer\">2<\/span><\/a>S\u00e9rhver \u00cdsraelsmanna skal tjalda hj\u00e1 merki s\u00ednu, vi\u00f0 einkenni \u00e6ttar sinnar. Skulu \u00feeir tjalda gegnt samfundatjaldinu hringinn \u00ed kring.<a name=\"3\"><span class=\"versanumer\">3<\/span><\/a>A\u00f0 austanver\u00f0u, gegnt uppr\u00e1s s\u00f3lar, skulu \u00feeir tjalda undir merki J\u00fada herb\u00fa\u00f0a, eftir hersveitum \u00feeirra, og h\u00f6fu\u00f0sma\u00f0ur J\u00fada sona s\u00e9 Nakson Amm\u00ednadabsson.<a name=\"4\"><span class=\"versanumer\">4<\/span><\/a>Hersveit hans og taldir li\u00f0smenn \u00feeirra voru 74.600.<a name=\"5\"><span class=\"versanumer\">5<\/span><\/a>N\u00e6st honum skal tjalda \u00e6ttkv\u00edsl \u00cdssakars, og h\u00f6fu\u00f0sma\u00f0ur \u00cdssakars sona s\u00e9 Netanel S\u00faarsson.<a name=\"6\"><span class=\"versanumer\">6<\/span><\/a>Hersveit hans og taldir li\u00f0smenn hans voru 54.400.<a name=\"7\"><span class=\"versanumer\">7<\/span><\/a>Enn fremur \u00e6ttkv\u00edsl Seb\u00falons, og h\u00f6fu\u00f0sma\u00f0ur Seb\u00falons sona s\u00e9 El\u00edab Hel\u00f3nsson.<a name=\"8\"><span class=\"versanumer\">8<\/span><\/a>Hersveit hans og taldir li\u00f0smenn hans voru 57.400.<a name=\"9\"><span class=\"versanumer\">9<\/span><\/a>Allir taldir li\u00f0smenn \u00ed J\u00fada herb\u00fa\u00f0um voru 186.400, eftir hersveitum \u00feeirra. Skulu \u00feeir taka sig upp fyrstir.<a name=\"10\"><span class=\"versanumer\">10<\/span><\/a>A\u00f0 sunnanver\u00f0u skal merki R\u00fabens herb\u00fa\u00f0a vera, eftir hersveitum \u00feeirra, og h\u00f6fu\u00f0sma\u00f0ur R\u00fabens sona s\u00e9 El\u00eds\u00far Sede\u00farsson.<a name=\"11\"><span class=\"versanumer\">11<\/span><\/a>Hersveit hans og taldir li\u00f0smenn hans voru 46.500.<a name=\"12\"><span class=\"versanumer\">12<\/span><\/a>N\u00e6st honum skal tjalda \u00e6ttkv\u00edsl S\u00edmeons, og h\u00f6fu\u00f0sma\u00f0ur S\u00edmeons sona s\u00e9 Sel\u00fam\u00edel S\u00far\u00edsadda\u00edson.<a name=\"13\"><span class=\"versanumer\">13<\/span><\/a>Hersveit hans og taldir li\u00f0smenn \u00feeirra voru 59.300.<a name=\"14\"><span class=\"versanumer\">14<\/span><\/a>Enn fremur \u00e6ttkv\u00edsl Ga\u00f0s, og h\u00f6fu\u00f0sma\u00f0ur Ga\u00f0s sona s\u00e9 Eljasaf Deg\u00faelsson.<a name=\"15\"><span class=\"versanumer\">15<\/span><\/a>Hersveit hans og taldir li\u00f0smenn \u00feeirra voru 45.650.<a name=\"16\"><span class=\"versanumer\">16<\/span><\/a>Allir taldir li\u00f0smenn \u00ed R\u00fabens herb\u00fa\u00f0um voru 151.450, eftir hersveitum \u00feeirra. Skulu \u00feeir taka sig upp n\u00e6stir hinum fyrstu.<a name=\"17\"><span class=\"versanumer\">17<\/span><\/a>\u00de\u00e1 skal samfundatjaldi\u00f0 taka sig upp \u00e1samt b\u00fa\u00f0um lev\u00edtanna, \u00ed mi\u00f0jum hernum. Eins og \u00feeir tjalda, svo skulu \u00feeir taka sig upp, hver \u00e1 s\u00ednum sta\u00f0, eftir merkjum s\u00ednum.<a name=\"18\"><span class=\"versanumer\">18<\/span><\/a>A\u00f0 vestanver\u00f0u skal merki Efra\u00edms herb\u00fa\u00f0a vera, eftir hersveitum \u00feeirra, og h\u00f6fu\u00f0sma\u00f0ur yfir Efra\u00edms sonum s\u00e9 El\u00edsama Amm\u00edh\u00fadsson.<a name=\"19\"><span class=\"versanumer\">19<\/span><\/a>Hersveit hans og taldir li\u00f0smenn \u00feeirra voru 40.500.<a name=\"20\"><span class=\"versanumer\">20<\/span><\/a>N\u00e6st honum \u00e6ttkv\u00edsl Manasse, og h\u00f6fu\u00f0sma\u00f0ur yfir Manasse sonum s\u00e9 Gaml\u00edel Pedas\u00farsson.<a name=\"21\"><span class=\"versanumer\">21<\/span><\/a>Hersveit hans og taldir li\u00f0smenn \u00feeirra voru 32.200.<a name=\"22\"><span class=\"versanumer\">22<\/span><\/a>Enn fremur \u00e6ttkv\u00edsl Benjam\u00edns, og h\u00f6fu\u00f0sma\u00f0ur yfir Benjam\u00edns sonum s\u00e9 Ab\u00eddan G\u00edde\u00f3n\u00edson.<a name=\"23\"><span class=\"versanumer\">23<\/span><\/a>Hersveit hans og taldir li\u00f0smenn \u00feeirra voru 35.400.<a name=\"24\"><span class=\"versanumer\">24<\/span><\/a>Allir taldir li\u00f0smenn \u00ed Efra\u00edms herb\u00fa\u00f0um voru 108.100, eftir hersveitum \u00feeirra. Og \u00feeir skulu hefja fer\u00f0 s\u00edna hinir \u00feri\u00f0ju.<a name=\"25\"><span class=\"versanumer\">25<\/span><\/a>A\u00f0 nor\u00f0anver\u00f0u skal merki Dans herb\u00fa\u00f0a vera, eftir hersveitum \u00feeirra, og h\u00f6fu\u00f0sma\u00f0ur yfir Dans sonum s\u00e9 Ak\u00edeser Amm\u00edsadda\u00edson.<a name=\"26\"><span class=\"versanumer\">26<\/span><\/a>Hersveit hans og taldir li\u00f0smenn \u00feeirra voru 62.700.<a name=\"27\"><span class=\"versanumer\">27<\/span><\/a>N\u00e6st honum tjaldi \u00e6ttkv\u00edsl Assers, og h\u00f6fu\u00f0sma\u00f0ur yfir Assers sonum s\u00e9 Pag\u00edel \u00d3kransson.<a name=\"28\"><span class=\"versanumer\">28<\/span><\/a>Hersveit hans og taldir li\u00f0smenn \u00feeirra voru 41.500.<a name=\"29\"><span class=\"versanumer\">29<\/span><\/a>Enn fremur \u00e6ttkv\u00edsl Naftal\u00ed, og h\u00f6fu\u00f0sma\u00f0ur yfir Naftal\u00ed sonum s\u00e9 Ak\u00edra Enansson.<a name=\"30\"><span class=\"versanumer\">30<\/span><\/a>Hersveit hans og taldir li\u00f0smenn \u00feeirra voru 53.400.<a name=\"31\"><span class=\"versanumer\">31<\/span><\/a>Allir taldir li\u00f0smenn \u00ed Dans herb\u00fa\u00f0um voru 157.600. Skulu \u00feeir hefja fer\u00f0 s\u00edna s\u00ed\u00f0astir, eftir merkjum s\u00ednum.<a name=\"32\"><span class=\"versanumer\">32<\/span><\/a>\u00deessir eru taldir li\u00f0smenn \u00cdsraelsmanna eftir \u00e6ttum \u00feeirra. Allir taldir li\u00f0smenn \u00ed herb\u00fa\u00f0unum eftir hersveitum \u00feeirra voru 603.550.<a name=\"33\"><span class=\"versanumer\">33<\/span><\/a>En lev\u00edtarnir voru ekki taldir me\u00f0al \u00cdsraelsmanna, svo sem Drottinn haf\u00f0i bo\u00f0i\u00f0 M\u00f3se.<a name=\"34\"><span class=\"versanumer\">34<\/span><\/a>Og \u00cdsraelsmenn gj\u00f6r\u00f0u svo. A\u00f0 \u00f6llu svo sem Drottinn haf\u00f0i bo\u00f0i\u00f0 M\u00f3se tj\u00f6ldu\u00f0u \u00feeir eftir merkjum s\u00ednum og h\u00f3fu fer\u00f0, hver eftir kynkv\u00edsl sinni, hj\u00e1 sinni \u00e6tt.<\/p>\n<div class=\"footnote1981\"><b>2.9<\/b> Fyrstir 4M\u00f3s 10.5,14-16<br \/>\n<b>2.16<\/b> N\u00e6stir 4M\u00f3s 10.5,18-20<br \/>\n<b>2.17<\/b> Halda af sta\u00f0 me\u00f0 samfundatjaldi\u00f0 4M\u00f3s 10.17,21<br \/>\n<b>2.24<\/b> Hinir \u00feri\u00f0ju 4M\u00f3s 10.22-24<br \/>\n<b>2.31<\/b> S\u00ed\u00f0astir 4M\u00f3s 10.25-27<\/div>\n","protected":false},"excerpt":{"rendered":"<p>1Drottinn tala\u00f0i vi\u00f0 M\u00f3se og Aron og sag\u00f0i:2S\u00e9rhver \u00cdsraelsmanna skal tjalda hj\u00e1 merki s\u00ednu, vi\u00f0 einkenni \u00e6ttar sinnar. Skulu \u00feeir tjalda gegnt samfundatjaldinu hringinn \u00ed kring.3A\u00f0 austanver\u00f0u, gegnt uppr\u00e1s s\u00f3lar, skulu \u00feeir tjalda undir merki J\u00fada herb\u00fa\u00f0a, eftir hersveitum \u00feeirra, og h\u00f6fu\u00f0sma\u00f0ur J\u00fada sona s\u00e9 Nakson Amm\u00ednadabsson.4Hersveit hans og taldir li\u00f0smenn \u00feeirra voru 74.600.5N\u00e6st honum skal tjalda \u00e6ttkv\u00edsl \u00cdssakars, og h\u00f6fu\u00f0sma\u00f0ur \u00cdssakars sona s\u00e9 Netanel S\u00faarsson.6Hersveit hans og taldir li\u00f0smenn hans voru 54.400.7Enn fremur \u00e6ttkv\u00edsl Seb\u00falons, og h\u00f6fu\u00f0sma\u00f0ur Seb\u00falons sona s\u00e9 El\u00edab Hel\u00f3nsson.8Hersveit hans og taldir li\u00f0smenn hans voru 57.400.9Allir taldir li\u00f0smenn \u00ed J\u00fada herb\u00fa\u00f0um voru 186.400, eftir hersveitum \u00feeirra. <a href=\"https:\/\/biblian.is\/1981\/fjorda-mosebok-2-kafli\/\"> [&#8230;]<\/a><\/p>\n","protected":false},"author":1,"featured_media":0,"parent":0,"menu_order":0,"comment_status":"open","ping_status":"open","template":"bibliukaflar.php","meta":{"footnotes":""},"class_list":["post-1465","page","type-page","status-publish","hentry"],"_links":{"self":[{"href":"https:\/\/biblian.is\/1981\/wp-json\/wp\/v2\/pages\/1465","targetHints":{"allow":["GET"]}}],"collection":[{"href":"https:\/\/biblian.is\/1981\/wp-json\/wp\/v2\/pages"}],"about":[{"href":"https:\/\/biblian.is\/1981\/wp-json\/wp\/v2\/types\/page"}],"author":[{"embeddable":true,"href":"https:\/\/biblian.is\/1981\/wp-json\/wp\/v2\/users\/1"}],"replies":[{"embeddable":true,"href":"https:\/\/biblian.is\/1981\/wp-json\/wp\/v2\/comments?post=1465"}],"version-history":[{"count":0,"href":"https:\/\/biblian.is\/1981\/wp-json\/wp\/v2\/pages\/1465\/revisions"}],"wp:attachment":[{"href":"https:\/\/biblian.is\/1981\/wp-json\/wp\/v2\/media?parent=1465"}],"curies":[{"name":"wp","href":"https:\/\/api.w.org\/{rel}","templated":true}]}}