{"id":1464,"date":"2017-11-18T20:17:24","date_gmt":"2017-11-18T20:17:24","guid":{"rendered":"http:\/\/biblian.is\/1981\/fjorda-mosebok-1-kafli\/"},"modified":"2021-06-06T10:51:23","modified_gmt":"2021-06-06T10:51:23","slug":"fjorda-mosebok-1-kafli","status":"publish","type":"page","link":"https:\/\/biblian.is\/1981\/fjorda-mosebok-1-kafli\/","title":{"rendered":"Fj\u00f3r\u00f0a M\u00f3seb\u00f3k 1. kafli"},"content":{"rendered":"<p><a name=\"1\"><span class=\"versanumer\">1<\/span><\/a>Drottinn tala\u00f0i vi\u00f0 M\u00f3se \u00ed S\u00edna\u00ed-ey\u00f0im\u00f6rk, \u00ed samfundatjaldinu, \u00e1 fyrsta degi annars m\u00e1na\u00f0ar \u00e1 \u00f6\u00f0ru \u00e1ri eftir brottf\u00f6r \u00feeirra af Egyptalandi og m\u00e6lti:<a name=\"2\"><span class=\"versanumer\">2<\/span><\/a>Taki\u00f0 manntal alls safna\u00f0ar \u00cdsraelsmanna eftir kynkv\u00edslum \u00feeirra, eftir \u00e6ttum \u00feeirra, samkv\u00e6mt nafnat\u00f6lu, alla karlmenn mann fyrir mann.<a name=\"3\"><span class=\"versanumer\">3<\/span><\/a>Alla herf\u00e6ra menn \u00ed \u00cdsrael fr\u00e1 tv\u00edtugs aldri og \u00fea\u00f0an af eldri skulu\u00f0 \u00fe\u00e9r telja eftir hersveitum \u00feeirra, \u00fe\u00fa og Aron.<a name=\"4\"><span class=\"versanumer\">4<\/span><\/a>Og me\u00f0 ykkur skal vera einn ma\u00f0ur af \u00e6ttkv\u00edsl hverri, og s\u00e9 hann h\u00f6fu\u00f0 \u00e6ttar sinnar.<a name=\"5\"><span class=\"versanumer\">5<\/span><\/a>\u00deessi eru n\u00f6fn \u00feeirra manna, er ykkur skulu a\u00f0sto\u00f0a: Af R\u00faben: El\u00eds\u00far Sede\u00farsson.<a name=\"6\"><span class=\"versanumer\">6<\/span><\/a>Af S\u00edmeon: Sel\u00fam\u00edel S\u00far\u00edsadda\u00edson.<a name=\"7\"><span class=\"versanumer\">7<\/span><\/a>Af J\u00fada: Nakson Amm\u00ednadabsson.<a name=\"8\"><span class=\"versanumer\">8<\/span><\/a>Af \u00cdssakar: Netanel S\u00faarsson.<a name=\"9\"><span class=\"versanumer\">9<\/span><\/a>Af Seb\u00falon: El\u00edab Hel\u00f3nsson.<a name=\"10\"><span class=\"versanumer\">10<\/span><\/a>Af J\u00f3sefssonum: Af Efra\u00edm: El\u00edsama Amm\u00edh\u00fadsson. Af Manasse: Gaml\u00edel Pedas\u00farsson.<a name=\"11\"><span class=\"versanumer\">11<\/span><\/a>Af Benjam\u00edn: Ab\u00eddan G\u00edde\u00f3n\u00edson.<a name=\"12\"><span class=\"versanumer\">12<\/span><\/a>Af Dan: Ak\u00edeser Amm\u00edsadda\u00edson.<a name=\"13\"><span class=\"versanumer\">13<\/span><\/a>Af Asser: Pag\u00edel \u00d3kransson.<a name=\"14\"><span class=\"versanumer\">14<\/span><\/a>Af Ga\u00f0: Eljasaf Deg\u00faelsson.<a name=\"15\"><span class=\"versanumer\">15<\/span><\/a>Af Naftal\u00ed: Ak\u00edra Enansson.<a name=\"16\"><span class=\"versanumer\">16<\/span><\/a>\u00deessir voru tilnefndir af s\u00f6fnu\u00f0inum, h\u00f6f\u00f0ingjar yfir \u00e6ttkv\u00edslum fe\u00f0ra sinna. Voru \u00feeir h\u00f6fu\u00f0 \u00cdsraels \u00fe\u00fasunda.<a name=\"17\"><span class=\"versanumer\">17<\/span><\/a>M\u00f3se og Aron t\u00f3ku menn \u00feessa, sem nafngreindir eru,<a name=\"18\"><span class=\"versanumer\">18<\/span><\/a>og stefndu saman \u00f6llum s\u00f6fnu\u00f0inum \u00e1 fyrsta degi annars m\u00e1na\u00f0ar og skrifu\u00f0u \u00fe\u00e1 \u00e1 \u00e6ttarskr\u00e1rnar eftir kynkv\u00edslum \u00feeirra, eftir \u00e6ttum \u00feeirra, samkv\u00e6mt nafnat\u00f6lu, fr\u00e1 tv\u00edtugs aldri og \u00fea\u00f0an af eldri, mann fyrir mann.<a name=\"19\"><span class=\"versanumer\">19<\/span><\/a>Svo sem Drottinn haf\u00f0i bo\u00f0i\u00f0 M\u00f3se, taldi hann \u00fe\u00e1 \u00ed S\u00edna\u00ed-ey\u00f0im\u00f6rk.<a name=\"20\"><span class=\"versanumer\">20<\/span><\/a>Synir R\u00fabens, frumgetins sonar \u00cdsraels, ni\u00f0jar \u00feeirra eftir kynkv\u00edslum \u00feeirra, eftir \u00e6ttum \u00feeirra, samkv\u00e6mt nafnat\u00f6lu, ma\u00f0ur fyrir mann, allir karlmenn fr\u00e1 tv\u00edtugs aldri og \u00fea\u00f0an af eldri, allir herf\u00e6rir menn,<a name=\"21\"><span class=\"versanumer\">21<\/span><\/a>\u00feeir er taldir voru af \u00e6ttkv\u00edsl R\u00fabens, voru 46.500.<a name=\"22\"><span class=\"versanumer\">22<\/span><\/a>Synir S\u00edmeons, ni\u00f0jar \u00feeirra eftir kynkv\u00edslum \u00feeirra, eftir \u00e6ttum \u00feeirra, samkv\u00e6mt nafnat\u00f6lu, ma\u00f0ur fyrir mann, allir karlmenn fr\u00e1 tv\u00edtugs aldri og \u00fea\u00f0an af eldri, allir herf\u00e6rir menn,<a name=\"23\"><span class=\"versanumer\">23<\/span><\/a>\u00feeir er taldir voru af \u00e6ttkv\u00edsl S\u00edmeons, voru 59.300.<a name=\"24\"><span class=\"versanumer\">24<\/span><\/a>Synir Ga\u00f0s, ni\u00f0jar \u00feeirra eftir kynkv\u00edslum \u00feeirra, eftir \u00e6ttum \u00feeirra, samkv\u00e6mt nafnat\u00f6lu, fr\u00e1 tv\u00edtugs aldri og \u00fea\u00f0an af eldri, allir herf\u00e6rir menn,<a name=\"25\"><span class=\"versanumer\">25<\/span><\/a>\u00feeir er taldir voru af \u00e6ttkv\u00edsl Ga\u00f0s, voru 45.650.<a name=\"26\"><span class=\"versanumer\">26<\/span><\/a>Synir J\u00fada, ni\u00f0jar \u00feeirra eftir kynkv\u00edslum \u00feeirra, eftir \u00e6ttum \u00feeirra, samkv\u00e6mt nafnat\u00f6lu, fr\u00e1 tv\u00edtugs aldri og \u00fea\u00f0an af eldri, allir herf\u00e6rir menn,<a name=\"27\"><span class=\"versanumer\">27<\/span><\/a>\u00feeir er taldir voru af \u00e6ttkv\u00edsl J\u00fada, voru 74.600.<a name=\"28\"><span class=\"versanumer\">28<\/span><\/a>Synir \u00cdssakars, ni\u00f0jar \u00feeirra eftir kynkv\u00edslum \u00feeirra, eftir \u00e6ttum \u00feeirra, samkv\u00e6mt nafnat\u00f6lu, fr\u00e1 tv\u00edtugs aldri og \u00fea\u00f0an af eldri, allir herf\u00e6rir menn,<a name=\"29\"><span class=\"versanumer\">29<\/span><\/a>\u00feeir er taldir voru af \u00e6ttkv\u00edsl \u00cdssakars, voru 54.400.<a name=\"30\"><span class=\"versanumer\">30<\/span><\/a>Synir Seb\u00falons, ni\u00f0jar \u00feeirra eftir kynkv\u00edslum \u00feeirra, eftir \u00e6ttum \u00feeirra, samkv\u00e6mt nafnat\u00f6lu, fr\u00e1 tv\u00edtugs aldri og \u00fea\u00f0an af eldri, allir herf\u00e6rir menn,<a name=\"31\"><span class=\"versanumer\">31<\/span><\/a>\u00feeir er taldir voru af \u00e6ttkv\u00edsl Seb\u00falons, voru 57.400.<a name=\"32\"><span class=\"versanumer\">32<\/span><\/a>Synir J\u00f3sefs: Synir Efra\u00edms, ni\u00f0jar \u00feeirra eftir kynkv\u00edslum \u00feeirra, eftir \u00e6ttum \u00feeirra, samkv\u00e6mt nafnat\u00f6lu, fr\u00e1 tv\u00edtugs aldri og \u00fea\u00f0an af eldri, allir herf\u00e6rir menn,<a name=\"33\"><span class=\"versanumer\">33<\/span><\/a>\u00feeir er taldir voru af \u00e6ttkv\u00edsl Efra\u00edms, voru 40.500.<a name=\"34\"><span class=\"versanumer\">34<\/span><\/a>Synir Manasse, ni\u00f0jar \u00feeirra eftir kynkv\u00edslum \u00feeirra, eftir \u00e6ttum \u00feeirra, samkv\u00e6mt nafnat\u00f6lu, fr\u00e1 tv\u00edtugs aldri og \u00fea\u00f0an af eldri, allir herf\u00e6rir menn,<a name=\"35\"><span class=\"versanumer\">35<\/span><\/a>\u00feeir er taldir voru af \u00e6ttkv\u00edsl Manasse, voru 32.200.<a name=\"36\"><span class=\"versanumer\">36<\/span><\/a>Synir Benjam\u00edns, ni\u00f0jar \u00feeirra eftir kynkv\u00edslum \u00feeirra, eftir \u00e6ttum \u00feeirra, samkv\u00e6mt nafnat\u00f6lu, fr\u00e1 tv\u00edtugs aldri og \u00fea\u00f0an af eldri, allir herf\u00e6rir menn,<a name=\"37\"><span class=\"versanumer\">37<\/span><\/a>\u00feeir er taldir voru af \u00e6ttkv\u00edsl Benjam\u00edns, voru 35.400.<a name=\"38\"><span class=\"versanumer\">38<\/span><\/a>Synir Dans, ni\u00f0jar \u00feeirra eftir kynkv\u00edslum \u00feeirra, eftir \u00e6ttum \u00feeirra, samkv\u00e6mt nafnat\u00f6lu, fr\u00e1 tv\u00edtugs aldri og \u00fea\u00f0an af eldri, allir herf\u00e6rir menn,<a name=\"39\"><span class=\"versanumer\">39<\/span><\/a>\u00feeir er taldir voru af \u00e6ttkv\u00edsl Dans, voru 62.700.<a name=\"40\"><span class=\"versanumer\">40<\/span><\/a>Synir Assers, ni\u00f0jar \u00feeirra eftir kynkv\u00edslum \u00feeirra, eftir \u00e6ttum \u00feeirra, samkv\u00e6mt nafnat\u00f6lu, fr\u00e1 tv\u00edtugs aldri og \u00fea\u00f0an af eldri, allir herf\u00e6rir menn,<a name=\"41\"><span class=\"versanumer\">41<\/span><\/a>\u00feeir er taldir voru af \u00e6ttkv\u00edsl Assers, voru 41.500.<a name=\"42\"><span class=\"versanumer\">42<\/span><\/a>Synir Naftal\u00ed, ni\u00f0jar \u00feeirra eftir kynkv\u00edslum \u00feeirra, eftir \u00e6ttum \u00feeirra, samkv\u00e6mt nafnat\u00f6lu, fr\u00e1 tv\u00edtugs aldri og \u00fea\u00f0an af eldri, allir herf\u00e6rir menn,<a name=\"43\"><span class=\"versanumer\">43<\/span><\/a>\u00feeir er taldir voru af \u00e6ttkv\u00edsl Naftal\u00ed, voru 53.400.<a name=\"44\"><span class=\"versanumer\">44<\/span><\/a>\u00deessir eru \u00feeir, er taldir voru, sem \u00feeir M\u00f3se, Aron og h\u00f6f\u00f0ingjar \u00cdsraels t\u00f6ldu. Voru \u00feeir t\u00f3lf, einn fyrir hverja \u00e6ttkv\u00edsl hans.<a name=\"45\"><span class=\"versanumer\">45<\/span><\/a>Og allir \u00feeir af \u00cdsraelsm\u00f6nnum, er taldir voru eftir \u00e6ttum \u00feeirra, fr\u00e1 tv\u00edtugs aldri og \u00fea\u00f0an af eldri, allir herf\u00e6rir menn, voru,<a name=\"46\"><span class=\"versanumer\">46<\/span><\/a>allir \u00feeir er taldir voru, voru 603.550.<a name=\"47\"><span class=\"versanumer\">47<\/span><\/a>En lev\u00edtarnir, eftir \u00e6ttb\u00e1lki s\u00ednum, voru eigi taldir me\u00f0al \u00feeirra.<a name=\"48\"><span class=\"versanumer\">48<\/span><\/a>Drottinn tala\u00f0i vi\u00f0 M\u00f3se og sag\u00f0i:<a name=\"49\"><span class=\"versanumer\">49<\/span><\/a>\u00de\u00fa skalt \u00fe\u00f3 eigi telja \u00e6ttkv\u00edsl Lev\u00ed og eigi taka manntal \u00feeirra me\u00f0al \u00cdsraelsmanna.<a name=\"50\"><span class=\"versanumer\">50<\/span><\/a>En \u00fe\u00fa skalt setja lev\u00edtana yfir s\u00e1ttm\u00e1lsb\u00fa\u00f0ina og yfir \u00f6ll \u00e1h\u00f6ld hennar og yfir allt, sem til hennar heyrir. \u00deeir skulu bera b\u00fa\u00f0ina og \u00f6ll \u00e1h\u00f6ld hennar, og \u00feeir skulu \u00fej\u00f3na a\u00f0 henni, og \u00feeir skulu tjalda umhverfis b\u00fa\u00f0ina.<a name=\"51\"><span class=\"versanumer\">51<\/span><\/a>Og er b\u00fa\u00f0in tekur sig upp, skulu lev\u00edtarnir taka hana ni\u00f0ur, og \u00feegar reisa skal b\u00fa\u00f0ina, skulu lev\u00edtarnir setja hana upp. En komi nokkur annar \u00fear n\u00e6rri, skal hann l\u00edfl\u00e1tinn ver\u00f0a.<a name=\"52\"><span class=\"versanumer\">52<\/span><\/a>\u00cdsraelsmenn skulu tjalda hver \u00e1 s\u00ednum sta\u00f0 \u00ed herb\u00fa\u00f0unum og hver hj\u00e1 s\u00ednu merki, eftir hersveitum s\u00ednum.<a name=\"53\"><span class=\"versanumer\">53<\/span><\/a>En lev\u00edtarnir skulu tjalda umhverfis s\u00e1ttm\u00e1lsb\u00fa\u00f0ina, a\u00f0 rei\u00f0i komi eigi yfir s\u00f6fnu\u00f0 \u00cdsraelsmanna. Og lev\u00edtarnir skulu annast s\u00e1ttm\u00e1lsb\u00fa\u00f0ina.<a name=\"54\"><span class=\"versanumer\">54<\/span><\/a>\u00cdsraelsmenn gj\u00f6r\u00f0u svo. \u00deeir gj\u00f6r\u00f0u \u00ed alla sta\u00f0i svo sem Drottinn haf\u00f0i bo\u00f0i\u00f0 M\u00f3se.<\/p>\n<div class=\"footnote1981\"><b>1.1-47<\/b> Manntal 4M\u00f3s 26.1-51; 2M\u00f3s 30.11-16; L\u00fak 2.1-5<br \/>\n<b>1.7<\/b> Nakson 2M\u00f3s 6.23<br \/>\n<b>1.46<\/b> 603.550 4M\u00f3s 26.51; 2M\u00f3s 12.37<br \/>\n<b>1.50<\/b> Tjaldb\u00fa\u00f0in 2M\u00f3s 36-38 \u2013 tjalda 4M\u00f3s 2.17<br \/>\n<b>1.51<\/b> Taka ni\u00f0ur, setja upp 4M\u00f3s 4.4-33<br \/>\n<b>1.53<\/b> Rei\u00f0i 4M\u00f3s 18.5<\/div>\n","protected":false},"excerpt":{"rendered":"<p>1Drottinn tala\u00f0i vi\u00f0 M\u00f3se \u00ed S\u00edna\u00ed-ey\u00f0im\u00f6rk, \u00ed samfundatjaldinu, \u00e1 fyrsta degi annars m\u00e1na\u00f0ar \u00e1 \u00f6\u00f0ru \u00e1ri eftir brottf\u00f6r \u00feeirra af Egyptalandi og m\u00e6lti:2Taki\u00f0 manntal alls safna\u00f0ar \u00cdsraelsmanna eftir kynkv\u00edslum \u00feeirra, eftir \u00e6ttum \u00feeirra, samkv\u00e6mt nafnat\u00f6lu, alla karlmenn mann fyrir mann.3Alla herf\u00e6ra menn \u00ed \u00cdsrael fr\u00e1 tv\u00edtugs aldri og \u00fea\u00f0an af eldri skulu\u00f0 \u00fe\u00e9r telja eftir hersveitum \u00feeirra, \u00fe\u00fa og Aron.4Og me\u00f0 ykkur skal vera einn ma\u00f0ur af \u00e6ttkv\u00edsl hverri, og s\u00e9 hann h\u00f6fu\u00f0 \u00e6ttar sinnar.5\u00deessi eru n\u00f6fn \u00feeirra manna, er ykkur skulu a\u00f0sto\u00f0a: Af R\u00faben: El\u00eds\u00far Sede\u00farsson.6Af S\u00edmeon: Sel\u00fam\u00edel S\u00far\u00edsadda\u00edson.7Af J\u00fada: Nakson Amm\u00ednadabsson.8Af \u00cdssakar: Netanel S\u00faarsson.9Af Seb\u00falon: El\u00edab Hel\u00f3nsson.10Af J\u00f3sefssonum: <a href=\"https:\/\/biblian.is\/1981\/fjorda-mosebok-1-kafli\/\"> [&#8230;]<\/a><\/p>\n","protected":false},"author":1,"featured_media":0,"parent":0,"menu_order":0,"comment_status":"open","ping_status":"open","template":"bibliukaflar.php","meta":{"footnotes":""},"class_list":["post-1464","page","type-page","status-publish","hentry"],"_links":{"self":[{"href":"https:\/\/biblian.is\/1981\/wp-json\/wp\/v2\/pages\/1464","targetHints":{"allow":["GET"]}}],"collection":[{"href":"https:\/\/biblian.is\/1981\/wp-json\/wp\/v2\/pages"}],"about":[{"href":"https:\/\/biblian.is\/1981\/wp-json\/wp\/v2\/types\/page"}],"author":[{"embeddable":true,"href":"https:\/\/biblian.is\/1981\/wp-json\/wp\/v2\/users\/1"}],"replies":[{"embeddable":true,"href":"https:\/\/biblian.is\/1981\/wp-json\/wp\/v2\/comments?post=1464"}],"version-history":[{"count":0,"href":"https:\/\/biblian.is\/1981\/wp-json\/wp\/v2\/pages\/1464\/revisions"}],"wp:attachment":[{"href":"https:\/\/biblian.is\/1981\/wp-json\/wp\/v2\/media?parent=1464"}],"curies":[{"name":"wp","href":"https:\/\/api.w.org\/{rel}","templated":true}]}}