{"id":1463,"date":"2017-11-18T20:17:24","date_gmt":"2017-11-18T20:17:24","guid":{"rendered":"http:\/\/biblian.is\/1981\/thridja-mosebok-27-kafli\/"},"modified":"2021-06-06T11:11:19","modified_gmt":"2021-06-06T11:11:19","slug":"thridja-mosebok-27-kafli","status":"publish","type":"page","link":"https:\/\/biblian.is\/1981\/thridja-mosebok-27-kafli\/","title":{"rendered":"\u00deri\u00f0ja M\u00f3seb\u00f3k 27. kafli"},"content":{"rendered":"<p><a name=\"1\"><span class=\"versanumer\">1<\/span><\/a>Drottinn tala\u00f0i vi\u00f0 M\u00f3se og sag\u00f0i:<a name=\"2\"><span class=\"versanumer\">2<\/span><\/a>Tala \u00fe\u00fa til \u00cdsraelsmanna og seg vi\u00f0 \u00fe\u00e1: Ef ma\u00f0ur gj\u00f6rir heit og heitir Drottni m\u00f6nnum eftir mati \u00fe\u00ednu,<a name=\"3\"><span class=\"versanumer\">3<\/span><\/a>\u00fe\u00e1 skalt \u00fe\u00fa meta karlmann fr\u00e1 tv\u00edtugsaldri til sextugs \u00e1 fimmt\u00edu sikla silfurs eftir helgid\u00f3ms sikli.<a name=\"4\"><span class=\"versanumer\">4<\/span><\/a>S\u00e9 \u00fea\u00f0 kona, \u00fe\u00e1 skalt \u00fe\u00fa meta hana \u00e1 \u00ferj\u00e1t\u00edu sikla.<a name=\"5\"><span class=\"versanumer\">5<\/span><\/a>S\u00e9 \u00fea\u00f0 fr\u00e1 fimm til tuttugu \u00e1ra a\u00f0 aldri, \u00fe\u00e1 skalt \u00fe\u00fa meta pilt \u00e1 tuttugu sikla, en st\u00falku \u00e1 t\u00edu sikla.<a name=\"6\"><span class=\"versanumer\">6<\/span><\/a>S\u00e9 \u00fea\u00f0 fr\u00e1 eins m\u00e1na\u00f0ar til fimm \u00e1ra a\u00f0 aldri, \u00fe\u00e1 skalt \u00fe\u00fa meta svein \u00e1 fimm sikla silfurs, en mey skalt \u00fe\u00fa meta \u00e1 \u00ferj\u00e1 sikla silfurs.<a name=\"7\"><span class=\"versanumer\">7<\/span><\/a>S\u00e9 \u00fea\u00f0 sextugt og \u00fea\u00f0an af eldra, \u00fe\u00e1 skalt \u00fe\u00fa, s\u00e9 \u00fea\u00f0 karlma\u00f0ur, meta hann \u00e1 fimmt\u00e1n sikla, en kvenmann \u00e1 t\u00edu sikla.<a name=\"8\"><span class=\"versanumer\">8<\/span><\/a>En eigi hann ekki fyrir \u00fev\u00ed, er \u00fe\u00fa metur, \u00fe\u00e1 skal lei\u00f0a hann fyrir prest, og prestur skal meta hann. Eftir efnahag \u00feess, er heiti\u00f0 gj\u00f6rir, skal prestur meta hann.<a name=\"9\"><span class=\"versanumer\">9<\/span><\/a>F\u00e6ri menn Drottni f\u00f3rnargj\u00f6f af f\u00e9na\u00f0i, \u00fe\u00e1 skal allt \u00fea\u00f0 af honum heilagt vera, sem Drottni er gefi\u00f0.<a name=\"10\"><span class=\"versanumer\">10<\/span><\/a>Eigi m\u00e1 hafa kaup \u00e1 \u00fev\u00ed e\u00f0a skipta \u00fev\u00ed, v\u00e6nu fyrir r\u00fdrt e\u00f0a r\u00fdru fyrir v\u00e6nt. N\u00fa eru skipti h\u00f6f\u00f0 \u00e1 skepnum og skulu \u00fe\u00e6r vera heilagar, b\u00e6\u00f0i s\u00fa, er l\u00e1tin er \u00ed skiptin, og s\u00fa, er fyrir kemur.<a name=\"11\"><span class=\"versanumer\">11<\/span><\/a>En s\u00e9 \u00fea\u00f0 einhver \u00f3hreinn f\u00e9na\u00f0ur, er eigi m\u00e1 f\u00e6ra Drottni a\u00f0 f\u00f3rnargj\u00f6f, \u00fe\u00e1 skal lei\u00f0a skepnuna fyrir prest.<a name=\"12\"><span class=\"versanumer\">12<\/span><\/a>Og prestur skal meta hana, eftir \u00fev\u00ed sem h\u00fan er v\u00e6n e\u00f0a r\u00fdr til, og skal mat \u00feitt, prestur, standa.<a name=\"13\"><span class=\"versanumer\">13<\/span><\/a>En vilji hann leysa hana, skal hann gjalda fimmtungi meira en \u00fe\u00fa metur.<a name=\"14\"><span class=\"versanumer\">14<\/span><\/a>N\u00fa helgar ma\u00f0ur Drottni h\u00fas sitt a\u00f0 helgigj\u00f6f, og skal \u00fe\u00e1 prestur vir\u00f0a \u00fea\u00f0 eftir \u00fev\u00ed sem \u00fea\u00f0 er gott e\u00f0a l\u00e9legt til. Skal standa vi\u00f0 \u00fea\u00f0, sem prestur metur.<a name=\"15\"><span class=\"versanumer\">15<\/span><\/a>En vilji s\u00e1, er h\u00fas sitt hefir helga\u00f0, leysa \u00fea\u00f0, skal hann gjalda fimmtung umfram vir\u00f0ingarver\u00f0 \u00feitt, og er \u00fea\u00f0 \u00fe\u00e1 hans.<a name=\"16\"><span class=\"versanumer\">16<\/span><\/a>Helgi ma\u00f0ur Drottni nokku\u00f0 af \u00f3\u00f0alslandi s\u00ednu, \u00fe\u00e1 skal mat \u00feitt fara eftir \u00fats\u00e6\u00f0inu: k\u00f3mer \u00fats\u00e6\u00f0is af byggi \u00e1 fimmt\u00edu sikla silfurs.<a name=\"17\"><span class=\"versanumer\">17<\/span><\/a>Helgi hann land sitt fr\u00e1 fagna\u00f0ar\u00e1ri, \u00fe\u00e1 skal standa vi\u00f0 mat \u00feitt.<a name=\"18\"><span class=\"versanumer\">18<\/span><\/a>En helgi hann land sitt eftir fagna\u00f0ar\u00e1r, \u00fe\u00e1 skal prestur reikna honum ver\u00f0i\u00f0 eftir \u00e1runum, sem eftir eru til fagna\u00f0ar\u00e1rs, og skal \u00fe\u00e1 dregi\u00f0 af mati \u00fe\u00ednu.<a name=\"19\"><span class=\"versanumer\">19<\/span><\/a>En vilji s\u00e1, er helga\u00f0 hefir land sitt, leysa \u00fea\u00f0, skal hann gjalda fimmtung umfram ver\u00f0 \u00fea\u00f0, er \u00fe\u00fa metur, og skal hann \u00fe\u00e1 halda \u00fev\u00ed.<a name=\"20\"><span class=\"versanumer\">20<\/span><\/a>En leysi hann eigi landi\u00f0, en selur landi\u00f0 \u00f6\u00f0rum manni skal eigi heimilt a\u00f0 leysa \u00fea\u00f0 framar,<a name=\"21\"><span class=\"versanumer\">21<\/span><\/a>heldur skal landi\u00f0, er \u00fea\u00f0 losnar \u00e1 fagna\u00f0ar\u00e1rinu, ver\u00f0a helga\u00f0 Drottni, eins og bannf\u00e6rt land. Skal \u00fea\u00f0 ver\u00f0a eign prests.<a name=\"22\"><span class=\"versanumer\">22<\/span><\/a>Helgi hann Drottni keypt land, sem eigi er af \u00f3\u00f0alslandi hans,<a name=\"23\"><span class=\"versanumer\">23<\/span><\/a>\u00fe\u00e1 skal prestur reikna fyrir hann, hve mikil upph\u00e6\u00f0in ver\u00f0i eftir mati \u00fe\u00ednu til fagna\u00f0ar\u00e1rs, og skal hann \u00feann dag grei\u00f0a \u00fea\u00f0, er \u00fe\u00fa metur, svo sem helgigj\u00f6f Drottni til handa.<a name=\"24\"><span class=\"versanumer\">24<\/span><\/a>En fagna\u00f0ar\u00e1ri\u00f0 hverfur landi\u00f0 aftur undir \u00feann, er hann keypti \u00fea\u00f0 af, undir \u00feann, er \u00e1 \u00fea\u00f0 me\u00f0 \u00f3\u00f0alsr\u00e9tti.<a name=\"25\"><span class=\"versanumer\">25<\/span><\/a>Og allt mat \u00feitt skal vera \u00ed helgid\u00f3ms siklum. Skulu vera tuttugu gerur \u00ed sikli.<a name=\"26\"><span class=\"versanumer\">26<\/span><\/a>En frumbur\u00f0i af f\u00e9na\u00f0i, sem Drottni heyra, fyrir \u00fev\u00ed a\u00f0 \u00feeir eru frumbornir, skal enginn helga. Hvort heldur er nautgripur e\u00f0a sau\u00f0kind, \u00fe\u00e1 heyrir \u00fea\u00f0 Drottni.<a name=\"27\"><span class=\"versanumer\">27<\/span><\/a>En s\u00e9 \u00fea\u00f0 af hinum \u00f3hreina f\u00e9na\u00f0i, \u00fe\u00e1 skal hann leysa \u00fea\u00f0 eftir mati \u00fe\u00ednu og gjalda fimmtung umfram, en s\u00e9 \u00fea\u00f0 ekki leyst, skal selja \u00fea\u00f0 eftir mati \u00fe\u00ednu.<a name=\"28\"><span class=\"versanumer\">28<\/span><\/a>\u00de\u00f3 skal eigi selja e\u00f0a leysa nokkurn hlut bannf\u00e6r\u00f0an, \u00fea\u00f0 er einhver helgar Drottni me\u00f0 bannf\u00e6ringu af einhverju \u00fev\u00ed, er hann \u00e1, hvort heldur er ma\u00f0ur, skepna e\u00f0a \u00f3\u00f0alsland hans. S\u00e9rhver hlutur bannf\u00e6r\u00f0ur er alhelga\u00f0ur Drottni.<a name=\"29\"><span class=\"versanumer\">29<\/span><\/a>Engan bannf\u00e6r\u00f0an mann m\u00e1 leysa, hann skal l\u00edfl\u00e1tinn ver\u00f0a.<a name=\"30\"><span class=\"versanumer\">30<\/span><\/a>\u00d6ll jar\u00f0art\u00edund heyrir Drottni, hvort heldur er af \u00e1vexti jar\u00f0ar e\u00f0a aldinum trj\u00e1a. H\u00fan er helgu\u00f0 Drottni.<a name=\"31\"><span class=\"versanumer\">31<\/span><\/a>En vilji einhver leysa nokku\u00f0 af t\u00edund sinni, \u00fe\u00e1 skal hann gjalda fimmtung umfram.<a name=\"32\"><span class=\"versanumer\">32<\/span><\/a>\u00d6ll t\u00edund af nautgripum og sau\u00f0f\u00e9, \u00f6llu \u00fev\u00ed, er gengur undir hir\u00f0isstafinn, hver t\u00edunda skepna skal vera helgu\u00f0 Drottni.<a name=\"33\"><span class=\"versanumer\">33<\/span><\/a>Skal eigi sko\u00f0a, hvort h\u00fan s\u00e9 v\u00e6n e\u00f0a r\u00fdr, og eigi hafa skipti \u00e1 henni. En s\u00e9u h\u00f6f\u00f0 skipti \u00e1 henni, \u00fe\u00e1 skal b\u00e6\u00f0i h\u00fan og s\u00fa, er fyrir kemur, vera heil\u00f6g. Eigi m\u00e1 leysa hana.<a name=\"34\"><span class=\"versanumer\">34<\/span><\/a>\u00deetta eru skipanir \u00fe\u00e6r, sem Drottinn bau\u00f0 M\u00f3se a\u00f0 flytja \u00cdsraelsm\u00f6nnum \u00e1 S\u00edna\u00edfjalli. flytja \u00cdsraelsm\u00f6nnum \u00e1 S\u00edna\u00edfjalli.<\/p>\n<div class=\"footnote1981\"><b>27.21<\/b> Bannf\u00e6rt land 3M\u00f3s 27.28-29; sbr 1Sam 15.1-3<br \/>\n<b>27.26<\/b> Frumbornir heyra Drottni 2M\u00f3s 13.1-2,11-16; 22.28-29<br \/>\n<b>27.30<\/b> T\u00edund af landinu 4M\u00f3s 18.21; 5M\u00f3s 14.22-29<br \/>\n<b>27.32<\/b> Hir\u00f0isstafur Jer 33.13; Esk 20.37<\/div>\n","protected":false},"excerpt":{"rendered":"<p>1Drottinn tala\u00f0i vi\u00f0 M\u00f3se og sag\u00f0i:2Tala \u00fe\u00fa til \u00cdsraelsmanna og seg vi\u00f0 \u00fe\u00e1: Ef ma\u00f0ur gj\u00f6rir heit og heitir Drottni m\u00f6nnum eftir mati \u00fe\u00ednu,3\u00fe\u00e1 skalt \u00fe\u00fa meta karlmann fr\u00e1 tv\u00edtugsaldri til sextugs \u00e1 fimmt\u00edu sikla silfurs eftir helgid\u00f3ms sikli.4S\u00e9 \u00fea\u00f0 kona, \u00fe\u00e1 skalt \u00fe\u00fa meta hana \u00e1 \u00ferj\u00e1t\u00edu sikla.5S\u00e9 \u00fea\u00f0 fr\u00e1 fimm til tuttugu \u00e1ra a\u00f0 aldri, \u00fe\u00e1 skalt \u00fe\u00fa meta pilt \u00e1 tuttugu sikla, en st\u00falku \u00e1 t\u00edu sikla.6S\u00e9 \u00fea\u00f0 fr\u00e1 eins m\u00e1na\u00f0ar til fimm \u00e1ra a\u00f0 aldri, \u00fe\u00e1 skalt \u00fe\u00fa meta svein \u00e1 fimm sikla silfurs, en mey skalt \u00fe\u00fa meta \u00e1 \u00ferj\u00e1 sikla silfurs.7S\u00e9 \u00fea\u00f0 sextugt og <a href=\"https:\/\/biblian.is\/1981\/thridja-mosebok-27-kafli\/\"> [&#8230;]<\/a><\/p>\n","protected":false},"author":1,"featured_media":0,"parent":0,"menu_order":0,"comment_status":"open","ping_status":"open","template":"bibliukaflar.php","meta":{"footnotes":""},"class_list":["post-1463","page","type-page","status-publish","hentry"],"_links":{"self":[{"href":"https:\/\/biblian.is\/1981\/wp-json\/wp\/v2\/pages\/1463","targetHints":{"allow":["GET"]}}],"collection":[{"href":"https:\/\/biblian.is\/1981\/wp-json\/wp\/v2\/pages"}],"about":[{"href":"https:\/\/biblian.is\/1981\/wp-json\/wp\/v2\/types\/page"}],"author":[{"embeddable":true,"href":"https:\/\/biblian.is\/1981\/wp-json\/wp\/v2\/users\/1"}],"replies":[{"embeddable":true,"href":"https:\/\/biblian.is\/1981\/wp-json\/wp\/v2\/comments?post=1463"}],"version-history":[{"count":0,"href":"https:\/\/biblian.is\/1981\/wp-json\/wp\/v2\/pages\/1463\/revisions"}],"wp:attachment":[{"href":"https:\/\/biblian.is\/1981\/wp-json\/wp\/v2\/media?parent=1463"}],"curies":[{"name":"wp","href":"https:\/\/api.w.org\/{rel}","templated":true}]}}