{"id":1462,"date":"2017-11-18T20:17:24","date_gmt":"2017-11-18T20:17:24","guid":{"rendered":"http:\/\/biblian.is\/1981\/thridja-mosebok-26-kafli\/"},"modified":"2021-06-06T11:11:18","modified_gmt":"2021-06-06T11:11:18","slug":"thridja-mosebok-26-kafli","status":"publish","type":"page","link":"https:\/\/biblian.is\/1981\/thridja-mosebok-26-kafli\/","title":{"rendered":"\u00deri\u00f0ja M\u00f3seb\u00f3k 26. kafli"},"content":{"rendered":"<p><a name=\"1\"><span class=\"versanumer\">1<\/span><\/a>\u00de\u00e9r skulu\u00f0 eigi gj\u00f6ra y\u00f0ur falsgu\u00f0i, n\u00e9 heldur reisa y\u00f0ur skur\u00f0go\u00f0 e\u00f0a merkissteina, og eigi setja upp myndasteina \u00ed landi y\u00f0ar til \u00feess a\u00f0 tilbi\u00f0ja hj\u00e1 \u00feeim, \u00fev\u00ed a\u00f0 \u00e9g er Drottinn, Gu\u00f0 y\u00f0ar.<a name=\"2\"><span class=\"versanumer\">2<\/span><\/a>M\u00edna hv\u00edldardaga skulu\u00f0 \u00fe\u00e9r halda og fyrir m\u00ednum helgid\u00f3mi lotningu bera. \u00c9g er Drottinn.<a name=\"3\"><span class=\"versanumer\">3<\/span><\/a>Ef \u00fe\u00e9r breyti\u00f0 eftir m\u00ednum setningum og var\u00f0veiti\u00f0 m\u00ednar skipanir og haldi\u00f0 \u00fe\u00e6r,<a name=\"4\"><span class=\"versanumer\">4<\/span><\/a>\u00fe\u00e1 skal \u00e9g jafnan senda y\u00f0ur regn \u00e1 r\u00e9ttum t\u00edma, og landi\u00f0 mun gefa \u00e1v\u00f6xt sinn og tr\u00e9n \u00e1 m\u00f6rkinni bera aldin s\u00edn.<a name=\"5\"><span class=\"versanumer\">5<\/span><\/a>Skal \u00fe\u00e1 n\u00e1 saman hj\u00e1 y\u00f0ur \u00feresking og v\u00ednberjatekja, og v\u00ednberjatekja og s\u00e1ning, og \u00fe\u00e9r skulu\u00f0 eta y\u00f0ur sadda af brau\u00f0i og b\u00faa \u00f6ruggir \u00ed landi y\u00f0ar.<a name=\"6\"><span class=\"versanumer\">6<\/span><\/a>\u00c9g vil gefa fri\u00f0 \u00ed landinu, og \u00fe\u00e9r skulu\u00f0 leggjast til hv\u00edldar og enginn skal hr\u00e6\u00f0a y\u00f0ur. \u00d3argad\u00fdrum vil \u00e9g ey\u00f0a \u00far landinu, og sver\u00f0 skal ekki fara um land y\u00f0ar.<a name=\"7\"><span class=\"versanumer\">7<\/span><\/a>Og \u00fe\u00e9r skulu\u00f0 elta \u00f3vini y\u00f0ar, og frammi fyrir y\u00f0ur skulu \u00feeir fyrir sver\u00f0i hn\u00edga.<a name=\"8\"><span class=\"versanumer\">8<\/span><\/a>Og fimm af y\u00f0ur skulu elta hundra\u00f0, og hundra\u00f0 af y\u00f0ur skulu elta t\u00edu \u00fe\u00fasundir, og \u00f3vinir y\u00f0ar skulu frammi fyrir y\u00f0ur fyrir sver\u00f0i hn\u00edga.<a name=\"9\"><span class=\"versanumer\">9<\/span><\/a>\u00c9g vil sn\u00faa m\u00e9r til y\u00f0ar og gj\u00f6ra y\u00f0ur frj\u00f3sama og margfalda y\u00f0ur, og \u00e9g vil gj\u00f6ra s\u00e1ttm\u00e1la minn vi\u00f0 y\u00f0ur.<a name=\"10\"><span class=\"versanumer\">10<\/span><\/a>Og \u00fe\u00e9r munu\u00f0 eta fyrnt korn, gamlan for\u00f0a, og \u00fe\u00e9r munu\u00f0 bera fyrnda korni\u00f0 \u00fat fyrir hinu n\u00fdja.<a name=\"11\"><span class=\"versanumer\">11<\/span><\/a>Og \u00e9g mun reisa b\u00fa\u00f0 m\u00edna me\u00f0al y\u00f0ar, og s\u00e1l m\u00edn skal ekki hafa \u00f3beit \u00e1 y\u00f0ur.<a name=\"12\"><span class=\"versanumer\">12<\/span><\/a>Og \u00e9g mun ganga me\u00f0al y\u00f0ar og vera Gu\u00f0 y\u00f0ar, og \u00fe\u00e9r skulu\u00f0 vera m\u00edn \u00fej\u00f3\u00f0.<a name=\"13\"><span class=\"versanumer\">13<\/span><\/a>\u00c9g er Drottinn, Gu\u00f0 y\u00f0ar, sem leiddi y\u00f0ur \u00fat af Egyptalandi, til \u00feess a\u00f0 \u00fe\u00e9r v\u00e6ru\u00f0 eigi \u00fer\u00e6lar \u00feeirra. \u00c9g braut sundur ok-stengur y\u00f0ar og l\u00e9t y\u00f0ur ganga beina.<a name=\"14\"><span class=\"versanumer\">14<\/span><\/a>En ef \u00fe\u00e9r hl\u00fd\u00f0i\u00f0 m\u00e9r ekki og haldi\u00f0 ekki allar \u00feessar skipanir,<a name=\"15\"><span class=\"versanumer\">15<\/span><\/a>og ef \u00fe\u00e9r hafni\u00f0 setningum m\u00ednum og s\u00e1l y\u00f0ar hefir \u00f3beit \u00e1 d\u00f3mum m\u00ednum, svo a\u00f0 \u00fe\u00e9r haldi\u00f0 ekki allar skipanir m\u00ednar, en rj\u00fafi\u00f0 s\u00e1ttm\u00e1la minn,<a name=\"16\"><span class=\"versanumer\">16<\/span><\/a>\u00fe\u00e1 vil \u00e9g gj\u00f6ra y\u00f0ur \u00feetta: \u00c9g vil vitja y\u00f0ar me\u00f0 skelfingu, t\u00e6ringu og k\u00f6ldu, svo a\u00f0 augun slokkna og l\u00edfi\u00f0 fjarar \u00fat. Og \u00fe\u00e9r skulu\u00f0 s\u00e1 s\u00e6\u00f0i y\u00f0ar til einskis, \u00fev\u00ed a\u00f0 \u00f3vinir y\u00f0ar skulu eta \u00fea\u00f0.<a name=\"17\"><span class=\"versanumer\">17<\/span><\/a>Og \u00e9g vil sn\u00faa augliti m\u00ednu gegn y\u00f0ur, og \u00fe\u00e9r skulu\u00f0 b\u00ed\u00f0a \u00f3sigur fyrir \u00f3vinum y\u00f0ar, og fjandmenn y\u00f0ar skulu drottna yfir y\u00f0ur, og \u00fe\u00e9r skulu\u00f0 fl\u00fdja, \u00fe\u00f3tt enginn elti y\u00f0ur.<a name=\"18\"><span class=\"versanumer\">18<\/span><\/a>En ef \u00fe\u00e9r vilji\u00f0 \u00fe\u00e1 enn ekki hl\u00fd\u00f0a m\u00e9r, \u00fe\u00e1 vil \u00e9g enn refsa y\u00f0ur sj\u00f6 sinnum fyrir syndir y\u00f0ar.<a name=\"19\"><span class=\"versanumer\">19<\/span><\/a>Og \u00e9g vil brj\u00f3ta ofurdramb y\u00f0ar, og \u00e9g vil gj\u00f6ra himininn yfir y\u00f0ur sem j\u00e1rn og land y\u00f0ar sem eir.<a name=\"20\"><span class=\"versanumer\">20<\/span><\/a>\u00de\u00e1 mun kraftur y\u00f0ar ey\u00f0ast til \u00f3n\u00fdtis, land y\u00f0ar skal eigi gefa \u00e1v\u00f6xt sinn og tr\u00e9n \u00e1 j\u00f6r\u00f0inni eigi bera aldin s\u00edn.<a name=\"21\"><span class=\"versanumer\">21<\/span><\/a>Og ef \u00fe\u00e9r gangi\u00f0 \u00ed gegn m\u00e9r og vilji\u00f0 ekki hl\u00fd\u00f0a m\u00e9r, \u00fe\u00e1 vil \u00e9g enn sl\u00e1 y\u00f0ur sj\u00f6 sinnum, eins og syndir y\u00f0ar eru til.<a name=\"22\"><span class=\"versanumer\">22<\/span><\/a>Og \u00e9g vil hleypa d\u00fdrum merkurinnar inn \u00e1 me\u00f0al y\u00f0ar, og \u00feau skulu gj\u00f6ra y\u00f0ur barnlausa, drepa f\u00e9na\u00f0 y\u00f0ar og gj\u00f6ra y\u00f0ur f\u00e1menna, og vegir y\u00f0ar skulu ver\u00f0a au\u00f0ir.<a name=\"23\"><span class=\"versanumer\">23<\/span><\/a>Og ef \u00fe\u00e9r skipist ekki vi\u00f0 \u00feessa tyftun m\u00edna, heldur gangi\u00f0 \u00ed gegn m\u00e9r,<a name=\"24\"><span class=\"versanumer\">24<\/span><\/a>\u00fe\u00e1 vil \u00e9g einnig ganga gegn y\u00f0ur, \u00fe\u00e1 vil \u00e9g einnig sl\u00e1 y\u00f0ur sj\u00f6 sinnum fyrir syndir y\u00f0ar.<a name=\"25\"><span class=\"versanumer\">25<\/span><\/a>Og \u00e9g vil l\u00e1ta sver\u00f0 koma yfir y\u00f0ur, er hefna skal s\u00e1ttm\u00e1lans. Munu\u00f0 \u00fe\u00e9r \u00fe\u00e1 \u00feyrpast inn \u00ed borgir y\u00f0ar, en \u00e9g vil senda dreps\u00f3tt me\u00f0al y\u00f0ar, og \u00fe\u00e9r skulu\u00f0 seldir \u00ed \u00f3vina hendur.<a name=\"26\"><span class=\"versanumer\">26<\/span><\/a>\u00de\u00e1 er \u00e9g br\u00fdt staf brau\u00f0sins fyrir y\u00f0ur, munu t\u00edu konur baka y\u00f0ur brau\u00f0 \u00ed einum ofni og f\u00e6ra y\u00f0ur brau\u00f0i\u00f0 aftur eftir vigt, og \u00fe\u00e9r munu\u00f0 eta og ekki ver\u00f0a mettir.<a name=\"27\"><span class=\"versanumer\">27<\/span><\/a>Og ef \u00fe\u00e9r hl\u00fd\u00f0i\u00f0 m\u00e9r eigi \u00fer\u00e1tt fyrir \u00feetta og gangi\u00f0 \u00ed gegn m\u00e9r,<a name=\"28\"><span class=\"versanumer\">28<\/span><\/a>\u00fe\u00e1 vil \u00e9g einnig ganga \u00ed gegn y\u00f0ur me\u00f0 \u00feungri rei\u00f0i og refsa y\u00f0ur sj\u00f6 sinnum fyrir syndir y\u00f0ar.<a name=\"29\"><span class=\"versanumer\">29<\/span><\/a>Og \u00fe\u00e9r skulu\u00f0 eta hold sona y\u00f0ar, og hold d\u00e6tra y\u00f0ar skulu\u00f0 \u00fe\u00e9r eta.<a name=\"30\"><span class=\"versanumer\">30<\/span><\/a>Og \u00e9g vil leggja f\u00f3rnarh\u00e6\u00f0ir y\u00f0ar \u00ed ey\u00f0i og kollvarpa s\u00f3ls\u00falum y\u00f0ar og kasta hr\u00e6jum y\u00f0ar ofan \u00e1 b\u00fakana af skur\u00f0go\u00f0um y\u00f0ar, og s\u00e1lu minni mun bj\u00f3\u00f0a vi\u00f0 y\u00f0ur.<a name=\"31\"><span class=\"versanumer\">31<\/span><\/a>Og \u00e9g vil leggja borgir y\u00f0ar \u00ed r\u00fastir og ey\u00f0a helgid\u00f3ma y\u00f0ar og ekki kenna \u00fe\u00e6gilegan ilm af f\u00f3rnum y\u00f0ar.<a name=\"32\"><span class=\"versanumer\">32<\/span><\/a>Og \u00e9g vil ey\u00f0a landi\u00f0, svo a\u00f0 \u00f3vinum y\u00f0ar, sem \u00ed \u00fev\u00ed b\u00faa, skal ofbj\u00f3\u00f0a.<a name=\"33\"><span class=\"versanumer\">33<\/span><\/a>En y\u00f0ur vil \u00e9g tv\u00edstra me\u00f0al \u00fej\u00f3\u00f0anna og breg\u00f0a sver\u00f0i \u00e1 eftir y\u00f0ur, og land y\u00f0ar skal ver\u00f0a au\u00f0n og borgir y\u00f0ar r\u00fastir.<a name=\"34\"><span class=\"versanumer\">34<\/span><\/a>\u00de\u00e1 skal landi\u00f0 f\u00e1 hv\u00edldar\u00e1r s\u00edn b\u00e6tt upp alla \u00fe\u00e1 stund, sem \u00fea\u00f0 er \u00ed ey\u00f0i og \u00fe\u00e9r eru\u00f0 \u00ed landi \u00f3vina y\u00f0ar. \u00de\u00e1 skal landi\u00f0 hv\u00edlast og b\u00e6ta upp hv\u00edldar\u00e1r s\u00edn.<a name=\"35\"><span class=\"versanumer\">35<\/span><\/a>Alla \u00fe\u00e1 stund, sem \u00fea\u00f0 er \u00ed ey\u00f0i, skal \u00fea\u00f0 nj\u00f3ta hv\u00edldar, \u00feeirrar hv\u00edldar, sem \u00fea\u00f0 eigi naut \u00e1 hv\u00edldar\u00e1rum y\u00f0ar, er \u00fe\u00e9r bjuggu\u00f0 \u00ed \u00fev\u00ed.<a name=\"36\"><span class=\"versanumer\">36<\/span><\/a>Og \u00fe\u00e1 af y\u00f0ur, sem eftir ver\u00f0a, vil \u00e9g gj\u00f6ra svo huglausa \u00ed l\u00f6ndum \u00f3vina \u00feeirra, a\u00f0 \u00feyturinn af fj\u00fakandi laufbla\u00f0i skal reka \u00fe\u00e1 \u00e1 fl\u00f3tta og \u00feeir fl\u00fdja eins og menn fl\u00fdja undan sver\u00f0i, og \u00feeir skulu falla, \u00fe\u00f3 a\u00f0 enginn elti.<a name=\"37\"><span class=\"versanumer\">37<\/span><\/a>Og \u00feeir skulu hrasa hver um annan, eins og fl\u00fdja skyldi undan sver\u00f0i, \u00fe\u00f3 a\u00f0 enginn elti, og \u00fe\u00e9r skulu\u00f0 eigi f\u00e1 sta\u00f0ist fyrir \u00f3vinum y\u00f0ar.<a name=\"38\"><span class=\"versanumer\">38<\/span><\/a>Og \u00fe\u00e9r skulu\u00f0 farast me\u00f0al \u00fej\u00f3\u00f0anna, og land \u00f3vina y\u00f0ar skal upp eta y\u00f0ur.<a name=\"39\"><span class=\"versanumer\">39<\/span><\/a>Og \u00feeir af y\u00f0ur, sem eftir ver\u00f0a, skulu fyrir sakir misgj\u00f6r\u00f0ar sinnar veslast upp \u00ed l\u00f6ndum \u00f3vina y\u00f0ar, og \u00feeir skulu veslast upp sakir misgj\u00f6r\u00f0a fe\u00f0ra sinna eins og \u00feeir.<a name=\"40\"><span class=\"versanumer\">40<\/span><\/a>\u00de\u00e1 munu \u00feeir j\u00e1ta misgj\u00f6r\u00f0 s\u00edna og misgj\u00f6r\u00f0 fe\u00f0ra sinna, er \u00feeir fr\u00f6mdu me\u00f0 \u00fev\u00ed a\u00f0 rj\u00fafa trygg\u00f0ir vi\u00f0 mig, og hversu \u00feeir hafa gengi\u00f0 \u00ed gegn m\u00e9r<a name=\"41\"><span class=\"versanumer\">41<\/span><\/a>fyrir \u00fev\u00ed gekk \u00e9g og \u00ed gegn \u00feeim og flutti \u00fe\u00e1 \u00ed land \u00f3vina \u00feeirra, j\u00e1, \u00fe\u00e1 mun \u00f3umskori\u00f0 hjarta \u00feeirra au\u00f0m\u00fdkja sig og \u00feeir f\u00e1 misgj\u00f6r\u00f0 s\u00edna b\u00e6tta upp.<a name=\"42\"><span class=\"versanumer\">42<\/span><\/a>Og \u00fe\u00e1 vil \u00e9g minnast s\u00e1ttm\u00e1la m\u00edns vi\u00f0 Jakob, og s\u00e1ttm\u00e1la m\u00edns vi\u00f0 \u00cdsak og s\u00e1ttm\u00e1la m\u00edns vi\u00f0 Abraham vil \u00e9g einnig minnast, og landsins vil \u00e9g minnast.<a name=\"43\"><span class=\"versanumer\">43<\/span><\/a>Og landi\u00f0 skal ver\u00f0a yfirgefi\u00f0 af \u00feeim og f\u00e1 hv\u00edldar\u00e1r s\u00edn b\u00e6tt upp, me\u00f0an \u00fea\u00f0 er \u00ed ey\u00f0i og \u00feeir eru \u00e1 brottu, og \u00feeir skulu f\u00e1 misgj\u00f6r\u00f0 s\u00edna b\u00e6tta upp fyrir \u00fe\u00e1 s\u00f6k og vegna \u00feess, a\u00f0 \u00feeir h\u00f6fnu\u00f0u l\u00f6gum m\u00ednum og s\u00e1l \u00feeirra haf\u00f0i \u00f3beit \u00e1 setningum m\u00ednum.<a name=\"44\"><span class=\"versanumer\">44<\/span><\/a>En jafnvel \u00fe\u00e1, er \u00feeir eru \u00ed landi \u00f3vina sinna, hafna \u00e9g \u00feeim ekki og b\u00fd\u00f0ur m\u00e9r ekki vi\u00f0 \u00feeim, svo a\u00f0 \u00e9g vilji aley\u00f0a \u00feeim og rj\u00fafa \u00feannig s\u00e1ttm\u00e1la minn vi\u00f0 \u00fe\u00e1, \u00fev\u00ed a\u00f0 \u00e9g er Drottinn, Gu\u00f0 \u00feeirra.<a name=\"45\"><span class=\"versanumer\">45<\/span><\/a>Og s\u00f6kum \u00feeirra vil \u00e9g minnast s\u00e1ttm\u00e1lans vi\u00f0 forfe\u00f0ur \u00feeirra, er \u00e9g leiddi \u00fat af Egyptalandi \u00ed augs\u00fdn \u00fej\u00f3\u00f0anna til \u00feess a\u00f0 vera Gu\u00f0 \u00feeirra. \u00c9g er Drottinn.<a name=\"46\"><span class=\"versanumer\">46<\/span><\/a>\u00deetta eru setningar \u00fe\u00e6r, \u00e1kv\u00e6\u00f0i og l\u00f6g, sem Drottinn setti milli s\u00edn og \u00cdsraelsmanna \u00e1 S\u00edna\u00edfjalli fyrir M\u00f3se.<\/p>\n<div class=\"footnote1981\"><b>26.1<\/b> Hj\u00e1gu\u00f0ir, skur\u00f0go\u00f0 3M\u00f3s 19.4+<br \/>\n<b>26.2<\/b> Hv\u00edldardagar, helgid\u00f3mur 3M\u00f3s 19.3+ ; 19.30+<br \/>\n<b>26.3<\/b> Blessanir 5M\u00f3s 28.1-14<br \/>\n<b>26.4<\/b> Regn 5M\u00f3s 11.14; Esk 34.26-27<br \/>\n<b>26.5<\/b> \u00deresking Am 9.13<br \/>\n<b>26.10<\/b> Korn sbr L\u00fak 12.16-21<br \/>\n<b>26.11<\/b> Gu\u00f0 b\u00fdr me\u00f0al \u00fej\u00f3\u00f0ar sinnar 3M\u00f3s 15.31+<br \/>\n<b>26.13<\/b> Ekki \u00fer\u00e6lar 3M\u00f3s 25.55+ &#8211; ok Esk 34.27; sbr Jer 27-28; Matt 11.29-30<br \/>\n<b>26.14<\/b> B\u00f6lvanir 5M\u00f3s 28.15-68; Am 4.6-12; Dan 9.11<br \/>\n<b>26.16<\/b> Fjandmenn D\u00f3m 6.3-6<br \/>\n<b>26.17<\/b> \u00dei\u00f0 munu\u00f0 fl\u00fdja Okv 28.1<br \/>\n<b>26.19<\/b> Hroki ykkar Esk 33.28<br \/>\n<b>26.20<\/b> \u00c1v\u00f6xtur 5M\u00f3s 11.17<br \/>\n<b>26.22<\/b> D\u00fdr, sem gera ykkur barnlausa Esk 5.17; 14.15<br \/>\n<b>26.25<\/b> Sver\u00f0 Gu\u00f0s Esk 21.14-22 \u2013 dreps\u00f3tt Am 4.10<br \/>\n<b>26.26<\/b> Hungur Esk 4.16; 14.13; Slm 105.16<br \/>\n<b>26.29<\/b> Bor\u00f0a b\u00f6rn s\u00edn 2Kon 6.28-29; Jer 19.9; Esk 5.10; Hlj 2.20<br \/>\n<b>26.30<\/b> F\u00f3rnarh\u00e6\u00f0irnar ey\u00f0ilag\u00f0ar Esk 6.3; 2Kro 14.4<br \/>\n<b>26.33<\/b> \u00cdsrael tv\u00edstra\u00f0 2Kon 25.11; Jer 52.15; 2Kro 36.20 \u2013 au\u00f0n Jes 1.7; Jer 34.22; Okv 10.30<br \/>\n<b>26.34<\/b> Landi\u00f0 hv\u00edlist 2Kro 36.21<br \/>\n<b>26.36<\/b> Kjarkleysi Esk 21.12<br \/>\n<b>26.39<\/b> Veslast upp Esk 4.17<br \/>\n<b>26.40<\/b> J\u00e1ta syndir s\u00ednar Esr 9; Neh 9; Slm 106; Dan 9.4-19; Bar 1.5-3.8<br \/>\n<b>26.41<\/b> \u00d3umskori\u00f0 hjarta Jer 4.4; 9.26; Post 7.51 \u2013 b\u00e6ta fyrir syndir Jes 40.2<br \/>\n<b>26.42<\/b> S\u00e1ttm\u00e1linn vi\u00f0 Jakob 1M\u00f3s 28.13-22 \u2013 vi\u00f0 \u00cdsak 1M\u00f3s 26.3-4 \u2013 vi\u00f0 Abraham 1M\u00f3s 17.1-14; L\u00fak 1.72-73<br \/>\n<b>26.44<\/b> \u00c9g hafna \u00feeim ekki 2Kon 13.23; Hlj 3.31<br \/>\n<b>26.45<\/b> Drottinn er Gu\u00f0 \u00cdsraels 3M\u00f3s 11.45+<\/div>\n","protected":false},"excerpt":{"rendered":"<p>1\u00de\u00e9r skulu\u00f0 eigi gj\u00f6ra y\u00f0ur falsgu\u00f0i, n\u00e9 heldur reisa y\u00f0ur skur\u00f0go\u00f0 e\u00f0a merkissteina, og eigi setja upp myndasteina \u00ed landi y\u00f0ar til \u00feess a\u00f0 tilbi\u00f0ja hj\u00e1 \u00feeim, \u00fev\u00ed a\u00f0 \u00e9g er Drottinn, Gu\u00f0 y\u00f0ar.2M\u00edna hv\u00edldardaga skulu\u00f0 \u00fe\u00e9r halda og fyrir m\u00ednum helgid\u00f3mi lotningu bera. \u00c9g er Drottinn.3Ef \u00fe\u00e9r breyti\u00f0 eftir m\u00ednum setningum og var\u00f0veiti\u00f0 m\u00ednar skipanir og haldi\u00f0 \u00fe\u00e6r,4\u00fe\u00e1 skal \u00e9g jafnan senda y\u00f0ur regn \u00e1 r\u00e9ttum t\u00edma, og landi\u00f0 mun gefa \u00e1v\u00f6xt sinn og tr\u00e9n \u00e1 m\u00f6rkinni bera aldin s\u00edn.5Skal \u00fe\u00e1 n\u00e1 saman hj\u00e1 y\u00f0ur \u00feresking og v\u00ednberjatekja, og v\u00ednberjatekja og s\u00e1ning, og \u00fe\u00e9r skulu\u00f0 eta y\u00f0ur sadda af <a href=\"https:\/\/biblian.is\/1981\/thridja-mosebok-26-kafli\/\"> [&#8230;]<\/a><\/p>\n","protected":false},"author":1,"featured_media":0,"parent":0,"menu_order":0,"comment_status":"open","ping_status":"open","template":"bibliukaflar.php","meta":{"footnotes":""},"class_list":["post-1462","page","type-page","status-publish","hentry"],"_links":{"self":[{"href":"https:\/\/biblian.is\/1981\/wp-json\/wp\/v2\/pages\/1462","targetHints":{"allow":["GET"]}}],"collection":[{"href":"https:\/\/biblian.is\/1981\/wp-json\/wp\/v2\/pages"}],"about":[{"href":"https:\/\/biblian.is\/1981\/wp-json\/wp\/v2\/types\/page"}],"author":[{"embeddable":true,"href":"https:\/\/biblian.is\/1981\/wp-json\/wp\/v2\/users\/1"}],"replies":[{"embeddable":true,"href":"https:\/\/biblian.is\/1981\/wp-json\/wp\/v2\/comments?post=1462"}],"version-history":[{"count":0,"href":"https:\/\/biblian.is\/1981\/wp-json\/wp\/v2\/pages\/1462\/revisions"}],"wp:attachment":[{"href":"https:\/\/biblian.is\/1981\/wp-json\/wp\/v2\/media?parent=1462"}],"curies":[{"name":"wp","href":"https:\/\/api.w.org\/{rel}","templated":true}]}}