{"id":1461,"date":"2017-11-18T20:17:24","date_gmt":"2017-11-18T20:17:24","guid":{"rendered":"http:\/\/biblian.is\/1981\/thridja-mosebok-25-kafli\/"},"modified":"2021-06-06T11:11:17","modified_gmt":"2021-06-06T11:11:17","slug":"thridja-mosebok-25-kafli","status":"publish","type":"page","link":"https:\/\/biblian.is\/1981\/thridja-mosebok-25-kafli\/","title":{"rendered":"\u00deri\u00f0ja M\u00f3seb\u00f3k 25. kafli"},"content":{"rendered":"<p><a name=\"1\"><span class=\"versanumer\">1<\/span><\/a>Drottinn tala\u00f0i vi\u00f0 M\u00f3se \u00e1 S\u00edna\u00edfjalli og sag\u00f0i:<a name=\"2\"><span class=\"versanumer\">2<\/span><\/a>Tala \u00fe\u00fa til \u00cdsraelsmanna og seg vi\u00f0 \u00fe\u00e1: \u00deegar \u00fe\u00e9r komi\u00f0 \u00ed land \u00fea\u00f0, sem \u00e9g mun gefa y\u00f0ur, \u00fe\u00e1 skal landi\u00f0 halda Drottni hv\u00edld.<a name=\"3\"><span class=\"versanumer\">3<\/span><\/a>Sex \u00e1r skalt \u00fe\u00fa s\u00e1 akur \u00feinn og sex \u00e1r skalt n\u00fa sni\u00f0la v\u00edngar\u00f0 \u00feinn og safna gr\u00f3\u00f0rinum.<a name=\"4\"><span class=\"versanumer\">4<\/span><\/a>En sj\u00f6unda \u00e1ri\u00f0 skal vera helgihv\u00edld fyrir landi\u00f0, hv\u00edldart\u00edmi Drottni til handa. Akur \u00feinn skalt \u00fe\u00fa ekki s\u00e1 og v\u00edngar\u00f0 \u00feinn skalt \u00fe\u00fa ekki sni\u00f0la.<a name=\"5\"><span class=\"versanumer\">5<\/span><\/a>Korn \u00fea\u00f0, er vex sj\u00e1lfs\u00e1i\u00f0 eftir uppskeru \u00fe\u00edna, skalt \u00fe\u00fa eigi skera, og v\u00ednber \u00f3skorins v\u00ednvi\u00f0ar \u00fe\u00edns skalt \u00fe\u00fa eigi lesa. \u00dea\u00f0 skal vera hv\u00edldar\u00e1r fyrir landi\u00f0.<a name=\"6\"><span class=\"versanumer\">6<\/span><\/a>Gr\u00f3\u00f0ur landsins um hv\u00edldart\u00edmann skal vera y\u00f0ur til f\u00e6\u00f0u, \u00fe\u00e9r, \u00fer\u00e6li \u00fe\u00ednum og amb\u00e1tt, kaupamanni \u00fe\u00ednum og \u00fatlendum b\u00faanda, er hj\u00e1 \u00fe\u00e9r dvelja.<a name=\"7\"><span class=\"versanumer\">7<\/span><\/a>Og f\u00e9na\u00f0i \u00fe\u00ednum og villid\u00fdrunum, sem \u00ed landi \u00fe\u00ednu eru, skal allur gr\u00f3\u00f0ur \u00feess vera til f\u00e6\u00f0u.<a name=\"8\"><span class=\"versanumer\">8<\/span><\/a>\u00de\u00fa skalt telja sj\u00f6 hv\u00edldar\u00e1r, sj\u00f6 \u00e1r sj\u00f6 sinnum, svo a\u00f0 t\u00edmi \u00feeirra sj\u00f6 hv\u00edldar\u00e1ra ver\u00f0i fj\u00f6rut\u00edu og n\u00edu \u00e1r.<a name=\"9\"><span class=\"versanumer\">9<\/span><\/a>Og \u00fe\u00e1 skaltu \u00ed sj\u00f6unda m\u00e1nu\u00f0inum, t\u00edunda dag m\u00e1na\u00f0arins, l\u00e1ta hvellil\u00fa\u00f0urinn gjalla. Fri\u00f0\u00fe\u00e6gingardaginn skulu\u00f0 \u00fe\u00e9r l\u00e1ta l\u00fa\u00f0urinn gjalla um gj\u00f6rvallt land y\u00f0ar,<a name=\"10\"><span class=\"versanumer\">10<\/span><\/a>og helga \u00feannig hi\u00f0 fimmtugasta \u00e1ri\u00f0 og bo\u00f0a frelsi \u00ed landinu fyrir alla \u00edb\u00faa \u00feess. \u00dea\u00f0 skal vera y\u00f0ur fagna\u00f0ar\u00e1r. \u00de\u00e1 skulu\u00f0 \u00fe\u00e9r hverfa aftur hver og einn til \u00f3\u00f0als s\u00edns, og \u00fe\u00e1 skulu\u00f0 \u00fe\u00e9r hverfa aftur hver og einn til \u00e6ttar sinnar.<a name=\"11\"><span class=\"versanumer\">11<\/span><\/a>Fagna\u00f0ar\u00e1r skal fimmtugasta \u00e1ri\u00f0 vera y\u00f0ur. \u00de\u00e9r skulu\u00f0 eigi s\u00e1 og eigi uppskera \u00fea\u00f0, sem vex sj\u00e1lfs\u00e1i\u00f0 \u00fea\u00f0 \u00e1r, n\u00e9 heldur skulu\u00f0 \u00fe\u00e9r \u00fe\u00e1 lesa v\u00ednber af \u00f3skornum v\u00ednvi\u00f0um.<a name=\"12\"><span class=\"versanumer\">12<\/span><\/a>\u00dev\u00ed a\u00f0 \u00fea\u00f0 er fagna\u00f0ar\u00e1r. \u00dea\u00f0 s\u00e9 y\u00f0ur heilagt. Skulu\u00f0 \u00fe\u00e9r eta af j\u00f6r\u00f0inni \u00fea\u00f0 er \u00e1 henni sprettur.<a name=\"13\"><span class=\"versanumer\">13<\/span><\/a>\u00c1 \u00feessu fagna\u00f0ar\u00e1ri skulu\u00f0 \u00fe\u00e9r hverfa aftur hver og einn til \u00f3\u00f0als s\u00edns.<a name=\"14\"><span class=\"versanumer\">14<\/span><\/a>\u00de\u00e1 er \u00fe\u00fa selur n\u00e1unga \u00fe\u00ednum eitthva\u00f0 e\u00f0a \u00fe\u00fa kaupir eitthva\u00f0 af n\u00e1unga \u00fe\u00ednum, \u00fe\u00e1 skulu\u00f0 \u00fe\u00e9r eigi s\u00fdna hver \u00f6\u00f0rum \u00f3j\u00f6fnu\u00f0.<a name=\"15\"><span class=\"versanumer\">15<\/span><\/a>Eftir \u00fev\u00ed, hve m\u00f6rg \u00e1r eru li\u00f0in fr\u00e1 fagna\u00f0ar\u00e1ri, skalt \u00fe\u00fa kaupa af n\u00e1unga \u00fe\u00ednum, eftir \u00fev\u00ed, hve uppskeru\u00e1rin eru m\u00f6rg, skal hann selja \u00fe\u00e9r.<a name=\"16\"><span class=\"versanumer\">16<\/span><\/a>\u00dev\u00ed fleiri sem \u00e1rin eru, \u00fev\u00ed h\u00e6rra skalt \u00fe\u00fa setja ver\u00f0i\u00f0, og \u00fev\u00ed f\u00e6rri sem \u00e1rin eru, \u00fev\u00ed l\u00e6gra skalt \u00fe\u00fa setja \u00fea\u00f0, \u00fev\u00ed a\u00f0 \u00fea\u00f0 er uppskerufj\u00f6ldinn, sem hann selur \u00fe\u00e9r.<a name=\"17\"><span class=\"versanumer\">17<\/span><\/a>Og \u00fe\u00e9r skulu\u00f0 eigi s\u00fdna hver \u00f6\u00f0rum \u00f3j\u00f6fnu\u00f0, heldur skalt \u00fe\u00fa \u00f3ttast Gu\u00f0 \u00feinn, \u00fev\u00ed a\u00f0 \u00e9g er Drottinn, Gu\u00f0 y\u00f0ar.<a name=\"18\"><span class=\"versanumer\">18<\/span><\/a>Fyrir \u00fev\u00ed skulu\u00f0 \u00fe\u00e9r halda setningar m\u00ednar og var\u00f0veita l\u00f6g m\u00edn og halda \u00feau, svo a\u00f0 \u00fe\u00e9r megi\u00f0 \u00f3hultir b\u00faa \u00ed landinu.<a name=\"19\"><span class=\"versanumer\">19<\/span><\/a>\u00de\u00e1 mun landi\u00f0 gefa gr\u00f3\u00f0ur sinn og \u00fe\u00e9r eta y\u00f0ur sadda og b\u00faa \u00f3hultir \u00ed \u00fev\u00ed.<a name=\"20\"><span class=\"versanumer\">20<\/span><\/a>Og ef \u00fe\u00e9r segi\u00f0: Hva\u00f0 skulum v\u00e9r eta sj\u00f6unda \u00e1ri\u00f0, \u00fe\u00e1 er v\u00e9r s\u00e1um eigi og hir\u00f0um eigi gr\u00f3\u00f0ur vorn?<a name=\"21\"><span class=\"versanumer\">21<\/span><\/a>\u00fe\u00e1 vil \u00e9g senda y\u00f0ur blessun m\u00edna sj\u00f6tta \u00e1ri\u00f0, og mun \u00fea\u00f0 lei\u00f0a fram gr\u00f3\u00f0ur til \u00feriggja \u00e1ra.<a name=\"22\"><span class=\"versanumer\">22<\/span><\/a>Og \u00e1ttunda \u00e1ri\u00f0 skulu\u00f0 \u00fe\u00e9r s\u00e1 og eta af \u00e1vextinum, gamla for\u00f0anum. Til hins n\u00edunda \u00e1rs, til \u00feess er gr\u00f3\u00f0ur \u00feess f\u00e6st, skulu\u00f0 \u00fe\u00e9r eta gamla for\u00f0ann.<a name=\"23\"><span class=\"versanumer\">23<\/span><\/a>Landi\u00f0 skal eigi selt fyrir fullt og allt, \u00fev\u00ed a\u00f0 landi\u00f0 er m\u00edn eign, \u00fev\u00ed a\u00f0 \u00fe\u00e9r eru\u00f0 dvalarmenn og hj\u00e1b\u00fdlingar hj\u00e1 m\u00e9r.<a name=\"24\"><span class=\"versanumer\">24<\/span><\/a>Fyrir \u00fev\u00ed skulu\u00f0 \u00fe\u00e9r \u00ed \u00f6llu eignarlandi y\u00f0ar l\u00e1ta land falt til lausnar.<a name=\"25\"><span class=\"versanumer\">25<\/span><\/a>Ef br\u00f3\u00f0ir \u00feinn gj\u00f6rist snau\u00f0ur og hann selur nokku\u00f0 af \u00f3\u00f0ali s\u00ednu, \u00fe\u00e1 skal lausnarma\u00f0ur hans koma til, s\u00e1 er \u00fea\u00f0 stendur n\u00e6st, og leysa \u00fea\u00f0, er br\u00f3\u00f0ir hans hefir selt.<a name=\"26\"><span class=\"versanumer\">26<\/span><\/a>N\u00fa hefir einhver engan lausnarmann, en er kominn svo \u00ed efni, a\u00f0 hann \u00e1 fyrir lausnargjaldinu.<a name=\"27\"><span class=\"versanumer\">27<\/span><\/a>\u00de\u00e1 skal hann telja \u00e1rin fr\u00e1 \u00fev\u00ed, er hann seldi, en \u00fea\u00f0, sem yfir hefir, skal hann endurgrei\u00f0a manni \u00feeim, er hann seldi, og hverfur hann \u00fe\u00e1 aftur til \u00f3\u00f0als s\u00edns.<a name=\"28\"><span class=\"versanumer\">28<\/span><\/a>En hafi hann ekki efni til a\u00f0 leysa, \u00fe\u00e1 skal \u00fea\u00f0, er hann hefir selt, vera \u00ed h\u00f6ndum kaupanda til fagna\u00f0ar\u00e1rs. En \u00e1 fagna\u00f0ar\u00e1rinu gengur \u00fea\u00f0 \u00far eigu hans, og hverfur hann \u00fe\u00e1 aftur til \u00f3\u00f0als s\u00edns.<a name=\"29\"><span class=\"versanumer\">29<\/span><\/a>N\u00fa selur einhver \u00edb\u00fa\u00f0arh\u00fas \u00ed m\u00fargirtri borg, og skal honum heimilt a\u00f0 leysa \u00fea\u00f0 \u00ed heilt \u00e1r fr\u00e1 \u00fev\u00ed, er hann seldi. Lausnarr\u00e9ttur hans skal vera t\u00edmabundinn.<a name=\"30\"><span class=\"versanumer\">30<\/span><\/a>En s\u00e9 \u00fea\u00f0 ekki leyst \u00e1\u00f0ur en fullt \u00e1r er li\u00f0i\u00f0, \u00fe\u00e1 skal h\u00fas \u00ed m\u00fargirtri borg ver\u00f0a full eign kaupanda og ni\u00f0ja hans. \u00dea\u00f0 skal eigi ganga \u00far eigu hans fagna\u00f0ar\u00e1ri\u00f0.<a name=\"31\"><span class=\"versanumer\">31<\/span><\/a>En h\u00fas \u00ed \u00feorpum, sem eigi eru m\u00fargirt allt \u00ed kring, skulu talin me\u00f0 landi sveitarinnar. \u00deau skal jafnan heimilt a\u00f0 leysa, og \u00feau skulu ganga \u00far eigu kaupanda \u00e1 fagna\u00f0ar\u00e1rinu.<a name=\"32\"><span class=\"versanumer\">32<\/span><\/a>Borgir lev\u00edtanna, h\u00fasin \u00ed eignarborgum \u00feeirra, skal lev\u00edtunum heimilt a\u00f0 leysa \u00e1 hverjum t\u00edma sem er.<a name=\"33\"><span class=\"versanumer\">33<\/span><\/a>Og ef einhver af lev\u00edtunum leysir eigi, \u00fe\u00e1 skal selt h\u00fas ganga \u00far eigu kaupanda \u00e1 fagna\u00f0ar\u00e1rinu, s\u00e9 \u00fea\u00f0 \u00ed eignarborg hans, \u00fev\u00ed a\u00f0 h\u00fasin \u00ed borgum lev\u00edtanna eru \u00f3\u00f0alseign \u00feeirra me\u00f0al \u00cdsraelsmanna.<a name=\"34\"><span class=\"versanumer\">34<\/span><\/a>En landi\u00f0, er liggur undir borgir \u00feeirra, skal eigi selja, \u00fev\u00ed a\u00f0 \u00fea\u00f0 er \u00e6vinleg eign \u00feeirra.<a name=\"35\"><span class=\"versanumer\">35<\/span><\/a>Ef br\u00f3\u00f0ir \u00feinn kemst \u00ed f\u00e1t\u00e6kt og ver\u00f0ur \u00f3sj\u00e1lfbjarga hj\u00e1 \u00fe\u00e9r, \u00fe\u00e1 skalt \u00fe\u00fa sty\u00f0ja hann sem dvalarmann og hj\u00e1b\u00fdling, svo a\u00f0 hann geti lifa\u00f0 hj\u00e1 \u00fe\u00e9r.<a name=\"36\"><span class=\"versanumer\">36<\/span><\/a>\u00de\u00fa skalt eigi taka fj\u00e1rleigu af honum n\u00e9 aukagjald, heldur skalt \u00fe\u00fa \u00f3ttast Gu\u00f0 \u00feinn, svo a\u00f0 br\u00f3\u00f0ir \u00feinn geti lifa\u00f0 hj\u00e1 \u00fe\u00e9r.<a name=\"37\"><span class=\"versanumer\">37<\/span><\/a>\u00de\u00fa skalt eigi lj\u00e1 honum silfur \u00feitt gegn leigu, n\u00e9 heldur hj\u00e1lpa honum um matv\u00e6li \u00fe\u00edn gegn aukagjaldi.<a name=\"38\"><span class=\"versanumer\">38<\/span><\/a>\u00c9g er Drottinn, Gu\u00f0 y\u00f0ar, sem leiddi y\u00f0ur \u00fat af Egyptalandi til \u00feess a\u00f0 gefa y\u00f0ur Kanaanland og vera Gu\u00f0 y\u00f0ar.<a name=\"39\"><span class=\"versanumer\">39<\/span><\/a>Komist br\u00f3\u00f0ir \u00feinn \u00ed f\u00e1t\u00e6kt hj\u00e1 \u00fe\u00e9r og selur sig \u00fe\u00e9r, \u00fe\u00e1 skalt \u00fe\u00fa ekki l\u00e1ta hann vinna \u00fer\u00e6lavinnu.<a name=\"40\"><span class=\"versanumer\">40<\/span><\/a>Sem kaupama\u00f0ur, sem hj\u00e1b\u00fdlingur skal hann hj\u00e1 \u00fe\u00e9r vera. Hann skal vinna hj\u00e1 \u00fe\u00e9r til fagna\u00f0ar\u00e1rs.<a name=\"41\"><span class=\"versanumer\">41<\/span><\/a>En \u00fe\u00e1 skal hann fara fr\u00e1 \u00fe\u00e9r, og b\u00f6rn hans me\u00f0 honum, og hverfa aftur til \u00e6ttar sinnar, og hann skal hverfa aftur til \u00f3\u00f0als fe\u00f0ra sinna.<a name=\"42\"><span class=\"versanumer\">42<\/span><\/a>\u00dev\u00ed a\u00f0 \u00feeir eru \u00fej\u00f3nar m\u00ednir, sem \u00e9g hefi leitt \u00fat af Egyptalandi. Eigi skulu \u00feeir seldir mansali.<a name=\"43\"><span class=\"versanumer\">43<\/span><\/a>\u00de\u00fa skalt eigi drottna yfir honum me\u00f0 h\u00f6rku, heldur skalt \u00fe\u00fa \u00f3ttast Gu\u00f0 \u00feinn.<a name=\"44\"><span class=\"versanumer\">44<\/span><\/a>Viljir \u00fe\u00fa f\u00e1 \u00fe\u00e9r \u00fer\u00e6la og amb\u00e1ttir, \u00fe\u00e1 skulu\u00f0 \u00fe\u00e9r kaupa \u00fer\u00e6la og amb\u00e1ttir af \u00fej\u00f3\u00f0unum, sem umhverfis y\u00f0ur b\u00faa.<a name=\"45\"><span class=\"versanumer\">45<\/span><\/a>Svo og af b\u00f6rnum hj\u00e1b\u00fdlinga, er hj\u00e1 y\u00f0ur dvelja, af \u00feeim skulu\u00f0 \u00fe\u00e9r kaupa og af \u00e6ttli\u00f0i \u00feeirra, sem hj\u00e1 y\u00f0ur er og \u00feeir hafa geti\u00f0 \u00ed landi y\u00f0ar, og \u00feau skulu ver\u00f0a eign y\u00f0ar.<a name=\"46\"><span class=\"versanumer\">46<\/span><\/a>Og \u00fe\u00e9r skulu\u00f0 l\u00e1ta \u00fe\u00e1 ganga \u00ed arf til barna y\u00f0ar eftir y\u00f0ur, svo a\u00f0 \u00feau ver\u00f0i eign \u00feeirra. \u00de\u00e9r skulu\u00f0 hafa \u00feau a\u00f0 \u00e6vinlegum \u00fer\u00e6lum. En yfir br\u00e6\u00f0rum y\u00f0ar, \u00cdsraelsm\u00f6nnum, skulu\u00f0 \u00fe\u00e9r eigi drottna me\u00f0 h\u00f6rku, einn yfir \u00f6\u00f0rum.<a name=\"47\"><span class=\"versanumer\">47<\/span><\/a>Komist dvalarma\u00f0ur e\u00f0a hj\u00e1b\u00fdlingur \u00ed efni hj\u00e1 \u00fe\u00e9r, en br\u00f3\u00f0ir \u00feinn kemst \u00ed f\u00e1t\u00e6kt hj\u00e1 honum og selur sig dvalarmanni e\u00f0a hj\u00e1b\u00fdlingi hj\u00e1 \u00fe\u00e9r e\u00f0a afkomanda dvalarmanns \u00e6ttar,<a name=\"48\"><span class=\"versanumer\">48<\/span><\/a>\u00fe\u00e1 skal heimilt a\u00f0 leysa hann eftir a\u00f0 hann hefir selt sig. Heimilt skal einhverjum af br\u00e6\u00f0rum hans a\u00f0 leysa hann,<a name=\"49\"><span class=\"versanumer\">49<\/span><\/a>e\u00f0a f\u00f6\u00f0urbr\u00f3\u00f0ur hans e\u00f0a br\u00e6\u00f0rungi hans e\u00f0a einhverjum n\u00e1fr\u00e6nda \u00ed \u00e6tt hans, e\u00f0a komist hann sj\u00e1lfur \u00ed efni, \u00fe\u00e1 er honum heimilt a\u00f0 leysa sig.<a name=\"50\"><span class=\"versanumer\">50<\/span><\/a>Og vi\u00f0 \u00feann, sem keypti hann, skal hann reikna fr\u00e1 \u00e1rinu, er hann seldi sig honum, til fagna\u00f0ar\u00e1rsins, og s\u00f6luver\u00f0i\u00f0 skal fara eftir \u00e1rafj\u00f6ldanum. Skal hann vera hj\u00e1 honum \u00e1kve\u00f0inn t\u00edma, svo sem kaupama\u00f0ur v\u00e6ri.<a name=\"51\"><span class=\"versanumer\">51<\/span><\/a>Ef enn eru m\u00f6rg \u00e1r eftir, \u00fe\u00e1 skal hann a\u00f0 tilt\u00f6lu vi\u00f0 \u00e1rafj\u00f6ldann endurgrei\u00f0a lausnargjald sitt af f\u00e9 \u00fev\u00ed, er hann var keyptur fyrir,<a name=\"52\"><span class=\"versanumer\">52<\/span><\/a>en ef f\u00e1 \u00e1r eru eftir til fagna\u00f0ar\u00e1rs, \u00fe\u00e1 skal hann og reikna honum \u00feau. Eftir \u00e1rat\u00f6lunni skal hann endurgrei\u00f0a lausnargjald sitt.<a name=\"53\"><span class=\"versanumer\">53<\/span><\/a>Skal hann s\u00e6ta s\u00f6mu kj\u00f6rum hj\u00e1 honum eins og s\u00e1, sem er kaupama\u00f0ur \u00e1r eftir \u00e1r. Hann skal eigi drottna yfir honum me\u00f0 h\u00f6rku a\u00f0 \u00fe\u00e9r \u00e1sj\u00e1andi.<a name=\"54\"><span class=\"versanumer\">54<\/span><\/a>En s\u00e9 hann ekki leystur me\u00f0 \u00feessum h\u00e6tti, \u00fe\u00e1 skal hann ganga \u00far eigu kaupanda fagna\u00f0ar\u00e1ri\u00f0, hann og b\u00f6rn hans me\u00f0 honum.<a name=\"55\"><span class=\"versanumer\">55<\/span><\/a>\u00dev\u00ed a\u00f0 \u00cdsraelsmenn eru \u00fej\u00f3nar m\u00ednir, m\u00ednir \u00fej\u00f3nar eru \u00feeir, sem \u00e9g hefi leitt \u00fat af Egyptalandi. \u00c9g er Drottinn, Gu\u00f0 y\u00f0ar.<\/p>\n<div class=\"footnote1981\"><b>25.1<\/b> Hv\u00edlda\u00e1r 2M\u00f3s 23.10-11; 5M\u00f3s 15.1-11; Neh 10.32; 1Makk 6.48-54<br \/>\n<b>25.2<\/b> Kanaansland 3M\u00f3s 14.34+<br \/>\n<b>25.8<\/b> Fagna\u00f0ar\u00e1r Jes 61.1-2<br \/>\n<b>25.9<\/b> Fri\u00f0\u00fe\u00e6gingardagurinn 3M\u00f3s 16.1+<br \/>\n<b>25.23<\/b> A\u00f0komumenn Slm 39.13; 1P\u00e9t 1.1; 2.11<br \/>\n<b>25.24<\/b> Land falt, lausnarma\u00f0ur 2M\u00f3s 6.6-7; 4M\u00f3s 35.10-28; sbr Slm 19.15; Job 19.25<br \/>\n<b>25.25<\/b> Stendur n\u00e6st 3M\u00f3s 25.48-49; Rut 4.1-12<br \/>\n<b>25.32<\/b> Borgir Lev\u00edtanna 4M\u00f3s 35.1-8; J\u00f3s 21.1-42; Esk 48.13-14<br \/>\n<b>25.35<\/b> Landi \u00feinn lendir \u00ed k\u00f6ggum 5M\u00f3s 15.7-8 \u2013 a\u00f0komu manni &#8230; 3M\u00f3s 19.34+<br \/>\n<b>25.36<\/b> Hvorki vexti n\u00e9 okurleigu 5M\u00f3s 23.20-21; Esk 22.12<br \/>\n<b>25.38<\/b> Kanaansland 3M\u00f3s 14.34+ &#8211; Drottinn er Gu\u00f0 \u00cdsraels 3M\u00f3s 11.45+<br \/>\n<b>25.39<\/b> \u00cd kr\u00f6ggum 2M\u00f3s 21.2-6; 5M\u00f3s 15.12-18; Jer 34.8-16<br \/>\n<b>25.49<\/b> \u00c6ttingi 4M\u00f3s 27.8-11; Jer 32.6-15; Neh 5.8<br \/>\n<b>25.55<\/b> \u00der\u00e6lar m\u00ednir 3M\u00f3s 26.13; 2M\u00f3s 3.12<\/div>\n","protected":false},"excerpt":{"rendered":"<p>1Drottinn tala\u00f0i vi\u00f0 M\u00f3se \u00e1 S\u00edna\u00edfjalli og sag\u00f0i:2Tala \u00fe\u00fa til \u00cdsraelsmanna og seg vi\u00f0 \u00fe\u00e1: \u00deegar \u00fe\u00e9r komi\u00f0 \u00ed land \u00fea\u00f0, sem \u00e9g mun gefa y\u00f0ur, \u00fe\u00e1 skal landi\u00f0 halda Drottni hv\u00edld.3Sex \u00e1r skalt \u00fe\u00fa s\u00e1 akur \u00feinn og sex \u00e1r skalt n\u00fa sni\u00f0la v\u00edngar\u00f0 \u00feinn og safna gr\u00f3\u00f0rinum.4En sj\u00f6unda \u00e1ri\u00f0 skal vera helgihv\u00edld fyrir landi\u00f0, hv\u00edldart\u00edmi Drottni til handa. Akur \u00feinn skalt \u00fe\u00fa ekki s\u00e1 og v\u00edngar\u00f0 \u00feinn skalt \u00fe\u00fa ekki sni\u00f0la.5Korn \u00fea\u00f0, er vex sj\u00e1lfs\u00e1i\u00f0 eftir uppskeru \u00fe\u00edna, skalt \u00fe\u00fa eigi skera, og v\u00ednber \u00f3skorins v\u00ednvi\u00f0ar \u00fe\u00edns skalt \u00fe\u00fa eigi lesa. \u00dea\u00f0 skal vera hv\u00edldar\u00e1r fyrir landi\u00f0.6Gr\u00f3\u00f0ur landsins <a href=\"https:\/\/biblian.is\/1981\/thridja-mosebok-25-kafli\/\"> [&#8230;]<\/a><\/p>\n","protected":false},"author":1,"featured_media":0,"parent":0,"menu_order":0,"comment_status":"open","ping_status":"open","template":"bibliukaflar.php","meta":{"footnotes":""},"class_list":["post-1461","page","type-page","status-publish","hentry"],"_links":{"self":[{"href":"https:\/\/biblian.is\/1981\/wp-json\/wp\/v2\/pages\/1461","targetHints":{"allow":["GET"]}}],"collection":[{"href":"https:\/\/biblian.is\/1981\/wp-json\/wp\/v2\/pages"}],"about":[{"href":"https:\/\/biblian.is\/1981\/wp-json\/wp\/v2\/types\/page"}],"author":[{"embeddable":true,"href":"https:\/\/biblian.is\/1981\/wp-json\/wp\/v2\/users\/1"}],"replies":[{"embeddable":true,"href":"https:\/\/biblian.is\/1981\/wp-json\/wp\/v2\/comments?post=1461"}],"version-history":[{"count":0,"href":"https:\/\/biblian.is\/1981\/wp-json\/wp\/v2\/pages\/1461\/revisions"}],"wp:attachment":[{"href":"https:\/\/biblian.is\/1981\/wp-json\/wp\/v2\/media?parent=1461"}],"curies":[{"name":"wp","href":"https:\/\/api.w.org\/{rel}","templated":true}]}}