{"id":1460,"date":"2017-11-18T20:17:24","date_gmt":"2017-11-18T20:17:24","guid":{"rendered":"http:\/\/biblian.is\/1981\/thridja-mosebok-24-kafli\/"},"modified":"2021-06-06T11:11:16","modified_gmt":"2021-06-06T11:11:16","slug":"thridja-mosebok-24-kafli","status":"publish","type":"page","link":"https:\/\/biblian.is\/1981\/thridja-mosebok-24-kafli\/","title":{"rendered":"\u00deri\u00f0ja M\u00f3seb\u00f3k 24. kafli"},"content":{"rendered":"<p><a name=\"1\"><span class=\"versanumer\">1<\/span><\/a>Drottinn tala\u00f0i vi\u00f0 M\u00f3se og sag\u00f0i:<a name=\"2\"><span class=\"versanumer\">2<\/span><\/a>Bj\u00f3\u00f0 \u00fe\u00fa \u00cdsraelsm\u00f6nnum a\u00f0 f\u00e6ra \u00fe\u00e9r t\u00e6ra ol\u00edu af steyttum ol\u00edfuberjum til lj\u00f3sastikunnar, svo a\u00f0 lampar ver\u00f0i \u00e1vallt settir upp.<a name=\"3\"><span class=\"versanumer\">3<\/span><\/a>Fyrir utan fortjald s\u00e1ttm\u00e1lsins \u00ed samfundatjaldinu skal Aron tilrei\u00f0a \u00fe\u00e1 fr\u00e1 kveldi til morguns frammi fyrir Drottni st\u00f6\u00f0uglega. \u00dea\u00f0 er \u00e6varandi l\u00f6gm\u00e1l fyrir y\u00f0ur fr\u00e1 kyni til kyns.<a name=\"4\"><span class=\"versanumer\">4<\/span><\/a>Hann skal ra\u00f0a l\u00f6mpunum \u00e1 gull-lj\u00f3sastikuna frammi fyrir Drottni st\u00f6\u00f0uglega.<a name=\"5\"><span class=\"versanumer\">5<\/span><\/a>\u00de\u00fa skalt taka f\u00ednt mj\u00f6l og baka \u00far \u00fev\u00ed t\u00f3lf k\u00f6kur. Skulu vera tveir t\u00edundupartar \u00far efu \u00ed hverri k\u00f6ku.<a name=\"6\"><span class=\"versanumer\">6<\/span><\/a>Og \u00fe\u00fa skalt leggja \u00fe\u00e6r \u00ed tv\u00e6r ra\u00f0ir, sex \u00ed hvora r\u00f6\u00f0, \u00e1 gullbor\u00f0i\u00f0 frammi fyrir Drottni.<a name=\"7\"><span class=\"versanumer\">7<\/span><\/a>Og \u00fe\u00fa skalt l\u00e1ta hj\u00e1 hvorri r\u00f6\u00f0 hreina reykelsiskvo\u00f0u, og skal h\u00fan vera sem ilmhluti af brau\u00f0inu, eldf\u00f3rn Drottni til handa.<a name=\"8\"><span class=\"versanumer\">8<\/span><\/a>\u00c1 hverjum hv\u00edldardegi skal hann ra\u00f0a \u00feessu frammi fyrir Drottni st\u00f6\u00f0uglega. Er \u00fea\u00f0 \u00e6vinlegur s\u00e1ttm\u00e1li af h\u00e1lfu \u00cdsraelsmanna.<a name=\"9\"><span class=\"versanumer\">9<\/span><\/a>Skal Aron og synir hans f\u00e1 \u00fea\u00f0 og eta \u00fea\u00f0 \u00e1 helgum sta\u00f0, \u00fev\u00ed a\u00f0 \u00fea\u00f0 heyrir honum sem h\u00e1helgur hluti af eldf\u00f3rnum Drottins eftir \u00e6vinlegu l\u00f6gm\u00e1li.<a name=\"10\"><span class=\"versanumer\">10<\/span><\/a>Sonur \u00edsraelskrar konu gekk \u00fat me\u00f0al \u00cdsraelsmanna, en fa\u00f0ir hans var egypskur. Lenti \u00fe\u00e1 sonur \u00edsraelsku konunnar \u00ed deilu vi\u00f0 \u00edsraelskan mann \u00ed herb\u00fa\u00f0unum.<a name=\"11\"><span class=\"versanumer\">11<\/span><\/a>Og sonur \u00edsraelsku konunnar lastm\u00e6lti nafninu og form\u00e6lti. \u00deeir leiddu hann fyrir M\u00f3se. En m\u00f3\u00f0ir hans h\u00e9t Sel\u00f3m\u00edt D\u00edbr\u00edsd\u00f3ttir, af \u00e6ttkv\u00edsl Dans.<a name=\"12\"><span class=\"versanumer\">12<\/span><\/a>Og \u00feeir settu hann \u00ed var\u00f0hald, til \u00feess a\u00f0 \u00feeim k\u00e6mi \u00farskur\u00f0ur fyrir munn Drottins.<a name=\"13\"><span class=\"versanumer\">13<\/span><\/a>Og Drottinn tala\u00f0i vi\u00f0 M\u00f3se og sag\u00f0i:<a name=\"14\"><span class=\"versanumer\">14<\/span><\/a>Lei\u00f0 \u00fe\u00fa lastm\u00e6landann \u00fat fyrir herb\u00fa\u00f0irnar, og allir \u00feeir, er heyrt hafa, skulu leggja hendur s\u00ednar \u00e1 h\u00f6fu\u00f0 honum, og \u00fev\u00ed n\u00e6st skal allur s\u00f6fnu\u00f0urinn gr\u00fdta hann.<a name=\"15\"><span class=\"versanumer\">15<\/span><\/a>Og \u00fe\u00fa skalt tala vi\u00f0 \u00cdsraelsmenn og segja: Hver s\u00e1, er form\u00e6lir Gu\u00f0i s\u00ednum, bakar s\u00e9r synd.<a name=\"16\"><span class=\"versanumer\">16<\/span><\/a>Og s\u00e1 er lastm\u00e6lir nafni Drottins, skal l\u00edfl\u00e1tinn ver\u00f0a. Allur s\u00f6fnu\u00f0urinn skal v\u00e6g\u00f0arlaust gr\u00fdta hann. Hvort heldur er \u00fatlendur ma\u00f0ur e\u00f0a innborinn, lastm\u00e6li hann nafninu, skal hann l\u00edfl\u00e1tinn.<a name=\"17\"><span class=\"versanumer\">17<\/span><\/a>Og lj\u00f3sti einhver mann til bana, skal hann l\u00edfl\u00e1tinn ver\u00f0a.<a name=\"18\"><span class=\"versanumer\">18<\/span><\/a>Og s\u00e1, er l\u00fdstur skepnu til bana, skal b\u00e6ta hana, l\u00edf fyrir l\u00edf.<a name=\"19\"><span class=\"versanumer\">19<\/span><\/a>Og veiti ma\u00f0ur n\u00e1unga s\u00ednum \u00e1verka, \u00fe\u00e1 skal honum gj\u00f6rt hi\u00f0 sama, sem hann hefir gj\u00f6rt:<a name=\"20\"><span class=\"versanumer\">20<\/span><\/a>Beinbrot fyrir beinbrot, auga fyrir auga, t\u00f6nn fyrir t\u00f6nn, hinn sami \u00e1verki, er hann hefir veitt \u00f6\u00f0rum, skal honum veittur.<a name=\"21\"><span class=\"versanumer\">21<\/span><\/a>Og s\u00e1, er l\u00fdstur skepnu til bana, skal b\u00e6ta hana, en s\u00e1, er l\u00fdstur mann til bana, skal l\u00edfl\u00e1tinn.<a name=\"22\"><span class=\"versanumer\">22<\/span><\/a>\u00de\u00e9r skulu\u00f0 hafa ein l\u00f6g, hvort heldur \u00fatlendur ma\u00f0ur e\u00f0a innborinn \u00e1 \u00ed hlut, \u00fev\u00ed a\u00f0 \u00e9g er Drottinn, Gu\u00f0 y\u00f0ar.<a name=\"23\"><span class=\"versanumer\">23<\/span><\/a>Og M\u00f3se tala\u00f0i vi\u00f0 \u00cdsraelsmenn, og \u00feeir leiddu lastm\u00e6landann \u00fat fyrir herb\u00fa\u00f0irnar og l\u00f6mdu hann grj\u00f3ti. Og \u00cdsraelsmenn gj\u00f6r\u00f0u svo sem Drottinn haf\u00f0i bo\u00f0i\u00f0 M\u00f3se.<\/p>\n<div class=\"footnote1981\"><b>24.2<\/b> Lj\u00f3sastika og ol\u00eda 2M\u00f3s 25.31-40; 27.20-21; 1Sam 3.3<br \/>\n<b>24.5<\/b> Sko\u00f0unarbrau\u00f0 2M\u00f3s 25.30; 1Sam 21.4-6; Matt 12.4 og hlst.<br \/>\n<b>24.7<\/b> Hreint reykelsi 3M\u00f3s 2.1<br \/>\n<b>24.9<\/b> Helgur sta\u00f0ur 3M\u00f3s 6.9+<br \/>\n<b>24.10<\/b> Gu\u00f0last 2M\u00f3s 22.27; 1Sam 3.13; 1Kon 21.10,13; Jes 8.21; Matt 9.3+<br \/>\n<b>24.12<\/b> \u00darskur\u00f0ur fyrir Drottin 4M\u00f3s 27.5-7<br \/>\n<b>24.14<\/b> Gr\u00fdting 4M\u00f3s 15.35-36; J\u00f3s 7.25; Post 7.58<br \/>\n<b>24.16<\/b> Akomuma\u00f0ur e\u00f0a innf\u00e6ddur 3M\u00f3s 16.29+<br \/>\n<b>24.17<\/b> Mor\u00f0 2M\u00f3s 20.13 og hlst. 21.12; 1Kon 21.19; Matt 5.21+<br \/>\n<b>24.18<\/b> Hann skal b\u00e6ta sbr 2M\u00f3s 21.33-34; 22.13<br \/>\n<b>24.19<\/b> Hi\u00f0 sama 2M\u00f3s 21.23-25; 5M\u00f3s 19.19-21; \u00d3b 15; Matt 5.38-42<\/div>\n","protected":false},"excerpt":{"rendered":"<p>1Drottinn tala\u00f0i vi\u00f0 M\u00f3se og sag\u00f0i:2Bj\u00f3\u00f0 \u00fe\u00fa \u00cdsraelsm\u00f6nnum a\u00f0 f\u00e6ra \u00fe\u00e9r t\u00e6ra ol\u00edu af steyttum ol\u00edfuberjum til lj\u00f3sastikunnar, svo a\u00f0 lampar ver\u00f0i \u00e1vallt settir upp.3Fyrir utan fortjald s\u00e1ttm\u00e1lsins \u00ed samfundatjaldinu skal Aron tilrei\u00f0a \u00fe\u00e1 fr\u00e1 kveldi til morguns frammi fyrir Drottni st\u00f6\u00f0uglega. \u00dea\u00f0 er \u00e6varandi l\u00f6gm\u00e1l fyrir y\u00f0ur fr\u00e1 kyni til kyns.4Hann skal ra\u00f0a l\u00f6mpunum \u00e1 gull-lj\u00f3sastikuna frammi fyrir Drottni st\u00f6\u00f0uglega.5\u00de\u00fa skalt taka f\u00ednt mj\u00f6l og baka \u00far \u00fev\u00ed t\u00f3lf k\u00f6kur. Skulu vera tveir t\u00edundupartar \u00far efu \u00ed hverri k\u00f6ku.6Og \u00fe\u00fa skalt leggja \u00fe\u00e6r \u00ed tv\u00e6r ra\u00f0ir, sex \u00ed hvora r\u00f6\u00f0, \u00e1 gullbor\u00f0i\u00f0 frammi fyrir Drottni.7Og \u00fe\u00fa skalt l\u00e1ta hj\u00e1 <a href=\"https:\/\/biblian.is\/1981\/thridja-mosebok-24-kafli\/\"> [&#8230;]<\/a><\/p>\n","protected":false},"author":1,"featured_media":0,"parent":0,"menu_order":0,"comment_status":"open","ping_status":"open","template":"bibliukaflar.php","meta":{"footnotes":""},"class_list":["post-1460","page","type-page","status-publish","hentry"],"_links":{"self":[{"href":"https:\/\/biblian.is\/1981\/wp-json\/wp\/v2\/pages\/1460","targetHints":{"allow":["GET"]}}],"collection":[{"href":"https:\/\/biblian.is\/1981\/wp-json\/wp\/v2\/pages"}],"about":[{"href":"https:\/\/biblian.is\/1981\/wp-json\/wp\/v2\/types\/page"}],"author":[{"embeddable":true,"href":"https:\/\/biblian.is\/1981\/wp-json\/wp\/v2\/users\/1"}],"replies":[{"embeddable":true,"href":"https:\/\/biblian.is\/1981\/wp-json\/wp\/v2\/comments?post=1460"}],"version-history":[{"count":0,"href":"https:\/\/biblian.is\/1981\/wp-json\/wp\/v2\/pages\/1460\/revisions"}],"wp:attachment":[{"href":"https:\/\/biblian.is\/1981\/wp-json\/wp\/v2\/media?parent=1460"}],"curies":[{"name":"wp","href":"https:\/\/api.w.org\/{rel}","templated":true}]}}