{"id":1459,"date":"2017-11-18T20:17:24","date_gmt":"2017-11-18T20:17:24","guid":{"rendered":"http:\/\/biblian.is\/1981\/thridja-mosebok-23-kafli\/"},"modified":"2021-06-06T11:11:15","modified_gmt":"2021-06-06T11:11:15","slug":"thridja-mosebok-23-kafli","status":"publish","type":"page","link":"https:\/\/biblian.is\/1981\/thridja-mosebok-23-kafli\/","title":{"rendered":"\u00deri\u00f0ja M\u00f3seb\u00f3k 23. kafli"},"content":{"rendered":"<p><a name=\"1\"><span class=\"versanumer\">1<\/span><\/a>Drottinn tala\u00f0i vi\u00f0 M\u00f3se og sag\u00f0i:<a name=\"2\"><span class=\"versanumer\">2<\/span><\/a>M\u00e6l \u00fe\u00fa til \u00cdsraelsmanna og seg vi\u00f0 \u00fe\u00e1: L\u00f6gh\u00e1t\u00ed\u00f0ir Drottins, er \u00fe\u00e9r skulu\u00f0 bo\u00f0a sem helgar samkomur \u00feessar eru l\u00f6gh\u00e1t\u00ed\u00f0ir m\u00ednar.<a name=\"3\"><span class=\"versanumer\">3<\/span><\/a>Sex daga skal verk vinna, en sj\u00f6unda daginn skal vera helgihv\u00edld, helg samkoma. \u00de\u00e9r skulu\u00f0 ekkert verk vinna. \u00dea\u00f0 er hv\u00edldardagur Drottins \u00ed \u00f6llum b\u00fast\u00f6\u00f0um y\u00f0ar.<a name=\"4\"><span class=\"versanumer\">4<\/span><\/a>\u00deessar eru l\u00f6gh\u00e1t\u00ed\u00f0ir Drottins, helgar samkomur, er \u00fe\u00e9r skulu\u00f0 bo\u00f0a, hverja \u00e1 s\u00ednum t\u00edma.<a name=\"5\"><span class=\"versanumer\">5<\/span><\/a>\u00cd fyrsta m\u00e1nu\u00f0inum, hinn fj\u00f3rt\u00e1nda dag m\u00e1na\u00f0arins um s\u00f3lsetur, hefjast p\u00e1skar Drottins.<a name=\"6\"><span class=\"versanumer\">6<\/span><\/a>Og fimmt\u00e1nda dag hins sama m\u00e1na\u00f0ar skal halda Drottni h\u00e1t\u00ed\u00f0 hinna \u00f3s\u00fdr\u00f0u brau\u00f0a. Sj\u00f6 daga skulu\u00f0 \u00fe\u00e9r eta \u00f3s\u00fdrt brau\u00f0.<a name=\"7\"><span class=\"versanumer\">7<\/span><\/a>Fyrsta daginn skulu\u00f0 \u00fe\u00e9r halda helga samkomu. Eigi skulu\u00f0 \u00fe\u00e9r \u00fe\u00e1 vinna neina stritvinnu.<a name=\"8\"><span class=\"versanumer\">8<\/span><\/a>Og \u00fe\u00e9r skulu\u00f0 f\u00e6ra Drottni eldf\u00f3rn sj\u00f6 daga. Sj\u00f6unda daginn er helg samkoma. Eigi skulu\u00f0 \u00fe\u00e9r \u00fe\u00e1 f\u00e1st vi\u00f0 neina stritvinnu.<a name=\"9\"><span class=\"versanumer\">9<\/span><\/a>Drottinn tala\u00f0i vi\u00f0 M\u00f3se og sag\u00f0i:<a name=\"10\"><span class=\"versanumer\">10<\/span><\/a>M\u00e6l \u00fe\u00fa til \u00cdsraelsmanna og seg vi\u00f0 \u00fe\u00e1: \u00de\u00e1 er \u00fe\u00e9r komi\u00f0 \u00ed land \u00fea\u00f0, sem \u00e9g mun gefa y\u00f0ur, og \u00fe\u00e9r skeri\u00f0 \u00fear upp korn, skulu\u00f0 \u00fe\u00e9r f\u00e6ra presti fyrsta kornbundini\u00f0 af uppskeru y\u00f0ar.<a name=\"11\"><span class=\"versanumer\">11<\/span><\/a>Og hann skal veifa kornbundininu frammi fyrir Drottni, svo a\u00f0 \u00fea\u00f0 afli y\u00f0ur vel\u00fe\u00f3knunar, daginn eftir hv\u00edldardaginn skal presturinn veifa \u00fev\u00ed.<a name=\"12\"><span class=\"versanumer\">12<\/span><\/a>\u00deann dag, er \u00fe\u00e9r veifi\u00f0 bundininu, skulu\u00f0 \u00fe\u00e9r f\u00f3rna veturgamalli sau\u00f0kind gallalausri \u00ed brennif\u00f3rn Drottni til handa.<a name=\"13\"><span class=\"versanumer\">13<\/span><\/a>Og matf\u00f3rnin me\u00f0 henni skal vera tveir t\u00edundupartar \u00far efu af f\u00ednu mj\u00f6li, bl\u00f6ndu\u00f0u vi\u00f0 ol\u00edu, eldf\u00f3rn \u00fe\u00e6gilegs ilms fyrir Drottin, og dreypif\u00f3rnin fj\u00f3r\u00f0ungur \u00far h\u00edn af v\u00edni.<a name=\"14\"><span class=\"versanumer\">14<\/span><\/a>Eigi skulu\u00f0 \u00fe\u00e9r eta brau\u00f0, baka\u00f0 korn e\u00f0a korn \u00far n\u00fdslegnum kornst\u00f6ngum allt til \u00feess dags, allt til \u00feess er \u00fe\u00e9r hafi\u00f0 f\u00e6rt f\u00f3rnargj\u00f6f Gu\u00f0i y\u00f0ar. \u00dea\u00f0 skal vera y\u00f0ur \u00e6varandi l\u00f6gm\u00e1l fr\u00e1 kyni til kyns \u00ed \u00f6llum b\u00fast\u00f6\u00f0um y\u00f0ar.<a name=\"15\"><span class=\"versanumer\">15<\/span><\/a>\u00de\u00e9r skulu\u00f0 telja fr\u00e1 n\u00e6sta degi eftir hv\u00edldardaginn, fr\u00e1 \u00feeim degi, er \u00fe\u00e9r f\u00e6ri\u00f0 bundini\u00f0 \u00ed veifif\u00f3rn. Sj\u00f6 vikur fullar skulu \u00fea\u00f0 vera.<a name=\"16\"><span class=\"versanumer\">16<\/span><\/a>Til n\u00e6sta dags eftir sj\u00f6unda hv\u00edldardaginn skulu\u00f0 \u00fe\u00e9r telja fimmt\u00edu daga. \u00de\u00e1 skulu\u00f0 \u00fe\u00e9r f\u00e6ra Drottni n\u00fdja matf\u00f3rn.<a name=\"17\"><span class=\"versanumer\">17<\/span><\/a>Fr\u00e1 b\u00fast\u00f6\u00f0um y\u00f0ar skulu\u00f0 \u00fe\u00e9r f\u00e6ra tv\u00f6 brau\u00f0 til veifif\u00f3rnar. Skulu \u00feau vera gj\u00f6r\u00f0 af tveim t\u00edundup\u00f6rtum \u00far efu af f\u00ednu mj\u00f6li. \u00deau skulu vera b\u00f6ku\u00f0 me\u00f0 s\u00fardeigi frumgr\u00f3\u00f0af\u00f3rn Drottni til handa.<a name=\"18\"><span class=\"versanumer\">18<\/span><\/a>Og \u00e1samt brau\u00f0inu skulu\u00f0 \u00fe\u00e9r fram bera sj\u00f6 sau\u00f0kindur veturgamlar gallalausar, eitt ungneyti og tvo hr\u00fata. \u00deau skulu vera brennif\u00f3rn Drottni til handa \u00e1samt matf\u00f3rn og dreypif\u00f3rnum \u00feeim, er til \u00feeirra heyra, eldf\u00f3rn \u00fe\u00e6gilegs ilms Drottni til handa.<a name=\"19\"><span class=\"versanumer\">19<\/span><\/a>Og \u00fe\u00e9r skulu\u00f0 f\u00f3rna einum geithafri \u00ed syndaf\u00f3rn og tveim sau\u00f0kindum veturg\u00f6mlum \u00ed heillaf\u00f3rn.<a name=\"20\"><span class=\"versanumer\">20<\/span><\/a>Og presturinn skal veifa \u00feeim me\u00f0 frumgr\u00f3\u00f0abrau\u00f0inu a\u00f0 veifif\u00f3rn frammi fyrir Drottni \u00e1samt sau\u00f0kindunum tveimur. Skal \u00fea\u00f0 vera Drottni helga\u00f0 handa prestinum.<a name=\"21\"><span class=\"versanumer\">21<\/span><\/a>\u00deennan sama dag skulu\u00f0 \u00fe\u00e9r l\u00e1ta bo\u00f0 \u00fat ganga, \u00fe\u00e9r skulu\u00f0 halda helga samkomu. \u00de\u00e9r skulu\u00f0 eigi vinna neina stritvinnu. \u00dea\u00f0 er \u00e6varandi l\u00f6gm\u00e1l fyrir y\u00f0ur \u00ed \u00f6llum b\u00fast\u00f6\u00f0um y\u00f0ar fr\u00e1 kyni til kyns.<a name=\"22\"><span class=\"versanumer\">22<\/span><\/a>Er \u00fe\u00e9r skeri\u00f0 upp jar\u00f0argr\u00f3\u00f0ur y\u00f0ar, \u00fe\u00e1 skalt \u00fe\u00fa eigi skera akur \u00feinn \u00fat \u00ed hvert horn, n\u00e9 heldur skalt \u00fe\u00fa t\u00edna eftirt\u00edning uppskeru \u00feinnar. \u00de\u00fa skalt skilja \u00fea\u00f0 eftir handa f\u00e1t\u00e6kum og \u00fatlendingum. \u00c9g er Drottinn, Gu\u00f0 y\u00f0ar.<a name=\"23\"><span class=\"versanumer\">23<\/span><\/a>Drottinn tala\u00f0i vi\u00f0 M\u00f3se og sag\u00f0i:<a name=\"24\"><span class=\"versanumer\">24<\/span><\/a>Tala \u00fe\u00fa til \u00cdsraelsmanna og seg: \u00cd sj\u00f6unda m\u00e1nu\u00f0inum, hinn fyrsta dag m\u00e1na\u00f0arins, skulu\u00f0 \u00fe\u00e9r halda helgihv\u00edld, minningardag me\u00f0 b\u00e1s\u00fanubl\u00e6stri, helga samkomu.<a name=\"25\"><span class=\"versanumer\">25<\/span><\/a>\u00de\u00e9r skulu\u00f0 eigi vinna neina stritvinnu, og \u00fe\u00e9r skulu\u00f0 f\u00e6ra Drottni eldf\u00f3rn.<a name=\"26\"><span class=\"versanumer\">26<\/span><\/a>Drottinn tala\u00f0i vi\u00f0 M\u00f3se og sag\u00f0i:<a name=\"27\"><span class=\"versanumer\">27<\/span><\/a>T\u00edunda dag \u00feessa hins sj\u00f6unda m\u00e1na\u00f0ar er fri\u00f0\u00fe\u00e6gingardagurinn. Skulu\u00f0 \u00fe\u00e9r \u00fe\u00e1 halda helga samkomu og fasta og f\u00e6ra Drottni eldf\u00f3rn.<a name=\"28\"><span class=\"versanumer\">28<\/span><\/a>\u00deennan sama dag skulu\u00f0 \u00fe\u00e9r ekkert verk vinna, \u00fev\u00ed a\u00f0 hann er fri\u00f0\u00fe\u00e6gingardagur, til \u00feess a\u00f0 fri\u00f0\u00fe\u00e6gja fyrir y\u00f0ur frammi fyrir Drottni Gu\u00f0i y\u00f0ar.<a name=\"29\"><span class=\"versanumer\">29<\/span><\/a>\u00dev\u00ed a\u00f0 hver s\u00e1, er eigi fastar \u00feennan dag, skal uppr\u00e6ttur ver\u00f0a \u00far \u00fej\u00f3\u00f0 sinni.<a name=\"30\"><span class=\"versanumer\">30<\/span><\/a>Og hvern \u00feann, er eitthvert verk vinnur \u00feennan dag, hann vil \u00e9g afm\u00e1 \u00far \u00fej\u00f3\u00f0 hans.<a name=\"31\"><span class=\"versanumer\">31<\/span><\/a>\u00de\u00e9r skulu\u00f0 ekkert verk vinna. \u00dea\u00f0 er \u00e6varandi l\u00f6gm\u00e1l fyrir y\u00f0ur fr\u00e1 kyni til kyns \u00ed \u00f6llum b\u00fast\u00f6\u00f0um y\u00f0ar.<a name=\"32\"><span class=\"versanumer\">32<\/span><\/a>\u00dea\u00f0 skal vera y\u00f0ur helgihv\u00edld og \u00fe\u00e9r skulu\u00f0 fasta. Hinn n\u00edunda dag m\u00e1na\u00f0arins a\u00f0 kveldi, fr\u00e1 aftni til aftans, skulu\u00f0 \u00fe\u00e9r halda hv\u00edldardag y\u00f0ar.<a name=\"33\"><span class=\"versanumer\">33<\/span><\/a>Drottinn tala\u00f0i vi\u00f0 M\u00f3se og sag\u00f0i:<a name=\"34\"><span class=\"versanumer\">34<\/span><\/a>Tala \u00fe\u00fa til \u00cdsraelsmanna og seg: \u00c1 fimmt\u00e1nda degi \u00feessa hins sj\u00f6unda m\u00e1na\u00f0ar skal halda Drottni laufsk\u00e1lah\u00e1t\u00ed\u00f0 sj\u00f6 daga.<a name=\"35\"><span class=\"versanumer\">35<\/span><\/a>Fyrsta daginn skal vera helg samkoma, \u00fe\u00e1 skulu\u00f0 \u00fe\u00e9r eigi vinna neina stritvinnu.<a name=\"36\"><span class=\"versanumer\">36<\/span><\/a>Sj\u00f6 daga skulu\u00f0 \u00fe\u00e9r f\u00e6ra Drottni eldf\u00f3rn. \u00c1ttunda daginn skulu\u00f0 \u00fe\u00e9r halda helga samkomu og f\u00e6ra Drottni eldf\u00f3rn. \u00dea\u00f0 er h\u00e1t\u00ed\u00f0afundur, \u00fe\u00e1 skulu\u00f0 \u00fe\u00e9r eigi vinna neina stritvinnu.<a name=\"37\"><span class=\"versanumer\">37<\/span><\/a>\u00deetta eru l\u00f6gh\u00e1t\u00ed\u00f0ir Drottins, er \u00fe\u00e9r skulu\u00f0 bo\u00f0a sem helgar samkomur til \u00feess a\u00f0 f\u00e6ra Drottni eldf\u00f3rn, brennif\u00f3rn og matf\u00f3rn, sl\u00e1turf\u00f3rn og dreypif\u00f3rnir, hverja f\u00f3rn \u00e1 s\u00ednum degi,<a name=\"38\"><span class=\"versanumer\">38<\/span><\/a>auk hv\u00edldardaga Drottins og auk gjafa y\u00f0ar og auk allra heitf\u00f3rna y\u00f0ar og auk allra sj\u00e1lfviljaf\u00f3rna y\u00f0ar, er \u00fe\u00e9r f\u00e6ri\u00f0 Drottni.<a name=\"39\"><span class=\"versanumer\">39<\/span><\/a>\u00c1 fimmt\u00e1nda degi hins sj\u00f6unda m\u00e1na\u00f0ar, er \u00fe\u00e9r hafi\u00f0 hirt gr\u00f3\u00f0ur landsins, skulu\u00f0 \u00fe\u00e9r halda h\u00e1t\u00ed\u00f0 Drottins sj\u00f6 daga. Fyrsta daginn skal vera helgihv\u00edld og \u00e1ttunda daginn skal vera helgihv\u00edld.<a name=\"40\"><span class=\"versanumer\">40<\/span><\/a>Og fyrsta daginn skulu\u00f0 \u00fe\u00e9r taka y\u00f0ur aldin af f\u00f6grum trj\u00e1m, p\u00e1lmvi\u00f0argreinar og lim af \u00fe\u00e9ttlaufgu\u00f0um trj\u00e1m og l\u00e6kjarp\u00edl, og \u00fe\u00e9r skulu\u00f0 fagna frammi fyrir Drottni, Gu\u00f0i y\u00f0ar, \u00ed sj\u00f6 daga.<a name=\"41\"><span class=\"versanumer\">41<\/span><\/a>Og \u00fe\u00e9r skulu\u00f0 halda hana helga sem h\u00e1t\u00ed\u00f0 Drottins sj\u00f6 daga \u00e1 \u00e1ri. \u00dea\u00f0 er \u00e6varandi l\u00f6gm\u00e1l fyrir y\u00f0ur fr\u00e1 kyni til kyns: \u00cd sj\u00f6unda m\u00e1nu\u00f0inum skulu\u00f0 \u00fe\u00e9r halda hana.<a name=\"42\"><span class=\"versanumer\">42<\/span><\/a>Skulu\u00f0 \u00fe\u00e9r b\u00faa \u00ed laufsk\u00e1lum sj\u00f6 daga. Allir innbornir menn \u00ed \u00cdsrael skulu \u00fe\u00e1 b\u00faa \u00ed laufsk\u00e1lum,<a name=\"43\"><span class=\"versanumer\">43<\/span><\/a>svo a\u00f0 ni\u00f0jar y\u00f0ar viti, a\u00f0 \u00e9g l\u00e9t \u00cdsraelsmenn b\u00faa \u00ed laufsk\u00e1lum, \u00fe\u00e1 er \u00e9g leiddi \u00fe\u00e1 \u00fat af Egyptalandi. \u00c9g er Drottinn, Gu\u00f0 y\u00f0ar.<a name=\"44\"><span class=\"versanumer\">44<\/span><\/a>Og M\u00f3se sag\u00f0i \u00cdsraelsm\u00f6nnum l\u00f6gh\u00e1t\u00ed\u00f0ir Drottins.<\/p>\n<div class=\"footnote1981\"><b>23.1<\/b> H\u00e1t\u00ed\u00f0ir 2M\u00f3s 23.14-19; 34.18-23; 4M\u00f3s 28-29; 5M\u00f3s 16.1-17<br \/>\n<b>23.3<\/b> Hv\u00edldardagur 1M\u00f3s 2.2-3; 2M\u00f3s 20.8-11 og hlst.; 31.17 \u2013 hvar sem \u00fei\u00f0 b\u00fai\u00f0 3M\u00f3s 3.17+<br \/>\n<b>23.5<\/b> P\u00e1skar, h\u00e1t\u00ed\u00f0 hinna \u00f3s\u00fdr\u00f0u brau\u00f0a 2M\u00f3s 12+<br \/>\n<b>23.10<\/b> Kanaansland 3M\u00f3s 14.34+ &#8211; fyrsta kornknippi\u00f0 5M\u00f3s 26.1-11; sbr 3M\u00f3s 19.23-25<br \/>\n<b>23.14<\/b> Korn 3M\u00f3s 2.14; Rut 2.14<br \/>\n<b>23.17<\/b> Frumgr\u00f3\u00f0af\u00f3rn 3M\u00f3s 2.14+<br \/>\n<b>23.22<\/b> Sker upp 3M\u00f3s 19.9+<br \/>\n<b>23.27<\/b> Fri\u00f0\u00fe\u00e6gingardagurinn 3M\u00f3s 16.1+<br \/>\n<b>23.34<\/b> Laufsk\u00e1lah\u00e1t\u00ed\u00f0 Esr 3.4; Neh 8.14-18; Sak 14.16-19<\/div>\n","protected":false},"excerpt":{"rendered":"<p>1Drottinn tala\u00f0i vi\u00f0 M\u00f3se og sag\u00f0i:2M\u00e6l \u00fe\u00fa til \u00cdsraelsmanna og seg vi\u00f0 \u00fe\u00e1: L\u00f6gh\u00e1t\u00ed\u00f0ir Drottins, er \u00fe\u00e9r skulu\u00f0 bo\u00f0a sem helgar samkomur \u00feessar eru l\u00f6gh\u00e1t\u00ed\u00f0ir m\u00ednar.3Sex daga skal verk vinna, en sj\u00f6unda daginn skal vera helgihv\u00edld, helg samkoma. \u00de\u00e9r skulu\u00f0 ekkert verk vinna. \u00dea\u00f0 er hv\u00edldardagur Drottins \u00ed \u00f6llum b\u00fast\u00f6\u00f0um y\u00f0ar.4\u00deessar eru l\u00f6gh\u00e1t\u00ed\u00f0ir Drottins, helgar samkomur, er \u00fe\u00e9r skulu\u00f0 bo\u00f0a, hverja \u00e1 s\u00ednum t\u00edma.5\u00cd fyrsta m\u00e1nu\u00f0inum, hinn fj\u00f3rt\u00e1nda dag m\u00e1na\u00f0arins um s\u00f3lsetur, hefjast p\u00e1skar Drottins.6Og fimmt\u00e1nda dag hins sama m\u00e1na\u00f0ar skal halda Drottni h\u00e1t\u00ed\u00f0 hinna \u00f3s\u00fdr\u00f0u brau\u00f0a. Sj\u00f6 daga skulu\u00f0 \u00fe\u00e9r eta \u00f3s\u00fdrt brau\u00f0.7Fyrsta daginn skulu\u00f0 \u00fe\u00e9r halda helga samkomu. <a href=\"https:\/\/biblian.is\/1981\/thridja-mosebok-23-kafli\/\"> [&#8230;]<\/a><\/p>\n","protected":false},"author":1,"featured_media":0,"parent":0,"menu_order":0,"comment_status":"open","ping_status":"open","template":"bibliukaflar.php","meta":{"footnotes":""},"class_list":["post-1459","page","type-page","status-publish","hentry"],"_links":{"self":[{"href":"https:\/\/biblian.is\/1981\/wp-json\/wp\/v2\/pages\/1459","targetHints":{"allow":["GET"]}}],"collection":[{"href":"https:\/\/biblian.is\/1981\/wp-json\/wp\/v2\/pages"}],"about":[{"href":"https:\/\/biblian.is\/1981\/wp-json\/wp\/v2\/types\/page"}],"author":[{"embeddable":true,"href":"https:\/\/biblian.is\/1981\/wp-json\/wp\/v2\/users\/1"}],"replies":[{"embeddable":true,"href":"https:\/\/biblian.is\/1981\/wp-json\/wp\/v2\/comments?post=1459"}],"version-history":[{"count":0,"href":"https:\/\/biblian.is\/1981\/wp-json\/wp\/v2\/pages\/1459\/revisions"}],"wp:attachment":[{"href":"https:\/\/biblian.is\/1981\/wp-json\/wp\/v2\/media?parent=1459"}],"curies":[{"name":"wp","href":"https:\/\/api.w.org\/{rel}","templated":true}]}}