{"id":1458,"date":"2017-11-18T20:17:24","date_gmt":"2017-11-18T20:17:24","guid":{"rendered":"http:\/\/biblian.is\/1981\/thridja-mosebok-22-kafli\/"},"modified":"2021-06-06T11:11:14","modified_gmt":"2021-06-06T11:11:14","slug":"thridja-mosebok-22-kafli","status":"publish","type":"page","link":"https:\/\/biblian.is\/1981\/thridja-mosebok-22-kafli\/","title":{"rendered":"\u00deri\u00f0ja M\u00f3seb\u00f3k 22. kafli"},"content":{"rendered":"<p><a name=\"1\"><span class=\"versanumer\">1<\/span><\/a>Drottinn tala\u00f0i vi\u00f0 M\u00f3se og sag\u00f0i:<a name=\"2\"><span class=\"versanumer\">2<\/span><\/a>Seg \u00fe\u00fa Aroni og sonum hans, a\u00f0 \u00feeir skuli halda s\u00e9r fr\u00e1 helgigj\u00f6fum \u00cdsraelsmanna, \u00feeim er \u00feeir helga m\u00e9r, svo a\u00f0 \u00feeir vanhelgi eigi heilagt nafn mitt. \u00c9g er Drottinn.<a name=\"3\"><span class=\"versanumer\">3<\/span><\/a>Seg vi\u00f0 \u00fe\u00e1: Hver s\u00e1 af ni\u00f0jum y\u00f0ar, n\u00fa og \u00ed komandi kynsl\u00f3\u00f0um, er kemur n\u00e6rri helgigj\u00f6fum \u00feeim, er \u00cdsraelsmenn helga Drottni, me\u00f0an hann er \u00f3hreinn, skal uppr\u00e6ttur ver\u00f0a fr\u00e1 augliti m\u00ednu. \u00c9g er Drottinn.<a name=\"4\"><span class=\"versanumer\">4<\/span><\/a>Eigi skal neinn s\u00e1 af ni\u00f0jum Arons, sem l\u00edk\u00fer\u00e1r er e\u00f0a hefir rennsli, eta af helgigj\u00f6funum, uns hann er hreinn. Og s\u00e1, er snertir einhvern \u00feann, sem saurga\u00f0ur er af l\u00edki, e\u00f0a mann sem hefir s\u00e1\u00f0l\u00e1t,<a name=\"5\"><span class=\"versanumer\">5<\/span><\/a>e\u00f0a s\u00e1, sem snert hefir eitthvert skri\u00f0kvikindi og saurgast af \u00fev\u00ed, e\u00f0a mann og saurgast af honum, hverrar tegundar sem \u00f3hreinleiki hans er,<a name=\"6\"><span class=\"versanumer\">6<\/span><\/a>s\u00e1 er snert hefir sl\u00edkt, skal vera \u00f3hreinn til kvelds. Og eigi skal hann eta af helgigj\u00f6funum nema hann laugi l\u00edkama sinn \u00ed vatni.<a name=\"7\"><span class=\"versanumer\">7<\/span><\/a>En jafnskj\u00f3tt og s\u00f3l er setst, er hann hreinn, og s\u00ed\u00f0an eti hann af helgigj\u00f6funum, \u00fev\u00ed a\u00f0 \u00fea\u00f0 er matur hans.<a name=\"8\"><span class=\"versanumer\">8<\/span><\/a>Sj\u00e1lfdau\u00f0a skepnu e\u00f0a d\u00fdrrifna skal hann eigi eta, svo a\u00f0 hann saurgist af. \u00c9g er Drottinn.<a name=\"9\"><span class=\"versanumer\">9<\/span><\/a>\u00deeir skulu \u00fev\u00ed var\u00f0veita bo\u00f0or\u00f0 m\u00edn, svo a\u00f0 \u00feeir baki s\u00e9r eigi synd fyrir sl\u00edkt og deyi vegna \u00feess, fyrir \u00fev\u00ed a\u00f0 \u00feeir vanhelgu\u00f0u \u00fea\u00f0. \u00c9g er Drottinn, s\u00e1 er helgar \u00fe\u00e1.<a name=\"10\"><span class=\"versanumer\">10<\/span><\/a>Enginn s\u00e1, er eigi heyrir skylduli\u00f0i prests, skal eta helgan d\u00f3m. Hvorki hj\u00e1b\u00fdlingur prests n\u00e9 kaupama\u00f0ur skal eta helgan d\u00f3m.<a name=\"11\"><span class=\"versanumer\">11<\/span><\/a>En kaupi prestur \u00fer\u00e6l ver\u00f0i, \u00fe\u00e1 skal hann eta af \u00fev\u00ed, svo og s\u00e1 er f\u00e6ddur er \u00ed h\u00fasi hans. \u00deeir skulu eta af mat hans.<a name=\"12\"><span class=\"versanumer\">12<\/span><\/a>Eigi skal prestsd\u00f3ttir, s\u00e9 h\u00fan leikmanni gefin, eta af hinum heil\u00f6gu f\u00f3rnargj\u00f6fum.<a name=\"13\"><span class=\"versanumer\">13<\/span><\/a>En s\u00e9 d\u00f3ttir prests ekkja e\u00f0a kona brott rekin og eigi ekki barna og s\u00e9 horfin aftur \u00ed h\u00fas f\u00f6\u00f0ur s\u00edns, eins og \u00ed \u00e6sku hennar, skal h\u00fan eta af mat f\u00f6\u00f0ur s\u00edns. En enginn s\u00e1, er eigi heyrir skylduli\u00f0i prests, skal eta af honum.<a name=\"14\"><span class=\"versanumer\">14<\/span><\/a>N\u00fa etur einhver af vang\u00e1 helgan d\u00f3m, og skal hann \u00fe\u00e1 f\u00e6ra presti hinn helga d\u00f3m og grei\u00f0a fimmtung umfram.<a name=\"15\"><span class=\"versanumer\">15<\/span><\/a>\u00deeir skulu eigi vanhelga helgigjafir \u00cdsraelsmanna, \u00fea\u00f0 er \u00feeir f\u00e6ra Drottni \u00ed lyftif\u00f3rn,<a name=\"16\"><span class=\"versanumer\">16<\/span><\/a>svo a\u00f0 \u00feeir baki \u00feeim eigi sekt me\u00f0 misgj\u00f6r\u00f0 sinni, er \u00feeir eta helgigjafir \u00feeirra, \u00fev\u00ed a\u00f0 \u00e9g er Drottinn, s\u00e1 er helgar \u00fe\u00e1.<a name=\"17\"><span class=\"versanumer\">17<\/span><\/a>Drottinn tala\u00f0i vi\u00f0 M\u00f3se og sag\u00f0i:<a name=\"18\"><span class=\"versanumer\">18<\/span><\/a>M\u00e6l \u00fe\u00fa til Arons og sona hans og allra \u00cdsraelsmanna og seg vi\u00f0 \u00fe\u00e1: \u00de\u00e1 er einhver af h\u00fasi \u00cdsraels e\u00f0a \u00fatlendum m\u00f6nnum \u00ed \u00cdsrael ber fram f\u00f3rnargj\u00f6f s\u00edna, hvort sem \u00fea\u00f0 er einhver heitf\u00f3rn \u00feeirra e\u00f0a sj\u00e1lfviljaf\u00f3rn, sem \u00feeir f\u00e6ra Drottni a\u00f0 brennif\u00f3rn,<a name=\"19\"><span class=\"versanumer\">19<\/span><\/a>\u00fe\u00e1 skulu\u00f0 \u00fe\u00e9r bera hana svo fram, a\u00f0 h\u00fan afli y\u00f0ur vel\u00fe\u00f3knunar: gallalausa, karlkyns, af nautum, sau\u00f0um e\u00f0a geitum.<a name=\"20\"><span class=\"versanumer\">20<\/span><\/a>Eigi skulu\u00f0 \u00fe\u00e9r bera fram neitt \u00fea\u00f0, er l\u00fdti hefir \u00e1 s\u00e9r, \u00fev\u00ed a\u00f0 \u00fea\u00f0 mun eigi afla y\u00f0ur vel\u00fe\u00f3knunar.<a name=\"21\"><span class=\"versanumer\">21<\/span><\/a>N\u00fa vill einhver f\u00f3rna Drottni heillaf\u00f3rn af nautum e\u00f0a sau\u00f0f\u00e9na\u00f0i, hvort heldur er til a\u00f0 efna heit sitt e\u00f0a \u00ed sj\u00e1lfviljaf\u00f3rn, \u00fe\u00e1 skal \u00fea\u00f0 vera gallalaust, til \u00feess a\u00f0 \u00fea\u00f0 afli honum vel\u00fe\u00f3knunar. Ekkert l\u00fdti s\u00e9 \u00e1 \u00fev\u00ed.<a name=\"22\"><span class=\"versanumer\">22<\/span><\/a>\u00dea\u00f0 sem blint er e\u00f0a beinbroti\u00f0 e\u00f0a s\u00e6rt e\u00f0a me\u00f0 k\u00fdlum e\u00f0a kl\u00e1\u00f0a e\u00f0a \u00fatbrotum, \u00fea\u00f0 skulu\u00f0 \u00fe\u00e9r eigi f\u00e6ra Drottni, og eigi skulu\u00f0 \u00fe\u00e9r bera Drottni eldf\u00f3rn af \u00fev\u00ed \u00e1 altari\u00f0.<a name=\"23\"><span class=\"versanumer\">23<\/span><\/a>En nautkind e\u00f0a sau\u00f0kind, sem hefir lim ofskapa\u00f0an e\u00f0a vanskapa\u00f0an, m\u00e1tt \u00fe\u00fa f\u00f3rna \u00ed sj\u00e1lfviljaf\u00f3rn, en sem heitf\u00f3rn mun h\u00fan eigi ver\u00f0a \u00fe\u00f3knanleg.<a name=\"24\"><span class=\"versanumer\">24<\/span><\/a>\u00dea\u00f0 sem vana\u00f0 er me\u00f0 kramningu, marningu, sliti e\u00f0a skur\u00f0i, skulu\u00f0 \u00fe\u00e9r eigi f\u00e6ra Drottni, og \u00fe\u00e9r skulu\u00f0 eigi sl\u00edkt gj\u00f6ra \u00ed landi y\u00f0ar.<a name=\"25\"><span class=\"versanumer\">25<\/span><\/a>N\u00e9 heldur skulu\u00f0 \u00fe\u00e9r f\u00e1 neitt af \u00feessu hj\u00e1 \u00fatlendum manni og bera \u00fea\u00f0 fram svo sem mat Gu\u00f0s y\u00f0ar, \u00fev\u00ed a\u00f0 skemmd er \u00e1 \u00fev\u00ed. L\u00fdti er \u00e1 \u00fev\u00ed, \u00fea\u00f0 mun eigi afla y\u00f0ur vel\u00fe\u00f3knunar.<a name=\"26\"><span class=\"versanumer\">26<\/span><\/a>Drottinn tala\u00f0i vi\u00f0 M\u00f3se og sag\u00f0i:<a name=\"27\"><span class=\"versanumer\">27<\/span><\/a>\u00de\u00e1 er k\u00e1lfur, lamb e\u00f0a ki\u00f0 f\u00e6\u00f0ist, skal \u00fea\u00f0 ganga sj\u00f6 daga undir m\u00f3\u00f0urinni, en \u00e1tta daga gamalt og \u00fea\u00f0an af eldra mun \u00fea\u00f0 ver\u00f0a \u00fe\u00f3knanlega me\u00f0teki\u00f0 sem eldf\u00f3rnargj\u00f6f Drottni til handa.<a name=\"28\"><span class=\"versanumer\">28<\/span><\/a>\u00de\u00e9r skulu\u00f0 eigi sl\u00e1tra k\u00fa e\u00f0a \u00e1 sama daginn og afkv\u00e6mi hennar.<a name=\"29\"><span class=\"versanumer\">29<\/span><\/a>Er \u00fe\u00e9r f\u00f3rni\u00f0 Drottni \u00feakkarf\u00f3rn, \u00fe\u00e1 f\u00f3rni\u00f0 henni svo, a\u00f0 h\u00fan afli y\u00f0ur vel\u00fe\u00f3knunar.<a name=\"30\"><span class=\"versanumer\">30<\/span><\/a>Skal h\u00fan etin samd\u00e6gurs, eigi skulu\u00f0 \u00fe\u00e9r leifa neinu af henni til morguns. \u00c9g er Drottinn.<a name=\"31\"><span class=\"versanumer\">31<\/span><\/a>Var\u00f0veiti\u00f0 \u00fev\u00ed skipanir m\u00ednar og haldi\u00f0 \u00fe\u00e6r. \u00c9g er Drottinn.<a name=\"32\"><span class=\"versanumer\">32<\/span><\/a>Og eigi skulu\u00f0 \u00fe\u00e9r vanhelga heilagt nafn mitt, svo a\u00f0 \u00e9g helgist me\u00f0al \u00cdsraelsmanna. \u00c9g er Drottinn, s\u00e1 er y\u00f0ur helgar,<a name=\"33\"><span class=\"versanumer\">33<\/span><\/a>s\u00e1 er leiddi y\u00f0ur \u00fat af Egyptalandi til \u00feess a\u00f0 vera Gu\u00f0 y\u00f0ar. \u00c9g er Drottinn.  23.kap.<\/p>\n<div class=\"footnote1981\"><b>22.2<\/b> Vanhelga nafn Gu\u00f0s 3M\u00f3s 18.21+<br \/>\n<b>22.3<\/b> \u00d3hreinn 3M\u00f3s 11; 13; 15<br \/>\n<b>22.4<\/b> Holdsveiki 3M\u00f3s 13.1-46 \u2013 \u00fatfer\u00f0 3M\u00f3s 15.2-3+ &#8211; l\u00edk 3M\u00f3s 5.2; 11.24-28,31-40; 21.1-4 \u2013 s\u00e1\u00f0l\u00e1t 3M\u00f3s 15.16-17+<br \/>\n<b>22.5<\/b> Saurgun 3M\u00f3s 11.26; 13.45; 15<br \/>\n<b>22.8<\/b> D\u00fdrrifin skepna 3M\u00f3s 17.15+<br \/>\n<b>22.10<\/b> Neyta helgigjafar sbr 1Sam 21.1-6; Matt 12.3-4 og hlst.<br \/>\n<b>22.11<\/b> F\u00e6ddur \u00ed fj\u00f6lskyldu hans 2M\u00f3s 21.4<br \/>\n<b>22.12<\/b> Prestsd\u00f3ttir sbr 3M\u00f3s 21.3<br \/>\n<b>22.13<\/b> F\u00f6\u00f0urh\u00fas 1M\u00f3s 38.11; D\u00f3m 19.2; sbr Rut 1.8,15<br \/>\n<b>22.14<\/b> Grei\u00f0a umfram 3M\u00f3s 5.16,24; 27<br \/>\n<b>22.16<\/b> Helgigjafir 3M\u00f3s 5.14-16<br \/>\n<b>22.18<\/b> \u00c6tt \u00cdsraels e\u00f0a afkomuma\u00f0ur 3M\u00f3s 16.29+<br \/>\n<b>22.20<\/b> L\u00fdti 5M\u00f3s 17.1; Mal 1.8; Heb 9.14<br \/>\n<b>22.21<\/b> Lokasl\u00e1turf\u00f3rn 3M\u00f3s 3.1+<br \/>\n<b>22.27<\/b> Sj\u00f6 daga 2M\u00f3s 22.29<br \/>\n<b>22.30<\/b> Ekki geyma neitt 3M\u00f3s 7.15+<br \/>\n<b>22.32<\/b> Vanhelga nafn Gu\u00f0s 3M\u00f3s 18.21+<br \/>\n<b>22.33<\/b> Drottinn er Gu\u00f0 \u00cdsraels 3M\u00f3s 11.45+<\/div>\n","protected":false},"excerpt":{"rendered":"<p>1Drottinn tala\u00f0i vi\u00f0 M\u00f3se og sag\u00f0i:2Seg \u00fe\u00fa Aroni og sonum hans, a\u00f0 \u00feeir skuli halda s\u00e9r fr\u00e1 helgigj\u00f6fum \u00cdsraelsmanna, \u00feeim er \u00feeir helga m\u00e9r, svo a\u00f0 \u00feeir vanhelgi eigi heilagt nafn mitt. \u00c9g er Drottinn.3Seg vi\u00f0 \u00fe\u00e1: Hver s\u00e1 af ni\u00f0jum y\u00f0ar, n\u00fa og \u00ed komandi kynsl\u00f3\u00f0um, er kemur n\u00e6rri helgigj\u00f6fum \u00feeim, er \u00cdsraelsmenn helga Drottni, me\u00f0an hann er \u00f3hreinn, skal uppr\u00e6ttur ver\u00f0a fr\u00e1 augliti m\u00ednu. \u00c9g er Drottinn.4Eigi skal neinn s\u00e1 af ni\u00f0jum Arons, sem l\u00edk\u00fer\u00e1r er e\u00f0a hefir rennsli, eta af helgigj\u00f6funum, uns hann er hreinn. Og s\u00e1, er snertir einhvern \u00feann, sem saurga\u00f0ur er af l\u00edki, e\u00f0a <a href=\"https:\/\/biblian.is\/1981\/thridja-mosebok-22-kafli\/\"> [&#8230;]<\/a><\/p>\n","protected":false},"author":1,"featured_media":0,"parent":0,"menu_order":0,"comment_status":"open","ping_status":"open","template":"bibliukaflar.php","meta":{"footnotes":""},"class_list":["post-1458","page","type-page","status-publish","hentry"],"_links":{"self":[{"href":"https:\/\/biblian.is\/1981\/wp-json\/wp\/v2\/pages\/1458","targetHints":{"allow":["GET"]}}],"collection":[{"href":"https:\/\/biblian.is\/1981\/wp-json\/wp\/v2\/pages"}],"about":[{"href":"https:\/\/biblian.is\/1981\/wp-json\/wp\/v2\/types\/page"}],"author":[{"embeddable":true,"href":"https:\/\/biblian.is\/1981\/wp-json\/wp\/v2\/users\/1"}],"replies":[{"embeddable":true,"href":"https:\/\/biblian.is\/1981\/wp-json\/wp\/v2\/comments?post=1458"}],"version-history":[{"count":0,"href":"https:\/\/biblian.is\/1981\/wp-json\/wp\/v2\/pages\/1458\/revisions"}],"wp:attachment":[{"href":"https:\/\/biblian.is\/1981\/wp-json\/wp\/v2\/media?parent=1458"}],"curies":[{"name":"wp","href":"https:\/\/api.w.org\/{rel}","templated":true}]}}