{"id":1457,"date":"2017-11-18T20:17:24","date_gmt":"2017-11-18T20:17:24","guid":{"rendered":"http:\/\/biblian.is\/1981\/thridja-mosebok-21-kafli\/"},"modified":"2021-06-06T11:11:13","modified_gmt":"2021-06-06T11:11:13","slug":"thridja-mosebok-21-kafli","status":"publish","type":"page","link":"https:\/\/biblian.is\/1981\/thridja-mosebok-21-kafli\/","title":{"rendered":"\u00deri\u00f0ja M\u00f3seb\u00f3k 21. kafli"},"content":{"rendered":"<p><a name=\"1\"><span class=\"versanumer\">1<\/span><\/a>Drottinn sag\u00f0i vi\u00f0 M\u00f3se: M\u00e6l \u00fe\u00fa til prestanna, sona Arons, og seg vi\u00f0 \u00fe\u00e1: Prestur skal eigi saurga sig \u00e1 l\u00edki me\u00f0al f\u00f3lks s\u00edns,<a name=\"2\"><span class=\"versanumer\">2<\/span><\/a>nema \u00fea\u00f0 s\u00e9 skyldmenni hans, honum mj\u00f6g n\u00e1i\u00f0: m\u00f3\u00f0ir hans, fa\u00f0ir hans, sonur hans, d\u00f3ttir hans, br\u00f3\u00f0ir hans<a name=\"3\"><span class=\"versanumer\">3<\/span><\/a>e\u00f0a systir hans, sem er mey og honum n\u00e1komin, og eigi er manni gefin, vegna hennar m\u00e1 hann saurga sig.<a name=\"4\"><span class=\"versanumer\">4<\/span><\/a>Eigi skal hann saurga sig, \u00fear e\u00f0 hann er h\u00f6f\u00f0ingi me\u00f0al f\u00f3lks s\u00edns, svo a\u00f0 hann vanhelgi sig.<a name=\"5\"><span class=\"versanumer\">5<\/span><\/a>Eigi skulu \u00feeir gj\u00f6ra skalla \u00e1 h\u00f6f\u00f0i s\u00e9r, eigi raka skeggr\u00f6nd s\u00edna, n\u00e9 heldur skera skur\u00f0i \u00ed hold sitt.<a name=\"6\"><span class=\"versanumer\">6<\/span><\/a>\u00deeir skulu vera heilagir fyrir Gu\u00f0i s\u00ednum og ekki vanhelga nafn Gu\u00f0s s\u00edns, \u00fev\u00ed a\u00f0 \u00feeir bera fram eldf\u00f3rnir Drottins, mat Gu\u00f0s s\u00edns. Fyrir \u00fev\u00ed skulu \u00feeir vera heilagir.<a name=\"7\"><span class=\"versanumer\">7<\/span><\/a>Eigi skulu \u00feeir ganga a\u00f0 eiga sk\u00e6kju e\u00f0a mey spjalla\u00f0a, n\u00e9 heldur skulu \u00feeir ganga a\u00f0 eiga konu, er ma\u00f0ur hennar hefir reki\u00f0 fr\u00e1 s\u00e9r, \u00fev\u00ed a\u00f0 prestur er heilagur fyrir Gu\u00f0i s\u00ednum.<a name=\"8\"><span class=\"versanumer\">8<\/span><\/a>Fyrir \u00fev\u00ed skalt \u00fe\u00fa halda hann heilagan, \u00fev\u00ed a\u00f0 hann ber fram mat Gu\u00f0s \u00fe\u00edns. Hann skal vera \u00fe\u00e9r heilagur, \u00fev\u00ed a\u00f0 \u00e9g er heilagur, Drottinn, s\u00e1 er y\u00f0ur helgar.<a name=\"9\"><span class=\"versanumer\">9<\/span><\/a>Og ef prestsd\u00f3ttir vanhelgar sig me\u00f0 saurlifna\u00f0i, \u00fe\u00e1 vanhelgar h\u00fan f\u00f6\u00f0ur sinn. Hana skal brenna \u00ed eldi.<a name=\"10\"><span class=\"versanumer\">10<\/span><\/a>S\u00e1 sem er \u00e6\u00f0sti prestur me\u00f0al br\u00e6\u00f0ra sinna, og smurningarol\u00edu hefir veri\u00f0 hellt yfir h\u00f6fu\u00f0 honum og h\u00f6nd hans fyllt, a\u00f0 hann kl\u00e6\u00f0ist hinum helgu kl\u00e6\u00f0um, hann skal eigi l\u00e1ta h\u00e1r sitt flaka og eigi r\u00edfa sundur kl\u00e6\u00f0i s\u00edn.<a name=\"11\"><span class=\"versanumer\">11<\/span><\/a>Eigi skal hann koma n\u00e6rri nokkru l\u00edki. Vegna f\u00f6\u00f0ur s\u00edns og vegna m\u00f3\u00f0ur sinnar skal hann eigi saurga sig.<a name=\"12\"><span class=\"versanumer\">12<\/span><\/a>Og eigi skal hann ganga \u00fat \u00far helgid\u00f3minum, svo a\u00f0 hann vanhelgi ekki helgid\u00f3m Gu\u00f0s s\u00edns, \u00fev\u00ed a\u00f0 v\u00edgsla smurningarol\u00edu Gu\u00f0s hans er \u00e1 honum. \u00c9g er Drottinn.<a name=\"13\"><span class=\"versanumer\">13<\/span><\/a>Hann skal ganga a\u00f0 eiga konu \u00ed meyd\u00f3mi hennar.<a name=\"14\"><span class=\"versanumer\">14<\/span><\/a>Ekkju e\u00f0a konu brott rekna e\u00f0a mey spjalla\u00f0a, sk\u00e6kju, eigi skal hann sl\u00edkum kv\u00e6nast, heldur skal hann taka s\u00e9r fyrir konu mey af \u00fej\u00f3\u00f0 sinni.<a name=\"15\"><span class=\"versanumer\">15<\/span><\/a>Eigi skal hann vanhelga afkv\u00e6mi sitt me\u00f0al f\u00f3lks s\u00edns, \u00fev\u00ed a\u00f0 \u00e9g er Drottinn, s\u00e1 er helgar hann.<a name=\"16\"><span class=\"versanumer\">16<\/span><\/a>Drottinn tala\u00f0i vi\u00f0 M\u00f3se og sag\u00f0i:<a name=\"17\"><span class=\"versanumer\">17<\/span><\/a>M\u00e6l \u00fe\u00fa til Arons og seg: Hafi einhver ni\u00f0ja \u00feinna, n\u00fa e\u00f0a \u00ed komandi kynsl\u00f3\u00f0um, l\u00fdti \u00e1 s\u00e9r, \u00fe\u00e1 skal hann eigi ganga fram til \u00feess a\u00f0 bera fram mat Gu\u00f0s s\u00edns.<a name=\"18\"><span class=\"versanumer\">18<\/span><\/a>\u00dev\u00ed a\u00f0 enginn s\u00e1, er l\u00fdti hefir \u00e1 s\u00e9r, skal ganga fram, s\u00e9 hann blindur e\u00f0a haltur e\u00f0a \u00f6rkumla\u00f0ur \u00ed andliti e\u00f0a hafi ofskapa\u00f0an \u00fatlim,<a name=\"19\"><span class=\"versanumer\">19<\/span><\/a>e\u00f0a s\u00e9 hann f\u00f3tbrotinn e\u00f0a handleggsbrotinn,<a name=\"20\"><span class=\"versanumer\">20<\/span><\/a>e\u00f0a hafi hann her\u00f0akistil e\u00f0a s\u00e9 t\u00e6r\u00f0ur e\u00f0a hafi vagl \u00e1 auga e\u00f0a kl\u00e1\u00f0a e\u00f0a \u00fatbrot e\u00f0a eistnamar.<a name=\"21\"><span class=\"versanumer\">21<\/span><\/a>&#8222;Enginn af ni\u00f0jum Arons prests, sem l\u00fdti hefir \u00e1 s\u00e9r, skal koma fram til \u00feess a\u00f0 bera fram eldf\u00f3rnir Drottins. L\u00fdti er \u00e1 honum; eigi skal hann koma fram til \u00feess a\u00f0 bera fram mat Gu\u00f0s s\u00edns.&#8220;<a name=\"22\"><span class=\"versanumer\">22<\/span><\/a>Mat Gu\u00f0s s\u00edns, b\u00e6\u00f0i af \u00fev\u00ed, sem h\u00e1heilagt er og heilagt, m\u00e1 hann eta.<a name=\"23\"><span class=\"versanumer\">23<\/span><\/a>&#8222;En \u00fe\u00f3 skal hann hvorki ganga inn a\u00f0 fortjaldinu n\u00e9 koma n\u00e6rri altarinu, \u00fev\u00ed a\u00f0 l\u00fdti er \u00e1 honum, a\u00f0 hann eigi vanhelgi helga d\u00f3ma m\u00edna; \u00fev\u00ed a\u00f0 \u00e9g er Drottinn, s\u00e1 er helgar \u00fe\u00e1.&#8220;<a name=\"24\"><span class=\"versanumer\">24<\/span><\/a>\u00deannig tala\u00f0i M\u00f3se vi\u00f0 Aron og sonu hans og vi\u00f0 alla \u00cdsraelsmenn. \u00cdsraelsmenn.<\/p>\n<div class=\"footnote1981\"><b>21.5<\/b> Skera h\u00e1r e\u00f0a skegg 3M\u00f3s 19.27+<br \/>\n<b>21.6<\/b> Vanhelga nafn Gu\u00f0s 3M\u00f3s 18.21+<br \/>\n<b>21.7<\/b> Skilin kona Esk 44.22<br \/>\n<b>21.8<\/b> Heilagleiki presta sbr 3M\u00f3s 11.44+<br \/>\n<b>21.10<\/b> Hin helgu kl\u00e6\u00f0i 3M\u00f3s 8<br \/>\n<b>21.12<\/b> Smurningarol\u00eda 3M\u00f3s 10.7+<br \/>\n<b>21.20<\/b> L\u00fdti Jes 56.3-5<\/div>\n","protected":false},"excerpt":{"rendered":"<p>1Drottinn sag\u00f0i vi\u00f0 M\u00f3se: M\u00e6l \u00fe\u00fa til prestanna, sona Arons, og seg vi\u00f0 \u00fe\u00e1: Prestur skal eigi saurga sig \u00e1 l\u00edki me\u00f0al f\u00f3lks s\u00edns,2nema \u00fea\u00f0 s\u00e9 skyldmenni hans, honum mj\u00f6g n\u00e1i\u00f0: m\u00f3\u00f0ir hans, fa\u00f0ir hans, sonur hans, d\u00f3ttir hans, br\u00f3\u00f0ir hans3e\u00f0a systir hans, sem er mey og honum n\u00e1komin, og eigi er manni gefin, vegna hennar m\u00e1 hann saurga sig.4Eigi skal hann saurga sig, \u00fear e\u00f0 hann er h\u00f6f\u00f0ingi me\u00f0al f\u00f3lks s\u00edns, svo a\u00f0 hann vanhelgi sig.5Eigi skulu \u00feeir gj\u00f6ra skalla \u00e1 h\u00f6f\u00f0i s\u00e9r, eigi raka skeggr\u00f6nd s\u00edna, n\u00e9 heldur skera skur\u00f0i \u00ed hold sitt.6\u00deeir skulu vera heilagir fyrir Gu\u00f0i <a href=\"https:\/\/biblian.is\/1981\/thridja-mosebok-21-kafli\/\"> [&#8230;]<\/a><\/p>\n","protected":false},"author":1,"featured_media":0,"parent":0,"menu_order":0,"comment_status":"open","ping_status":"open","template":"bibliukaflar.php","meta":{"footnotes":""},"class_list":["post-1457","page","type-page","status-publish","hentry"],"_links":{"self":[{"href":"https:\/\/biblian.is\/1981\/wp-json\/wp\/v2\/pages\/1457","targetHints":{"allow":["GET"]}}],"collection":[{"href":"https:\/\/biblian.is\/1981\/wp-json\/wp\/v2\/pages"}],"about":[{"href":"https:\/\/biblian.is\/1981\/wp-json\/wp\/v2\/types\/page"}],"author":[{"embeddable":true,"href":"https:\/\/biblian.is\/1981\/wp-json\/wp\/v2\/users\/1"}],"replies":[{"embeddable":true,"href":"https:\/\/biblian.is\/1981\/wp-json\/wp\/v2\/comments?post=1457"}],"version-history":[{"count":0,"href":"https:\/\/biblian.is\/1981\/wp-json\/wp\/v2\/pages\/1457\/revisions"}],"wp:attachment":[{"href":"https:\/\/biblian.is\/1981\/wp-json\/wp\/v2\/media?parent=1457"}],"curies":[{"name":"wp","href":"https:\/\/api.w.org\/{rel}","templated":true}]}}