{"id":1456,"date":"2017-11-18T20:17:24","date_gmt":"2017-11-18T20:17:24","guid":{"rendered":"http:\/\/biblian.is\/1981\/thridja-mosebok-20-kafli\/"},"modified":"2021-06-06T11:11:12","modified_gmt":"2021-06-06T11:11:12","slug":"thridja-mosebok-20-kafli","status":"publish","type":"page","link":"https:\/\/biblian.is\/1981\/thridja-mosebok-20-kafli\/","title":{"rendered":"\u00deri\u00f0ja M\u00f3seb\u00f3k 20. kafli"},"content":{"rendered":"<p><a name=\"1\"><span class=\"versanumer\">1<\/span><\/a>Drottinn tala\u00f0i vi\u00f0 M\u00f3se og sag\u00f0i:<a name=\"2\"><span class=\"versanumer\">2<\/span><\/a>Og \u00fe\u00fa skalt segja vi\u00f0 \u00cdsraelsmenn: Hver s\u00e1 \u00cdsraelsmanna, e\u00f0a \u00fatlendra manna, er b\u00faa \u00ed \u00cdsrael, sem f\u00e6rir M\u00f3lok nokkurt afkv\u00e6mi sitt, skal l\u00edfl\u00e1tinn ver\u00f0a. Landsl\u00fd\u00f0ur skal lemja hann grj\u00f3ti.<a name=\"3\"><span class=\"versanumer\">3<\/span><\/a>Og \u00e9g vil sn\u00faa augliti m\u00ednu gegn \u00feeim manni og uppr\u00e6ta hann \u00far \u00fej\u00f3\u00f0 sinni, fyrir \u00fe\u00e1 s\u00f6k a\u00f0 hann hefir f\u00e6rt M\u00f3lok afkv\u00e6mi sitt til \u00feess a\u00f0 saurga helgid\u00f3m minn og vanhelga heilagt nafn mitt.<a name=\"4\"><span class=\"versanumer\">4<\/span><\/a>En ef landsl\u00fd\u00f0ur hylmir yfir me\u00f0 sl\u00edkum manni, er hann f\u00e6rir M\u00f3lok afkv\u00e6mi sitt, og l\u00edfl\u00e6tur hann ekki,<a name=\"5\"><span class=\"versanumer\">5<\/span><\/a>\u00fe\u00e1 vil \u00e9g sn\u00faa augliti m\u00ednu gegn sl\u00edkum manni og gegn \u00e6tt hans. Og \u00e9g mun uppr\u00e6ta hann og alla \u00fe\u00e1, er ver\u00f0a honum samsekir \u00ed \u00fev\u00ed a\u00f0 taka fram hj\u00e1 me\u00f0 M\u00f3lok, \u00far \u00fej\u00f3\u00f0 \u00feeirra.<a name=\"6\"><span class=\"versanumer\">6<\/span><\/a>S\u00e1 sem leitar til s\u00e6ringaranda og sp\u00e1sagnaranda til \u00feess a\u00f0 taka fram hj\u00e1 me\u00f0 \u00feeim, gegn honum vil \u00e9g sn\u00faa augliti m\u00ednu og uppr\u00e6ta hann \u00far \u00fej\u00f3\u00f0 sinni.<a name=\"7\"><span class=\"versanumer\">7<\/span><\/a>Helgist og veri\u00f0 heilagir, \u00fev\u00ed a\u00f0 \u00e9g er Drottinn, Gu\u00f0 y\u00f0ar.<a name=\"8\"><span class=\"versanumer\">8<\/span><\/a>Fyrir \u00fev\u00ed skulu\u00f0 \u00fe\u00e9r var\u00f0veita setningar m\u00ednar og halda \u00fe\u00e6r. \u00c9g er Drottinn, s\u00e1 er y\u00f0ur helgar.<a name=\"9\"><span class=\"versanumer\">9<\/span><\/a>Hver s\u00e1, sem b\u00f6lvar f\u00f6\u00f0ur s\u00ednum e\u00f0a m\u00f3\u00f0ur sinni, skal l\u00edfl\u00e1tinn ver\u00f0a. F\u00f6\u00f0ur s\u00ednum e\u00f0a m\u00f3\u00f0ur sinni hefir hann b\u00f6lva\u00f0, bl\u00f3\u00f0s\u00f6k hv\u00edlir \u00e1 honum.<a name=\"10\"><span class=\"versanumer\">10<\/span><\/a>\u00de\u00e1 er einhver dr\u00fdgir h\u00f3r me\u00f0 konu annars manns, dr\u00fdgir h\u00f3r me\u00f0 konu n\u00e1unga s\u00edns, \u00fe\u00e1 skal l\u00edfl\u00e1tinn ver\u00f0a b\u00e6\u00f0i h\u00f3rkarlinn og h\u00f3rkonan.<a name=\"11\"><span class=\"versanumer\">11<\/span><\/a>Og leggist ma\u00f0ur me\u00f0 konu f\u00f6\u00f0ur s\u00edns, \u00fe\u00e1 hefir hann bera\u00f0 blyg\u00f0an f\u00f6\u00f0ur s\u00edns. \u00deau skulu b\u00e6\u00f0i l\u00edfl\u00e1tin ver\u00f0a, bl\u00f3\u00f0s\u00f6k hv\u00edlir \u00e1 \u00feeim.<a name=\"12\"><span class=\"versanumer\">12<\/span><\/a>Og leggist ma\u00f0ur me\u00f0 tengdad\u00f3ttur sinni, \u00fe\u00e1 skulu \u00feau b\u00e6\u00f0i l\u00edfl\u00e1tin ver\u00f0a. Sv\u00edvir\u00f0ing hafa \u00feau frami\u00f0, bl\u00f3\u00f0s\u00f6k hv\u00edlir \u00e1 \u00feeim.<a name=\"13\"><span class=\"versanumer\">13<\/span><\/a>Og leggist ma\u00f0ur me\u00f0 karlmanni sem kona v\u00e6ri, \u00fe\u00e1 fremja \u00feeir b\u00e1\u00f0ir vi\u00f0urstygg\u00f0. \u00deeir skulu l\u00edfl\u00e1tnir ver\u00f0a, bl\u00f3\u00f0s\u00f6k hv\u00edlir \u00e1 \u00feeim.<a name=\"14\"><span class=\"versanumer\">14<\/span><\/a>Og taki ma\u00f0ur b\u00e6\u00f0i konu og m\u00f3\u00f0ur hennar, \u00fe\u00e1 er \u00fea\u00f0 \u00f3h\u00e6fa. Skal brenna hann \u00ed eldi \u00e1samt \u00feeim, svo a\u00f0 eigi gangist vi\u00f0 \u00f3h\u00e6fa me\u00f0al y\u00f0ar.<a name=\"15\"><span class=\"versanumer\">15<\/span><\/a>Og eigi ma\u00f0ur samlag vi\u00f0 skepnu, \u00fe\u00e1 skal hann l\u00edfl\u00e1tinn ver\u00f0a, og skepnuna skulu\u00f0 \u00fe\u00e9r drepa.<a name=\"16\"><span class=\"versanumer\">16<\/span><\/a>Og ef kona kemur n\u00e6rri einhverri skepnu til samr\u00e6\u00f0is vi\u00f0 hana, \u00fe\u00e1 skalt \u00fe\u00fa dey\u00f0a konuna og skepnuna. \u00deau skulu l\u00edfl\u00e1tin ver\u00f0a, bl\u00f3\u00f0s\u00f6k hv\u00edlir \u00e1 \u00feeim.<a name=\"17\"><span class=\"versanumer\">17<\/span><\/a>N\u00fa tekur einhver systur s\u00edna, d\u00f3ttur f\u00f6\u00f0ur s\u00edns e\u00f0a d\u00f3ttur m\u00f3\u00f0ur sinnar, og s\u00e9r blyg\u00f0an hennar og h\u00fan s\u00e9r blyg\u00f0an hans, \u00fe\u00e1 er \u00fea\u00f0 sk\u00f6mm. \u00deau skulu uppr\u00e6tt ver\u00f0a \u00ed augs\u00fdn samlanda sinna. Blyg\u00f0an systur sinnar hefir hann bera\u00f0 og baka\u00f0 s\u00e9r sekt.<a name=\"18\"><span class=\"versanumer\">18<\/span><\/a>Leggist ma\u00f0ur me\u00f0 konu, sem hefir t\u00ed\u00f0ir, og berar blyg\u00f0an hennar hefir beran gj\u00f6rt brunn hennar og h\u00fan hefir sj\u00e1lf bera\u00f0 brunn bl\u00f3\u00f0s s\u00edns, \u00fe\u00e1 skulu \u00feau b\u00e6\u00f0i uppr\u00e6tt ver\u00f0a \u00far \u00fej\u00f3\u00f0 sinni.<a name=\"19\"><span class=\"versanumer\">19<\/span><\/a>Eigi skalt \u00fe\u00fa bera blyg\u00f0an m\u00f3\u00f0ursystur \u00feinnar e\u00f0a f\u00f6\u00f0ursystur, \u00fev\u00ed a\u00f0 s\u00e1 ma\u00f0ur hefir bert gj\u00f6rt n\u00e1i\u00f0 skyldmenni sitt, \u00feau hafa baka\u00f0 s\u00e9r sekt.<a name=\"20\"><span class=\"versanumer\">20<\/span><\/a>Og ef einhver leggst me\u00f0 sifkonu sinni, \u00fe\u00e1 hefir hann bera\u00f0 blyg\u00f0an f\u00f6\u00f0urbr\u00f3\u00f0ur s\u00edns. \u00deau hafa baka\u00f0 s\u00e9r synd, barnlaus skulu \u00feau deyja.<a name=\"21\"><span class=\"versanumer\">21<\/span><\/a>Og ef einhver tekur konu br\u00f3\u00f0ur s\u00edns, \u00fe\u00e1 er \u00fea\u00f0 saurgun. Blyg\u00f0an br\u00f3\u00f0ur s\u00edns hefir hann bera\u00f0, barnlaus skulu \u00feau vera.<a name=\"22\"><span class=\"versanumer\">22<\/span><\/a>Var\u00f0veiti\u00f0 \u00fev\u00ed allar setningar m\u00ednar og \u00f6ll l\u00f6g m\u00edn og haldi\u00f0 \u00feau, svo a\u00f0 landi\u00f0, sem \u00e9g mun lei\u00f0a y\u00f0ur inn \u00ed, til \u00feess a\u00f0 \u00fe\u00e9r byggi\u00f0 \u00fea\u00f0, sp\u00fai y\u00f0ur ekki.<a name=\"23\"><span class=\"versanumer\">23<\/span><\/a>\u00de\u00e9r skulu\u00f0 ekki breyta eftir setningum \u00feeirrar \u00fej\u00f3\u00f0ar, sem \u00e9g rek burt undan y\u00f0ur, \u00fev\u00ed a\u00f0 \u00feeir fr\u00f6mdu allt \u00feetta og \u00feess vegna bau\u00f0 m\u00e9r vi\u00f0 \u00feeim.<a name=\"24\"><span class=\"versanumer\">24<\/span><\/a>Fyrir \u00fev\u00ed sag\u00f0i \u00e9g y\u00f0ur: \u00de\u00e9r skulu\u00f0 eignast land \u00feeirra, og \u00e9g vil gefa y\u00f0ur \u00fea\u00f0 til eignar, land sem fl\u00fdtur \u00ed mj\u00f3lk og hunangi. \u00c9g er Drottinn, Gu\u00f0 y\u00f0ar, sem hefi skili\u00f0 y\u00f0ur fr\u00e1 \u00fej\u00f3\u00f0unum.<a name=\"25\"><span class=\"versanumer\">25<\/span><\/a>Gj\u00f6ri\u00f0 \u00fev\u00ed grein hreinna ferf\u00e6tlinga og \u00f3hreinna, og \u00f3hreinna fugla og hreinna, og gj\u00f6ri\u00f0 y\u00f0ur eigi vi\u00f0urstyggilega \u00e1 skepnum, fuglum n\u00e9 neinu, sem hr\u00e6rist \u00e1 j\u00f6r\u00f0inni, \u00fev\u00ed sem \u00e9g hefi greint fr\u00e1, til \u00feess a\u00f0 \u00fea\u00f0 v\u00e6ri y\u00f0ur \u00f3hreint.<a name=\"26\"><span class=\"versanumer\">26<\/span><\/a>Og \u00fe\u00e9r skulu\u00f0 vera heilagir fyrir m\u00e9r, \u00fev\u00ed a\u00f0 \u00e9g, Drottinn, er heilagur, og hefi skili\u00f0 y\u00f0ur fr\u00e1 \u00fej\u00f3\u00f0unum, til \u00feess a\u00f0 \u00fe\u00e9r skulu\u00f0 vera m\u00ednir.<a name=\"27\"><span class=\"versanumer\">27<\/span><\/a>Hafi ma\u00f0ur e\u00f0a kona s\u00e6ringaranda e\u00f0a sp\u00e1sagnaranda, \u00fe\u00e1 skulu \u00feau l\u00edfl\u00e1tin ver\u00f0a. Skal lemja \u00feau grj\u00f3ti, bl\u00f3\u00f0s\u00f6k hv\u00edlir \u00e1 \u00feeim.<\/p>\n<div class=\"footnote1981\"><b>20.2<\/b> \u00cdsraelsma\u00f0ur e\u00f0a a\u00f0komuma\u00f0ur 3M\u00f3s 16.29+ &#8211; barnsf\u00f3rnir 3M\u00f3s 18.21+<br \/>\n<b>20.3<\/b> Vanhelga nafn Gu\u00f0s 3M\u00f3s 18.21+<br \/>\n<b>20.6<\/b> Mi\u00f0lar e\u00f0a sp\u00e1m\u00e6li fr\u00e1 \u00f6ndum 3M\u00f3s 19.31+<br \/>\n<b>20.9<\/b> Vir\u00f0a f\u00f6\u00f0ur og m\u00f3\u00f0ur 3M\u00f3s 19.3+<br \/>\n<b>20.10<\/b> Fremja h\u00f3r 3M\u00f3s 18.20+ ; 5M\u00f3s 22.22; J\u00f3h 8.1-11<br \/>\n<b>20.11<\/b> Me\u00f0 konu f\u00f6\u00f0ur s\u00edns 3M\u00f3s 18.8+<br \/>\n<b>20.12<\/b> Me\u00f0 tengdad\u00f3ttur sinni 3M\u00f3s 18.15+<br \/>\n<b>20.13<\/b> Me\u00f0 karlmanni 3M\u00f3s 18.22+<br \/>\n<b>20.14<\/b> Taka konu og m\u00f3\u00f0ur hennar 3M\u00f3s 18.17+<br \/>\n<b>20.15<\/b> Kynm\u00f6k vi\u00f0 skepnu 3M\u00f3s 18.23+<br \/>\n<b>20.17<\/b> Systur s\u00edna 3M\u00f3s 18.9+<br \/>\n<b>20.19<\/b> M\u00f3\u00f0ursystur \u00feinnar 3M\u00f3s 18.12-14+<br \/>\n<b>20.21<\/b> Taka konu br\u00f3\u00f0ur s\u00edns 3M\u00f3s 18.16+<br \/>\n<b>20.22<\/b> A\u00f0 landi\u00f0 sp\u00fai ykkur ekki 3M\u00f3s 18.25+<br \/>\n<b>20.23<\/b> For\u00f0ast venjur Kanaanslands 3M\u00f3s 18.3+<br \/>\n<b>20.24<\/b> Mj\u00f3lk og hunang 2M\u00f3s 3.8+<br \/>\n<b>20.26<\/b> \u00cdsrael, heil\u00f6g \u00fej\u00f3\u00f0 3M\u00f3s 11.44+<br \/>\n<b>20.27<\/b> Sp\u00e1sagnarandi 3M\u00f3s 19.31+<\/div>\n","protected":false},"excerpt":{"rendered":"<p>1Drottinn tala\u00f0i vi\u00f0 M\u00f3se og sag\u00f0i:2Og \u00fe\u00fa skalt segja vi\u00f0 \u00cdsraelsmenn: Hver s\u00e1 \u00cdsraelsmanna, e\u00f0a \u00fatlendra manna, er b\u00faa \u00ed \u00cdsrael, sem f\u00e6rir M\u00f3lok nokkurt afkv\u00e6mi sitt, skal l\u00edfl\u00e1tinn ver\u00f0a. Landsl\u00fd\u00f0ur skal lemja hann grj\u00f3ti.3Og \u00e9g vil sn\u00faa augliti m\u00ednu gegn \u00feeim manni og uppr\u00e6ta hann \u00far \u00fej\u00f3\u00f0 sinni, fyrir \u00fe\u00e1 s\u00f6k a\u00f0 hann hefir f\u00e6rt M\u00f3lok afkv\u00e6mi sitt til \u00feess a\u00f0 saurga helgid\u00f3m minn og vanhelga heilagt nafn mitt.4En ef landsl\u00fd\u00f0ur hylmir yfir me\u00f0 sl\u00edkum manni, er hann f\u00e6rir M\u00f3lok afkv\u00e6mi sitt, og l\u00edfl\u00e6tur hann ekki,5\u00fe\u00e1 vil \u00e9g sn\u00faa augliti m\u00ednu gegn sl\u00edkum manni og gegn \u00e6tt hans. Og <a href=\"https:\/\/biblian.is\/1981\/thridja-mosebok-20-kafli\/\"> [&#8230;]<\/a><\/p>\n","protected":false},"author":1,"featured_media":0,"parent":0,"menu_order":0,"comment_status":"open","ping_status":"open","template":"bibliukaflar.php","meta":{"footnotes":""},"class_list":["post-1456","page","type-page","status-publish","hentry"],"_links":{"self":[{"href":"https:\/\/biblian.is\/1981\/wp-json\/wp\/v2\/pages\/1456","targetHints":{"allow":["GET"]}}],"collection":[{"href":"https:\/\/biblian.is\/1981\/wp-json\/wp\/v2\/pages"}],"about":[{"href":"https:\/\/biblian.is\/1981\/wp-json\/wp\/v2\/types\/page"}],"author":[{"embeddable":true,"href":"https:\/\/biblian.is\/1981\/wp-json\/wp\/v2\/users\/1"}],"replies":[{"embeddable":true,"href":"https:\/\/biblian.is\/1981\/wp-json\/wp\/v2\/comments?post=1456"}],"version-history":[{"count":0,"href":"https:\/\/biblian.is\/1981\/wp-json\/wp\/v2\/pages\/1456\/revisions"}],"wp:attachment":[{"href":"https:\/\/biblian.is\/1981\/wp-json\/wp\/v2\/media?parent=1456"}],"curies":[{"name":"wp","href":"https:\/\/api.w.org\/{rel}","templated":true}]}}