{"id":1455,"date":"2017-11-18T20:17:24","date_gmt":"2017-11-18T20:17:24","guid":{"rendered":"http:\/\/biblian.is\/1981\/thridja-mosebok-19-kafli\/"},"modified":"2021-06-06T11:11:11","modified_gmt":"2021-06-06T11:11:11","slug":"thridja-mosebok-19-kafli","status":"publish","type":"page","link":"https:\/\/biblian.is\/1981\/thridja-mosebok-19-kafli\/","title":{"rendered":"\u00deri\u00f0ja M\u00f3seb\u00f3k 19. kafli"},"content":{"rendered":"<p><a name=\"1\"><span class=\"versanumer\">1<\/span><\/a>Drottinn tala\u00f0i vi\u00f0 M\u00f3se og sag\u00f0i:<a name=\"2\"><span class=\"versanumer\">2<\/span><\/a>Tala \u00fe\u00fa til alls safna\u00f0ar \u00cdsraelsmanna og seg vi\u00f0 \u00fe\u00e1: \u00de\u00e9r skulu\u00f0 vera heilagir, \u00fev\u00ed a\u00f0 \u00e9g, Drottinn, Gu\u00f0 y\u00f0ar, er heilagur.<a name=\"3\"><span class=\"versanumer\">3<\/span><\/a>S\u00e9rhver \u00f3ttist m\u00f3\u00f0ur s\u00edna og f\u00f6\u00f0ur sinn og haldi hv\u00edldardaga m\u00edna. \u00c9g er Drottinn, Gu\u00f0 y\u00f0ar.<a name=\"4\"><span class=\"versanumer\">4<\/span><\/a>Sn\u00fai\u00f0 y\u00f0ur eigi til falsgu\u00f0a og gj\u00f6ri\u00f0 y\u00f0ur eigi steypta gu\u00f0i. \u00c9g er Drottinn, Gu\u00f0 y\u00f0ar.<a name=\"5\"><span class=\"versanumer\">5<\/span><\/a>Er \u00fe\u00e9r sl\u00e1tri\u00f0 heillaf\u00f3rn Drottni til handa, \u00fe\u00e1 sl\u00e1tri\u00f0 henni \u00feannig, a\u00f0 h\u00fan afli y\u00f0ur vel\u00fe\u00f3knunar.<a name=\"6\"><span class=\"versanumer\">6<\/span><\/a>Skal eta hana daginn, sem \u00fe\u00e9r f\u00f3rni\u00f0 henni, og daginn eftir, en \u00fea\u00f0, sem leift er til \u00feri\u00f0ja dags, skal brenna \u00ed eldi.<a name=\"7\"><span class=\"versanumer\">7<\/span><\/a>En s\u00e9 \u00fe\u00f3 eti\u00f0 af \u00fev\u00ed \u00e1 \u00feri\u00f0ja degi, \u00fe\u00e1 skal \u00fea\u00f0 tali\u00f0 skemmt kj\u00f6t. \u00dea\u00f0 mun eigi ver\u00f0a vel\u00fe\u00f3knanlegt.<a name=\"8\"><span class=\"versanumer\">8<\/span><\/a>Og hver, sem etur \u00fea\u00f0, bakar s\u00e9r sekt, \u00fev\u00ed a\u00f0 hann hefir vanhelga\u00f0 \u00fea\u00f0 sem helga\u00f0 er Drottni, og s\u00e1 ma\u00f0ur skal uppr\u00e6ttur ver\u00f0a \u00far \u00fej\u00f3\u00f0 sinni.<a name=\"9\"><span class=\"versanumer\">9<\/span><\/a>Er \u00fe\u00e9r skeri\u00f0 upp jar\u00f0argr\u00f3\u00f0ur y\u00f0ar, \u00fe\u00e1 skalt \u00fe\u00fa eigi skera akur \u00feinn \u00fat \u00ed hvert horn, n\u00e9 heldur skalt \u00fe\u00fa t\u00edna eftirt\u00edning uppskeru \u00feinnar.<a name=\"10\"><span class=\"versanumer\">10<\/span><\/a>Og eigi skalt \u00fe\u00fa gj\u00f6rt\u00edna v\u00edngar\u00f0 \u00feinn, n\u00e9 heldur t\u00edna upp ni\u00f0ur fallin ber \u00ed v\u00edngar\u00f0i \u00fe\u00ednum. \u00de\u00fa skalt skilja \u00fea\u00f0 eftir handa f\u00e1t\u00e6kum og \u00fatlendingum. \u00c9g er Drottinn, Gu\u00f0 y\u00f0ar.<a name=\"11\"><span class=\"versanumer\">11<\/span><\/a>\u00de\u00e9r skulu\u00f0 eigi stela, eigi sv\u00edkja, n\u00e9 heldur lj\u00faga hver a\u00f0 \u00f6\u00f0rum.<a name=\"12\"><span class=\"versanumer\">12<\/span><\/a>\u00de\u00e9r skulu\u00f0 eigi sverja ranglega vi\u00f0 nafn mitt, svo a\u00f0 \u00fe\u00fa vanhelgir nafn Gu\u00f0s \u00fe\u00edns. \u00c9g er Drottinn.<a name=\"13\"><span class=\"versanumer\">13<\/span><\/a>\u00de\u00fa skalt eigi beita n\u00e1unga \u00feinn ofr\u00edki, n\u00e9 r\u00e6na hann, og kaup daglaunamanns skal eigi vera hj\u00e1 \u00fe\u00e9r n\u00e1ttlangt til morguns.<a name=\"14\"><span class=\"versanumer\">14<\/span><\/a>\u00de\u00fa skalt ekki b\u00f6lva daufum manni, n\u00e9 leggja f\u00f3takefli fyrir blindan mann, heldur skalt \u00fe\u00fa \u00f3ttast Gu\u00f0 \u00feinn. \u00c9g er Drottinn.<a name=\"15\"><span class=\"versanumer\">15<\/span><\/a>Eigi skulu\u00f0 \u00fe\u00e9r rangl\u00e6ti fremja \u00ed d\u00f3mi. \u00de\u00fa skalt eigi draga taum l\u00edtilmagnans, n\u00e9 heldur vera hli\u00f0dr\u00e6gur hinum volduga. Me\u00f0 r\u00e9ttv\u00edsi skalt \u00fe\u00fa d\u00e6ma n\u00e1unga \u00feinn.<a name=\"16\"><span class=\"versanumer\">16<\/span><\/a>\u00de\u00fa skalt eigi ganga um sem r\u00f3gberi me\u00f0al f\u00f3lks \u00fe\u00edns og eigi krefjast bl\u00f3\u00f0s n\u00e1unga \u00fe\u00edns. \u00c9g er Drottinn.<a name=\"17\"><span class=\"versanumer\">17<\/span><\/a>\u00de\u00fa skalt ekki hata br\u00f3\u00f0ur \u00feinn \u00ed hjarta \u00fe\u00ednu. Einar\u00f0lega skalt \u00fe\u00fa \u00e1v\u00edta n\u00e1unga \u00feinn, a\u00f0 \u00fe\u00fa eigi bakir \u00fe\u00e9r synd hans vegna.<a name=\"18\"><span class=\"versanumer\">18<\/span><\/a>Eigi skalt \u00fe\u00fa hefnisamur vera n\u00e9 langr\u00e6kinn vi\u00f0 samlanda \u00fe\u00edna, en \u00fe\u00fa skalt elska n\u00e1unga \u00feinn eins og sj\u00e1lfan \u00feig. \u00c9g er Drottinn.<a name=\"19\"><span class=\"versanumer\">19<\/span><\/a>\u00de\u00e9r skulu\u00f0 var\u00f0veita setningar m\u00ednar. \u00de\u00fa skalt eigi l\u00e1ta tv\u00e6r tegundir f\u00e9na\u00f0ar \u00fe\u00edns eiga samlag, \u00fe\u00fa skalt eigi s\u00e1 akur \u00feinn tvenns konar s\u00e6\u00f0i og eigi skalt \u00fe\u00fa bera kl\u00e6\u00f0i, sem ofin eru af tvenns konar efni.<a name=\"20\"><span class=\"versanumer\">20<\/span><\/a>N\u00fa hefir einhver holdlegt samr\u00e6\u00f0i vi\u00f0 konu, og s\u00e9 h\u00fan amb\u00e1tt manni f\u00f6stnu\u00f0, en hvorki leysingi n\u00e9 frelsingi, \u00fe\u00e1 liggur refsing vi\u00f0. Eigi skal l\u00edfl\u00e1ta \u00feau, fyrir \u00fev\u00ed a\u00f0 h\u00fan var eigi frelsingi.<a name=\"21\"><span class=\"versanumer\">21<\/span><\/a>En hann skal f\u00e6ra Drottni sektarf\u00f3rn s\u00edna a\u00f0 dyrum samfundatjaldsins, hr\u00fat \u00ed sektarf\u00f3rn.<a name=\"22\"><span class=\"versanumer\">22<\/span><\/a>Og presturinn skal fri\u00f0\u00fe\u00e6gja fyrir hann me\u00f0 sektarf\u00f3rnarhr\u00fatnum frammi fyrir Drottni vegna syndar hans, sem hann hefir dr\u00fdgt. Og honum mun fyrirgefin ver\u00f0a synd hans, sem hann hefir dr\u00fdgt.<a name=\"23\"><span class=\"versanumer\">23<\/span><\/a>&#8222;Er \u00fe\u00e9r komi\u00f0 inn \u00ed landi\u00f0 og gr\u00f3\u00f0ursetji\u00f0 alls konar aldintr\u00e9, \u00fe\u00e1 skulu\u00f0 \u00fe\u00e9r telja aldinin \u00e1 \u00feeim sem yfirh\u00fa\u00f0 \u00feeirra. \u00derj\u00fa \u00e1r skulu\u00f0 \u00fe\u00e9r halda \u00feau fyrir \u00f3umskorin; eigi skal neyta \u00feeirra.&#8220;<a name=\"24\"><span class=\"versanumer\">24<\/span><\/a>Fj\u00f3r\u00f0a \u00e1ri\u00f0 skulu \u00f6ll aldin \u00feeirra vera helgu\u00f0 Drottni til lofgj\u00f6r\u00f0ar,<a name=\"25\"><span class=\"versanumer\">25<\/span><\/a>en fimmta \u00e1ri\u00f0 skulu\u00f0 \u00fe\u00e9r eta aldin \u00feeirra, svo a\u00f0 \u00feau veiti y\u00f0ur \u00fev\u00ed meiri ar\u00f0. \u00c9g er Drottinn, Gu\u00f0 y\u00f0ar.<a name=\"26\"><span class=\"versanumer\">26<\/span><\/a>\u00de\u00e9r skulu\u00f0 ekkert me\u00f0 bl\u00f3\u00f0i eta. \u00de\u00e9r skulu\u00f0 eigi fara me\u00f0 sp\u00e1r n\u00e9 fj\u00f6lkynngi.<a name=\"27\"><span class=\"versanumer\">27<\/span><\/a>\u00de\u00e9r skulu\u00f0 eigi kringluskera h\u00f6fu\u00f0 y\u00f0ar, n\u00e9 heldur skalt \u00fe\u00fa sker\u00f0a skeggr\u00f6nd \u00fe\u00edna.<a name=\"28\"><span class=\"versanumer\">28<\/span><\/a>Og \u00fe\u00e9r skulu\u00f0 eigi skera skur\u00f0i \u00ed hold y\u00f0ar fyrir sakir dau\u00f0s manns, n\u00e9 heldur gj\u00f6ra h\u00f6rundsfl\u00far \u00e1 y\u00f0ur. \u00c9g er Drottinn.<a name=\"29\"><span class=\"versanumer\">29<\/span><\/a>Vanhelga eigi d\u00f3ttur \u00fe\u00edna me\u00f0 \u00fev\u00ed a\u00f0 halda henni til saurlifna\u00f0ar, a\u00f0 eigi dr\u00fdgi landi\u00f0 h\u00f3r og landi\u00f0 fyllist \u00f3h\u00e6fu.<a name=\"30\"><span class=\"versanumer\">30<\/span><\/a>\u00de\u00e9r skulu\u00f0 halda hv\u00edldardaga m\u00edna og bera lotningu fyrir helgid\u00f3mi m\u00ednum. \u00c9g er Drottinn.<a name=\"31\"><span class=\"versanumer\">31<\/span><\/a>Leiti\u00f0 eigi til s\u00e6ringaranda n\u00e9 sp\u00e1sagnaranda, fari\u00f0 eigi til fr\u00e9tta vi\u00f0 \u00fe\u00e1, svo a\u00f0 \u00fe\u00e9r saurgist ekki af \u00feeim. \u00c9g er Drottinn, Gu\u00f0 y\u00f0ar.<a name=\"32\"><span class=\"versanumer\">32<\/span><\/a>\u00de\u00fa skalt standa upp fyrir hinum gr\u00e1h\u00e6r\u00f0a og hei\u00f0ra gamalmenni\u00f0, og \u00fe\u00fa skalt \u00f3ttast Gu\u00f0 \u00feinn. \u00c9g er Drottinn.<a name=\"33\"><span class=\"versanumer\">33<\/span><\/a>Ef \u00fatlendur ma\u00f0ur b\u00fdr hj\u00e1 \u00fe\u00e9r \u00ed landi y\u00f0ar, \u00fe\u00e1 skulu\u00f0 \u00fe\u00e9r eigi s\u00fdna honum \u00f3j\u00f6fnu\u00f0.<a name=\"34\"><span class=\"versanumer\">34<\/span><\/a>\u00datlendan mann, sem hj\u00e1 y\u00f0ur b\u00fdr, skulu\u00f0 \u00fe\u00e9r svo me\u00f0 fara sem innborinn mann me\u00f0al y\u00f0ar, og \u00fe\u00fa skalt elska hann eins og sj\u00e1lfan \u00feig, \u00fev\u00ed a\u00f0 \u00fe\u00e9r voru\u00f0 \u00fatlendingar \u00ed Egyptalandi. \u00c9g er Drottinn, Gu\u00f0 y\u00f0ar.<a name=\"35\"><span class=\"versanumer\">35<\/span><\/a>Eigi skulu\u00f0 \u00fe\u00e9r rangl\u00e6ti fremja \u00ed d\u00f3mi, stiku, vigt og m\u00e6li.<a name=\"36\"><span class=\"versanumer\">36<\/span><\/a>\u00de\u00e9r skulu\u00f0 hafa r\u00e9ttar vogir, r\u00e9tta vogarsteina, r\u00e9tta efu og r\u00e9tta h\u00edn. \u00c9g er Drottinn, Gu\u00f0 y\u00f0ar, sem leiddi y\u00f0ur \u00fat af Egyptalandi.<a name=\"37\"><span class=\"versanumer\">37<\/span><\/a>Og \u00fe\u00e9r skulu\u00f0 var\u00f0veita allar setningar m\u00ednar og \u00f6ll l\u00f6g m\u00edn og halda \u00feau. \u00c9g er Drottinn.<\/p>\n<div class=\"footnote1981\"><b>19.2<\/b> \u00cdsrael, heilagur s\u00f6fnu\u00f0ur 3M\u00f3s 11.44+<br \/>\n<b>19.3<\/b> Vir\u00f0a m\u00f3\u00f0ur og f\u00f6\u00f0ur 3M\u00f3s 20.9; 2M\u00f3s 20.12 og hlst.; Esk 22.7; Matt 15.4 og hlst.; Ef 6.2-3 \u2013 halda hv\u00edldardaginn 3M\u00f3s 23.3; 2M\u00f3s 20.8-11 og hlst.; Esk 22.8; Matt 12.1+<br \/>\n<b>19.4<\/b> Hj\u00e1gu\u00f0ir 2M\u00f3s 20.3 og hlst.; 34.14; Slm 81.10; Matt 4.10 og hlst. \u2013 steyptir gu\u00f0ir 3M\u00f3s 26.1; 2M\u00f3s 20.4 og hlst.; 32.1-6; 5M\u00f3s 27.15; 1Kon 12.26-33; Jes 44.16-17<br \/>\n<b>19.5<\/b> Lokaf\u00f3rn 3M\u00f3s 3.1+<br \/>\n<b>19.9<\/b> Skera upp 3M\u00f3s 23.22; 5M\u00f3s 24.19-22<br \/>\n<b>19.11<\/b> Stela 2M\u00f3s 20.15 og hlst.; 5M\u00f3s 24.7 \u2013 hlekkja 3M\u00f3s 5.21-22<br \/>\n<b>19.12<\/b> Sverja meins\u00e6ri 3M\u00f3s 5.22; 2M\u00f3s 20.16 og hlst.; 1Kon 21.10,13; Jer 5.2; Matt 5.33; 26.60 og hlst.; Post 6.13 \u2013 vanhelga nafn Gu\u00f0s 3M\u00f3s 18.21+<br \/>\n<b>19.13<\/b> Ofr\u00edki 3M\u00f3s 5.21,23; 2M\u00f3s 22.21; 5M\u00f3s 24.14; Mal 3.5 \u2013 laun daglaunamanns 5M\u00f3s 24.15; Jak 5.4<br \/>\n<b>19.14<\/b> Hj\u00e1lpa blindum 5M\u00f3s 27.18; Job 29.15; Matt 15.14+<br \/>\n<b>19.15<\/b> D\u00e6ma af r\u00e9ttl\u00e6ti 2M\u00f3s 23.2-8; 5M\u00f3s 1.17<br \/>\n<b>19.16<\/b> Krefjast bl\u00f3\u00f0s Esk 22.9,12<br \/>\n<b>19.17<\/b> \u00c1telja Matt 18.15 og hlst.<br \/>\n<b>19.18<\/b> Hefnd R\u00f3m 12.19 \u2013 langr\u00e6kinn S\u00edr 10.6; Nah 1.2; Slm 103.9 \u2013 elska n\u00e1unga \u00feinn 3M\u00f3s 19.34; Matt 5.43+<br \/>\n<b>19.19<\/b> Tv\u00e6r tegundir 5M\u00f3s 22.9-11<br \/>\n<b>19.21<\/b> Sektarf\u00f3rn 3M\u00f3s 5.15+<br \/>\n<b>19.23<\/b> Kanaansland 3M\u00f3s 14.34+<br \/>\n<b>19.26<\/b> Bl\u00f3\u00f0 3M\u00f3s 17.11+ &#8211; sp\u00e1sagnir, galdur 5M\u00f3s 18.10-11; 2Kon 21.6; 2Kro 33.6<br \/>\n<b>19.27<\/b> Skera h\u00e1r 3M\u00f3s 21.5; 5M\u00f3s 14.1; Jer 48.37<br \/>\n<b>19.29<\/b> H\u00f3rd\u00f3mur 5M\u00f3s 23.18<br \/>\n<b>19.30<\/b> Halda hv\u00edldardaginn 3M\u00f3s 19.3 \u2013 lotning fyrir helgid\u00f3minum 3M\u00f3s 26.2; Esk 22.8<br \/>\n<b>19.31<\/b> Mi\u00f0lar og sp\u00e1m\u00e6li fr\u00e1 \u00f6ndum 3M\u00f3s 20.6,27; 5M\u00f3s 18.11; 1Sam 28.3; Jes 8.19<br \/>\n<b>19.32<\/b> Vir\u00f0a \u00f6ldunga Hlj 5.12<br \/>\n<b>19.33<\/b> S\u00fdna \u00f3j\u00f6fnu\u00f0 3M\u00f3s 19.13+<br \/>\n<b>19.34<\/b> A\u00f0komuma\u00f0ur 3M\u00f3s 16.29+ &#8211; elska a\u00f0komumanninn 3M\u00f3s 25.35; 5M\u00f3s 10.19; sbr 3M\u00f3s 19.18+<br \/>\n<b>19.35<\/b> Ekki rangl\u00e6ti Esk 45.9<br \/>\n<b>19.36<\/b> R\u00e9ttir m\u00e6lar 5M\u00f3s 25.13-16; Esk 45.10-12; H\u00f3s 12.8; Am 8.5; Okv 11.1<\/div>\n","protected":false},"excerpt":{"rendered":"<p>1Drottinn tala\u00f0i vi\u00f0 M\u00f3se og sag\u00f0i:2Tala \u00fe\u00fa til alls safna\u00f0ar \u00cdsraelsmanna og seg vi\u00f0 \u00fe\u00e1: \u00de\u00e9r skulu\u00f0 vera heilagir, \u00fev\u00ed a\u00f0 \u00e9g, Drottinn, Gu\u00f0 y\u00f0ar, er heilagur.3S\u00e9rhver \u00f3ttist m\u00f3\u00f0ur s\u00edna og f\u00f6\u00f0ur sinn og haldi hv\u00edldardaga m\u00edna. \u00c9g er Drottinn, Gu\u00f0 y\u00f0ar.4Sn\u00fai\u00f0 y\u00f0ur eigi til falsgu\u00f0a og gj\u00f6ri\u00f0 y\u00f0ur eigi steypta gu\u00f0i. \u00c9g er Drottinn, Gu\u00f0 y\u00f0ar.5Er \u00fe\u00e9r sl\u00e1tri\u00f0 heillaf\u00f3rn Drottni til handa, \u00fe\u00e1 sl\u00e1tri\u00f0 henni \u00feannig, a\u00f0 h\u00fan afli y\u00f0ur vel\u00fe\u00f3knunar.6Skal eta hana daginn, sem \u00fe\u00e9r f\u00f3rni\u00f0 henni, og daginn eftir, en \u00fea\u00f0, sem leift er til \u00feri\u00f0ja dags, skal brenna \u00ed eldi.7En s\u00e9 \u00fe\u00f3 eti\u00f0 af \u00fev\u00ed \u00e1 <a href=\"https:\/\/biblian.is\/1981\/thridja-mosebok-19-kafli\/\"> [&#8230;]<\/a><\/p>\n","protected":false},"author":1,"featured_media":0,"parent":0,"menu_order":0,"comment_status":"open","ping_status":"open","template":"bibliukaflar.php","meta":{"footnotes":""},"class_list":["post-1455","page","type-page","status-publish","hentry"],"_links":{"self":[{"href":"https:\/\/biblian.is\/1981\/wp-json\/wp\/v2\/pages\/1455","targetHints":{"allow":["GET"]}}],"collection":[{"href":"https:\/\/biblian.is\/1981\/wp-json\/wp\/v2\/pages"}],"about":[{"href":"https:\/\/biblian.is\/1981\/wp-json\/wp\/v2\/types\/page"}],"author":[{"embeddable":true,"href":"https:\/\/biblian.is\/1981\/wp-json\/wp\/v2\/users\/1"}],"replies":[{"embeddable":true,"href":"https:\/\/biblian.is\/1981\/wp-json\/wp\/v2\/comments?post=1455"}],"version-history":[{"count":0,"href":"https:\/\/biblian.is\/1981\/wp-json\/wp\/v2\/pages\/1455\/revisions"}],"wp:attachment":[{"href":"https:\/\/biblian.is\/1981\/wp-json\/wp\/v2\/media?parent=1455"}],"curies":[{"name":"wp","href":"https:\/\/api.w.org\/{rel}","templated":true}]}}