{"id":1454,"date":"2017-11-18T20:17:24","date_gmt":"2017-11-18T20:17:24","guid":{"rendered":"http:\/\/biblian.is\/1981\/thridja-mosebok-18-kafli\/"},"modified":"2021-06-06T11:33:14","modified_gmt":"2021-06-06T11:33:14","slug":"thridja-mosebok-18-kafli","status":"publish","type":"page","link":"https:\/\/biblian.is\/1981\/thridja-mosebok-18-kafli\/","title":{"rendered":"\u00deri\u00f0ja M\u00f3seb\u00f3k 18. kafli"},"content":{"rendered":"<p><a name=\"1\"><span class=\"versanumer\">1<\/span><\/a>Drottinn tala\u00f0i vi\u00f0 M\u00f3se og sag\u00f0i:<a name=\"2\"><span class=\"versanumer\">2<\/span><\/a>Tala \u00fe\u00fa vi\u00f0 \u00cdsraelsmenn og seg vi\u00f0 \u00fe\u00e1: \u00c9g er Drottinn, Gu\u00f0 y\u00f0ar.<a name=\"3\"><span class=\"versanumer\">3<\/span><\/a>\u00de\u00e9r skulu\u00f0 ekki gj\u00f6ra a\u00f0 h\u00e1ttum Egyptalands, \u00fear sem \u00fe\u00e9r bjuggu\u00f0, og \u00fe\u00e9r skulu\u00f0 ekki gj\u00f6ra a\u00f0 h\u00e1ttum Kanaanlands, er \u00e9g mun lei\u00f0a y\u00f0ur inn \u00ed, n\u00e9 heldur skulu\u00f0 \u00fe\u00e9r breyta eftir setningum \u00feeirra.<a name=\"4\"><span class=\"versanumer\">4<\/span><\/a>L\u00f6g m\u00edn skulu\u00f0 \u00fe\u00e9r halda og setningar m\u00ednar skulu\u00f0 \u00fe\u00e9r var\u00f0veita, svo a\u00f0 \u00fe\u00e9r breyti\u00f0 eftir \u00feeim. \u00c9g er Drottinn, Gu\u00f0 y\u00f0ar.<a name=\"5\"><span class=\"versanumer\">5<\/span><\/a>\u00de\u00e9r skulu\u00f0 \u00fev\u00ed var\u00f0veita setningar m\u00ednar og l\u00f6g. S\u00e1 sem breytir eftir \u00feeim skal lifa fyrir \u00feau. \u00c9g er Drottinn.<a name=\"6\"><span class=\"versanumer\">6<\/span><\/a>Enginn y\u00f0ar skal koma n\u00e6rri nokkru n\u00e1nu skyldmenni til \u00feess a\u00f0 bera blyg\u00f0an \u00feeirra. \u00c9g er Drottinn.<a name=\"7\"><span class=\"versanumer\">7<\/span><\/a>\u00de\u00fa skalt eigi bera blyg\u00f0an f\u00f6\u00f0ur \u00fe\u00edns og blyg\u00f0an m\u00f3\u00f0ur \u00feinnar. H\u00fan er m\u00f3\u00f0ir \u00fe\u00edn, \u00fe\u00fa skalt eigi bera blyg\u00f0an hennar.<a name=\"8\"><span class=\"versanumer\">8<\/span><\/a>\u00de\u00fa skalt eigi bera blyg\u00f0an konu f\u00f6\u00f0ur \u00fe\u00edns, \u00fea\u00f0 er blyg\u00f0an f\u00f6\u00f0ur \u00fe\u00edns.<a name=\"9\"><span class=\"versanumer\">9<\/span><\/a>Blyg\u00f0an systur \u00feinnar, d\u00f3ttur f\u00f6\u00f0ur \u00fe\u00edns e\u00f0a d\u00f3ttur m\u00f3\u00f0ur \u00feinnar, hvort heldur h\u00fan er f\u00e6dd heima e\u00f0a utan heimilis, blyg\u00f0an \u00feeirra skalt \u00fe\u00fa eigi bera.<a name=\"10\"><span class=\"versanumer\">10<\/span><\/a>Blyg\u00f0an sonard\u00f3ttur \u00feinnar e\u00f0a d\u00f3tturd\u00f3ttur, blyg\u00f0an \u00feeirra skalt \u00fe\u00fa eigi bera, \u00fev\u00ed a\u00f0 \u00fea\u00f0 er \u00fe\u00edn blyg\u00f0an.<a name=\"11\"><span class=\"versanumer\">11<\/span><\/a>Blyg\u00f0an d\u00f3ttur konu f\u00f6\u00f0ur \u00fe\u00edns, afkv\u00e6mis f\u00f6\u00f0ur \u00fe\u00edns h\u00fan er systir \u00fe\u00edn, blyg\u00f0an hennar skalt \u00fe\u00fa eigi bera.<a name=\"12\"><span class=\"versanumer\">12<\/span><\/a>Eigi skalt \u00fe\u00fa bera blyg\u00f0an f\u00f6\u00f0ursystur \u00feinnar, h\u00fan er n\u00e1i\u00f0 skyldmenni f\u00f6\u00f0ur \u00fe\u00edns.<a name=\"13\"><span class=\"versanumer\">13<\/span><\/a>Eigi skalt \u00fe\u00fa bera blyg\u00f0an m\u00f3\u00f0ursystur \u00feinnar, \u00fev\u00ed a\u00f0 h\u00fan er n\u00e1i\u00f0 skyldmenni m\u00f3\u00f0ur \u00feinnar.<a name=\"14\"><span class=\"versanumer\">14<\/span><\/a>Eigi skalt \u00fe\u00fa bera blyg\u00f0an f\u00f6\u00f0urbr\u00f3\u00f0ur \u00fe\u00edns, eigi koma n\u00e6rri konu hans, \u00fev\u00ed a\u00f0 h\u00fan er sifkona \u00fe\u00edn.<a name=\"15\"><span class=\"versanumer\">15<\/span><\/a>Eigi skalt \u00fe\u00fa bera blyg\u00f0an tengdad\u00f3ttur \u00feinnar. H\u00fan er kona sonar \u00fe\u00edns, eigi skalt \u00fe\u00fa bera blyg\u00f0an hennar.<a name=\"16\"><span class=\"versanumer\">16<\/span><\/a>Eigi skalt \u00fe\u00fa bera blyg\u00f0an konu br\u00f3\u00f0ur \u00fe\u00edns. \u00dea\u00f0 er blyg\u00f0an br\u00f3\u00f0ur \u00fe\u00edns.<a name=\"17\"><span class=\"versanumer\">17<\/span><\/a>&#8222;Eigi skalt \u00fe\u00fa bera blyg\u00f0an konu og d\u00f3ttur hennar. Sonard\u00f3ttur hennar e\u00f0a d\u00f3tturd\u00f3ttur skalt \u00fe\u00fa eigi taka til \u00feess a\u00f0 bera blyg\u00f0an \u00feeirra. \u00de\u00e6r eru n\u00e1in skyldmenni; \u00fea\u00f0 er \u00f3h\u00e6fa.&#8220;<a name=\"18\"><span class=\"versanumer\">18<\/span><\/a>N\u00e9 heldur skalt \u00fe\u00fa taka konu auk systur hennar, henni til eljur\u00edgs, me\u00f0 \u00fev\u00ed a\u00f0 bera blyg\u00f0an hennar auk hinnar, me\u00f0an h\u00fan er \u00e1 l\u00edfi.<a name=\"19\"><span class=\"versanumer\">19<\/span><\/a>Eigi skalt \u00fe\u00fa koma n\u00e6rri konu til a\u00f0 bera blyg\u00f0an hennar, \u00fe\u00e1 er h\u00fan er \u00f3hrein af kl\u00e6\u00f0af\u00f6llum.<a name=\"20\"><span class=\"versanumer\">20<\/span><\/a>\u00de\u00fa skalt og eigi hafa holdlegt samr\u00e6\u00f0i vi\u00f0 konu n\u00e1unga \u00fe\u00edns, svo a\u00f0 \u00fe\u00fa saurgist af.<a name=\"21\"><span class=\"versanumer\">21<\/span><\/a>Eigi skalt \u00fe\u00fa gefa nokkurt afkv\u00e6mi \u00feitt til \u00feess, a\u00f0 \u00fea\u00f0 s\u00e9 helga\u00f0 M\u00f3lok, svo a\u00f0 \u00fe\u00fa vanhelgir eigi nafn Gu\u00f0s \u00fe\u00edns. \u00c9g er Drottinn.<a name=\"22\"><span class=\"versanumer\">22<\/span><\/a>Eigi skalt \u00fe\u00fa leggjast me\u00f0 karlmanni sem kona v\u00e6ri. \u00dea\u00f0 er vi\u00f0urstygg\u00f0.<a name=\"23\"><span class=\"versanumer\">23<\/span><\/a>\u00de\u00fa skalt ekki eiga samlag vi\u00f0 nokkra skepnu, svo a\u00f0 \u00fe\u00fa saurgist af. N\u00e9 heldur skal kona standa fyrir skepnu til samr\u00e6\u00f0is vi\u00f0 hana. \u00dea\u00f0 er sv\u00edvir\u00f0ing.<a name=\"24\"><span class=\"versanumer\">24<\/span><\/a>Saurgi\u00f0 y\u00f0ur ekki me\u00f0 nokkru \u00fev\u00edl\u00edku, \u00fev\u00ed a\u00f0 me\u00f0 \u00f6llu \u00feessu hafa hei\u00f0ingjarnir saurga\u00f0 sig, sem \u00e9g mun reka \u00e1 burt undan y\u00f0ur.<a name=\"25\"><span class=\"versanumer\">25<\/span><\/a>Og landi\u00f0 saurga\u00f0ist, og fyrir \u00fev\u00ed vitja\u00f0i \u00e9g misgj\u00f6r\u00f0ar \u00feess \u00e1 \u00fev\u00ed, og landi\u00f0 spj\u00f3 \u00edb\u00faum s\u00ednum.<a name=\"26\"><span class=\"versanumer\">26<\/span><\/a>Var\u00f0veiti\u00f0 \u00fev\u00ed setningar m\u00ednar og l\u00f6g og fremji\u00f0 enga af \u00feessum vi\u00f0urstygg\u00f0um, hvorki innborinn ma\u00f0ur n\u00e9 \u00fatlendingur, er b\u00fdr me\u00f0al y\u00f0ar,<a name=\"27\"><span class=\"versanumer\">27<\/span><\/a>\u00fev\u00ed a\u00f0 allar \u00feessar vi\u00f0urstygg\u00f0ir hafa landsb\u00faar, er fyrir y\u00f0ur voru, frami\u00f0, og landi\u00f0 saurga\u00f0ist,<a name=\"28\"><span class=\"versanumer\">28<\/span><\/a>svo a\u00f0 landi\u00f0 sp\u00fai y\u00f0ur ekki, er \u00fe\u00e9r saurgi\u00f0 \u00fea\u00f0, eins og \u00fea\u00f0 spj\u00f3 \u00feeirri \u00fej\u00f3\u00f0, er fyrir y\u00f0ur var.<a name=\"29\"><span class=\"versanumer\">29<\/span><\/a>\u00dev\u00ed a\u00f0 hver s\u00e1, er fremur einhverja af \u00feessum vi\u00f0urstygg\u00f0um, \u00fe\u00e6r s\u00e1lir, sem \u00fea\u00f0 gj\u00f6ra, skulu uppr\u00e6ttar ver\u00f0a \u00far \u00fej\u00f3\u00f0 sinni.<a name=\"30\"><span class=\"versanumer\">30<\/span><\/a>Var\u00f0veiti\u00f0 \u00fev\u00ed bo\u00f0or\u00f0 m\u00edn, svo a\u00f0 \u00fe\u00e9r fylgi\u00f0 eigi neinum af \u00feeim andstyggilegu venjum, er haf\u00f0ar voru \u00ed frammi fyrir y\u00f0ar t\u00ed\u00f0, og saurgi\u00f0 y\u00f0ur ekki me\u00f0 \u00fev\u00ed. \u00c9g er Drottinn, Gu\u00f0 y\u00f0ar.<\/p>\n<div class=\"footnote1981\"><b>18.1<\/b> Um hj\u00f3naband 2M\u00f3s 20.14 og hlst.+<br \/>\n<b>18.3<\/b> For\u00f0ast venjur Kanaan\u00edta 3M\u00f3s 20.22-23; 5M\u00f3s 18.9; J\u00f3s 24.15<br \/>\n<b>18.5<\/b> L\u00f6g og reglur Drottins 5M\u00f3s 4.1; 8.1; Esk 20.11,13; Okv 4.4; L\u00fak 10.28+<br \/>\n<b>18.7<\/b> Blyg\u00f0an Esk 22.10; sbr 1M\u00f3s 9.22-23<br \/>\n<b>18.8<\/b> &#8230; konu f\u00f6\u00f0ur \u00fe\u00edns 3M\u00f3s 20.11; 1M\u00f3s 35.22; 5M\u00f3s 27.20; 1Kor 5.1<br \/>\n<b>18.9<\/b> &#8230; systur \u00feinnar 3M\u00f3s 18.11; 20.17; 5M\u00f3s 27.22; Esk 22.11; sbr 2Sam 13.11-13<br \/>\n<b>18.11<\/b> Systir \u00fe\u00edn 3M\u00f3s 18.9+<br \/>\n<b>18.12<\/b> &#8230; systur f\u00f6\u00f0ur \u00fe\u00edns 3M\u00f3s 20.19; sbr 2M\u00f3s 6.20<br \/>\n<b>18.14<\/b> &#8230; f\u00f6\u00f0urbr\u00f3\u00f0ur \u00fe\u00edns 3M\u00f3s 20.20<br \/>\n<b>18.16<\/b> &#8230; m\u00e1gkonu \u00feinnar 3M\u00f3s 20.21; Matt 14.3-12 og hlst.; sbr 5M\u00f3s 25.5-10; Matt 22.23-33 og hlst.<br \/>\n<b>18.17<\/b> &#8230; konu og d\u00f3ttur hennar 3M\u00f3s 20.14; 5M\u00f3s 27.23<br \/>\n<b>18.18<\/b> &#8230; konu auk systur hennar sbr 1M\u00f3s 29.15-30<br \/>\n<b>18.19<\/b> \u00d3hrein af t\u00ed\u00f0um 3M\u00f3s 15.24; 20.18; Esk 22.10<br \/>\n<b>18.20<\/b> Kona landa \u00fe\u00edns 3M\u00f3s 20.10; 2M\u00f3s 20.14 og hlst.; 2Sam 11.4; Esk 22.11<br \/>\n<b>18.21<\/b> Barnsf\u00f3rn 3M\u00f3s 20.2-5; 5M\u00f3s 12.31; 2Kon 17.17; Jer 7.31; Slm 106.37-38 \u2013 vanhelga nafn Gu\u00f0s 3M\u00f3s 19.12; 20.3; 2M\u00f3s 20.7 og hlst.; Esk 36.20-21; Am 2.7<br \/>\n<b>18.22<\/b> Leggjast me\u00f0 karlmanni 3M\u00f3s 20.13; 1M\u00f3s 19.5; D\u00f3m 19.22; R\u00f3m 1.27<br \/>\n<b>18.23<\/b> Kynm\u00f6k vi\u00f0 d\u00fdr 3M\u00f3s 20.15-16; 2M\u00f3s 22.18; 5M\u00f3s 27.21<br \/>\n<b>18.25<\/b> Landi\u00f0 spj\u00f3 3M\u00f3s 18.28; 20.22<br \/>\n<b>18.26<\/b> B\u00e6\u00f0i hinn innf\u00e6ddi &#8230; 3M\u00f3s 16.29+<\/div>\n","protected":false},"excerpt":{"rendered":"<p>1Drottinn tala\u00f0i vi\u00f0 M\u00f3se og sag\u00f0i:2Tala \u00fe\u00fa vi\u00f0 \u00cdsraelsmenn og seg vi\u00f0 \u00fe\u00e1: \u00c9g er Drottinn, Gu\u00f0 y\u00f0ar.3\u00de\u00e9r skulu\u00f0 ekki gj\u00f6ra a\u00f0 h\u00e1ttum Egyptalands, \u00fear sem \u00fe\u00e9r bjuggu\u00f0, og \u00fe\u00e9r skulu\u00f0 ekki gj\u00f6ra a\u00f0 h\u00e1ttum Kanaanlands, er \u00e9g mun lei\u00f0a y\u00f0ur inn \u00ed, n\u00e9 heldur skulu\u00f0 \u00fe\u00e9r breyta eftir setningum \u00feeirra.4L\u00f6g m\u00edn skulu\u00f0 \u00fe\u00e9r halda og setningar m\u00ednar skulu\u00f0 \u00fe\u00e9r var\u00f0veita, svo a\u00f0 \u00fe\u00e9r breyti\u00f0 eftir \u00feeim. \u00c9g er Drottinn, Gu\u00f0 y\u00f0ar.5\u00de\u00e9r skulu\u00f0 \u00fev\u00ed var\u00f0veita setningar m\u00ednar og l\u00f6g. S\u00e1 sem breytir eftir \u00feeim skal lifa fyrir \u00feau. \u00c9g er Drottinn.6Enginn y\u00f0ar skal koma n\u00e6rri nokkru n\u00e1nu skyldmenni til \u00feess <a href=\"https:\/\/biblian.is\/1981\/thridja-mosebok-18-kafli\/\"> [&#8230;]<\/a><\/p>\n","protected":false},"author":1,"featured_media":0,"parent":0,"menu_order":0,"comment_status":"open","ping_status":"open","template":"bibliukaflar.php","meta":{"footnotes":""},"class_list":["post-1454","page","type-page","status-publish","hentry"],"_links":{"self":[{"href":"https:\/\/biblian.is\/1981\/wp-json\/wp\/v2\/pages\/1454","targetHints":{"allow":["GET"]}}],"collection":[{"href":"https:\/\/biblian.is\/1981\/wp-json\/wp\/v2\/pages"}],"about":[{"href":"https:\/\/biblian.is\/1981\/wp-json\/wp\/v2\/types\/page"}],"author":[{"embeddable":true,"href":"https:\/\/biblian.is\/1981\/wp-json\/wp\/v2\/users\/1"}],"replies":[{"embeddable":true,"href":"https:\/\/biblian.is\/1981\/wp-json\/wp\/v2\/comments?post=1454"}],"version-history":[{"count":0,"href":"https:\/\/biblian.is\/1981\/wp-json\/wp\/v2\/pages\/1454\/revisions"}],"wp:attachment":[{"href":"https:\/\/biblian.is\/1981\/wp-json\/wp\/v2\/media?parent=1454"}],"curies":[{"name":"wp","href":"https:\/\/api.w.org\/{rel}","templated":true}]}}