{"id":1453,"date":"2017-11-18T20:17:24","date_gmt":"2017-11-18T20:17:24","guid":{"rendered":"http:\/\/biblian.is\/1981\/thridja-mosebok-17-kafli\/"},"modified":"2021-06-06T11:11:09","modified_gmt":"2021-06-06T11:11:09","slug":"thridja-mosebok-17-kafli","status":"publish","type":"page","link":"https:\/\/biblian.is\/1981\/thridja-mosebok-17-kafli\/","title":{"rendered":"\u00deri\u00f0ja M\u00f3seb\u00f3k 17. kafli"},"content":{"rendered":"<p><a name=\"1\"><span class=\"versanumer\">1<\/span><\/a>Drottinn tala\u00f0i vi\u00f0 M\u00f3se og sag\u00f0i:<a name=\"2\"><span class=\"versanumer\">2<\/span><\/a>Tala \u00fe\u00fa vi\u00f0 Aron og sonu hans og alla \u00cdsraelsmenn og seg vi\u00f0 \u00fe\u00e1: \u00deetta er \u00fea\u00f0, sem Drottinn hefir bo\u00f0i\u00f0 og sagt:<a name=\"3\"><span class=\"versanumer\">3<\/span><\/a>Hver s\u00e1 af h\u00fasi \u00cdsraels, sem sl\u00e1trar nautgrip e\u00f0a sau\u00f0kind e\u00f0a geitsau\u00f0 \u00ed herb\u00fa\u00f0unum, e\u00f0a sl\u00e1trar \u00fev\u00ed fyrir utan herb\u00fa\u00f0irnar,<a name=\"4\"><span class=\"versanumer\">4<\/span><\/a>og lei\u00f0ir \u00fea\u00f0 ekki a\u00f0 dyrum samfundatjaldsins til \u00feess a\u00f0 f\u00e6ra Drottni \u00fea\u00f0 a\u00f0 f\u00f3rnargj\u00f6f fyrir framan b\u00fa\u00f0 Drottins, s\u00e1 ma\u00f0ur skal vera bl\u00f3\u00f0sekur. Hann hefir \u00fathellt bl\u00f3\u00f0i, og s\u00e1 ma\u00f0ur skal uppr\u00e6ttur ver\u00f0a \u00far \u00fej\u00f3\u00f0 sinni,<a name=\"5\"><span class=\"versanumer\">5<\/span><\/a>til \u00feess a\u00f0 \u00cdsraelsmenn f\u00e6ri sl\u00e1turf\u00f3rnir s\u00ednar, er \u00feeir eru vanir a\u00f0 f\u00f3rna \u00e1 bersv\u00e6\u00f0i, a\u00f0 \u00feeir f\u00e6ri \u00fe\u00e6r prestinum a\u00f0 dyrum samfundatjaldsins Drottni til handa og f\u00f3rni \u00feeim \u00ed heillaf\u00f3rnir Drottni til handa.<a name=\"6\"><span class=\"versanumer\">6<\/span><\/a>Prestur skal st\u00f6kkva bl\u00f3\u00f0inu \u00e1 altari Drottins vi\u00f0 dyr samfundatjaldsins og brenna m\u00f6rinn til \u00fe\u00e6gilegs ilms fyrir Drottin.<a name=\"7\"><span class=\"versanumer\">7<\/span><\/a>Og \u00feeir skulu eigi framar f\u00e6ra f\u00f3rnir sk\u00f3gartr\u00f6llunum, er \u00feeir n\u00fa taka fram hj\u00e1 me\u00f0. \u00deetta skal vera \u00feeim \u00e6varandi l\u00f6gm\u00e1l fr\u00e1 kyni til kyns.<a name=\"8\"><span class=\"versanumer\">8<\/span><\/a>Og \u00fe\u00fa skalt segja vi\u00f0 \u00fe\u00e1: Hver s\u00e1 af h\u00fasi \u00cdsraels e\u00f0a af \u00fatlendum m\u00f6nnum, er b\u00faa me\u00f0al \u00feeirra, sem f\u00f3rnar brennif\u00f3rn e\u00f0a sl\u00e1turf\u00f3rn<a name=\"9\"><span class=\"versanumer\">9<\/span><\/a>og f\u00e6rir hana ekki a\u00f0 dyrum samfundatjaldsins til \u00feess a\u00f0 f\u00f3rna Drottni henni, s\u00e1 ma\u00f0ur skal uppr\u00e6ttur ver\u00f0a \u00far \u00fej\u00f3\u00f0 sinni.<a name=\"10\"><span class=\"versanumer\">10<\/span><\/a>Hver s\u00e1 af h\u00fasi \u00cdsraels og af \u00fatlendum m\u00f6nnum, er b\u00faa me\u00f0al \u00feeirra, sem neytir nokkurs bl\u00f3\u00f0s, gegn \u00feeim manni, sem neytir bl\u00f3\u00f0s, vil \u00e9g sn\u00faa augliti m\u00ednu og uppr\u00e6ta hann \u00far \u00fej\u00f3\u00f0 sinni.<a name=\"11\"><span class=\"versanumer\">11<\/span><\/a>\u00dev\u00ed a\u00f0 l\u00edf l\u00edkamans er \u00ed bl\u00f3\u00f0inu, og \u00e9g hefi gefi\u00f0 y\u00f0ur \u00fea\u00f0 \u00e1 altari\u00f0, til \u00feess a\u00f0 me\u00f0 \u00fev\u00ed s\u00e9 fri\u00f0\u00fe\u00e6gt fyrir y\u00f0ur, \u00fev\u00ed a\u00f0 bl\u00f3\u00f0i\u00f0 fri\u00f0\u00fe\u00e6gir me\u00f0 l\u00edfinu.<a name=\"12\"><span class=\"versanumer\">12<\/span><\/a>Fyrir \u00fev\u00ed hefi \u00e9g sagt vi\u00f0 \u00cdsraelsmenn: Enginn ma\u00f0ur me\u00f0al y\u00f0ar skal bl\u00f3\u00f0s neyta, n\u00e9 heldur skal nokkur \u00fatlendingur, er b\u00fdr me\u00f0al y\u00f0ar, neyta bl\u00f3\u00f0s.<a name=\"13\"><span class=\"versanumer\">13<\/span><\/a>Og hver s\u00e1 \u00cdsraelsmanna og \u00feeirra manna \u00fatlendra, er me\u00f0al y\u00f0ar b\u00faa, sem vei\u00f0ir villid\u00fdr e\u00f0a fugl \u00e6tan, hann skal hella ni\u00f0ur bl\u00f3\u00f0inu og hylja \u00fea\u00f0 moldu.<a name=\"14\"><span class=\"versanumer\">14<\/span><\/a>\u00dev\u00ed a\u00f0 svo er um l\u00edf alls holds, a\u00f0 saman fer bl\u00f3\u00f0 og l\u00edf, og fyrir \u00fev\u00ed hefi \u00e9g sagt vi\u00f0 \u00cdsraelsmenn: \u00de\u00e9r skulu\u00f0 ekki neyta bl\u00f3\u00f0s \u00far nokkru holdi, \u00fev\u00ed a\u00f0 l\u00edf s\u00e9rhvers holds, \u00fea\u00f0 er bl\u00f3\u00f0 \u00feess. Hver s\u00e1, er \u00feess neytir, skal uppr\u00e6ttur ver\u00f0a.<a name=\"15\"><span class=\"versanumer\">15<\/span><\/a>Og hver s\u00e1, er etur sj\u00e1lfdau\u00f0a skepnu e\u00f0a d\u00fdrrifna, hvort heldur er innborinn ma\u00f0ur e\u00f0a \u00fatlendur, skal \u00fevo kl\u00e6\u00f0i s\u00edn og lauga sig \u00ed vatni og vera \u00f3hreinn til kvelds. \u00de\u00e1 er hann hreinn.<a name=\"16\"><span class=\"versanumer\">16<\/span><\/a>En \u00fevoi hann \u00feau ekki og laugi ekki hold sitt, \u00fe\u00e1 bakar hann s\u00e9r sekt.<\/p>\n<div class=\"footnote1981\"><b>17.7<\/b> H\u00f3rast 2Kon 23.8; Jes 13.21<br \/>\n<b>17.11<\/b> L\u00edfskrafturinn er \u00ed bl\u00f3\u00f0inu 3M\u00f3s 3.17; 17.14; 19.26; 1M\u00f3s 9.4; 5M\u00f3s 12.23 \u2013 bl\u00f3\u00f0i\u00f0 fri\u00f0\u00fe\u00e6gir Heb 9.22<br \/>\n<b>17.13<\/b> Bl\u00f3\u00f0 villid\u00fdra 5M\u00f3s 12.16,24; 15.23<br \/>\n<b>17.15<\/b> Innf\u00e6ddur e\u00f0a a\u00f0kominn 3M\u00f3s 16.29+ &#8211; sj\u00e1fldau\u00f0 skepna 3M\u00f3s 22.8; 2M\u00f3s 22.30; Esk 4.14; sbr 3M\u00f3s 7.24<\/div>\n","protected":false},"excerpt":{"rendered":"<p>1Drottinn tala\u00f0i vi\u00f0 M\u00f3se og sag\u00f0i:2Tala \u00fe\u00fa vi\u00f0 Aron og sonu hans og alla \u00cdsraelsmenn og seg vi\u00f0 \u00fe\u00e1: \u00deetta er \u00fea\u00f0, sem Drottinn hefir bo\u00f0i\u00f0 og sagt:3Hver s\u00e1 af h\u00fasi \u00cdsraels, sem sl\u00e1trar nautgrip e\u00f0a sau\u00f0kind e\u00f0a geitsau\u00f0 \u00ed herb\u00fa\u00f0unum, e\u00f0a sl\u00e1trar \u00fev\u00ed fyrir utan herb\u00fa\u00f0irnar,4og lei\u00f0ir \u00fea\u00f0 ekki a\u00f0 dyrum samfundatjaldsins til \u00feess a\u00f0 f\u00e6ra Drottni \u00fea\u00f0 a\u00f0 f\u00f3rnargj\u00f6f fyrir framan b\u00fa\u00f0 Drottins, s\u00e1 ma\u00f0ur skal vera bl\u00f3\u00f0sekur. Hann hefir \u00fathellt bl\u00f3\u00f0i, og s\u00e1 ma\u00f0ur skal uppr\u00e6ttur ver\u00f0a \u00far \u00fej\u00f3\u00f0 sinni,5til \u00feess a\u00f0 \u00cdsraelsmenn f\u00e6ri sl\u00e1turf\u00f3rnir s\u00ednar, er \u00feeir eru vanir a\u00f0 f\u00f3rna \u00e1 bersv\u00e6\u00f0i, a\u00f0 \u00feeir f\u00e6ri <a href=\"https:\/\/biblian.is\/1981\/thridja-mosebok-17-kafli\/\"> [&#8230;]<\/a><\/p>\n","protected":false},"author":1,"featured_media":0,"parent":0,"menu_order":0,"comment_status":"open","ping_status":"open","template":"bibliukaflar.php","meta":{"footnotes":""},"class_list":["post-1453","page","type-page","status-publish","hentry"],"_links":{"self":[{"href":"https:\/\/biblian.is\/1981\/wp-json\/wp\/v2\/pages\/1453","targetHints":{"allow":["GET"]}}],"collection":[{"href":"https:\/\/biblian.is\/1981\/wp-json\/wp\/v2\/pages"}],"about":[{"href":"https:\/\/biblian.is\/1981\/wp-json\/wp\/v2\/types\/page"}],"author":[{"embeddable":true,"href":"https:\/\/biblian.is\/1981\/wp-json\/wp\/v2\/users\/1"}],"replies":[{"embeddable":true,"href":"https:\/\/biblian.is\/1981\/wp-json\/wp\/v2\/comments?post=1453"}],"version-history":[{"count":0,"href":"https:\/\/biblian.is\/1981\/wp-json\/wp\/v2\/pages\/1453\/revisions"}],"wp:attachment":[{"href":"https:\/\/biblian.is\/1981\/wp-json\/wp\/v2\/media?parent=1453"}],"curies":[{"name":"wp","href":"https:\/\/api.w.org\/{rel}","templated":true}]}}