{"id":1450,"date":"2017-11-18T20:17:24","date_gmt":"2017-11-18T20:17:24","guid":{"rendered":"http:\/\/biblian.is\/1981\/thridja-mosebok-14-kafli\/"},"modified":"2021-06-06T11:11:06","modified_gmt":"2021-06-06T11:11:06","slug":"thridja-mosebok-14-kafli","status":"publish","type":"page","link":"https:\/\/biblian.is\/1981\/thridja-mosebok-14-kafli\/","title":{"rendered":"\u00deri\u00f0ja M\u00f3seb\u00f3k 14. kafli"},"content":{"rendered":"<p><a name=\"1\"><span class=\"versanumer\">1<\/span><\/a>Drottinn tala\u00f0i vi\u00f0 M\u00f3se og sag\u00f0i:<a name=\"2\"><span class=\"versanumer\">2<\/span><\/a>\u00deetta skulu vera \u00e1kv\u00e6\u00f0in um l\u00edk\u00fer\u00e1an mann, \u00fe\u00e1 er hann er hreinsa\u00f0ur: Skal lei\u00f0a hann fyrir prest,<a name=\"3\"><span class=\"versanumer\">3<\/span><\/a>og prestur skal ganga \u00fat fyrir herb\u00fa\u00f0irnar, og prestur skal l\u00edta \u00e1. Og sj\u00e1i hann a\u00f0 l\u00edk\u00fer\u00e1rskellan \u00e1 hinum l\u00edk\u00fer\u00e1a er gr\u00f3in,<a name=\"4\"><span class=\"versanumer\">4<\/span><\/a>\u00fe\u00e1 skal presturinn bj\u00f3\u00f0a a\u00f0 taka fyrir \u00feann, er l\u00e6tur hreinsa sig, tvo hreina fugla lifandi, sedrusvi\u00f0, skarlat og \u00eds\u00f3psv\u00f6nd.<a name=\"5\"><span class=\"versanumer\">5<\/span><\/a>Og prestur skal bj\u00f3\u00f0a a\u00f0 sl\u00e1tra \u00f6\u00f0rum fuglinum \u00ed leirker yfir rennandi vatni.<a name=\"6\"><span class=\"versanumer\">6<\/span><\/a>En lifandi fuglinn, sedrusvi\u00f0inn, skarlati\u00f0 og \u00eds\u00f3psv\u00f6ndinn skal hann taka og drepa \u00fev\u00ed, \u00e1samt lifandi fuglinum, \u00ed bl\u00f3\u00f0 fuglsins, er sl\u00e1tra\u00f0 var yfir rennandi vatni.<a name=\"7\"><span class=\"versanumer\">7<\/span><\/a>Og hann skal st\u00f6kkva sj\u00f6 sinnum \u00e1 \u00feann, sem l\u00e6tur hreinsa sig af l\u00edk\u00fer\u00e1nni, og d\u00e6ma hann hreinan, en sleppa lifandi fuglinum \u00fat \u00e1 v\u00ed\u00f0avang.<a name=\"8\"><span class=\"versanumer\">8<\/span><\/a>S\u00e1 er l\u00e6tur hreinsa sig, skal \u00fevo kl\u00e6\u00f0i s\u00edn, raka allt h\u00e1r sitt og lauga sig \u00ed vatni, og er \u00fe\u00e1 hreinn. Og s\u00ed\u00f0an gangi hann \u00ed herb\u00fa\u00f0irnar, en skal \u00fe\u00f3 sj\u00f6 daga hafast vi\u00f0 fyrir utan tjald sitt.<a name=\"9\"><span class=\"versanumer\">9<\/span><\/a>Og \u00e1 sj\u00f6unda degi skal hann raka allt h\u00e1r sitt, b\u00e6\u00f0i h\u00f6fu\u00f0 sitt, skegg og augabr\u00fanir, allt h\u00e1r sitt skal hann raka. Og hann skal \u00fevo kl\u00e6\u00f0i s\u00edn og lauga l\u00edkama sinn \u00ed vatni, og er \u00fe\u00e1 hreinn.<a name=\"10\"><span class=\"versanumer\">10<\/span><\/a>\u00c1 \u00e1ttunda degi skal hann taka tv\u00f6 hr\u00fatl\u00f6mb gallalaus og eina gimbur veturgamla gallalausa og \u00ferj\u00e1 t\u00edunduparta \u00far efu af f\u00ednu mj\u00f6li, bl\u00f6ndu\u00f0u vi\u00f0 ol\u00edu, \u00ed matf\u00f3rn, og einn l\u00f3g af ol\u00edu.<a name=\"11\"><span class=\"versanumer\">11<\/span><\/a>Og presturinn, er hreinsar, skal f\u00e6ra manninn, er l\u00e6tur hreinsa sig, \u00e1samt \u00feessu fram fyrir Drottin a\u00f0 dyrum samfundatjaldsins.<a name=\"12\"><span class=\"versanumer\">12<\/span><\/a>Og presturinn skal taka anna\u00f0 hr\u00fatlambi\u00f0 og f\u00f3rna \u00fev\u00ed \u00ed sektarf\u00f3rn, \u00e1samt ol\u00edu-l\u00f3ginum, og veifa hvorutveggja a\u00f0 veifif\u00f3rn frammi fyrir Drottni.<a name=\"13\"><span class=\"versanumer\">13<\/span><\/a>&#8222;Og lambinu skal sl\u00e1tra \u00e1 \u00feeim sta\u00f0, \u00fear sem syndaf\u00f3rninni er sl\u00e1tra\u00f0 og brennif\u00f3rninni, \u00e1 helgum sta\u00f0; \u00fev\u00ed a\u00f0 eins og syndaf\u00f3rn heyrir presti, svo er og um sektarf\u00f3rn. H\u00fan er h\u00e1heil\u00f6g.&#8220;<a name=\"14\"><span class=\"versanumer\">14<\/span><\/a>Prestur skal taka nokku\u00f0 af bl\u00f3\u00f0i sektarf\u00f3rnarinnar, og prestur skal r\u00ed\u00f0a \u00fev\u00ed \u00e1 h\u00e6gri eyrnasnepil \u00feess, er l\u00e6tur hreinsa sig, og \u00e1 \u00feumalfingur h\u00e6gri handar hans og \u00e1 st\u00f3rut\u00e1 h\u00e6gri f\u00f3tar hans.<a name=\"15\"><span class=\"versanumer\">15<\/span><\/a>Og prestur skal taka nokku\u00f0 af ol\u00edu-l\u00f3ginum og hella \u00ed vinstri l\u00f3fa s\u00e9r.<a name=\"16\"><span class=\"versanumer\">16<\/span><\/a>Og prestur skal drepa h\u00e6gri fingri s\u00ednum \u00ed ol\u00eduna, sem er \u00ed vinstri l\u00f3fa hans, og st\u00f6kkva ol\u00edunni me\u00f0 fingri s\u00ednum sj\u00f6 sinnum frammi fyrir Drottni.<a name=\"17\"><span class=\"versanumer\">17<\/span><\/a>Og af leifunum af ol\u00edunni, sem er \u00ed l\u00f3fa hans, skal prestur r\u00ed\u00f0a \u00e1 h\u00e6gri eyrnasnepil \u00feess, er l\u00e6tur hreinsa sig, og \u00e1 \u00feumalfingur h\u00e6gri handar hans og \u00e1 st\u00f3rut\u00e1 h\u00e6gri f\u00f3tar hans, ofan \u00e1 bl\u00f3\u00f0i\u00f0 \u00far sektarf\u00f3rninni.<a name=\"18\"><span class=\"versanumer\">18<\/span><\/a>Og \u00fev\u00ed, sem leift er af ol\u00edunni \u00ed l\u00f3fa prestsins, skal hann r\u00ed\u00f0a \u00e1 h\u00f6fu\u00f0 \u00feess, sem l\u00e6tur hreinsa sig, og prestur skal fri\u00f0\u00fe\u00e6gja fyrir hann frammi fyrir Drottni.<a name=\"19\"><span class=\"versanumer\">19<\/span><\/a>\u00de\u00e1 skal prestur f\u00f3rna syndaf\u00f3rninni og fri\u00f0\u00fe\u00e6gja fyrir \u00feann, er l\u00e6tur hreinsa sig, vegna \u00f3hreinleika hans, og s\u00ed\u00f0an skal hann sl\u00e1tra brennif\u00f3rninni.<a name=\"20\"><span class=\"versanumer\">20<\/span><\/a>Og prestur skal fram bera \u00e1 altari\u00f0 brennif\u00f3rnina og matf\u00f3rnina. \u00deannig skal presturinn fri\u00f0\u00fe\u00e6gja fyrir hann, og er hann \u00fe\u00e1 hreinn.<a name=\"21\"><span class=\"versanumer\">21<\/span><\/a>En s\u00e9 hann f\u00e1t\u00e6kur og \u00e1 ekki fyrir \u00feessu, \u00fe\u00e1 skal hann taka eitt hr\u00fatlamb \u00ed sektarf\u00f3rn til veifunar, til \u00feess a\u00f0 fri\u00f0\u00fe\u00e6gt ver\u00f0i fyrir hann, og einn t\u00edunda part \u00far efu af f\u00ednu mj\u00f6li, bl\u00f6ndu\u00f0u vi\u00f0 ol\u00edu, \u00ed matf\u00f3rn, og l\u00f3g af ol\u00edu<a name=\"22\"><span class=\"versanumer\">22<\/span><\/a>og tv\u00e6r turtild\u00fafur e\u00f0a tv\u00e6r ungar d\u00fafur, eftir \u00fev\u00ed sem efni hans leyfa. Skal \u00f6nnur vera til syndaf\u00f3rnar, en hin til brennif\u00f3rnar.<a name=\"23\"><span class=\"versanumer\">23<\/span><\/a>Og hann skal f\u00e6ra \u00fe\u00e6r prestinum \u00e1 \u00e1ttunda degi fr\u00e1 hreinsun sinni a\u00f0 dyrum samfundatjaldsins fram fyrir Drottin.<a name=\"24\"><span class=\"versanumer\">24<\/span><\/a>Og prestur skal taka sektarf\u00f3rnarlambi\u00f0 og ol\u00edu-l\u00f3ginn, og prestur skal veifa \u00fev\u00ed til veifif\u00f3rnar frammi fyrir Drottni.<a name=\"25\"><span class=\"versanumer\">25<\/span><\/a>S\u00ed\u00f0an skal sektarf\u00f3rnarlambinu sl\u00e1tra\u00f0. Prestur skal taka nokku\u00f0 af bl\u00f3\u00f0i sektarf\u00f3rnarinnar og r\u00ed\u00f0a \u00e1 h\u00e6gri eyrnasnepil \u00feess, er l\u00e6tur hreinsa sig, og \u00e1 \u00feumalfingur h\u00e6gri handar hans og \u00e1 st\u00f3rut\u00e1 h\u00e6gri f\u00f3tar hans.<a name=\"26\"><span class=\"versanumer\">26<\/span><\/a>Og nokkru af ol\u00edunni skal prestur hella \u00ed vinstri l\u00f3fa s\u00e9r.<a name=\"27\"><span class=\"versanumer\">27<\/span><\/a>Og prestur skal st\u00f6kkva nokkru af ol\u00edunni, sem er \u00ed vinstri l\u00f3fa hans, me\u00f0 h\u00e6gri fingri s\u00ednum sj\u00f6 sinnum frammi fyrir Drottni.<a name=\"28\"><span class=\"versanumer\">28<\/span><\/a>Og prestur skal r\u00ed\u00f0a nokkru af ol\u00edunni, sem er \u00ed l\u00f3fa hans, \u00e1 h\u00e6gri eyrnasnepil \u00feess, er l\u00e6tur hreinsa sig, og \u00e1 \u00feumalfingur h\u00e6gri handar hans og st\u00f3rut\u00e1 h\u00e6gri f\u00f3tar hans, \u00e1 \u00feann sta\u00f0 \u00fear sem bl\u00f3\u00f0i\u00f0 \u00far sektarf\u00f3rninni er.<a name=\"29\"><span class=\"versanumer\">29<\/span><\/a>En \u00fev\u00ed, sem leift er af ol\u00edunni \u00ed l\u00f3fa prestsins, skal hann r\u00ed\u00f0a \u00e1 h\u00f6fu\u00f0 \u00feess, er l\u00e6tur hreinsa sig, til \u00feess a\u00f0 fri\u00f0\u00fe\u00e6gja fyrir hann frammi fyrir Drottni.<a name=\"30\"><span class=\"versanumer\">30<\/span><\/a>\u00de\u00e1 skal hann f\u00f3rna annarri turtild\u00fafunni e\u00f0a annarri ungu d\u00fafunni, eftir \u00fev\u00ed sem hann haf\u00f0i efnin til,<a name=\"31\"><span class=\"versanumer\">31<\/span><\/a>annarri \u00ed syndaf\u00f3rn og hinni \u00ed brennif\u00f3rn, \u00e1samt matf\u00f3rninni. \u00deannig skal presturinn fri\u00f0\u00fe\u00e6gja fyrir \u00feann, er l\u00e6tur hreinsa sig, frammi fyrir Drottni.<a name=\"32\"><span class=\"versanumer\">32<\/span><\/a>\u00deetta eru \u00e1kv\u00e6\u00f0in um \u00feann, sem hefir l\u00edk\u00fer\u00e1rs\u00f3tt og ekki \u00e1 fyrir hreinsun sinni.<a name=\"33\"><span class=\"versanumer\">33<\/span><\/a>Drottinn tala\u00f0i vi\u00f0 M\u00f3se og Aron og sag\u00f0i:<a name=\"34\"><span class=\"versanumer\">34<\/span><\/a>\u00de\u00e1 er \u00fe\u00e9r komi\u00f0 \u00ed Kanaanland, sem \u00e9g mun gefa y\u00f0ur til eignar, og \u00e9g l\u00e6t koma l\u00edk\u00fer\u00e1rskellu \u00e1 h\u00fas \u00ed eignarlandi y\u00f0ar,<a name=\"35\"><span class=\"versanumer\">35<\/span><\/a>\u00fe\u00e1 skal s\u00e1 fara, sem h\u00fasi\u00f0 \u00e1, og greina presti fr\u00e1 og segja: M\u00e9r vir\u00f0ist sem skella s\u00e9 \u00e1 h\u00fasinu.<a name=\"36\"><span class=\"versanumer\">36<\/span><\/a>Og prestur skal bj\u00f3\u00f0a a\u00f0 l\u00e1ta ry\u00f0ja h\u00fasi\u00f0 \u00e1\u00f0ur en prestur gengur inn til \u00feess a\u00f0 l\u00edta \u00e1 skelluna, svo a\u00f0 ekki ver\u00f0i allt \u00f3hreint, sem \u00ed h\u00fasinu er. S\u00ed\u00f0an skal prestur ganga inn til \u00feess a\u00f0 sko\u00f0a h\u00fasi\u00f0.<a name=\"37\"><span class=\"versanumer\">37<\/span><\/a>Og hann skal l\u00edta \u00e1 skelluna, og sj\u00e1i hann, a\u00f0 skellan \u00e1 veggjum h\u00fassins eru d\u00e6ldir gr\u00e6nleitar e\u00f0a rau\u00f0leitar, og \u00fe\u00e6r ber l\u00e6gra en vegginn,<a name=\"38\"><span class=\"versanumer\">38<\/span><\/a>\u00fe\u00e1 skal prestur ganga \u00fat \u00far h\u00fasinu a\u00f0 dyrum h\u00fassins og byrgja h\u00fasi\u00f0 sj\u00f6 daga.<a name=\"39\"><span class=\"versanumer\">39<\/span><\/a>Og prestur skal koma aftur \u00e1 sj\u00f6unda degi og l\u00edta \u00e1, og sj\u00e1i hann a\u00f0 skellan hefir f\u00e6rst \u00fat \u00e1 veggjum h\u00fassins,<a name=\"40\"><span class=\"versanumer\">40<\/span><\/a>\u00fe\u00e1 skal prestur bj\u00f3\u00f0a a\u00f0 brj\u00f3ta \u00fe\u00e1 steina \u00far, sem skellan er \u00e1, og varpa \u00feeim \u00e1 \u00f3hreinan sta\u00f0 utan borgar.<a name=\"41\"><span class=\"versanumer\">41<\/span><\/a>Og h\u00fasi\u00f0 skal hann l\u00e1ta skafa allt a\u00f0 innan, og skulu \u00feeir steypa ni\u00f0ur veggl\u00edminu, er \u00feeir skafa af, \u00e1 \u00f3hreinan sta\u00f0 utan borgar.<a name=\"42\"><span class=\"versanumer\">42<\/span><\/a>Og \u00feeir skulu taka a\u00f0ra steina og setja \u00ed sta\u00f0 hinna steinanna, og anna\u00f0 veggl\u00edm skal taka og r\u00ed\u00f0a \u00e1 h\u00fasi\u00f0.<a name=\"43\"><span class=\"versanumer\">43<\/span><\/a>En ef skellan kemur aftur og br\u00fdst \u00fat \u00e1 h\u00fasinu, eftir a\u00f0 steinarnir hafa veri\u00f0 brotnir \u00far og eftir a\u00f0 h\u00fasi\u00f0 hefir veri\u00f0 skafi\u00f0 og s\u00ed\u00f0an veri\u00f0 ri\u00f0i\u00f0 \u00e1 veggl\u00edmi,<a name=\"44\"><span class=\"versanumer\">44<\/span><\/a>\u00fe\u00e1 skal prestur koma og l\u00edta \u00e1. Og sj\u00e1i hann a\u00f0 skellan hefir f\u00e6rst \u00fat \u00e1 h\u00fasinu, \u00fe\u00e1 er \u00fea\u00f0 sk\u00e6\u00f0 l\u00edk\u00fer\u00e1 \u00e1 h\u00fasinu. \u00dea\u00f0 er \u00f3hreint.<a name=\"45\"><span class=\"versanumer\">45<\/span><\/a>Og skal r\u00edfa h\u00fasi\u00f0, steinana \u00ed \u00fev\u00ed, vi\u00f0ina og allt veggl\u00edm h\u00fassins, og f\u00e6ra \u00fat fyrir borgina \u00e1 \u00f3hreinan sta\u00f0.<a name=\"46\"><span class=\"versanumer\">46<\/span><\/a>Hver sem gengur inn \u00ed h\u00fasi\u00f0 alla \u00fe\u00e1 stund, sem \u00fea\u00f0 er byrgt, skal vera \u00f3hreinn til kvelds.<a name=\"47\"><span class=\"versanumer\">47<\/span><\/a>Og hver sem hv\u00edlir \u00ed h\u00fasinu, skal \u00fevo kl\u00e6\u00f0i s\u00edn, og hver sem matar neytir \u00ed h\u00fasinu, skal \u00fevo kl\u00e6\u00f0i s\u00edn.<a name=\"48\"><span class=\"versanumer\">48<\/span><\/a>En ef prestur kemur og l\u00edtur \u00e1 og s\u00e9r, a\u00f0 skellan hefir ekki f\u00e6rst \u00fat \u00e1 h\u00fasinu eftir a\u00f0 ri\u00f0i\u00f0 var veggl\u00edmi \u00e1 h\u00fasi\u00f0, \u00fe\u00e1 skal prestur d\u00e6ma h\u00fasi\u00f0 hreint, \u00fev\u00ed a\u00f0 skellan er \u00fe\u00e1 l\u00e6knu\u00f0.<a name=\"49\"><span class=\"versanumer\">49<\/span><\/a>Og hann skal taka tvo fugla, sedrusvi\u00f0, skarlat og \u00eds\u00f3psv\u00f6nd til \u00feess a\u00f0 syndhreinsa h\u00fasi\u00f0.<a name=\"50\"><span class=\"versanumer\">50<\/span><\/a>Og hann skal sl\u00e1tra \u00f6\u00f0rum fuglinum \u00ed leirker yfir rennandi vatni.<a name=\"51\"><span class=\"versanumer\">51<\/span><\/a>En sedrusvi\u00f0inn, \u00eds\u00f3psv\u00f6ndinn, skarlati\u00f0 og lifandi fuglinn skal hann taka og drepa \u00feeim \u00ed bl\u00f3\u00f0 fuglsins, er sl\u00e1tra\u00f0 var, og \u00ed rennandi vatni\u00f0 og st\u00f6kkva \u00e1 h\u00fasi\u00f0 sj\u00f6 sinnum.<a name=\"52\"><span class=\"versanumer\">52<\/span><\/a>Og hann skal syndhreinsa h\u00fasi\u00f0 me\u00f0 bl\u00f3\u00f0i fuglsins og rennandi vatninu, me\u00f0 lifandi fuglinum, sedrusvi\u00f0inum, \u00eds\u00f3psvendinum og skarlatinu.<a name=\"53\"><span class=\"versanumer\">53<\/span><\/a>En lifandi fuglinum skal hann sleppa \u00fat fyrir borgina, \u00fat \u00e1 v\u00ed\u00f0avang, og fri\u00f0\u00fe\u00e6gja \u00feannig fyrir h\u00fasi\u00f0, og er \u00fea\u00f0 \u00fe\u00e1 hreint.<a name=\"54\"><span class=\"versanumer\">54<\/span><\/a>\u00deetta eru \u00e1kv\u00e6\u00f0in um hvers konar l\u00edk\u00fer\u00e1rs\u00f3tt og skurfu,<a name=\"55\"><span class=\"versanumer\">55<\/span><\/a>um l\u00edk\u00fer\u00e1 \u00ed fati og \u00e1 h\u00fasi,<a name=\"56\"><span class=\"versanumer\">56<\/span><\/a>um \u00ferota, hr\u00fa\u00f0ur og glj\u00e1d\u00edla,<a name=\"57\"><span class=\"versanumer\">57<\/span><\/a>til lei\u00f0beiningar um \u00fea\u00f0, hven\u00e6r eitthva\u00f0 er \u00f3hreint og hven\u00e6r \u00fea\u00f0 er hreint. \u00deetta eru \u00e1kv\u00e6\u00f0in um l\u00edk\u00fer\u00e1.<\/p>\n<div class=\"footnote1981\"><b>14.2<\/b> Hreinsun holdsveikra Matt 8.4 og hlst.; L\u00fak 17.14<br \/>\n<b>14.3<\/b> Holdsveiki 3M\u00f3s 13.46<br \/>\n<b>14.4<\/b> \u00cds\u00f3ps 2M\u00f3s 12.22; 4M\u00f3s 19.18; Heb 9.19<br \/>\n<b>14.7<\/b> Fuglinn sem lifir 3M\u00f3s 14.53; sbr 16.10,20-22<br \/>\n<b>14.14<\/b> H\u00e6gri eyrnasnepill &#8230; sbr 3M\u00f3s 8.23-24+<br \/>\n<b>14.16<\/b> Sj\u00f6 sinnum sbr 3M\u00f3s 4.6,17<br \/>\n<b>14.21<\/b> Um f\u00f3rnir f\u00e1t\u00e6kra 3M\u00f3s 5.7+<br \/>\n<b>14.34<\/b> Kanaansland 3M\u00f3s 19.23-25; 23.10; 1M\u00f3s 17.8; Slm 105.11<br \/>\n<b>14.49<\/b> Hreinsa af synd 3M\u00f3s 8.15+<\/div>\n","protected":false},"excerpt":{"rendered":"<p>1Drottinn tala\u00f0i vi\u00f0 M\u00f3se og sag\u00f0i:2\u00deetta skulu vera \u00e1kv\u00e6\u00f0in um l\u00edk\u00fer\u00e1an mann, \u00fe\u00e1 er hann er hreinsa\u00f0ur: Skal lei\u00f0a hann fyrir prest,3og prestur skal ganga \u00fat fyrir herb\u00fa\u00f0irnar, og prestur skal l\u00edta \u00e1. Og sj\u00e1i hann a\u00f0 l\u00edk\u00fer\u00e1rskellan \u00e1 hinum l\u00edk\u00fer\u00e1a er gr\u00f3in,4\u00fe\u00e1 skal presturinn bj\u00f3\u00f0a a\u00f0 taka fyrir \u00feann, er l\u00e6tur hreinsa sig, tvo hreina fugla lifandi, sedrusvi\u00f0, skarlat og \u00eds\u00f3psv\u00f6nd.5Og prestur skal bj\u00f3\u00f0a a\u00f0 sl\u00e1tra \u00f6\u00f0rum fuglinum \u00ed leirker yfir rennandi vatni.6En lifandi fuglinn, sedrusvi\u00f0inn, skarlati\u00f0 og \u00eds\u00f3psv\u00f6ndinn skal hann taka og drepa \u00fev\u00ed, \u00e1samt lifandi fuglinum, \u00ed bl\u00f3\u00f0 fuglsins, er sl\u00e1tra\u00f0 var yfir rennandi vatni.7Og hann skal <a href=\"https:\/\/biblian.is\/1981\/thridja-mosebok-14-kafli\/\"> [&#8230;]<\/a><\/p>\n","protected":false},"author":1,"featured_media":0,"parent":0,"menu_order":0,"comment_status":"open","ping_status":"open","template":"bibliukaflar.php","meta":{"footnotes":""},"class_list":["post-1450","page","type-page","status-publish","hentry"],"_links":{"self":[{"href":"https:\/\/biblian.is\/1981\/wp-json\/wp\/v2\/pages\/1450","targetHints":{"allow":["GET"]}}],"collection":[{"href":"https:\/\/biblian.is\/1981\/wp-json\/wp\/v2\/pages"}],"about":[{"href":"https:\/\/biblian.is\/1981\/wp-json\/wp\/v2\/types\/page"}],"author":[{"embeddable":true,"href":"https:\/\/biblian.is\/1981\/wp-json\/wp\/v2\/users\/1"}],"replies":[{"embeddable":true,"href":"https:\/\/biblian.is\/1981\/wp-json\/wp\/v2\/comments?post=1450"}],"version-history":[{"count":0,"href":"https:\/\/biblian.is\/1981\/wp-json\/wp\/v2\/pages\/1450\/revisions"}],"wp:attachment":[{"href":"https:\/\/biblian.is\/1981\/wp-json\/wp\/v2\/media?parent=1450"}],"curies":[{"name":"wp","href":"https:\/\/api.w.org\/{rel}","templated":true}]}}