{"id":1448,"date":"2017-11-18T20:17:24","date_gmt":"2017-11-18T20:17:24","guid":{"rendered":"http:\/\/biblian.is\/1981\/thridja-mosebok-12-kafli\/"},"modified":"2021-06-06T11:11:05","modified_gmt":"2021-06-06T11:11:05","slug":"thridja-mosebok-12-kafli","status":"publish","type":"page","link":"https:\/\/biblian.is\/1981\/thridja-mosebok-12-kafli\/","title":{"rendered":"\u00deri\u00f0ja M\u00f3seb\u00f3k 12. kafli"},"content":{"rendered":"<p><a name=\"1\"><span class=\"versanumer\">1<\/span><\/a>Drottinn tala\u00f0i vi\u00f0 M\u00f3se og sag\u00f0i:<a name=\"2\"><span class=\"versanumer\">2<\/span><\/a>Tala \u00fe\u00fa til \u00cdsraelsmanna og seg: \u00deegar kona ver\u00f0ur l\u00e9ttari og elur sveinbarn, \u00fe\u00e1 skal h\u00fan vera \u00f3hrein sj\u00f6 daga. Skal h\u00fan vera \u00f3hrein, eins og \u00fe\u00e1 daga, sem h\u00fan er saurug af kl\u00e6\u00f0af\u00f6llum.<a name=\"3\"><span class=\"versanumer\">3<\/span><\/a>Og \u00e1 \u00e1ttunda degi skal umskera hold yfirh\u00fa\u00f0ar hans.<a name=\"4\"><span class=\"versanumer\">4<\/span><\/a>En konan skal halda s\u00e9r heima \u00ferj\u00e1t\u00edu og \u00ferj\u00e1 daga, me\u00f0an \u00e1 bl\u00f3\u00f0hreinsuninni stendur. H\u00fan skal ekkert heilagt snerta og eigi inn \u00ed helgid\u00f3minn koma, uns hreinsunardagar hennar eru \u00fati.<a name=\"5\"><span class=\"versanumer\">5<\/span><\/a>En ef h\u00fan elur meybarn, \u00fe\u00e1 skal h\u00fan vera \u00f3hrein h\u00e1lfan m\u00e1nu\u00f0, sem \u00fe\u00e1 er h\u00fan er saurug af kl\u00e6\u00f0af\u00f6llum, og h\u00fan skal halda s\u00e9r heima sext\u00edu og sex daga, me\u00f0an \u00e1 bl\u00f3\u00f0hreinsuninni stendur.<a name=\"6\"><span class=\"versanumer\">6<\/span><\/a>En \u00feegar hreinsunardagar hennar eru \u00fati, hvort heldur er fyrir son e\u00f0a d\u00f3ttur, \u00fe\u00e1 skal h\u00fan f\u00e6ra prestinum a\u00f0 dyrum samfundatjaldsins sau\u00f0kind veturgamla \u00ed brennif\u00f3rn og unga d\u00fafu e\u00f0a turtild\u00fafu \u00ed syndaf\u00f3rn.<a name=\"7\"><span class=\"versanumer\">7<\/span><\/a>Skal hann fram bera \u00fea\u00f0 fyrir Drottin og fri\u00f0\u00fe\u00e6gja fyrir hana, og er h\u00fan \u00fe\u00e1 hrein af bl\u00f3\u00f0l\u00e1tum s\u00ednum. \u00deessi eru \u00e1kv\u00e6\u00f0in um s\u00e6ngurkonuna, hvort heldur barni\u00f0 er sveinbarn e\u00f0a meybarn.<a name=\"8\"><span class=\"versanumer\">8<\/span><\/a>En ef h\u00fan \u00e1 ekki fyrir sau\u00f0kind, \u00fe\u00e1 f\u00e6ri h\u00fan tv\u00e6r turtild\u00fafur e\u00f0a tv\u00e6r ungar d\u00fafur, a\u00f0ra \u00ed brennif\u00f3rn, en hina \u00ed syndaf\u00f3rn, og skal presturinn fri\u00f0\u00fe\u00e6gja fyrir hana, og er h\u00fan \u00fe\u00e1 hrein.<\/p>\n<div class=\"footnote1981\"><b>12.2<\/b> T\u00ed\u00f0ir 3M\u00f3s 15.19<br \/>\n<b>12.3<\/b> Umskurn 1M\u00f3s 17.12; L\u00fak 1.59; 2.21; Fil 3.5<br \/>\n<b>12.4<\/b> Hreinsunardagur L\u00fak 2.22<br \/>\n<b>12.8<\/b> Turtild\u00fafur L\u00fak 2.24; sbr 3M\u00f3s 5.7+<\/div>\n","protected":false},"excerpt":{"rendered":"<p>1Drottinn tala\u00f0i vi\u00f0 M\u00f3se og sag\u00f0i:2Tala \u00fe\u00fa til \u00cdsraelsmanna og seg: \u00deegar kona ver\u00f0ur l\u00e9ttari og elur sveinbarn, \u00fe\u00e1 skal h\u00fan vera \u00f3hrein sj\u00f6 daga. Skal h\u00fan vera \u00f3hrein, eins og \u00fe\u00e1 daga, sem h\u00fan er saurug af kl\u00e6\u00f0af\u00f6llum.3Og \u00e1 \u00e1ttunda degi skal umskera hold yfirh\u00fa\u00f0ar hans.4En konan skal halda s\u00e9r heima \u00ferj\u00e1t\u00edu og \u00ferj\u00e1 daga, me\u00f0an \u00e1 bl\u00f3\u00f0hreinsuninni stendur. H\u00fan skal ekkert heilagt snerta og eigi inn \u00ed helgid\u00f3minn koma, uns hreinsunardagar hennar eru \u00fati.5En ef h\u00fan elur meybarn, \u00fe\u00e1 skal h\u00fan vera \u00f3hrein h\u00e1lfan m\u00e1nu\u00f0, sem \u00fe\u00e1 er h\u00fan er saurug af kl\u00e6\u00f0af\u00f6llum, og h\u00fan skal halda s\u00e9r <a href=\"https:\/\/biblian.is\/1981\/thridja-mosebok-12-kafli\/\"> [&#8230;]<\/a><\/p>\n","protected":false},"author":1,"featured_media":0,"parent":0,"menu_order":0,"comment_status":"open","ping_status":"open","template":"bibliukaflar.php","meta":{"footnotes":""},"class_list":["post-1448","page","type-page","status-publish","hentry"],"_links":{"self":[{"href":"https:\/\/biblian.is\/1981\/wp-json\/wp\/v2\/pages\/1448","targetHints":{"allow":["GET"]}}],"collection":[{"href":"https:\/\/biblian.is\/1981\/wp-json\/wp\/v2\/pages"}],"about":[{"href":"https:\/\/biblian.is\/1981\/wp-json\/wp\/v2\/types\/page"}],"author":[{"embeddable":true,"href":"https:\/\/biblian.is\/1981\/wp-json\/wp\/v2\/users\/1"}],"replies":[{"embeddable":true,"href":"https:\/\/biblian.is\/1981\/wp-json\/wp\/v2\/comments?post=1448"}],"version-history":[{"count":0,"href":"https:\/\/biblian.is\/1981\/wp-json\/wp\/v2\/pages\/1448\/revisions"}],"wp:attachment":[{"href":"https:\/\/biblian.is\/1981\/wp-json\/wp\/v2\/media?parent=1448"}],"curies":[{"name":"wp","href":"https:\/\/api.w.org\/{rel}","templated":true}]}}