{"id":1445,"date":"2017-11-18T20:17:20","date_gmt":"2017-11-18T20:17:20","guid":{"rendered":"http:\/\/biblian.is\/1981\/thridja-mosebok-9-kafli\/"},"modified":"2021-06-06T11:11:27","modified_gmt":"2021-06-06T11:11:27","slug":"thridja-mosebok-9-kafli","status":"publish","type":"page","link":"https:\/\/biblian.is\/1981\/thridja-mosebok-9-kafli\/","title":{"rendered":"\u00deri\u00f0ja M\u00f3seb\u00f3k 9. kafli"},"content":{"rendered":"<p><a name=\"1\"><span class=\"versanumer\">1<\/span><\/a>\u00c1 \u00e1ttunda degi kalla\u00f0i M\u00f3se fyrir sig Aron og sonu hans og \u00f6ldunga \u00cdsraels<a name=\"2\"><span class=\"versanumer\">2<\/span><\/a>og sag\u00f0i vi\u00f0 Aron: Tak \u00fe\u00e9r nautk\u00e1lf \u00ed syndaf\u00f3rn og hr\u00fat \u00ed brennif\u00f3rn, gallalausa, og lei\u00f0 \u00fe\u00e1 fram fyrir Drottin.<a name=\"3\"><span class=\"versanumer\">3<\/span><\/a>En til \u00cdsraelsmanna skalt \u00fe\u00fa tala \u00e1 \u00feessa lei\u00f0: Taki\u00f0 geithafur \u00ed syndaf\u00f3rn, og k\u00e1lf og sau\u00f0kind, b\u00e6\u00f0i veturg\u00f6mul og gallalaus, \u00ed brennif\u00f3rn,<a name=\"4\"><span class=\"versanumer\">4<\/span><\/a>og uxa og hr\u00fat \u00ed heillaf\u00f3rn, til \u00feess a\u00f0 sl\u00e1tra \u00feeim frammi fyrir Drottni, og matf\u00f3rn ol\u00edublanda\u00f0a, \u00fev\u00ed a\u00f0 \u00ed dag mun Drottinn birtast y\u00f0ur.<a name=\"5\"><span class=\"versanumer\">5<\/span><\/a>Og \u00feeir f\u00e6r\u00f0u \u00fea\u00f0, sem M\u00f3se haf\u00f0i bo\u00f0i\u00f0, fram fyrir samfundatjaldi\u00f0, og allur s\u00f6fnu\u00f0urinn kom og nam sta\u00f0ar frammi fyrir Drottni.<a name=\"6\"><span class=\"versanumer\">6<\/span><\/a>M\u00f3se sag\u00f0i: \u00deetta er \u00fea\u00f0, sem Drottinn hefir bo\u00f0i\u00f0. Gj\u00f6ri\u00f0 \u00fea\u00f0, og mun d\u00fdr\u00f0 Drottins birtast y\u00f0ur.<a name=\"7\"><span class=\"versanumer\">7<\/span><\/a>\u00dev\u00ed n\u00e6st m\u00e6lti M\u00f3se til Arons: Gakk \u00fe\u00fa a\u00f0 altarinu og f\u00f3rna syndaf\u00f3rn \u00feinni og brennif\u00f3rn \u00feinni, og fri\u00f0\u00fe\u00e6g \u00fe\u00fa fyrir \u00feig og fyrir l\u00fd\u00f0inn. Fram ber \u00fev\u00ed n\u00e6st f\u00f3rnargj\u00f6f l\u00fd\u00f0sins og fri\u00f0\u00fe\u00e6g fyrir \u00fe\u00e1, svo sem Drottinn hefir bo\u00f0i\u00f0.<a name=\"8\"><span class=\"versanumer\">8<\/span><\/a>Aron gekk \u00fe\u00e1 a\u00f0 altarinu og sl\u00e1tra\u00f0i k\u00e1lfinum, er honum var \u00e6tla\u00f0ur til syndaf\u00f3rnar.<a name=\"9\"><span class=\"versanumer\">9<\/span><\/a>En synir Arons f\u00e6r\u00f0u honum bl\u00f3\u00f0i\u00f0, og hann drap fingri s\u00ednum \u00ed bl\u00f3\u00f0i\u00f0 og rei\u00f0 \u00fev\u00ed \u00e1 horn altarisins, en hinu bl\u00f3\u00f0inu hellti hann ni\u00f0ur vi\u00f0 altari\u00f0.<a name=\"10\"><span class=\"versanumer\">10<\/span><\/a>En m\u00f6rinn, n\u00fdrun og st\u00e6rra lifrarbla\u00f0i\u00f0 \u00far syndaf\u00f3rninni brenndi hann \u00e1 altarinu, svo sem Drottinn haf\u00f0i bo\u00f0i\u00f0 M\u00f3se.<a name=\"11\"><span class=\"versanumer\">11<\/span><\/a>En kj\u00f6ti\u00f0 og h\u00fa\u00f0ina brenndi hann \u00ed eldi fyrir utan herb\u00fa\u00f0irnar.<a name=\"12\"><span class=\"versanumer\">12<\/span><\/a>S\u00ed\u00f0an sl\u00e1tra\u00f0i hann brennif\u00f3rninni, og synir Arons r\u00e9ttu a\u00f0 honum bl\u00f3\u00f0i\u00f0, en hann st\u00f6kkti \u00fev\u00ed allt um kring \u00e1 altari\u00f0.<a name=\"13\"><span class=\"versanumer\">13<\/span><\/a>\u00deeir r\u00e9ttu og a\u00f0 honum brennif\u00f3rnina \u00ed stykkjum og h\u00f6fu\u00f0i\u00f0, og hann brenndi hana \u00e1 altarinu.<a name=\"14\"><span class=\"versanumer\">14<\/span><\/a>Og hann \u00fevo\u00f0i inn\u00fdflin og f\u00e6turna og brenndi \u00e1 altarinu, ofan \u00e1 brennif\u00f3rninni.<a name=\"15\"><span class=\"versanumer\">15<\/span><\/a>\u00de\u00e1 bar hann fram f\u00f3rnargj\u00f6f l\u00fd\u00f0sins, t\u00f3k hafurinn, sem \u00e6tla\u00f0ur var l\u00fd\u00f0num til syndaf\u00f3rnar, sl\u00e1tra\u00f0i honum og f\u00e6r\u00f0i hann \u00ed syndaf\u00f3rn, eins og k\u00e1lfinn \u00e1\u00f0ur.<a name=\"16\"><span class=\"versanumer\">16<\/span><\/a>Hann fram bar og brennif\u00f3rnina og f\u00f3rna\u00f0i henni a\u00f0 r\u00e9ttum si\u00f0.<a name=\"17\"><span class=\"versanumer\">17<\/span><\/a>Og hann fram bar matf\u00f3rnina, t\u00f3k af henni hnefafylli s\u00edna og brenndi \u00e1 altarinu auk morgun-brennif\u00f3rnarinnar.<a name=\"18\"><span class=\"versanumer\">18<\/span><\/a>\u00dev\u00ed n\u00e6st sl\u00e1tra\u00f0i hann uxanum og hr\u00fatnum til heillaf\u00f3rnar fyrir l\u00fd\u00f0inn. En synir Arons r\u00e9ttu a\u00f0 honum bl\u00f3\u00f0i\u00f0, en hann st\u00f6kkti \u00fev\u00ed allt \u00ed kring \u00e1 altari\u00f0,<a name=\"19\"><span class=\"versanumer\">19<\/span><\/a>svo og m\u00f6rstykkin \u00far uxanum og af hr\u00fatnum r\u00f3funa, netjuna, sem hylur i\u00f0rin, n\u00fdrun og st\u00e6rra lifrarbla\u00f0i\u00f0.<a name=\"20\"><span class=\"versanumer\">20<\/span><\/a>Og \u00feeir l\u00f6g\u00f0u m\u00f6rinn ofan \u00e1 bringurnar, en hann brenndi m\u00f6rinn \u00e1 altarinu.<a name=\"21\"><span class=\"versanumer\">21<\/span><\/a>En bringunum og h\u00e6gra l\u00e6rinu veifa\u00f0i Aron til veifif\u00f3rnar frammi fyrir Drottni, svo sem M\u00f3se haf\u00f0i bo\u00f0i\u00f0.<a name=\"22\"><span class=\"versanumer\">22<\/span><\/a>S\u00ed\u00f0an h\u00f3f Aron upp hendur s\u00ednar yfir f\u00f3lki\u00f0 og blessa\u00f0i \u00fea\u00f0. Og hann st\u00e9 ni\u00f0ur, er hann haf\u00f0i f\u00f3rna\u00f0 syndaf\u00f3rninni, brennif\u00f3rninni og heillaf\u00f3rninni.<a name=\"23\"><span class=\"versanumer\">23<\/span><\/a>M\u00f3se og Aron gengu inn \u00ed samfundatjaldi\u00f0, og er \u00feeir komu \u00fat aftur, blessu\u00f0u \u00feeir f\u00f3lki\u00f0. Birtist \u00fe\u00e1 d\u00fdr\u00f0 Drottins \u00f6llum l\u00fd\u00f0num.<a name=\"24\"><span class=\"versanumer\">24<\/span><\/a>Eldur gekk \u00fat fr\u00e1 Drottni og eyddi brennif\u00f3rninni og m\u00f6rnum \u00e1 altarinu. En er allur l\u00fd\u00f0urinn s\u00e1 \u00feetta, h\u00f3fu \u00feeir upp fagna\u00f0ar\u00f3p og f\u00e9llu fram \u00e1 \u00e1sj\u00f3nur s\u00ednar.<\/p>\n<div class=\"footnote1981\"><b>9.6<\/b> D\u00fdr\u00f0 Drottins 2M\u00f3s 33.18-23; 40.34-35; Jes 40.5; Esk 9.3; Slm 19.2<br \/>\n<b>9.7<\/b> F\u00e6r\u00f0u f\u00f3rn \u00fe\u00edna Heb 7.27<br \/>\n<b>9.22<\/b> Blessa 2Sam 6.18; 1Kon 8.54-55; Slm 134.3; S\u00edr 50.23-24<br \/>\n<b>9.23<\/b> D\u00fdr\u00f0 Drottins 3M\u00f3s 9.6+ ; 1Kon 8.10-11; 2Kro 7.1-3<br \/>\n<b>9.24<\/b> Eldtungur \u00fat fr\u00e1 1M\u00f3s 15.17; D\u00f3m 6.21; 1Kon 18.38; 2Makk 2.10; sbr 3M\u00f3s 10.2+<\/div>\n","protected":false},"excerpt":{"rendered":"<p>1\u00c1 \u00e1ttunda degi kalla\u00f0i M\u00f3se fyrir sig Aron og sonu hans og \u00f6ldunga \u00cdsraels2og sag\u00f0i vi\u00f0 Aron: Tak \u00fe\u00e9r nautk\u00e1lf \u00ed syndaf\u00f3rn og hr\u00fat \u00ed brennif\u00f3rn, gallalausa, og lei\u00f0 \u00fe\u00e1 fram fyrir Drottin.3En til \u00cdsraelsmanna skalt \u00fe\u00fa tala \u00e1 \u00feessa lei\u00f0: Taki\u00f0 geithafur \u00ed syndaf\u00f3rn, og k\u00e1lf og sau\u00f0kind, b\u00e6\u00f0i veturg\u00f6mul og gallalaus, \u00ed brennif\u00f3rn,4og uxa og hr\u00fat \u00ed heillaf\u00f3rn, til \u00feess a\u00f0 sl\u00e1tra \u00feeim frammi fyrir Drottni, og matf\u00f3rn ol\u00edublanda\u00f0a, \u00fev\u00ed a\u00f0 \u00ed dag mun Drottinn birtast y\u00f0ur.5Og \u00feeir f\u00e6r\u00f0u \u00fea\u00f0, sem M\u00f3se haf\u00f0i bo\u00f0i\u00f0, fram fyrir samfundatjaldi\u00f0, og allur s\u00f6fnu\u00f0urinn kom og nam sta\u00f0ar frammi fyrir Drottni.6M\u00f3se sag\u00f0i: <a href=\"https:\/\/biblian.is\/1981\/thridja-mosebok-9-kafli\/\"> [&#8230;]<\/a><\/p>\n","protected":false},"author":1,"featured_media":0,"parent":0,"menu_order":0,"comment_status":"open","ping_status":"open","template":"bibliukaflar.php","meta":{"footnotes":""},"class_list":["post-1445","page","type-page","status-publish","hentry"],"_links":{"self":[{"href":"https:\/\/biblian.is\/1981\/wp-json\/wp\/v2\/pages\/1445","targetHints":{"allow":["GET"]}}],"collection":[{"href":"https:\/\/biblian.is\/1981\/wp-json\/wp\/v2\/pages"}],"about":[{"href":"https:\/\/biblian.is\/1981\/wp-json\/wp\/v2\/types\/page"}],"author":[{"embeddable":true,"href":"https:\/\/biblian.is\/1981\/wp-json\/wp\/v2\/users\/1"}],"replies":[{"embeddable":true,"href":"https:\/\/biblian.is\/1981\/wp-json\/wp\/v2\/comments?post=1445"}],"version-history":[{"count":0,"href":"https:\/\/biblian.is\/1981\/wp-json\/wp\/v2\/pages\/1445\/revisions"}],"wp:attachment":[{"href":"https:\/\/biblian.is\/1981\/wp-json\/wp\/v2\/media?parent=1445"}],"curies":[{"name":"wp","href":"https:\/\/api.w.org\/{rel}","templated":true}]}}