{"id":1444,"date":"2017-11-18T20:17:20","date_gmt":"2017-11-18T20:17:20","guid":{"rendered":"http:\/\/biblian.is\/1981\/thridja-mosebok-8-kafli\/"},"modified":"2021-06-06T11:11:26","modified_gmt":"2021-06-06T11:11:26","slug":"thridja-mosebok-8-kafli","status":"publish","type":"page","link":"https:\/\/biblian.is\/1981\/thridja-mosebok-8-kafli\/","title":{"rendered":"\u00deri\u00f0ja M\u00f3seb\u00f3k 8. kafli"},"content":{"rendered":"<p><a name=\"1\"><span class=\"versanumer\">1<\/span><\/a>Drottinn tala\u00f0i vi\u00f0 M\u00f3se og sag\u00f0i:<a name=\"2\"><span class=\"versanumer\">2<\/span><\/a>Tak Aron og sonu hans me\u00f0 honum, kl\u00e6\u00f0in og smurningarol\u00eduna, syndaf\u00f3rnaruxann, b\u00e1\u00f0a hr\u00fatana og k\u00f6rfuna me\u00f0 \u00f3s\u00fdr\u00f0u brau\u00f0unum<a name=\"3\"><span class=\"versanumer\">3<\/span><\/a>og stefn \u00fe\u00fa saman \u00f6llum s\u00f6fnu\u00f0inum vi\u00f0 dyr samfundatjaldsins.<a name=\"4\"><span class=\"versanumer\">4<\/span><\/a>Og M\u00f3se gj\u00f6r\u00f0i eins og Drottinn bau\u00f0 honum, og s\u00f6fnu\u00f0urinn kom saman vi\u00f0 dyr samfundatjaldsins.<a name=\"5\"><span class=\"versanumer\">5<\/span><\/a>M\u00f3se sag\u00f0i vi\u00f0 s\u00f6fnu\u00f0inn: \u00deetta er \u00fea\u00f0 sem Drottinn hefir bo\u00f0i\u00f0 a\u00f0 gj\u00f6ra.<a name=\"6\"><span class=\"versanumer\">6<\/span><\/a>\u00dev\u00ed n\u00e6st leiddi M\u00f3se fram Aron og sonu hans og \u00fevo\u00f0i \u00fe\u00e1 \u00ed vatni.<a name=\"7\"><span class=\"versanumer\">7<\/span><\/a>Og hann lag\u00f0i yfir hann kyrtilinn, gyrti hann beltinu og f\u00e6r\u00f0i hann \u00ed m\u00f6ttulinn, lag\u00f0i yfir hann h\u00f6kulinn og gyrti hann h\u00f6kullindanum og batt hann \u00feannig a\u00f0 honum.<a name=\"8\"><span class=\"versanumer\">8<\/span><\/a>\u00de\u00e1 festi hann \u00e1 hann brj\u00f3stskj\u00f6ldinn og l\u00e9t \u00far\u00edm og t\u00famm\u00edm \u00ed brj\u00f3stskj\u00f6ldinn.<a name=\"9\"><span class=\"versanumer\">9<\/span><\/a>Og hann setti vefjarh\u00f6ttinn \u00e1 h\u00f6fu\u00f0 honum, og framan \u00e1 vefjarh\u00f6ttinn setti hann gullsp\u00f6ngina, ennishla\u00f0i\u00f0 helga, svo sem Drottinn haf\u00f0i bo\u00f0i\u00f0 M\u00f3se.<a name=\"10\"><span class=\"versanumer\">10<\/span><\/a>M\u00f3se t\u00f3k smurningarol\u00eduna og smur\u00f0i tjaldb\u00fa\u00f0ina og allt, sem \u00ed henni var, og helga\u00f0i \u00fea\u00f0.<a name=\"11\"><span class=\"versanumer\">11<\/span><\/a>Og hann st\u00f6kkti henni sj\u00f6 sinnum \u00e1 altari\u00f0 og smur\u00f0i altari\u00f0 og \u00f6ll \u00e1h\u00f6ld \u00feess, svo og keri\u00f0 og st\u00e9tt \u00feess, til a\u00f0 helga \u00fea\u00f0.<a name=\"12\"><span class=\"versanumer\">12<\/span><\/a>\u00dev\u00ed n\u00e6st hellti hann smurningarol\u00edu \u00e1 h\u00f6fu\u00f0 Aroni og smur\u00f0i hann til \u00feess a\u00f0 helga hann.<a name=\"13\"><span class=\"versanumer\">13<\/span><\/a>S\u00ed\u00f0an leiddi M\u00f3se fram sonu Arons, f\u00e6r\u00f0i \u00fe\u00e1 \u00ed kyrtla, gyrti \u00fe\u00e1 belti og batt \u00e1 \u00fe\u00e1 h\u00f6fu\u00f0d\u00faka, svo sem Drottinn haf\u00f0i bo\u00f0i\u00f0 M\u00f3se.<a name=\"14\"><span class=\"versanumer\">14<\/span><\/a>\u00de\u00e1 leiddi hann fram syndaf\u00f3rnaruxann, og Aron og synir hans l\u00f6g\u00f0u hendur s\u00ednar \u00e1 h\u00f6fu\u00f0 syndaf\u00f3rnaruxans.<a name=\"15\"><span class=\"versanumer\">15<\/span><\/a>En M\u00f3se sl\u00e1tra\u00f0i honum, t\u00f3k bl\u00f3\u00f0i\u00f0 og rei\u00f0 \u00fev\u00ed me\u00f0 fingri s\u00ednum \u00e1 horn altarisins allt \u00ed kring og syndhreinsa\u00f0i altari\u00f0, en \u00fev\u00ed, sem eftir var af bl\u00f3\u00f0inu, hellti hann ni\u00f0ur vi\u00f0 altari\u00f0, og hann helga\u00f0i \u00fea\u00f0 me\u00f0 \u00fev\u00ed a\u00f0 fri\u00f0\u00fe\u00e6gja fyrir \u00fea\u00f0.<a name=\"16\"><span class=\"versanumer\">16<\/span><\/a>\u00dev\u00ed n\u00e6st t\u00f3k hann allan inn\u00fdflam\u00f6rinn, st\u00e6rra lifrarbla\u00f0i\u00f0, b\u00e6\u00f0i n\u00fdrun og n\u00fdrnam\u00f6rinn, og M\u00f3se brenndi \u00fea\u00f0 \u00e1 altarinu.<a name=\"17\"><span class=\"versanumer\">17<\/span><\/a>En uxann sj\u00e1lfan, b\u00e6\u00f0i h\u00fa\u00f0ina af honum, kj\u00f6ti\u00f0 og gori\u00f0, brenndi hann \u00ed eldi fyrir utan herb\u00fa\u00f0irnar, svo sem Drottinn haf\u00f0i bo\u00f0i\u00f0 M\u00f3se.<a name=\"18\"><span class=\"versanumer\">18<\/span><\/a>\u00dev\u00ed n\u00e6st leiddi hann fram brennif\u00f3rnarhr\u00fatinn, og Aron og synir hans l\u00f6g\u00f0u hendur s\u00ednar \u00e1 h\u00f6fu\u00f0 hr\u00fatsins.<a name=\"19\"><span class=\"versanumer\">19<\/span><\/a>S\u00ed\u00f0an sl\u00e1tra\u00f0i M\u00f3se honum og st\u00f6kkti bl\u00f3\u00f0inu allt um kring \u00e1 altari\u00f0.<a name=\"20\"><span class=\"versanumer\">20<\/span><\/a>Og hann hluta\u00f0i hr\u00fatinn sundur, og M\u00f3se brenndi h\u00f6fu\u00f0i\u00f0, stykkin og m\u00f6rinn.<a name=\"21\"><span class=\"versanumer\">21<\/span><\/a>En inn\u00fdflin og f\u00e6turna \u00fevo\u00f0i hann \u00ed vatni. S\u00ed\u00f0an brenndi M\u00f3se allan hr\u00fatinn \u00e1 altarinu. \u00dea\u00f0 var brennif\u00f3rn \u00fe\u00e6gilegs ilms, \u00fea\u00f0 var eldf\u00f3rn Drottni til handa, svo sem Drottinn haf\u00f0i bo\u00f0i\u00f0 M\u00f3se.<a name=\"22\"><span class=\"versanumer\">22<\/span><\/a>\u00deessu n\u00e6st leiddi hann fram hinn hr\u00fatinn, v\u00edgsluhr\u00fatinn, og Aron og synir hans l\u00f6g\u00f0u hendur s\u00ednar \u00e1 h\u00f6fu\u00f0 hr\u00fatsins.<a name=\"23\"><span class=\"versanumer\">23<\/span><\/a>Og M\u00f3se sl\u00e1tra\u00f0i honum og t\u00f3k nokku\u00f0 af bl\u00f3\u00f0i hans og rei\u00f0 \u00fev\u00ed \u00e1 h\u00e6gri eyrnasnepil Arons, \u00e1 \u00feumalfingur h\u00e6gri handar hans og \u00e1 st\u00f3rut\u00e1 h\u00e6gri f\u00f3tar hans.<a name=\"24\"><span class=\"versanumer\">24<\/span><\/a>\u00de\u00e1 leiddi M\u00f3se fram sonu Arons og rei\u00f0 nokkru af bl\u00f3\u00f0inu \u00e1 h\u00e6gri eyrnasnepil \u00feeirra og \u00e1 \u00feumalfingur h\u00e6gri handar \u00feeirra og \u00e1 st\u00f3rut\u00e1 h\u00e6gri f\u00f3tar \u00feeirra. Og M\u00f3se st\u00f6kkti bl\u00f3\u00f0inu allt um kring \u00e1 altari\u00f0.<a name=\"25\"><span class=\"versanumer\">25<\/span><\/a>Og hann t\u00f3k m\u00f6rinn: r\u00f3funa, allan inn\u00fdflam\u00f6rinn, st\u00e6rra lifrarbla\u00f0i\u00f0, b\u00e6\u00f0i n\u00fdrun og n\u00fdrnam\u00f6rinn og h\u00e6gra l\u00e6ri\u00f0.<a name=\"26\"><span class=\"versanumer\">26<\/span><\/a>S\u00f6mulei\u00f0is t\u00f3k hann \u00far k\u00f6rfunni me\u00f0 \u00f3s\u00fdr\u00f0u brau\u00f0unum, sem st\u00f3\u00f0 frammi fyrir Drottni, eina \u00f3s\u00fdr\u00f0a k\u00f6ku og eina ol\u00eduk\u00f6ku og eitt flatbrau\u00f0 og lag\u00f0i \u00fea\u00f0 ofan \u00e1 m\u00f6rinn og h\u00e6gra l\u00e6ri\u00f0.<a name=\"27\"><span class=\"versanumer\">27<\/span><\/a>Og hann lag\u00f0i \u00fea\u00f0 allt \u00ed hendur Aroni og \u00ed hendur sonum hans og veifa\u00f0i \u00fev\u00ed til veifif\u00f3rnar frammi fyrir Drottni.<a name=\"28\"><span class=\"versanumer\">28<\/span><\/a>S\u00ed\u00f0an t\u00f3k M\u00f3se \u00fea\u00f0 af h\u00f6ndum \u00feeirra og brenndi \u00fea\u00f0 \u00e1 altarinu ofan \u00e1 brennif\u00f3rninni. \u00dea\u00f0 var v\u00edgsluf\u00f3rn til \u00fe\u00e6gilegs ilms, \u00fea\u00f0 var eldf\u00f3rn Drottni til handa.<a name=\"29\"><span class=\"versanumer\">29<\/span><\/a>\u00dev\u00ed n\u00e6st t\u00f3k M\u00f3se bringuna og veifa\u00f0i henni til veifif\u00f3rnar frammi fyrir Drottni. F\u00e9kk M\u00f3se hana \u00ed sinn hluta af v\u00edgsluhr\u00fatnum, svo sem Drottinn haf\u00f0i bo\u00f0i\u00f0 M\u00f3se.<a name=\"30\"><span class=\"versanumer\">30<\/span><\/a>Og M\u00f3se t\u00f3k nokku\u00f0 af smurningarol\u00edunni og nokku\u00f0 af bl\u00f3\u00f0inu, sem var \u00e1 altarinu, og st\u00f6kkti \u00fev\u00ed \u00e1 Aron og kl\u00e6\u00f0i hans, og \u00e1 sonu hans og \u00e1 kl\u00e6\u00f0i sona hans \u00e1samt honum. Og hann helga\u00f0i Aron og kl\u00e6\u00f0i hans, og sonu hans og kl\u00e6\u00f0i sona hans \u00e1samt honum.<a name=\"31\"><span class=\"versanumer\">31<\/span><\/a>Og M\u00f3se sag\u00f0i vi\u00f0 Aron og sonu hans: Sj\u00f3\u00f0i\u00f0 kj\u00f6ti\u00f0 fyrir dyrum samfundatjaldsins og eti\u00f0 \u00fea\u00f0 \u00fear \u00e1samt brau\u00f0inu, sem er \u00ed v\u00edgsluf\u00f3rnark\u00f6rfunni, svo sem \u00e9g bau\u00f0, er \u00e9g sag\u00f0i: Aron og synir hans skulu eta \u00fea\u00f0.<a name=\"32\"><span class=\"versanumer\">32<\/span><\/a>En leifarnar af kj\u00f6tinu og brau\u00f0inu skulu\u00f0 \u00fe\u00e9r brenna \u00ed eldi.<a name=\"33\"><span class=\"versanumer\">33<\/span><\/a>Og sj\u00f6 daga skulu\u00f0 \u00fe\u00e9r ekki ganga burt fr\u00e1 dyrum samfundatjaldsins, uns v\u00edgsludagar y\u00f0ar eru \u00e1 enda, \u00fev\u00ed a\u00f0 sj\u00f6 daga skal fylla hendur y\u00f0ar.<a name=\"34\"><span class=\"versanumer\">34<\/span><\/a>Svo sem gj\u00f6rt hefir veri\u00f0 \u00ed dag hefir Drottinn bo\u00f0i\u00f0 a\u00f0 gj\u00f6ra til \u00feess a\u00f0 fri\u00f0\u00fe\u00e6gja fyrir y\u00f0ur.<a name=\"35\"><span class=\"versanumer\">35<\/span><\/a>Og vi\u00f0 dyr samfundatjaldsins skulu\u00f0 \u00fe\u00e9r vera sj\u00f6 daga, b\u00e6\u00f0i dag og n\u00f3tt, og var\u00f0veita bo\u00f0or\u00f0 Drottins, svo a\u00f0 \u00fe\u00e9r deyi\u00f0 ekki, \u00fev\u00ed a\u00f0 svo hefir m\u00e9r veri\u00f0 bo\u00f0i\u00f0.<a name=\"36\"><span class=\"versanumer\">36<\/span><\/a>Og Aron og synir hans gj\u00f6r\u00f0u allt \u00fea\u00f0, sem Drottinn haf\u00f0i bo\u00f0i\u00f0 og M\u00f3se flutt \u00feeim.<\/p>\n<div class=\"footnote1981\"><b>8.1<\/b> Prestv\u00edgsla 3M\u00f3s 6.12-16; 2M\u00f3s 29.1-37; 40.12-15<br \/>\n<b>8.2<\/b> Kl\u00e6\u00f0i presta 2M\u00f3s 28; 39.1-31 \u2013 smurningarol\u00eda 2M\u00f3s 30.22-33<br \/>\n<b>8.10<\/b> Smur\u00f0i b\u00fasta\u00f0inn 2M\u00f3s 40.9-11<br \/>\n<b>8.15<\/b> Hreinsa af synd 3M\u00f3s 14.49; Esk 43.20-22<br \/>\n<b>8.23<\/b> H\u00e6gri eyrnasnepill, h\u00e6gri h\u00f6nd og f\u00f3tur sbr 3M\u00f3s 14.14<br \/>\n<b>8.30<\/b> St\u00f6kkti bl\u00f3\u00f0inu 2M\u00f3s 24.8; Heb 9.18-22<br \/>\n<b>8.35<\/b> A\u00f0 \u00fei\u00f0 deyi\u00f0 ekki 2M\u00f3s 19.12; 20.18-19; Jes 6.5-7<\/div>\n","protected":false},"excerpt":{"rendered":"<p>1Drottinn tala\u00f0i vi\u00f0 M\u00f3se og sag\u00f0i:2Tak Aron og sonu hans me\u00f0 honum, kl\u00e6\u00f0in og smurningarol\u00eduna, syndaf\u00f3rnaruxann, b\u00e1\u00f0a hr\u00fatana og k\u00f6rfuna me\u00f0 \u00f3s\u00fdr\u00f0u brau\u00f0unum3og stefn \u00fe\u00fa saman \u00f6llum s\u00f6fnu\u00f0inum vi\u00f0 dyr samfundatjaldsins.4Og M\u00f3se gj\u00f6r\u00f0i eins og Drottinn bau\u00f0 honum, og s\u00f6fnu\u00f0urinn kom saman vi\u00f0 dyr samfundatjaldsins.5M\u00f3se sag\u00f0i vi\u00f0 s\u00f6fnu\u00f0inn: \u00deetta er \u00fea\u00f0 sem Drottinn hefir bo\u00f0i\u00f0 a\u00f0 gj\u00f6ra.6\u00dev\u00ed n\u00e6st leiddi M\u00f3se fram Aron og sonu hans og \u00fevo\u00f0i \u00fe\u00e1 \u00ed vatni.7Og hann lag\u00f0i yfir hann kyrtilinn, gyrti hann beltinu og f\u00e6r\u00f0i hann \u00ed m\u00f6ttulinn, lag\u00f0i yfir hann h\u00f6kulinn og gyrti hann h\u00f6kullindanum og batt hann \u00feannig a\u00f0 honum.8\u00de\u00e1 festi hann \u00e1 <a href=\"https:\/\/biblian.is\/1981\/thridja-mosebok-8-kafli\/\"> [&#8230;]<\/a><\/p>\n","protected":false},"author":1,"featured_media":0,"parent":0,"menu_order":0,"comment_status":"open","ping_status":"open","template":"bibliukaflar.php","meta":{"footnotes":""},"class_list":["post-1444","page","type-page","status-publish","hentry"],"_links":{"self":[{"href":"https:\/\/biblian.is\/1981\/wp-json\/wp\/v2\/pages\/1444","targetHints":{"allow":["GET"]}}],"collection":[{"href":"https:\/\/biblian.is\/1981\/wp-json\/wp\/v2\/pages"}],"about":[{"href":"https:\/\/biblian.is\/1981\/wp-json\/wp\/v2\/types\/page"}],"author":[{"embeddable":true,"href":"https:\/\/biblian.is\/1981\/wp-json\/wp\/v2\/users\/1"}],"replies":[{"embeddable":true,"href":"https:\/\/biblian.is\/1981\/wp-json\/wp\/v2\/comments?post=1444"}],"version-history":[{"count":0,"href":"https:\/\/biblian.is\/1981\/wp-json\/wp\/v2\/pages\/1444\/revisions"}],"wp:attachment":[{"href":"https:\/\/biblian.is\/1981\/wp-json\/wp\/v2\/media?parent=1444"}],"curies":[{"name":"wp","href":"https:\/\/api.w.org\/{rel}","templated":true}]}}