{"id":1443,"date":"2017-11-18T20:17:20","date_gmt":"2017-11-18T20:17:20","guid":{"rendered":"http:\/\/biblian.is\/1981\/thridja-mosebok-7-kafli\/"},"modified":"2021-06-06T11:11:25","modified_gmt":"2021-06-06T11:11:25","slug":"thridja-mosebok-7-kafli","status":"publish","type":"page","link":"https:\/\/biblian.is\/1981\/thridja-mosebok-7-kafli\/","title":{"rendered":"\u00deri\u00f0ja M\u00f3seb\u00f3k 7. kafli"},"content":{"rendered":"<p><a name=\"1\"><span class=\"versanumer\">1<\/span><\/a>\u00deessi eru \u00e1kv\u00e6\u00f0in um sektarf\u00f3rnina: H\u00fan er h\u00e1heil\u00f6g.<a name=\"2\"><span class=\"versanumer\">2<\/span><\/a>\u00dear sem brennif\u00f3rninni er sl\u00e1tra\u00f0, skal og sektarf\u00f3rninni sl\u00e1tra\u00f0, og skal st\u00f6kkva bl\u00f3\u00f0i hennar allt \u00ed kring utan \u00e1 altari\u00f0.<a name=\"3\"><span class=\"versanumer\">3<\/span><\/a>Og \u00f6llum m\u00f6rnum \u00far henni skal f\u00f3rna: r\u00f3funni, netjunni, sem hylur i\u00f0rin,<a name=\"4\"><span class=\"versanumer\">4<\/span><\/a>b\u00e1\u00f0um n\u00fdrunum, n\u00fdrnam\u00f6rnum, sem liggur innan \u00e1 m\u00f6lunum, og st\u00e6rra lifrarbla\u00f0inu. Vi\u00f0 n\u00fdrun skal taka \u00fea\u00f0 fr\u00e1.<a name=\"5\"><span class=\"versanumer\">5<\/span><\/a>Og presturinn skal brenna \u00feetta \u00e1 altarinu sem eldf\u00f3rn Drottni til handa. Er \u00fea\u00f0 sektarf\u00f3rn.<a name=\"6\"><span class=\"versanumer\">6<\/span><\/a>&#8222;Allt karlkyn me\u00f0al prestanna m\u00e1 eta hana; \u00e1 helgum sta\u00f0 skal h\u00fan etin; h\u00fan er h\u00e1heil\u00f6g.&#8220;<a name=\"7\"><span class=\"versanumer\">7<\/span><\/a>&#8222;Skal me\u00f0 sektarf\u00f3rn fari\u00f0 \u00e1 sama h\u00e1tt og syndaf\u00f3rn; eru s\u00f6mu \u00e1kv\u00e6\u00f0i um b\u00e1\u00f0ar: Presturinn, sem me\u00f0 \u00feeim fri\u00f0\u00fe\u00e6gir, skal f\u00e1 \u00fe\u00e6r.&#8220;<a name=\"8\"><span class=\"versanumer\">8<\/span><\/a>Presturinn, sem fram ber brennif\u00f3rn einhvers manns, skal f\u00e1 skinni\u00f0 af brennif\u00f3rninni, sem hann fram ber.<a name=\"9\"><span class=\"versanumer\">9<\/span><\/a>Og s\u00e9rhverja matf\u00f3rn, sem \u00ed ofni er b\u00f6ku\u00f0 e\u00f0a tilreidd \u00ed su\u00f0up\u00f6nnu e\u00f0a \u00e1 steikarp\u00f6nnu, f\u00e1i presturinn, sem fram ber hana.<a name=\"10\"><span class=\"versanumer\">10<\/span><\/a>En s\u00e9rhver matf\u00f3rn, ol\u00edubl\u00f6ndu\u00f0 e\u00f0a \u00feurr, skal tilheyra \u00f6llum sonum Arons, svo einum sem \u00f6\u00f0rum.<a name=\"11\"><span class=\"versanumer\">11<\/span><\/a>\u00deessi eru \u00e1kv\u00e6\u00f0in um heillaf\u00f3rnina, sem Drottni er f\u00e6r\u00f0:<a name=\"12\"><span class=\"versanumer\">12<\/span><\/a>Ef einhver fram ber hana til \u00feakkargj\u00f6r\u00f0ar, \u00fe\u00e1 skal hann auk \u00feakkarf\u00f3rnarinnar fram bera \u00f3s\u00fdr\u00f0ar k\u00f6kur ol\u00edublanda\u00f0ar og \u00f3s\u00fdr\u00f0 flatbrau\u00f0 ol\u00edusmur\u00f0 og ol\u00edublanda\u00f0ar k\u00f6kur, hr\u00e6r\u00f0ar \u00far f\u00ednu mj\u00f6li.<a name=\"13\"><span class=\"versanumer\">13<\/span><\/a>\u00c1samt k\u00f6kum \u00far s\u00fdr\u00f0u deigi skal hann fram bera \u00feessa f\u00f3rnarg\u00e1fu s\u00edna, auk heilla-\u00feakkarf\u00f3rnarinnar.<a name=\"14\"><span class=\"versanumer\">14<\/span><\/a>Og hann skal af henni fram bera eina k\u00f6ku af hverri tegund f\u00f3rnarg\u00e1funnar sem f\u00f3rnargj\u00f6f Drottni til handa. Skal presturinn, er st\u00f6kkvir bl\u00f3\u00f0i heillaf\u00f3rnarinnar, f\u00e1 hana.<a name=\"15\"><span class=\"versanumer\">15<\/span><\/a>En kj\u00f6ti\u00f0 af heilla-\u00feakkarf\u00f3rninni skal eti\u00f0 sama dag sem f\u00f3rnin er fram borin. Eigi skal geyma neitt af \u00fev\u00ed til morguns.<a name=\"16\"><span class=\"versanumer\">16<\/span><\/a>S\u00e9 sl\u00e1turf\u00f3rn hans heitf\u00f3rn e\u00f0a sj\u00e1lfviljug f\u00f3rn, \u00fe\u00e1 skal h\u00fan etin sama dag sem hann fram ber sl\u00e1turf\u00f3rn s\u00edna. \u00de\u00f3 m\u00e1 eta \u00fea\u00f0, sem af gengur, daginn eftir.<a name=\"17\"><span class=\"versanumer\">17<\/span><\/a>En \u00fea\u00f0, sem ver\u00f0ur eftir af kj\u00f6ti sl\u00e1turf\u00f3rnarinnar \u00e1 \u00feri\u00f0ja degi, skal brenna \u00ed eldi.<a name=\"18\"><span class=\"versanumer\">18<\/span><\/a>En s\u00e9 \u00e1 \u00feri\u00f0ja degi nokku\u00f0 eti\u00f0 af kj\u00f6ti heillaf\u00f3rnarinnar, \u00fe\u00e1 mun \u00fea\u00f0 eigi ver\u00f0a vel\u00fe\u00f3knanlegt, \u00fea\u00f0 skal eigi tilreiknast \u00feeim, er fram bar \u00fea\u00f0. \u00dea\u00f0 skal tali\u00f0 skemmt kj\u00f6t. \u00c1 hverjum \u00feeim, er etur af \u00fev\u00ed, skal misgj\u00f6r\u00f0 hv\u00edla.<a name=\"19\"><span class=\"versanumer\">19<\/span><\/a>Og \u00fea\u00f0 kj\u00f6t, sem komi\u00f0 hefir vi\u00f0 eitthva\u00f0 \u00f3hreint, skal eigi eta, heldur skal brenna \u00fea\u00f0 \u00ed eldi. Hva\u00f0 kj\u00f6ti\u00f0 a\u00f0 \u00f6\u00f0ru leyti snertir, \u00fe\u00e1 m\u00e1 hver, sem hreinn er, kj\u00f6t eta.<a name=\"20\"><span class=\"versanumer\">20<\/span><\/a>En hver s\u00e1, sem etur kj\u00f6t af heillaf\u00f3rn, sem Drottni er f\u00e6r\u00f0, \u00e1 me\u00f0an hann er \u00f3hreinn, hann skal uppr\u00e6ttur ver\u00f0a \u00far \u00fej\u00f3\u00f0 sinni.<a name=\"21\"><span class=\"versanumer\">21<\/span><\/a>Og hver sem snertir nokku\u00f0 \u00f3hreint, hvort heldur \u00fea\u00f0 er \u00f3hreinn ma\u00f0ur e\u00f0a \u00f3hrein skepna, e\u00f0a hva\u00f0a \u00f3hrein vi\u00f0urstygg\u00f0 sem er, og etur \u00fe\u00f3 af heillaf\u00f3rnarkj\u00f6ti, sem Drottni er f\u00e6rt, hann skal uppr\u00e6ttur ver\u00f0a \u00far \u00fej\u00f3\u00f0 sinni.<a name=\"22\"><span class=\"versanumer\">22<\/span><\/a>Drottinn tala\u00f0i vi\u00f0 M\u00f3se og sag\u00f0i:<a name=\"23\"><span class=\"versanumer\">23<\/span><\/a>Tala \u00fe\u00fa til \u00cdsraelsmanna og seg: Engan m\u00f6r \u00far nautum, sau\u00f0um e\u00f0a geitum megi\u00f0 \u00fe\u00e9r eta.<a name=\"24\"><span class=\"versanumer\">24<\/span><\/a>En m\u00f6r \u00far sj\u00e1lfdau\u00f0um skepnum e\u00f0a d\u00fdrrifnum m\u00e1 nota til hvers sem vera skal, en me\u00f0 engu m\u00f3ti megi\u00f0 \u00fe\u00e9r eta hann.<a name=\"25\"><span class=\"versanumer\">25<\/span><\/a>\u00dev\u00ed a\u00f0 hver s\u00e1, sem etur m\u00f6r \u00far \u00feeirri skepnu, sem Drottni er f\u00e6r\u00f0 eldf\u00f3rn af, s\u00e1 sem etur hann skal uppr\u00e6ttur ver\u00f0a \u00far \u00fej\u00f3\u00f0 sinni.<a name=\"26\"><span class=\"versanumer\">26<\/span><\/a>Eigi skulu\u00f0 \u00fe\u00e9r heldur nokkurs bl\u00f3\u00f0s neyta \u00ed neinum af b\u00fast\u00f6\u00f0um y\u00f0ar, hvorki \u00far fuglum n\u00e9 f\u00e9na\u00f0i.<a name=\"27\"><span class=\"versanumer\">27<\/span><\/a>Hver s\u00e1, er nokkurs bl\u00f3\u00f0s neytir, hann skal uppr\u00e6ttur ver\u00f0a \u00far \u00fej\u00f3\u00f0 sinni.<a name=\"28\"><span class=\"versanumer\">28<\/span><\/a>Drottinn tala\u00f0i vi\u00f0 M\u00f3se og sag\u00f0i:<a name=\"29\"><span class=\"versanumer\">29<\/span><\/a>Tala til \u00cdsraelsmanna og seg: S\u00e1 sem f\u00e6rir Drottni heillaf\u00f3rn skal sj\u00e1lfur fram bera f\u00f3rnargj\u00f6f s\u00edna fyrir Drottin af heillaf\u00f3rninni.<a name=\"30\"><span class=\"versanumer\">30<\/span><\/a>Me\u00f0 s\u00ednum eigin h\u00f6ndum skal hann fram bera eldf\u00f3rnir Drottins: M\u00f6rinn \u00e1samt bringunni skal hann fram bera, bringuna til \u00feess a\u00f0 veifa henni sem veifif\u00f3rn frammi fyrir Drottni,<a name=\"31\"><span class=\"versanumer\">31<\/span><\/a>og skal presturinn brenna m\u00f6rinn \u00e1 altarinu, en bringuna skal Aron og synir hans f\u00e1.<a name=\"32\"><span class=\"versanumer\">32<\/span><\/a>Og af heillaf\u00f3rnum y\u00f0ar skulu\u00f0 \u00fe\u00e9r gefa prestinum h\u00e6gra l\u00e6ri\u00f0 a\u00f0 f\u00f3rnargj\u00f6f.<a name=\"33\"><span class=\"versanumer\">33<\/span><\/a>S\u00e1 af sonum Arons, er fram ber bl\u00f3\u00f0i\u00f0 \u00far heillaf\u00f3rninni og m\u00f6rinn, skal f\u00e1 h\u00e6gra l\u00e6ri\u00f0 \u00ed sinn hluta.<a name=\"34\"><span class=\"versanumer\">34<\/span><\/a>\u00dev\u00ed a\u00f0 bringuna, sem veifa skal, og l\u00e6ri\u00f0, sem f\u00f3rna skal, hefi \u00e9g teki\u00f0 af \u00cdsraelsm\u00f6nnum, af heillaf\u00f3rnum \u00feeirra, og gefi\u00f0 \u00fea\u00f0 Aroni presti og sonum hans. Er \u00fea\u00f0 \u00e6vinleg skyldugrei\u00f0sla, sem \u00e1 \u00cdsraelsm\u00f6nnum hv\u00edlir.<a name=\"35\"><span class=\"versanumer\">35<\/span><\/a>\u00deetta er hluti Arons og hluti sona hans af eldf\u00f3rnum Drottins, \u00e1 \u00feeim degi, sem hann leiddi \u00fe\u00e1 fram til \u00feess a\u00f0 \u00fej\u00f3na Drottni \u00ed prestsemb\u00e6tti,<a name=\"36\"><span class=\"versanumer\">36<\/span><\/a>sem Drottinn bau\u00f0 a\u00f0 \u00cdsraelsmenn skyldu grei\u00f0a \u00feeim, \u00e1 \u00feeim degi, sem hann smur\u00f0i \u00fe\u00e1. Er \u00fea\u00f0 \u00e6vinleg skyldugrei\u00f0sla hj\u00e1 \u00feeim fr\u00e1 kyni til kyns.<a name=\"37\"><span class=\"versanumer\">37<\/span><\/a>\u00deetta eru \u00e1kv\u00e6\u00f0in um brennif\u00f3rnir, matf\u00f3rnir, syndaf\u00f3rnir, sektarf\u00f3rnir, v\u00edgsluf\u00f3rnir og heillaf\u00f3rnir,<a name=\"38\"><span class=\"versanumer\">38<\/span><\/a>sem Drottinn setti M\u00f3se \u00e1 S\u00edna\u00edfjalli, \u00fe\u00e1 er hann bau\u00f0 \u00cdsraelsm\u00f6nnum, a\u00f0 \u00feeir skyldu f\u00e6ra Drottni f\u00f3rnargjafir s\u00ednar \u00ed S\u00edna\u00ed-ey\u00f0im\u00f6rk.<\/p>\n<div class=\"footnote1981\"><b>7.1<\/b> Sektarf\u00f3rn 3M\u00f3s 5.15+<br \/>\n<b>7.11<\/b> Lokaf\u00f3rn 3M\u00f3s 3.1+<br \/>\n<b>7.12<\/b> \u00deakkarf\u00f3rn 3M\u00f3s 22.29; 2Kro 29.31; Jer 33.11; Slm 116.17<br \/>\n<b>7.15<\/b> Ekki geyma neitt 3M\u00f3s 22.30; sbr 19.5-8<br \/>\n<b>7.16<\/b> Heitf\u00f3rn e\u00f0a sj\u00e1lfviljaf\u00f3rn 3M\u00f3s 22.18-23; 4M\u00f3s 15.3 \u2013 heitf\u00f3rn Slm 22.26; 50.14 \u2013 sj\u00e1lfviljaf\u00f3rn 5M\u00f3s 16.10; Esk 46.12; Esr 3.5<br \/>\n<b>7.18<\/b> Vi\u00f0urstygg\u00f0 3M\u00f3s 19.7; Esk 4.14<br \/>\n<b>7.19<\/b> S\u00e9rhver hreinn 3M\u00f3s 22.3-7<br \/>\n<b>7.20<\/b> Uppr\u00e6ttur 3M\u00f3s 23.29-30; 1M\u00f3s 17.14; 2M\u00f3s 12.15-19; 4M\u00f3s 9.13<br \/>\n<b>7.21<\/b> \u00d3hreint 3M\u00f3s 11-15<br \/>\n<b>7.23<\/b> Ekki neyta m\u00f6rs 3M\u00f3s 3.16+<br \/>\n<b>7.26<\/b> Ekki neyta bl\u00f3\u00f0s 3M\u00f3s 17.11+ &#8211; hvar sem \u00fei\u00f0 b\u00fai\u00f0 3M\u00f3s 3.17+<br \/>\n<b>7.29<\/b> Lokaf\u00f3rn 3M\u00f3s 3.1<br \/>\n<b>7.34<\/b> Afgjald 5M\u00f3s 18.3; Neh 12.44-47; Mal 3.7-10<\/div>\n","protected":false},"excerpt":{"rendered":"<p>1\u00deessi eru \u00e1kv\u00e6\u00f0in um sektarf\u00f3rnina: H\u00fan er h\u00e1heil\u00f6g.2\u00dear sem brennif\u00f3rninni er sl\u00e1tra\u00f0, skal og sektarf\u00f3rninni sl\u00e1tra\u00f0, og skal st\u00f6kkva bl\u00f3\u00f0i hennar allt \u00ed kring utan \u00e1 altari\u00f0.3Og \u00f6llum m\u00f6rnum \u00far henni skal f\u00f3rna: r\u00f3funni, netjunni, sem hylur i\u00f0rin,4b\u00e1\u00f0um n\u00fdrunum, n\u00fdrnam\u00f6rnum, sem liggur innan \u00e1 m\u00f6lunum, og st\u00e6rra lifrarbla\u00f0inu. Vi\u00f0 n\u00fdrun skal taka \u00fea\u00f0 fr\u00e1.5Og presturinn skal brenna \u00feetta \u00e1 altarinu sem eldf\u00f3rn Drottni til handa. Er \u00fea\u00f0 sektarf\u00f3rn.6&#8222;Allt karlkyn me\u00f0al prestanna m\u00e1 eta hana; \u00e1 helgum sta\u00f0 skal h\u00fan etin; h\u00fan er h\u00e1heil\u00f6g.&#8220;7&#8222;Skal me\u00f0 sektarf\u00f3rn fari\u00f0 \u00e1 sama h\u00e1tt og syndaf\u00f3rn; eru s\u00f6mu \u00e1kv\u00e6\u00f0i um b\u00e1\u00f0ar: Presturinn, sem me\u00f0 \u00feeim <a href=\"https:\/\/biblian.is\/1981\/thridja-mosebok-7-kafli\/\"> [&#8230;]<\/a><\/p>\n","protected":false},"author":1,"featured_media":0,"parent":0,"menu_order":0,"comment_status":"open","ping_status":"open","template":"bibliukaflar.php","meta":{"footnotes":""},"class_list":["post-1443","page","type-page","status-publish","hentry"],"_links":{"self":[{"href":"https:\/\/biblian.is\/1981\/wp-json\/wp\/v2\/pages\/1443","targetHints":{"allow":["GET"]}}],"collection":[{"href":"https:\/\/biblian.is\/1981\/wp-json\/wp\/v2\/pages"}],"about":[{"href":"https:\/\/biblian.is\/1981\/wp-json\/wp\/v2\/types\/page"}],"author":[{"embeddable":true,"href":"https:\/\/biblian.is\/1981\/wp-json\/wp\/v2\/users\/1"}],"replies":[{"embeddable":true,"href":"https:\/\/biblian.is\/1981\/wp-json\/wp\/v2\/comments?post=1443"}],"version-history":[{"count":0,"href":"https:\/\/biblian.is\/1981\/wp-json\/wp\/v2\/pages\/1443\/revisions"}],"wp:attachment":[{"href":"https:\/\/biblian.is\/1981\/wp-json\/wp\/v2\/media?parent=1443"}],"curies":[{"name":"wp","href":"https:\/\/api.w.org\/{rel}","templated":true}]}}