{"id":1442,"date":"2017-11-18T20:17:20","date_gmt":"2017-11-18T20:17:20","guid":{"rendered":"http:\/\/biblian.is\/1981\/thridja-mosebok-6-kafli\/"},"modified":"2021-06-06T11:11:24","modified_gmt":"2021-06-06T11:11:24","slug":"thridja-mosebok-6-kafli","status":"publish","type":"page","link":"https:\/\/biblian.is\/1981\/thridja-mosebok-6-kafli\/","title":{"rendered":"\u00deri\u00f0ja M\u00f3seb\u00f3k 6. kafli"},"content":{"rendered":"<p><a name=\"1\"><span class=\"versanumer\">1<\/span><\/a>Drottinn tala\u00f0i vi\u00f0 M\u00f3se og sag\u00f0i:<a name=\"2\"><span class=\"versanumer\">2<\/span><\/a>N\u00fa syndgar einhver og s\u00fdnir sviksemi gegn Drottni og \u00fer\u00e6tir vi\u00f0 n\u00e1unga sinn fyrir \u00fea\u00f0, sem honum hefir veri\u00f0 tr\u00faa\u00f0 fyrir, e\u00f0a honum hefir veri\u00f0 \u00ed hendur selt, e\u00f0a hann hefir r\u00e6nt, e\u00f0a hann hefir haft me\u00f0 ofr\u00edki af n\u00e1unga s\u00ednum,<a name=\"3\"><span class=\"versanumer\">3<\/span><\/a>e\u00f0a hann hefir fundi\u00f0 eitthva\u00f0, sem t\u00fdnst hefir, og \u00fer\u00e6tir fyrir \u00fea\u00f0, e\u00f0a hann me\u00f0 meins\u00e6ri synjar fyrir einhvern \u00feann verkna\u00f0, er menn fremja s\u00e9r til syndar,<a name=\"4\"><span class=\"versanumer\">4<\/span><\/a>\u00feegar hann syndgar \u00feannig og ver\u00f0ur sekur, \u00fe\u00e1 skal hann skila \u00fev\u00ed aftur, sem hann hefir r\u00e6nt e\u00f0a me\u00f0 ofr\u00edki haft af \u00f6\u00f0rum e\u00f0a honum hefir veri\u00f0 tr\u00faa\u00f0 fyrir, e\u00f0a hinu t\u00fdnda, sem hann hefir fundi\u00f0,<a name=\"5\"><span class=\"versanumer\">5<\/span><\/a>e\u00f0a hverju \u00fev\u00ed, er hann hefir synja\u00f0 fyrir me\u00f0 meins\u00e6ri, og skal hann b\u00e6ta \u00fea\u00f0 fullu ver\u00f0i og gjalda fimmtungi meira. Skal hann grei\u00f0a \u00fea\u00f0 eiganda \u00e1 \u00feeim degi, er hann f\u00e6rir sektarf\u00f3rn s\u00edna.<a name=\"6\"><span class=\"versanumer\">6<\/span><\/a>En \u00ed b\u00e6tur Drottni til handa skal hann f\u00e6ra prestinum hr\u00fat gallalausan \u00far hj\u00f6r\u00f0inni, eftir \u00fe\u00ednu mati, til sektarf\u00f3rnar.<a name=\"7\"><span class=\"versanumer\">7<\/span><\/a>Og presturinn skal fri\u00f0\u00fe\u00e6gja fyrir hann frammi fyrir Drottni, og honum mun fyrirgefi\u00f0 ver\u00f0a, hva\u00f0 sem menn fremja s\u00e9r til sektar.<a name=\"8\"><span class=\"versanumer\">8<\/span><\/a>Drottinn tala\u00f0i vi\u00f0 M\u00f3se og sag\u00f0i:<a name=\"9\"><span class=\"versanumer\">9<\/span><\/a>Bj\u00f3\u00f0 Aroni og sonum hans \u00e1 \u00feessa lei\u00f0: \u00deessi eru \u00e1kv\u00e6\u00f0in um brennif\u00f3rnina: Brennif\u00f3rnin skal vera \u00e1 eldst\u00e6\u00f0i altarisins alla n\u00f3ttina til morguns, og skal altariseldinum haldi\u00f0 lifandi me\u00f0 \u00fev\u00ed.<a name=\"10\"><span class=\"versanumer\">10<\/span><\/a>Og presturinn skal f\u00e6ra sig \u00ed l\u00ednkl\u00e6\u00f0i s\u00edn og draga l\u00ednbr\u00e6kur yfir hold sitt, taka s\u00ed\u00f0an burt \u00f6skuna eftir brennif\u00f3rnina, er eldurinn hefir eytt \u00e1 altarinu, og steypa henni ni\u00f0ur vi\u00f0 hli\u00f0 altarisins.<a name=\"11\"><span class=\"versanumer\">11<\/span><\/a>\u00de\u00e1 skal hann f\u00e6ra sig \u00far kl\u00e6\u00f0um s\u00ednum og fara \u00ed \u00f6nnur kl\u00e6\u00f0i og bera \u00f6skuna \u00fat fyrir herb\u00fa\u00f0irnar \u00e1 hreinan sta\u00f0.<a name=\"12\"><span class=\"versanumer\">12<\/span><\/a>Og eldinum \u00e1 altarinu skal haldi\u00f0 lifandi me\u00f0 \u00fev\u00ed. Hann skal eigi slokkna. Og presturinn skal \u00e1 hverjum morgni leggja vi\u00f0 a\u00f0 eldinum, og hann skal ra\u00f0a brennif\u00f3rninni ofan \u00e1 hann og brenna m\u00f6rinn \u00far heillaf\u00f3rnunum \u00e1 honum.<a name=\"13\"><span class=\"versanumer\">13<\/span><\/a>Eldurinn skal s\u00edfellt brenna \u00e1 altarinu og aldrei slokkna.<a name=\"14\"><span class=\"versanumer\">14<\/span><\/a>\u00deessi eru \u00e1kv\u00e6\u00f0in um matf\u00f3rnina: Synir Arons skulu fram bera hana fyrir Drottin, a\u00f0 altarinu.<a name=\"15\"><span class=\"versanumer\">15<\/span><\/a>Og hann skal taka af \u00fev\u00ed hnefafylli s\u00edna, af f\u00ednamj\u00f6li matf\u00f3rnarinnar og ol\u00edunni, og alla reykelsiskvo\u00f0una, sem er \u00e1 matf\u00f3rninni, og brenna \u00e1 altarinu til \u00fe\u00e6gilegs ilms, sem ilmhluta hennar fyrir Drottin.<a name=\"16\"><span class=\"versanumer\">16<\/span><\/a>En \u00fea\u00f0, sem eftir er af henni, skulu Aron og synir hans eta. \u00d3s\u00fdrt skal \u00fea\u00f0 eti\u00f0 \u00e1 helgum sta\u00f0, \u00ed forgar\u00f0i samfundatjaldsins skulu \u00feeir eta \u00fea\u00f0.<a name=\"17\"><span class=\"versanumer\">17<\/span><\/a>Eigi m\u00e1 baka \u00fea\u00f0 me\u00f0 s\u00fardeigi. \u00c9g gef \u00feeim \u00fea\u00f0 \u00ed \u00feeirra hluta af eldf\u00f3rnum m\u00ednum. \u00dea\u00f0 er h\u00e1heilagt, eins og syndaf\u00f3rnin og sektarf\u00f3rnin.<a name=\"18\"><span class=\"versanumer\">18<\/span><\/a>Allt karlkyn me\u00f0al Arons ni\u00f0ja m\u00e1 eta \u00fea\u00f0, fr\u00e1 kyni til kyns ber y\u00f0ur \u00fea\u00f0 af eldf\u00f3rnum Drottins um aldur og \u00e6vi. Hver sem snertir \u00fea\u00f0 skal vera heilagur.<a name=\"19\"><span class=\"versanumer\">19<\/span><\/a>Drottinn tala\u00f0i vi\u00f0 M\u00f3se og sag\u00f0i:<a name=\"20\"><span class=\"versanumer\">20<\/span><\/a>\u00deessi er f\u00f3rnargj\u00f6f Arons og sona hans, sem \u00feeir skulu f\u00e6ra Drottni \u00e1 smurningardegi s\u00ednum: t\u00edundi partur \u00far efu af f\u00ednu mj\u00f6li \u00ed st\u00f6\u00f0uga matf\u00f3rn, helmingurinn af \u00fev\u00ed a\u00f0 morgni og helmingurinn a\u00f0 kveldi.<a name=\"21\"><span class=\"versanumer\">21<\/span><\/a>Skal tilrei\u00f0a hana \u00e1 p\u00f6nnu me\u00f0 ol\u00edu. \u00de\u00fa skalt fram bera hana samanhr\u00e6r\u00f0a. \u00de\u00fa skalt brj\u00f3ta hana \u00ed stykki og f\u00f3rna henni til \u00fe\u00e6gilegs ilms fyrir Drottin.<a name=\"22\"><span class=\"versanumer\">22<\/span><\/a>Og presturinn, s\u00e1 af sonum hans, sem smur\u00f0ur er \u00ed hans sta\u00f0, skal tilrei\u00f0a hana. Er \u00fea\u00f0 \u00e6varandi l\u00f6gm\u00e1l Drottins, \u00f6ll skal h\u00fan brennd.<a name=\"23\"><span class=\"versanumer\">23<\/span><\/a>Allar matf\u00f3rnir presta skulu vera alf\u00f3rnir. \u00de\u00e6r m\u00e1 ekki eta.<a name=\"24\"><span class=\"versanumer\">24<\/span><\/a>Drottinn tala\u00f0i vi\u00f0 M\u00f3se og sag\u00f0i:<a name=\"25\"><span class=\"versanumer\">25<\/span><\/a>M\u00e6l til Arons og sona hans og seg: \u00deessi eru \u00e1kv\u00e6\u00f0in um syndaf\u00f3rnina: \u00c1 \u00feeim sta\u00f0, sem brennif\u00f3rnunum er sl\u00e1tra\u00f0, skal syndaf\u00f3rninni sl\u00e1tra\u00f0, frammi fyrir Drottni. H\u00fan er h\u00e1heil\u00f6g.<a name=\"26\"><span class=\"versanumer\">26<\/span><\/a>Presturinn, sem fram ber syndaf\u00f3rnina, skal eta hana, \u00e1 helgum sta\u00f0 skal h\u00fan etin, \u00ed forgar\u00f0i samfundatjaldsins.<a name=\"27\"><span class=\"versanumer\">27<\/span><\/a>Hver s\u00e1, er snertir kj\u00f6t hennar, skal vera heilagur. Og \u00feegar eitthva\u00f0 af bl\u00f3\u00f0inu sp\u00fdtist \u00e1 kl\u00e6\u00f0in, \u00fe\u00e1 skalt \u00fe\u00fa \u00fevo \u00fea\u00f0, sem sp\u00fdtst hefir \u00e1, \u00e1 helgum sta\u00f0.<a name=\"28\"><span class=\"versanumer\">28<\/span><\/a>Og leirkeri\u00f0, sem h\u00fan hefir veri\u00f0 so\u00f0in \u00ed, skal brj\u00f3ta, en hafi h\u00fan veri\u00f0 so\u00f0in \u00ed eirkeri, \u00fe\u00e1 skal f\u00e6gja \u00fea\u00f0 og skola \u00ed vatni.<a name=\"29\"><span class=\"versanumer\">29<\/span><\/a>Allt karlkyn me\u00f0al prestanna m\u00e1 eta hana. H\u00fan er h\u00e1heil\u00f6g.<a name=\"30\"><span class=\"versanumer\">30<\/span><\/a>En enga syndaf\u00f3rn m\u00e1 eta, hafi nokku\u00f0 af bl\u00f3\u00f0i hennar veri\u00f0 bori\u00f0 inn \u00ed samfundatjaldi\u00f0 til fri\u00f0\u00fe\u00e6gingar \u00ed helgid\u00f3minum, heldur skal h\u00fan brennd \u00ed eldi.<\/p>\n<div class=\"footnote1981\"><b>6.2<\/b> Brennif\u00f3rn 3M\u00f3s 1.3+<br \/>\n<b>6.3<\/b> L\u00ednkl\u00e6\u00f0i 2M\u00f3s 20.26; 28.42<br \/>\n<b>6.5<\/b> Ekki slokkna 2Makk 1.18-36<br \/>\n<b>6.7<\/b> Kornf\u00f3rn 3M\u00f3s 2.1+<br \/>\n<b>6.9<\/b> Helgur sta\u00f0ur 3M\u00f3s 7.6; 10.13; 24.9<br \/>\n<b>6.13<\/b> Smurning 3M\u00f3s 8.1+<br \/>\n<b>6.15<\/b> Prestsemb\u00e6tti a\u00f0 erf\u00f0um 5M\u00f3s 10.6; sbr 2Makk 4.7,24<br \/>\n<b>6.16<\/b> Kornf\u00f3rnir presta, alf\u00f3rnir sbr 3M\u00f3s 4.3-12;<br \/>\n<b>6.18<\/b> Syndaf\u00f3rnir 3M\u00f3s 4.1+<br \/>\n<b>6.19<\/b> Heilagur Hag 2.11-13<br \/>\n<b>6.21<\/b> \u00deveginn \u00ed vatni sbr 3M\u00f3s 11.32-33<\/div>\n","protected":false},"excerpt":{"rendered":"<p>1Drottinn tala\u00f0i vi\u00f0 M\u00f3se og sag\u00f0i:2N\u00fa syndgar einhver og s\u00fdnir sviksemi gegn Drottni og \u00fer\u00e6tir vi\u00f0 n\u00e1unga sinn fyrir \u00fea\u00f0, sem honum hefir veri\u00f0 tr\u00faa\u00f0 fyrir, e\u00f0a honum hefir veri\u00f0 \u00ed hendur selt, e\u00f0a hann hefir r\u00e6nt, e\u00f0a hann hefir haft me\u00f0 ofr\u00edki af n\u00e1unga s\u00ednum,3e\u00f0a hann hefir fundi\u00f0 eitthva\u00f0, sem t\u00fdnst hefir, og \u00fer\u00e6tir fyrir \u00fea\u00f0, e\u00f0a hann me\u00f0 meins\u00e6ri synjar fyrir einhvern \u00feann verkna\u00f0, er menn fremja s\u00e9r til syndar,4\u00feegar hann syndgar \u00feannig og ver\u00f0ur sekur, \u00fe\u00e1 skal hann skila \u00fev\u00ed aftur, sem hann hefir r\u00e6nt e\u00f0a me\u00f0 ofr\u00edki haft af \u00f6\u00f0rum e\u00f0a honum hefir veri\u00f0 tr\u00faa\u00f0 fyrir, <a href=\"https:\/\/biblian.is\/1981\/thridja-mosebok-6-kafli\/\"> [&#8230;]<\/a><\/p>\n","protected":false},"author":1,"featured_media":0,"parent":0,"menu_order":0,"comment_status":"open","ping_status":"open","template":"bibliukaflar.php","meta":{"footnotes":""},"class_list":["post-1442","page","type-page","status-publish","hentry"],"_links":{"self":[{"href":"https:\/\/biblian.is\/1981\/wp-json\/wp\/v2\/pages\/1442","targetHints":{"allow":["GET"]}}],"collection":[{"href":"https:\/\/biblian.is\/1981\/wp-json\/wp\/v2\/pages"}],"about":[{"href":"https:\/\/biblian.is\/1981\/wp-json\/wp\/v2\/types\/page"}],"author":[{"embeddable":true,"href":"https:\/\/biblian.is\/1981\/wp-json\/wp\/v2\/users\/1"}],"replies":[{"embeddable":true,"href":"https:\/\/biblian.is\/1981\/wp-json\/wp\/v2\/comments?post=1442"}],"version-history":[{"count":0,"href":"https:\/\/biblian.is\/1981\/wp-json\/wp\/v2\/pages\/1442\/revisions"}],"wp:attachment":[{"href":"https:\/\/biblian.is\/1981\/wp-json\/wp\/v2\/media?parent=1442"}],"curies":[{"name":"wp","href":"https:\/\/api.w.org\/{rel}","templated":true}]}}