{"id":1441,"date":"2017-11-18T20:17:20","date_gmt":"2017-11-18T20:17:20","guid":{"rendered":"http:\/\/biblian.is\/1981\/thridja-mosebok-5-kafli\/"},"modified":"2021-06-06T11:11:23","modified_gmt":"2021-06-06T11:11:23","slug":"thridja-mosebok-5-kafli","status":"publish","type":"page","link":"https:\/\/biblian.is\/1981\/thridja-mosebok-5-kafli\/","title":{"rendered":"\u00deri\u00f0ja M\u00f3seb\u00f3k 5. kafli"},"content":{"rendered":"<p><a name=\"1\"><span class=\"versanumer\">1<\/span><\/a>N\u00fa syndgar einhver, me\u00f0 \u00fev\u00ed a\u00f0 hann hefir heyrt form\u00e6lingu og getur vitni bori\u00f0, hvort sem hann hefir s\u00e9\u00f0 \u00fea\u00f0 sj\u00e1lfur e\u00f0a or\u00f0i\u00f0 \u00feess v\u00edsari, en segir eigi til, og bakar s\u00e9r \u00feannig sekt,<a name=\"2\"><span class=\"versanumer\">2<\/span><\/a>e\u00f0a einhver snertir einhvern \u00f3hreinan hlut, hvort \u00fea\u00f0 er heldur hr\u00e6 af \u00f3hreinu villid\u00fdri e\u00f0a hr\u00e6 af \u00f3hreinum f\u00e9na\u00f0i e\u00f0a hr\u00e6 af \u00f3hreinu skri\u00f0kvikindi og hann veit ekki af \u00fev\u00ed og ver\u00f0ur \u00feannig \u00f3hreinn og sekur,<a name=\"3\"><span class=\"versanumer\">3<\/span><\/a>e\u00f0a hann snertir mann \u00f3hreinan, hverrar tegundar sem \u00f3hreinleikinn er, sem hann er \u00f3hreinn af, og hann veit eigi af \u00fev\u00ed, en ver\u00f0ur \u00feess s\u00ed\u00f0ar v\u00eds og ver\u00f0ur \u00feannig sekur,<a name=\"4\"><span class=\"versanumer\">4<\/span><\/a>e\u00f0a fleipri einhver \u00feeim ei\u00f0i af munni fram, a\u00f0 hann skuli gj\u00f6ra eitthva\u00f0, illt e\u00f0a gott, hva\u00f0 sem \u00fea\u00f0 n\u00fa kann a\u00f0 vera, sem menn fleipra \u00fat \u00far s\u00e9r me\u00f0 ei\u00f0i, og hann veit eigi af \u00fev\u00ed, en ver\u00f0ur \u00feess s\u00ed\u00f0ar v\u00eds og ver\u00f0ur sekur fyrir eitthva\u00f0 af \u00feessu,<a name=\"5\"><span class=\"versanumer\">5<\/span><\/a>ver\u00f0i nokkur sekur fyrir eitthva\u00f0 af \u00feessu, \u00fe\u00e1 skal hann j\u00e1ta synd s\u00edna.<a name=\"6\"><span class=\"versanumer\">6<\/span><\/a>Og hann skal til sektarb\u00f3ta fyrir synd \u00fe\u00e1, sem hann hefir dr\u00fdgt, f\u00e6ra Drottni \u00e1sau\u00f0 \u00far hj\u00f6r\u00f0inni, \u00e1sau\u00f0 e\u00f0a geit, \u00ed syndaf\u00f3rn. Og presturinn skal fri\u00f0\u00fe\u00e6gja fyrir hann vegna syndar hans.<a name=\"7\"><span class=\"versanumer\">7<\/span><\/a>En ef hann \u00e1 ekki fyrir kind, \u00fe\u00e1 skal hann \u00ed sektarb\u00e6tur fyrir misgj\u00f6r\u00f0 s\u00edna f\u00e6ra Drottni tv\u00e6r turtild\u00fafur e\u00f0a tv\u00e6r ungar d\u00fafur, a\u00f0ra \u00ed syndaf\u00f3rn, en hina \u00ed brennif\u00f3rn.<a name=\"8\"><span class=\"versanumer\">8<\/span><\/a>Hann skal f\u00e6ra \u00fe\u00e6r prestinum, og hann skal fram bera \u00fe\u00e1 fyrr, er til syndaf\u00f3rnar er \u00e6tlu\u00f0. Skal hann kl\u00edpa h\u00f6fu\u00f0i\u00f0 af h\u00e1lsinum, en sl\u00edta \u00fe\u00f3 eigi fr\u00e1,<a name=\"9\"><span class=\"versanumer\">9<\/span><\/a>st\u00f6kkva nokkru af bl\u00f3\u00f0i syndaf\u00f3rnarinnar \u00e1 hli\u00f0 altarisins, en \u00fea\u00f0, sem eftir er af bl\u00f3\u00f0inu, skal kreist \u00far og l\u00e1ti\u00f0 drj\u00fapa ni\u00f0ur vi\u00f0 altari\u00f0. \u00dea\u00f0 er syndaf\u00f3rn.<a name=\"10\"><span class=\"versanumer\">10<\/span><\/a>En hina skal hann tilrei\u00f0a \u00ed brennif\u00f3rn a\u00f0 r\u00e9ttum si\u00f0. Og presturinn skal fri\u00f0\u00fe\u00e6gja fyrir hann vegna syndar \u00feeirrar, sem hann hefir dr\u00fdgt, og mun honum fyrirgefi\u00f0 ver\u00f0a.<a name=\"11\"><span class=\"versanumer\">11<\/span><\/a>En ef hann \u00e1 ekki fyrir tveimur turtild\u00fafum e\u00f0a tveimur ungum d\u00fafum, \u00fe\u00e1 skal hann fram bera a\u00f0 f\u00f3rnargj\u00f6f fyrir misgj\u00f6r\u00f0 s\u00edna t\u00edunda part \u00far efu af f\u00ednu mj\u00f6li \u00ed syndaf\u00f3rn. Skal hann eigi hella ol\u00edu \u00e1 \u00fea\u00f0 n\u00e9 heldur l\u00e1ta \u00e1 \u00fea\u00f0 reykelsiskvo\u00f0u, \u00fev\u00ed a\u00f0 \u00fea\u00f0 er syndaf\u00f3rn.<a name=\"12\"><span class=\"versanumer\">12<\/span><\/a>Hann skal f\u00e6ra \u00fea\u00f0 prestinum, og presturinn skal taka af \u00fev\u00ed hnefafylli s\u00edna sem ilmhluta f\u00f3rnarinnar og brenna \u00e1 altarinu ofan \u00e1 eldf\u00f3rnum Drottins. \u00dea\u00f0 er syndaf\u00f3rn.<a name=\"13\"><span class=\"versanumer\">13<\/span><\/a>Og presturinn skal fri\u00f0\u00fe\u00e6gja fyrir hann fyrir synd \u00fe\u00e1, er hann hefir dr\u00fdgt me\u00f0 einhverju \u00feessu, og honum mun fyrirgefi\u00f0 ver\u00f0a. En hitt f\u00e1i presturinn, eins og matf\u00f3rnina.<a name=\"14\"><span class=\"versanumer\">14<\/span><\/a>Drottinn tala\u00f0i vi\u00f0 M\u00f3se og sag\u00f0i:<a name=\"15\"><span class=\"versanumer\">15<\/span><\/a>N\u00fa s\u00fdnir einhver \u00fe\u00e1 sviksemi, a\u00f0 draga undan eitthva\u00f0 af \u00fev\u00ed, sem Drottni er helga\u00f0, \u00fe\u00e1 skal hann \u00ed sektarb\u00e6tur f\u00e6ra Drottni hr\u00fat gallalausan \u00far hj\u00f6r\u00f0inni, sem a\u00f0 \u00fe\u00ednu mati s\u00e9 eigi minna en tveggja sikla vir\u00f0i, eftir helgid\u00f3ms sikli, til sektarf\u00f3rnar.<a name=\"16\"><span class=\"versanumer\">16<\/span><\/a>Og \u00fea\u00f0, sem hann hefir dregi\u00f0 undan af helgum hlutum, skal hann a\u00f0 fullu b\u00e6ta og gjalda fimmtungi meira. Skal hann f\u00e6ra \u00fea\u00f0 prestinum, og presturinn skal fri\u00f0\u00fe\u00e6gja fyrir hann me\u00f0 sektarf\u00f3rnarhr\u00fatnum, og mun honum fyrirgefi\u00f0 ver\u00f0a.<a name=\"17\"><span class=\"versanumer\">17<\/span><\/a>N\u00fa syndgar einhver og gj\u00f6rir eitthva\u00f0, sem Drottinn hefir banna\u00f0, og veit eigi af \u00fev\u00ed og ver\u00f0ur \u00feannig sekur og misgj\u00f6r\u00f0 hv\u00edlir \u00e1 honum,<a name=\"18\"><span class=\"versanumer\">18<\/span><\/a>\u00fe\u00e1 skal hann f\u00e6ra prestinum hr\u00fat gallalausan \u00far hj\u00f6r\u00f0inni, eftir mati \u00fe\u00ednu, til sektarf\u00f3rnar. Og presturinn skal fri\u00f0\u00fe\u00e6gja fyrir hann fyrir vang\u00e6slusynd \u00fe\u00e1, er hann hefir \u00f3afvitandi dr\u00fdgt, og mun honum fyrirgefi\u00f0 ver\u00f0a.<a name=\"19\"><span class=\"versanumer\">19<\/span><\/a>\u00dea\u00f0 er sektarf\u00f3rn. Hann er sannlega sekur or\u00f0inn vi\u00f0 Drottin.<\/p>\n<div class=\"footnote1981\"><b>5.1<\/b> Form\u00e6ling Okv 29.24; Matt 26.63<br \/>\n<b>5.2<\/b> \u00d3hrein d\u00fdr 3M\u00f3s 11; 5M\u00f3s 14<br \/>\n<b>5.3<\/b> \u00d3hreinleiki 3M\u00f3s 12-15<br \/>\n<b>5.4<\/b> Sverja s\u00e9r \u00ed mein Slm 15.4<br \/>\n<b>5.7<\/b> Um f\u00f3rnir f\u00e1t\u00e6kra 3M\u00f3s 12.8; 14.21; 27.8<br \/>\n<b>5.15<\/b> Breg\u00f0ast Drottni 4M\u00f3s 5.6; 2Kro 26.16-18 \u2013 helgigjafir Drottins 3M\u00f3s 22.1-16; 5M\u00f3s 14.22-29; 26.1-15; sbr J\u00f3s 7 \u2013 sektarf\u00f3rn 3M\u00f3s 7.1-7; 19.20-22<br \/>\n<b>5.16<\/b> B\u00e6ta sekt 4M\u00f3s 5.7-10; 2Kon 12.17<br \/>\n<b>5.21<\/b> \u00d3lipur\u00f0 2M\u00f3s 22.6-14<br \/>\n<b>5.23<\/b> Skila aftur Slm 69.5<\/div>\n","protected":false},"excerpt":{"rendered":"<p>1N\u00fa syndgar einhver, me\u00f0 \u00fev\u00ed a\u00f0 hann hefir heyrt form\u00e6lingu og getur vitni bori\u00f0, hvort sem hann hefir s\u00e9\u00f0 \u00fea\u00f0 sj\u00e1lfur e\u00f0a or\u00f0i\u00f0 \u00feess v\u00edsari, en segir eigi til, og bakar s\u00e9r \u00feannig sekt,2e\u00f0a einhver snertir einhvern \u00f3hreinan hlut, hvort \u00fea\u00f0 er heldur hr\u00e6 af \u00f3hreinu villid\u00fdri e\u00f0a hr\u00e6 af \u00f3hreinum f\u00e9na\u00f0i e\u00f0a hr\u00e6 af \u00f3hreinu skri\u00f0kvikindi og hann veit ekki af \u00fev\u00ed og ver\u00f0ur \u00feannig \u00f3hreinn og sekur,3e\u00f0a hann snertir mann \u00f3hreinan, hverrar tegundar sem \u00f3hreinleikinn er, sem hann er \u00f3hreinn af, og hann veit eigi af \u00fev\u00ed, en ver\u00f0ur \u00feess s\u00ed\u00f0ar v\u00eds og ver\u00f0ur \u00feannig sekur,4e\u00f0a fleipri einhver <a href=\"https:\/\/biblian.is\/1981\/thridja-mosebok-5-kafli\/\"> [&#8230;]<\/a><\/p>\n","protected":false},"author":1,"featured_media":0,"parent":0,"menu_order":0,"comment_status":"open","ping_status":"open","template":"bibliukaflar.php","meta":{"footnotes":""},"class_list":["post-1441","page","type-page","status-publish","hentry"],"_links":{"self":[{"href":"https:\/\/biblian.is\/1981\/wp-json\/wp\/v2\/pages\/1441","targetHints":{"allow":["GET"]}}],"collection":[{"href":"https:\/\/biblian.is\/1981\/wp-json\/wp\/v2\/pages"}],"about":[{"href":"https:\/\/biblian.is\/1981\/wp-json\/wp\/v2\/types\/page"}],"author":[{"embeddable":true,"href":"https:\/\/biblian.is\/1981\/wp-json\/wp\/v2\/users\/1"}],"replies":[{"embeddable":true,"href":"https:\/\/biblian.is\/1981\/wp-json\/wp\/v2\/comments?post=1441"}],"version-history":[{"count":0,"href":"https:\/\/biblian.is\/1981\/wp-json\/wp\/v2\/pages\/1441\/revisions"}],"wp:attachment":[{"href":"https:\/\/biblian.is\/1981\/wp-json\/wp\/v2\/media?parent=1441"}],"curies":[{"name":"wp","href":"https:\/\/api.w.org\/{rel}","templated":true}]}}