{"id":1438,"date":"2017-11-18T20:17:20","date_gmt":"2017-11-18T20:17:20","guid":{"rendered":"http:\/\/biblian.is\/1981\/thridja-mosebok-2-kafli\/"},"modified":"2021-06-06T11:11:12","modified_gmt":"2021-06-06T11:11:12","slug":"thridja-mosebok-2-kafli","status":"publish","type":"page","link":"https:\/\/biblian.is\/1981\/thridja-mosebok-2-kafli\/","title":{"rendered":"\u00deri\u00f0ja M\u00f3seb\u00f3k 2. kafli"},"content":{"rendered":"<p><a name=\"1\"><span class=\"versanumer\">1<\/span><\/a>\u00deegar einhver vill f\u00e6ra Drottni matf\u00f3rn, \u00fe\u00e1 skal f\u00f3rn hans vera f\u00ednt mj\u00f6l, og skal hann hella yfir \u00fea\u00f0 ol\u00edu og leggja reykelsiskvo\u00f0u ofan \u00e1 \u00fea\u00f0.<a name=\"2\"><span class=\"versanumer\">2<\/span><\/a>Og hann skal f\u00e6ra \u00fea\u00f0 sonum Arons, prestunum, en presturinn skal taka af \u00fev\u00ed hnefafylli s\u00edna, af f\u00edna mj\u00f6linu og af ol\u00edunni, \u00e1samt allri reykelsiskvo\u00f0unni, og brenna \u00fea\u00f0 \u00e1 altarinu sem ilmhluta f\u00f3rnarinnar, sem eldf\u00f3rn \u00fe\u00e6gilegs ilms fyrir Drottin.<a name=\"3\"><span class=\"versanumer\">3<\/span><\/a>En \u00fea\u00f0, sem af gengur matf\u00f3rninni, f\u00e1i Aron og synir hans sem h\u00e1helgan hluta af eldf\u00f3rnum Drottins.<a name=\"4\"><span class=\"versanumer\">4<\/span><\/a>Viljir \u00fe\u00fa f\u00e6ra matf\u00f3rn af \u00fev\u00ed, sem \u00ed ofni er baka\u00f0, \u00fe\u00e1 s\u00e9u \u00fea\u00f0 \u00f3s\u00fdr\u00f0ar k\u00f6kur af f\u00ednu mj\u00f6li ol\u00edublanda\u00f0ar og \u00f3s\u00fdr\u00f0 flatbrau\u00f0 ol\u00edusmur\u00f0.<a name=\"5\"><span class=\"versanumer\">5<\/span><\/a>En s\u00e9 f\u00f3rnargj\u00f6f \u00fe\u00edn matf\u00f3rn \u00e1 p\u00f6nnu, \u00fe\u00e1 skal h\u00fan vera \u00f3s\u00fdrt brau\u00f0 af f\u00ednu mj\u00f6li ol\u00edublanda\u00f0.<a name=\"6\"><span class=\"versanumer\">6<\/span><\/a>&#8222;\u00de\u00fa skalt brj\u00f3ta \u00fea\u00f0 \u00ed mola og hella yfir \u00fea\u00f0 ol\u00edu; \u00fe\u00e1 er \u00fea\u00f0 matf\u00f3rn.&#8220;<a name=\"7\"><span class=\"versanumer\">7<\/span><\/a>En s\u00e9 f\u00f3rn \u00fe\u00edn matf\u00f3rn tilreidd \u00ed su\u00f0up\u00f6nnu, \u00fe\u00e1 skal h\u00fan gj\u00f6r\u00f0 af f\u00ednu mj\u00f6li me\u00f0 ol\u00edu.<a name=\"8\"><span class=\"versanumer\">8<\/span><\/a>Og \u00fe\u00fa skalt f\u00e6ra Drottni matf\u00f3rnina, sem af \u00feessu er tilreidd. Skal f\u00e6ra hana prestinum, og hann skal fram bera hana a\u00f0 altarinu.<a name=\"9\"><span class=\"versanumer\">9<\/span><\/a>En presturinn skal af matf\u00f3rninni taka ilmhlutann og brenna \u00e1 altarinu til eldf\u00f3rnar \u00fe\u00e6gilegs ilms fyrir Drottin.<a name=\"10\"><span class=\"versanumer\">10<\/span><\/a>En \u00fea\u00f0, sem af gengur matf\u00f3rninni, f\u00e1i Aron og synir hans sem h\u00e1helgan hluta af eldf\u00f3rnum Drottins.<a name=\"11\"><span class=\"versanumer\">11<\/span><\/a>Engin matf\u00f3rn, sem \u00fe\u00e9r f\u00e6ri\u00f0 Drottni, skal gj\u00f6r\u00f0 af s\u00fdr\u00f0u deigi, \u00fev\u00ed a\u00f0 ekkert s\u00fardeig e\u00f0a hunang megi\u00f0 \u00fe\u00e9r brenna sem eldf\u00f3rn Drottni til handa.<a name=\"12\"><span class=\"versanumer\">12<\/span><\/a>\u00cd frumgr\u00f3\u00f0af\u00f3rn megi\u00f0 \u00fe\u00e9r f\u00e6ra \u00fea\u00f0 Drottni, en upp a\u00f0 altarinu m\u00e1 eigi bera \u00fea\u00f0 til \u00fe\u00e6gilegs ilms.<a name=\"13\"><span class=\"versanumer\">13<\/span><\/a>Allar matf\u00f3rnir \u00fe\u00ednar skalt \u00fe\u00fa salti salta, og \u00fe\u00fa skalt eigi l\u00e1ta vanta \u00ed matf\u00f3rnir \u00fe\u00ednar salt \u00feess s\u00e1ttm\u00e1la, er Gu\u00f0 \u00feinn hefir vi\u00f0 \u00feig gj\u00f6rt. Me\u00f0 \u00f6llum f\u00f3rnum \u00fe\u00ednum skalt \u00fe\u00fa salt fram bera.<a name=\"14\"><span class=\"versanumer\">14<\/span><\/a>F\u00e6rir \u00fe\u00fa Drottni frumgr\u00f3\u00f0amatf\u00f3rn, \u00fe\u00e1 skalt \u00fe\u00fa fram bera \u00ed matf\u00f3rn af frumgr\u00f3\u00f0a \u00fe\u00ednum \u00f6x, b\u00f6ku\u00f0 vi\u00f0 eld, mulin korn \u00far n\u00fdslegnum kornst\u00f6ngum.<a name=\"15\"><span class=\"versanumer\">15<\/span><\/a>&#8222;Og \u00fe\u00fa skalt hella ol\u00edu yfir hana og leggja reykelsiskvo\u00f0u ofan \u00e1; \u00fe\u00e1 er \u00fea\u00f0 matf\u00f3rn.&#8220;<a name=\"16\"><span class=\"versanumer\">16<\/span><\/a>Og presturinn skal brenna ilmhluta hennar, nokku\u00f0 af hinu mulda korni og ol\u00edunni, \u00e1samt allri reykelsiskvo\u00f0unni, til eldf\u00f3rnar fyrir Drottin.<\/p>\n<div class=\"footnote1981\"><b>2.1<\/b> Kornf\u00f3rn 3M\u00f3s 6.7-11; 4M\u00f3s 15.1-16 \u2013 reykelsi Jes 60.6; Jer 6.20; Matt 2.11<br \/>\n<b>2.2<\/b> Minningarhluti 4M\u00f3s 5.26; Post 10.4<br \/>\n<b>2.11<\/b> S\u00fardeig 3M\u00f3s 23.5-8; 2M\u00f3s 12.15-20; Matt 16.6; 1Kor 5.6-8<br \/>\n<b>2.13<\/b> Salt Matt 5.13; K\u00f3l 4.6 \u2013 salt s\u00e1ttm\u00e1lans 4M\u00f3s 18.19; 2Kro 13.5<br \/>\n<b>2.14<\/b> Frumgr\u00f3\u00f0i 3M\u00f3s 23.15-21; 2M\u00f3s 34.26; 4M\u00f3s 28.6; Neh 10.36<\/div>\n","protected":false},"excerpt":{"rendered":"<p>1\u00deegar einhver vill f\u00e6ra Drottni matf\u00f3rn, \u00fe\u00e1 skal f\u00f3rn hans vera f\u00ednt mj\u00f6l, og skal hann hella yfir \u00fea\u00f0 ol\u00edu og leggja reykelsiskvo\u00f0u ofan \u00e1 \u00fea\u00f0.2Og hann skal f\u00e6ra \u00fea\u00f0 sonum Arons, prestunum, en presturinn skal taka af \u00fev\u00ed hnefafylli s\u00edna, af f\u00edna mj\u00f6linu og af ol\u00edunni, \u00e1samt allri reykelsiskvo\u00f0unni, og brenna \u00fea\u00f0 \u00e1 altarinu sem ilmhluta f\u00f3rnarinnar, sem eldf\u00f3rn \u00fe\u00e6gilegs ilms fyrir Drottin.3En \u00fea\u00f0, sem af gengur matf\u00f3rninni, f\u00e1i Aron og synir hans sem h\u00e1helgan hluta af eldf\u00f3rnum Drottins.4Viljir \u00fe\u00fa f\u00e6ra matf\u00f3rn af \u00fev\u00ed, sem \u00ed ofni er baka\u00f0, \u00fe\u00e1 s\u00e9u \u00fea\u00f0 \u00f3s\u00fdr\u00f0ar k\u00f6kur af f\u00ednu mj\u00f6li ol\u00edublanda\u00f0ar og <a href=\"https:\/\/biblian.is\/1981\/thridja-mosebok-2-kafli\/\"> [&#8230;]<\/a><\/p>\n","protected":false},"author":1,"featured_media":0,"parent":0,"menu_order":0,"comment_status":"open","ping_status":"open","template":"bibliukaflar.php","meta":{"footnotes":""},"class_list":["post-1438","page","type-page","status-publish","hentry"],"_links":{"self":[{"href":"https:\/\/biblian.is\/1981\/wp-json\/wp\/v2\/pages\/1438","targetHints":{"allow":["GET"]}}],"collection":[{"href":"https:\/\/biblian.is\/1981\/wp-json\/wp\/v2\/pages"}],"about":[{"href":"https:\/\/biblian.is\/1981\/wp-json\/wp\/v2\/types\/page"}],"author":[{"embeddable":true,"href":"https:\/\/biblian.is\/1981\/wp-json\/wp\/v2\/users\/1"}],"replies":[{"embeddable":true,"href":"https:\/\/biblian.is\/1981\/wp-json\/wp\/v2\/comments?post=1438"}],"version-history":[{"count":0,"href":"https:\/\/biblian.is\/1981\/wp-json\/wp\/v2\/pages\/1438\/revisions"}],"wp:attachment":[{"href":"https:\/\/biblian.is\/1981\/wp-json\/wp\/v2\/media?parent=1438"}],"curies":[{"name":"wp","href":"https:\/\/api.w.org\/{rel}","templated":true}]}}