{"id":1437,"date":"2017-11-18T20:17:20","date_gmt":"2017-11-18T20:17:20","guid":{"rendered":"http:\/\/biblian.is\/1981\/thridja-mosebok-1-kafli\/"},"modified":"2021-06-06T11:11:02","modified_gmt":"2021-06-06T11:11:02","slug":"thridja-mosebok-1-kafli","status":"publish","type":"page","link":"https:\/\/biblian.is\/1981\/thridja-mosebok-1-kafli\/","title":{"rendered":"\u00deri\u00f0ja M\u00f3seb\u00f3k 1. kafli"},"content":{"rendered":"<p><a name=\"1\"><span class=\"versanumer\">1<\/span><\/a>Drottinn kalla\u00f0i \u00e1 M\u00f3se og tala\u00f0i vi\u00f0 hann \u00far samfundatjaldinu og m\u00e6lti:<a name=\"2\"><span class=\"versanumer\">2<\/span><\/a>Tala \u00fe\u00fa til \u00cdsraelsmanna og seg vi\u00f0 \u00fe\u00e1: \u00deegar einhver af y\u00f0ur vill f\u00e6ra Drottni f\u00f3rn, \u00fe\u00e1 skulu\u00f0 \u00fe\u00e9r f\u00e6ra f\u00f3rn y\u00f0ar af f\u00e9na\u00f0inum, af nautum og sau\u00f0um.<a name=\"3\"><span class=\"versanumer\">3<\/span><\/a>S\u00e9 f\u00f3rn hans brennif\u00f3rn af nautum, skal \u00fea\u00f0, er hann f\u00f3rnar, vera karlkyns og gallalaust. Skal hann lei\u00f0a \u00fea\u00f0 a\u00f0 dyrum samfundatjaldsins, svo a\u00f0 hann ver\u00f0i Drottni vel\u00fe\u00f3knanlegur.<a name=\"4\"><span class=\"versanumer\">4<\/span><\/a>\u00dev\u00ed n\u00e6st skal hann leggja h\u00f6nd s\u00edna \u00e1 h\u00f6fu\u00f0 brennif\u00f3rnarinnar, a\u00f0 h\u00fan afli honum vel\u00fe\u00f3knunar og fri\u00f0\u00fe\u00e6gi fyrir hann.<a name=\"5\"><span class=\"versanumer\">5<\/span><\/a>S\u00ed\u00f0an skal hann sl\u00e1tra ungneytinu frammi fyrir Drottni. En synir Arons, prestarnir, skulu fram bera bl\u00f3\u00f0i\u00f0, og skulu \u00feeir st\u00f6kkva bl\u00f3\u00f0inu allt \u00ed kring utan \u00e1 altari\u00f0, sem stendur vi\u00f0 dyr samfundatjaldsins.<a name=\"6\"><span class=\"versanumer\">6<\/span><\/a>\u00de\u00e1 fl\u00e1i hann brennif\u00f3rnina og hluti hana sundur.<a name=\"7\"><span class=\"versanumer\">7<\/span><\/a>En synir Arons, prestarnir, skulu gj\u00f6ra eld \u00e1 altarinu og leggja vi\u00f0 \u00e1 eldinn.<a name=\"8\"><span class=\"versanumer\">8<\/span><\/a>Og synir Arons, prestarnir, skulu ra\u00f0a stykkjunum, h\u00f6f\u00f0inu og m\u00f6rnum ofan \u00e1 vi\u00f0inn, sem lag\u00f0ur er \u00e1 eldinn, sem er \u00e1 altarinu.<a name=\"9\"><span class=\"versanumer\">9<\/span><\/a>En inn\u00fdflin og f\u00e6turna skal \u00fevo \u00ed vatni, og skal presturinn brenna \u00fea\u00f0 allt \u00e1 altarinu til brennif\u00f3rnar, eldf\u00f3rnar \u00fe\u00e6gilegs ilms fyrir Drottin.<a name=\"10\"><span class=\"versanumer\">10<\/span><\/a>S\u00e9 f\u00f3rnargj\u00f6f s\u00fa, er hann fram ber til brennif\u00f3rnar, af sau\u00f0f\u00e9na\u00f0i, af sau\u00f0kindum e\u00f0a geitum, \u00fe\u00e1 skal \u00fea\u00f0, er hann f\u00f3rnar, vera karlkyns og gallalaust.<a name=\"11\"><span class=\"versanumer\">11<\/span><\/a>Og skal hann sl\u00e1tra \u00fev\u00ed vi\u00f0 altari\u00f0 nor\u00f0anvert frammi fyrir Drottni, en synir Arons, prestarnir, skulu st\u00f6kkva bl\u00f3\u00f0inu \u00far \u00fev\u00ed utan \u00e1 altari\u00f0 allt \u00ed kring.<a name=\"12\"><span class=\"versanumer\">12<\/span><\/a>S\u00ed\u00f0an skal hann hluta \u00fea\u00f0 sundur, og skal presturinn ra\u00f0a stykkjunum \u00e1samt h\u00f6f\u00f0inu og m\u00f6rnum ofan \u00e1 vi\u00f0inn, sem lag\u00f0ur er \u00e1 eldinn, sem er \u00e1 altarinu.<a name=\"13\"><span class=\"versanumer\">13<\/span><\/a>En inn\u00fdflin og f\u00e6turna skal \u00fevo \u00ed vatni, og skal presturinn fram bera \u00fea\u00f0 allt og brenna \u00e1 altarinu. Er \u00fea\u00f0 brennif\u00f3rn, eldf\u00f3rn \u00fe\u00e6gilegs ilms fyrir Drottin.<a name=\"14\"><span class=\"versanumer\">14<\/span><\/a>Vilji hann f\u00e6ra Drottni brennif\u00f3rn af fuglum, \u00fe\u00e1 taki hann til f\u00f3rnar sinnar turtild\u00fafur e\u00f0a ungar d\u00fafur.<a name=\"15\"><span class=\"versanumer\">15<\/span><\/a>Skal presturinn bera fuglinn a\u00f0 altarinu og kl\u00edpa af h\u00f6fu\u00f0i\u00f0 og brenna \u00fea\u00f0 \u00e1 altarinu, en bl\u00f3\u00f0i\u00f0 skal kreista \u00fat \u00e1 altarishli\u00f0ina.<a name=\"16\"><span class=\"versanumer\">16<\/span><\/a>Og hann skal taka sarpinn me\u00f0 fi\u00f0rinu \u00e1 og kasta honum vi\u00f0 austurhli\u00f0 altarisins, \u00fear sem askan er l\u00e1tin.<a name=\"17\"><span class=\"versanumer\">17<\/span><\/a>Og hann skal r\u00edfa v\u00e6ngina fr\u00e1, en \u00fe\u00f3 eigi sl\u00edta \u00fe\u00e1 af, og skal presturinn brenna hann \u00e1 altarinu, ofan \u00e1 vi\u00f0num, sem lag\u00f0ur er \u00e1 eldinn. Er \u00fea\u00f0 brennif\u00f3rn, eldf\u00f3rn \u00fe\u00e6gilegs ilms fyrir Drottin.<\/p>\n<div class=\"footnote1981\"><b>1.1<\/b> Samfundatjaldi\u00f0 2M\u00f3s 25.22 \u2013 tjaldb\u00fa\u00f0in 2M\u00f3s 26.1-30; 40.1-35; Heb 9.1-14<br \/>\n<b>1.3<\/b> Brennif\u00f3rn 3M\u00f3s 6.2-6; Slm 51.18-21; H\u00f3s 6.6; Mrk 12.33<br \/>\n<b>1.4<\/b> B\u00e6ta fyrir sekt 3M\u00f3s 4.20+<br \/>\n<b>1.5<\/b> Bl\u00f3\u00f0 3M\u00f3s 17.10-14+ ; Heb 9.15-28<br \/>\n<b>1.9<\/b> \u00deekkur ilmur 1M\u00f3s 8.21; Esk 20.41; Opb 5.8<\/div>\n","protected":false},"excerpt":{"rendered":"<p>1Drottinn kalla\u00f0i \u00e1 M\u00f3se og tala\u00f0i vi\u00f0 hann \u00far samfundatjaldinu og m\u00e6lti:2Tala \u00fe\u00fa til \u00cdsraelsmanna og seg vi\u00f0 \u00fe\u00e1: \u00deegar einhver af y\u00f0ur vill f\u00e6ra Drottni f\u00f3rn, \u00fe\u00e1 skulu\u00f0 \u00fe\u00e9r f\u00e6ra f\u00f3rn y\u00f0ar af f\u00e9na\u00f0inum, af nautum og sau\u00f0um.3S\u00e9 f\u00f3rn hans brennif\u00f3rn af nautum, skal \u00fea\u00f0, er hann f\u00f3rnar, vera karlkyns og gallalaust. Skal hann lei\u00f0a \u00fea\u00f0 a\u00f0 dyrum samfundatjaldsins, svo a\u00f0 hann ver\u00f0i Drottni vel\u00fe\u00f3knanlegur.4\u00dev\u00ed n\u00e6st skal hann leggja h\u00f6nd s\u00edna \u00e1 h\u00f6fu\u00f0 brennif\u00f3rnarinnar, a\u00f0 h\u00fan afli honum vel\u00fe\u00f3knunar og fri\u00f0\u00fe\u00e6gi fyrir hann.5S\u00ed\u00f0an skal hann sl\u00e1tra ungneytinu frammi fyrir Drottni. En synir Arons, prestarnir, skulu fram bera bl\u00f3\u00f0i\u00f0, og <a href=\"https:\/\/biblian.is\/1981\/thridja-mosebok-1-kafli\/\"> [&#8230;]<\/a><\/p>\n","protected":false},"author":1,"featured_media":0,"parent":0,"menu_order":0,"comment_status":"open","ping_status":"open","template":"bibliukaflar.php","meta":{"footnotes":""},"class_list":["post-1437","page","type-page","status-publish","hentry"],"_links":{"self":[{"href":"https:\/\/biblian.is\/1981\/wp-json\/wp\/v2\/pages\/1437","targetHints":{"allow":["GET"]}}],"collection":[{"href":"https:\/\/biblian.is\/1981\/wp-json\/wp\/v2\/pages"}],"about":[{"href":"https:\/\/biblian.is\/1981\/wp-json\/wp\/v2\/types\/page"}],"author":[{"embeddable":true,"href":"https:\/\/biblian.is\/1981\/wp-json\/wp\/v2\/users\/1"}],"replies":[{"embeddable":true,"href":"https:\/\/biblian.is\/1981\/wp-json\/wp\/v2\/comments?post=1437"}],"version-history":[{"count":0,"href":"https:\/\/biblian.is\/1981\/wp-json\/wp\/v2\/pages\/1437\/revisions"}],"wp:attachment":[{"href":"https:\/\/biblian.is\/1981\/wp-json\/wp\/v2\/media?parent=1437"}],"curies":[{"name":"wp","href":"https:\/\/api.w.org\/{rel}","templated":true}]}}