{"id":1435,"date":"2017-11-18T20:17:20","date_gmt":"2017-11-18T20:17:20","guid":{"rendered":"http:\/\/biblian.is\/1981\/onnur-mosebok-39-kafli\/"},"modified":"2021-06-06T11:04:21","modified_gmt":"2021-06-06T11:04:21","slug":"onnur-mosebok-39-kafli","status":"publish","type":"page","link":"https:\/\/biblian.is\/1981\/onnur-mosebok-39-kafli\/","title":{"rendered":"\u00d6nnur M\u00f3seb\u00f3k 39. kafli"},"content":{"rendered":"<p><a name=\"1\"><span class=\"versanumer\">1<\/span><\/a>Af bl\u00e1a purpuranum, rau\u00f0a purpuranum og skarlatinu gj\u00f6r\u00f0u \u00feeir glitkl\u00e6\u00f0i til emb\u00e6ttisgj\u00f6r\u00f0ar \u00ed helgid\u00f3minum, og \u00feeir gj\u00f6r\u00f0u hin helgu kl\u00e6\u00f0i Arons, svo sem Drottinn haf\u00f0i bo\u00f0i\u00f0 M\u00f3se.<a name=\"2\"><span class=\"versanumer\">2<\/span><\/a>Hann bj\u00f3 til h\u00f6kulinn af gulli, bl\u00e1um purpura, rau\u00f0um purpura, skarlati og tvinna\u00f0ri ba\u00f0mull.<a name=\"3\"><span class=\"versanumer\">3<\/span><\/a>\u00deeir beittu \u00fat gulli\u00f0 \u00ed \u00feynnur, en hann skar \u00feynnurnar \u00ed \u00fer\u00e6\u00f0i til a\u00f0 vefa \u00fe\u00e1 inn \u00ed bl\u00e1a purpurann, rau\u00f0a purpurann, skarlati\u00f0 og ba\u00f0mullina me\u00f0 forkunnarlegu hagvirki.<a name=\"4\"><span class=\"versanumer\">4<\/span><\/a>\u00deeir gj\u00f6r\u00f0u axlarhl\u00fdra \u00e1 h\u00f6kulinn, og voru \u00feeir festir vi\u00f0 hann. \u00c1 b\u00e1\u00f0um endum var hann festur vi\u00f0 \u00fe\u00e1.<a name=\"5\"><span class=\"versanumer\">5<\/span><\/a>Og h\u00f6kullindinn, sem \u00e1 honum var til a\u00f0 gyr\u00f0a hann a\u00f0 s\u00e9r, var \u00e1fastur honum og me\u00f0 s\u00f6mu ger\u00f0: af gulli, bl\u00e1um purpura, rau\u00f0um purpura, skarlati og tvinna\u00f0ri ba\u00f0mull, svo sem Drottinn haf\u00f0i bo\u00f0i\u00f0 M\u00f3se.<a name=\"6\"><span class=\"versanumer\">6<\/span><\/a>Og \u00feeir greyptu sj\u00f3amsteina inn \u00ed umgjar\u00f0ir af gulli og gr\u00f3fu \u00e1 \u00fe\u00e1 n\u00f6fn \u00cdsraels sona me\u00f0 innsiglisgrefti.<a name=\"7\"><span class=\"versanumer\">7<\/span><\/a>Festi hann \u00fe\u00e1 \u00e1 axlarhl\u00fdra h\u00f6kulsins, svo a\u00f0 \u00feeir v\u00e6ru minnissteinar fyrir \u00cdsraelsmenn, svo sem Drottinn haf\u00f0i bo\u00f0i\u00f0 M\u00f3se.<a name=\"8\"><span class=\"versanumer\">8<\/span><\/a>\u00de\u00e1 bj\u00f3 hann til brj\u00f3stskj\u00f6ldinn, gj\u00f6r\u00f0an me\u00f0 listasm\u00ed\u00f0i og me\u00f0 s\u00f6mu ger\u00f0 og h\u00f6kullinn, af gulli, bl\u00e1um purpura, rau\u00f0um purpura, skarlati og tvinna\u00f0ri ba\u00f0mull.<a name=\"9\"><span class=\"versanumer\">9<\/span><\/a>Var hann ferhyrndur. Gj\u00f6r\u00f0u \u00feeir brj\u00f3stskj\u00f6ldinn tv\u00f6faldan. Var hann spannarlangur og spannarbrei\u00f0ur og tv\u00f6faldur.<a name=\"10\"><span class=\"versanumer\">10<\/span><\/a>&#8222;Og \u00feeir settu hann fj\u00f3rum steinar\u00f6\u00f0um: Eina r\u00f6\u00f0 af karne\u00f3l, t\u00f3pas og smarag\u00f0i, var \u00fea\u00f0 fyrsta r\u00f6\u00f0in;&#8220;<a name=\"11\"><span class=\"versanumer\">11<\/span><\/a>&#8222;\u00f6nnur r\u00f6\u00f0in: karbunkull, saf\u00edr og jaspis;&#8220;<a name=\"12\"><span class=\"versanumer\">12<\/span><\/a>&#8222;\u00feri\u00f0ja r\u00f6\u00f0in: h\u00fdasint, agat og amet\u00fdst;&#8220;<a name=\"13\"><span class=\"versanumer\">13<\/span><\/a>og fj\u00f3r\u00f0a r\u00f6\u00f0in: kr\u00fds\u00f3l\u00edt, sj\u00f3am og on\u00fdx. Voru \u00feeir greyptir \u00ed gullumgjar\u00f0ir, hver \u00e1 s\u00ednum sta\u00f0.<a name=\"14\"><span class=\"versanumer\">14<\/span><\/a>Og steinarnir voru t\u00f3lf, eftir n\u00f6fnum \u00cdsraels sona, og me\u00f0 n\u00f6fnum \u00feeirra. Voru \u00feeir grafnir me\u00f0 innsiglisgrefti, og var sitt nafn \u00e1 hverjum \u00feeirra, eftir \u00feeim t\u00f3lf kynkv\u00edslum.<a name=\"15\"><span class=\"versanumer\">15<\/span><\/a>Og \u00feeir gj\u00f6r\u00f0u festar til brj\u00f3stskjaldarins, sn\u00fanar eins og fl\u00e9ttur, af sk\u00edru gulli.<a name=\"16\"><span class=\"versanumer\">16<\/span><\/a>&#8222;\u00deeir gj\u00f6r\u00f0u og tv\u00e6r umgjar\u00f0ir af gulli og tvo gullhringa, og \u00feessa tvo hringa festu \u00feeir \u00e1 tv\u00f6 horn brj\u00f3stskjaldarins;&#8220;<a name=\"17\"><span class=\"versanumer\">17<\/span><\/a>festu s\u00ed\u00f0an b\u00e1\u00f0ar gullfl\u00e9tturnar \u00ed \u00feessa tvo hringa \u00e1 hornum brj\u00f3stskjaldarins.<a name=\"18\"><span class=\"versanumer\">18<\/span><\/a>En tvo enda beggja sn\u00fanu festanna festu \u00feeir vi\u00f0 umgjar\u00f0irnar tv\u00e6r og festu \u00fe\u00e6r vi\u00f0 axlarhl\u00fdra h\u00f6kulsins, \u00e1 hann framanver\u00f0an.<a name=\"19\"><span class=\"versanumer\">19<\/span><\/a>\u00de\u00e1 gj\u00f6r\u00f0u \u00feeir enn tvo hringa af gulli og festu \u00fe\u00e1 \u00ed tv\u00f6 horn brj\u00f3stskjaldarins, innanvert \u00ed \u00fe\u00e1 br\u00fanina, sem a\u00f0 h\u00f6klinum vissi.<a name=\"20\"><span class=\"versanumer\">20<\/span><\/a>Og enn gj\u00f6r\u00f0u \u00feeir tvo hringa af gulli og festu \u00fe\u00e1 \u00e1 b\u00e1\u00f0a axlarhl\u00fdra h\u00f6kulsins, ne\u00f0an til \u00e1 hann framanver\u00f0an, \u00fear sem hann var tengdur saman, fyrir ofan h\u00f6kullindann.<a name=\"21\"><span class=\"versanumer\">21<\/span><\/a>Og kn\u00fdttu \u00feeir brj\u00f3stskj\u00f6ldinn me\u00f0 hringum hans vi\u00f0 h\u00f6kulhringana me\u00f0 sn\u00faru af bl\u00e1um purpura, svo a\u00f0 hann l\u00e6gi fyrir ofan h\u00f6kullindann og brj\u00f3stskj\u00f6ldurinn losna\u00f0i ekki vi\u00f0 h\u00f6kulinn, svo sem Drottinn haf\u00f0i bo\u00f0i\u00f0 M\u00f3se.<a name=\"22\"><span class=\"versanumer\">22<\/span><\/a>S\u00ed\u00f0an gj\u00f6r\u00f0i hann h\u00f6kulm\u00f6ttulinn. Var hann ofinn og allur af bl\u00e1um purpura,<a name=\"23\"><span class=\"versanumer\">23<\/span><\/a>og var h\u00e1lsm\u00e1l m\u00f6ttulsins \u00e1 honum mi\u00f0jum, eins og \u00e1 brynju, og h\u00e1lsm\u00e1li\u00f0 falda\u00f0 me\u00f0 bor\u00f0a, svo a\u00f0 ekki skyldi rifna \u00fat \u00far.<a name=\"24\"><span class=\"versanumer\">24<\/span><\/a>\u00c1 m\u00f6ttulfaldinum gj\u00f6r\u00f0u \u00feeir granatepli af bl\u00e1um purpura, rau\u00f0um purpura, skarlati og tvinna\u00f0ri ba\u00f0mull.<a name=\"25\"><span class=\"versanumer\">25<\/span><\/a>\u00deeir gj\u00f6r\u00f0u og bj\u00f6llur af sk\u00edru gulli og festu bj\u00f6llurnar millum granateplanna \u00e1 m\u00f6ttulfaldinum allt \u00ed kring, \u00e1 millum granateplanna,<a name=\"26\"><span class=\"versanumer\">26<\/span><\/a>svo a\u00f0 fyrst kom bjalla og granatepli, og \u00fe\u00e1 aftur bjalla og granatepli, allt \u00ed kring \u00e1 m\u00f6ttulfaldinum, til \u00fej\u00f3nustugj\u00f6r\u00f0ar, svo sem Drottinn haf\u00f0i bo\u00f0i\u00f0 M\u00f3se.<a name=\"27\"><span class=\"versanumer\">27<\/span><\/a>\u00de\u00e1 gj\u00f6r\u00f0u \u00feeir kyrtlana handa Aroni og sonum hans af ba\u00f0mull, og voru \u00feeir ofnir.<a name=\"28\"><span class=\"versanumer\">28<\/span><\/a>S\u00f6mulei\u00f0is vefjarh\u00f6ttinn af ba\u00f0mull og h\u00f6fu\u00f0d\u00fakana pr\u00fd\u00f0ilegu af ba\u00f0mull og l\u00ednbr\u00e6kurnar af tvinna\u00f0ri ba\u00f0mull,<a name=\"29\"><span class=\"versanumer\">29<\/span><\/a>og belti\u00f0 af tvinna\u00f0ri ba\u00f0mull, bl\u00e1um purpura, rau\u00f0um purpura og skarlati, glitofi\u00f0, svo sem Drottinn haf\u00f0i bo\u00f0i\u00f0 M\u00f3se.<a name=\"30\"><span class=\"versanumer\">30<\/span><\/a>S\u00ed\u00f0an gj\u00f6r\u00f0u \u00feeir sp\u00f6ngina, hi\u00f0 helga ennishla\u00f0, af sk\u00edru gulli og letru\u00f0u \u00e1 hana me\u00f0 innsiglisgrefti: Helga\u00f0ur Drottni.<a name=\"31\"><span class=\"versanumer\">31<\/span><\/a>Og \u00feeir festu vi\u00f0 hana sn\u00faru af bl\u00e1um purpura til a\u00f0 festa hana \u00e1 vefjarh\u00f6ttinn ofanver\u00f0an, svo sem Drottinn haf\u00f0i bo\u00f0i\u00f0 M\u00f3se.<a name=\"32\"><span class=\"versanumer\">32<\/span><\/a>\u00deannig var n\u00fa loki\u00f0 \u00f6llu verki vi\u00f0 b\u00fa\u00f0 samfundatjaldsins, og gj\u00f6r\u00f0u \u00cdsraelsmenn allt, sem Drottinn haf\u00f0i bo\u00f0i\u00f0 M\u00f3se.<a name=\"33\"><span class=\"versanumer\">33<\/span><\/a>S\u00ed\u00f0an fluttu \u00feeir b\u00fa\u00f0ina til M\u00f3se: tjaldi\u00f0 me\u00f0 \u00f6llum \u00e1h\u00f6ldum \u00feess, kr\u00f3kana, \u00feiljubor\u00f0in, sl\u00e1rnar, st\u00f3lpana og undirst\u00f6\u00f0urnar,<a name=\"34\"><span class=\"versanumer\">34<\/span><\/a>\u00feaki\u00f0 \u00far rau\u00f0litu\u00f0u hr\u00fatskinnunum, \u00feaki\u00f0 \u00far h\u00f6frungaskinnunum og fortjaldsd\u00fakbrei\u00f0una,<a name=\"35\"><span class=\"versanumer\">35<\/span><\/a>s\u00e1ttm\u00e1ls\u00f6rkina, stengurnar og arkarloki\u00f0,<a name=\"36\"><span class=\"versanumer\">36<\/span><\/a>bor\u00f0i\u00f0 me\u00f0 \u00f6llum \u00feess \u00e1h\u00f6ldum og sko\u00f0unarbrau\u00f0in,<a name=\"37\"><span class=\"versanumer\">37<\/span><\/a>gulllj\u00f3sastikuna me\u00f0 l\u00f6mpum, l\u00f6mpunum, er ra\u00f0a skyldi, \u00f6ll \u00e1h\u00f6ld hennar og ol\u00edu lj\u00f3sastikunnar,<a name=\"38\"><span class=\"versanumer\">38<\/span><\/a>gullaltari\u00f0, smurningarol\u00eduna, ilmreykelsi\u00f0 og d\u00fakbrei\u00f0una fyrir tjalddyrnar,<a name=\"39\"><span class=\"versanumer\">39<\/span><\/a>eiraltari\u00f0 \u00e1samt eirgrindinni, stengur \u00feess og \u00f6ll \u00e1h\u00f6ld, keri\u00f0 og st\u00e9tt \u00feess,<a name=\"40\"><span class=\"versanumer\">40<\/span><\/a>forgar\u00f0stj\u00f6ldin, st\u00f3lpa hans og undirst\u00f6\u00f0ur, d\u00fakbrei\u00f0una fyrir hli\u00f0 forgar\u00f0sins, st\u00f6g \u00feau og h\u00e6la, sem \u00fear til heyra, og \u00f6ll \u00feau \u00e1h\u00f6ld, sem heyra til \u00fej\u00f3nustugj\u00f6r\u00f0 \u00ed b\u00fa\u00f0inni, \u00ed samfundatjaldinu,<a name=\"41\"><span class=\"versanumer\">41<\/span><\/a>glitkl\u00e6\u00f0in til emb\u00e6ttisgj\u00f6r\u00f0ar \u00ed helgid\u00f3minum, hin helgu kl\u00e6\u00f0i Arons prests og prests\u00fej\u00f3nustukl\u00e6\u00f0i sona hans.<a name=\"42\"><span class=\"versanumer\">42<\/span><\/a>Unnu \u00cdsraelsmenn allt verki\u00f0, \u00ed alla sta\u00f0i svo sem Drottinn haf\u00f0i bo\u00f0i\u00f0 M\u00f3se.<a name=\"43\"><span class=\"versanumer\">43<\/span><\/a>Og M\u00f3se leit yfir allt verki\u00f0 og sj\u00e1, \u00feeir h\u00f6f\u00f0u unni\u00f0 \u00fea\u00f0, svo sem Drottinn haf\u00f0i fyrirlagt, svo h\u00f6f\u00f0u \u00feeir gj\u00f6rt \u00fea\u00f0. Og M\u00f3se blessa\u00f0i \u00fe\u00e1.<\/p>\n<div class=\"footnote1981\"><b>39.33-41<\/b> Sbr 1Kon 7.40-50<\/div>\n","protected":false},"excerpt":{"rendered":"<p>1Af bl\u00e1a purpuranum, rau\u00f0a purpuranum og skarlatinu gj\u00f6r\u00f0u \u00feeir glitkl\u00e6\u00f0i til emb\u00e6ttisgj\u00f6r\u00f0ar \u00ed helgid\u00f3minum, og \u00feeir gj\u00f6r\u00f0u hin helgu kl\u00e6\u00f0i Arons, svo sem Drottinn haf\u00f0i bo\u00f0i\u00f0 M\u00f3se.2Hann bj\u00f3 til h\u00f6kulinn af gulli, bl\u00e1um purpura, rau\u00f0um purpura, skarlati og tvinna\u00f0ri ba\u00f0mull.3\u00deeir beittu \u00fat gulli\u00f0 \u00ed \u00feynnur, en hann skar \u00feynnurnar \u00ed \u00fer\u00e6\u00f0i til a\u00f0 vefa \u00fe\u00e1 inn \u00ed bl\u00e1a purpurann, rau\u00f0a purpurann, skarlati\u00f0 og ba\u00f0mullina me\u00f0 forkunnarlegu hagvirki.4\u00deeir gj\u00f6r\u00f0u axlarhl\u00fdra \u00e1 h\u00f6kulinn, og voru \u00feeir festir vi\u00f0 hann. \u00c1 b\u00e1\u00f0um endum var hann festur vi\u00f0 \u00fe\u00e1.5Og h\u00f6kullindinn, sem \u00e1 honum var til a\u00f0 gyr\u00f0a hann a\u00f0 s\u00e9r, var \u00e1fastur honum og <a href=\"https:\/\/biblian.is\/1981\/onnur-mosebok-39-kafli\/\"> [&#8230;]<\/a><\/p>\n","protected":false},"author":1,"featured_media":0,"parent":0,"menu_order":0,"comment_status":"open","ping_status":"open","template":"bibliukaflar.php","meta":{"footnotes":""},"class_list":["post-1435","page","type-page","status-publish","hentry"],"_links":{"self":[{"href":"https:\/\/biblian.is\/1981\/wp-json\/wp\/v2\/pages\/1435","targetHints":{"allow":["GET"]}}],"collection":[{"href":"https:\/\/biblian.is\/1981\/wp-json\/wp\/v2\/pages"}],"about":[{"href":"https:\/\/biblian.is\/1981\/wp-json\/wp\/v2\/types\/page"}],"author":[{"embeddable":true,"href":"https:\/\/biblian.is\/1981\/wp-json\/wp\/v2\/users\/1"}],"replies":[{"embeddable":true,"href":"https:\/\/biblian.is\/1981\/wp-json\/wp\/v2\/comments?post=1435"}],"version-history":[{"count":0,"href":"https:\/\/biblian.is\/1981\/wp-json\/wp\/v2\/pages\/1435\/revisions"}],"wp:attachment":[{"href":"https:\/\/biblian.is\/1981\/wp-json\/wp\/v2\/media?parent=1435"}],"curies":[{"name":"wp","href":"https:\/\/api.w.org\/{rel}","templated":true}]}}