{"id":1434,"date":"2017-11-18T20:17:20","date_gmt":"2017-11-18T20:17:20","guid":{"rendered":"http:\/\/biblian.is\/1981\/onnur-mosebok-38-kafli\/"},"modified":"2021-06-06T11:04:21","modified_gmt":"2021-06-06T11:04:21","slug":"onnur-mosebok-38-kafli","status":"publish","type":"page","link":"https:\/\/biblian.is\/1981\/onnur-mosebok-38-kafli\/","title":{"rendered":"\u00d6nnur M\u00f3seb\u00f3k 38. kafli"},"content":{"rendered":"<p><a name=\"1\"><span class=\"versanumer\">1<\/span><\/a>\u00de\u00e1 gj\u00f6r\u00f0i hann brennif\u00f3rnaraltari\u00f0 af akas\u00eduvi\u00f0i. \u00dea\u00f0 var fimm \u00e1lna langt og fimm \u00e1lna breitt, ferhyrnt og \u00feriggja \u00e1lna h\u00e1tt.<a name=\"2\"><span class=\"versanumer\">2<\/span><\/a>Og hann gj\u00f6r\u00f0i hornin \u00e1 \u00fev\u00ed upp af fj\u00f3rum hyrningum \u00feess, \u00feau horn voru \u00e1f\u00f6st vi\u00f0 \u00fea\u00f0, og hann eirlag\u00f0i \u00fea\u00f0.<a name=\"3\"><span class=\"versanumer\">3<\/span><\/a>Og hann gj\u00f6r\u00f0i \u00f6ll \u00e1h\u00f6ld, sem altarinu skyldu fylgja: kerin, eldspa\u00f0ana, f\u00f3rnarsk\u00e1lirnar, so\u00f0kr\u00f3kana og eldp\u00f6nnurnar. \u00d6ll \u00e1h\u00f6ld \u00feess gj\u00f6r\u00f0i hann af eiri.<a name=\"4\"><span class=\"versanumer\">4<\/span><\/a>Enn fremur gj\u00f6r\u00f0i hann um altari\u00f0 eirgrind, eins og ri\u00f0i\u00f0 net, fyrir ne\u00f0an umgj\u00f6r\u00f0 \u00feess undir ni\u00f0ri allt upp a\u00f0 mi\u00f0ju \u00feess.<a name=\"5\"><span class=\"versanumer\">5<\/span><\/a>Og hann steypti fj\u00f3ra hringa \u00ed fj\u00f6gur horn eirgrindarinnar til a\u00f0 smeygja \u00ed st\u00f6ngunum.<a name=\"6\"><span class=\"versanumer\">6<\/span><\/a>En stengurnar gj\u00f6r\u00f0i hann af akas\u00eduvi\u00f0i og eirlag\u00f0i \u00fe\u00e6r.<a name=\"7\"><span class=\"versanumer\">7<\/span><\/a>Og hann smeyg\u00f0i st\u00f6ngunum \u00ed hringana \u00e1 hli\u00f0um altarisins til a\u00f0 bera \u00fea\u00f0 \u00e1. Hann gj\u00f6r\u00f0i \u00fea\u00f0 af bor\u00f0um, holt a\u00f0 innan.<a name=\"8\"><span class=\"versanumer\">8<\/span><\/a>\u00dev\u00ed n\u00e6st gj\u00f6r\u00f0i hann eirkeri\u00f0 me\u00f0 eirst\u00e9tt \u00far speglum kvenna \u00feeirra, er gegndu \u00fej\u00f3nustu vi\u00f0 dyr samfundatjaldsins.<a name=\"9\"><span class=\"versanumer\">9<\/span><\/a>Hann gj\u00f6r\u00f0i forgar\u00f0inn \u00feannig: \u00c1 su\u00f0urhli\u00f0inni voru tj\u00f6ld fyrir forgar\u00f0inum \u00far tvinna\u00f0ri ba\u00f0mull, hundra\u00f0 \u00e1lna l\u00f6ng,<a name=\"10\"><span class=\"versanumer\">10<\/span><\/a>me\u00f0 tuttugu st\u00f3lpum og tuttugu undirst\u00f6\u00f0um af eiri, en naglar \u00ed st\u00f3lpunum og hringrandir \u00e1 \u00feeim voru af silfri.<a name=\"11\"><span class=\"versanumer\">11<\/span><\/a>\u00c1 nor\u00f0urhli\u00f0inni voru og hundra\u00f0 \u00e1lna tj\u00f6ld me\u00f0 tuttugu st\u00f3lpum og tuttugu undirst\u00f6\u00f0um af eiri, en naglarnir \u00ed st\u00f3lpunum og hringrandirnar \u00e1 \u00feeim voru af silfri.<a name=\"12\"><span class=\"versanumer\">12<\/span><\/a>A\u00f0 vestanver\u00f0u voru fimmt\u00edu \u00e1lna l\u00f6ng tj\u00f6ld me\u00f0 t\u00edu st\u00f3lpum og t\u00edu undirst\u00f6\u00f0um, en naglarnir \u00ed st\u00f3lpunum og hringrandirnar \u00e1 \u00feeim voru af silfri.<a name=\"13\"><span class=\"versanumer\">13<\/span><\/a>Og a\u00f0 austanver\u00f0u, m\u00f3t uppkomu s\u00f3lar, voru fimmt\u00edu \u00e1lna tj\u00f6ld.<a name=\"14\"><span class=\"versanumer\">14<\/span><\/a>Voru fimmt\u00e1n \u00e1lna tj\u00f6ld annars vegar me\u00f0 \u00feremur st\u00f3lpum og \u00feremur undirst\u00f6\u00f0um,<a name=\"15\"><span class=\"versanumer\">15<\/span><\/a>og hins vegar, b\u00e1\u00f0umegin vi\u00f0 forgar\u00f0shli\u00f0i\u00f0, s\u00f6mulei\u00f0is fimmt\u00e1n \u00e1lna tj\u00f6ld me\u00f0 \u00feremur st\u00f3lpum og \u00feremur undirst\u00f6\u00f0um.<a name=\"16\"><span class=\"versanumer\">16<\/span><\/a>\u00d6ll tj\u00f6ld umhverfis forgar\u00f0inn voru \u00far tvinna\u00f0ri ba\u00f0mull,<a name=\"17\"><span class=\"versanumer\">17<\/span><\/a>undirst\u00f6\u00f0urnar undir st\u00f3lpunum af eiri, naglarnir \u00ed st\u00f3lpunum og hringrandirnar \u00e1 \u00feeim af silfri og st\u00f3lpah\u00f6fu\u00f0in silfurl\u00f6g\u00f0, en \u00e1 \u00f6llum st\u00f3lpum forgar\u00f0sins voru hringrandir af silfri.<a name=\"18\"><span class=\"versanumer\">18<\/span><\/a>D\u00fakbrei\u00f0an fyrir hli\u00f0i forgar\u00f0sins var glitofin af bl\u00e1um purpura, rau\u00f0um purpura, skarlati og tvinna\u00f0ri ba\u00f0mull, tuttugu \u00e1lna l\u00f6ng og fimm \u00e1lna h\u00e1 eftir d\u00fakbreiddinni, eins og tj\u00f6ld forgar\u00f0sins voru.<a name=\"19\"><span class=\"versanumer\">19<\/span><\/a>Og \u00fear til heyr\u00f0u fj\u00f3rir st\u00f3lpar og fj\u00f3rar undirst\u00f6\u00f0ur af eiri, en naglarnir \u00ed \u00feeim voru af silfri, st\u00f3lpah\u00f6fu\u00f0in silfurl\u00f6g\u00f0 og hringrandirnar \u00e1 \u00feeim af silfri.<a name=\"20\"><span class=\"versanumer\">20<\/span><\/a>Og allir h\u00e6larnir til tjaldb\u00fa\u00f0arinnar og forgar\u00f0sins hringinn \u00ed kring voru af eiri.<a name=\"21\"><span class=\"versanumer\">21<\/span><\/a>\u00deetta er kostna\u00f0arreikningur tjaldb\u00fa\u00f0arinnar, s\u00e1ttm\u00e1lsb\u00fa\u00f0arinnar, sem gj\u00f6r\u00f0ur var a\u00f0 bo\u00f0i M\u00f3se me\u00f0 a\u00f0sto\u00f0 lev\u00edtanna af \u00cdtamar, syni Arons prests.<a name=\"22\"><span class=\"versanumer\">22<\/span><\/a>En Besalel \u00dar\u00edson, H\u00farssonar, af J\u00fada \u00e6ttkv\u00edsl gj\u00f6r\u00f0i allt \u00fea\u00f0, sem Drottinn haf\u00f0i bo\u00f0i\u00f0 M\u00f3se,<a name=\"23\"><span class=\"versanumer\">23<\/span><\/a>&#8222;og me\u00f0 honum var Ohol\u00edab Ak\u00edsamaksson af Dans \u00e6ttkv\u00edsl; hann var hagur \u00e1 steingr\u00f6ft, listvefna\u00f0 og glitvefna\u00f0 af bl\u00e1um purpura, rau\u00f0um purpura, skarlati og ba\u00f0mull.&#8220;<a name=\"24\"><span class=\"versanumer\">24<\/span><\/a>Allt \u00fea\u00f0 gull, sem haft var til sm\u00ed\u00f0isins vi\u00f0 alla helgid\u00f3msgj\u00f6r\u00f0ina og f\u00e6rt var a\u00f0 f\u00f3rnargj\u00f6f, var tuttugu og n\u00edu talentur og sj\u00f6 hundru\u00f0 og \u00ferj\u00e1t\u00edu siklar eftir helgid\u00f3ms siklum.<a name=\"25\"><span class=\"versanumer\">25<\/span><\/a>Silfri\u00f0, sem \u00feeir af s\u00f6fnu\u00f0inum, er \u00ed manntali voru, l\u00f6g\u00f0u til, var hundra\u00f0 talentur og seytj\u00e1n hundru\u00f0 sj\u00f6t\u00edu og fimm siklar eftir helgid\u00f3ms siklum,<a name=\"26\"><span class=\"versanumer\">26<\/span><\/a>h\u00e1lfsikill \u00e1 mann, \u00fea\u00f0 er h\u00e1lfur sikill eftir helgid\u00f3ms sikli, \u00e1 hvern \u00feann, er talinn var \u00ed li\u00f0sk\u00f6nnun, tv\u00edtugur og \u00fea\u00f0an af eldri, og voru \u00fea\u00f0 sex hundru\u00f0 og \u00ferj\u00fa \u00fe\u00fasund, fimm hundru\u00f0 og fimmt\u00edu manns.<a name=\"27\"><span class=\"versanumer\">27<\/span><\/a>Hundra\u00f0 talenturnar af silfri voru haf\u00f0ar til a\u00f0 steypa \u00far undirst\u00f6\u00f0ur til helgid\u00f3msins og undirst\u00f6\u00f0ur til fortjaldsins, hundra\u00f0 undirst\u00f6\u00f0ur \u00far hundra\u00f0 talentum, ein talenta \u00ed hverja undirst\u00f6\u00f0u.<a name=\"28\"><span class=\"versanumer\">28<\/span><\/a>Af seytj\u00e1n hundru\u00f0 sj\u00f6t\u00edu og fimm siklunum gj\u00f6r\u00f0i hann naglana \u00ed st\u00f3lpana, silfurlag\u00f0i st\u00f3lpah\u00f6fu\u00f0in og bj\u00f3 til hringrandir \u00e1 \u00fe\u00e1.<a name=\"29\"><span class=\"versanumer\">29<\/span><\/a>F\u00f3rnargjafa-eirinn var sj\u00f6t\u00edu talentur og tv\u00f6 \u00fe\u00fasund og fj\u00f6gur hundru\u00f0 siklar.<a name=\"30\"><span class=\"versanumer\">30<\/span><\/a>Af honum gj\u00f6r\u00f0i hann undirst\u00f6\u00f0urnar til samfundatjalds-dyranna, eiraltari\u00f0, eirgrindina, sem \u00fev\u00ed fylgdi, og \u00f6ll \u00e1h\u00f6ld altarisins,<a name=\"31\"><span class=\"versanumer\">31<\/span><\/a>undirst\u00f6\u00f0urnar til forgar\u00f0sins allt \u00ed kring, undirst\u00f6\u00f0urnar til forgar\u00f0shli\u00f0sins, alla h\u00e6la til tjaldb\u00fa\u00f0arinnar og alla h\u00e6la til forgar\u00f0sins allt \u00ed kring.<\/p>\n<div class=\"footnote1981\"><b>38.8<\/b> Gegndu \u00fej\u00f3nustu 1Sam 2.22<\/div>\n","protected":false},"excerpt":{"rendered":"<p>1\u00de\u00e1 gj\u00f6r\u00f0i hann brennif\u00f3rnaraltari\u00f0 af akas\u00eduvi\u00f0i. \u00dea\u00f0 var fimm \u00e1lna langt og fimm \u00e1lna breitt, ferhyrnt og \u00feriggja \u00e1lna h\u00e1tt.2Og hann gj\u00f6r\u00f0i hornin \u00e1 \u00fev\u00ed upp af fj\u00f3rum hyrningum \u00feess, \u00feau horn voru \u00e1f\u00f6st vi\u00f0 \u00fea\u00f0, og hann eirlag\u00f0i \u00fea\u00f0.3Og hann gj\u00f6r\u00f0i \u00f6ll \u00e1h\u00f6ld, sem altarinu skyldu fylgja: kerin, eldspa\u00f0ana, f\u00f3rnarsk\u00e1lirnar, so\u00f0kr\u00f3kana og eldp\u00f6nnurnar. \u00d6ll \u00e1h\u00f6ld \u00feess gj\u00f6r\u00f0i hann af eiri.4Enn fremur gj\u00f6r\u00f0i hann um altari\u00f0 eirgrind, eins og ri\u00f0i\u00f0 net, fyrir ne\u00f0an umgj\u00f6r\u00f0 \u00feess undir ni\u00f0ri allt upp a\u00f0 mi\u00f0ju \u00feess.5Og hann steypti fj\u00f3ra hringa \u00ed fj\u00f6gur horn eirgrindarinnar til a\u00f0 smeygja \u00ed st\u00f6ngunum.6En stengurnar gj\u00f6r\u00f0i hann af akas\u00eduvi\u00f0i <a href=\"https:\/\/biblian.is\/1981\/onnur-mosebok-38-kafli\/\"> [&#8230;]<\/a><\/p>\n","protected":false},"author":1,"featured_media":0,"parent":0,"menu_order":0,"comment_status":"open","ping_status":"open","template":"bibliukaflar.php","meta":{"footnotes":""},"class_list":["post-1434","page","type-page","status-publish","hentry"],"_links":{"self":[{"href":"https:\/\/biblian.is\/1981\/wp-json\/wp\/v2\/pages\/1434","targetHints":{"allow":["GET"]}}],"collection":[{"href":"https:\/\/biblian.is\/1981\/wp-json\/wp\/v2\/pages"}],"about":[{"href":"https:\/\/biblian.is\/1981\/wp-json\/wp\/v2\/types\/page"}],"author":[{"embeddable":true,"href":"https:\/\/biblian.is\/1981\/wp-json\/wp\/v2\/users\/1"}],"replies":[{"embeddable":true,"href":"https:\/\/biblian.is\/1981\/wp-json\/wp\/v2\/comments?post=1434"}],"version-history":[{"count":0,"href":"https:\/\/biblian.is\/1981\/wp-json\/wp\/v2\/pages\/1434\/revisions"}],"wp:attachment":[{"href":"https:\/\/biblian.is\/1981\/wp-json\/wp\/v2\/media?parent=1434"}],"curies":[{"name":"wp","href":"https:\/\/api.w.org\/{rel}","templated":true}]}}