{"id":1433,"date":"2017-11-18T20:17:20","date_gmt":"2017-11-18T20:17:20","guid":{"rendered":"http:\/\/biblian.is\/1981\/onnur-mosebok-37-kafli\/"},"modified":"2021-06-06T11:04:20","modified_gmt":"2021-06-06T11:04:20","slug":"onnur-mosebok-37-kafli","status":"publish","type":"page","link":"https:\/\/biblian.is\/1981\/onnur-mosebok-37-kafli\/","title":{"rendered":"\u00d6nnur M\u00f3seb\u00f3k 37. kafli"},"content":{"rendered":"<p><a name=\"1\"><span class=\"versanumer\">1<\/span><\/a>Besalel gj\u00f6r\u00f0i \u00f6rkina af akas\u00eduvi\u00f0i. Var h\u00fan h\u00e1lf \u00feri\u00f0ja alin \u00e1 lengd, h\u00e1lf \u00f6nnur alin \u00e1 breidd og h\u00e1lf \u00f6nnur alin \u00e1 h\u00e6\u00f0.<a name=\"2\"><span class=\"versanumer\">2<\/span><\/a>Og hann lag\u00f0i hana sk\u00edru gulli innan og utan og gj\u00f6r\u00f0i umhverfis \u00e1 henni br\u00fan af gulli.<a name=\"3\"><span class=\"versanumer\">3<\/span><\/a>Og hann steypti til arkarinnar fj\u00f3ra hringa af gulli til a\u00f0 festa \u00fe\u00e1 vi\u00f0 fj\u00f3ra f\u00e6tur hennar, s\u00edna tvo hringana hvorumegin.<a name=\"4\"><span class=\"versanumer\">4<\/span><\/a>\u00de\u00e1 gj\u00f6r\u00f0i hann stengur af akas\u00eduvi\u00f0i og gulllag\u00f0i \u00fe\u00e6r,<a name=\"5\"><span class=\"versanumer\">5<\/span><\/a>smeyg\u00f0i s\u00ed\u00f0an st\u00f6ngunum \u00ed hringana \u00e1 hli\u00f0um arkarinnar, svo a\u00f0 bera m\u00e1tti \u00f6rkina.<a name=\"6\"><span class=\"versanumer\">6<\/span><\/a>\u00de\u00e1 gj\u00f6r\u00f0i hann lok af sk\u00edru gulli. Var \u00fea\u00f0 h\u00e1lf \u00feri\u00f0ja alin \u00e1 lengd og h\u00e1lf \u00f6nnur alin \u00e1 breidd.<a name=\"7\"><span class=\"versanumer\">7<\/span><\/a>Og hann gj\u00f6r\u00f0i tvo ker\u00faba af gulli, af drifnu sm\u00ed\u00f0i gj\u00f6r\u00f0i hann \u00fe\u00e1 \u00e1 hvorum tveggja loksendanum.<a name=\"8\"><span class=\"versanumer\">8<\/span><\/a>Var annar ker\u00fabinn \u00e1 \u00f6\u00f0rum endanum, en hinn \u00e1 hinum endanum. Gj\u00f6r\u00f0i hann ker\u00fabana \u00e1fasta vi\u00f0 loki\u00f0 \u00e1 b\u00e1\u00f0um endum \u00feess.<a name=\"9\"><span class=\"versanumer\">9<\/span><\/a>&#8222;En ker\u00fabarnir breiddu \u00fat v\u00e6ngina uppi yfir, svo a\u00f0 \u00feeir huldu loki\u00f0 me\u00f0 v\u00e6ngjum s\u00ednum, og andlit \u00feeirra sneru hvort \u00ed m\u00f3ti \u00f6\u00f0ru; a\u00f0 lokinu sneru andlit ker\u00fabanna.&#8220;<a name=\"10\"><span class=\"versanumer\">10<\/span><\/a>\u00de\u00e1 gj\u00f6r\u00f0i hann bor\u00f0i\u00f0 af akas\u00eduvi\u00f0i, tv\u00e6r \u00e1lnir \u00e1 lengd, alin \u00e1 breidd og h\u00e1lfa a\u00f0ra alin \u00e1 h\u00e6\u00f0.<a name=\"11\"><span class=\"versanumer\">11<\/span><\/a>Lag\u00f0i hann \u00fea\u00f0 sk\u00edru gulli og gj\u00f6r\u00f0i umhverfis \u00e1 \u00fev\u00ed br\u00fan af gulli.<a name=\"12\"><span class=\"versanumer\">12<\/span><\/a>Umhverfis \u00fea\u00f0 gj\u00f6r\u00f0i hann lista \u00feverhandar brei\u00f0an og bj\u00f3 til br\u00fan af gulli umhverfis \u00e1 listanum.<a name=\"13\"><span class=\"versanumer\">13<\/span><\/a>Og hann steypti til bor\u00f0sins fj\u00f3ra hringa af gulli og setti hringana \u00ed fj\u00f6gur hornin, sem voru \u00e1 fj\u00f3rum f\u00f3tum bor\u00f0sins.<a name=\"14\"><span class=\"versanumer\">14<\/span><\/a>Voru hringarnir fast uppi vi\u00f0 listann, svo a\u00f0 \u00ed \u00fe\u00e1 yr\u00f0i smeygt st\u00f6ngunum til \u00feess a\u00f0 bera bor\u00f0i\u00f0.<a name=\"15\"><span class=\"versanumer\">15<\/span><\/a>Og hann gj\u00f6r\u00f0i stengurnar af akas\u00eduvi\u00f0i og gulllag\u00f0i \u00fe\u00e6r, svo a\u00f0 bera m\u00e1tti bor\u00f0i\u00f0.<a name=\"16\"><span class=\"versanumer\">16<\/span><\/a>\u00de\u00e1 bj\u00f3 hann til \u00edl\u00e1tin, er \u00e1 bor\u00f0inu skyldu standa, f\u00f6t \u00feau, er \u00fev\u00ed tilheyr\u00f0u, sk\u00e1lar og ker, og bolla \u00fe\u00e1, er til dreypif\u00f3rnar eru haf\u00f0ir, af sk\u00edru gulli.<a name=\"17\"><span class=\"versanumer\">17<\/span><\/a>Hann gj\u00f6r\u00f0i lj\u00f3sastikuna af sk\u00edru gulli. Me\u00f0 drifnu sm\u00ed\u00f0i gj\u00f6r\u00f0i hann lj\u00f3sastikuna, st\u00e9tt hennar og legg. Bl\u00f3mbikarar hennar, knappar hennar og bl\u00f3m, voru samfastir henni.<a name=\"18\"><span class=\"versanumer\">18<\/span><\/a>Og sex \u00e1lmur l\u00e1gu \u00fat fr\u00e1 hli\u00f0um hennar, \u00ferj\u00e1r \u00e1lmur lj\u00f3sastikunnar \u00fat fr\u00e1 annarri hli\u00f0 hennar og \u00ferj\u00e1r \u00e1lmur lj\u00f3sastikunnar \u00fat fr\u00e1 hinni hli\u00f0 hennar.<a name=\"19\"><span class=\"versanumer\">19<\/span><\/a>\u00der\u00edr bikarar, \u00ed l\u00f6gun sem m\u00f6ndlubl\u00f3m, voru \u00e1 fyrstu \u00e1lmunni, knappur og bl\u00f3m. \u00der\u00edr bikarar, \u00ed l\u00f6gun sem m\u00f6ndlubl\u00f3m, voru \u00e1 n\u00e6stu \u00e1lmunni, knappur og bl\u00f3m. Svo var \u00e1 \u00f6llum sex \u00e1lmunum, sem \u00fat gengu fr\u00e1 lj\u00f3sastikunni.<a name=\"20\"><span class=\"versanumer\">20<\/span><\/a>Og \u00e1 sj\u00e1lfri lj\u00f3sastikunni voru fj\u00f3rir bikarar \u00ed l\u00f6gun sem m\u00f6ndlubl\u00f3m, knappar hennar og bl\u00f3m:<a name=\"21\"><span class=\"versanumer\">21<\/span><\/a>einn knappur undir tveim ne\u00f0stu \u00e1lmunum, samfastur lj\u00f3sastikunni, og annar knappur undir tveim n\u00e6stu \u00e1lmunum, samfastur lj\u00f3sastikunni, og enn knappur undir tveim efstu \u00e1lmunum, samfastur lj\u00f3sastikunni, svo var undir sex \u00e1lmunum, er \u00fat gengu fr\u00e1 lj\u00f3sastikunni.<a name=\"22\"><span class=\"versanumer\">22<\/span><\/a>Knapparnir og \u00e1lmurnar voru samfastar henni. Allt var \u00fea\u00f0 gj\u00f6rt me\u00f0 drifnu sm\u00ed\u00f0i af sk\u00edru gulli.<a name=\"23\"><span class=\"versanumer\">23<\/span><\/a>Og hann gj\u00f6r\u00f0i lampa hennar sj\u00f6 og lj\u00f3sas\u00f6x \u00feau og skarp\u00f6nnur, er henni fylgdu af sk\u00edru gulli.<a name=\"24\"><span class=\"versanumer\">24<\/span><\/a>Af einni talentu sk\u00edragulls gj\u00f6r\u00f0i hann hana me\u00f0 \u00f6llum \u00e1h\u00f6ldum hennar.<a name=\"25\"><span class=\"versanumer\">25<\/span><\/a>\u00de\u00e1 gj\u00f6r\u00f0i hann reykelsisaltari\u00f0 af akas\u00eduvi\u00f0i. \u00dea\u00f0 var \u00e1lnarlangt og \u00e1lnarbreitt, ferhyrnt, tveggja \u00e1lna h\u00e1tt og horn \u00feess \u00e1f\u00f6st vi\u00f0 \u00fea\u00f0.<a name=\"26\"><span class=\"versanumer\">26<\/span><\/a>Og hann lag\u00f0i \u00fea\u00f0 sk\u00edru gulli, b\u00e6\u00f0i a\u00f0 ofan og \u00e1 hli\u00f0unum allt \u00ed kring, svo og horn \u00feess, og hann gj\u00f6r\u00f0i br\u00fan af gulli \u00e1 \u00fev\u00ed allt \u00ed kring.<a name=\"27\"><span class=\"versanumer\">27<\/span><\/a>Og hann gj\u00f6r\u00f0i \u00e1 \u00fev\u00ed tvo hringa af gulli fyrir ne\u00f0an br\u00fanina b\u00e1\u00f0umegin, \u00e1 b\u00e1\u00f0um hli\u00f0um \u00feess, til a\u00f0 smeygja \u00ed st\u00f6ngum til a\u00f0 bera \u00fea\u00f0 \u00e1.<a name=\"28\"><span class=\"versanumer\">28<\/span><\/a>Og stengurnar gj\u00f6r\u00f0i hann af akas\u00eduvi\u00f0i og gulllag\u00f0i \u00fe\u00e6r.<a name=\"29\"><span class=\"versanumer\">29<\/span><\/a>Hann bj\u00f3 og til hina helgu smurningarol\u00edu og hreina ilmreykelsi\u00f0 \u00e1 smyrslarah\u00e1tt.<\/p>\n<div class=\"footnote1981\"><\/div>\n","protected":false},"excerpt":{"rendered":"<p>1Besalel gj\u00f6r\u00f0i \u00f6rkina af akas\u00eduvi\u00f0i. Var h\u00fan h\u00e1lf \u00feri\u00f0ja alin \u00e1 lengd, h\u00e1lf \u00f6nnur alin \u00e1 breidd og h\u00e1lf \u00f6nnur alin \u00e1 h\u00e6\u00f0.2Og hann lag\u00f0i hana sk\u00edru gulli innan og utan og gj\u00f6r\u00f0i umhverfis \u00e1 henni br\u00fan af gulli.3Og hann steypti til arkarinnar fj\u00f3ra hringa af gulli til a\u00f0 festa \u00fe\u00e1 vi\u00f0 fj\u00f3ra f\u00e6tur hennar, s\u00edna tvo hringana hvorumegin.4\u00de\u00e1 gj\u00f6r\u00f0i hann stengur af akas\u00eduvi\u00f0i og gulllag\u00f0i \u00fe\u00e6r,5smeyg\u00f0i s\u00ed\u00f0an st\u00f6ngunum \u00ed hringana \u00e1 hli\u00f0um arkarinnar, svo a\u00f0 bera m\u00e1tti \u00f6rkina.6\u00de\u00e1 gj\u00f6r\u00f0i hann lok af sk\u00edru gulli. Var \u00fea\u00f0 h\u00e1lf \u00feri\u00f0ja alin \u00e1 lengd og h\u00e1lf \u00f6nnur alin \u00e1 breidd.7Og hann gj\u00f6r\u00f0i <a href=\"https:\/\/biblian.is\/1981\/onnur-mosebok-37-kafli\/\"> [&#8230;]<\/a><\/p>\n","protected":false},"author":1,"featured_media":0,"parent":0,"menu_order":0,"comment_status":"open","ping_status":"open","template":"bibliukaflar.php","meta":{"footnotes":""},"class_list":["post-1433","page","type-page","status-publish","hentry"],"_links":{"self":[{"href":"https:\/\/biblian.is\/1981\/wp-json\/wp\/v2\/pages\/1433","targetHints":{"allow":["GET"]}}],"collection":[{"href":"https:\/\/biblian.is\/1981\/wp-json\/wp\/v2\/pages"}],"about":[{"href":"https:\/\/biblian.is\/1981\/wp-json\/wp\/v2\/types\/page"}],"author":[{"embeddable":true,"href":"https:\/\/biblian.is\/1981\/wp-json\/wp\/v2\/users\/1"}],"replies":[{"embeddable":true,"href":"https:\/\/biblian.is\/1981\/wp-json\/wp\/v2\/comments?post=1433"}],"version-history":[{"count":0,"href":"https:\/\/biblian.is\/1981\/wp-json\/wp\/v2\/pages\/1433\/revisions"}],"wp:attachment":[{"href":"https:\/\/biblian.is\/1981\/wp-json\/wp\/v2\/media?parent=1433"}],"curies":[{"name":"wp","href":"https:\/\/api.w.org\/{rel}","templated":true}]}}