{"id":1432,"date":"2017-11-18T20:17:20","date_gmt":"2017-11-18T20:17:20","guid":{"rendered":"http:\/\/biblian.is\/1981\/onnur-mosebok-36-kafli\/"},"modified":"2021-06-06T11:04:20","modified_gmt":"2021-06-06T11:04:20","slug":"onnur-mosebok-36-kafli","status":"publish","type":"page","link":"https:\/\/biblian.is\/1981\/onnur-mosebok-36-kafli\/","title":{"rendered":"\u00d6nnur M\u00f3seb\u00f3k 36. kafli"},"content":{"rendered":"<p><a name=\"1\"><span class=\"versanumer\">1<\/span><\/a>Og skulu \u00feeir Besalel og Ohol\u00edab og allir hugvitsmenn, er Drottinn hefir gefi\u00f0 hugvit og kunn\u00e1ttu, svo a\u00f0 \u00feeir bera skyn \u00e1, hvernig gj\u00f6ra skal allt \u00fea\u00f0 verk, er a\u00f0 helgid\u00f3msgj\u00f6r\u00f0inni l\u00fdtur, gj\u00f6ra allt eins og Drottinn hefir bo\u00f0i\u00f0.<a name=\"2\"><span class=\"versanumer\">2<\/span><\/a>M\u00f3se l\u00e9t \u00fe\u00e1 kalla Besalel og Ohol\u00edab og alla hugvitsmenn, er Drottinn haf\u00f0i gefi\u00f0 hugvit, alla \u00fe\u00e1, sem af f\u00fasum huga gengu a\u00f0 verkinu til a\u00f0 vinna \u00fea\u00f0.<a name=\"3\"><span class=\"versanumer\">3<\/span><\/a>T\u00f3ku \u00feeir vi\u00f0 af M\u00f3se \u00f6llum gj\u00f6funum, sem \u00cdsraelsmenn h\u00f6f\u00f0u fram bori\u00f0 til framkv\u00e6mda \u00fev\u00ed verki, er a\u00f0 helgid\u00f3msgj\u00f6r\u00f0inni laut. En \u00feeir f\u00e6r\u00f0u honum \u00e1 hverjum morgni eftir sem \u00e1\u00f0ur gjafir sj\u00e1lfviljuglega.<a name=\"4\"><span class=\"versanumer\">4<\/span><\/a>\u00de\u00e1 komu allir hugvitsmennirnir, sem st\u00f6rfu\u00f0u a\u00f0 helgid\u00f3msgj\u00f6r\u00f0inni \u00ed sm\u00e1u og st\u00f3ru, hver fr\u00e1 s\u00ednu verki, sem \u00feeir voru a\u00f0 vinna,<a name=\"5\"><span class=\"versanumer\">5<\/span><\/a>og s\u00f6g\u00f0u vi\u00f0 M\u00f3se \u00e1 \u00feessa lei\u00f0: F\u00f3lki\u00f0 leggur til miklu meira en \u00fe\u00f6rf gj\u00f6rist til a\u00f0 vinna \u00fea\u00f0 verk, sem Drottinn hefur bo\u00f0i\u00f0 a\u00f0 gj\u00f6ra.<a name=\"6\"><span class=\"versanumer\">6<\/span><\/a>\u00de\u00e1 bau\u00f0 M\u00f3se a\u00f0 l\u00e1ta \u00feetta bo\u00f0 \u00fat ganga um herb\u00fa\u00f0irnar: Enginn, hvorki karl n\u00e9 kona, skal framar hafa nokkurn starfa me\u00f0 h\u00f6ndum \u00ed \u00fev\u00ed skyni a\u00f0 gefa til helgid\u00f3msins. L\u00e9t f\u00f3lki\u00f0 \u00fe\u00e1 af a\u00f0 f\u00e6ra gjafir.<a name=\"7\"><span class=\"versanumer\">7<\/span><\/a>Var \u00fe\u00e1 gn\u00f3gt verkefni fyrir \u00fe\u00e1 til alls \u00feess, er gj\u00f6ra \u00feurfti, og jafnvel nokku\u00f0 afgangs.<a name=\"8\"><span class=\"versanumer\">8<\/span><\/a>Gj\u00f6r\u00f0u n\u00fa allir hugvitsmenn me\u00f0al \u00feeirra, er a\u00f0 verkinu unnu, tjaldb\u00fa\u00f0ina af t\u00edu d\u00fakum. Voru \u00feeir gj\u00f6r\u00f0ir af tvinna\u00f0ri ba\u00f0mull, bl\u00e1um purpura, rau\u00f0um purpura og skarlati, og listofnir ker\u00fabar \u00e1.<a name=\"9\"><span class=\"versanumer\">9<\/span><\/a>Hver d\u00fakur var tuttugu og \u00e1tta \u00e1lna langur og fj\u00f6gra \u00e1lna brei\u00f0ur, og voru allir d\u00fakarnir jafnir a\u00f0 m\u00e1li.<a name=\"10\"><span class=\"versanumer\">10<\/span><\/a>Fimm d\u00fakarnir voru tengdir saman hver vi\u00f0 annan, og eins voru hinir fimm d\u00fakarnir tengdir saman hver vi\u00f0 annan.<a name=\"11\"><span class=\"versanumer\">11<\/span><\/a>\u00de\u00e1 voru gj\u00f6r\u00f0ar lykkjur af bl\u00e1um purpura \u00e1 ja\u00f0ri ysta d\u00faksins \u00ed samfellunni. Eins var gj\u00f6rt \u00e1 ja\u00f0ri ysta d\u00faksins \u00ed hinni samfellunni.<a name=\"12\"><span class=\"versanumer\">12<\/span><\/a>Fimmt\u00edu lykkjur voru gj\u00f6r\u00f0ar \u00e1 \u00f6\u00f0rum d\u00faknum, og eins voru gj\u00f6r\u00f0ar fimmt\u00edu lykkjur \u00e1 ja\u00f0ri \u00feess d\u00faksins, sem var \u00ed hinni samfellunni, svo a\u00f0 lykkjurnar st\u00f3\u00f0ust \u00e1 hver vi\u00f0 a\u00f0ra.<a name=\"13\"><span class=\"versanumer\">13<\/span><\/a>\u00de\u00e1 voru gj\u00f6r\u00f0ir fimmt\u00edu kr\u00f3kar af gulli og d\u00fakarnir tengdir saman hver vi\u00f0 annan me\u00f0 kr\u00f3kunum, svo a\u00f0 tjaldb\u00fa\u00f0in var\u00f0 ein heild.<a name=\"14\"><span class=\"versanumer\">14<\/span><\/a>\u00dev\u00ed n\u00e6st voru gj\u00f6r\u00f0ir d\u00fakar af geitah\u00e1ri til a\u00f0 tjalda me\u00f0 yfir b\u00fa\u00f0ina, ellefu a\u00f0 t\u00f6lu.<a name=\"15\"><span class=\"versanumer\">15<\/span><\/a>Hver d\u00fakur var \u00ferj\u00e1t\u00edu \u00e1lna langur og fj\u00f6gra \u00e1lna brei\u00f0ur, og voru allir ellefu d\u00fakarnir jafnir a\u00f0 m\u00e1li.<a name=\"16\"><span class=\"versanumer\">16<\/span><\/a>\u00de\u00e1 voru tengdir saman fimm d\u00fakar s\u00e9r og sex d\u00fakar s\u00e9r,<a name=\"17\"><span class=\"versanumer\">17<\/span><\/a>og s\u00ed\u00f0an b\u00fanar til fimmt\u00edu lykkjur \u00e1 ja\u00f0ri ysta d\u00faksins \u00ed annarri samfellunni og eins fimmt\u00edu lykkjur \u00e1 d\u00fakja\u00f0ri hinnar samfellunnar.<a name=\"18\"><span class=\"versanumer\">18<\/span><\/a>\u00de\u00e1 voru gj\u00f6r\u00f0ir fimmt\u00edu eirkr\u00f3kar til a\u00f0 tengja saman tjaldi\u00f0, svo a\u00f0 \u00fea\u00f0 var\u00f0 ein heild.<a name=\"19\"><span class=\"versanumer\">19<\/span><\/a>\u00de\u00e1 var enn gj\u00f6rt \u00feak yfir tjaldi\u00f0 af rau\u00f0litu\u00f0um hr\u00fatskinnum og enn eitt \u00feak \u00fear utan yfir af h\u00f6frungaskinnum.<a name=\"20\"><span class=\"versanumer\">20<\/span><\/a>\u00dev\u00ed n\u00e6st voru gj\u00f6r\u00f0 \u00feiljubor\u00f0in \u00ed tjaldb\u00fa\u00f0ina. Voru \u00feau af akas\u00eduvi\u00f0i og st\u00f3\u00f0u upp og ofan.<a name=\"21\"><span class=\"versanumer\">21<\/span><\/a>Var hvert bor\u00f0 t\u00edu \u00e1lnir \u00e1 lengd og h\u00e1lf \u00f6nnur alin \u00e1 breidd.<a name=\"22\"><span class=\"versanumer\">22<\/span><\/a>\u00c1 hverju bor\u00f0i voru tveir tappar, b\u00e1\u00f0ir sameina\u00f0ir. Var svo gj\u00f6rt \u00e1 \u00f6llum bor\u00f0um tjaldb\u00fa\u00f0arinnar.<a name=\"23\"><span class=\"versanumer\">23<\/span><\/a>Og \u00feannig voru bor\u00f0in \u00ed tjaldb\u00fa\u00f0ina gj\u00f6r\u00f0: Tuttugu bor\u00f0 \u00ed su\u00f0urhli\u00f0ina,<a name=\"24\"><span class=\"versanumer\">24<\/span><\/a>og fj\u00f6rut\u00edu undirst\u00f6\u00f0ur af silfri voru b\u00fanar til undir tuttugu bor\u00f0in, tv\u00e6r undirst\u00f6\u00f0ur undir hvert bor\u00f0, s\u00edn fyrir hvorn tappa.<a name=\"25\"><span class=\"versanumer\">25<\/span><\/a>Og \u00ed hina hli\u00f0 tjaldb\u00fa\u00f0arinnar, nor\u00f0urhli\u00f0ina, voru gj\u00f6r\u00f0 tuttugu bor\u00f0<a name=\"26\"><span class=\"versanumer\">26<\/span><\/a>og fj\u00f6rut\u00edu undirst\u00f6\u00f0ur af silfri, tv\u00e6r undirst\u00f6\u00f0ur undir hvert bor\u00f0.<a name=\"27\"><span class=\"versanumer\">27<\/span><\/a>\u00cd afturgafl b\u00fa\u00f0arinnar, gegnt vestri, voru gj\u00f6r\u00f0 sex bor\u00f0.<a name=\"28\"><span class=\"versanumer\">28<\/span><\/a>Og tv\u00f6 bor\u00f0 voru gj\u00f6r\u00f0 \u00ed b\u00fa\u00f0arhornin \u00e1 afturgaflinum.<a name=\"29\"><span class=\"versanumer\">29<\/span><\/a>Voru \u00feau tv\u00f6f\u00f6ld a\u00f0 ne\u00f0an og h\u00e9ldu s\u00f6mulei\u00f0is fullu m\u00e1li upp \u00far allt til hins fyrsta hrings. \u00deannig var \u00feeim h\u00e1tta\u00f0 hvorum tveggja \u00e1 b\u00e1\u00f0um hornunum.<a name=\"30\"><span class=\"versanumer\">30<\/span><\/a>Bor\u00f0in voru \u00e1tta og me\u00f0 undirst\u00f6\u00f0um af silfri, sext\u00e1n undirst\u00f6\u00f0um, tveim undirst\u00f6\u00f0um undir hverju bor\u00f0i.<a name=\"31\"><span class=\"versanumer\">31<\/span><\/a>\u00dev\u00ed n\u00e6st voru gj\u00f6r\u00f0ar sl\u00e1r af akas\u00eduvi\u00f0i, fimm \u00e1 bor\u00f0in \u00ed annarri hli\u00f0 b\u00fa\u00f0arinnar<a name=\"32\"><span class=\"versanumer\">32<\/span><\/a>og fimm sl\u00e1r \u00e1 bor\u00f0in \u00ed hinni hli\u00f0 b\u00fa\u00f0arinnar og fimm sl\u00e1r \u00e1 bor\u00f0in \u00ed afturgafli b\u00fa\u00f0arinnar, gegnt vestri.<a name=\"33\"><span class=\"versanumer\">33<\/span><\/a>\u00de\u00e1 var gj\u00f6r\u00f0 mi\u00f0sl\u00e1in og l\u00e1tin liggja \u00e1 mi\u00f0jum bor\u00f0unum alla lei\u00f0, fr\u00e1 einum enda til annars.<a name=\"34\"><span class=\"versanumer\">34<\/span><\/a>Og voru bor\u00f0in gulll\u00f6g\u00f0, en hringarnir \u00e1 \u00feeim, sem sl\u00e1rnar gengu \u00ed, gj\u00f6r\u00f0ir af gulli. Sl\u00e1rnar voru og gulllag\u00f0ar.<a name=\"35\"><span class=\"versanumer\">35<\/span><\/a>\u00de\u00e1 var fortjaldi\u00f0 gj\u00f6rt af bl\u00e1um purpura, rau\u00f0um purpura, skarlati og tvinna\u00f0ri ba\u00f0mull. Var \u00fea\u00f0 til b\u00fai\u00f0 me\u00f0 listvefna\u00f0i og ker\u00fabar \u00e1.<a name=\"36\"><span class=\"versanumer\">36<\/span><\/a>Til \u00feess voru gj\u00f6r\u00f0ir fj\u00f3rir st\u00f3lpar af akas\u00eduvi\u00f0i. Voru \u00feeir gulllag\u00f0ir og naglarnir \u00ed \u00feeim af gulli, en undir st\u00f3lpana voru steyptar fj\u00f3rar undirst\u00f6\u00f0ur af silfri.<a name=\"37\"><span class=\"versanumer\">37<\/span><\/a>D\u00fakbrei\u00f0a var og gj\u00f6r\u00f0 fyrir dyr tjaldsins, af bl\u00e1um purpura, rau\u00f0um purpura, skarlati og tvinna\u00f0ri ba\u00f0mull, og glitofin,<a name=\"38\"><span class=\"versanumer\">38<\/span><\/a>svo og fimm st\u00f3lparnir er henni fylgdu og naglarnir \u00ed \u00feeim. Voru st\u00f3lpah\u00f6fu\u00f0in gulll\u00f6g\u00f0 og hringrandir \u00feeirra, en fimm undirst\u00f6\u00f0urnar undir \u00feeim voru af eiri.<\/p>\n<div class=\"footnote1981\"><\/div>\n","protected":false},"excerpt":{"rendered":"<p>1Og skulu \u00feeir Besalel og Ohol\u00edab og allir hugvitsmenn, er Drottinn hefir gefi\u00f0 hugvit og kunn\u00e1ttu, svo a\u00f0 \u00feeir bera skyn \u00e1, hvernig gj\u00f6ra skal allt \u00fea\u00f0 verk, er a\u00f0 helgid\u00f3msgj\u00f6r\u00f0inni l\u00fdtur, gj\u00f6ra allt eins og Drottinn hefir bo\u00f0i\u00f0.2M\u00f3se l\u00e9t \u00fe\u00e1 kalla Besalel og Ohol\u00edab og alla hugvitsmenn, er Drottinn haf\u00f0i gefi\u00f0 hugvit, alla \u00fe\u00e1, sem af f\u00fasum huga gengu a\u00f0 verkinu til a\u00f0 vinna \u00fea\u00f0.3T\u00f3ku \u00feeir vi\u00f0 af M\u00f3se \u00f6llum gj\u00f6funum, sem \u00cdsraelsmenn h\u00f6f\u00f0u fram bori\u00f0 til framkv\u00e6mda \u00fev\u00ed verki, er a\u00f0 helgid\u00f3msgj\u00f6r\u00f0inni laut. En \u00feeir f\u00e6r\u00f0u honum \u00e1 hverjum morgni eftir sem \u00e1\u00f0ur gjafir sj\u00e1lfviljuglega.4\u00de\u00e1 komu allir hugvitsmennirnir, <a href=\"https:\/\/biblian.is\/1981\/onnur-mosebok-36-kafli\/\"> [&#8230;]<\/a><\/p>\n","protected":false},"author":1,"featured_media":0,"parent":0,"menu_order":0,"comment_status":"open","ping_status":"open","template":"bibliukaflar.php","meta":{"footnotes":""},"class_list":["post-1432","page","type-page","status-publish","hentry"],"_links":{"self":[{"href":"https:\/\/biblian.is\/1981\/wp-json\/wp\/v2\/pages\/1432","targetHints":{"allow":["GET"]}}],"collection":[{"href":"https:\/\/biblian.is\/1981\/wp-json\/wp\/v2\/pages"}],"about":[{"href":"https:\/\/biblian.is\/1981\/wp-json\/wp\/v2\/types\/page"}],"author":[{"embeddable":true,"href":"https:\/\/biblian.is\/1981\/wp-json\/wp\/v2\/users\/1"}],"replies":[{"embeddable":true,"href":"https:\/\/biblian.is\/1981\/wp-json\/wp\/v2\/comments?post=1432"}],"version-history":[{"count":0,"href":"https:\/\/biblian.is\/1981\/wp-json\/wp\/v2\/pages\/1432\/revisions"}],"wp:attachment":[{"href":"https:\/\/biblian.is\/1981\/wp-json\/wp\/v2\/media?parent=1432"}],"curies":[{"name":"wp","href":"https:\/\/api.w.org\/{rel}","templated":true}]}}