{"id":1431,"date":"2017-11-18T20:17:20","date_gmt":"2017-11-18T20:17:20","guid":{"rendered":"http:\/\/biblian.is\/1981\/onnur-mosebok-35-kafli\/"},"modified":"2021-06-06T11:04:20","modified_gmt":"2021-06-06T11:04:20","slug":"onnur-mosebok-35-kafli","status":"publish","type":"page","link":"https:\/\/biblian.is\/1981\/onnur-mosebok-35-kafli\/","title":{"rendered":"\u00d6nnur M\u00f3seb\u00f3k 35. kafli"},"content":{"rendered":"<p><a name=\"1\"><span class=\"versanumer\">1<\/span><\/a>M\u00f3se stefndi saman \u00f6llum s\u00f6fnu\u00f0i \u00cdsraelsmanna og sag\u00f0i vi\u00f0 \u00fe\u00e1: \u00deetta er \u00fea\u00f0, sem Drottinn hefir bo\u00f0i\u00f0 a\u00f0 gj\u00f6ra:<a name=\"2\"><span class=\"versanumer\">2<\/span><\/a>Sex daga skal verk vinna, en sj\u00f6undi dagurinn skal vera y\u00f0ur helgur hv\u00edldardagur, h\u00e1t\u00ed\u00f0arhv\u00edld Drottins. Hver sem verk vinnur \u00e1 \u00feeim degi, skal l\u00edfl\u00e1tinn ver\u00f0a.<a name=\"3\"><span class=\"versanumer\">3<\/span><\/a>Hvergi skulu\u00f0 \u00fe\u00e9r kveikja upp eld \u00ed h\u00edb\u00fdlum y\u00f0ar \u00e1 hv\u00edldardegi.<a name=\"4\"><span class=\"versanumer\">4<\/span><\/a>M\u00f3se tala\u00f0i til alls safna\u00f0ar \u00cdsraelsmanna og m\u00e6lti: \u00deetta er \u00fea\u00f0, sem Drottinn hefir bo\u00f0i\u00f0:<a name=\"5\"><span class=\"versanumer\">5<\/span><\/a>&#8222;F\u00e6ri\u00f0 Drottni gj\u00f6f af \u00fev\u00ed, sem \u00fe\u00e9r eigi\u00f0. Hver s\u00e1, er gefa vill af f\u00fasum huga, beri fram gj\u00f6f Drottni til handa: gull, silfur og eir;&#8220;<a name=\"6\"><span class=\"versanumer\">6<\/span><\/a>&#8222;bl\u00e1an purpura, rau\u00f0an purpura, skarlat, ba\u00f0mull og geitah\u00e1r;&#8220;<a name=\"7\"><span class=\"versanumer\">7<\/span><\/a>&#8222;rau\u00f0litu\u00f0 hr\u00fatskinn, h\u00f6frungaskinn og akas\u00eduvi\u00f0;&#8220;<a name=\"8\"><span class=\"versanumer\">8<\/span><\/a>&#8222;ol\u00edu til lj\u00f3sastikunnar, kryddjurtir til smurningarol\u00edu og ilmreykelsis;&#8220;<a name=\"9\"><span class=\"versanumer\">9<\/span><\/a>sj\u00f3amsteina og steina til legginga \u00e1 h\u00f6kulinn og brj\u00f3stskj\u00f6ldinn.<a name=\"10\"><span class=\"versanumer\">10<\/span><\/a>Og allir hagleiksmenn me\u00f0al y\u00f0ar komi og b\u00fai til allt \u00fea\u00f0, sem Drottinn hefir bo\u00f0i\u00f0:<a name=\"11\"><span class=\"versanumer\">11<\/span><\/a>b\u00fa\u00f0ina, tj\u00f6ldin yfir hana, \u00feak hennar, kr\u00f3ka, bor\u00f0, sl\u00e1r, st\u00f3lpa og undirst\u00f6\u00f0ur,<a name=\"12\"><span class=\"versanumer\">12<\/span><\/a>\u00f6rkina og stengurnar, er henni fylgja, loki\u00f0 og fortjaldsd\u00fakbrei\u00f0una,<a name=\"13\"><span class=\"versanumer\">13<\/span><\/a>bor\u00f0i\u00f0 og stengurnar, er \u00fev\u00ed fylgja, \u00f6ll \u00e1h\u00f6ld \u00feess og sko\u00f0unarbrau\u00f0in,<a name=\"14\"><span class=\"versanumer\">14<\/span><\/a>lj\u00f3sastikuna, \u00e1h\u00f6ld \u00feau og lampa, er henni fylgja, og ol\u00edu til lj\u00f3sastikunnar,<a name=\"15\"><span class=\"versanumer\">15<\/span><\/a>reykelsisaltari\u00f0 og stengurnar, er \u00fev\u00ed fylgja, smurningarol\u00eduna, ilmreykelsi\u00f0 og d\u00fakbrei\u00f0una fyrir dyrnar, fyrir dyr b\u00fa\u00f0arinnar,<a name=\"16\"><span class=\"versanumer\">16<\/span><\/a>brennif\u00f3rnaraltari\u00f0 og eirgrindina, sem \u00fev\u00ed fylgir, stengur \u00feess og \u00f6ll \u00e1h\u00f6ld, og keri\u00f0 me\u00f0 st\u00e9tt \u00feess,<a name=\"17\"><span class=\"versanumer\">17<\/span><\/a>tj\u00f6ld forgar\u00f0sins, st\u00f3lpa hans me\u00f0 undirst\u00f6\u00f0um og d\u00fakbrei\u00f0una fyrir hli\u00f0 forgar\u00f0sins,<a name=\"18\"><span class=\"versanumer\">18<\/span><\/a>h\u00e6la b\u00fa\u00f0arinnar og h\u00e6la forgar\u00f0sins og \u00feau st\u00f6g, sem \u00fear til heyra,<a name=\"19\"><span class=\"versanumer\">19<\/span><\/a>glitkl\u00e6\u00f0in til emb\u00e6ttisgj\u00f6r\u00f0ar \u00ed helgid\u00f3minum, hin helgu kl\u00e6\u00f0i Arons prests og prests\u00fej\u00f3nustukl\u00e6\u00f0i sona hans.<a name=\"20\"><span class=\"versanumer\">20<\/span><\/a>\u00dev\u00ed n\u00e6st gekk allur s\u00f6fnu\u00f0ur \u00cdsraelsmanna burt fr\u00e1 M\u00f3se.<a name=\"21\"><span class=\"versanumer\">21<\/span><\/a>Komu \u00fe\u00e1 allir, sem g\u00e1fu af f\u00fasum huga og me\u00f0 lj\u00fafu ge\u00f0i, og f\u00e6r\u00f0u Drottni gjafir til a\u00f0 gj\u00f6ra af samfundatjaldi\u00f0 og allt \u00fea\u00f0, sem \u00feurfti til \u00fej\u00f3nustugj\u00f6r\u00f0arinnar \u00ed \u00fev\u00ed og til hinna helgu kl\u00e6\u00f0a.<a name=\"22\"><span class=\"versanumer\">22<\/span><\/a>Og \u00feeir komu, b\u00e6\u00f0i menn og konur, allir \u00feeir, sem f\u00fasir voru a\u00f0 gefa, og f\u00e6r\u00f0u spangir, eyrnagull, hringa, h\u00e1lsmen og alls konar gullgripi, svo og hver s\u00e1, er f\u00e6ra vildi Drottni gull a\u00f0 f\u00f3rnargj\u00f6f.<a name=\"23\"><span class=\"versanumer\">23<\/span><\/a>Og hver ma\u00f0ur, sem \u00e1tti \u00ed eigu sinni bl\u00e1an purpura, rau\u00f0an purpura, skarlat, ba\u00f0mull, geitah\u00e1r, rau\u00f0litu\u00f0 hr\u00fatskinn og h\u00f6frungaskinn, bar \u00fea\u00f0 fram.<a name=\"24\"><span class=\"versanumer\">24<\/span><\/a>Og hver sem bar fram silfur og eir a\u00f0 f\u00f3rnargj\u00f6f, f\u00e6r\u00f0i \u00fea\u00f0 Drottni a\u00f0 f\u00f3rnargj\u00f6f, og hver sem \u00e1tti \u00ed eigu sinni akas\u00eduvi\u00f0 til hvers \u00feess sm\u00ed\u00f0is, er gj\u00f6ra skyldi, bar hann fram.<a name=\"25\"><span class=\"versanumer\">25<\/span><\/a>Og allar hagvirkar konur spunnu me\u00f0 h\u00f6ndum s\u00ednum og b\u00e1ru fram spuna sinn: bl\u00e1an purpura, rau\u00f0an purpura, skarlat og ba\u00f0mull.<a name=\"26\"><span class=\"versanumer\">26<\/span><\/a>Og allar konur, sem til \u00feess voru f\u00fasar og h\u00f6f\u00f0u kunn\u00e1ttu til, spunnu geitah\u00e1r.<a name=\"27\"><span class=\"versanumer\">27<\/span><\/a>En foringjarnir f\u00e6r\u00f0u sj\u00f3amsteina og steina til legginga \u00e1 h\u00f6kulinn og brj\u00f3stskj\u00f6ldinn,<a name=\"28\"><span class=\"versanumer\">28<\/span><\/a>og kryddjurtir og ol\u00edu til lj\u00f3sastikunnar og til smurningarol\u00edu og ilmreykelsis.<a name=\"29\"><span class=\"versanumer\">29<\/span><\/a>\u00cdsraelsmenn f\u00e6r\u00f0u Drottni \u00feessar gjafir sj\u00e1lfviljuglega, hver ma\u00f0ur og hver kona, er f\u00faslega vildi l\u00e1ta eitthva\u00f0 af hendi rakna til alls \u00feess verks, er Drottinn haf\u00f0i bo\u00f0i\u00f0 M\u00f3se a\u00f0 gj\u00f6ra.<a name=\"30\"><span class=\"versanumer\">30<\/span><\/a>M\u00f3se sag\u00f0i vi\u00f0 \u00cdsraelsmenn: Sj\u00e1i\u00f0, Drottinn hefir kvatt til Besalel \u00dar\u00edson, H\u00farssonar, af J\u00fada \u00e6ttkv\u00edsl<a name=\"31\"><span class=\"versanumer\">31<\/span><\/a>og fyllt hann Gu\u00f0s anda, b\u00e6\u00f0i v\u00edsd\u00f3mi, skilningi, kunn\u00e1ttu og hvers konar hagleik,<a name=\"32\"><span class=\"versanumer\">32<\/span><\/a>til \u00feess a\u00f0 upphugsa listaverk og sm\u00ed\u00f0a \u00far gulli, silfri og eiri<a name=\"33\"><span class=\"versanumer\">33<\/span><\/a>og skera steina til greypingar og til tr\u00e9skur\u00f0ar, til \u00feess a\u00f0 vinna a\u00f0 hvers konar hagvirki.<a name=\"34\"><span class=\"versanumer\">34<\/span><\/a>Hann hefir og gefi\u00f0 honum \u00fe\u00e1 g\u00e1fu a\u00f0 kenna \u00f6\u00f0rum, b\u00e6\u00f0i honum og Ohol\u00edab Ak\u00edsamakssyni af Dans \u00e6ttkv\u00edsl.<a name=\"35\"><span class=\"versanumer\">35<\/span><\/a>Hann hefir fyllt \u00fe\u00e1 hugviti til alls konar \u00fatskur\u00f0ar, listvefna\u00f0ar, glitvefna\u00f0ar af bl\u00e1um purpura, rau\u00f0um purpura, skarlati og ba\u00f0mull, og til d\u00fakvefna\u00f0ar, svo a\u00f0 \u00feeir geta frami\u00f0 alls konar i\u00f0n og upphugsa\u00f0 listaverk.<\/p>\n<div class=\"footnote1981\"><\/div>\n","protected":false},"excerpt":{"rendered":"<p>1M\u00f3se stefndi saman \u00f6llum s\u00f6fnu\u00f0i \u00cdsraelsmanna og sag\u00f0i vi\u00f0 \u00fe\u00e1: \u00deetta er \u00fea\u00f0, sem Drottinn hefir bo\u00f0i\u00f0 a\u00f0 gj\u00f6ra:2Sex daga skal verk vinna, en sj\u00f6undi dagurinn skal vera y\u00f0ur helgur hv\u00edldardagur, h\u00e1t\u00ed\u00f0arhv\u00edld Drottins. Hver sem verk vinnur \u00e1 \u00feeim degi, skal l\u00edfl\u00e1tinn ver\u00f0a.3Hvergi skulu\u00f0 \u00fe\u00e9r kveikja upp eld \u00ed h\u00edb\u00fdlum y\u00f0ar \u00e1 hv\u00edldardegi.4M\u00f3se tala\u00f0i til alls safna\u00f0ar \u00cdsraelsmanna og m\u00e6lti: \u00deetta er \u00fea\u00f0, sem Drottinn hefir bo\u00f0i\u00f0:5&#8222;F\u00e6ri\u00f0 Drottni gj\u00f6f af \u00fev\u00ed, sem \u00fe\u00e9r eigi\u00f0. Hver s\u00e1, er gefa vill af f\u00fasum huga, beri fram gj\u00f6f Drottni til handa: gull, silfur og eir;&#8220;6&#8222;bl\u00e1an purpura, rau\u00f0an purpura, skarlat, ba\u00f0mull og geitah\u00e1r;&#8220;7&#8222;rau\u00f0litu\u00f0 hr\u00fatskinn, <a href=\"https:\/\/biblian.is\/1981\/onnur-mosebok-35-kafli\/\"> [&#8230;]<\/a><\/p>\n","protected":false},"author":1,"featured_media":0,"parent":0,"menu_order":0,"comment_status":"open","ping_status":"open","template":"bibliukaflar.php","meta":{"footnotes":""},"class_list":["post-1431","page","type-page","status-publish","hentry"],"_links":{"self":[{"href":"https:\/\/biblian.is\/1981\/wp-json\/wp\/v2\/pages\/1431","targetHints":{"allow":["GET"]}}],"collection":[{"href":"https:\/\/biblian.is\/1981\/wp-json\/wp\/v2\/pages"}],"about":[{"href":"https:\/\/biblian.is\/1981\/wp-json\/wp\/v2\/types\/page"}],"author":[{"embeddable":true,"href":"https:\/\/biblian.is\/1981\/wp-json\/wp\/v2\/users\/1"}],"replies":[{"embeddable":true,"href":"https:\/\/biblian.is\/1981\/wp-json\/wp\/v2\/comments?post=1431"}],"version-history":[{"count":0,"href":"https:\/\/biblian.is\/1981\/wp-json\/wp\/v2\/pages\/1431\/revisions"}],"wp:attachment":[{"href":"https:\/\/biblian.is\/1981\/wp-json\/wp\/v2\/media?parent=1431"}],"curies":[{"name":"wp","href":"https:\/\/api.w.org\/{rel}","templated":true}]}}