{"id":1430,"date":"2017-11-18T20:17:20","date_gmt":"2017-11-18T20:17:20","guid":{"rendered":"http:\/\/biblian.is\/1981\/onnur-mosebok-34-kafli\/"},"modified":"2021-06-06T11:04:19","modified_gmt":"2021-06-06T11:04:19","slug":"onnur-mosebok-34-kafli","status":"publish","type":"page","link":"https:\/\/biblian.is\/1981\/onnur-mosebok-34-kafli\/","title":{"rendered":"\u00d6nnur M\u00f3seb\u00f3k 34. kafli"},"content":{"rendered":"<p><a name=\"1\"><span class=\"versanumer\">1<\/span><\/a>Drottinn sag\u00f0i vi\u00f0 M\u00f3se: H\u00f6gg \u00fe\u00e9r tv\u00e6r t\u00f6flur af steini, eins og hinar fyrri voru. Mun \u00e9g \u00fe\u00e1 rita \u00e1 t\u00f6flurnar \u00feau or\u00f0, sem st\u00f3\u00f0u \u00e1 hinum fyrri t\u00f6flunum, er \u00fe\u00fa braust \u00ed sundur.<a name=\"2\"><span class=\"versanumer\">2<\/span><\/a>Og ver b\u00fainn \u00e1 morgun og st\u00edg \u00e1rla upp \u00e1 S\u00edna\u00edfjall og kom \u00fear til m\u00edn uppi \u00e1 fjallstindinum.<a name=\"3\"><span class=\"versanumer\">3<\/span><\/a>Enginn ma\u00f0ur m\u00e1 fara upp \u00feanga\u00f0 me\u00f0 \u00fe\u00e9r, og enginn m\u00e1 heldur l\u00e1ta sj\u00e1 sig nokkurs sta\u00f0ar \u00e1 fjallinu. Eigi mega heldur sau\u00f0ir e\u00f0a naut vera \u00e1 beit uppi undir fjallinu.<a name=\"4\"><span class=\"versanumer\">4<\/span><\/a>\u00de\u00e1 hj\u00f3 M\u00f3se tv\u00e6r t\u00f6flur af steini, eins og hinar fyrri. Og hann reis \u00e1rla n\u00e6sta morgun og gekk upp \u00e1 S\u00edna\u00edfjall eins og Drottinn haf\u00f0i bo\u00f0i\u00f0 honum og t\u00f3k \u00ed h\u00f6nd s\u00e9r b\u00e1\u00f0ar steint\u00f6flurnar.<a name=\"5\"><span class=\"versanumer\">5<\/span><\/a>\u00de\u00e1 steig Drottinn ni\u00f0ur \u00ed sk\u00fdi, en sta\u00f0n\u00e6mdist \u00fear hj\u00e1 honum og kalla\u00f0i nafn Drottins.<a name=\"6\"><span class=\"versanumer\">6<\/span><\/a>Drottinn gekk fram hj\u00e1 honum og kalla\u00f0i: Drottinn, Drottinn, miskunnsamur og l\u00edknsamur Gu\u00f0, \u00feolinm\u00f3\u00f0ur, g\u00e6skur\u00edkur og harla tr\u00fafastur,<a name=\"7\"><span class=\"versanumer\">7<\/span><\/a>sem au\u00f0s\u00fdnir g\u00e6sku \u00fe\u00fasundum og fyrirgefur misgj\u00f6r\u00f0ir, afbrot og syndir, en l\u00e6tur \u00feeirra \u00fe\u00f3 eigi me\u00f0 \u00f6llu \u00f3hegnt, heldur vitjar misgj\u00f6r\u00f0a fe\u00f0ranna \u00e1 b\u00f6rnum og barnab\u00f6rnum, j\u00e1 \u00ed \u00feri\u00f0ja og fj\u00f3r\u00f0a li\u00f0.<a name=\"8\"><span class=\"versanumer\">8<\/span><\/a>M\u00f3se f\u00e9ll \u00fe\u00e1 skj\u00f3tlega til jar\u00f0ar og tilba\u00f0.<a name=\"9\"><span class=\"versanumer\">9<\/span><\/a>Og hann sag\u00f0i: Hafi \u00e9g, Drottinn, fundi\u00f0 n\u00e1\u00f0 \u00ed augum \u00fe\u00ednum, \u00fe\u00e1 fari Drottinn me\u00f0 oss, \u00fev\u00ed a\u00f0 \u00feetta er har\u00f0sv\u00edra\u00f0ur l\u00fd\u00f0ur. En fyrirgef oss misgj\u00f6r\u00f0ir vorar og syndir, og gj\u00f6r oss a\u00f0 \u00feinni eign.<a name=\"10\"><span class=\"versanumer\">10<\/span><\/a>Drottinn sag\u00f0i: Sj\u00e1, \u00e9g gj\u00f6ri s\u00e1ttm\u00e1la. \u00cd augs\u00fdn alls \u00fe\u00edns f\u00f3lks vil \u00e9g gj\u00f6ra \u00feau undur, a\u00f0 ekki hafa sl\u00edk veri\u00f0 gj\u00f6r\u00f0 \u00ed nokkru landi e\u00f0a hj\u00e1 nokkurri \u00fej\u00f3\u00f0, og skal allt f\u00f3lki\u00f0, sem \u00fe\u00fa ert hj\u00e1, sj\u00e1 verk Drottins, \u00fev\u00ed a\u00f0 fur\u00f0ulegt er \u00fea\u00f0, sem \u00e9g mun vi\u00f0 \u00feig gj\u00f6ra.<a name=\"11\"><span class=\"versanumer\">11<\/span><\/a>G\u00e6t \u00feess, sem \u00e9g b\u00fd\u00f0 \u00fe\u00e9r \u00ed dag: Sj\u00e1, \u00e9g vil st\u00f6kkva burt undan \u00fe\u00e9r Amor\u00edtum, Kanaan\u00edtum, Het\u00edtum, Peres\u00edtum, Hev\u00edtum og Jeb\u00fas\u00edtum.<a name=\"12\"><span class=\"versanumer\">12<\/span><\/a>Varast \u00fe\u00fa a\u00f0 gj\u00f6ra nokkurn s\u00e1ttm\u00e1la vi\u00f0 \u00edb\u00faa lands \u00feess, sem \u00fe\u00fa kemur til, svo a\u00f0 \u00feeir ver\u00f0i \u00fe\u00e9r ekki a\u00f0 t\u00e1lsn\u00f6ru, ef \u00feeir b\u00faa \u00e1 me\u00f0al \u00fe\u00edn,<a name=\"13\"><span class=\"versanumer\">13<\/span><\/a>heldur skulu\u00f0 \u00fe\u00e9r r\u00edfa ni\u00f0ur \u00f6lturu \u00feeirra, brj\u00f3ta \u00ed sundur merkissteina \u00feeirra og h\u00f6ggva ni\u00f0ur as\u00e9rur \u00feeirra.<a name=\"14\"><span class=\"versanumer\">14<\/span><\/a>\u00de\u00fa skalt eigi tilbi\u00f0ja neinn annan gu\u00f0, \u00fev\u00ed a\u00f0 Drottinn nefnist vandl\u00e6tari. Vandl\u00e1tur Gu\u00f0 er hann.<a name=\"15\"><span class=\"versanumer\">15<\/span><\/a>Varast a\u00f0 gj\u00f6ra nokkurn s\u00e1ttm\u00e1la vi\u00f0 \u00edb\u00faa landsins, \u00fev\u00ed a\u00f0 \u00feeir munu taka fram hj\u00e1 me\u00f0 gu\u00f0um s\u00ednum og \u00feeir munu f\u00e6ra f\u00f3rnir gu\u00f0um s\u00ednum, og \u00fe\u00e9r mun ver\u00f0a bo\u00f0i\u00f0 og \u00fe\u00fa munt eta af f\u00f3rnum \u00feeirra.<a name=\"16\"><span class=\"versanumer\">16<\/span><\/a>Og \u00fe\u00fa munt taka d\u00e6tur \u00feeirra handa sonum \u00fe\u00ednum, og d\u00e6tur \u00feeirra munu taka fram hj\u00e1 me\u00f0 gu\u00f0um s\u00ednum og t\u00e6la syni \u00fe\u00edna til a\u00f0 taka fram hj\u00e1 me\u00f0 gu\u00f0um \u00feeirra.<a name=\"17\"><span class=\"versanumer\">17<\/span><\/a>\u00de\u00fa skalt eigi gj\u00f6ra \u00fe\u00e9r steypta gu\u00f0i.<a name=\"18\"><span class=\"versanumer\">18<\/span><\/a>\u00de\u00fa skalt halda h\u00e1t\u00ed\u00f0 hinna \u00f3s\u00fdr\u00f0u brau\u00f0a. Sj\u00f6 daga skaltu eta \u00f3s\u00fdr\u00f0 brau\u00f0, eins og \u00e9g hefi bo\u00f0i\u00f0 \u00fe\u00e9r, \u00e1 \u00e1kve\u00f0num t\u00edma \u00ed ab\u00edb-m\u00e1nu\u00f0i, \u00fev\u00ed a\u00f0 \u00ed ab\u00edb-m\u00e1nu\u00f0i f\u00f3rst \u00fe\u00fa \u00fat af Egyptalandi.<a name=\"19\"><span class=\"versanumer\">19<\/span><\/a>Allt \u00fea\u00f0, sem opnar m\u00f3\u00f0url\u00edf, er mitt, s\u00f6mulei\u00f0is allur f\u00e9na\u00f0ur \u00feinn, sem karlkyns er, frumbur\u00f0ir nauta og sau\u00f0a.<a name=\"20\"><span class=\"versanumer\">20<\/span><\/a>En frumbur\u00f0i undan \u00f6snum skaltu leysa me\u00f0 lambi. Leysir \u00fe\u00fa ekki, skaltu brj\u00f3ta \u00fe\u00e1 \u00far h\u00e1lsli\u00f0um. Alla frumbur\u00f0i sona \u00feinna skaltu leysa, og enginn skal t\u00f3mhentur koma fyrir auglit mitt.<a name=\"21\"><span class=\"versanumer\">21<\/span><\/a>Sex daga skaltu vinna, en hv\u00edlast hinn sj\u00f6unda dag, \u00fe\u00e1 skaltu hv\u00edlast, hvort heldur er pl\u00e6gingart\u00edmi e\u00f0a uppskeru.<a name=\"22\"><span class=\"versanumer\">22<\/span><\/a>\u00de\u00fa skalt halda viknah\u00e1t\u00ed\u00f0ina, h\u00e1t\u00ed\u00f0 frumgr\u00f3\u00f0a hveitiuppskerunnar, og uppskeruh\u00e1t\u00ed\u00f0ina vi\u00f0 \u00e1rslokin.<a name=\"23\"><span class=\"versanumer\">23<\/span><\/a>\u00derem sinnum \u00e1 \u00e1ri skal allt \u00feitt karlkyn birtast frammi fyrir Drottni Gu\u00f0i, Gu\u00f0i \u00cdsraels.<a name=\"24\"><span class=\"versanumer\">24<\/span><\/a>\u00dev\u00ed a\u00f0 \u00e9g mun reka hei\u00f0ingjana burt fr\u00e1 \u00fe\u00e9r og f\u00e6ra \u00fat landamerki \u00fe\u00edn, og enginn skal \u00e1seilast land \u00feitt, \u00feegar \u00fe\u00fa fer upp til a\u00f0 birtast frammi fyrir Drottni Gu\u00f0i \u00fe\u00ednum \u00ferem sinnum \u00e1 \u00e1ri.<a name=\"25\"><span class=\"versanumer\">25<\/span><\/a>\u00de\u00fa skalt ekki fram bera bl\u00f3\u00f0 f\u00f3rnar minnar me\u00f0 s\u00fdr\u00f0u brau\u00f0i, og p\u00e1skah\u00e1t\u00ed\u00f0arf\u00f3rnin m\u00e1 ekki liggja til morguns.<a name=\"26\"><span class=\"versanumer\">26<\/span><\/a>Hi\u00f0 fyrsta, frumgr\u00f3\u00f0a jar\u00f0ar \u00feinnar, skaltu f\u00e6ra til h\u00fass Drottins Gu\u00f0s \u00fe\u00edns. \u00de\u00fa skalt ekki sj\u00f3\u00f0a ki\u00f0 \u00ed mj\u00f3lk m\u00f3\u00f0ur sinnar.<a name=\"27\"><span class=\"versanumer\">27<\/span><\/a>Drottinn sag\u00f0i vi\u00f0 M\u00f3se: Skrifa \u00fe\u00fa upp \u00feessi or\u00f0, \u00fev\u00ed a\u00f0 samkv\u00e6mt \u00feessum or\u00f0um hefi \u00e9g gj\u00f6rt s\u00e1ttm\u00e1la vi\u00f0 \u00feig og vi\u00f0 \u00cdsrael.<a name=\"28\"><span class=\"versanumer\">28<\/span><\/a>Og M\u00f3se var \u00fear hj\u00e1 Drottni fj\u00f6rut\u00edu daga og fj\u00f6rut\u00edu n\u00e6tur og \u00e1t ekki brau\u00f0 og drakk ekki vatn. Og hann skrifa\u00f0i \u00e1 t\u00f6flurnar or\u00f0 s\u00e1ttm\u00e1lans, t\u00edu bo\u00f0or\u00f0in.<a name=\"29\"><span class=\"versanumer\">29<\/span><\/a>En er M\u00f3se gekk ofan af S\u00edna\u00edfjalli, og hann haf\u00f0i b\u00e1\u00f0ar s\u00e1ttm\u00e1lst\u00f6flurnar \u00ed hendi s\u00e9r, \u00feegar hann gekk ofan af fjallinu, \u00fe\u00e1 vissi M\u00f3se ekki a\u00f0 geislar st\u00f3\u00f0u af andlitsh\u00f6rundi hans, af \u00fev\u00ed a\u00f0 hann haf\u00f0i tala\u00f0 vi\u00f0 Drottin.<a name=\"30\"><span class=\"versanumer\">30<\/span><\/a>Og Aron og allir \u00cdsraelsmenn s\u00e1u M\u00f3se, og sj\u00e1: Geislar st\u00f3\u00f0u af andlitsh\u00f6rundi hans. \u00deor\u00f0u \u00feeir \u00fe\u00e1 ekki a\u00f0 koma n\u00e6rri honum.<a name=\"31\"><span class=\"versanumer\">31<\/span><\/a>En M\u00f3se kalla\u00f0i \u00e1 \u00fe\u00e1, og sneru \u00feeir \u00fe\u00e1 aftur til hans, Aron og allir lei\u00f0togar safna\u00f0arins, og tala\u00f0i M\u00f3se vi\u00f0 \u00fe\u00e1.<a name=\"32\"><span class=\"versanumer\">32<\/span><\/a>Eftir \u00fea\u00f0 gengu allir \u00cdsraelsmenn til hans, og bau\u00f0 hann \u00feeim a\u00f0 halda allt \u00fea\u00f0, sem Drottinn haf\u00f0i vi\u00f0 hann tala\u00f0 \u00e1 S\u00edna\u00edfjalli.<a name=\"33\"><span class=\"versanumer\">33<\/span><\/a>Er M\u00f3se haf\u00f0i loki\u00f0 m\u00e1li s\u00ednu vi\u00f0 \u00fe\u00e1, l\u00e9t hann sk\u00fdlu fyrir andlit s\u00e9r.<a name=\"34\"><span class=\"versanumer\">34<\/span><\/a>En er M\u00f3se gekk fram fyrir Drottin til \u00feess a\u00f0 tala vi\u00f0 hann, t\u00f3k hann sk\u00fdluna fr\u00e1, \u00fear til er hann gekk \u00fat aftur. \u00dev\u00ed n\u00e6st gekk hann \u00fat og flutti \u00cdsraelsm\u00f6nnum \u00fea\u00f0, sem honum var bo\u00f0i\u00f0.<a name=\"35\"><span class=\"versanumer\">35<\/span><\/a>S\u00e1u \u00cdsraelsmenn \u00fe\u00e1 andlit M\u00f3se, hversu geislar st\u00f3\u00f0u af andlitsh\u00f6rundi hans. L\u00e9t M\u00f3se \u00fe\u00e1 sk\u00fdluna aftur fyrir andlit s\u00e9r, \u00fear til er hann gekk inn til \u00feess a\u00f0 tala vi\u00f0 Gu\u00f0. Gu\u00f0.<\/p>\n<div class=\"footnote1981\"><b>34.1<\/b> Tv\u00e6r steint\u00f6flur 2M\u00f3s 24.12+ &#8211; mola\u00f0ir 2M\u00f3s 32.19<br \/>\n<b>34.6-7<\/b> Miskunnsamur og n\u00e1\u00f0ugur Gu\u00f0 4M\u00f3s 14.18; Jl 2.13; J\u00f3n 4.2; Slm 86.15; 103.8; 111.4; 145.8; Neh 9.17,31 \u2013 \u00ed \u00feri\u00f0ja og fj\u00f3r\u00f0a li\u00f0 2M\u00f3s 20.5-6+<br \/>\n<b>34.10<\/b> S\u00e1ttm\u00e1li 2M\u00f3s 19; 23.20-33; 5M\u00f3s 7; Jer 31.31-34<br \/>\n<b>34.13<\/b> Ey\u00f0ileggja \u00f6lturu 2M\u00f3s 23.24+<br \/>\n<b>34.14<\/b> Ekki falla fram fyrir \u00f6\u00f0rum gu\u00f0um 2M\u00f3s 20.3-5+<br \/>\n<b>34.17<\/b> Ekki gj\u00f6ra steypta gu\u00f0i 2M\u00f3s 20.4+<br \/>\n<b>34.18<\/b> H\u00e1t\u00ed\u00f0 \u00f3s\u00fdr\u00f0u brau\u00f0anna 2M\u00f3s 23.15+<br \/>\n<b>34.19<\/b> Frumbur\u00f0ir 2M\u00f3s 13.1-2+<br \/>\n<b>34.21-22<\/b> Sex daga 2M\u00f3s 28.8-11 \u2013 viknah\u00e1t\u00ed\u00f0 og uppskeruh\u00e1t\u00ed\u00f0 2M\u00f3s 23.16+<br \/>\n<b>34.23<\/b> \u00derisvar \u00e1 \u00e1ri &#8230; 2M\u00f3s 23.17+<br \/>\n<b>34.25<\/b> Bl\u00f3\u00f0 f\u00f3rnar 2M\u00f3s 23.18<br \/>\n<b>34.26<\/b> Frumgr\u00f3\u00f0i 2M\u00f3s 23.19+ &#8211; ki\u00f0 2M\u00f3s 23.19+<br \/>\n<b>34.28<\/b> Fj\u00f6rut\u00edu daga og fj\u00f6rut\u00edu n\u00e6tur 2M\u00f3s 24.18+<br \/>\n<b>34.29<\/b> Lj\u00f3mi &#8230; 2Kor 3.7-18<\/div>\n","protected":false},"excerpt":{"rendered":"<p>1Drottinn sag\u00f0i vi\u00f0 M\u00f3se: H\u00f6gg \u00fe\u00e9r tv\u00e6r t\u00f6flur af steini, eins og hinar fyrri voru. Mun \u00e9g \u00fe\u00e1 rita \u00e1 t\u00f6flurnar \u00feau or\u00f0, sem st\u00f3\u00f0u \u00e1 hinum fyrri t\u00f6flunum, er \u00fe\u00fa braust \u00ed sundur.2Og ver b\u00fainn \u00e1 morgun og st\u00edg \u00e1rla upp \u00e1 S\u00edna\u00edfjall og kom \u00fear til m\u00edn uppi \u00e1 fjallstindinum.3Enginn ma\u00f0ur m\u00e1 fara upp \u00feanga\u00f0 me\u00f0 \u00fe\u00e9r, og enginn m\u00e1 heldur l\u00e1ta sj\u00e1 sig nokkurs sta\u00f0ar \u00e1 fjallinu. Eigi mega heldur sau\u00f0ir e\u00f0a naut vera \u00e1 beit uppi undir fjallinu.4\u00de\u00e1 hj\u00f3 M\u00f3se tv\u00e6r t\u00f6flur af steini, eins og hinar fyrri. Og hann reis \u00e1rla n\u00e6sta morgun og gekk <a href=\"https:\/\/biblian.is\/1981\/onnur-mosebok-34-kafli\/\"> [&#8230;]<\/a><\/p>\n","protected":false},"author":1,"featured_media":0,"parent":0,"menu_order":0,"comment_status":"open","ping_status":"open","template":"bibliukaflar.php","meta":{"footnotes":""},"class_list":["post-1430","page","type-page","status-publish","hentry"],"_links":{"self":[{"href":"https:\/\/biblian.is\/1981\/wp-json\/wp\/v2\/pages\/1430","targetHints":{"allow":["GET"]}}],"collection":[{"href":"https:\/\/biblian.is\/1981\/wp-json\/wp\/v2\/pages"}],"about":[{"href":"https:\/\/biblian.is\/1981\/wp-json\/wp\/v2\/types\/page"}],"author":[{"embeddable":true,"href":"https:\/\/biblian.is\/1981\/wp-json\/wp\/v2\/users\/1"}],"replies":[{"embeddable":true,"href":"https:\/\/biblian.is\/1981\/wp-json\/wp\/v2\/comments?post=1430"}],"version-history":[{"count":0,"href":"https:\/\/biblian.is\/1981\/wp-json\/wp\/v2\/pages\/1430\/revisions"}],"wp:attachment":[{"href":"https:\/\/biblian.is\/1981\/wp-json\/wp\/v2\/media?parent=1430"}],"curies":[{"name":"wp","href":"https:\/\/api.w.org\/{rel}","templated":true}]}}