{"id":1429,"date":"2017-11-18T20:17:20","date_gmt":"2017-11-18T20:17:20","guid":{"rendered":"http:\/\/biblian.is\/1981\/onnur-mosebok-33-kafli\/"},"modified":"2021-06-06T11:04:19","modified_gmt":"2021-06-06T11:04:19","slug":"onnur-mosebok-33-kafli","status":"publish","type":"page","link":"https:\/\/biblian.is\/1981\/onnur-mosebok-33-kafli\/","title":{"rendered":"\u00d6nnur M\u00f3seb\u00f3k 33. kafli"},"content":{"rendered":"<p><a name=\"1\"><span class=\"versanumer\">1<\/span><\/a>Drottinn sag\u00f0i vi\u00f0 M\u00f3se: Far n\u00fa h\u00e9\u00f0an me\u00f0 f\u00f3lki\u00f0, sem \u00fe\u00fa leiddir burt af Egyptalandi, til \u00feess lands, sem \u00e9g s\u00f3r Abraham, \u00cdsak og Jakob, er \u00e9g sag\u00f0i: Ni\u00f0jum \u00fe\u00ednum vil \u00e9g gefa \u00fea\u00f0.<a name=\"2\"><span class=\"versanumer\">2<\/span><\/a>\u00c9g vil senda engil \u00e1 undan \u00fe\u00e9r og reka burt Kanaan\u00edta, Amor\u00edta, Het\u00edta, Peres\u00edta, Hev\u00edta og Jeb\u00fas\u00edta,<a name=\"3\"><span class=\"versanumer\">3<\/span><\/a>til \u00feess lands, sem fl\u00fdtur \u00ed mj\u00f3lk og hunangi, \u00fev\u00ed a\u00f0 ekki vil \u00e9g sj\u00e1lfur fara \u00feanga\u00f0 me\u00f0 \u00fe\u00e9r, af \u00fev\u00ed a\u00f0 \u00fe\u00fa ert har\u00f0sv\u00edra\u00f0ur l\u00fd\u00f0ur, a\u00f0 eigi tort\u00edmi \u00e9g \u00fe\u00e9r \u00e1 lei\u00f0inni.<a name=\"4\"><span class=\"versanumer\">4<\/span><\/a>En er f\u00f3lki\u00f0 heyr\u00f0i \u00feennan \u00f3f\u00f6gnu\u00f0, ur\u00f0u \u00feeir hryggir, og enginn ma\u00f0ur bj\u00f3 sig \u00ed skart.<a name=\"5\"><span class=\"versanumer\">5<\/span><\/a>\u00de\u00e1 sag\u00f0i Drottinn vi\u00f0 M\u00f3se: Seg \u00cdsraelsm\u00f6nnum: \u00de\u00e9r eru\u00f0 har\u00f0sv\u00edra\u00f0ur l\u00fd\u00f0ur. V\u00e6ri \u00e9g eitt augnablik me\u00f0 \u00fe\u00e9r \u00e1 lei\u00f0inni, mundi \u00e9g tort\u00edma \u00fe\u00e9r. Legg n\u00fa af \u00fe\u00e9r skart \u00feitt, svo a\u00f0 \u00e9g viti, hva\u00f0 \u00e9g \u00e1 a\u00f0 gj\u00f6ra vi\u00f0 \u00feig.<a name=\"6\"><span class=\"versanumer\">6<\/span><\/a>\u00de\u00e1 l\u00f6g\u00f0u \u00cdsraelsmenn ni\u00f0ur skart sitt undir H\u00f3rebfjalli og b\u00e1ru \u00fea\u00f0 eigi upp fr\u00e1 \u00fev\u00ed.<a name=\"7\"><span class=\"versanumer\">7<\/span><\/a>M\u00f3se t\u00f3k tjaldi\u00f0 og reisti \u00fea\u00f0 fyrir utan herb\u00fa\u00f0irnar, sp\u00f6lkorn fr\u00e1 \u00feeim, og kalla\u00f0i \u00fea\u00f0 samfundatjald, og var\u00f0 hver s\u00e1 ma\u00f0ur, er leita vildi til Drottins, a\u00f0 fara \u00fat til samfundatjaldsins, sem var fyrir utan herb\u00fa\u00f0irnar.<a name=\"8\"><span class=\"versanumer\">8<\/span><\/a>Og \u00feegar M\u00f3se gekk \u00fat til tjaldsins, \u00fe\u00e1 st\u00f3\u00f0 upp allur l\u00fd\u00f0urinn og gekk hver \u00fat \u00ed s\u00ednar tjalddyr og horf\u00f0i \u00e1 eftir honum, \u00fear til er hann var kominn inn \u00ed tjaldi\u00f0.<a name=\"9\"><span class=\"versanumer\">9<\/span><\/a>Er M\u00f3se var kominn inn \u00ed tjaldi\u00f0, steig sk\u00fdst\u00f3lpinn ni\u00f0ur og nam sta\u00f0ar vi\u00f0 tjalddyrnar, og Drottinn tala\u00f0i vi\u00f0 M\u00f3se.<a name=\"10\"><span class=\"versanumer\">10<\/span><\/a>Og allur l\u00fd\u00f0urinn s\u00e1 sk\u00fdst\u00f3lpann standa vi\u00f0 tjalddyrnar. St\u00f3\u00f0 \u00fe\u00e1 allt f\u00f3lki\u00f0 upp og f\u00e9ll fram, hver fyrir s\u00ednum tjalddyrum.<a name=\"11\"><span class=\"versanumer\">11<\/span><\/a>En Drottinn tala\u00f0i vi\u00f0 M\u00f3se augliti til auglitis, eins og ma\u00f0ur talar vi\u00f0 mann. \u00dev\u00ed n\u00e6st gekk M\u00f3se aftur til herb\u00fa\u00f0anna, en \u00fej\u00f3nn hans, sveinninn J\u00f3s\u00faa N\u00fansson, v\u00e9k ekki burt \u00far tjaldinu.<a name=\"12\"><span class=\"versanumer\">12<\/span><\/a>M\u00f3se sag\u00f0i vi\u00f0 Drottin: Sj\u00e1, \u00fe\u00fa segir vi\u00f0 mig: Far me\u00f0 f\u00f3lk \u00feetta. En \u00fe\u00fa hefir ekki l\u00e1ti\u00f0 mig vita, hvern \u00fe\u00fa \u00e6tlar a\u00f0 senda me\u00f0 m\u00e9r. Og \u00fe\u00f3 hefir \u00fe\u00fa sagt: \u00c9g \u00feekki \u00feig me\u00f0 nafni, og \u00fe\u00fa hefir einnig fundi\u00f0 n\u00e1\u00f0 \u00ed augum m\u00ednum.<a name=\"13\"><span class=\"versanumer\">13<\/span><\/a>Hafi \u00e9g n\u00fa fundi\u00f0 n\u00e1\u00f0 \u00ed augum \u00fe\u00ednum, \u00fe\u00e1 bi\u00f0 \u00e9g: Gj\u00f6r m\u00e9r kunna \u00fe\u00edna vegu, a\u00f0 \u00e9g megi \u00feekkja \u00feig, svo a\u00f0 \u00e9g finni n\u00e1\u00f0 \u00ed augum \u00fe\u00ednum, og g\u00e6t \u00feess, a\u00f0 \u00fej\u00f3\u00f0 \u00feessi er \u00feinn l\u00fd\u00f0ur.<a name=\"14\"><span class=\"versanumer\">14<\/span><\/a>Drottinn sag\u00f0i: Auglit mitt mun fara me\u00f0 og b\u00faa \u00fe\u00e9r hv\u00edld.<a name=\"15\"><span class=\"versanumer\">15<\/span><\/a>M\u00f3se sag\u00f0i vi\u00f0 hann: Fari auglit \u00feitt eigi me\u00f0, \u00fe\u00e1 l\u00e1t oss eigi fara h\u00e9\u00f0an.<a name=\"16\"><span class=\"versanumer\">16<\/span><\/a>Af hverju mega menn ella vita, a\u00f0 \u00e9g og l\u00fd\u00f0ur \u00feinn hafi fundi\u00f0 n\u00e1\u00f0 \u00ed augum \u00fe\u00ednum? Hvort eigi af \u00fev\u00ed, a\u00f0 \u00fe\u00fa farir me\u00f0 oss, og \u00e9g og \u00feinn l\u00fd\u00f0ur ver\u00f0um \u00e1g\u00e6ttir framar \u00f6llum \u00fej\u00f3\u00f0um, sem \u00e1 j\u00f6r\u00f0u b\u00faa?<a name=\"17\"><span class=\"versanumer\">17<\/span><\/a>\u00de\u00e1 sag\u00f0i Drottinn vi\u00f0 M\u00f3se: Einnig \u00feetta, er \u00fe\u00fa n\u00fa m\u00e6ltir, vil \u00e9g gj\u00f6ra, \u00fev\u00ed a\u00f0 \u00fe\u00fa hefir fundi\u00f0 n\u00e1\u00f0 \u00ed augum m\u00ednum, og \u00e9g \u00feekki \u00feig me\u00f0 nafni.<a name=\"18\"><span class=\"versanumer\">18<\/span><\/a>En M\u00f3se sag\u00f0i: L\u00e1t mig \u00fe\u00e1 sj\u00e1 d\u00fdr\u00f0 \u00fe\u00edna!<a name=\"19\"><span class=\"versanumer\">19<\/span><\/a>Hann svara\u00f0i: \u00c9g vil l\u00e1ta allan minn lj\u00f3ma l\u00ed\u00f0a fram hj\u00e1 \u00fe\u00e9r, og \u00e9g vil kalla nafni\u00f0 Drottinn frammi fyrir \u00fe\u00e9r. Og \u00e9g vil l\u00edkna \u00feeim, sem \u00e9g vil l\u00edkna, og miskunna \u00feeim, sem \u00e9g vil miskunna.<a name=\"20\"><span class=\"versanumer\">20<\/span><\/a>Og enn sag\u00f0i hann: \u00de\u00fa getur eigi s\u00e9\u00f0 auglit mitt, \u00fev\u00ed a\u00f0 enginn ma\u00f0ur f\u00e6r s\u00e9\u00f0 mig og l\u00edfi haldi\u00f0.<a name=\"21\"><span class=\"versanumer\">21<\/span><\/a>Drottinn sag\u00f0i: Sj\u00e1, h\u00e9r er sta\u00f0ur hj\u00e1 m\u00e9r, og skalt \u00fe\u00fa standa uppi \u00e1 berginu.<a name=\"22\"><span class=\"versanumer\">22<\/span><\/a>En \u00feegar d\u00fdr\u00f0 m\u00edn fer fram hj\u00e1, vil \u00e9g l\u00e1ta \u00feig standa \u00ed bergskorunni, og mun \u00e9g byrgja \u00feig me\u00f0 hendi minni, uns \u00e9g er kominn fram hj\u00e1.<a name=\"23\"><span class=\"versanumer\">23<\/span><\/a>En \u00feegar \u00e9g tek h\u00f6nd m\u00edna fr\u00e1, munt \u00fe\u00fa sj\u00e1 \u00e1 bak m\u00e9r. En auglit mitt f\u00e6r enginn ma\u00f0ur s\u00e9\u00f0.<\/p>\n<div class=\"footnote1981\"><b>33.1<\/b> Fyrirheit um land 1M\u00f3s 12.7; 26.3-4; 28.13<br \/>\n<b>33.7<\/b> B\u00fa\u00f0irnar sbr 4M\u00f3s 2.2<br \/>\n<b>33.11<\/b> Augliti til auglitis 4M\u00f3s 12.6-8; 5M\u00f3s 34.10 \u2013 J\u00f3s\u00faa 4M\u00f3s 13.8; 14.6; 5M\u00f3s 34.9; J\u00f3s 1.1; S\u00edr 46.1-6<br \/>\n<b>33.13<\/b> \u00deekkja vegu Drottins Slm 25.4<br \/>\n<b>33.14<\/b> Hv\u00edld J\u00f3s 21.44; Slm 95.11; Heb 4.1-11<br \/>\n<b>33.18<\/b> D\u00fdr\u00f0 Drottins 2M\u00f3s 40.34; 3M\u00f3s 9.23; 1Kon 8.11; Jes 6.3; 60.1-2; Matt 17.1-9 og hlst.; J\u00f3h 1.14<br \/>\n<b>33.19<\/b> \u00c9g l\u00edkna &#8230; R\u00f3m 9.15<br \/>\n<b>33.20<\/b> Enginn f\u00e6r s\u00e9\u00f0 Gu\u00f0 3M\u00f3s 16.2; 5M\u00f3s 5.24; D\u00f3m 6.22-23; Jes 6.5<br \/>\n<b>33.22<\/b> Klettaskoran 1Kon 19.13<\/div>\n","protected":false},"excerpt":{"rendered":"<p>1Drottinn sag\u00f0i vi\u00f0 M\u00f3se: Far n\u00fa h\u00e9\u00f0an me\u00f0 f\u00f3lki\u00f0, sem \u00fe\u00fa leiddir burt af Egyptalandi, til \u00feess lands, sem \u00e9g s\u00f3r Abraham, \u00cdsak og Jakob, er \u00e9g sag\u00f0i: Ni\u00f0jum \u00fe\u00ednum vil \u00e9g gefa \u00fea\u00f0.2\u00c9g vil senda engil \u00e1 undan \u00fe\u00e9r og reka burt Kanaan\u00edta, Amor\u00edta, Het\u00edta, Peres\u00edta, Hev\u00edta og Jeb\u00fas\u00edta,3til \u00feess lands, sem fl\u00fdtur \u00ed mj\u00f3lk og hunangi, \u00fev\u00ed a\u00f0 ekki vil \u00e9g sj\u00e1lfur fara \u00feanga\u00f0 me\u00f0 \u00fe\u00e9r, af \u00fev\u00ed a\u00f0 \u00fe\u00fa ert har\u00f0sv\u00edra\u00f0ur l\u00fd\u00f0ur, a\u00f0 eigi tort\u00edmi \u00e9g \u00fe\u00e9r \u00e1 lei\u00f0inni.4En er f\u00f3lki\u00f0 heyr\u00f0i \u00feennan \u00f3f\u00f6gnu\u00f0, ur\u00f0u \u00feeir hryggir, og enginn ma\u00f0ur bj\u00f3 sig \u00ed skart.5\u00de\u00e1 sag\u00f0i Drottinn vi\u00f0 <a href=\"https:\/\/biblian.is\/1981\/onnur-mosebok-33-kafli\/\"> [&#8230;]<\/a><\/p>\n","protected":false},"author":1,"featured_media":0,"parent":0,"menu_order":0,"comment_status":"open","ping_status":"open","template":"bibliukaflar.php","meta":{"footnotes":""},"class_list":["post-1429","page","type-page","status-publish","hentry"],"_links":{"self":[{"href":"https:\/\/biblian.is\/1981\/wp-json\/wp\/v2\/pages\/1429","targetHints":{"allow":["GET"]}}],"collection":[{"href":"https:\/\/biblian.is\/1981\/wp-json\/wp\/v2\/pages"}],"about":[{"href":"https:\/\/biblian.is\/1981\/wp-json\/wp\/v2\/types\/page"}],"author":[{"embeddable":true,"href":"https:\/\/biblian.is\/1981\/wp-json\/wp\/v2\/users\/1"}],"replies":[{"embeddable":true,"href":"https:\/\/biblian.is\/1981\/wp-json\/wp\/v2\/comments?post=1429"}],"version-history":[{"count":0,"href":"https:\/\/biblian.is\/1981\/wp-json\/wp\/v2\/pages\/1429\/revisions"}],"wp:attachment":[{"href":"https:\/\/biblian.is\/1981\/wp-json\/wp\/v2\/media?parent=1429"}],"curies":[{"name":"wp","href":"https:\/\/api.w.org\/{rel}","templated":true}]}}