{"id":1428,"date":"2017-11-18T20:17:20","date_gmt":"2017-11-18T20:17:20","guid":{"rendered":"http:\/\/biblian.is\/1981\/onnur-mosebok-32-kafli\/"},"modified":"2021-06-06T11:04:18","modified_gmt":"2021-06-06T11:04:18","slug":"onnur-mosebok-32-kafli","status":"publish","type":"page","link":"https:\/\/biblian.is\/1981\/onnur-mosebok-32-kafli\/","title":{"rendered":"\u00d6nnur M\u00f3seb\u00f3k 32. kafli"},"content":{"rendered":"<p><a name=\"1\"><span class=\"versanumer\">1<\/span><\/a>Er f\u00f3lki\u00f0 s\u00e1, a\u00f0 seinka\u00f0i komu M\u00f3se ofan af fjallinu, \u00feyrptist f\u00f3lki\u00f0 \u00ed kringum Aron og sag\u00f0i vi\u00f0 hann: Kom og gj\u00f6r oss gu\u00f0, er fyrir oss fari, \u00fev\u00ed a\u00f0 v\u00e9r vitum ekki, hva\u00f0 af \u00feessum M\u00f3se er or\u00f0i\u00f0, manninum, er leiddi oss burt af Egyptalandi.<a name=\"2\"><span class=\"versanumer\">2<\/span><\/a>Og Aron sag\u00f0i vi\u00f0 \u00fe\u00e1: Sl\u00edti\u00f0 eyrnagullin \u00far eyrum kvenna y\u00f0ar, sona og d\u00e6tra, og f\u00e6ri\u00f0 m\u00e9r.<a name=\"3\"><span class=\"versanumer\">3<\/span><\/a>\u00de\u00e1 sleit allt f\u00f3lki\u00f0 eyrnagullin \u00far eyrum s\u00e9r og f\u00e6r\u00f0i Aroni,<a name=\"4\"><span class=\"versanumer\">4<\/span><\/a>en hann t\u00f3k vi\u00f0 \u00fev\u00ed af \u00feeim, laga\u00f0i \u00fea\u00f0 me\u00f0 meitlinum og gj\u00f6r\u00f0i af \u00fev\u00ed steyptan k\u00e1lf. \u00de\u00e1 s\u00f6g\u00f0u \u00feeir: \u00deetta er gu\u00f0 \u00feinn, \u00cdsrael, sem leiddi \u00feig \u00fat af Egyptalandi.<a name=\"5\"><span class=\"versanumer\">5<\/span><\/a>Og er Aron s\u00e1 \u00fea\u00f0, reisti hann altari fyrir framan hann, og Aron l\u00e9t kalla og segja: \u00c1 morgun skal vera h\u00e1t\u00ed\u00f0 Drottins.<a name=\"6\"><span class=\"versanumer\">6<\/span><\/a>N\u00e6sta morgun risu \u00feeir \u00e1rla, f\u00f3rnu\u00f0u brennif\u00f3rnum og f\u00e6r\u00f0u \u00feakkarf\u00f3rnir. S\u00ed\u00f0an settist f\u00f3lki\u00f0 ni\u00f0ur til a\u00f0 eta og drekka, og \u00fev\u00ed n\u00e6st st\u00f3\u00f0u \u00feeir upp til leika.<a name=\"7\"><span class=\"versanumer\">7<\/span><\/a>\u00de\u00e1 sag\u00f0i Drottinn vi\u00f0 M\u00f3se: Far \u00fe\u00fa og st\u00edg ofan, \u00fev\u00ed a\u00f0 f\u00f3lk \u00feitt, sem \u00fe\u00fa leiddir \u00fat af Egyptalandi, hefir misgj\u00f6rt.<a name=\"8\"><span class=\"versanumer\">8<\/span><\/a>Skj\u00f3tt hafa \u00feeir viki\u00f0 af \u00feeim vegi, sem \u00e9g bau\u00f0 \u00feeim. \u00deeir hafa gj\u00f6rt s\u00e9r steyptan k\u00e1lf, og \u00feeir hafa falli\u00f0 fram fyrir honum, f\u00e6rt honum f\u00f3rnir og sagt: \u00deetta er gu\u00f0 \u00feinn, \u00cdsrael, sem leiddi \u00feig \u00fat af Egyptalandi.<a name=\"9\"><span class=\"versanumer\">9<\/span><\/a>Drottinn sag\u00f0i vi\u00f0 M\u00f3se: \u00c9g s\u00e9 n\u00fa, a\u00f0 \u00feessi l\u00fd\u00f0ur er har\u00f0sv\u00edra\u00f0 f\u00f3lk.<a name=\"10\"><span class=\"versanumer\">10<\/span><\/a>L\u00e1t mig n\u00fa einan, svo a\u00f0 rei\u00f0i m\u00edn upptendrist \u00ed gegn \u00feeim og tort\u00edmi \u00feeim. S\u00ed\u00f0an vil \u00e9g gj\u00f6ra \u00feig a\u00f0 mikilli \u00fej\u00f3\u00f0.<a name=\"11\"><span class=\"versanumer\">11<\/span><\/a>En M\u00f3se reyndi a\u00f0 bl\u00ed\u00f0ka Drottin, Gu\u00f0 sinn, og sag\u00f0i: Hv\u00ed skal, Drottinn, rei\u00f0i \u00fe\u00edn upptendrast \u00ed gegn f\u00f3lki \u00fe\u00ednu, sem \u00fe\u00fa leiddir \u00fat af Egyptalandi me\u00f0 miklum m\u00e6tti og voldugri hendi?<a name=\"12\"><span class=\"versanumer\">12<\/span><\/a>Hv\u00ed skulu Egyptar segja og kve\u00f0a svo a\u00f0 or\u00f0i: Til ills leiddi hann \u00fe\u00e1 \u00fat, til a\u00f0 dey\u00f0a \u00fe\u00e1 \u00e1 fj\u00f6llum uppi og afm\u00e1 \u00fe\u00e1 af j\u00f6r\u00f0inni? Sn\u00fa \u00fe\u00e9r fr\u00e1 \u00feinni brennandi rei\u00f0i og l\u00e1t \u00feig i\u00f0ra hins illa gegn f\u00f3lki \u00fe\u00ednu.<a name=\"13\"><span class=\"versanumer\">13<\/span><\/a>Minnst \u00fe\u00fa \u00fej\u00f3na \u00feinna, Abrahams, \u00cdsaks og \u00cdsraels, sem \u00fe\u00fa hefir svari\u00f0 vi\u00f0 sj\u00e1lfan \u00feig og heiti\u00f0: \u00c9g vil gj\u00f6ra ni\u00f0ja y\u00f0ar marga sem stj\u00f6rnur himinsins, og allt \u00feetta land, sem \u00e9g hefi tala\u00f0 um, vil \u00e9g gefa ni\u00f0jum y\u00f0ar, og skulu \u00feeir eiga \u00fea\u00f0 \u00e6vinlega.<a name=\"14\"><span class=\"versanumer\">14<\/span><\/a>\u00de\u00e1 i\u00f0ra\u00f0ist Drottinn hins illa, er hann haf\u00f0i h\u00f3ta\u00f0 a\u00f0 gj\u00f6ra f\u00f3lki s\u00ednu.<a name=\"15\"><span class=\"versanumer\">15<\/span><\/a>S\u00ed\u00f0an sneri M\u00f3se \u00e1 lei\u00f0 og gekk ofan af fjallinu me\u00f0 b\u00e1\u00f0ar s\u00e1ttm\u00e1lst\u00f6flurnar \u00ed hendi s\u00e9r. Voru \u00fe\u00e6r skrifa\u00f0ar b\u00e1\u00f0umegin, svo \u00e1 einni hli\u00f0inni sem \u00e1 annarri voru \u00fe\u00e6r skrifa\u00f0ar.<a name=\"16\"><span class=\"versanumer\">16<\/span><\/a>En t\u00f6flurnar voru Gu\u00f0s verk og letri\u00f0 Gu\u00f0s letur, rist \u00e1 t\u00f6flurnar.<a name=\"17\"><span class=\"versanumer\">17<\/span><\/a>En er J\u00f3s\u00faa heyr\u00f0i \u00f3pi\u00f0 \u00ed f\u00f3lkinu, sag\u00f0i hann vi\u00f0 M\u00f3se: \u00dea\u00f0 er her\u00f3p \u00ed b\u00fa\u00f0unum!<a name=\"18\"><span class=\"versanumer\">18<\/span><\/a>&#8222;En M\u00f3se svara\u00f0i: \u00dea\u00f0 er ekki \u00f3p sigrandi manna og ekki \u00f3p \u00feeirra, er sigra\u00f0ir ver\u00f0a; s\u00f6ng\u00f3m heyri \u00e9g.&#8220;<a name=\"19\"><span class=\"versanumer\">19<\/span><\/a>En er M\u00f3se n\u00e1lga\u00f0ist herb\u00fa\u00f0irnar og s\u00e1 k\u00e1lfinn og dansinn, upptendra\u00f0ist rei\u00f0i hans, svo a\u00f0 hann \u00feeytti t\u00f6flunum af hendi og braut \u00fe\u00e6r \u00ed sundur fyrir ne\u00f0an fjalli\u00f0.<a name=\"20\"><span class=\"versanumer\">20<\/span><\/a>S\u00ed\u00f0an t\u00f3k hann k\u00e1lfinn, sem \u00feeir h\u00f6f\u00f0u gj\u00f6rt, brenndi hann \u00ed eldi og muldi hann \u00ed duft og dreif\u00f0i \u00fev\u00ed \u00e1 vatni\u00f0 og l\u00e9t \u00cdsraelsmenn drekka.<a name=\"21\"><span class=\"versanumer\">21<\/span><\/a>\u00de\u00e1 sag\u00f0i M\u00f3se vi\u00f0 Aron: Hva\u00f0 hefir \u00feetta f\u00f3lk gj\u00f6rt \u00fe\u00e9r, a\u00f0 \u00fe\u00fa skulir hafa leitt svo st\u00f3ra synd yfir \u00fea\u00f0?<a name=\"22\"><span class=\"versanumer\">22<\/span><\/a>Aron svara\u00f0i: Rei\u00f0st eigi, herra. \u00de\u00fa \u00feekkir l\u00fd\u00f0inn, a\u00f0 hann er jafnan b\u00fainn til ills.<a name=\"23\"><span class=\"versanumer\">23<\/span><\/a>\u00deeir s\u00f6g\u00f0u vi\u00f0 mig: Gj\u00f6r oss gu\u00f0, er fyrir oss fari, \u00fev\u00ed v\u00e9r vitum eigi, hva\u00f0 af \u00feessum M\u00f3se er or\u00f0i\u00f0, manninum, er leiddi oss burt af Egyptalandi.<a name=\"24\"><span class=\"versanumer\">24<\/span><\/a>\u00de\u00e1 sag\u00f0i \u00e9g vi\u00f0 \u00fe\u00e1: Hver sem gull hefir \u00e1 s\u00e9r, hann sl\u00edti \u00fea\u00f0 af s\u00e9r. Fengu \u00feeir m\u00e9r \u00fea\u00f0, og kasta\u00f0i \u00e9g \u00fev\u00ed \u00ed eldinn, svo var\u00f0 af \u00fev\u00ed \u00feessi k\u00e1lfur.<a name=\"25\"><span class=\"versanumer\">25<\/span><\/a>Er M\u00f3se s\u00e1, a\u00f0 f\u00f3lki\u00f0 var or\u00f0i\u00f0 taumlaust, \u00fev\u00ed a\u00f0 Aron haf\u00f0i sleppt vi\u00f0 \u00fea\u00f0 taumnum, svo a\u00f0 \u00feeir voru haf\u00f0ir a\u00f0 spotti af m\u00f3tst\u00f6\u00f0um\u00f6nnum s\u00ednum,<a name=\"26\"><span class=\"versanumer\">26<\/span><\/a>\u00fe\u00e1 nam M\u00f3se sta\u00f0ar \u00ed herb\u00fa\u00f0ahli\u00f0inu og m\u00e6lti: Hver sem heyrir Drottni til, komi hinga\u00f0 til m\u00edn! \u00de\u00e1 s\u00f6fnu\u00f0ust allir lev\u00edtar til hans.<a name=\"27\"><span class=\"versanumer\">27<\/span><\/a>Og hann sag\u00f0i vi\u00f0 \u00fe\u00e1: Svo segir Drottinn, \u00cdsraels Gu\u00f0: Hver einn festi sver\u00f0 \u00e1 hli\u00f0 s\u00e9r, fari s\u00ed\u00f0an fram og aftur fr\u00e1 einu hli\u00f0i herb\u00fa\u00f0anna til annars og drepi hver sinn br\u00f3\u00f0ur, vin og fr\u00e6nda.<a name=\"28\"><span class=\"versanumer\">28<\/span><\/a>Og lev\u00edtarnir gj\u00f6r\u00f0u sem M\u00f3se bau\u00f0 \u00feeim, og f\u00e9llu af f\u00f3lkinu \u00e1 \u00feeim degi \u00ferj\u00e1r \u00fe\u00fasundir manna.<a name=\"29\"><span class=\"versanumer\">29<\/span><\/a>Og M\u00f3se sag\u00f0i: Fylli\u00f0 hendur y\u00f0ar \u00ed dag, Drottni til handa, \u00fev\u00ed a\u00f0 hver ma\u00f0ur var \u00e1 m\u00f3ti syni s\u00ednum og br\u00f3\u00f0ur, svo a\u00f0 y\u00f0ur veitist blessun \u00ed dag.<a name=\"30\"><span class=\"versanumer\">30<\/span><\/a>&#8222;Morguninn eftir sag\u00f0i M\u00f3se vi\u00f0 l\u00fd\u00f0inn: \u00de\u00e9r hafi\u00f0 dr\u00fdgt st\u00f3ra synd. En n\u00fa vil \u00e9g fara upp til Drottins; m\u00e1 vera, a\u00f0 \u00e9g f\u00e1i fri\u00f0\u00fe\u00e6gt fyrir synd y\u00f0ar.&#8220;<a name=\"31\"><span class=\"versanumer\">31<\/span><\/a>S\u00ed\u00f0an sneri M\u00f3se aftur til Drottins og m\u00e6lti: \u00c6, \u00feetta f\u00f3lk hefir dr\u00fdgt st\u00f3ra synd og gj\u00f6rt s\u00e9r gu\u00f0 af gulli.<a name=\"32\"><span class=\"versanumer\">32<\/span><\/a>\u00c9g bi\u00f0, fyrirgef \u00feeim n\u00fa synd \u00feeirra! Ef ekki, \u00fe\u00e1 bi\u00f0 \u00e9g, a\u00f0 \u00fe\u00fa m\u00e1ir mig af b\u00f3k \u00feinni, sem \u00fe\u00fa hefir skrifa\u00f0.<a name=\"33\"><span class=\"versanumer\">33<\/span><\/a>En Drottinn sag\u00f0i vi\u00f0 M\u00f3se: Hvern \u00feann, er syndga\u00f0 hefir m\u00f3ti m\u00e9r, vil \u00e9g m\u00e1 af b\u00f3k minni.<a name=\"34\"><span class=\"versanumer\">34<\/span><\/a>Far n\u00fa og lei\u00f0 f\u00f3lki\u00f0 \u00feanga\u00f0, sem \u00e9g hefi sagt \u00fe\u00e9r, sj\u00e1, engill minn skal fara fyrir \u00fe\u00e9r. En \u00feegar minn vitjunart\u00edmi kemur, skal \u00e9g vitja synda \u00feeirra \u00e1 \u00feeim.<a name=\"35\"><span class=\"versanumer\">35<\/span><\/a>En Drottinn laust f\u00f3lki\u00f0 fyrir \u00fea\u00f0, a\u00f0 \u00feeir h\u00f6f\u00f0u gj\u00f6rt k\u00e1lfinn, sem Aron gj\u00f6r\u00f0i.<\/p>\n<div class=\"footnote1981\"><b>32.1<\/b> Gullk\u00e1lfurinn 5M\u00f3s 9.9-21; 1Kon 12.26-32; H\u00f3s 8.5-6; Slm 106.19-23; Neh 9.18; Post 7.39-41<br \/>\n<b>32.6<\/b> Til a\u00f0 skemmta s\u00e9r 1Kor 10.7<br \/>\n<b>32.10<\/b> Mikil \u00fej\u00f3\u00f0 4M\u00f3s 14.12; sbr 1M\u00f3s 12.2; 46.3; Jes 60.22<br \/>\n<b>32.11<\/b> Me\u00f0alganga M\u00f3se 4M\u00f3s 14.13-20; sbr 1M\u00f3s 18.22-33; 1Sam 12.19,23; Am 7.2-3; Slm 99.6; J\u00f3h 17<br \/>\n<b>32.13<\/b> Ni\u00f0jar sem stj\u00f6rnur himins 1M\u00f3s 15.5; 17.4-6; 22.16-17; 26.4; 28.14<br \/>\n<b>32.15<\/b> S\u00e1ttm\u00e1lst\u00f6flurnar tv\u00e6r 2M\u00f3s 24.12+<br \/>\n<b>32.20<\/b> L\u00e9t drekka 5M\u00f3s 9.21; sbr 4M\u00f3s 5.11-28<br \/>\n<b>32.25<\/b> Haf\u00f0ir a\u00f0 spotti 5M\u00f3s 28.37; 1Kon 9.7; Jer 29.18<br \/>\n<b>32.26-28<\/b> Hollusta Lev\u00edtanna 5M\u00f3s 33.9; sbr Matt 19.29 og hlst.<br \/>\n<b>32.32-33<\/b> Afm\u00e1 \u00far b\u00f3k Slm 69.29; R\u00f3m 9.3; Opb 3.5; sbr Jes 4.3; Dan 12.1<\/div>\n","protected":false},"excerpt":{"rendered":"<p>1Er f\u00f3lki\u00f0 s\u00e1, a\u00f0 seinka\u00f0i komu M\u00f3se ofan af fjallinu, \u00feyrptist f\u00f3lki\u00f0 \u00ed kringum Aron og sag\u00f0i vi\u00f0 hann: Kom og gj\u00f6r oss gu\u00f0, er fyrir oss fari, \u00fev\u00ed a\u00f0 v\u00e9r vitum ekki, hva\u00f0 af \u00feessum M\u00f3se er or\u00f0i\u00f0, manninum, er leiddi oss burt af Egyptalandi.2Og Aron sag\u00f0i vi\u00f0 \u00fe\u00e1: Sl\u00edti\u00f0 eyrnagullin \u00far eyrum kvenna y\u00f0ar, sona og d\u00e6tra, og f\u00e6ri\u00f0 m\u00e9r.3\u00de\u00e1 sleit allt f\u00f3lki\u00f0 eyrnagullin \u00far eyrum s\u00e9r og f\u00e6r\u00f0i Aroni,4en hann t\u00f3k vi\u00f0 \u00fev\u00ed af \u00feeim, laga\u00f0i \u00fea\u00f0 me\u00f0 meitlinum og gj\u00f6r\u00f0i af \u00fev\u00ed steyptan k\u00e1lf. \u00de\u00e1 s\u00f6g\u00f0u \u00feeir: \u00deetta er gu\u00f0 \u00feinn, \u00cdsrael, sem leiddi \u00feig \u00fat <a href=\"https:\/\/biblian.is\/1981\/onnur-mosebok-32-kafli\/\"> [&#8230;]<\/a><\/p>\n","protected":false},"author":1,"featured_media":0,"parent":0,"menu_order":0,"comment_status":"open","ping_status":"open","template":"bibliukaflar.php","meta":{"footnotes":""},"class_list":["post-1428","page","type-page","status-publish","hentry"],"_links":{"self":[{"href":"https:\/\/biblian.is\/1981\/wp-json\/wp\/v2\/pages\/1428","targetHints":{"allow":["GET"]}}],"collection":[{"href":"https:\/\/biblian.is\/1981\/wp-json\/wp\/v2\/pages"}],"about":[{"href":"https:\/\/biblian.is\/1981\/wp-json\/wp\/v2\/types\/page"}],"author":[{"embeddable":true,"href":"https:\/\/biblian.is\/1981\/wp-json\/wp\/v2\/users\/1"}],"replies":[{"embeddable":true,"href":"https:\/\/biblian.is\/1981\/wp-json\/wp\/v2\/comments?post=1428"}],"version-history":[{"count":0,"href":"https:\/\/biblian.is\/1981\/wp-json\/wp\/v2\/pages\/1428\/revisions"}],"wp:attachment":[{"href":"https:\/\/biblian.is\/1981\/wp-json\/wp\/v2\/media?parent=1428"}],"curies":[{"name":"wp","href":"https:\/\/api.w.org\/{rel}","templated":true}]}}