{"id":1427,"date":"2017-11-18T20:17:20","date_gmt":"2017-11-18T20:17:20","guid":{"rendered":"http:\/\/biblian.is\/1981\/onnur-mosebok-31-kafli\/"},"modified":"2021-06-06T11:04:18","modified_gmt":"2021-06-06T11:04:18","slug":"onnur-mosebok-31-kafli","status":"publish","type":"page","link":"https:\/\/biblian.is\/1981\/onnur-mosebok-31-kafli\/","title":{"rendered":"\u00d6nnur M\u00f3seb\u00f3k 31. kafli"},"content":{"rendered":"<p><a name=\"1\"><span class=\"versanumer\">1<\/span><\/a>Drottinn tala\u00f0i vi\u00f0 M\u00f3se og sag\u00f0i:<a name=\"2\"><span class=\"versanumer\">2<\/span><\/a>Sj\u00e1, \u00e9g hefi kvatt til Besalel \u00dar\u00edson, H\u00farssonar, af J\u00fada \u00e6ttkv\u00edsl.<a name=\"3\"><span class=\"versanumer\">3<\/span><\/a>\u00c9g hefi fyllt hann Gu\u00f0s anda, b\u00e6\u00f0i v\u00edsd\u00f3mi, skilningi, kunn\u00e1ttu og hvers konar hagleik,<a name=\"4\"><span class=\"versanumer\">4<\/span><\/a>til \u00feess a\u00f0 upphugsa listaverk og sm\u00ed\u00f0a \u00far gulli, silfri og eiri<a name=\"5\"><span class=\"versanumer\">5<\/span><\/a>og skera steina til greypingar og til tr\u00e9skur\u00f0ar, til \u00feess a\u00f0 vinna a\u00f0 hvers konar sm\u00ed\u00f0i.<a name=\"6\"><span class=\"versanumer\">6<\/span><\/a>Og sj\u00e1, \u00e9g hefi fengi\u00f0 honum til a\u00f0sto\u00f0ar Ohol\u00edab Ak\u00edsamaksson af Dans \u00e6ttkv\u00edsl. Og \u00f6llum hugvitsm\u00f6nnum hefi \u00e9g gefi\u00f0 v\u00edsd\u00f3m, a\u00f0 \u00feeir megi gj\u00f6ra allt \u00fea\u00f0, sem \u00e9g hefi fyrir \u00feig lagt:<a name=\"7\"><span class=\"versanumer\">7<\/span><\/a>samfundatjaldi\u00f0, s\u00e1ttm\u00e1ls\u00f6rkina, loki\u00f0, sem er yfir henni, og \u00f6ll \u00e1h\u00f6ld tjaldsins,<a name=\"8\"><span class=\"versanumer\">8<\/span><\/a>bor\u00f0i\u00f0 og \u00e1h\u00f6ld \u00feess, gull-lj\u00f3sastikuna og \u00f6ll \u00e1h\u00f6ld hennar og reykelsisaltari\u00f0,<a name=\"9\"><span class=\"versanumer\">9<\/span><\/a>brennif\u00f3rnaraltari\u00f0 og \u00f6ll \u00e1h\u00f6ld \u00feess, keri\u00f0 og st\u00e9tt \u00feess,<a name=\"10\"><span class=\"versanumer\">10<\/span><\/a>glitkl\u00e6\u00f0in, hin helgu kl\u00e6\u00f0i Arons prests og prests\u00fej\u00f3nustukl\u00e6\u00f0i sona hans,<a name=\"11\"><span class=\"versanumer\">11<\/span><\/a>smurningarol\u00eduna og ilmreykelsi\u00f0 til helgid\u00f3msins. Allt skulu \u00feeir gj\u00f6ra eins og \u00e9g hefi fyrir \u00feig lagt.<a name=\"12\"><span class=\"versanumer\">12<\/span><\/a>Drottinn tala\u00f0i vi\u00f0 M\u00f3se og sag\u00f0i:<a name=\"13\"><span class=\"versanumer\">13<\/span><\/a>Tala \u00fe\u00fa til \u00cdsraelsmanna og seg: Sannlega skulu\u00f0 \u00fe\u00e9r halda m\u00edna hv\u00edldardaga, \u00fev\u00ed a\u00f0 \u00fea\u00f0 er teikn milli m\u00edn og y\u00f0ar fr\u00e1 kyni til kyns, svo a\u00f0 \u00fe\u00e9r viti\u00f0, a\u00f0 \u00e9g er Drottinn, s\u00e1 er y\u00f0ur helgar.<a name=\"14\"><span class=\"versanumer\">14<\/span><\/a>Haldi\u00f0 \u00fev\u00ed hv\u00edldardaginn, \u00fev\u00ed a\u00f0 hann skal vera y\u00f0ur heilagur. Hver sem vanhelgar hann, skal vissulega l\u00edfl\u00e1tinn ver\u00f0a, \u00fev\u00ed a\u00f0 hver sem \u00fe\u00e1 vinnur nokkurt verk, s\u00e1 ma\u00f0ur skal uppr\u00e6ttur ver\u00f0a \u00far \u00fej\u00f3\u00f0 sinni.<a name=\"15\"><span class=\"versanumer\">15<\/span><\/a>Sex daga skal verk vinna, en sj\u00f6undi dagurinn er algj\u00f6r hv\u00edldardagur, helga\u00f0ur Drottni. Hver sem verk vinnur \u00e1 hv\u00edldardegi, skal vissulega l\u00edfl\u00e1tinn ver\u00f0a.<a name=\"16\"><span class=\"versanumer\">16<\/span><\/a>Fyrir \u00fev\u00ed skulu \u00cdsraelsmenn g\u00e6ta hv\u00edldardagsins, svo a\u00f0 \u00feeir haldi hv\u00edldardaginn heilagan fr\u00e1 kyni til kyns sem \u00e6vinlegan s\u00e1ttm\u00e1la.<a name=\"17\"><span class=\"versanumer\">17<\/span><\/a>\u00c6vinlega skal hann vera teikn milli m\u00edn og \u00cdsraelsmanna, \u00fev\u00ed a\u00f0 \u00e1 sex d\u00f6gum gj\u00f6r\u00f0i Drottinn himin og j\u00f6r\u00f0, en sj\u00f6unda daginn hv\u00edldist hann og endurn\u00e6r\u00f0ist.<a name=\"18\"><span class=\"versanumer\">18<\/span><\/a>\u00deegar Drottinn haf\u00f0i loki\u00f0 vi\u00f0r\u00e6\u00f0unum vi\u00f0 M\u00f3se \u00e1 S\u00edna\u00edfjalli, f\u00e9kk hann honum tv\u00e6r s\u00e1ttm\u00e1lst\u00f6flur, steint\u00f6flur, rita\u00f0ar me\u00f0 fingri Gu\u00f0s.<\/p>\n<div class=\"footnote1981\"><b>31.2,6<\/b> Besalel og Ohol\u00edab 2M\u00f3s 35.30-36.7; sbr 1Kon 7.13-14<br \/>\n<b>31.13<\/b> Halda hv\u00edldardaga 2M\u00f3s 35.1-3; sbr 2M\u00f3s 20.8-11<br \/>\n<b>31.15<\/b> Hv\u00edldardagurinn vanhelga\u00f0ur 4M\u00f3s 15.32-36; Matt 12.1+<br \/>\n<b>31.18<\/b> Tv\u00e6r s\u00e1ttm\u00e1lst\u00f6flur 2M\u00f3s 24.12+<\/div>\n","protected":false},"excerpt":{"rendered":"<p>1Drottinn tala\u00f0i vi\u00f0 M\u00f3se og sag\u00f0i:2Sj\u00e1, \u00e9g hefi kvatt til Besalel \u00dar\u00edson, H\u00farssonar, af J\u00fada \u00e6ttkv\u00edsl.3\u00c9g hefi fyllt hann Gu\u00f0s anda, b\u00e6\u00f0i v\u00edsd\u00f3mi, skilningi, kunn\u00e1ttu og hvers konar hagleik,4til \u00feess a\u00f0 upphugsa listaverk og sm\u00ed\u00f0a \u00far gulli, silfri og eiri5og skera steina til greypingar og til tr\u00e9skur\u00f0ar, til \u00feess a\u00f0 vinna a\u00f0 hvers konar sm\u00ed\u00f0i.6Og sj\u00e1, \u00e9g hefi fengi\u00f0 honum til a\u00f0sto\u00f0ar Ohol\u00edab Ak\u00edsamaksson af Dans \u00e6ttkv\u00edsl. Og \u00f6llum hugvitsm\u00f6nnum hefi \u00e9g gefi\u00f0 v\u00edsd\u00f3m, a\u00f0 \u00feeir megi gj\u00f6ra allt \u00fea\u00f0, sem \u00e9g hefi fyrir \u00feig lagt:7samfundatjaldi\u00f0, s\u00e1ttm\u00e1ls\u00f6rkina, loki\u00f0, sem er yfir henni, og \u00f6ll \u00e1h\u00f6ld tjaldsins,8bor\u00f0i\u00f0 og \u00e1h\u00f6ld \u00feess, gull-lj\u00f3sastikuna <a href=\"https:\/\/biblian.is\/1981\/onnur-mosebok-31-kafli\/\"> [&#8230;]<\/a><\/p>\n","protected":false},"author":1,"featured_media":0,"parent":0,"menu_order":0,"comment_status":"open","ping_status":"open","template":"bibliukaflar.php","meta":{"footnotes":""},"class_list":["post-1427","page","type-page","status-publish","hentry"],"_links":{"self":[{"href":"https:\/\/biblian.is\/1981\/wp-json\/wp\/v2\/pages\/1427","targetHints":{"allow":["GET"]}}],"collection":[{"href":"https:\/\/biblian.is\/1981\/wp-json\/wp\/v2\/pages"}],"about":[{"href":"https:\/\/biblian.is\/1981\/wp-json\/wp\/v2\/types\/page"}],"author":[{"embeddable":true,"href":"https:\/\/biblian.is\/1981\/wp-json\/wp\/v2\/users\/1"}],"replies":[{"embeddable":true,"href":"https:\/\/biblian.is\/1981\/wp-json\/wp\/v2\/comments?post=1427"}],"version-history":[{"count":0,"href":"https:\/\/biblian.is\/1981\/wp-json\/wp\/v2\/pages\/1427\/revisions"}],"wp:attachment":[{"href":"https:\/\/biblian.is\/1981\/wp-json\/wp\/v2\/media?parent=1427"}],"curies":[{"name":"wp","href":"https:\/\/api.w.org\/{rel}","templated":true}]}}