{"id":1426,"date":"2017-11-18T20:17:15","date_gmt":"2017-11-18T20:17:15","guid":{"rendered":"http:\/\/biblian.is\/1981\/onnur-mosebok-30-kafli\/"},"modified":"2021-06-06T11:04:18","modified_gmt":"2021-06-06T11:04:18","slug":"onnur-mosebok-30-kafli","status":"publish","type":"page","link":"https:\/\/biblian.is\/1981\/onnur-mosebok-30-kafli\/","title":{"rendered":"\u00d6nnur M\u00f3seb\u00f3k 30. kafli"},"content":{"rendered":"<p><a name=\"1\"><span class=\"versanumer\">1<\/span><\/a>\u00de\u00fa skalt gj\u00f6ra altari til a\u00f0 brenna \u00e1 reykelsi. \u00dea\u00f0 skalt \u00fe\u00fa b\u00faa til af akas\u00eduvi\u00f0i.<a name=\"2\"><span class=\"versanumer\">2<\/span><\/a>\u00dea\u00f0 skal vera \u00e1lnarlangt og \u00e1lnarbreitt, ferhyrnt, tveggja \u00e1lna h\u00e1tt og horn \u00feess \u00e1f\u00f6st vi\u00f0 \u00fea\u00f0.<a name=\"3\"><span class=\"versanumer\">3<\/span><\/a>\u00de\u00fa skalt leggja \u00fea\u00f0 sk\u00edru gulli, b\u00e6\u00f0i a\u00f0 ofan og \u00e1 hli\u00f0unum allt \u00ed kring, svo og horn \u00feess, og \u00fe\u00fa skalt gj\u00f6ra br\u00fan af gulli \u00e1 \u00fev\u00ed allt \u00ed kring.<a name=\"4\"><span class=\"versanumer\">4<\/span><\/a>\u00de\u00fa skalt gj\u00f6ra \u00e1 \u00fev\u00ed tvo hringa af gulli fyrir ne\u00f0an br\u00fanina b\u00e1\u00f0umegin. \u00de\u00fa skalt gj\u00f6ra \u00fe\u00e1 \u00e1 b\u00e1\u00f0um hli\u00f0um \u00feess, \u00feeir skulu vera til a\u00f0 smeygja \u00ed st\u00f6ngum til a\u00f0 bera \u00fea\u00f0 \u00e1.<a name=\"5\"><span class=\"versanumer\">5<\/span><\/a>Og \u00fe\u00fa skalt gj\u00f6ra stengurnar af akas\u00eduvi\u00f0i og gullleggja \u00fe\u00e6r.<a name=\"6\"><span class=\"versanumer\">6<\/span><\/a>\u00de\u00fa skalt setja \u00fea\u00f0 fyrir framan fortjaldi\u00f0, sem er fyrir s\u00e1ttm\u00e1ls\u00f6rkinni, fyrir framan loki\u00f0, sem er yfir s\u00e1ttm\u00e1linu, \u00fear sem \u00e9g vil eiga samfundi vi\u00f0 \u00feig.<a name=\"7\"><span class=\"versanumer\">7<\/span><\/a>Og Aron skal brenna ilmreykelsi \u00e1 \u00fev\u00ed, hann skal brenna \u00fev\u00ed \u00e1 hverjum morgni, \u00feegar hann tilrei\u00f0ir lampana.<a name=\"8\"><span class=\"versanumer\">8<\/span><\/a>\u00deegar Aron setur upp lampana um s\u00f3lsetur, skal hann og brenna reykelsi. \u00dea\u00f0 skal vera st\u00f6\u00f0ug reykelsisf\u00f3rn frammi fyrir Drottni hj\u00e1 y\u00f0ur fr\u00e1 kyni til kyns.<a name=\"9\"><span class=\"versanumer\">9<\/span><\/a>\u00de\u00e9r skulu\u00f0 ekki f\u00f3rna annarlegu reykelsi \u00e1 \u00fev\u00ed, n\u00e9 heldur brennif\u00f3rn e\u00f0a matf\u00f3rn, og eigi megi\u00f0 \u00fe\u00e9r dreypa dreypif\u00f3rn \u00e1 \u00fev\u00ed.<a name=\"10\"><span class=\"versanumer\">10<\/span><\/a>Aron skal fri\u00f0\u00fe\u00e6gja fyrir horn \u00feess einu sinni \u00e1 \u00e1ri. Me\u00f0 bl\u00f3\u00f0inu \u00far syndaf\u00f3rn fri\u00f0\u00fe\u00e6gingarinnar skal hann fri\u00f0\u00fe\u00e6gja fyrir \u00fea\u00f0 einu sinni \u00e1 \u00e1ri hj\u00e1 y\u00f0ur fr\u00e1 kyni til kyns. \u00dea\u00f0 er h\u00e1heilagt fyrir Drottni.<a name=\"11\"><span class=\"versanumer\">11<\/span><\/a>Drottinn tala\u00f0i vi\u00f0 M\u00f3se og sag\u00f0i:<a name=\"12\"><span class=\"versanumer\">12<\/span><\/a>\u00deegar \u00fe\u00fa tekur manntal me\u00f0al \u00cdsraelsmanna vi\u00f0 li\u00f0sk\u00f6nnun, \u00fe\u00e1 skulu \u00feeir hver um sig grei\u00f0a Drottni gjald til lausnar l\u00edfi s\u00ednu, \u00feegar \u00feeir eru kanna\u00f0ir, svo a\u00f0 engin pl\u00e1ga komi yfir \u00fe\u00e1 vegna li\u00f0sk\u00f6nnunarinnar.<a name=\"13\"><span class=\"versanumer\">13<\/span><\/a>\u00deetta skal hver s\u00e1 gjalda, sem talinn er \u00ed li\u00f0sk\u00f6nnun: h\u00e1lfan sikil eftir helgid\u00f3mssikli tuttugu gerur \u00ed sikli, h\u00e1lfan sikil sem f\u00f3rnargj\u00f6f til Drottins.<a name=\"14\"><span class=\"versanumer\">14<\/span><\/a>Hver sem talinn er \u00ed li\u00f0sk\u00f6nnun, tv\u00edtugur og \u00fea\u00f0an af eldri, skal grei\u00f0a Drottni f\u00f3rnargj\u00f6f.<a name=\"15\"><span class=\"versanumer\">15<\/span><\/a>Hinn r\u00edki skal eigi grei\u00f0a meira og hinn f\u00e1t\u00e6ki ekki minna en h\u00e1lfan sikil, er \u00fe\u00e9r f\u00e6ri\u00f0 Drottni f\u00f3rnargj\u00f6f til \u00feess a\u00f0 fri\u00f0\u00fe\u00e6gja fyrir s\u00e1lir y\u00f0ar.<a name=\"16\"><span class=\"versanumer\">16<\/span><\/a>Og \u00fe\u00fa skalt taka \u00feetta fri\u00f0\u00fe\u00e6gingargjald af \u00cdsraelsm\u00f6nnum og leggja \u00fea\u00f0 til \u00fej\u00f3nustu samfundatjaldsins. \u00dea\u00f0 skal vera \u00cdsraelsm\u00f6nnum til minningar frammi fyrir Drottni, a\u00f0 \u00fea\u00f0 fri\u00f0\u00fe\u00e6gi fyrir s\u00e1lir y\u00f0ar.<a name=\"17\"><span class=\"versanumer\">17<\/span><\/a>Drottinn tala\u00f0i vi\u00f0 M\u00f3se og sag\u00f0i:<a name=\"18\"><span class=\"versanumer\">18<\/span><\/a>\u00de\u00fa skalt gj\u00f6ra eirker me\u00f0 eirst\u00e9tt til \u00fevottar, og \u00fe\u00fa skalt setja \u00fea\u00f0 milli samfundatjaldsins og altarisins og l\u00e1ta vatn \u00ed \u00fea\u00f0,<a name=\"19\"><span class=\"versanumer\">19<\/span><\/a>og skulu \u00feeir Aron og synir hans \u00fevo hendur s\u00ednar og f\u00e6tur \u00far \u00fev\u00ed.<a name=\"20\"><span class=\"versanumer\">20<\/span><\/a>&#8222;\u00deegar \u00feeir ganga inn \u00ed samfundatjaldi\u00f0, skulu \u00feeir \u00fevo s\u00e9r \u00far vatni, svo a\u00f0 \u00feeir deyi ekki; e\u00f0a \u00feegar \u00feeir ganga a\u00f0 altarinu til \u00feess a\u00f0 emb\u00e6tta, til \u00feess a\u00f0 brenna eldf\u00f3rn Drottni til handa,&#8220;<a name=\"21\"><span class=\"versanumer\">21<\/span><\/a>\u00fe\u00e1 skulu \u00feeir \u00fevo hendur s\u00ednar og f\u00e6tur, svo a\u00f0 \u00feeir deyi ekki. \u00deetta skal vera \u00feeim \u00e6varandi l\u00f6gm\u00e1l fyrir hann og ni\u00f0ja hans fr\u00e1 kyni til kyns.<a name=\"22\"><span class=\"versanumer\">22<\/span><\/a>Drottinn tala\u00f0i vi\u00f0 M\u00f3se og sag\u00f0i:<a name=\"23\"><span class=\"versanumer\">23<\/span><\/a>Tak \u00fe\u00e9r hinar \u00e1g\u00e6tustu kryddjurtir, fimm hundru\u00f0 sikla af sj\u00e1lfrunninni myrru, h\u00e1lfu minna, e\u00f0a tv\u00f6 hundru\u00f0 og fimmt\u00edu sikla, af ilmandi kanelberki og tv\u00f6 hundru\u00f0 og fimmt\u00edu sikla af ilmreyr,<a name=\"24\"><span class=\"versanumer\">24<\/span><\/a>og fimm hundru\u00f0 sikla af kanelvi\u00f0i eftir helgid\u00f3mssikli og eina h\u00edn af ol\u00edfuberjaol\u00edu.<a name=\"25\"><span class=\"versanumer\">25<\/span><\/a>Af \u00feessu skalt \u00fe\u00fa gj\u00f6ra heilaga smurningarol\u00edu, ilmsmyrsl, til b\u00fain a\u00f0 h\u00e6tti smyrslara. Skal \u00fea\u00f0 vera heil\u00f6g smurningarol\u00eda.<a name=\"26\"><span class=\"versanumer\">26<\/span><\/a>Me\u00f0 \u00feessu skalt \u00fe\u00fa smyrja samfundatjaldi\u00f0 og s\u00e1ttm\u00e1ls\u00f6rkina,<a name=\"27\"><span class=\"versanumer\">27<\/span><\/a>bor\u00f0i\u00f0 me\u00f0 \u00f6llum \u00e1h\u00f6ldum \u00feess, lj\u00f3sastikuna me\u00f0 \u00f6llum \u00e1h\u00f6ldum hennar og reykelsisaltari\u00f0,<a name=\"28\"><span class=\"versanumer\">28<\/span><\/a>brennif\u00f3rnaraltari\u00f0 me\u00f0 \u00f6llum \u00e1h\u00f6ldum \u00feess, keri\u00f0 og st\u00e9tt \u00feess.<a name=\"29\"><span class=\"versanumer\">29<\/span><\/a>Og skalt \u00fe\u00fa v\u00edgja \u00feau, svo a\u00f0 \u00feau ver\u00f0i h\u00e1heil\u00f6g. Hver sem snertir \u00feau, skal vera helga\u00f0ur.<a name=\"30\"><span class=\"versanumer\">30<\/span><\/a>\u00de\u00fa skalt og smyrja Aron og sonu hans og v\u00edgja \u00fe\u00e1 til a\u00f0 \u00fej\u00f3na m\u00e9r \u00ed prestsemb\u00e6tti.<a name=\"31\"><span class=\"versanumer\">31<\/span><\/a>\u00de\u00fa skalt tala til \u00cdsraelsmanna og segja: \u00deetta skal vera m\u00e9r heil\u00f6g smurningarol\u00eda hj\u00e1 y\u00f0ur fr\u00e1 kyni til kyns.<a name=\"32\"><span class=\"versanumer\">32<\/span><\/a>Eigi m\u00e1 dreypa henni \u00e1 nokkurs manns h\u00f6rund, og me\u00f0 s\u00f6mu ger\u00f0 skulu\u00f0 \u00fe\u00e9r eigi til b\u00faa nein smyrsl. Helg er h\u00fan, og helg skal h\u00fan y\u00f0ur vera.<a name=\"33\"><span class=\"versanumer\">33<\/span><\/a>Hver sem b\u00fdr til sams konar smyrsl e\u00f0a ber nokku\u00f0 af \u00feeim \u00e1 \u00f3v\u00edg\u00f0an mann, skal uppr\u00e6ttur ver\u00f0a \u00far \u00fej\u00f3\u00f0 sinni.<a name=\"34\"><span class=\"versanumer\">34<\/span><\/a>Drottinn sag\u00f0i vi\u00f0 M\u00f3se: Tak \u00fe\u00e9r ilmjurtir, balsam, marn\u00f6gl og galbankvo\u00f0u, ilmjurtir \u00e1samt hreinu reykelsi. Skal vera jafnt af hverju.<a name=\"35\"><span class=\"versanumer\">35<\/span><\/a>Og \u00fe\u00fa skalt b\u00faa til \u00far \u00fev\u00ed ilmreykelsi a\u00f0 h\u00e6tti smyrslara, salti krydda\u00f0, hreint og heilagt.<a name=\"36\"><span class=\"versanumer\">36<\/span><\/a>Og nokku\u00f0 af \u00fev\u00ed skalt \u00fe\u00fa mylja sm\u00e1tt og leggja \u00fea\u00f0 fyrir framan s\u00e1ttm\u00e1li\u00f0 \u00ed samfundatjaldinu, \u00fear sem \u00e9g vil eiga samfundi vi\u00f0 \u00feig. \u00dea\u00f0 skal vera y\u00f0ur h\u00e1heilagt.<a name=\"37\"><span class=\"versanumer\">37<\/span><\/a>Reykelsi, eins og \u00fe\u00fa til b\u00fdr me\u00f0 \u00feessari ger\u00f0, megi\u00f0 \u00fe\u00e9r ekki b\u00faa til handa y\u00f0ur sj\u00e1lfum. Skalt \u00fe\u00fa meta \u00fea\u00f0 sem Drottni helga\u00f0.<a name=\"38\"><span class=\"versanumer\">38<\/span><\/a>Skyldi einhver b\u00faa til nokku\u00f0 \u00fev\u00edl\u00edkt til \u00feess a\u00f0 g\u00e6\u00f0a s\u00e9r me\u00f0 ilm \u00feess, skal hann uppr\u00e6ttur ver\u00f0a \u00far \u00fej\u00f3\u00f0 sinni.<\/p>\n<div class=\"footnote1981\"><b>30.1<\/b> Reykelsisaltari\u00f0 2M\u00f3s 37.25-28; 1Kon 6.20-21; Esk 41.22; Opb 8.3-5<br \/>\n<b>30.10<\/b> Einu sinni \u00e1 \u00e1ri 3M\u00f3s 16<br \/>\n<b>30.12<\/b> Engin pl\u00e1ga sbr 2Sam 24<br \/>\n<b>30.13<\/b> H\u00e1lfur sikill 2M\u00f3s 38.25-26; Matt 17.24<br \/>\n<b>30.15<\/b> Fri\u00f0\u00fe\u00e6gja sbr 1P\u00e9t 1.18-19<br \/>\n<b>30.18<\/b> Ker \u00far bronsi 2M\u00f3s 38.8; 1Kon 7.23-26,38-39; 2Kon 16.17<br \/>\n<b>30.25<\/b> Smurningarol\u00eda 2M\u00f3s 37.29; 40.9-15; 1M\u00f3s 28.18; 3M\u00f3s 8.10-12,30; 1Sam 10.1; 1Kro 29.22; S\u00edr 45.15<br \/>\n<b>30.34<\/b> Reykelsi\u00f0 helga 2M\u00f3s 37.29; 3M\u00f3s 16.12-13; Slm 141.2; Opb 5.8; 8.4<\/div>\n","protected":false},"excerpt":{"rendered":"<p>1\u00de\u00fa skalt gj\u00f6ra altari til a\u00f0 brenna \u00e1 reykelsi. \u00dea\u00f0 skalt \u00fe\u00fa b\u00faa til af akas\u00eduvi\u00f0i.2\u00dea\u00f0 skal vera \u00e1lnarlangt og \u00e1lnarbreitt, ferhyrnt, tveggja \u00e1lna h\u00e1tt og horn \u00feess \u00e1f\u00f6st vi\u00f0 \u00fea\u00f0.3\u00de\u00fa skalt leggja \u00fea\u00f0 sk\u00edru gulli, b\u00e6\u00f0i a\u00f0 ofan og \u00e1 hli\u00f0unum allt \u00ed kring, svo og horn \u00feess, og \u00fe\u00fa skalt gj\u00f6ra br\u00fan af gulli \u00e1 \u00fev\u00ed allt \u00ed kring.4\u00de\u00fa skalt gj\u00f6ra \u00e1 \u00fev\u00ed tvo hringa af gulli fyrir ne\u00f0an br\u00fanina b\u00e1\u00f0umegin. \u00de\u00fa skalt gj\u00f6ra \u00fe\u00e1 \u00e1 b\u00e1\u00f0um hli\u00f0um \u00feess, \u00feeir skulu vera til a\u00f0 smeygja \u00ed st\u00f6ngum til a\u00f0 bera \u00fea\u00f0 \u00e1.5Og \u00fe\u00fa skalt gj\u00f6ra stengurnar af akas\u00eduvi\u00f0i <a href=\"https:\/\/biblian.is\/1981\/onnur-mosebok-30-kafli\/\"> [&#8230;]<\/a><\/p>\n","protected":false},"author":1,"featured_media":0,"parent":0,"menu_order":0,"comment_status":"open","ping_status":"open","template":"bibliukaflar.php","meta":{"footnotes":""},"class_list":["post-1426","page","type-page","status-publish","hentry"],"_links":{"self":[{"href":"https:\/\/biblian.is\/1981\/wp-json\/wp\/v2\/pages\/1426","targetHints":{"allow":["GET"]}}],"collection":[{"href":"https:\/\/biblian.is\/1981\/wp-json\/wp\/v2\/pages"}],"about":[{"href":"https:\/\/biblian.is\/1981\/wp-json\/wp\/v2\/types\/page"}],"author":[{"embeddable":true,"href":"https:\/\/biblian.is\/1981\/wp-json\/wp\/v2\/users\/1"}],"replies":[{"embeddable":true,"href":"https:\/\/biblian.is\/1981\/wp-json\/wp\/v2\/comments?post=1426"}],"version-history":[{"count":0,"href":"https:\/\/biblian.is\/1981\/wp-json\/wp\/v2\/pages\/1426\/revisions"}],"wp:attachment":[{"href":"https:\/\/biblian.is\/1981\/wp-json\/wp\/v2\/media?parent=1426"}],"curies":[{"name":"wp","href":"https:\/\/api.w.org\/{rel}","templated":true}]}}