{"id":1425,"date":"2017-11-18T20:17:15","date_gmt":"2017-11-18T20:17:15","guid":{"rendered":"http:\/\/biblian.is\/1981\/onnur-mosebok-29-kafli\/"},"modified":"2021-06-06T11:04:17","modified_gmt":"2021-06-06T11:04:17","slug":"onnur-mosebok-29-kafli","status":"publish","type":"page","link":"https:\/\/biblian.is\/1981\/onnur-mosebok-29-kafli\/","title":{"rendered":"\u00d6nnur M\u00f3seb\u00f3k 29. kafli"},"content":{"rendered":"<p><a name=\"1\"><span class=\"versanumer\">1<\/span><\/a>\u00deannig skalt \u00fe\u00fa a\u00f0 fara, er \u00fe\u00fa v\u00edgir \u00fe\u00e1 til \u00feess a\u00f0 \u00fej\u00f3na m\u00e9r \u00ed prestsemb\u00e6tti: Tak eitt ungneyti og tvo hr\u00fata gallalausa,<a name=\"2\"><span class=\"versanumer\">2<\/span><\/a>\u00f3s\u00fdrt brau\u00f0 og \u00f3s\u00fdr\u00f0ar k\u00f6kur ol\u00edublanda\u00f0ar og \u00f3s\u00fdr\u00f0 flatbrau\u00f0 ol\u00edusmur\u00f0. Skalt \u00fe\u00fa gj\u00f6ra \u00feau af f\u00ednu hveitimj\u00f6li.<a name=\"3\"><span class=\"versanumer\">3<\/span><\/a>\u00dev\u00ed n\u00e6st skalt \u00fe\u00fa l\u00e1ta \u00feau \u00ed eina k\u00f6rfu og koma me\u00f0 \u00feau \u00ed k\u00f6rfunni, \u00e1samt uxanum og b\u00e1\u00f0um hr\u00fatunum.<a name=\"4\"><span class=\"versanumer\">4<\/span><\/a>\u00de\u00fa skalt koma me\u00f0 Aron og sonu hans a\u00f0 dyrum samfundatjaldsins og lauga \u00fe\u00e1 \u00ed vatni.<a name=\"5\"><span class=\"versanumer\">5<\/span><\/a>S\u00ed\u00f0an skalt \u00fe\u00fa taka kl\u00e6\u00f0in og skr\u00fd\u00f0a Aron kyrtlinum, h\u00f6kulm\u00f6ttlinum, h\u00f6klinum og brj\u00f3stskildinum, og gyr\u00f0a hann h\u00f6kullindanum.<a name=\"6\"><span class=\"versanumer\">6<\/span><\/a>\u00de\u00e1 skalt \u00fe\u00fa setja vefjarh\u00f6ttinn \u00e1 h\u00f6fu\u00f0 honum og festa hi\u00f0 heilaga ennishla\u00f0 \u00e1 vefjarh\u00f6ttinn.<a name=\"7\"><span class=\"versanumer\">7<\/span><\/a>\u00de\u00e1 skalt \u00fe\u00fa taka smurningarol\u00eduna og hella henni yfir h\u00f6fu\u00f0 honum og smyrja hann.<a name=\"8\"><span class=\"versanumer\">8<\/span><\/a>S\u00ed\u00f0an skalt \u00fe\u00fa lei\u00f0a fram sonu hans og f\u00e6ra \u00fe\u00e1 \u00ed kyrtla,<a name=\"9\"><span class=\"versanumer\">9<\/span><\/a>gyr\u00f0a \u00fe\u00e1 beltum, b\u00e6\u00f0i Aron og sonu hans, og binda \u00e1 \u00fe\u00e1 h\u00f6fu\u00f0d\u00faka, a\u00f0 \u00feeir hafi prestd\u00f3m eftir \u00e6varandi l\u00f6gm\u00e1li, og \u00fe\u00fa skalt fylla h\u00f6nd Arons og h\u00f6nd sona hans.<a name=\"10\"><span class=\"versanumer\">10<\/span><\/a>S\u00ed\u00f0an skalt \u00fe\u00fa lei\u00f0a uxann fram fyrir samfundatjaldi\u00f0, og skulu \u00feeir Aron og synir hans leggja hendur s\u00ednar \u00e1 h\u00f6fu\u00f0 uxanum.<a name=\"11\"><span class=\"versanumer\">11<\/span><\/a>En \u00fe\u00fa skalt sl\u00e1tra uxanum frammi fyrir Drottni, fyrir dyrum samfundatjaldsins.<a name=\"12\"><span class=\"versanumer\">12<\/span><\/a>S\u00ed\u00f0an skalt \u00fe\u00fa taka nokku\u00f0 af bl\u00f3\u00f0i uxans og r\u00ed\u00f0a \u00fev\u00ed \u00e1 altarishornin me\u00f0 fingri \u00fe\u00ednum, en \u00f6llu hinu bl\u00f3\u00f0inu skalt \u00fe\u00fa hella ni\u00f0ur vi\u00f0 altari\u00f0.<a name=\"13\"><span class=\"versanumer\">13<\/span><\/a>Og \u00fe\u00fa skalt taka alla netjuna, er hylur i\u00f0rin, st\u00e6rra lifrarbla\u00f0i\u00f0, b\u00e6\u00f0i n\u00fdrun og n\u00fdrnam\u00f6rinn og brenna \u00e1 altarinu.<a name=\"14\"><span class=\"versanumer\">14<\/span><\/a>En kj\u00f6t uxans, h\u00fa\u00f0ina og gori\u00f0 skalt \u00fe\u00fa brenna \u00ed eldi fyrir utan herb\u00fa\u00f0irnar. \u00dea\u00f0 er syndaf\u00f3rn.<a name=\"15\"><span class=\"versanumer\">15<\/span><\/a>\u00dev\u00ed n\u00e6st skalt \u00fe\u00fa taka annan hr\u00fatinn, og skulu \u00feeir Aron og synir hans leggja hendur s\u00ednar \u00e1 h\u00f6fu\u00f0 hr\u00fatsins.<a name=\"16\"><span class=\"versanumer\">16<\/span><\/a>S\u00ed\u00f0an skalt \u00fe\u00fa sl\u00e1tra hr\u00fatnum, taka bl\u00f3\u00f0 hans og st\u00f6kkva \u00fev\u00ed allt um kring \u00e1 altari\u00f0.<a name=\"17\"><span class=\"versanumer\">17<\/span><\/a>En hr\u00fatinn skalt \u00fe\u00fa hluta \u00ed sundur, \u00fevo innyfli hans og f\u00e6tur og leggja \u00fea\u00f0 ofan \u00e1 hin stykkin og h\u00f6fu\u00f0i\u00f0.<a name=\"18\"><span class=\"versanumer\">18<\/span><\/a>&#8222;Skalt \u00fe\u00fa s\u00ed\u00f0an brenna allan hr\u00fatinn \u00e1 altarinu. \u00dea\u00f0 er brennif\u00f3rn Drottni til handa, \u00fe\u00e6gilegur ilmur; \u00fea\u00f0 er eldf\u00f3rn Drottni til handa.&#8220;<a name=\"19\"><span class=\"versanumer\">19<\/span><\/a>\u00deessu n\u00e6st skalt \u00fe\u00fa taka hinn hr\u00fatinn, og skulu \u00feeir Aron og synir hans leggja hendur s\u00ednar \u00e1 h\u00f6fu\u00f0 hr\u00fatsins.<a name=\"20\"><span class=\"versanumer\">20<\/span><\/a>En \u00fe\u00fa skalt sl\u00e1tra hr\u00fatnum og taka nokku\u00f0 af bl\u00f3\u00f0i hans og r\u00ed\u00f0a \u00fev\u00ed \u00e1 h\u00e6gri eyrnasnepil Arons og h\u00e6gri eyrnasnepil sona hans og \u00e1 \u00feumalfingur h\u00e6gri handar \u00feeirra og \u00e1 st\u00f3rut\u00e1 h\u00e6gri f\u00f3tar \u00feeirra og st\u00f6kkva bl\u00f3\u00f0inu allt um kring \u00e1 altari\u00f0.<a name=\"21\"><span class=\"versanumer\">21<\/span><\/a>\u00de\u00fa skalt taka nokku\u00f0 af bl\u00f3\u00f0i \u00fev\u00ed, sem er \u00e1 altarinu, og nokku\u00f0 af smurningarol\u00edunni og st\u00f6kkva \u00fev\u00ed \u00e1 Aron og kl\u00e6\u00f0i hans, og \u00e1 sonu hans og kl\u00e6\u00f0i sona hans \u00e1samt honum, og ver\u00f0ur hann \u00fe\u00e1 helga\u00f0ur og kl\u00e6\u00f0i hans, og synir hans og kl\u00e6\u00f0i sona hans \u00e1samt honum.<a name=\"22\"><span class=\"versanumer\">22<\/span><\/a>S\u00ed\u00f0an skalt \u00fe\u00fa taka feitina af hr\u00fatnum: r\u00f3funa, netjuna, er hylur i\u00f0rin, st\u00e6rra lifrarbla\u00f0i\u00f0, b\u00e6\u00f0i n\u00fdrun og n\u00fdrnam\u00f6rinn og h\u00e6gra l\u00e6ri\u00f0 \u00fev\u00ed a\u00f0 \u00feetta er v\u00edgsluhr\u00fatur,<a name=\"23\"><span class=\"versanumer\">23<\/span><\/a>einn brau\u00f0hleif, eina ol\u00eduk\u00f6ku og eitt flatbrau\u00f0 \u00far k\u00f6rfunni me\u00f0 \u00f3s\u00fdr\u00f0u brau\u00f0unum, sem stendur frammi fyrir Drottni.<a name=\"24\"><span class=\"versanumer\">24<\/span><\/a>Allt \u00feetta skalt \u00fe\u00fa leggja \u00ed hendur Aroni og \u00ed hendur sonum hans og veifa \u00fev\u00ed sem veifif\u00f3rn frammi fyrir Drottni.<a name=\"25\"><span class=\"versanumer\">25<\/span><\/a>S\u00ed\u00f0an skalt \u00fe\u00fa taka \u00fea\u00f0 af h\u00f6ndum \u00feeirra og brenna \u00fea\u00f0 \u00e1 altarinu ofan \u00e1 brennif\u00f3rninni til \u00fe\u00e6gilegs ilms frammi fyrir Drottni. \u00dea\u00f0 er eldf\u00f3rn Drottni til handa.<a name=\"26\"><span class=\"versanumer\">26<\/span><\/a>\u00dev\u00ed n\u00e6st skalt \u00fe\u00fa taka bringuna af v\u00edgsluhr\u00fat Arons og veifa henni sem veifif\u00f3rn frammi fyrir Drottni. H\u00fan skal koma \u00ed \u00feinn hlut.<a name=\"27\"><span class=\"versanumer\">27<\/span><\/a>\u00de\u00fa skalt helga veifif\u00f3rnarbringuna og lyftif\u00f3rnarl\u00e6ri\u00f0, sem veifa\u00f0 og lyft hefir veri\u00f0, af v\u00edgsluhr\u00fatnum, b\u00e6\u00f0i Arons og sona hans.<a name=\"28\"><span class=\"versanumer\">28<\/span><\/a>Og skal Aron og synir hans f\u00e1 \u00fea\u00f0 hj\u00e1 \u00cdsraelsm\u00f6nnum eftir \u00e6varandi l\u00f6gm\u00e1li, \u00fev\u00ed a\u00f0 \u00fea\u00f0 er f\u00f3rnargj\u00f6f, og sem f\u00f3rnargj\u00f6f skulu \u00cdsraelsmenn fram bera \u00fea\u00f0 af \u00feakkarf\u00f3rnum s\u00ednum, sem f\u00f3rnargj\u00f6f \u00feeirra til Drottins.<a name=\"29\"><span class=\"versanumer\">29<\/span><\/a>Hin helgu kl\u00e6\u00f0i Arons skulu synir hans f\u00e1 eftir hann, svo a\u00f0 \u00feeir ver\u00f0i smur\u00f0ir \u00ed \u00feeim og hendur \u00feeirra ver\u00f0i fylltar \u00ed \u00feeim.<a name=\"30\"><span class=\"versanumer\">30<\/span><\/a>S\u00e1 af sonum hans, sem prestur ver\u00f0ur \u00ed hans sta\u00f0, skal sj\u00f6 daga skr\u00fd\u00f0ast \u00feeim, er hann gengur inn \u00ed samfundatjaldi\u00f0 til a\u00f0 emb\u00e6tta \u00ed helgid\u00f3minum.<a name=\"31\"><span class=\"versanumer\">31<\/span><\/a>\u00de\u00fa skalt taka v\u00edgsluhr\u00fatinn og sj\u00f3\u00f0a kj\u00f6t hans \u00e1 helgum sta\u00f0,<a name=\"32\"><span class=\"versanumer\">32<\/span><\/a>og skulu \u00feeir Aron og synir hans eta kj\u00f6t hr\u00fatsins og brau\u00f0i\u00f0, sem er \u00ed k\u00f6rfunni, fyrir dyrum samfundatjaldsins.<a name=\"33\"><span class=\"versanumer\">33<\/span><\/a>Og \u00feeir skulu eta \u00feetta, sem fri\u00f0\u00fe\u00e6gt var me\u00f0, er hendur \u00feeirra voru fylltar og \u00feeir helga\u00f0ir. En \u00f3v\u00edg\u00f0ur ma\u00f0ur m\u00e1 eigi neyta \u00feess, \u00fev\u00ed a\u00f0 \u00fea\u00f0 er helga\u00f0.<a name=\"34\"><span class=\"versanumer\">34<\/span><\/a>En ver\u00f0i nokkrar leifar af v\u00edgslukj\u00f6tinu og brau\u00f0inu til n\u00e6sta morguns, \u00fe\u00e1 skalt \u00fe\u00fa brenna \u00fe\u00e6r leifar \u00ed eldi. \u00dea\u00f0 m\u00e1 ekki eta, \u00fev\u00ed a\u00f0 \u00fea\u00f0 er helga\u00f0.<a name=\"35\"><span class=\"versanumer\">35<\/span><\/a>\u00de\u00fa skalt svo gj\u00f6ra vi\u00f0 Aron og sonu hans \u00ed alla sta\u00f0i, eins og \u00e9g hefi bo\u00f0i\u00f0 \u00fe\u00e9r. \u00cd sj\u00f6 daga skalt \u00fe\u00fa fylla hendur \u00feeirra,<a name=\"36\"><span class=\"versanumer\">36<\/span><\/a>og \u00e1 hverjum degi skalt \u00fe\u00fa sl\u00e1tra uxa \u00ed syndaf\u00f3rn til fri\u00f0\u00fe\u00e6gingar og syndhreinsa altari\u00f0, er \u00fe\u00fa fri\u00f0\u00fe\u00e6gir fyrir \u00fea\u00f0, og skalt \u00fe\u00fa \u00fe\u00e1 smyrja \u00fea\u00f0 til \u00feess a\u00f0 helga \u00fea\u00f0.<a name=\"37\"><span class=\"versanumer\">37<\/span><\/a>\u00cd sj\u00f6 daga skalt \u00fe\u00fa fri\u00f0\u00fe\u00e6gja fyrir altari\u00f0 og helga \u00fea\u00f0, og skal \u00fe\u00e1 altari\u00f0 ver\u00f0a h\u00e1heilagt. Hver s\u00e1, er snertir altari\u00f0, skal vera helga\u00f0ur.<a name=\"38\"><span class=\"versanumer\">38<\/span><\/a>\u00deetta er \u00fea\u00f0, sem \u00fe\u00fa skalt f\u00f3rna \u00e1 altarinu: tv\u00f6 l\u00f6mb veturg\u00f6mul dag hvern st\u00f6\u00f0uglega.<a name=\"39\"><span class=\"versanumer\">39<\/span><\/a>\u00d6\u00f0ru lambinu skalt \u00fe\u00fa f\u00f3rna a\u00f0 morgni dags, en hinu lambinu skalt \u00fe\u00fa f\u00f3rna um s\u00f3lsetur.<a name=\"40\"><span class=\"versanumer\">40<\/span><\/a>Me\u00f0 \u00f6\u00f0ru lambinu skal hafa t\u00edunda part \u00far efu af f\u00ednu mj\u00f6li, bl\u00f6ndu\u00f0u vi\u00f0 fj\u00f3r\u00f0ung \u00far h\u00edn af ol\u00edu \u00far steyttum ol\u00edfuberjum, og til dreypif\u00f3rnar fj\u00f3r\u00f0ung \u00far h\u00edn af v\u00edni.<a name=\"41\"><span class=\"versanumer\">41<\/span><\/a>Hinu lambinu skalt \u00fe\u00fa f\u00f3rna um s\u00f3lsetur, og hafa vi\u00f0 s\u00f6mu matf\u00f3rn og dreypif\u00f3rn sem um morguninn, til \u00fe\u00e6gilegs ilms, til eldf\u00f3rnar fyrir Drottin.<a name=\"42\"><span class=\"versanumer\">42<\/span><\/a>Skal \u00fea\u00f0 vera st\u00f6\u00f0ug brennif\u00f3rn hj\u00e1 y\u00f0ur fr\u00e1 kyni til kyns fyrir dyrum samfundatjaldsins \u00ed augs\u00fdn Drottins. \u00dear vil \u00e9g eiga samfundi vi\u00f0 y\u00f0ur til a\u00f0 tala \u00fear vi\u00f0 \u00feig,<a name=\"43\"><span class=\"versanumer\">43<\/span><\/a>og \u00fear vil \u00e9g eiga samfundi vi\u00f0 \u00cdsraelsmenn, og \u00fea\u00f0 skal helgast af minni d\u00fdr\u00f0.<a name=\"44\"><span class=\"versanumer\">44<\/span><\/a>&#8222;\u00c9g vil helga samfundatjaldi\u00f0 og altari\u00f0; Aron og sonu hans vil \u00e9g og helga, a\u00f0 \u00feeir \u00fej\u00f3ni m\u00e9r \u00ed prestsemb\u00e6tti.&#8220;<a name=\"45\"><span class=\"versanumer\">45<\/span><\/a>\u00c9g vil b\u00faa \u00e1 me\u00f0al \u00cdsraelsmanna og vera \u00feeirra Gu\u00f0.<a name=\"46\"><span class=\"versanumer\">46<\/span><\/a>Og \u00feeir skulu vi\u00f0urkenna, a\u00f0 \u00e9g er Drottinn, Gu\u00f0 \u00feeirra, sem leiddi \u00fe\u00e1 \u00fat af Egyptalandi, til \u00feess a\u00f0 \u00e9g m\u00e6tti b\u00faa me\u00f0al \u00feeirra. \u00c9g er Drottinn, Gu\u00f0 \u00feeirra.<\/p>\n<div class=\"footnote1981\"><b>29.1<\/b> Um v\u00edgslu presta 2M\u00f3s 40.12-15; 3M\u00f3s 8; S\u00edr 45.15-17; Heb 7.26-28<br \/>\n<b>29.10<\/b> Nautk\u00e1lfur 3M\u00f3s 8.14-17; sbr 3M\u00f3s 4.3-12; 16.11<br \/>\n<b>29.15<\/b> Fyrri hr\u00faturinn 3M\u00f3s 8.18-21; sbr 3M\u00f3s 1.10-13<br \/>\n<b>29.18<\/b> \u00deekkur ilmur Ef 5.2; Fil 4.18<br \/>\n<b>29.19<\/b> S\u00ed\u00f0ari hr\u00faturinn 3M\u00f3s 8.22-29<br \/>\n<b>29.29<\/b> Hin helgu kl\u00e6\u00f0i &#8230; eftir hann 4M\u00f3s 20.25-28<br \/>\n<b>29.31-32<\/b> Kj\u00f6t 3M\u00f3s 8.31-35<br \/>\n<b>29.38-46<\/b> Dagleg brennif\u00f3rn 4M\u00f3s 28.3-8; S\u00edr 45.14; sbr 3M\u00f3s 6.1-6; 2Kon 16.15; Esk 46.13-15<\/div>\n","protected":false},"excerpt":{"rendered":"<p>1\u00deannig skalt \u00fe\u00fa a\u00f0 fara, er \u00fe\u00fa v\u00edgir \u00fe\u00e1 til \u00feess a\u00f0 \u00fej\u00f3na m\u00e9r \u00ed prestsemb\u00e6tti: Tak eitt ungneyti og tvo hr\u00fata gallalausa,2\u00f3s\u00fdrt brau\u00f0 og \u00f3s\u00fdr\u00f0ar k\u00f6kur ol\u00edublanda\u00f0ar og \u00f3s\u00fdr\u00f0 flatbrau\u00f0 ol\u00edusmur\u00f0. Skalt \u00fe\u00fa gj\u00f6ra \u00feau af f\u00ednu hveitimj\u00f6li.3\u00dev\u00ed n\u00e6st skalt \u00fe\u00fa l\u00e1ta \u00feau \u00ed eina k\u00f6rfu og koma me\u00f0 \u00feau \u00ed k\u00f6rfunni, \u00e1samt uxanum og b\u00e1\u00f0um hr\u00fatunum.4\u00de\u00fa skalt koma me\u00f0 Aron og sonu hans a\u00f0 dyrum samfundatjaldsins og lauga \u00fe\u00e1 \u00ed vatni.5S\u00ed\u00f0an skalt \u00fe\u00fa taka kl\u00e6\u00f0in og skr\u00fd\u00f0a Aron kyrtlinum, h\u00f6kulm\u00f6ttlinum, h\u00f6klinum og brj\u00f3stskildinum, og gyr\u00f0a hann h\u00f6kullindanum.6\u00de\u00e1 skalt \u00fe\u00fa setja vefjarh\u00f6ttinn \u00e1 h\u00f6fu\u00f0 honum og festa hi\u00f0 heilaga <a href=\"https:\/\/biblian.is\/1981\/onnur-mosebok-29-kafli\/\"> [&#8230;]<\/a><\/p>\n","protected":false},"author":1,"featured_media":0,"parent":0,"menu_order":0,"comment_status":"open","ping_status":"open","template":"bibliukaflar.php","meta":{"footnotes":""},"class_list":["post-1425","page","type-page","status-publish","hentry"],"_links":{"self":[{"href":"https:\/\/biblian.is\/1981\/wp-json\/wp\/v2\/pages\/1425","targetHints":{"allow":["GET"]}}],"collection":[{"href":"https:\/\/biblian.is\/1981\/wp-json\/wp\/v2\/pages"}],"about":[{"href":"https:\/\/biblian.is\/1981\/wp-json\/wp\/v2\/types\/page"}],"author":[{"embeddable":true,"href":"https:\/\/biblian.is\/1981\/wp-json\/wp\/v2\/users\/1"}],"replies":[{"embeddable":true,"href":"https:\/\/biblian.is\/1981\/wp-json\/wp\/v2\/comments?post=1425"}],"version-history":[{"count":0,"href":"https:\/\/biblian.is\/1981\/wp-json\/wp\/v2\/pages\/1425\/revisions"}],"wp:attachment":[{"href":"https:\/\/biblian.is\/1981\/wp-json\/wp\/v2\/media?parent=1425"}],"curies":[{"name":"wp","href":"https:\/\/api.w.org\/{rel}","templated":true}]}}