{"id":1424,"date":"2017-11-18T20:17:15","date_gmt":"2017-11-18T20:17:15","guid":{"rendered":"http:\/\/biblian.is\/1981\/onnur-mosebok-28-kafli\/"},"modified":"2021-06-06T11:29:24","modified_gmt":"2021-06-06T11:29:24","slug":"onnur-mosebok-28-kafli","status":"publish","type":"page","link":"https:\/\/biblian.is\/1981\/onnur-mosebok-28-kafli\/","title":{"rendered":"\u00d6nnur M\u00f3seb\u00f3k 28. kafli"},"content":{"rendered":"<p><a name=\"1\"><span class=\"versanumer\">1<\/span><\/a>\u00de\u00fa skalt taka Aron br\u00f3\u00f0ur \u00feinn og sonu hans me\u00f0 honum til \u00fe\u00edn \u00far sveit \u00cdsraelsmanna, a\u00f0 hann \u00fej\u00f3ni m\u00e9r \u00ed prestsemb\u00e6tti, \u00fe\u00e1 Aron, Nadab og Ab\u00edh\u00fa, Eleasar og \u00cdtamar, sonu Arons.<a name=\"2\"><span class=\"versanumer\">2<\/span><\/a>\u00de\u00fa skalt gj\u00f6ra Aroni br\u00f3\u00f0ur \u00fe\u00ednum helg kl\u00e6\u00f0i til vegs og pr\u00fd\u00f0i.<a name=\"3\"><span class=\"versanumer\">3<\/span><\/a>Og \u00fe\u00fa skalt tala vi\u00f0 alla hugvitsmenn, sem \u00e9g hefi fyllt hugvitsanda, og skulu \u00feeir gj\u00f6ra Aroni kl\u00e6\u00f0i, svo a\u00f0 hann ver\u00f0i v\u00edg\u00f0ur til a\u00f0 \u00fej\u00f3na m\u00e9r \u00ed prestsemb\u00e6tti.<a name=\"4\"><span class=\"versanumer\">4<\/span><\/a>\u00deessi eru kl\u00e6\u00f0in, sem \u00feeir skulu gj\u00f6ra: Brj\u00f3stskj\u00f6ldur, h\u00f6kull, m\u00f6ttull, tiglofinn kyrtill, vefjarh\u00f6ttur og belti. \u00deeir skulu gj\u00f6ra Aroni br\u00f3\u00f0ur \u00fe\u00ednum og sonum hans helg kl\u00e6\u00f0i, a\u00f0 hann \u00fej\u00f3ni m\u00e9r \u00ed prestsemb\u00e6tti,<a name=\"5\"><span class=\"versanumer\">5<\/span><\/a>og skulu \u00feeir til \u00feess taka gull, bl\u00e1an purpura, rau\u00f0an purpura, skarlat og ba\u00f0mull.<a name=\"6\"><span class=\"versanumer\">6<\/span><\/a>\u00deeir skulu gj\u00f6ra h\u00f6kulinn af gulli, bl\u00e1um purpura, rau\u00f0um purpura, skarlati og tvinna\u00f0ri ba\u00f0mull me\u00f0 forkunnarlegu hagvirki.<a name=\"7\"><span class=\"versanumer\">7<\/span><\/a>\u00c1 honum skulu vera tveir axlarhl\u00fdrar, festir vi\u00f0 b\u00e1\u00f0a enda hans, svo a\u00f0 hann ver\u00f0i festur saman.<a name=\"8\"><span class=\"versanumer\">8<\/span><\/a>Og h\u00f6kullindinn, sem \u00e1 honum er til a\u00f0 gyr\u00f0a hann a\u00f0 s\u00e9r, skal vera me\u00f0 s\u00f6mu ger\u00f0 og \u00e1fastur honum: af gulli, bl\u00e1um purpura, rau\u00f0um purpura, skarlati og tvinna\u00f0ri ba\u00f0mull.<a name=\"9\"><span class=\"versanumer\">9<\/span><\/a>\u00dev\u00ed n\u00e6st skalt \u00fe\u00fa taka tvo sj\u00f3amsteina og grafa \u00e1 \u00fe\u00e1 n\u00f6fn \u00cdsraels sona:<a name=\"10\"><span class=\"versanumer\">10<\/span><\/a>Sex af n\u00f6fnum \u00feeirra \u00e1 annan steininn og n\u00f6fn hinna sex, er eftir ver\u00f0a, \u00e1 hinn steininn, eftir aldri \u00feeirra.<a name=\"11\"><span class=\"versanumer\">11<\/span><\/a>\u00de\u00fa skalt grafa n\u00f6fn \u00cdsraels sona \u00e1 b\u00e1\u00f0a steinana me\u00f0 steinskur\u00f0i, innsiglisgrefti, og greypa \u00fe\u00e1 inn \u00ed umgjar\u00f0ir af gulli.<a name=\"12\"><span class=\"versanumer\">12<\/span><\/a>Og \u00fe\u00fa skalt festa b\u00e1\u00f0a steinana \u00e1 axlarhl\u00fdra h\u00f6kulsins, a\u00f0 \u00feeir s\u00e9u minnissteinar \u00cdsraelsm\u00f6nnum, og skal Aron bera n\u00f6fn \u00feeirra frammi fyrir Drottni \u00e1 b\u00e1\u00f0um \u00f6xlum s\u00e9r, til minningar.<a name=\"13\"><span class=\"versanumer\">13<\/span><\/a>Og \u00fe\u00fa skalt gj\u00f6ra umgjar\u00f0ir af gulli<a name=\"14\"><span class=\"versanumer\">14<\/span><\/a>og tv\u00e6r festar af sk\u00edru gulli. \u00de\u00fa skalt gj\u00f6ra \u00fe\u00e6r sn\u00fanar sem fl\u00e9ttur, og \u00fe\u00fa skalt festa \u00feessar fl\u00e9ttu\u00f0u festar vi\u00f0 umgjar\u00f0irnar.<a name=\"15\"><span class=\"versanumer\">15<\/span><\/a>&#8222;\u00de\u00fa skalt og b\u00faa til d\u00f3mskj\u00f6ld, gj\u00f6r\u00f0an me\u00f0 listasm\u00ed\u00f0i. Skalt \u00fe\u00fa b\u00faa hann til me\u00f0 s\u00f6mu ger\u00f0 og h\u00f6kulinn; af gulli, bl\u00e1um purpura, rau\u00f0um purpura, skarlati og tvinna\u00f0ri ba\u00f0mull skalt \u00fe\u00fa gj\u00f6ra hann.&#8220;<a name=\"16\"><span class=\"versanumer\">16<\/span><\/a>Hann skal vera ferhyrndur og tv\u00f6faldur, spannarlangur og spannarbrei\u00f0ur.<a name=\"17\"><span class=\"versanumer\">17<\/span><\/a>&#8222;\u00de\u00fa skalt alsetja hann steinum \u00ed fj\u00f3rum r\u00f6\u00f0um: eina r\u00f6\u00f0 af karne\u00f3l, t\u00f3pas og smarag\u00f0i, er \u00fea\u00f0 fyrsta r\u00f6\u00f0in;&#8220;<a name=\"18\"><span class=\"versanumer\">18<\/span><\/a>&#8222;\u00f6nnur r\u00f6\u00f0in: karbunkull, saf\u00edr og jaspis;&#8220;<a name=\"19\"><span class=\"versanumer\">19<\/span><\/a>&#8222;\u00feri\u00f0ja r\u00f6\u00f0in: h\u00fdasint, agat og amet\u00fdst;&#8220;<a name=\"20\"><span class=\"versanumer\">20<\/span><\/a>og fj\u00f3r\u00f0a r\u00f6\u00f0in: kr\u00fdsol\u00edt, sj\u00f3am og \u00f3n\u00fdx. \u00deeir skulu greyptir vera \u00ed gull, hver \u00e1 s\u00ednum sta\u00f0.<a name=\"21\"><span class=\"versanumer\">21<\/span><\/a>Steinarnir skulu vera t\u00f3lf, eftir n\u00f6fnum \u00cdsraels sona, og vera me\u00f0 n\u00f6fnum \u00feeirra. \u00deeir skulu vera grafnir me\u00f0 innsiglisgrefti, og skal sitt nafn vera \u00e1 hverjum \u00feeirra, eftir \u00feeim t\u00f3lf kynkv\u00edslum.<a name=\"22\"><span class=\"versanumer\">22<\/span><\/a>\u00de\u00fa skalt gj\u00f6ra festar til brj\u00f3stskjaldarins, sn\u00fanar eins og fl\u00e9ttur, af sk\u00edru gulli.<a name=\"23\"><span class=\"versanumer\">23<\/span><\/a>\u00de\u00fa skalt og gj\u00f6ra til brj\u00f3stskjaldarins tvo hringa af gulli og festa \u00feessa tvo hringa \u00e1 tv\u00f6 horn brj\u00f3stskjaldarins.<a name=\"24\"><span class=\"versanumer\">24<\/span><\/a>S\u00ed\u00f0an skalt \u00fe\u00fa festa b\u00e1\u00f0ar gullfl\u00e9tturnar \u00ed \u00feessa tvo hringa \u00e1 hornum brj\u00f3stskjaldarins.<a name=\"25\"><span class=\"versanumer\">25<\/span><\/a>En tvo enda beggja sn\u00fanu festanna skalt \u00fe\u00fa festa vi\u00f0 umgjar\u00f0irnar tv\u00e6r og festa \u00fe\u00e6r vi\u00f0 axlarhl\u00fdra h\u00f6kulsins, \u00e1 hann framanver\u00f0an.<a name=\"26\"><span class=\"versanumer\">26<\/span><\/a>\u00de\u00e1 skalt \u00fe\u00fa enn gj\u00f6ra tvo hringa af gulli og festa \u00fe\u00e1 \u00ed tv\u00f6 horn brj\u00f3stskjaldarins, innanvert \u00ed \u00fe\u00e1 br\u00fanina, sem a\u00f0 h\u00f6klinum veit.<a name=\"27\"><span class=\"versanumer\">27<\/span><\/a>Og enn skalt \u00fe\u00fa gj\u00f6ra tvo hringa af gulli og festa \u00fe\u00e1 \u00e1 b\u00e1\u00f0a axlarhl\u00fdra h\u00f6kulsins, ne\u00f0an til \u00e1 hann framanver\u00f0an, \u00fear sem hann er tengdur saman, fyrir ofan h\u00f6kullindann.<a name=\"28\"><span class=\"versanumer\">28<\/span><\/a>N\u00fa skal kn\u00fdta brj\u00f3stskj\u00f6ldinn me\u00f0 hringum hans vi\u00f0 h\u00f6kulhringana me\u00f0 sn\u00faru af bl\u00e1um purpura, svo a\u00f0 hann liggi fyrir ofan h\u00f6kullindann, og mun \u00fe\u00e1 eigi brj\u00f3stskj\u00f6ldurinn losna vi\u00f0 h\u00f6kulinn.<a name=\"29\"><span class=\"versanumer\">29<\/span><\/a>Aron skal bera n\u00f6fn \u00cdsraels sona \u00ed d\u00f3mskildinum \u00e1 brj\u00f3sti s\u00e9r, \u00feegar hann gengur inn \u00ed helgid\u00f3minn, til st\u00f6\u00f0ugrar minningar frammi fyrir Drottni.<a name=\"30\"><span class=\"versanumer\">30<\/span><\/a>Og \u00fe\u00fa skalt leggja inn \u00ed d\u00f3mskj\u00f6ldinn \u00far\u00edm og t\u00famm\u00edm, svo a\u00f0 \u00fea\u00f0 s\u00e9 \u00e1 brj\u00f3sti Arons, \u00feegar hann gengur inn fyrir Drottin, og Aron skal \u00e1vallt bera d\u00f3m \u00cdsraelsmanna \u00e1 brj\u00f3sti s\u00e9r frammi fyrir Drottni.<a name=\"31\"><span class=\"versanumer\">31<\/span><\/a>H\u00f6kulm\u00f6ttulinn skalt \u00fe\u00fa allan gj\u00f6ra af bl\u00e1um purpura.<a name=\"32\"><span class=\"versanumer\">32<\/span><\/a>\u00c1 honum skal vera h\u00e1lsm\u00e1l falda\u00f0 me\u00f0 ofnum bor\u00f0a, eins og \u00e1 brynju, svo a\u00f0 ekki rifni \u00fat \u00far.<a name=\"33\"><span class=\"versanumer\">33<\/span><\/a>\u00c1 faldi hans skalt \u00fe\u00fa b\u00faa til granatepli af bl\u00e1um purpura, rau\u00f0um purpura og skarlati, \u00e1 faldi hans allt \u00ed kring, og bj\u00f6llur af gulli \u00ed milli eplanna allt \u00ed kring,<a name=\"34\"><span class=\"versanumer\">34<\/span><\/a>svo a\u00f0 fyrst komi gullbjalla og granatepli, og \u00fe\u00e1 aftur gullbjalla og granatepli, allt \u00ed kring \u00e1 m\u00f6ttulfaldinum.<a name=\"35\"><span class=\"versanumer\">35<\/span><\/a>\u00cd honum skal Aron vera, \u00feegar hann emb\u00e6ttar, svo a\u00f0 heyra megi til hans, \u00feegar hann gengur inn \u00ed helgid\u00f3minn fram fyrir Drottin og \u00fe\u00e1 er hann gengur \u00fat, svo a\u00f0 hann deyi ekki.<a name=\"36\"><span class=\"versanumer\">36<\/span><\/a>\u00de\u00fa skalt gj\u00f6ra sp\u00f6ng af sk\u00edru gulli og grafa \u00e1 hana me\u00f0 innsiglisgrefti: Helga\u00f0ur Drottni.<a name=\"37\"><span class=\"versanumer\">37<\/span><\/a>Og \u00fe\u00fa skalt festa hana \u00e1 sn\u00faru af bl\u00e1um purpura, og skal h\u00fan vera \u00e1 vefjarhettinum. Framan \u00e1 vefjarhettinum skal h\u00fan vera.<a name=\"38\"><span class=\"versanumer\">38<\/span><\/a>Og h\u00fan skal vera \u00e1 enni Arons, svo a\u00f0 Aron taki \u00e1 sig galla \u00fe\u00e1, er ver\u00f0a kunna \u00e1 hinum helgu f\u00f3rnum, er \u00cdsraelsmenn fram bera, hverjar svo sem helgigjafir \u00feeirra eru. H\u00fan skal \u00e6t\u00ed\u00f0 vera \u00e1 enni hans til \u00feess a\u00f0 gj\u00f6ra \u00fe\u00e6r vel\u00fe\u00f3knanlegar fyrir Drottni.<a name=\"39\"><span class=\"versanumer\">39<\/span><\/a>\u00de\u00fa skalt tiglvefa kyrtilinn af ba\u00f0mull og gj\u00f6ra vefjarh\u00f6tt af ba\u00f0mull og b\u00faa til glitofi\u00f0 belti.<a name=\"40\"><span class=\"versanumer\">40<\/span><\/a>\u00de\u00fa skalt og gj\u00f6ra kyrtla handa sonum Arons og b\u00faa \u00feeim til belti. Einnig skalt \u00fe\u00fa gj\u00f6ra \u00feeim h\u00f6fu\u00f0d\u00faka til vegs og pr\u00fd\u00f0i.<a name=\"41\"><span class=\"versanumer\">41<\/span><\/a>\u00de\u00fa skalt f\u00e6ra Aron br\u00f3\u00f0ur \u00feinn og sonu hans me\u00f0 honum \u00ed \u00fea\u00f0, og \u00fe\u00fa skalt smyrja \u00fe\u00e1 og fylla hendur \u00feeirra og helga \u00fe\u00e1 til a\u00f0 \u00fej\u00f3na m\u00e9r \u00ed prestsemb\u00e6tti.<a name=\"42\"><span class=\"versanumer\">42<\/span><\/a>\u00de\u00fa skalt og gj\u00f6ra \u00feeim l\u00ednbr\u00e6kur til a\u00f0 hylja me\u00f0 blyg\u00f0un \u00feeirra. \u00de\u00e6r skulu n\u00e1 fr\u00e1 mj\u00f6\u00f0mum ni\u00f0ur \u00e1 l\u00e6ri.<a name=\"43\"><span class=\"versanumer\">43<\/span><\/a>\u00cd \u00feeim skal Aron og synir hans vera, er \u00feeir ganga inn \u00ed samfundatjaldi\u00f0 e\u00f0a n\u00e1lgast altari\u00f0 til a\u00f0 emb\u00e6tta \u00ed helgid\u00f3minum, a\u00f0 \u00feeir eigi baki s\u00e9r sekt og deyi. \u00deetta skal vera \u00e6vinlegt l\u00f6gm\u00e1l fyrir hann og ni\u00f0ja hans eftir hann.<\/p>\n<div class=\"footnote1981\"><b>28.2<\/b> Heil\u00f6g kl\u00e6\u00f0i 2M\u00f3s 39.1-31; 3M\u00f3s 8.7-9,13; Sak 3.3-5; S\u00edr 45.6-13<br \/>\n<b>28.6<\/b> H\u00f6kull 2M\u00f3s 39.2-7<br \/>\n<b>28.9<\/b> N\u00f6fn 2M\u00f3s 28.21+<br \/>\n<b>28.15<\/b> Skj\u00f6ldur 2M\u00f3s 39.8-21<br \/>\n<b>28.17<\/b> Steinar Esk 28.13; SSal 18.24; Opb 21.19-20<br \/>\n<b>28.21<\/b> N\u00f6fn grafin \u00e1 steinana 2M\u00f3s 28.9; Opb 21.14<br \/>\n<b>28.30<\/b> \u00dar\u00edm og t\u00famm\u00edm 5M\u00f3s 33.8; Esr 2.63<br \/>\n<b>28.31<\/b> K\u00e1pan sem tilheyrir h\u00f6klinum 2M\u00f3s 39.22-26<br \/>\n<b>28.36<\/b> Bl\u00f3m \u00far gulli 2M\u00f3s 39.30-31; &#8211; helga\u00f0ur Drottni Sak 14.20; J\u00f3h 17.19<br \/>\n<b>28.39<\/b> L\u00ednkl\u00e6\u00f0i 2M\u00f3s 39.27-29; 3M\u00f3s 16.4<br \/>\n<b>28.42<\/b> Hylja blyg\u00f0un 2M\u00f3s 20.26; 1Sam 22.18<\/div>\n","protected":false},"excerpt":{"rendered":"<p>1\u00de\u00fa skalt taka Aron br\u00f3\u00f0ur \u00feinn og sonu hans me\u00f0 honum til \u00fe\u00edn \u00far sveit \u00cdsraelsmanna, a\u00f0 hann \u00fej\u00f3ni m\u00e9r \u00ed prestsemb\u00e6tti, \u00fe\u00e1 Aron, Nadab og Ab\u00edh\u00fa, Eleasar og \u00cdtamar, sonu Arons.2\u00de\u00fa skalt gj\u00f6ra Aroni br\u00f3\u00f0ur \u00fe\u00ednum helg kl\u00e6\u00f0i til vegs og pr\u00fd\u00f0i.3Og \u00fe\u00fa skalt tala vi\u00f0 alla hugvitsmenn, sem \u00e9g hefi fyllt hugvitsanda, og skulu \u00feeir gj\u00f6ra Aroni kl\u00e6\u00f0i, svo a\u00f0 hann ver\u00f0i v\u00edg\u00f0ur til a\u00f0 \u00fej\u00f3na m\u00e9r \u00ed prestsemb\u00e6tti.4\u00deessi eru kl\u00e6\u00f0in, sem \u00feeir skulu gj\u00f6ra: Brj\u00f3stskj\u00f6ldur, h\u00f6kull, m\u00f6ttull, tiglofinn kyrtill, vefjarh\u00f6ttur og belti. \u00deeir skulu gj\u00f6ra Aroni br\u00f3\u00f0ur \u00fe\u00ednum og sonum hans helg kl\u00e6\u00f0i, a\u00f0 hann \u00fej\u00f3ni m\u00e9r <a href=\"https:\/\/biblian.is\/1981\/onnur-mosebok-28-kafli\/\"> [&#8230;]<\/a><\/p>\n","protected":false},"author":1,"featured_media":0,"parent":0,"menu_order":0,"comment_status":"open","ping_status":"open","template":"bibliukaflar.php","meta":{"footnotes":""},"class_list":["post-1424","page","type-page","status-publish","hentry"],"_links":{"self":[{"href":"https:\/\/biblian.is\/1981\/wp-json\/wp\/v2\/pages\/1424","targetHints":{"allow":["GET"]}}],"collection":[{"href":"https:\/\/biblian.is\/1981\/wp-json\/wp\/v2\/pages"}],"about":[{"href":"https:\/\/biblian.is\/1981\/wp-json\/wp\/v2\/types\/page"}],"author":[{"embeddable":true,"href":"https:\/\/biblian.is\/1981\/wp-json\/wp\/v2\/users\/1"}],"replies":[{"embeddable":true,"href":"https:\/\/biblian.is\/1981\/wp-json\/wp\/v2\/comments?post=1424"}],"version-history":[{"count":0,"href":"https:\/\/biblian.is\/1981\/wp-json\/wp\/v2\/pages\/1424\/revisions"}],"wp:attachment":[{"href":"https:\/\/biblian.is\/1981\/wp-json\/wp\/v2\/media?parent=1424"}],"curies":[{"name":"wp","href":"https:\/\/api.w.org\/{rel}","templated":true}]}}