{"id":1423,"date":"2017-11-18T20:17:15","date_gmt":"2017-11-18T20:17:15","guid":{"rendered":"http:\/\/biblian.is\/1981\/onnur-mosebok-27-kafli\/"},"modified":"2021-06-06T11:04:16","modified_gmt":"2021-06-06T11:04:16","slug":"onnur-mosebok-27-kafli","status":"publish","type":"page","link":"https:\/\/biblian.is\/1981\/onnur-mosebok-27-kafli\/","title":{"rendered":"\u00d6nnur M\u00f3seb\u00f3k 27. kafli"},"content":{"rendered":"<p><a name=\"1\"><span class=\"versanumer\">1<\/span><\/a>\u00de\u00fa skalt gj\u00f6ra altari\u00f0 af akas\u00eduvi\u00f0i, fimm \u00e1lna langt og fimm \u00e1lna breitt ferhyrnt skal altari\u00f0 vera og \u00feriggja \u00e1lna h\u00e1tt.<a name=\"2\"><span class=\"versanumer\">2<\/span><\/a>Og \u00fe\u00fa skalt gj\u00f6ra hornin \u00e1 \u00fev\u00ed upp af fj\u00f3rum hyrningum \u00feess, \u00feau horn skulu vera \u00e1f\u00f6st vi\u00f0 \u00fea\u00f0, og \u00fe\u00fa skalt eirleggja \u00fea\u00f0.<a name=\"3\"><span class=\"versanumer\">3<\/span><\/a>\u00de\u00fa skalt gj\u00f6ra ker undir \u00f6skuna, eldspa\u00f0a \u00fe\u00e1, f\u00f3rnarsk\u00e1lir, so\u00f0kr\u00f3ka og eldp\u00f6nnur, sem altarinu fylgja. \u00d6ll \u00e1h\u00f6ld \u00feess skalt \u00fe\u00fa gj\u00f6ra af eiri.<a name=\"4\"><span class=\"versanumer\">4<\/span><\/a>\u00de\u00fa skalt gj\u00f6ra um altari\u00f0 eirgrind, eins og ri\u00f0i\u00f0 net, og setja fj\u00f3ra eirhringa \u00e1 neti\u00f0, \u00e1 fj\u00f6gur horn altarisins.<a name=\"5\"><span class=\"versanumer\">5<\/span><\/a>Grindina skalt \u00fe\u00fa festa fyrir ne\u00f0an umgj\u00f6r\u00f0 altarisins undir ni\u00f0ri, svo a\u00f0 neti\u00f0 taki upp \u00e1 mitt altari\u00f0.<a name=\"6\"><span class=\"versanumer\">6<\/span><\/a>Og \u00fe\u00fa skalt gj\u00f6ra stengur til altarisins, stengur af akas\u00eduvi\u00f0i, og eirleggja \u00fe\u00e6r.<a name=\"7\"><span class=\"versanumer\">7<\/span><\/a>Skal smeygja st\u00f6ngunum \u00ed hringana, og skulu stengurnar vera \u00e1 b\u00e1\u00f0um hli\u00f0um altarisins, \u00feegar \u00fea\u00f0 er bori\u00f0.<a name=\"8\"><span class=\"versanumer\">8<\/span><\/a>\u00de\u00fa skalt gj\u00f6ra altari\u00f0 af bor\u00f0um, holt a\u00f0 innan. \u00deeir skulu gj\u00f6ra \u00fea\u00f0 eins og \u00fe\u00e9r var s\u00fdnt uppi \u00e1 fjallinu.<a name=\"9\"><span class=\"versanumer\">9<\/span><\/a>\u00deannig skalt \u00fe\u00fa gj\u00f6ra forgar\u00f0 tjaldb\u00fa\u00f0arinnar: \u00c1 su\u00f0urhli\u00f0inni skulu tj\u00f6ld vera fyrir forgar\u00f0inum \u00far tvinna\u00f0ri ba\u00f0mull, hundra\u00f0 \u00e1lna l\u00f6ng \u00e1 \u00fe\u00e1 hli\u00f0ina,<a name=\"10\"><span class=\"versanumer\">10<\/span><\/a>og tuttugu st\u00f3lpar me\u00f0 tuttugu undirst\u00f6\u00f0um af eiri, en naglar st\u00f3lpanna og hringrandir \u00feeirra skulu vera af silfri.<a name=\"11\"><span class=\"versanumer\">11<\/span><\/a>S\u00f6mulei\u00f0is skulu a\u00f0 nor\u00f0anver\u00f0u langsetis vera hundra\u00f0 \u00e1lna l\u00f6ng tj\u00f6ld og tuttugu st\u00f3lpar me\u00f0 tuttugu undirst\u00f6\u00f0um af eiri, en naglar \u00ed st\u00f3lpunum og hringrandir \u00e1 \u00feeim skulu vera af silfri.<a name=\"12\"><span class=\"versanumer\">12<\/span><\/a>En \u00e1 \u00feverhli\u00f0 forgar\u00f0sins a\u00f0 vestanver\u00f0u skulu vera fimmt\u00edu \u00e1lna l\u00f6ng tj\u00f6ld og t\u00edu st\u00f3lpar me\u00f0 t\u00edu undirst\u00f6\u00f0um.<a name=\"13\"><span class=\"versanumer\">13<\/span><\/a>\u00deverhli\u00f0 forgar\u00f0sins a\u00f0 austanver\u00f0u, m\u00f3t uppkomu s\u00f3lar, skal vera fimmt\u00edu \u00e1lnir,<a name=\"14\"><span class=\"versanumer\">14<\/span><\/a>og skulu vera fimmt\u00e1n \u00e1lna tj\u00f6ld annars vegar me\u00f0 \u00feremur st\u00f3lpum og \u00feremur undirst\u00f6\u00f0um,<a name=\"15\"><span class=\"versanumer\">15<\/span><\/a>og hins vegar s\u00f6mulei\u00f0is fimmt\u00e1n \u00e1lna tj\u00f6ld me\u00f0 \u00feremur st\u00f3lpum og \u00feremur undirst\u00f6\u00f0um.<a name=\"16\"><span class=\"versanumer\">16<\/span><\/a>Fyrir hli\u00f0i forgar\u00f0sins skal vera tuttugu \u00e1lna d\u00fakbrei\u00f0a af bl\u00e1um purpura, rau\u00f0um purpura, skarlati og tvinna\u00f0ri ba\u00f0mull, glitofin, me\u00f0 fj\u00f3rum st\u00f3lpum og fj\u00f3rum undirst\u00f6\u00f0um.<a name=\"17\"><span class=\"versanumer\">17<\/span><\/a>Allir st\u00f3lpar umhverfis forgar\u00f0inn skulu vera me\u00f0 hringr\u00f6ndum af silfri og silfurn\u00f6glum og undirst\u00f6\u00f0urnar af eiri.<a name=\"18\"><span class=\"versanumer\">18<\/span><\/a>Lengd forgar\u00f0sins skal vera hundra\u00f0 \u00e1lnir og breiddin fimmt\u00edu \u00e1lnir og h\u00e6\u00f0in fimm \u00e1lnir, \u00far tvinna\u00f0ri ba\u00f0mull og undirst\u00f6\u00f0urnar af eiri.<a name=\"19\"><span class=\"versanumer\">19<\/span><\/a>\u00d6ll \u00e1h\u00f6ld tjaldb\u00fa\u00f0arinnar, til hverrar \u00fej\u00f3nustugj\u00f6r\u00f0ar \u00ed henni sem vera skal, svo og allir h\u00e6lar, sem henni tilheyra, og allir h\u00e6lar, sem forgar\u00f0inum tilheyra, skulu vera af eiri.<a name=\"20\"><span class=\"versanumer\">20<\/span><\/a>\u00de\u00fa skalt bj\u00f3\u00f0a \u00cdsraelsm\u00f6nnum a\u00f0 f\u00e6ra \u00fe\u00e9r t\u00e6ra ol\u00edu af steyttum ol\u00edfuberjum til lj\u00f3sastikunnar, svo a\u00f0 lampar ver\u00f0i \u00e1vallt settir upp.<a name=\"21\"><span class=\"versanumer\">21<\/span><\/a>\u00cd samfundatjaldinu fyrir utan fortjaldi\u00f0, sem er fyrir framan s\u00e1ttm\u00e1li\u00f0, skal Aron og synir hans tilrei\u00f0a \u00fe\u00e1 frammi fyrir Drottni, fr\u00e1 kveldi til morguns. Er \u00fea\u00f0 \u00e6vinleg skyldugrei\u00f0sla, er \u00e1 \u00cdsraelsm\u00f6nnum hv\u00edlir fr\u00e1 kyni til kyns.<\/p>\n<div class=\"footnote1981\"><b>27.1<\/b> Altari\u00f0 2M\u00f3s 38.1-7; 2Kon 16.14-15; 2Kro 4.1; Esk 43.13-17<br \/>\n<b>27.3<\/b> Ker, sk\u00f3flur &#8230; 1Kon 7.40<br \/>\n<b>27.9<\/b> Forgar\u00f0ur 2M\u00f3s 38.9-20; 1Kon 8.64; Esk 40.17-47<br \/>\n<b>27.20<\/b> Ol\u00eda 3M\u00f3s 24.2-4; 1Kro 9.29<br \/>\n<b>27.21<\/b> Fr\u00e1 kv\u00f6ldi til morguns 1Sam 3.3<\/div>\n","protected":false},"excerpt":{"rendered":"<p>1\u00de\u00fa skalt gj\u00f6ra altari\u00f0 af akas\u00eduvi\u00f0i, fimm \u00e1lna langt og fimm \u00e1lna breitt ferhyrnt skal altari\u00f0 vera og \u00feriggja \u00e1lna h\u00e1tt.2Og \u00fe\u00fa skalt gj\u00f6ra hornin \u00e1 \u00fev\u00ed upp af fj\u00f3rum hyrningum \u00feess, \u00feau horn skulu vera \u00e1f\u00f6st vi\u00f0 \u00fea\u00f0, og \u00fe\u00fa skalt eirleggja \u00fea\u00f0.3\u00de\u00fa skalt gj\u00f6ra ker undir \u00f6skuna, eldspa\u00f0a \u00fe\u00e1, f\u00f3rnarsk\u00e1lir, so\u00f0kr\u00f3ka og eldp\u00f6nnur, sem altarinu fylgja. \u00d6ll \u00e1h\u00f6ld \u00feess skalt \u00fe\u00fa gj\u00f6ra af eiri.4\u00de\u00fa skalt gj\u00f6ra um altari\u00f0 eirgrind, eins og ri\u00f0i\u00f0 net, og setja fj\u00f3ra eirhringa \u00e1 neti\u00f0, \u00e1 fj\u00f6gur horn altarisins.5Grindina skalt \u00fe\u00fa festa fyrir ne\u00f0an umgj\u00f6r\u00f0 altarisins undir ni\u00f0ri, svo a\u00f0 neti\u00f0 taki upp \u00e1 <a href=\"https:\/\/biblian.is\/1981\/onnur-mosebok-27-kafli\/\"> [&#8230;]<\/a><\/p>\n","protected":false},"author":1,"featured_media":0,"parent":0,"menu_order":0,"comment_status":"open","ping_status":"open","template":"bibliukaflar.php","meta":{"footnotes":""},"class_list":["post-1423","page","type-page","status-publish","hentry"],"_links":{"self":[{"href":"https:\/\/biblian.is\/1981\/wp-json\/wp\/v2\/pages\/1423","targetHints":{"allow":["GET"]}}],"collection":[{"href":"https:\/\/biblian.is\/1981\/wp-json\/wp\/v2\/pages"}],"about":[{"href":"https:\/\/biblian.is\/1981\/wp-json\/wp\/v2\/types\/page"}],"author":[{"embeddable":true,"href":"https:\/\/biblian.is\/1981\/wp-json\/wp\/v2\/users\/1"}],"replies":[{"embeddable":true,"href":"https:\/\/biblian.is\/1981\/wp-json\/wp\/v2\/comments?post=1423"}],"version-history":[{"count":0,"href":"https:\/\/biblian.is\/1981\/wp-json\/wp\/v2\/pages\/1423\/revisions"}],"wp:attachment":[{"href":"https:\/\/biblian.is\/1981\/wp-json\/wp\/v2\/media?parent=1423"}],"curies":[{"name":"wp","href":"https:\/\/api.w.org\/{rel}","templated":true}]}}