{"id":1421,"date":"2017-11-18T20:17:15","date_gmt":"2017-11-18T20:17:15","guid":{"rendered":"http:\/\/biblian.is\/1981\/onnur-mosebok-25-kafli\/"},"modified":"2021-06-06T11:04:16","modified_gmt":"2021-06-06T11:04:16","slug":"onnur-mosebok-25-kafli","status":"publish","type":"page","link":"https:\/\/biblian.is\/1981\/onnur-mosebok-25-kafli\/","title":{"rendered":"\u00d6nnur M\u00f3seb\u00f3k 25. kafli"},"content":{"rendered":"<p><a name=\"1\"><span class=\"versanumer\">1<\/span><\/a>Drottinn tala\u00f0i vi\u00f0 M\u00f3se og sag\u00f0i:<a name=\"2\"><span class=\"versanumer\">2<\/span><\/a>Seg \u00cdsraelsm\u00f6nnum a\u00f0 \u00feeir f\u00e6ri m\u00e9r gjafir. Af hverjum \u00feeim manni skulu\u00f0 \u00fe\u00e9r gj\u00f6f taka m\u00e9r til handa, sem gefur hana af f\u00fasum huga.<a name=\"3\"><span class=\"versanumer\">3<\/span><\/a>&#8222;Og \u00feessar eru gjafir \u00fe\u00e6r, sem \u00fe\u00e9r skulu\u00f0 af \u00feeim taka: gull, silfur og eir;&#8220;<a name=\"4\"><span class=\"versanumer\">4<\/span><\/a>&#8222;bl\u00e1r purpuri, rau\u00f0ur purpuri, skarlat, ba\u00f0mull og geitah\u00e1r;&#8220;<a name=\"5\"><span class=\"versanumer\">5<\/span><\/a>&#8222;rau\u00f0litu\u00f0 hr\u00fatskinn, h\u00f6frungaskinn og akas\u00eduvi\u00f0ur;&#8220;<a name=\"6\"><span class=\"versanumer\">6<\/span><\/a>&#8222;ol\u00eda til lj\u00f3sastikunnar, kryddjurtir til ilmsmyrsla og ilmreykelsis;&#8220;<a name=\"7\"><span class=\"versanumer\">7<\/span><\/a>sj\u00f3amsteinar og steinar til legginga \u00e1 h\u00f6kulinn og brj\u00f3stskj\u00f6ldinn.<a name=\"8\"><span class=\"versanumer\">8<\/span><\/a>Og \u00feeir skulu gj\u00f6ra m\u00e9r helgid\u00f3m, a\u00f0 \u00e9g b\u00fai mitt \u00e1 me\u00f0al \u00feeirra.<a name=\"9\"><span class=\"versanumer\">9<\/span><\/a>\u00de\u00e9r skulu\u00f0 gj\u00f6ra hann \u00ed \u00f6llum greinum eftir \u00feeirri fyrirmynd af tjaldb\u00fa\u00f0inni og eftir \u00feeirri fyrirmynd af \u00f6llum \u00e1h\u00f6ldum hennar, sem \u00e9g mun s\u00fdna \u00fe\u00e9r.<a name=\"10\"><span class=\"versanumer\">10<\/span><\/a>\u00deeir skulu gj\u00f6ra \u00f6rk af akas\u00eduvi\u00f0i. H\u00fan skal vera h\u00e1lf \u00feri\u00f0ja alin \u00e1 lengd, h\u00e1lf \u00f6nnur alin \u00e1 breidd og h\u00e1lf \u00f6nnur alin \u00e1 h\u00e6\u00f0.<a name=\"11\"><span class=\"versanumer\">11<\/span><\/a>Hana skaltu leggja sk\u00edru gulli, innan og utan skaltu gullleggja hana, og umhverfis \u00e1 henni skaltu gj\u00f6ra br\u00fan af gulli.<a name=\"12\"><span class=\"versanumer\">12<\/span><\/a>\u00de\u00fa skalt steypa til arkarinnar fj\u00f3ra hringa af gulli og festa \u00fe\u00e1 vi\u00f0 fj\u00f3ra f\u00e6tur hennar, s\u00edna tvo hringana hvorumegin.<a name=\"13\"><span class=\"versanumer\">13<\/span><\/a>\u00de\u00fa skalt gj\u00f6ra stengur af akas\u00eduvi\u00f0i og gullleggja \u00fe\u00e6r.<a name=\"14\"><span class=\"versanumer\">14<\/span><\/a>S\u00ed\u00f0an skalt \u00fe\u00fa smeygja st\u00f6ngunum \u00ed hringana \u00e1 hli\u00f0um arkarinnar, svo a\u00f0 bera megi \u00f6rkina \u00e1 \u00feeim.<a name=\"15\"><span class=\"versanumer\">15<\/span><\/a>Skulu stengurnar vera kyrrar \u00ed hringum arkarinnar, eigi m\u00e1 taka \u00fe\u00e6r \u00fea\u00f0an.<a name=\"16\"><span class=\"versanumer\">16<\/span><\/a>Og \u00fe\u00fa skalt leggja ni\u00f0ur \u00ed \u00f6rkina s\u00e1ttm\u00e1li\u00f0, er \u00e9g mun f\u00e1 \u00fe\u00e9r \u00ed hendur.<a name=\"17\"><span class=\"versanumer\">17<\/span><\/a>\u00de\u00fa skalt og gj\u00f6ra lok af sk\u00edru gulli. Skal \u00fea\u00f0 vera h\u00e1lf \u00feri\u00f0ja alin \u00e1 lengd og h\u00e1lf \u00f6nnur alin \u00e1 breidd.<a name=\"18\"><span class=\"versanumer\">18<\/span><\/a>Og \u00fe\u00fa skalt gj\u00f6ra tvo ker\u00faba af gulli, af drifnu sm\u00ed\u00f0i skalt \u00fe\u00fa gj\u00f6ra \u00fe\u00e1 \u00e1 hvorum tveggja loksendanum.<a name=\"19\"><span class=\"versanumer\">19<\/span><\/a>Og l\u00e1t annan ker\u00fabinn vera \u00e1 \u00f6\u00f0rum endanum, en hinn \u00e1 hinum endanum. \u00de\u00fa skalt gj\u00f6ra ker\u00fabana \u00e1fasta vi\u00f0 loki\u00f0 \u00e1 b\u00e1\u00f0um endum \u00feess.<a name=\"20\"><span class=\"versanumer\">20<\/span><\/a>&#8222;En ker\u00fabarnir skulu brei\u00f0a \u00fat v\u00e6ngina uppi yfir, svo a\u00f0 \u00feeir hylji loki\u00f0 me\u00f0 v\u00e6ngjum s\u00ednum, og andlit \u00feeirra sn\u00faa hvort \u00ed m\u00f3t \u00f6\u00f0ru; a\u00f0 lokinu skulu andlit ker\u00fabanna sn\u00faa.&#8220;<a name=\"21\"><span class=\"versanumer\">21<\/span><\/a>\u00de\u00fa skalt setja loki\u00f0 ofan yfir \u00f6rkina, og ni\u00f0ur \u00ed \u00f6rkina skalt \u00fe\u00fa leggja s\u00e1ttm\u00e1li\u00f0, sem \u00e9g mun f\u00e1 \u00fe\u00e9r.<a name=\"22\"><span class=\"versanumer\">22<\/span><\/a>Og \u00fear vil \u00e9g eiga samfundi vi\u00f0 \u00feig og birta \u00fe\u00e9r ofan af arkarlokinu millum beggja ker\u00fabanna, sem standa \u00e1 s\u00e1ttm\u00e1ls\u00f6rkinni, allt \u00fea\u00f0, er \u00e9g b\u00fd\u00f0 \u00fe\u00e9r a\u00f0 flytja \u00cdsraelsm\u00f6nnum.<a name=\"23\"><span class=\"versanumer\">23<\/span><\/a>\u00de\u00fa skalt og gj\u00f6ra bor\u00f0 af akas\u00eduvi\u00f0i, tv\u00e6r \u00e1lnir \u00e1 lengd, alin \u00e1 breidd og h\u00e1lfa a\u00f0ra alin \u00e1 h\u00e6\u00f0.<a name=\"24\"><span class=\"versanumer\">24<\/span><\/a>\u00de\u00fa skalt leggja \u00fea\u00f0 sk\u00edru gulli og gj\u00f6ra umhverfis \u00e1 \u00fev\u00ed br\u00fan af gulli.<a name=\"25\"><span class=\"versanumer\">25<\/span><\/a>Umhverfis \u00fea\u00f0 skalt \u00fe\u00fa gj\u00f6ra lista \u00feverhandar brei\u00f0an og b\u00faa til br\u00fan af gulli umhverfis \u00e1 listanum.<a name=\"26\"><span class=\"versanumer\">26<\/span><\/a>\u00de\u00e1 skalt \u00fe\u00fa gj\u00f6ra til bor\u00f0sins fj\u00f3ra hringa af gulli og setja hringana \u00ed fj\u00f6gur hornin, sem eru \u00e1 fj\u00f3rum f\u00f3tum bor\u00f0sins.<a name=\"27\"><span class=\"versanumer\">27<\/span><\/a>Skulu hringarnir vera fast upp vi\u00f0 listann, svo a\u00f0 \u00ed \u00fe\u00e1 ver\u00f0i smeygt st\u00f6ngum til \u00feess a\u00f0 bera bor\u00f0i\u00f0.<a name=\"28\"><span class=\"versanumer\">28<\/span><\/a>Stengurnar skalt \u00fe\u00fa gj\u00f6ra af akas\u00eduvi\u00f0i og gullleggja \u00fe\u00e6r. \u00c1 \u00feeim skal bor\u00f0i\u00f0 bera.<a name=\"29\"><span class=\"versanumer\">29<\/span><\/a>Og \u00fe\u00fa skalt gj\u00f6ra f\u00f6t \u00feau, sem bor\u00f0inu tilheyra, sk\u00e1lar og bolla, og ker \u00feau, sem til dreypif\u00f3rnar eru h\u00f6f\u00f0. Af sk\u00edru gulli skalt \u00fe\u00fa gj\u00f6ra \u00feau.<a name=\"30\"><span class=\"versanumer\">30<\/span><\/a>En \u00e1 bor\u00f0i\u00f0 skalt \u00fe\u00fa \u00e6t\u00ed\u00f0 leggja sko\u00f0unarbrau\u00f0 frammi fyrir m\u00e9r.<a name=\"31\"><span class=\"versanumer\">31<\/span><\/a>Enn fremur skalt \u00fe\u00fa lj\u00f3sastiku gj\u00f6ra af sk\u00edru gulli. Me\u00f0 drifnu sm\u00ed\u00f0i skal lj\u00f3sastikan gj\u00f6r, st\u00e9tt hennar og leggur. Bl\u00f3mbikarar hennar, knappar hennar og bl\u00f3m, skulu vera samfastir henni.<a name=\"32\"><span class=\"versanumer\">32<\/span><\/a>Og sex \u00e1lmur skulu liggja \u00fat fr\u00e1 hli\u00f0um hennar, \u00ferj\u00e1r \u00e1lmur lj\u00f3sastikunnar \u00fat fr\u00e1 annarri hli\u00f0 hennar og \u00ferj\u00e1r \u00e1lmur lj\u00f3sastikunnar \u00fat fr\u00e1 hinni hli\u00f0 hennar.<a name=\"33\"><span class=\"versanumer\">33<\/span><\/a>\u00der\u00edr bikarar, \u00ed l\u00f6gun sem m\u00f6ndlubl\u00f3m, skulu vera \u00e1 fyrstu \u00e1lmunni, knappur og bl\u00f3m. \u00der\u00edr bikarar, \u00ed l\u00f6gun sem m\u00f6ndlubl\u00f3m, skulu vera \u00e1 n\u00e6stu \u00e1lmunni, knappur og bl\u00f3m. Svo skal vera \u00e1 \u00f6llum sex \u00e1lmunum, sem \u00fat ganga fr\u00e1 lj\u00f3sastikunni.<a name=\"34\"><span class=\"versanumer\">34<\/span><\/a>Og \u00e1 sj\u00e1lfri lj\u00f3sastikunni skulu vera fj\u00f3rir bikarar \u00ed l\u00f6gun sem m\u00f6ndlubl\u00f3m, knappar hennar og bl\u00f3m:<a name=\"35\"><span class=\"versanumer\">35<\/span><\/a>einn knappur undir tveim ne\u00f0stu \u00e1lmunum, samfastur lj\u00f3sastikunni, og annar knappur undir tveim n\u00e6stu \u00e1lmunum, samfastur lj\u00f3sastikunni, og enn knappur undir tveim efstu \u00e1lmunum, samfastur lj\u00f3sastikunni, svo undir sex \u00e1lmunum, er \u00fat ganga fr\u00e1 lj\u00f3sastikunni.<a name=\"36\"><span class=\"versanumer\">36<\/span><\/a>Knapparnir og \u00e1lmurnar skulu vera samfastar henni. Allt skal \u00fea\u00f0 gj\u00f6rt me\u00f0 drifnu sm\u00ed\u00f0i af sk\u00edru gulli.<a name=\"37\"><span class=\"versanumer\">37<\/span><\/a>\u00de\u00fa skalt gj\u00f6ra lampa hennar sj\u00f6 og skalt svo upp setja lampana, a\u00f0 \u00feeir beri birtu yfir sv\u00e6\u00f0i\u00f0 fyrir framan hana.<a name=\"38\"><span class=\"versanumer\">38<\/span><\/a>Lj\u00f3sas\u00f6x og skarp\u00f6nnur, sem lj\u00f3sastikunni fylgja, skulu vera af sk\u00edru gulli.<a name=\"39\"><span class=\"versanumer\">39<\/span><\/a>Af einni talentu sk\u00edragulls skal hana gj\u00f6ra me\u00f0 \u00f6llum \u00feessum \u00e1h\u00f6ldum.<a name=\"40\"><span class=\"versanumer\">40<\/span><\/a>Og sj\u00e1 svo til, a\u00f0 \u00fe\u00fa gj\u00f6rir \u00feessa hluti eftir \u00feeirri fyrirmynd, sem \u00fe\u00e9r var s\u00fdnd \u00e1 fjallinu.<\/p>\n<div class=\"footnote1981\"><b>25.2<\/b> Afgjald 2M\u00f3s 35.4-29; 1Kro 29.1-9; sbr 2Kon \t12.4-15<br \/>\n<b>25.9<\/b> Fyrirmynd Esk 40.4; 1Kro 28.19<br \/>\n<b>25.10<\/b> \u00d6rkin 2M\u00f3s 37.1-5; 1Sam 4-6; 2Sam 6; Slm 132<br \/>\n<b>25.16<\/b> S\u00e1ttm\u00e1lst\u00e1kni\u00f0 \u00ed \u00f6rkina 5M\u00f3s 10.1-2; 1Kon 8.9<br \/>\n<b>25.17<\/b> Lok (fri\u00f0\u00fe\u00e6ging) 2M\u00f3s 37.6; 4M\u00f3s 7.89; R\u00f3m 3.25<br \/>\n<b>25.18<\/b> Ker\u00fabar 2M\u00f3s 37.7-9; 1Kon 6.23-29; sbr 1M\u00f3s 3.24<br \/>\n<b>25.22<\/b> Milli ker\u00fabanna 3M\u00f3s 16.2; sbr 1Sam 4.4; Slm 99.1<br \/>\n<b>25.23<\/b> Bor\u00f0 2M\u00f3s 37.10-15; 4M\u00f3s 4.7; 1Kon 7.48<br \/>\n<b>25.29<\/b> Sk\u00e1lar, bollar og ker 2M\u00f3s 37.16; 1Kon 7.50<br \/>\n<b>25.30<\/b> Sko\u00f0unarbrau\u00f0 3M\u00f3s 24.5-8; 1Sam 21.5<br \/>\n<b>25.31<\/b> Lj\u00f3sastika 2M\u00f3s 37.17-24; 4M\u00f3s 4.9-10; 1Kon 7.49; 1Makk 1.21<br \/>\n<b>25.38<\/b> Lj\u00f3sa\u00f6x og skarp\u00f6nnur 2M\u00f3s 37.23; 1Kon 7.49-50<br \/>\n<b>25.40<\/b> Eftir fyrirmynd 2M\u00f3s 25.9+ ; Post 7.44; Heb 8.5<\/div>\n","protected":false},"excerpt":{"rendered":"<p>1Drottinn tala\u00f0i vi\u00f0 M\u00f3se og sag\u00f0i:2Seg \u00cdsraelsm\u00f6nnum a\u00f0 \u00feeir f\u00e6ri m\u00e9r gjafir. Af hverjum \u00feeim manni skulu\u00f0 \u00fe\u00e9r gj\u00f6f taka m\u00e9r til handa, sem gefur hana af f\u00fasum huga.3&#8222;Og \u00feessar eru gjafir \u00fe\u00e6r, sem \u00fe\u00e9r skulu\u00f0 af \u00feeim taka: gull, silfur og eir;&#8220;4&#8222;bl\u00e1r purpuri, rau\u00f0ur purpuri, skarlat, ba\u00f0mull og geitah\u00e1r;&#8220;5&#8222;rau\u00f0litu\u00f0 hr\u00fatskinn, h\u00f6frungaskinn og akas\u00eduvi\u00f0ur;&#8220;6&#8222;ol\u00eda til lj\u00f3sastikunnar, kryddjurtir til ilmsmyrsla og ilmreykelsis;&#8220;7sj\u00f3amsteinar og steinar til legginga \u00e1 h\u00f6kulinn og brj\u00f3stskj\u00f6ldinn.8Og \u00feeir skulu gj\u00f6ra m\u00e9r helgid\u00f3m, a\u00f0 \u00e9g b\u00fai mitt \u00e1 me\u00f0al \u00feeirra.9\u00de\u00e9r skulu\u00f0 gj\u00f6ra hann \u00ed \u00f6llum greinum eftir \u00feeirri fyrirmynd af tjaldb\u00fa\u00f0inni og eftir \u00feeirri fyrirmynd af \u00f6llum \u00e1h\u00f6ldum hennar, <a href=\"https:\/\/biblian.is\/1981\/onnur-mosebok-25-kafli\/\"> [&#8230;]<\/a><\/p>\n","protected":false},"author":1,"featured_media":0,"parent":0,"menu_order":0,"comment_status":"open","ping_status":"open","template":"bibliukaflar.php","meta":{"footnotes":""},"class_list":["post-1421","page","type-page","status-publish","hentry"],"_links":{"self":[{"href":"https:\/\/biblian.is\/1981\/wp-json\/wp\/v2\/pages\/1421","targetHints":{"allow":["GET"]}}],"collection":[{"href":"https:\/\/biblian.is\/1981\/wp-json\/wp\/v2\/pages"}],"about":[{"href":"https:\/\/biblian.is\/1981\/wp-json\/wp\/v2\/types\/page"}],"author":[{"embeddable":true,"href":"https:\/\/biblian.is\/1981\/wp-json\/wp\/v2\/users\/1"}],"replies":[{"embeddable":true,"href":"https:\/\/biblian.is\/1981\/wp-json\/wp\/v2\/comments?post=1421"}],"version-history":[{"count":0,"href":"https:\/\/biblian.is\/1981\/wp-json\/wp\/v2\/pages\/1421\/revisions"}],"wp:attachment":[{"href":"https:\/\/biblian.is\/1981\/wp-json\/wp\/v2\/media?parent=1421"}],"curies":[{"name":"wp","href":"https:\/\/api.w.org\/{rel}","templated":true}]}}