{"id":1420,"date":"2017-11-18T20:17:15","date_gmt":"2017-11-18T20:17:15","guid":{"rendered":"http:\/\/biblian.is\/1981\/onnur-mosebok-24-kafli\/"},"modified":"2021-06-06T11:04:15","modified_gmt":"2021-06-06T11:04:15","slug":"onnur-mosebok-24-kafli","status":"publish","type":"page","link":"https:\/\/biblian.is\/1981\/onnur-mosebok-24-kafli\/","title":{"rendered":"\u00d6nnur M\u00f3seb\u00f3k 24. kafli"},"content":{"rendered":"<p><a name=\"1\"><span class=\"versanumer\">1<\/span><\/a>Gu\u00f0 sag\u00f0i vi\u00f0 M\u00f3se: St\u00edg upp til Drottins, \u00fe\u00fa og Aron, Nadab og Ab\u00edh\u00fa og sj\u00f6t\u00edu af \u00f6ldungum \u00cdsraels, og skulu\u00f0 \u00fe\u00e9r falla fram \u00e1lengdar.<a name=\"2\"><span class=\"versanumer\">2<\/span><\/a>M\u00f3se einn skal koma \u00ed n\u00e1l\u00e6g\u00f0 Drottins, en hinir skulu ekki n\u00e6rri koma, og f\u00f3lki\u00f0 skal ekki heldur st\u00edga upp me\u00f0 honum.<a name=\"3\"><span class=\"versanumer\">3<\/span><\/a>Og M\u00f3se kom og sag\u00f0i f\u00f3lkinu \u00f6ll or\u00f0 Drottins og \u00f6ll laga\u00e1kv\u00e6\u00f0in. Svara\u00f0i \u00fe\u00e1 f\u00f3lki\u00f0 einum munni og sag\u00f0i: V\u00e9r skulum gj\u00f6ra allt \u00fea\u00f0, sem Drottinn hefir bo\u00f0i\u00f0.<a name=\"4\"><span class=\"versanumer\">4<\/span><\/a>Og M\u00f3se skrifa\u00f0i \u00f6ll or\u00f0 Drottins. En n\u00e6sta morgun reis hann \u00e1rla og reisti altari undir fjallinu og t\u00f3lf merkissteina eftir t\u00f3lf kynkv\u00edslum \u00cdsraels.<a name=\"5\"><span class=\"versanumer\">5<\/span><\/a>S\u00ed\u00f0an \u00fatnefndi hann unga menn af \u00cdsraelsm\u00f6nnum, og \u00feeir f\u00e6r\u00f0u Drottni brennif\u00f3rnir og sl\u00e1tru\u00f0u uxum til \u00feakkarf\u00f3rna.<a name=\"6\"><span class=\"versanumer\">6<\/span><\/a>Og M\u00f3se t\u00f3k helming bl\u00f3\u00f0sins og hellti \u00fev\u00ed \u00ed f\u00f3rnarsk\u00e1larnar, en hinum helming bl\u00f3\u00f0sins st\u00f6kkti hann \u00e1 altari\u00f0.<a name=\"7\"><span class=\"versanumer\">7<\/span><\/a>\u00dev\u00ed n\u00e6st t\u00f3k hann s\u00e1ttm\u00e1lsb\u00f3kina og las upp fyrir l\u00fd\u00f0num, en \u00feeir s\u00f6g\u00f0u: V\u00e9r viljum gj\u00f6ra allt \u00fea\u00f0, sem Drottinn hefir bo\u00f0i\u00f0, og hl\u00fd\u00f0nast \u00fev\u00ed.<a name=\"8\"><span class=\"versanumer\">8<\/span><\/a>\u00de\u00e1 t\u00f3k M\u00f3se bl\u00f3\u00f0i\u00f0, st\u00f6kkti \u00fev\u00ed \u00e1 f\u00f3lki\u00f0 og sag\u00f0i: \u00deetta er bl\u00f3\u00f0 \u00feess s\u00e1ttm\u00e1la, sem Drottinn hefir gj\u00f6rt vi\u00f0 y\u00f0ur og bygg\u00f0ur er \u00e1 \u00f6llum \u00feessum or\u00f0um.<a name=\"9\"><span class=\"versanumer\">9<\/span><\/a>\u00de\u00e1 stigu \u00feeir upp M\u00f3se og Aron, Nadab og Ab\u00edh\u00fa og sj\u00f6t\u00edu af \u00f6ldungum \u00cdsraels.<a name=\"10\"><span class=\"versanumer\">10<\/span><\/a>Og \u00feeir s\u00e1u \u00cdsraels Gu\u00f0, og var undir f\u00f3tum hans sem pallur v\u00e6ri, gj\u00f6r\u00f0ur af saf\u00edrhellum, og sk\u00e6r sem himinninn sj\u00e1lfur.<a name=\"11\"><span class=\"versanumer\">11<\/span><\/a>En hann \u00fatr\u00e9tti eigi h\u00f6nd s\u00edna gegn h\u00f6f\u00f0ingjum \u00cdsraelsmanna. Og \u00feeir s\u00e1u Gu\u00f0 og \u00e1tu og drukku.<a name=\"12\"><span class=\"versanumer\">12<\/span><\/a>Drottinn sag\u00f0i vi\u00f0 M\u00f3se: St\u00edg upp \u00e1 fjalli\u00f0 til m\u00edn og dvel \u00fear, og skal \u00e9g f\u00e1 \u00fe\u00e9r steint\u00f6flur og l\u00f6gm\u00e1li\u00f0 og bo\u00f0or\u00f0in, er \u00e9g hefi skrifa\u00f0, til \u00feess a\u00f0 \u00fe\u00fa kennir \u00feeim.<a name=\"13\"><span class=\"versanumer\">13<\/span><\/a>\u00de\u00e1 lag\u00f0i M\u00f3se af sta\u00f0 og J\u00f3s\u00faa, \u00fej\u00f3nn hans, og M\u00f3se st\u00e9 upp \u00e1 Gu\u00f0s fjall.<a name=\"14\"><span class=\"versanumer\">14<\/span><\/a>En vi\u00f0 \u00f6ldungana sag\u00f0i hann: Veri\u00f0 h\u00e9r kyrrir, \u00fear til er v\u00e9r komum aftur til y\u00f0ar, og sj\u00e1, Aron og H\u00far eru hj\u00e1 y\u00f0ur. Hver sem m\u00e1l hefir a\u00f0 k\u00e6ra, sn\u00fai s\u00e9r til \u00feeirra.<a name=\"15\"><span class=\"versanumer\">15<\/span><\/a>M\u00f3se st\u00e9 \u00fe\u00e1 upp \u00e1 fjalli\u00f0, en sk\u00fdi\u00f0 huldi fjalli\u00f0.<a name=\"16\"><span class=\"versanumer\">16<\/span><\/a>Og d\u00fdr\u00f0 Drottins hv\u00edldi yfir S\u00edna\u00edfjalli, og sk\u00fdi\u00f0 huldi \u00fea\u00f0 \u00ed sex daga, en \u00e1 sj\u00f6unda degi kalla\u00f0i hann \u00e1 M\u00f3se mitt \u00fat \u00far sk\u00fdinu.<a name=\"17\"><span class=\"versanumer\">17<\/span><\/a>Og d\u00fdr\u00f0 Drottins var \u00e1 a\u00f0 l\u00edta fyrir \u00cdsraelsmenn sem ey\u00f0andi eldur \u00e1 fjallstindinum.<a name=\"18\"><span class=\"versanumer\">18<\/span><\/a>En M\u00f3se gekk mitt inn \u00ed sk\u00fdi\u00f0 og st\u00e9 upp \u00e1 fjalli\u00f0, og var M\u00f3se \u00e1 fjallinu \u00ed fj\u00f6rut\u00edu daga og fj\u00f6rut\u00edu n\u00e6tur.<\/p>\n<div class=\"footnote1981\"><b>24.1<\/b> S\u00e1ttm\u00e1li ger\u00f0ur J\u00f3s 24; 2Kon 23.1-3<br \/>\n<b>24.4<\/b> T\u00f3lf merkissteinar J\u00f3s 4.3-9,20-24; 1Kon 18.31<br \/>\n<b>24.7<\/b> S\u00e1ttm\u00e1lsb\u00f3kin 2Kon 23.2,21; 2Kro 25.4; 34.30; 35.12<br \/>\n<b>24.8<\/b> Bl\u00f3\u00f0 s\u00e1ttm\u00e1lans Matt 26.28 og hlst.; 1Kor 11.25; Heb 9.19-20; 10.29<br \/>\n<b>24.10<\/b> Hellur sbr Esk 1.26; Opb 4.2-3<br \/>\n<b>24.11<\/b> Matast 2M\u00f3s 18.12+<br \/>\n<b>24.12<\/b> Steint\u00f6flur 2M\u00f3s 31.18; 32.15; 34.1,28; 5M\u00f3s 10.4-5; 1Kon 8.9<br \/>\n<b>24.15<\/b> Sk\u00fdi\u00f0 2M\u00f3s 13.21+<br \/>\n<b>24.16<\/b> D\u00fdr\u00f0 Drottins 2M\u00f3s 16.7+<br \/>\n<b>24.18<\/b> Fj\u00f6rut\u00edu dagar og fj\u00f6rut\u00edu n\u00e6tur 2M\u00f3s 34.28; 5M\u00f3s 9.9; sbr 1Kon 19.8; Matt 4.2 og hlst.<\/div>\n","protected":false},"excerpt":{"rendered":"<p>1Gu\u00f0 sag\u00f0i vi\u00f0 M\u00f3se: St\u00edg upp til Drottins, \u00fe\u00fa og Aron, Nadab og Ab\u00edh\u00fa og sj\u00f6t\u00edu af \u00f6ldungum \u00cdsraels, og skulu\u00f0 \u00fe\u00e9r falla fram \u00e1lengdar.2M\u00f3se einn skal koma \u00ed n\u00e1l\u00e6g\u00f0 Drottins, en hinir skulu ekki n\u00e6rri koma, og f\u00f3lki\u00f0 skal ekki heldur st\u00edga upp me\u00f0 honum.3Og M\u00f3se kom og sag\u00f0i f\u00f3lkinu \u00f6ll or\u00f0 Drottins og \u00f6ll laga\u00e1kv\u00e6\u00f0in. Svara\u00f0i \u00fe\u00e1 f\u00f3lki\u00f0 einum munni og sag\u00f0i: V\u00e9r skulum gj\u00f6ra allt \u00fea\u00f0, sem Drottinn hefir bo\u00f0i\u00f0.4Og M\u00f3se skrifa\u00f0i \u00f6ll or\u00f0 Drottins. En n\u00e6sta morgun reis hann \u00e1rla og reisti altari undir fjallinu og t\u00f3lf merkissteina eftir t\u00f3lf kynkv\u00edslum \u00cdsraels.5S\u00ed\u00f0an \u00fatnefndi hann unga menn <a href=\"https:\/\/biblian.is\/1981\/onnur-mosebok-24-kafli\/\"> [&#8230;]<\/a><\/p>\n","protected":false},"author":1,"featured_media":0,"parent":0,"menu_order":0,"comment_status":"open","ping_status":"open","template":"bibliukaflar.php","meta":{"footnotes":""},"class_list":["post-1420","page","type-page","status-publish","hentry"],"_links":{"self":[{"href":"https:\/\/biblian.is\/1981\/wp-json\/wp\/v2\/pages\/1420","targetHints":{"allow":["GET"]}}],"collection":[{"href":"https:\/\/biblian.is\/1981\/wp-json\/wp\/v2\/pages"}],"about":[{"href":"https:\/\/biblian.is\/1981\/wp-json\/wp\/v2\/types\/page"}],"author":[{"embeddable":true,"href":"https:\/\/biblian.is\/1981\/wp-json\/wp\/v2\/users\/1"}],"replies":[{"embeddable":true,"href":"https:\/\/biblian.is\/1981\/wp-json\/wp\/v2\/comments?post=1420"}],"version-history":[{"count":0,"href":"https:\/\/biblian.is\/1981\/wp-json\/wp\/v2\/pages\/1420\/revisions"}],"wp:attachment":[{"href":"https:\/\/biblian.is\/1981\/wp-json\/wp\/v2\/media?parent=1420"}],"curies":[{"name":"wp","href":"https:\/\/api.w.org\/{rel}","templated":true}]}}