{"id":1419,"date":"2017-11-18T20:17:15","date_gmt":"2017-11-18T20:17:15","guid":{"rendered":"http:\/\/biblian.is\/1981\/onnur-mosebok-23-kafli\/"},"modified":"2021-06-06T11:04:15","modified_gmt":"2021-06-06T11:04:15","slug":"onnur-mosebok-23-kafli","status":"publish","type":"page","link":"https:\/\/biblian.is\/1981\/onnur-mosebok-23-kafli\/","title":{"rendered":"\u00d6nnur M\u00f3seb\u00f3k 23. kafli"},"content":{"rendered":"<p><a name=\"1\"><span class=\"versanumer\">1<\/span><\/a>\u00de\u00fa skalt ekki fara me\u00f0 lygikvittu. \u00de\u00fa skalt ekki leggja li\u00f0 \u00feeim, er me\u00f0 rangt m\u00e1l fer, til a\u00f0 gj\u00f6rast lj\u00fagvottur.<a name=\"2\"><span class=\"versanumer\">2<\/span><\/a>\u00de\u00fa skalt ekki fylgja fj\u00f6ldanum til illra verka. Ef \u00fe\u00fa \u00e1tt sv\u00f6r a\u00f0 veita \u00ed s\u00f6k nokkurri, \u00fe\u00e1 skalt \u00fe\u00fa ekki \u00e1 eitt leggjast me\u00f0 margnum til \u00feess a\u00f0 halla r\u00e9ttu m\u00e1li.<a name=\"3\"><span class=\"versanumer\">3<\/span><\/a>Ekki skalt \u00fe\u00fa vera hli\u00f0dr\u00e6gur manni \u00ed m\u00e1li hans, \u00fe\u00f3tt f\u00e1t\u00e6kur s\u00e9.<a name=\"4\"><span class=\"versanumer\">4<\/span><\/a>Ef \u00fe\u00fa finnur uxa \u00f3vinar \u00fe\u00edns e\u00f0a asna hans, sem villst hefir, \u00fe\u00e1 f\u00e6r \u00fe\u00fa honum hann aftur.<a name=\"5\"><span class=\"versanumer\">5<\/span><\/a>Sj\u00e1ir \u00fe\u00fa asna fjandmanns \u00fe\u00edns liggja uppgefinn undir byr\u00f0i sinni, \u00fe\u00e1 skalt \u00fe\u00fa hverfa fr\u00e1 \u00fev\u00ed a\u00f0 l\u00e1ta hann einan. Vissulega skalt \u00fe\u00fa hj\u00e1lpa honum til a\u00f0 spretta af asnanum.<a name=\"6\"><span class=\"versanumer\">6<\/span><\/a>\u00de\u00fa skalt ekki halla r\u00e9tti f\u00e1t\u00e6ks manns, sem hj\u00e1 \u00fe\u00e9r er, \u00ed m\u00e1li hans.<a name=\"7\"><span class=\"versanumer\">7<\/span><\/a>For\u00f0astu lygim\u00e1l og ver eigi valdur a\u00f0 dau\u00f0a saklauss manns og r\u00e9ttl\u00e1ts, \u00fev\u00ed a\u00f0 eigi mun \u00e9g r\u00e9ttl\u00e6ta \u00feann, sem me\u00f0 rangt m\u00e1l fer.<a name=\"8\"><span class=\"versanumer\">8<\/span><\/a>Eigi skalt \u00fe\u00fa m\u00fatu \u00feiggja, \u00fev\u00ed a\u00f0 m\u00fatan gj\u00f6rir skyggna menn blinda og umhverfir m\u00e1li hinna r\u00e9ttl\u00e1tu.<a name=\"9\"><span class=\"versanumer\">9<\/span><\/a>Eigi skalt \u00fe\u00fa veita \u00fatlendum manni \u00e1gang. \u00de\u00e9r viti\u00f0 sj\u00e1lfir, hvernig \u00fatlendum manni er innanbrj\u00f3sts, \u00fev\u00ed a\u00f0 \u00fe\u00e9r voru\u00f0 \u00fatlendingar \u00ed Egyptalandi.<a name=\"10\"><span class=\"versanumer\">10<\/span><\/a>Sex \u00e1r skalt \u00fe\u00fa s\u00e1 j\u00f6r\u00f0 \u00fe\u00edna og safna gr\u00f3\u00f0a hennar,<a name=\"11\"><span class=\"versanumer\">11<\/span><\/a>en sj\u00f6unda \u00e1ri\u00f0 skalt \u00fe\u00fa l\u00e1ta hana liggja \u00f3nota\u00f0a og hv\u00edlast, svo a\u00f0 hinir f\u00e1t\u00e6ku me\u00f0al f\u00f3lks \u00fe\u00edns megi eta. \u00dea\u00f0 sem \u00feeir leifa, mega villid\u00fdrin eta. Eins skalt \u00fe\u00fa fara me\u00f0 v\u00edngar\u00f0 \u00feinn og ol\u00edutr\u00e9 \u00fe\u00edn.<a name=\"12\"><span class=\"versanumer\">12<\/span><\/a>Sex daga skalt \u00fe\u00fa verk \u00feitt vinna, en sj\u00f6unda daginn skalt \u00fe\u00fa halda heilagt, svo a\u00f0 uxi \u00feinn og asni geti hv\u00edlt sig, og sonur amb\u00e1ttar \u00feinnar og \u00fatlendingurinn megi endurn\u00e6rast.<a name=\"13\"><span class=\"versanumer\">13<\/span><\/a>Allt sem \u00e9g hefi sagt y\u00f0ur, skulu\u00f0 \u00fe\u00e9r halda. Nafn annarra gu\u00f0a megi\u00f0 \u00fe\u00e9r ekki nefna. Eigi skal \u00fea\u00f0 heyrast af \u00fe\u00ednum munni.<a name=\"14\"><span class=\"versanumer\">14<\/span><\/a>\u00derisvar \u00e1 \u00e1ri skalt \u00fe\u00fa m\u00e9r h\u00e1t\u00ed\u00f0 halda.<a name=\"15\"><span class=\"versanumer\">15<\/span><\/a>\u00de\u00fa skalt halda h\u00e1t\u00ed\u00f0 hinna \u00f3s\u00fdr\u00f0u brau\u00f0a. Sj\u00f6 daga skalt \u00fe\u00fa eta \u00f3s\u00fdrt brau\u00f0, eins og \u00e9g hefi bo\u00f0i\u00f0 \u00fe\u00e9r, \u00e1 \u00e1kve\u00f0num t\u00edma \u00ed ab\u00edb-m\u00e1nu\u00f0i, \u00fev\u00ed a\u00f0 \u00ed \u00feeim m\u00e1nu\u00f0i f\u00f3rst \u00fe\u00fa \u00fat af Egyptalandi. Enginn skal koma t\u00f3mhentur fyrir mitt auglit.<a name=\"16\"><span class=\"versanumer\">16<\/span><\/a>\u00de\u00fa skalt halda h\u00e1t\u00ed\u00f0 frumskerunnar, frumgr\u00f3\u00f0ans af vinnu \u00feinni, af \u00fev\u00ed sem \u00fe\u00fa s\u00e1\u00f0ir \u00ed akurinn. \u00de\u00fa skalt halda uppskeruh\u00e1t\u00ed\u00f0ina vi\u00f0 \u00e1rslokin, er \u00fe\u00fa alhir\u00f0ir afla \u00feinn af akrinum.<a name=\"17\"><span class=\"versanumer\">17<\/span><\/a>\u00derem sinnum \u00e1 \u00e1ri skal allt \u00feitt karlkyn birtast frammi fyrir herra Drottni.<a name=\"18\"><span class=\"versanumer\">18<\/span><\/a>Eigi skalt \u00fe\u00fa fram bera bl\u00f3\u00f0 f\u00f3rnar minnar me\u00f0 s\u00fdr\u00f0u brau\u00f0i, og feitin af h\u00e1t\u00ed\u00f0af\u00f3rn minni skal ekki liggja til morguns.<a name=\"19\"><span class=\"versanumer\">19<\/span><\/a>Hi\u00f0 fyrsta, frumgr\u00f3\u00f0a jar\u00f0ar \u00feinnar, skalt \u00fe\u00fa f\u00e6ra til h\u00fass Drottins Gu\u00f0s \u00fe\u00edns. \u00de\u00fa skalt ekki sj\u00f3\u00f0a ki\u00f0 \u00ed mj\u00f3lk m\u00f3\u00f0ur sinnar.<a name=\"20\"><span class=\"versanumer\">20<\/span><\/a>Sj\u00e1, \u00e9g sendi engil \u00e1 undan \u00fe\u00e9r til a\u00f0 var\u00f0veita \u00feig \u00e1 fer\u00f0inni og lei\u00f0a \u00feig til \u00feess sta\u00f0ar, sem \u00e9g hefi fyrirb\u00fai\u00f0.<a name=\"21\"><span class=\"versanumer\">21<\/span><\/a>Haf g\u00e1t \u00e1 \u00fe\u00e9r fyrir honum og hl\u00fd\u00f0 hans r\u00f6ddu, m\u00f3\u00f0ga \u00fe\u00fa hann ekki, \u00fev\u00ed a\u00f0 hann mun ekki fyrirgefa misgj\u00f6r\u00f0ir y\u00f0ar, \u00fev\u00ed a\u00f0 mitt nafn er \u00ed honum.<a name=\"22\"><span class=\"versanumer\">22<\/span><\/a>En ef \u00fe\u00fa hl\u00fd\u00f0ir r\u00f6ddu hans r\u00e6kilega og gj\u00f6rir allt, sem \u00e9g segi, \u00fe\u00e1 skal \u00e9g vera \u00f3vinur \u00f3vina \u00feinna og m\u00f3tst\u00f6\u00f0u veita \u00fe\u00ednum m\u00f3tst\u00f6\u00f0um\u00f6nnum.<a name=\"23\"><span class=\"versanumer\">23<\/span><\/a>Engill minn skal ganga \u00e1 undan \u00fe\u00e9r og lei\u00f0a \u00feig til Amor\u00edta, Het\u00edta, Peres\u00edta, Kanaan\u00edta, Hev\u00edta og Jeb\u00fas\u00edta, og \u00e9g skal afm\u00e1 \u00fe\u00e1.<a name=\"24\"><span class=\"versanumer\">24<\/span><\/a>\u00de\u00fa skalt ekki tilbi\u00f0ja \u00feeirra gu\u00f0i og ekki d\u00fdrka \u00fe\u00e1 og ekki fara a\u00f0 h\u00e1ttum \u00feeirra, heldur skalt \u00fe\u00fa gj\u00f6rey\u00f0a \u00feeim og me\u00f0 \u00f6llu sundur brj\u00f3ta merkissteina \u00feeirra.<a name=\"25\"><span class=\"versanumer\">25<\/span><\/a>\u00de\u00e9r skulu\u00f0 d\u00fdrka Drottin, Gu\u00f0 y\u00f0ar, og hann mun blessa brau\u00f0 \u00feitt og vatn, og \u00e9g skal b\u00e6gja s\u00f3ttum burt fr\u00e1 \u00fe\u00e9r.<a name=\"26\"><span class=\"versanumer\">26<\/span><\/a>Engin vanbyrja og engin \u00f3byrja skal finnast \u00ed landi \u00fe\u00ednu. \u00c9g skal fylla tal daga \u00feinna.<a name=\"27\"><span class=\"versanumer\">27<\/span><\/a>\u00d3gn m\u00edna mun \u00e9g senda \u00e1 undan \u00fe\u00e9r og gj\u00f6ra felmtsfullar allar \u00fe\u00e6r \u00fej\u00f3\u00f0ir, sem \u00fe\u00fa kemur til, og alla \u00f3vini \u00fe\u00edna mun \u00e9g fl\u00fdja l\u00e1ta fyrir \u00fe\u00e9r.<a name=\"28\"><span class=\"versanumer\">28<\/span><\/a>\u00c9g skal senda skelfingu \u00e1 undan \u00fe\u00e9r, og h\u00fan skal \u00ed burt st\u00f6kkva Hev\u00edtum, Kanaan\u00edtum og Het\u00edtum \u00far augs\u00fdn \u00feinni.<a name=\"29\"><span class=\"versanumer\">29<\/span><\/a>\u00de\u00f3 vil \u00e9g ekki st\u00f6kkva \u00feeim burt \u00far augs\u00fdn \u00feinni \u00e1 einu \u00e1ri, svo a\u00f0 landi\u00f0 fari ekki \u00ed au\u00f0n og villid\u00fdrunum fj\u00f6lgi ekki \u00fe\u00e9r til meins.<a name=\"30\"><span class=\"versanumer\">30<\/span><\/a>Sm\u00e1m saman vil \u00e9g st\u00f6kkva \u00feeim burt \u00far augs\u00fdn \u00feinni, uns \u00fe\u00e9r fj\u00f6lgar og \u00fe\u00fa eignast landi\u00f0.<a name=\"31\"><span class=\"versanumer\">31<\/span><\/a>Og \u00e9g vil setja landamerki \u00fe\u00edn fr\u00e1 Rau\u00f0ahafinu til Filistahafs, og fr\u00e1 ey\u00f0im\u00f6rkinni til Flj\u00f3tsins. \u00c9g mun gefa \u00edb\u00faa landsins \u00e1 vald y\u00f0ar, og \u00fe\u00fa skalt st\u00f6kkva \u00feeim burt undan \u00fe\u00e9r.<a name=\"32\"><span class=\"versanumer\">32<\/span><\/a>\u00de\u00fa skalt eigi gj\u00f6ra s\u00e1ttm\u00e1la vi\u00f0 \u00fe\u00e1 e\u00f0a \u00feeirra gu\u00f0i.<a name=\"33\"><span class=\"versanumer\">33<\/span><\/a>\u00deeir skulu ekki b\u00faa \u00ed landi \u00fe\u00ednu, svo a\u00f0 \u00feeir komi \u00fe\u00e9r ekki til \u00feess a\u00f0 syndga gegn m\u00e9r, \u00fev\u00ed ef \u00fe\u00fa d\u00fdrkar \u00feeirra gu\u00f0i, mun \u00fea\u00f0 ver\u00f0a \u00fe\u00e9r a\u00f0 t\u00e1lsn\u00f6ru.<\/p>\n<div class=\"footnote1981\"><b>23.1-3,6<\/b> D\u00e6ma r\u00e9ttl\u00e1tlega 2M\u00f3s 20.16+ ; 5M\u00f3s 1.16-17; 16.18-20<br \/>\n<b>23.4-5<\/b> D\u00fdr \u00e1 sl\u00e6\u00f0ingi 5M\u00f3s 22.1-4<br \/>\n<b>23.8<\/b> M\u00fata 5M\u00f3s 27.25; 1Sam 8.3; Slm 15.5<br \/>\n<b>23.9<\/b> A\u00f0komumanni 2M\u00f3s 22.20+<br \/>\n<b>23.10-11<\/b> Hv\u00edldar\u00e1r 3M\u00f3s 25.1+<br \/>\n<b>23.12<\/b> Sj\u00f6undi dagurinn 2M\u00f3s 20.8+<br \/>\n<b>23.13<\/b> Nafn annarra gu\u00f0a J\u00f3s 23.7<br \/>\n<b>23.15<\/b> \u00d3s\u00fdrt brau\u00f0 2M\u00f3s 12.15+<br \/>\n<b>23.16<\/b> H\u00e1t\u00ed\u00f0 kornuppskerunnar 2M\u00f3s 34.22; 3M\u00f3s 23.15-21; 5M\u00f3s 16.9-11; T\u00f3b 2.1; 2Makk 12.32; Post 2.1 \u2013 uppskeruh\u00e1t\u00ed\u00f0 2M\u00f3s 34.22; 3M\u00f3s 23.34-43; 4M\u00f3s 29.12-38; 5M\u00f3s 16.13-15; J\u00f3h 7.37<br \/>\n<b>23.17<\/b> \u00derisvar \u00e1 \u00e1ri 2M\u00f3s 23.14; 34.23; 5M\u00f3s 16.16<br \/>\n<b>23.18<\/b> Bl\u00f3\u00f0 f\u00f3rnar 2M\u00f3s 34.25<br \/>\n<b>23.19<\/b> Frumgr\u00f3\u00f0af\u00f3rn 2M\u00f3s 34.26; 5M\u00f3s 26.1-11 \u2013 ki\u00f0 2M\u00f3s 34.26; 5M\u00f3s 14.21<br \/>\n<b>23.20<\/b> Engill 2M\u00f3s 33.2; 1M\u00f3s 24.7; 4M\u00f3s 20.16; Mal 3.1; T\u00f3b 5<br \/>\n<b>23.24<\/b> Ekki falla fram 2M\u00f3s 20.5 \u2013 brj\u00f3ta gersamlega 2M\u00f3s 34.13; 4M\u00f3s 33.52; 5M\u00f3s 7.5; 1Kon 15.12-13; 2Kon 23<br \/>\n<b>23.28<\/b> Hugleysi 5M\u00f3s 7.20; J\u00f3s 24.12; SSal 12.8<br \/>\n<b>23.33<\/b> T\u00e1lsanara 2M\u00f3s 34.12; 5M\u00f3s 7.16; J\u00f3s 23.13; Slm 106.36<\/div>\n","protected":false},"excerpt":{"rendered":"<p>1\u00de\u00fa skalt ekki fara me\u00f0 lygikvittu. \u00de\u00fa skalt ekki leggja li\u00f0 \u00feeim, er me\u00f0 rangt m\u00e1l fer, til a\u00f0 gj\u00f6rast lj\u00fagvottur.2\u00de\u00fa skalt ekki fylgja fj\u00f6ldanum til illra verka. Ef \u00fe\u00fa \u00e1tt sv\u00f6r a\u00f0 veita \u00ed s\u00f6k nokkurri, \u00fe\u00e1 skalt \u00fe\u00fa ekki \u00e1 eitt leggjast me\u00f0 margnum til \u00feess a\u00f0 halla r\u00e9ttu m\u00e1li.3Ekki skalt \u00fe\u00fa vera hli\u00f0dr\u00e6gur manni \u00ed m\u00e1li hans, \u00fe\u00f3tt f\u00e1t\u00e6kur s\u00e9.4Ef \u00fe\u00fa finnur uxa \u00f3vinar \u00fe\u00edns e\u00f0a asna hans, sem villst hefir, \u00fe\u00e1 f\u00e6r \u00fe\u00fa honum hann aftur.5Sj\u00e1ir \u00fe\u00fa asna fjandmanns \u00fe\u00edns liggja uppgefinn undir byr\u00f0i sinni, \u00fe\u00e1 skalt \u00fe\u00fa hverfa fr\u00e1 \u00fev\u00ed a\u00f0 l\u00e1ta hann einan. Vissulega <a href=\"https:\/\/biblian.is\/1981\/onnur-mosebok-23-kafli\/\"> [&#8230;]<\/a><\/p>\n","protected":false},"author":1,"featured_media":0,"parent":0,"menu_order":0,"comment_status":"open","ping_status":"open","template":"bibliukaflar.php","meta":{"footnotes":""},"class_list":["post-1419","page","type-page","status-publish","hentry"],"_links":{"self":[{"href":"https:\/\/biblian.is\/1981\/wp-json\/wp\/v2\/pages\/1419","targetHints":{"allow":["GET"]}}],"collection":[{"href":"https:\/\/biblian.is\/1981\/wp-json\/wp\/v2\/pages"}],"about":[{"href":"https:\/\/biblian.is\/1981\/wp-json\/wp\/v2\/types\/page"}],"author":[{"embeddable":true,"href":"https:\/\/biblian.is\/1981\/wp-json\/wp\/v2\/users\/1"}],"replies":[{"embeddable":true,"href":"https:\/\/biblian.is\/1981\/wp-json\/wp\/v2\/comments?post=1419"}],"version-history":[{"count":0,"href":"https:\/\/biblian.is\/1981\/wp-json\/wp\/v2\/pages\/1419\/revisions"}],"wp:attachment":[{"href":"https:\/\/biblian.is\/1981\/wp-json\/wp\/v2\/media?parent=1419"}],"curies":[{"name":"wp","href":"https:\/\/api.w.org\/{rel}","templated":true}]}}