{"id":1417,"date":"2017-11-18T20:17:15","date_gmt":"2017-11-18T20:17:15","guid":{"rendered":"http:\/\/biblian.is\/1981\/onnur-mosebok-21-kafli\/"},"modified":"2021-06-06T11:04:14","modified_gmt":"2021-06-06T11:04:14","slug":"onnur-mosebok-21-kafli","status":"publish","type":"page","link":"https:\/\/biblian.is\/1981\/onnur-mosebok-21-kafli\/","title":{"rendered":"\u00d6nnur M\u00f3seb\u00f3k 21. kafli"},"content":{"rendered":"<p><a name=\"1\"><span class=\"versanumer\">1<\/span><\/a>\u00deetta eru \u00feau l\u00f6g, sem \u00fe\u00fa skalt leggja fyrir \u00fe\u00e1:<a name=\"2\"><span class=\"versanumer\">2<\/span><\/a>\u00deegar \u00fe\u00fa kaupir hebreskan \u00fer\u00e6l, skal hann \u00fej\u00f3na \u00fe\u00e9r sex \u00e1r, en \u00e1 sj\u00f6unda \u00e1ri skal hann frj\u00e1ls burt fara \u00e1n endurgjalds.<a name=\"3\"><span class=\"versanumer\">3<\/span><\/a>Hafi hann komi\u00f0 einhleypur, skal hann og einhleypur burt fara, en hafi hann kvonga\u00f0ur veri\u00f0, skal kona hans fara burt me\u00f0 honum.<a name=\"4\"><span class=\"versanumer\">4<\/span><\/a>Hafi h\u00fasb\u00f3ndi hans fengi\u00f0 honum konu og hafi h\u00fan f\u00e6tt honum sonu e\u00f0a d\u00e6tur, \u00fe\u00e1 skal konan og b\u00f6rn hennar heyra h\u00fasb\u00f3nda s\u00ednum til, en hann skal fara burt einhleypur.<a name=\"5\"><span class=\"versanumer\">5<\/span><\/a>En ef \u00fer\u00e6llinn segir sk\u00fdlaust: \u00c9g elska h\u00fasb\u00f3nda minn, konu m\u00edna og b\u00f6rn m\u00edn, \u00e9g vil ekki frj\u00e1ls \u00ed burtu fara,<a name=\"6\"><span class=\"versanumer\">6<\/span><\/a>\u00fe\u00e1 skal h\u00fasb\u00f3ndi hans f\u00e6ra hann til Gu\u00f0s og lei\u00f0a hann a\u00f0 dyrunum e\u00f0a a\u00f0 dyrastafnum, og skal h\u00fasb\u00f3ndi hans stinga al \u00ed gegnum eyra honum, og skal hann s\u00ed\u00f0an vera \u00fer\u00e6ll hans \u00e6vinlega.<a name=\"7\"><span class=\"versanumer\">7<\/span><\/a>\u00deegar ma\u00f0ur selur d\u00f3ttur s\u00edna a\u00f0 amb\u00e1tt, skal h\u00fan ekki burt fara \u00e1 sama h\u00e1tt sem \u00fer\u00e6lar.<a name=\"8\"><span class=\"versanumer\">8<\/span><\/a>Ge\u00f0jist h\u00fan eigi h\u00fasb\u00f3nda s\u00ednum, sem \u00e6tla\u00f0 hefir hana sj\u00e1lfum s\u00e9r, \u00fe\u00e1 skal hann leyfa a\u00f0 h\u00fan s\u00e9 leyst. Ekki skal hann hafa vald til a\u00f0 selja hana \u00fatlendum l\u00fd\u00f0, me\u00f0 \u00fev\u00ed a\u00f0 hann hefir brug\u00f0i\u00f0 heiti vi\u00f0 hana.<a name=\"9\"><span class=\"versanumer\">9<\/span><\/a>En ef hann \u00e6tlar hana syni s\u00ednum, \u00fe\u00e1 skal hann gj\u00f6ra vi\u00f0 hana sem d\u00f3ttur s\u00edna.<a name=\"10\"><span class=\"versanumer\">10<\/span><\/a>Taki hann s\u00e9r a\u00f0ra konu, skal hann ekki minnka af vi\u00f0 hana \u00ed kosti e\u00f0a kl\u00e6\u00f0na\u00f0i e\u00f0a samb\u00fa\u00f0.<a name=\"11\"><span class=\"versanumer\">11<\/span><\/a>Veiti hann henni ekki \u00feetta \u00ferennt, \u00fe\u00e1 fari h\u00fan burt \u00f3keypis, \u00e1n endurgjalds.<a name=\"12\"><span class=\"versanumer\">12<\/span><\/a>Hver sem l\u00fdstur mann, svo a\u00f0 hann f\u00e6r bana af, skal l\u00edfl\u00e1tinn ver\u00f0a.<a name=\"13\"><span class=\"versanumer\">13<\/span><\/a>En hafi hann ekki seti\u00f0 um l\u00edf hans, en Gu\u00f0 l\u00e1ti\u00f0 hann ver\u00f0a fyrir honum, \u00fe\u00e1 skal \u00e9g setja \u00fe\u00e9r gri\u00f0asta\u00f0, sem hann megi \u00ed fl\u00fdja.<a name=\"14\"><span class=\"versanumer\">14<\/span><\/a>En fremji nokkur \u00fe\u00e1 \u00f3h\u00e6fu a\u00f0 drepa n\u00e1unga sinn me\u00f0 svikum, \u00fe\u00e1 skalt \u00fe\u00fa taka hann, jafnvel fr\u00e1 altari m\u00ednu, a\u00f0 hann ver\u00f0i l\u00edfl\u00e1tinn.<a name=\"15\"><span class=\"versanumer\">15<\/span><\/a>Hver sem l\u00fdstur f\u00f6\u00f0ur sinn e\u00f0a m\u00f3\u00f0ur s\u00edna skal l\u00edfl\u00e1tinn ver\u00f0a.<a name=\"16\"><span class=\"versanumer\">16<\/span><\/a>Hver sem stelur manni og selur hann, e\u00f0a hann finnst \u00ed hans v\u00f6rslu, hann skal l\u00edfl\u00e1tinn ver\u00f0a.<a name=\"17\"><span class=\"versanumer\">17<\/span><\/a>Hver sem b\u00f6lvar f\u00f6\u00f0ur s\u00ednum e\u00f0a m\u00f3\u00f0ur sinni skal l\u00edfl\u00e1tinn ver\u00f0a.<a name=\"18\"><span class=\"versanumer\">18<\/span><\/a>\u00deegar menn deila og annar l\u00fdstur hinn steini e\u00f0a hnefa, og f\u00e6r hann ekki bana af, heldur leggst \u00ed rekkju,<a name=\"19\"><span class=\"versanumer\">19<\/span><\/a>ef hann \u00fe\u00e1 kemst \u00e1 f\u00e6tur og gengur \u00fati vi\u00f0 staf sinn, \u00fe\u00e1 s\u00e9 s\u00e1 s\u00fdkn saka, er laust. En b\u00e6ta skal hann honum verkfalli\u00f0 og l\u00e1ta gr\u00e6\u00f0a hann til fulls.<a name=\"20\"><span class=\"versanumer\">20<\/span><\/a>Ef ma\u00f0ur l\u00fdstur \u00fer\u00e6l sinn e\u00f0a amb\u00e1tt me\u00f0 staf, svo a\u00f0 hann deyr undir hendi hans, \u00fe\u00e1 skal hann refsingu s\u00e6ta.<a name=\"21\"><span class=\"versanumer\">21<\/span><\/a>En s\u00e9 hann me\u00f0 l\u00edfi einn dag e\u00f0a tvo, \u00fe\u00e1 skal hann \u00fe\u00f3 eigi refsingu s\u00e6ta, \u00fev\u00ed a\u00f0 \u00fer\u00e6llinn er eign hans ver\u00f0i keypt.<a name=\"22\"><span class=\"versanumer\">22<\/span><\/a>Ef menn flj\u00fagast \u00e1 og stjaka vi\u00f0 \u00feunga\u00f0ri konu, svo a\u00f0 henni leysist h\u00f6fn, en ver\u00f0ur ekki anna\u00f0 mein af, \u00fe\u00e1 haldi hann b\u00f3tum uppi, sl\u00edkum sem b\u00f3ndi konunnar kve\u00f0ur \u00e1 hann, og grei\u00f0i eftir mati gj\u00f6r\u00f0armanna.<a name=\"23\"><span class=\"versanumer\">23<\/span><\/a>En ef ska\u00f0i hl\u00fdst af, \u00fe\u00e1 skalt \u00fe\u00fa l\u00e1ta l\u00edf fyrir l\u00edf,<a name=\"24\"><span class=\"versanumer\">24<\/span><\/a>auga fyrir auga, t\u00f6nn fyrir t\u00f6nn, h\u00f6nd fyrir h\u00f6nd, f\u00f3t fyrir f\u00f3t,<a name=\"25\"><span class=\"versanumer\">25<\/span><\/a>bruna fyrir bruna, s\u00e1r fyrir s\u00e1r, skeinu fyrir skeinu.<a name=\"26\"><span class=\"versanumer\">26<\/span><\/a>Ef ma\u00f0ur sl\u00e6r \u00fer\u00e6l sinn e\u00f0a amb\u00e1tt \u00e1 auga og skemmir \u00fea\u00f0, \u00fe\u00e1 skal hann gefa honum frelsi sitt fyrir auga\u00f0,<a name=\"27\"><span class=\"versanumer\">27<\/span><\/a>og ef hann l\u00fdstur t\u00f6nn \u00far \u00fer\u00e6li s\u00ednum e\u00f0a amb\u00e1tt, \u00fe\u00e1 gefi hann honum frelsi fyrir t\u00f6nn s\u00edna.<a name=\"28\"><span class=\"versanumer\">28<\/span><\/a>Ef uxi stangar mann e\u00f0a konu til bana, \u00fe\u00e1 skal gr\u00fdta uxann og ekki neyta kj\u00f6tsins, og er eigandi uxans \u00fe\u00e1 s\u00fdkn saka.<a name=\"29\"><span class=\"versanumer\">29<\/span><\/a>En hafi uxinn veri\u00f0 mann\u00fdgur \u00e1\u00f0ur og eigandinn veri\u00f0 l\u00e1tinn vita \u00fea\u00f0, og geymir hann ekki uxans a\u00f0 heldur, svo a\u00f0 hann ver\u00f0ur manni e\u00f0a konu a\u00f0 bana, \u00fe\u00e1 skal gr\u00fdta uxann, en eigandi skal og l\u00edfl\u00e1tinn ver\u00f0a.<a name=\"30\"><span class=\"versanumer\">30<\/span><\/a>En gj\u00f6rist honum a\u00f0 b\u00e6ta me\u00f0 f\u00e9, \u00fe\u00e1 leysi hann l\u00edf sitt me\u00f0 svo miklum b\u00f3tum sem honum ver\u00f0ur gj\u00f6rt a\u00f0 grei\u00f0a.<a name=\"31\"><span class=\"versanumer\">31<\/span><\/a>Hvort sem uxinn stangar son e\u00f0a d\u00f3ttur, skal me\u00f0 hann fara eftir \u00feessu laga\u00e1kv\u00e6\u00f0i.<a name=\"32\"><span class=\"versanumer\">32<\/span><\/a>Ef uxinn stangar \u00fer\u00e6l manns e\u00f0a amb\u00e1tt, \u00fe\u00e1 skal eigandi gjalda h\u00fasb\u00f3nda \u00feeirra \u00ferj\u00e1t\u00edu sikla silfurs, og skal gr\u00fdta uxann.<a name=\"33\"><span class=\"versanumer\">33<\/span><\/a>Ef ma\u00f0ur opnar brunn e\u00f0a grefur brunn og byrgir eigi aftur, og uxi e\u00f0a asni fellur \u00ed hann,<a name=\"34\"><span class=\"versanumer\">34<\/span><\/a>\u00fe\u00e1 skal eigandi brunnsins b\u00e6ta. Hann skal grei\u00f0a eigandanum f\u00e9 fyrir, en hafa sj\u00e1lfur hi\u00f0 dau\u00f0a.<a name=\"35\"><span class=\"versanumer\">35<\/span><\/a>Ef uxi manns stangar uxa annars manns til bana, \u00fe\u00e1 skulu \u00feeir selja \u00feann uxann, sem lifir, og skipta ver\u00f0i hans, og einnig skulu \u00feeir skipta dau\u00f0a uxanum.<a name=\"36\"><span class=\"versanumer\">36<\/span><\/a>En ef \u00fea\u00f0 var kunnugt, a\u00f0 uxinn var mann\u00fdgur \u00e1\u00f0ur, og eigandi g\u00e6tti hans ekki a\u00f0 heldur, \u00fe\u00e1 b\u00e6ti hann uxa fyrir uxa, en hafi sj\u00e1lfur hinn dau\u00f0a.<\/p>\n<div class=\"footnote1981\"><b>21.2<\/b> Hebreskur \u00fer\u00e6ll 3M\u00f3s 25.35-55; 5M\u00f3s 15.12-18; Jer 34.14<br \/>\n<b>21.12<\/b> Manndr\u00e1p 2M\u00f3s 20.13+<br \/>\n<b>21.13<\/b> Sta\u00f0 a\u00f0 fl\u00fdja til 5M\u00f3s 19.1-13; J\u00f3s 20; 1Kon 1.50<br \/>\n<b>21.16<\/b> \u00dej\u00f3fna\u00f0ur 2M\u00f3s 20.15+<br \/>\n<b>21.17<\/b> B\u00f6lva f\u00f6\u00f0ur og m\u00f3\u00f0ur 3M\u00f3s 20.9; 5M\u00f3s 21.18; S\u00edr 3.13<br \/>\n<b>21.23-25<\/b> L\u00edf fyrir l\u00edf 3M\u00f3s 24.19+<br \/>\n<b>21.33-34<\/b> \u00cd brunn L\u00fak 14.5<br \/>\n<b>21.37<\/b> B\u00e6tur 2Sam 12.6; L\u00fak 19.8<\/div>\n","protected":false},"excerpt":{"rendered":"<p>1\u00deetta eru \u00feau l\u00f6g, sem \u00fe\u00fa skalt leggja fyrir \u00fe\u00e1:2\u00deegar \u00fe\u00fa kaupir hebreskan \u00fer\u00e6l, skal hann \u00fej\u00f3na \u00fe\u00e9r sex \u00e1r, en \u00e1 sj\u00f6unda \u00e1ri skal hann frj\u00e1ls burt fara \u00e1n endurgjalds.3Hafi hann komi\u00f0 einhleypur, skal hann og einhleypur burt fara, en hafi hann kvonga\u00f0ur veri\u00f0, skal kona hans fara burt me\u00f0 honum.4Hafi h\u00fasb\u00f3ndi hans fengi\u00f0 honum konu og hafi h\u00fan f\u00e6tt honum sonu e\u00f0a d\u00e6tur, \u00fe\u00e1 skal konan og b\u00f6rn hennar heyra h\u00fasb\u00f3nda s\u00ednum til, en hann skal fara burt einhleypur.5En ef \u00fer\u00e6llinn segir sk\u00fdlaust: \u00c9g elska h\u00fasb\u00f3nda minn, konu m\u00edna og b\u00f6rn m\u00edn, \u00e9g vil ekki frj\u00e1ls \u00ed burtu <a href=\"https:\/\/biblian.is\/1981\/onnur-mosebok-21-kafli\/\"> [&#8230;]<\/a><\/p>\n","protected":false},"author":1,"featured_media":0,"parent":0,"menu_order":0,"comment_status":"open","ping_status":"open","template":"bibliukaflar.php","meta":{"footnotes":""},"class_list":["post-1417","page","type-page","status-publish","hentry"],"_links":{"self":[{"href":"https:\/\/biblian.is\/1981\/wp-json\/wp\/v2\/pages\/1417","targetHints":{"allow":["GET"]}}],"collection":[{"href":"https:\/\/biblian.is\/1981\/wp-json\/wp\/v2\/pages"}],"about":[{"href":"https:\/\/biblian.is\/1981\/wp-json\/wp\/v2\/types\/page"}],"author":[{"embeddable":true,"href":"https:\/\/biblian.is\/1981\/wp-json\/wp\/v2\/users\/1"}],"replies":[{"embeddable":true,"href":"https:\/\/biblian.is\/1981\/wp-json\/wp\/v2\/comments?post=1417"}],"version-history":[{"count":0,"href":"https:\/\/biblian.is\/1981\/wp-json\/wp\/v2\/pages\/1417\/revisions"}],"wp:attachment":[{"href":"https:\/\/biblian.is\/1981\/wp-json\/wp\/v2\/media?parent=1417"}],"curies":[{"name":"wp","href":"https:\/\/api.w.org\/{rel}","templated":true}]}}