{"id":1416,"date":"2017-11-18T20:17:15","date_gmt":"2017-11-18T20:17:15","guid":{"rendered":"http:\/\/biblian.is\/1981\/onnur-mosebok-20-kafli\/"},"modified":"2021-06-06T11:04:14","modified_gmt":"2021-06-06T11:04:14","slug":"onnur-mosebok-20-kafli","status":"publish","type":"page","link":"https:\/\/biblian.is\/1981\/onnur-mosebok-20-kafli\/","title":{"rendered":"\u00d6nnur M\u00f3seb\u00f3k 20. kafli"},"content":{"rendered":"<p><a name=\"1\"><span class=\"versanumer\">1<\/span><\/a>Gu\u00f0 tala\u00f0i \u00f6ll \u00feessi or\u00f0 og sag\u00f0i:<a name=\"2\"><span class=\"versanumer\">2<\/span><\/a>\u00c9g er Drottinn Gu\u00f0 \u00feinn, sem leiddi \u00feig \u00fat af Egyptalandi, \u00fat \u00far \u00fer\u00e6lah\u00fasinu.<a name=\"3\"><span class=\"versanumer\">3<\/span><\/a>\u00de\u00fa skalt ekki hafa a\u00f0ra gu\u00f0i en mig.<a name=\"4\"><span class=\"versanumer\">4<\/span><\/a>\u00de\u00fa skalt engar l\u00edkneskjur gj\u00f6ra \u00fe\u00e9r n\u00e9 nokkrar myndir eftir \u00fev\u00ed, sem er \u00e1 himnum uppi, e\u00f0ur \u00fev\u00ed, sem er \u00e1 j\u00f6r\u00f0u ni\u00f0ri, e\u00f0ur \u00fev\u00ed, sem er \u00ed v\u00f6tnunum undir j\u00f6r\u00f0inni.<a name=\"5\"><span class=\"versanumer\">5<\/span><\/a>\u00de\u00fa skalt ekki tilbi\u00f0ja \u00fe\u00e6r og ekki d\u00fdrka \u00fe\u00e6r, \u00fev\u00ed a\u00f0 \u00e9g, Drottinn Gu\u00f0 \u00feinn, er vandl\u00e1tur Gu\u00f0, sem vitja misgj\u00f6r\u00f0a fe\u00f0ranna \u00e1 b\u00f6rnunum, j\u00e1 \u00ed \u00feri\u00f0ja og fj\u00f3r\u00f0a li\u00f0, \u00feeirra sem mig hata,<a name=\"6\"><span class=\"versanumer\">6<\/span><\/a>en au\u00f0s\u00fdni miskunn \u00fe\u00fasundum, \u00feeirra sem elska mig og var\u00f0veita bo\u00f0or\u00f0 m\u00edn.<a name=\"7\"><span class=\"versanumer\">7<\/span><\/a>\u00de\u00fa skalt ekki leggja nafn Drottins Gu\u00f0s \u00fe\u00edns vi\u00f0 h\u00e9g\u00f3ma, \u00fev\u00ed a\u00f0 Drottinn mun ekki l\u00e1ta \u00feeim \u00f3hegnt, sem leggur nafn hans vi\u00f0 h\u00e9g\u00f3ma.<a name=\"8\"><span class=\"versanumer\">8<\/span><\/a>Minnstu \u00feess a\u00f0 halda hv\u00edldardaginn heilagan.<a name=\"9\"><span class=\"versanumer\">9<\/span><\/a>Sex daga skalt \u00fe\u00fa erfi\u00f0a og vinna allt \u00feitt verk,<a name=\"10\"><span class=\"versanumer\">10<\/span><\/a>en sj\u00f6undi dagurinn er hv\u00edldardagur helga\u00f0ur Drottni Gu\u00f0i \u00fe\u00ednum. \u00de\u00e1 skalt \u00fe\u00fa ekkert verk vinna og ekki sonur \u00feinn e\u00f0a d\u00f3ttir \u00fe\u00edn, \u00fer\u00e6ll \u00feinn e\u00f0a amb\u00e1tt \u00fe\u00edn e\u00f0a skepnur \u00fe\u00ednar, e\u00f0a nokkur \u00fatlendingur, sem hj\u00e1 \u00fe\u00e9r er innan borgarhli\u00f0a \u00feinna,<a name=\"11\"><span class=\"versanumer\">11<\/span><\/a>\u00fev\u00ed a\u00f0 \u00e1 sex d\u00f6gum gj\u00f6r\u00f0i Drottinn himin og j\u00f6r\u00f0, hafi\u00f0 og allt sem \u00ed \u00feeim er, og hv\u00edldist sj\u00f6unda daginn. Fyrir \u00fev\u00ed blessa\u00f0i Drottinn hv\u00edldardaginn og helga\u00f0i hann.<a name=\"12\"><span class=\"versanumer\">12<\/span><\/a>Hei\u00f0ra f\u00f6\u00f0ur \u00feinn og m\u00f3\u00f0ur \u00fe\u00edna, svo a\u00f0 \u00fe\u00fa ver\u00f0ir langl\u00edfur \u00ed \u00fev\u00ed landi, sem Drottinn Gu\u00f0 \u00feinn gefur \u00fe\u00e9r.<a name=\"13\"><span class=\"versanumer\">13<\/span><\/a>\u00de\u00fa skalt ekki mor\u00f0 fremja.<a name=\"14\"><span class=\"versanumer\">14<\/span><\/a>\u00de\u00fa skalt ekki dr\u00fdgja h\u00f3r.<a name=\"15\"><span class=\"versanumer\">15<\/span><\/a>\u00de\u00fa skalt ekki stela.<a name=\"16\"><span class=\"versanumer\">16<\/span><\/a>\u00de\u00fa skalt ekki bera lj\u00fagvitni gegn n\u00e1unga \u00fe\u00ednum.<a name=\"17\"><span class=\"versanumer\">17<\/span><\/a>\u00de\u00fa skalt ekki girnast h\u00fas n\u00e1unga \u00fe\u00edns. \u00de\u00fa skalt ekki girnast konu n\u00e1unga \u00fe\u00edns, ekki \u00fer\u00e6l hans e\u00f0a amb\u00e1tt, ekki uxa hans e\u00f0a asna, n\u00e9 nokku\u00f0 \u00fea\u00f0, sem n\u00e1ungi \u00feinn \u00e1.<a name=\"18\"><span class=\"versanumer\">18<\/span><\/a>Allt f\u00f3lki\u00f0 heyr\u00f0i og s\u00e1 rei\u00f0ar\u00ferumurnar og eldingarnar og l\u00fa\u00f0ur\u00feytinn og fjalli\u00f0 rj\u00fakandi. Og er f\u00f3lki\u00f0 s\u00e1 \u00feetta, skelfdust \u00feeir og st\u00f3\u00f0u langt \u00ed burtu.<a name=\"19\"><span class=\"versanumer\">19<\/span><\/a>\u00deeir s\u00f6g\u00f0u \u00fe\u00e1 vi\u00f0 M\u00f3se: Tala \u00fe\u00fa vi\u00f0 oss og v\u00e9r skulum hl\u00fd\u00f0a, en l\u00e1t ekki Gu\u00f0 tala vi\u00f0 oss, a\u00f0 v\u00e9r deyjum ekki.<a name=\"20\"><span class=\"versanumer\">20<\/span><\/a>Og M\u00f3se sag\u00f0i vi\u00f0 f\u00f3lki\u00f0: \u00d3ttist ekki, \u00fev\u00ed a\u00f0 Gu\u00f0 er kominn til \u00feess a\u00f0 reyna y\u00f0ur og til \u00feess a\u00f0 hans \u00f3tti s\u00e9 y\u00f0ur fyrir augum, svo a\u00f0 \u00fe\u00e9r syndgi\u00f0 ekki.<a name=\"21\"><span class=\"versanumer\">21<\/span><\/a>St\u00f3\u00f0 f\u00f3lki\u00f0 \u00fe\u00e1 kyrrt langt \u00ed burtu, en M\u00f3se gekk a\u00f0 dimma sk\u00fdinu, sem Gu\u00f0 var \u00ed.<a name=\"22\"><span class=\"versanumer\">22<\/span><\/a>Drottinn m\u00e6lti vi\u00f0 M\u00f3se: Svo skalt \u00fe\u00fa segja \u00cdsraelsm\u00f6nnum: \u00de\u00e9r hafi\u00f0 sj\u00e1lfir s\u00e9\u00f0, a\u00f0 \u00e9g hefi tala\u00f0 til y\u00f0ar af himnum.<a name=\"23\"><span class=\"versanumer\">23<\/span><\/a>\u00de\u00e9r skulu\u00f0 eigi til b\u00faa a\u00f0ra gu\u00f0i jafnhli\u00f0a m\u00e9r. Gu\u00f0i af silfri e\u00f0a gu\u00f0i af gulli skulu\u00f0 \u00fe\u00e9r ekki b\u00faa y\u00f0ur til.<a name=\"24\"><span class=\"versanumer\">24<\/span><\/a>\u00de\u00fa skalt gj\u00f6ra m\u00e9r altari af torfi, og \u00e1 \u00fev\u00ed skalt \u00fe\u00fa f\u00f3rna brennif\u00f3rnum \u00fe\u00ednum og \u00feakkarf\u00f3rnum, sau\u00f0um \u00fe\u00ednum og nautum. Alls sta\u00f0ar \u00fear sem \u00e9g l\u00e6t minnast nafns m\u00edns, mun \u00e9g koma til \u00fe\u00edn og blessa \u00feig.<a name=\"25\"><span class=\"versanumer\">25<\/span><\/a>En gj\u00f6rir \u00fe\u00fa m\u00e9r altari af steinum, \u00fe\u00e1 m\u00e1tt \u00fe\u00fa ekki hla\u00f0a \u00fea\u00f0 af h\u00f6ggnu grj\u00f3ti, \u00fev\u00ed a\u00f0 berir \u00fe\u00fa meitil \u00e1 \u00fea\u00f0, \u00fe\u00e1 vanhelgar \u00fe\u00fa \u00fea\u00f0.<a name=\"26\"><span class=\"versanumer\">26<\/span><\/a>Og eigi m\u00e1tt \u00fe\u00fa \u00ferep upp ganga a\u00f0 altari m\u00ednu, svo a\u00f0 blyg\u00f0un \u00fe\u00edn opinberist \u00fear ekki.<\/p>\n<div class=\"footnote1981\"><b>20.1<\/b> Bo\u00f0or\u00f0in t\u00edu Jer 7.9; H\u00f3s 4.2; Mrk 10.19 og hlst.; R\u00f3m 13.9<br \/>\n<b>20.2<\/b> \u00c9g er Drottinn D\u00f3m 6.8-10; Jes 43.11; 44.24; Slm 81.11 \u2013 \u00fer\u00e6lah\u00fasi\u00f0 2M\u00f3s 13.3,14; 5M\u00f3s 5.6; 6.12; 7.8; 8.14; 13.6,11; J\u00f3s 24.17; D\u00f3m 6.8; Jer 34.13; M\u00edk 6.4<br \/>\n<b>20.3<\/b> Ekki a\u00f0ra gu\u00f0i 2M\u00f3s 34.14; Jer 25.6; H\u00f3s 3.1; 13.4; Slm 81.10; sbr 1Kon 11.4-8<br \/>\n<b>20.4<\/b> Engar l\u00edkneskjur 2M\u00f3s 34.17; 3M\u00f3s 19.4; 26.1; 5M\u00f3s 4.15-20; sbr 2M\u00f3s 32.1-6; 1Kon 12.26-29<br \/>\n<b>20.5<\/b> Afbr\u00fd\u00f0isamur Gu\u00f0 2M\u00f3s 34.14; 5M\u00f3s 4.24; 6.15<br \/>\n<b>20.5-6<\/b> \u00cd \u00feri\u00f0ja og fj\u00f3r\u00f0a li\u00f0 &#8230; \u00fe\u00fasundum 2M\u00f3s 34.7; 4M\u00f3s 14.18; 5M\u00f3s 7.9-10<br \/>\n<b>20.7<\/b> Leggja vi\u00f0 h\u00e9g\u00f3ma 2M\u00f3s 22.27; 3M\u00f3s 19.12; Matt 5.33; 7.21; sbr 3M\u00f3s 24.10-16,23<br \/>\n<b>20.8<\/b> Hv\u00edldardagurinn 2M\u00f3s 16.23,29; 3M\u00f3s 19.3; 23.3; sbr 4M\u00f3s 15.32-36; L\u00fak 13.14-16+<br \/>\n<b>20.11<\/b> \u00c1 sex d\u00f6gum &#8230; sj\u00f6unda daginn 1M\u00f3s 2.2-3<br \/>\n<b>20.12<\/b> Hei\u00f0ra f\u00f6\u00f0ur \u00feinn og m\u00f3\u00f0ur 2M\u00f3s 21.17; 3M\u00f3s 19.3,32; 5M\u00f3s 27.16; S\u00edr 3.1-16; L\u00fak 2.51; Ef 6.2-3; sbr 2Sam 15-18; Matt 15.4-9<br \/>\n<b>20.13<\/b> Ekki mor\u00f0 fremja 2M\u00f3s 21.12-15; 1M\u00f3s 9.5-6; 3M\u00f3s 24.17; Matt 5.21; Jak 2.11; sbr 1Kon 21; Matt 26.52<br \/>\n<b>20.14<\/b> Ekki dr\u00fdgja h\u00f3r 3M\u00f3s 20.10; Slm 50.18; Matt 5.27; Jak 2.11; sbr 2Sam 11-12; J\u00f3h 8.1-11<br \/>\n<b>20.15<\/b> Ekki stela 2M\u00f3s 21.16; 3M\u00f3s 19.11; 5M\u00f3s 24.7; Slm 50.18; sbr 1M\u00f3s 37.25-28<br \/>\n<b>20.16<\/b> Lj\u00fagvitni 2M\u00f3s 23.1-3; 3M\u00f3s 19.15-16; Slm 50.19-20; Matt 5.37; Jak 5.12; sbr 1Kon 21; Matt 26.59-62 og hlst.<br \/>\n<b>20.17<\/b> Ekki girnast 3M\u00f3s 19.35-36; Jes 5.8; M\u00edk 2.2; sbr J\u00f3s 7.10-26; 1Kon 21<br \/>\n<b>20.18<\/b> \u00derumur, eldingar, hornabl\u00e1stur 5M\u00f3s 5.23-31; Heb 12.18-19<br \/>\n<b>20.21<\/b> Sk\u00fdsorti 1Kon 8.12; Slm 18.10; sbr 2M\u00f3s 13.21+<br \/>\n<b>20.23<\/b> Gu\u00f0ir af gulli 2M\u00f3s 32.1-6<br \/>\n<b>20.24<\/b> F\u00f3rnir 3M\u00f3s 1-5<br \/>\n<b>20.25<\/b> Ekki \u00far tilh\u00f6ggnum steinum 5M\u00f3s 27.5-7; J\u00f3s 8.31<\/div>\n","protected":false},"excerpt":{"rendered":"<p>1Gu\u00f0 tala\u00f0i \u00f6ll \u00feessi or\u00f0 og sag\u00f0i:2\u00c9g er Drottinn Gu\u00f0 \u00feinn, sem leiddi \u00feig \u00fat af Egyptalandi, \u00fat \u00far \u00fer\u00e6lah\u00fasinu.3\u00de\u00fa skalt ekki hafa a\u00f0ra gu\u00f0i en mig.4\u00de\u00fa skalt engar l\u00edkneskjur gj\u00f6ra \u00fe\u00e9r n\u00e9 nokkrar myndir eftir \u00fev\u00ed, sem er \u00e1 himnum uppi, e\u00f0ur \u00fev\u00ed, sem er \u00e1 j\u00f6r\u00f0u ni\u00f0ri, e\u00f0ur \u00fev\u00ed, sem er \u00ed v\u00f6tnunum undir j\u00f6r\u00f0inni.5\u00de\u00fa skalt ekki tilbi\u00f0ja \u00fe\u00e6r og ekki d\u00fdrka \u00fe\u00e6r, \u00fev\u00ed a\u00f0 \u00e9g, Drottinn Gu\u00f0 \u00feinn, er vandl\u00e1tur Gu\u00f0, sem vitja misgj\u00f6r\u00f0a fe\u00f0ranna \u00e1 b\u00f6rnunum, j\u00e1 \u00ed \u00feri\u00f0ja og fj\u00f3r\u00f0a li\u00f0, \u00feeirra sem mig hata,6en au\u00f0s\u00fdni miskunn \u00fe\u00fasundum, \u00feeirra sem elska mig og var\u00f0veita bo\u00f0or\u00f0 <a href=\"https:\/\/biblian.is\/1981\/onnur-mosebok-20-kafli\/\"> [&#8230;]<\/a><\/p>\n","protected":false},"author":1,"featured_media":0,"parent":0,"menu_order":0,"comment_status":"open","ping_status":"open","template":"bibliukaflar.php","meta":{"footnotes":""},"class_list":["post-1416","page","type-page","status-publish","hentry"],"_links":{"self":[{"href":"https:\/\/biblian.is\/1981\/wp-json\/wp\/v2\/pages\/1416","targetHints":{"allow":["GET"]}}],"collection":[{"href":"https:\/\/biblian.is\/1981\/wp-json\/wp\/v2\/pages"}],"about":[{"href":"https:\/\/biblian.is\/1981\/wp-json\/wp\/v2\/types\/page"}],"author":[{"embeddable":true,"href":"https:\/\/biblian.is\/1981\/wp-json\/wp\/v2\/users\/1"}],"replies":[{"embeddable":true,"href":"https:\/\/biblian.is\/1981\/wp-json\/wp\/v2\/comments?post=1416"}],"version-history":[{"count":0,"href":"https:\/\/biblian.is\/1981\/wp-json\/wp\/v2\/pages\/1416\/revisions"}],"wp:attachment":[{"href":"https:\/\/biblian.is\/1981\/wp-json\/wp\/v2\/media?parent=1416"}],"curies":[{"name":"wp","href":"https:\/\/api.w.org\/{rel}","templated":true}]}}