{"id":1415,"date":"2017-11-18T20:17:15","date_gmt":"2017-11-18T20:17:15","guid":{"rendered":"http:\/\/biblian.is\/1981\/onnur-mosebok-19-kafli\/"},"modified":"2021-06-06T11:04:13","modified_gmt":"2021-06-06T11:04:13","slug":"onnur-mosebok-19-kafli","status":"publish","type":"page","link":"https:\/\/biblian.is\/1981\/onnur-mosebok-19-kafli\/","title":{"rendered":"\u00d6nnur M\u00f3seb\u00f3k 19. kafli"},"content":{"rendered":"<p><a name=\"1\"><span class=\"versanumer\">1<\/span><\/a>\u00c1 \u00feri\u00f0ja m\u00e1nu\u00f0i eftir brottf\u00f6r \u00cdsraelsmanna fr\u00e1 Egyptalandi, \u00e1 \u00feeim degi komu \u00feeir \u00ed S\u00edna\u00ed-ey\u00f0im\u00f6rk.<a name=\"2\"><span class=\"versanumer\">2<\/span><\/a>\u00deeir t\u00f3ku sig upp fr\u00e1 Ref\u00edd\u00edm og komu \u00ed S\u00edna\u00ed-ey\u00f0im\u00f6rk og settu b\u00fa\u00f0ir s\u00ednar \u00ed ey\u00f0im\u00f6rkinni. Og \u00cdsrael setti b\u00fa\u00f0ir s\u00ednar \u00fear gegnt fjallinu.<a name=\"3\"><span class=\"versanumer\">3<\/span><\/a>Gekk M\u00f3se \u00fe\u00e1 upp til Gu\u00f0s, og kalla\u00f0i Drottinn til hans af fjallinu og sag\u00f0i: Svo skalt \u00fe\u00fa segja Jakobs ni\u00f0jum og kunngj\u00f6ra \u00cdsraelsm\u00f6nnum:<a name=\"4\"><span class=\"versanumer\">4<\/span><\/a>\u00de\u00e9r hafi\u00f0 sj\u00e1lfir s\u00e9\u00f0, hva\u00f0 \u00e9g hefi gj\u00f6rt Egyptum, og hversu \u00e9g hefi bori\u00f0 y\u00f0ur \u00e1 arnarv\u00e6ngjum og flutt y\u00f0ur til m\u00edn.<a name=\"5\"><span class=\"versanumer\">5<\/span><\/a>N\u00fa ef \u00fe\u00e9r hl\u00fd\u00f0i\u00f0 minni r\u00f6ddu grandg\u00e6filega og haldi\u00f0 minn s\u00e1ttm\u00e1la, \u00fe\u00e1 skulu\u00f0 \u00fe\u00e9r vera m\u00edn eiginleg eign umfram allar \u00fej\u00f3\u00f0ir, \u00fev\u00ed a\u00f0 \u00f6ll j\u00f6r\u00f0in er m\u00edn.<a name=\"6\"><span class=\"versanumer\">6<\/span><\/a>Og \u00fe\u00e9r skulu\u00f0 vera m\u00e9r prestar\u00edki og heilagur l\u00fd\u00f0ur. \u00deetta eru \u00feau or\u00f0, sem \u00fe\u00fa skalt flytja \u00cdsraelsm\u00f6nnum.<a name=\"7\"><span class=\"versanumer\">7<\/span><\/a>Og M\u00f3se f\u00f3r og stefndi saman \u00f6ldungum l\u00fd\u00f0sins og flutti \u00feeim \u00f6ll \u00feau or\u00f0, er Drottinn haf\u00f0i bo\u00f0i\u00f0 honum.<a name=\"8\"><span class=\"versanumer\">8<\/span><\/a>\u00de\u00e1 svara\u00f0i allur l\u00fd\u00f0urinn einum munni og sag\u00f0i: V\u00e9r viljum gj\u00f6ra allt \u00fea\u00f0, sem Drottinn b\u00fd\u00f0ur. Og M\u00f3se flutti Drottni aftur or\u00f0 f\u00f3lksins.<a name=\"9\"><span class=\"versanumer\">9<\/span><\/a>\u00de\u00e1 sag\u00f0i Drottinn vi\u00f0 M\u00f3se: Sj\u00e1, \u00e9g vil koma til \u00fe\u00edn \u00ed dimmu sk\u00fdi, svo a\u00f0 f\u00f3lki\u00f0 heyri, er \u00e9g tala vi\u00f0 \u00feig, og tr\u00fai \u00fe\u00e9r \u00e6vinlega. Og M\u00f3se flutti Drottni or\u00f0 l\u00fd\u00f0sins.<a name=\"10\"><span class=\"versanumer\">10<\/span><\/a>\u00de\u00e1 m\u00e6lti Drottinn vi\u00f0 M\u00f3se: Far til f\u00f3lksins og helga \u00fe\u00e1 \u00ed dag og \u00e1 morgun, og l\u00e1t \u00fe\u00e1 \u00fevo kl\u00e6\u00f0i s\u00edn,<a name=\"11\"><span class=\"versanumer\">11<\/span><\/a>og skulu \u00feeir vera b\u00fanir \u00e1 \u00feri\u00f0ja degi, \u00fev\u00ed a\u00f0 \u00e1 \u00feri\u00f0ja degi mun Drottinn ofan st\u00edga \u00e1 S\u00edna\u00edfjall \u00ed augs\u00fdn alls l\u00fd\u00f0sins.<a name=\"12\"><span class=\"versanumer\">12<\/span><\/a>En \u00fe\u00fa skalt marka f\u00f3lkinu svi\u00f0 umhverfis og segja: Varist a\u00f0 ganga upp \u00e1 fjalli\u00f0 e\u00f0a snerta fjallsr\u00e6turnar. Hver sem snertir fjalli\u00f0, skal vissulega l\u00e1ta l\u00edf sitt.<a name=\"13\"><span class=\"versanumer\">13<\/span><\/a>Engin mannsh\u00f6nd skal snerta hann, heldur skal hann gr\u00fdttur e\u00f0a skotinn til bana, hvort \u00fea\u00f0 er heldur skepna e\u00f0a ma\u00f0ur, \u00fe\u00e1 skal \u00fea\u00f0 ekki l\u00edfi halda. \u00deegar l\u00fa\u00f0urinn kve\u00f0ur vi\u00f0, skulu \u00feeir st\u00edga upp \u00e1 fjalli\u00f0.<a name=\"14\"><span class=\"versanumer\">14<\/span><\/a>\u00de\u00e1 gekk M\u00f3se ofan af fjallinu til f\u00f3lksins og helga\u00f0i f\u00f3lki\u00f0, og \u00feeir \u00fevo\u00f0u kl\u00e6\u00f0i s\u00edn.<a name=\"15\"><span class=\"versanumer\">15<\/span><\/a>Og hann sag\u00f0i vi\u00f0 f\u00f3lki\u00f0: Veri\u00f0 b\u00fanir \u00e1 \u00feri\u00f0ja degi: Komi\u00f0 ekki n\u00e6rri nokkurri konu.<a name=\"16\"><span class=\"versanumer\">16<\/span><\/a>\u00c1 \u00feri\u00f0ja degi, \u00feegar lj\u00f3st var or\u00f0i\u00f0, gengu rei\u00f0ar\u00ferumur og eldingar, og \u00feykkt sk\u00fd l\u00e1 \u00e1 fjallinu, og heyr\u00f0ist mj\u00f6g sterkur l\u00fa\u00f0ur\u00feytur. Skelfdist \u00fe\u00e1 allt f\u00f3lki\u00f0, sem var \u00ed b\u00fa\u00f0unum.<a name=\"17\"><span class=\"versanumer\">17<\/span><\/a>\u00de\u00e1 leiddi M\u00f3se f\u00f3lki\u00f0 \u00fat \u00far b\u00fa\u00f0unum til m\u00f3ts vi\u00f0 Gu\u00f0, og t\u00f3ku menn s\u00e9r st\u00f6\u00f0u undir fjallinu.<a name=\"18\"><span class=\"versanumer\">18<\/span><\/a>S\u00edna\u00edfjall var allt \u00ed einum reyk, fyrir \u00fev\u00ed a\u00f0 Drottinn st\u00e9 ni\u00f0ur \u00e1 \u00fea\u00f0 \u00ed eldinum. M\u00f6kkurinn st\u00f3\u00f0 upp af \u00fev\u00ed, eins og reykur \u00far ofni, og allt fjalli\u00f0 l\u00e9k \u00e1 rei\u00f0iskj\u00e1lfi.<a name=\"19\"><span class=\"versanumer\">19<\/span><\/a>Og l\u00fa\u00f0ur\u00feyturinn var\u00f0 \u00e6 sterkari og sterkari. M\u00f3se tala\u00f0i, og Gu\u00f0 svara\u00f0i honum h\u00e1rri r\u00f6ddu.<a name=\"20\"><span class=\"versanumer\">20<\/span><\/a>Og Drottinn st\u00e9 ni\u00f0ur \u00e1 S\u00edna\u00edfjall, \u00e1 fjallstindinn. Og Drottinn kalla\u00f0i M\u00f3se upp \u00e1 fjallstindinn, og gekk M\u00f3se \u00fe\u00e1 upp.<a name=\"21\"><span class=\"versanumer\">21<\/span><\/a>\u00de\u00e1 sag\u00f0i Drottinn vi\u00f0 M\u00f3se: St\u00edg ofan og legg r\u00edkt \u00e1 vi\u00f0 f\u00f3lki\u00f0, a\u00f0 \u00fea\u00f0 brj\u00f3tist ekki upp hinga\u00f0 til Drottins fyrir forvitni sakir og fj\u00f6ldi af \u00feeim farist.<a name=\"22\"><span class=\"versanumer\">22<\/span><\/a>Einnig prestarnir, sem annars n\u00e1lgast Drottin, skulu helga sig, svo a\u00f0 Drottinn gj\u00f6ri eigi skar\u00f0 \u00ed h\u00f3p \u00feeirra.<a name=\"23\"><span class=\"versanumer\">23<\/span><\/a>En M\u00f3se sag\u00f0i vi\u00f0 Drottin: F\u00f3lki\u00f0 getur ekki stigi\u00f0 upp \u00e1 S\u00edna\u00edfjall, \u00fev\u00ed a\u00f0 \u00fe\u00fa hefir lagt r\u00edkt \u00e1 vi\u00f0 oss og sagt: Set v\u00e9b\u00f6nd umhverfis fjalli\u00f0 og helga \u00fea\u00f0.<a name=\"24\"><span class=\"versanumer\">24<\/span><\/a>Og Drottinn sag\u00f0i vi\u00f0 hann: Far n\u00fa og st\u00edg ofan, og kom \u00fev\u00ed n\u00e6st upp aftur og Aron me\u00f0 \u00fe\u00e9r. En prestarnir og f\u00f3lki\u00f0 m\u00e1 ekki brj\u00f3tast upp hinga\u00f0 til Drottins, a\u00f0 hann gj\u00f6ri ekki skar\u00f0 \u00ed h\u00f3p \u00feeirra.<a name=\"25\"><span class=\"versanumer\">25<\/span><\/a>M\u00f3se gekk \u00fe\u00e1 ofan til f\u00f3lksins og sag\u00f0i \u00feeim \u00feetta.<\/p>\n<div class=\"footnote1981\"><b>19.1<\/b> Sina\u00edey\u00f0im\u00f6rk 4M\u00f3s 33.15<br \/>\n<b>19.4<\/b> \u00dei\u00f0 hafi\u00f0 s\u00e9\u00f0 5M\u00f3s 29.2-3 \u2013 \u00e1 arnarv\u00e6ngjum 5M\u00f3s 32.11; Jes 46.4; 63.9<br \/>\n<b>19.5<\/b> M\u00edn eign T\u00edt 2.14 \u2013 j\u00f6r\u00f0in er Gu\u00f0s 2M\u00f3s 9.29+<br \/>\n<b>19.6<\/b> Konungsr\u00edki presta 1P\u00e9t 2.9; Opb 1.6; 5.10; 20.6<br \/>\n<b>19.8<\/b> Vi\u00f0 skulum gera allt &#8230; J\u00f3s 24.16-24<br \/>\n<b>19.9<\/b> Sk\u00fdi\u00f0 2M\u00f3s 13.21+ &#8211; teysti M\u00f3se sbr 2M\u00f3s 4.1+<br \/>\n<b>19.10<\/b> Helga 1M\u00f3s 35.2<br \/>\n<b>19.12<\/b> Snerti\u00f0 ekki 2M\u00f3s 34.3; Heb 12.20<br \/>\n<b>19.15<\/b> Ekki n\u00e1l\u00e6gt konu 1Sam 21.5<br \/>\n<b>19.16<\/b> \u00derumur og eldingar 5M\u00f3s 4.10-12; Slm 29; 50.3; 77.19; Opb 4.5<\/div>\n","protected":false},"excerpt":{"rendered":"<p>1\u00c1 \u00feri\u00f0ja m\u00e1nu\u00f0i eftir brottf\u00f6r \u00cdsraelsmanna fr\u00e1 Egyptalandi, \u00e1 \u00feeim degi komu \u00feeir \u00ed S\u00edna\u00ed-ey\u00f0im\u00f6rk.2\u00deeir t\u00f3ku sig upp fr\u00e1 Ref\u00edd\u00edm og komu \u00ed S\u00edna\u00ed-ey\u00f0im\u00f6rk og settu b\u00fa\u00f0ir s\u00ednar \u00ed ey\u00f0im\u00f6rkinni. Og \u00cdsrael setti b\u00fa\u00f0ir s\u00ednar \u00fear gegnt fjallinu.3Gekk M\u00f3se \u00fe\u00e1 upp til Gu\u00f0s, og kalla\u00f0i Drottinn til hans af fjallinu og sag\u00f0i: Svo skalt \u00fe\u00fa segja Jakobs ni\u00f0jum og kunngj\u00f6ra \u00cdsraelsm\u00f6nnum:4\u00de\u00e9r hafi\u00f0 sj\u00e1lfir s\u00e9\u00f0, hva\u00f0 \u00e9g hefi gj\u00f6rt Egyptum, og hversu \u00e9g hefi bori\u00f0 y\u00f0ur \u00e1 arnarv\u00e6ngjum og flutt y\u00f0ur til m\u00edn.5N\u00fa ef \u00fe\u00e9r hl\u00fd\u00f0i\u00f0 minni r\u00f6ddu grandg\u00e6filega og haldi\u00f0 minn s\u00e1ttm\u00e1la, \u00fe\u00e1 skulu\u00f0 \u00fe\u00e9r vera m\u00edn eiginleg eign umfram <a href=\"https:\/\/biblian.is\/1981\/onnur-mosebok-19-kafli\/\"> [&#8230;]<\/a><\/p>\n","protected":false},"author":1,"featured_media":0,"parent":0,"menu_order":0,"comment_status":"open","ping_status":"open","template":"bibliukaflar.php","meta":{"footnotes":""},"class_list":["post-1415","page","type-page","status-publish","hentry"],"_links":{"self":[{"href":"https:\/\/biblian.is\/1981\/wp-json\/wp\/v2\/pages\/1415","targetHints":{"allow":["GET"]}}],"collection":[{"href":"https:\/\/biblian.is\/1981\/wp-json\/wp\/v2\/pages"}],"about":[{"href":"https:\/\/biblian.is\/1981\/wp-json\/wp\/v2\/types\/page"}],"author":[{"embeddable":true,"href":"https:\/\/biblian.is\/1981\/wp-json\/wp\/v2\/users\/1"}],"replies":[{"embeddable":true,"href":"https:\/\/biblian.is\/1981\/wp-json\/wp\/v2\/comments?post=1415"}],"version-history":[{"count":0,"href":"https:\/\/biblian.is\/1981\/wp-json\/wp\/v2\/pages\/1415\/revisions"}],"wp:attachment":[{"href":"https:\/\/biblian.is\/1981\/wp-json\/wp\/v2\/media?parent=1415"}],"curies":[{"name":"wp","href":"https:\/\/api.w.org\/{rel}","templated":true}]}}