{"id":1414,"date":"2017-11-18T20:17:15","date_gmt":"2017-11-18T20:17:15","guid":{"rendered":"http:\/\/biblian.is\/1981\/onnur-mosebok-18-kafli\/"},"modified":"2021-06-06T11:04:13","modified_gmt":"2021-06-06T11:04:13","slug":"onnur-mosebok-18-kafli","status":"publish","type":"page","link":"https:\/\/biblian.is\/1981\/onnur-mosebok-18-kafli\/","title":{"rendered":"\u00d6nnur M\u00f3seb\u00f3k 18. kafli"},"content":{"rendered":"<p><a name=\"1\"><span class=\"versanumer\">1<\/span><\/a>Er Jetr\u00f3 prestur \u00ed Mid\u00edanslandi, tengdafa\u00f0ir M\u00f3se, heyr\u00f0i allt \u00fea\u00f0, sem Gu\u00f0 haf\u00f0i gj\u00f6rt M\u00f3se og l\u00fd\u00f0 s\u00ednum \u00cdsrael, a\u00f0 Drottinn haf\u00f0i leitt \u00cdsrael \u00fat af Egyptalandi,<a name=\"2\"><span class=\"versanumer\">2<\/span><\/a>\u00fe\u00e1 t\u00f3k Jetr\u00f3, tengdafa\u00f0ir M\u00f3se, Sipp\u00f3ru konu M\u00f3se, en hann haf\u00f0i sent hana aftur,<a name=\"3\"><span class=\"versanumer\">3<\/span><\/a>og tvo sonu hennar. H\u00e9t annar Gers\u00f3m, \u00fev\u00ed a\u00f0 hann haf\u00f0i sagt: Gestur er \u00e9g \u00ed \u00f3kunnu landi.<a name=\"4\"><span class=\"versanumer\">4<\/span><\/a>Hinn h\u00e9t El\u00edeser, \u00fev\u00ed a\u00f0 hann haf\u00f0i sagt: Gu\u00f0 f\u00f6\u00f0ur m\u00edns var m\u00edn hj\u00e1lp, og hann frelsa\u00f0i mig fr\u00e1 sver\u00f0i Fara\u00f3s.<a name=\"5\"><span class=\"versanumer\">5<\/span><\/a>En er Jetr\u00f3, tengdafa\u00f0ir M\u00f3se, kom me\u00f0 sonu hans og konu til hans \u00ed ey\u00f0im\u00f6rkina, \u00fear sem hann haf\u00f0i sett b\u00fa\u00f0ir s\u00ednar hj\u00e1 Gu\u00f0s fjalli,<a name=\"6\"><span class=\"versanumer\">6<\/span><\/a>\u00fe\u00e1 l\u00e9t hann segja M\u00f3se: \u00c9g, Jetr\u00f3, tengdafa\u00f0ir \u00feinn, er kominn til \u00fe\u00edn, og kona \u00fe\u00edn og b\u00e1\u00f0ir synir hennar me\u00f0 henni.<a name=\"7\"><span class=\"versanumer\">7<\/span><\/a>Gekk \u00fe\u00e1 M\u00f3se \u00fat \u00e1 m\u00f3ti tengdaf\u00f6\u00f0ur s\u00ednum, laut honum og kyssti hann. Og \u00feegar \u00feeir h\u00f6f\u00f0u heilsast, gengu \u00feeir inn \u00ed tjaldi\u00f0.<a name=\"8\"><span class=\"versanumer\">8<\/span><\/a>Og M\u00f3se sag\u00f0i tengdaf\u00f6\u00f0ur s\u00ednum fr\u00e1 \u00f6llu \u00fev\u00ed, sem Drottinn haf\u00f0i gj\u00f6rt Fara\u00f3 og Egyptum fyrir sakir \u00cdsraels, fr\u00e1 \u00f6llum \u00feeim \u00ferautum, sem \u00feeim h\u00f6f\u00f0u m\u00e6tt \u00e1 lei\u00f0inni, og hversu Drottinn haf\u00f0i frelsa\u00f0 \u00fe\u00e1.<a name=\"9\"><span class=\"versanumer\">9<\/span><\/a>Og Jetr\u00f3 gladdist af \u00f6llum \u00feeim velgj\u00f6r\u00f0um, sem Drottinn haf\u00f0i au\u00f0s\u00fdnt \u00cdsrael, \u00fear sem hann haf\u00f0i frelsa\u00f0 hann undan valdi Egypta.<a name=\"10\"><span class=\"versanumer\">10<\/span><\/a>Og Jetr\u00f3 sag\u00f0i: Lofa\u00f0ur s\u00e9 Drottinn fyrir \u00fea\u00f0, a\u00f0 hann frelsa\u00f0i y\u00f0ur undan valdi Egypta og undan valdi Fara\u00f3s, fyrir \u00fea\u00f0, a\u00f0 hann frelsa\u00f0i f\u00f3lki\u00f0 undan valdi Egypta.<a name=\"11\"><span class=\"versanumer\">11<\/span><\/a>N\u00fa veit \u00e9g, a\u00f0 Drottinn er \u00f6llum gu\u00f0um meiri, \u00fev\u00ed a\u00f0 hann l\u00e9t Egyptum hefnast fyrir ofdramb \u00feeirra gegn \u00cdsraelsm\u00f6nnum.<a name=\"12\"><span class=\"versanumer\">12<\/span><\/a>\u00de\u00e1 t\u00f3k Jetr\u00f3, tengdafa\u00f0ir M\u00f3se, brennif\u00f3rn og sl\u00e1turf\u00f3rnir Gu\u00f0i til handa. Kom \u00fe\u00e1 Aron og allir \u00f6ldungar \u00cdsraels, til \u00feess a\u00f0 matast me\u00f0 tengdaf\u00f6\u00f0ur M\u00f3se frammi fyrir Gu\u00f0i.<a name=\"13\"><span class=\"versanumer\">13<\/span><\/a>Daginn eftir settist M\u00f3se til a\u00f0 m\u00e6la l\u00fd\u00f0num l\u00f6gskil, og st\u00f3\u00f0 f\u00f3lki\u00f0 frammi fyrir M\u00f3se fr\u00e1 morgni til kvelds.<a name=\"14\"><span class=\"versanumer\">14<\/span><\/a>En er tengdafa\u00f0ir M\u00f3se s\u00e1 allt \u00fea\u00f0, sem hann gj\u00f6r\u00f0i vi\u00f0 f\u00f3lki\u00f0, \u00fe\u00e1 sag\u00f0i hann: Hva\u00f0 er \u00feetta, sem \u00fe\u00fa gj\u00f6rir vi\u00f0 f\u00f3lki\u00f0? Hvers vegna situr \u00fe\u00fa einn saman, en allt f\u00f3lki\u00f0 stendur frammi fyrir \u00fe\u00e9r fr\u00e1 morgni til kvelds?<a name=\"15\"><span class=\"versanumer\">15<\/span><\/a>M\u00f3se svara\u00f0i tengdaf\u00f6\u00f0ur s\u00ednum: F\u00f3lki\u00f0 kemur til m\u00edn til \u00feess a\u00f0 leita Gu\u00f0s atkv\u00e6\u00f0a.<a name=\"16\"><span class=\"versanumer\">16<\/span><\/a>\u00deegar m\u00e1l gj\u00f6rist \u00feeirra \u00e1 milli, koma \u00feeir \u00e1 fund minn, og \u00e9g d\u00e6mi milli manna og kunngj\u00f6ri l\u00f6g Gu\u00f0s og bo\u00f0or\u00f0 hans.<a name=\"17\"><span class=\"versanumer\">17<\/span><\/a>\u00de\u00e1 sag\u00f0i tengdafa\u00f0ir M\u00f3se vi\u00f0 hann: Eigi er \u00fea\u00f0 gott, sem \u00fe\u00fa gj\u00f6rir.<a name=\"18\"><span class=\"versanumer\">18<\/span><\/a>B\u00e6\u00f0i \u00fereytist \u00fe\u00fa og eins f\u00f3lki\u00f0, sem hj\u00e1 \u00fe\u00e9r er, \u00fev\u00ed a\u00f0 \u00feetta starf er \u00fe\u00e9r um megn, \u00fe\u00fa f\u00e6r \u00fev\u00ed ekki afkasta\u00f0 einn saman.<a name=\"19\"><span class=\"versanumer\">19<\/span><\/a>Hl\u00fd\u00f0 n\u00fa or\u00f0um m\u00ednum. \u00c9g vil leggja \u00fe\u00e9r r\u00e1\u00f0, og mun Gu\u00f0 vera me\u00f0 \u00fe\u00e9r. \u00de\u00fa skalt ganga fram fyrir Gu\u00f0 \u00ed nafni f\u00f3lksins og fram bera m\u00e1lin fyrir Gu\u00f0.<a name=\"20\"><span class=\"versanumer\">20<\/span><\/a>Og \u00fe\u00fa skalt kenna \u00feeim l\u00f6gin og bo\u00f0or\u00f0in, og s\u00fdna \u00feeim \u00feann veg, sem \u00feeir skulu ganga, og \u00feau verk, sem \u00feeir skulu gj\u00f6ra.<a name=\"21\"><span class=\"versanumer\">21<\/span><\/a>Og \u00fe\u00fa skalt velja me\u00f0al alls f\u00f3lksins dugandi menn og gu\u00f0hr\u00e6dda, \u00e1rei\u00f0anlega menn og \u00f3s\u00e9rpl\u00e6gna, og skipa \u00fe\u00e1 foringja yfir l\u00fd\u00f0inn, suma yfir \u00fe\u00fasund, suma yfir hundra\u00f0, suma yfir fimmt\u00edu og suma yfir t\u00edu.<a name=\"22\"><span class=\"versanumer\">22<\/span><\/a>Og \u00feeir skulu m\u00e6la l\u00fd\u00f0num l\u00f6gskil \u00e1 \u00f6llum t\u00edmum. \u00d6ll hin st\u00e6rri m\u00e1l skulu \u00feeir l\u00e1ta koma fyrir \u00feig, en sj\u00e1lfir skulu \u00feeir d\u00e6ma \u00ed \u00f6llum sm\u00e6rri m\u00e1lum. Skaltu \u00feannig gj\u00f6ra \u00fe\u00e9r h\u00e6gra fyrir, og \u00feeir skulu l\u00e9tta undir me\u00f0 \u00fe\u00e9r.<a name=\"23\"><span class=\"versanumer\">23<\/span><\/a>Ef \u00fe\u00fa gj\u00f6rir \u00feetta, og Gu\u00f0 b\u00fd\u00f0ur \u00fe\u00e9r \u00fea\u00f0, \u00fe\u00e1 muntu f\u00e1 risi\u00f0 undir \u00fev\u00ed, og \u00fe\u00e1 mun og allt \u00feetta f\u00f3lk fara \u00e1n\u00e6gt til heimila sinna.<a name=\"24\"><span class=\"versanumer\">24<\/span><\/a>M\u00f3se hl\u00fdddi or\u00f0um tengdaf\u00f6\u00f0ur s\u00edns og gj\u00f6r\u00f0i allt, sem hann haf\u00f0i sagt.<a name=\"25\"><span class=\"versanumer\">25<\/span><\/a>Og M\u00f3se valdi dugandi menn af \u00f6llum \u00cdsraels l\u00fd\u00f0 og skipa\u00f0i \u00fe\u00e1 foringja yfir l\u00fd\u00f0inn, suma yfir \u00fe\u00fasund, suma yfir hundra\u00f0, suma yfir fimmt\u00edu, suma yfir t\u00edu.<a name=\"26\"><span class=\"versanumer\">26<\/span><\/a>Og m\u00e6ltu \u00feeir l\u00fd\u00f0num l\u00f6gskil \u00e1 \u00f6llum t\u00edmum. Vandam\u00e1lunum skutu \u00feeir til M\u00f3se, en sj\u00e1lfir d\u00e6mdu \u00feeir \u00ed hinum sm\u00e6rri m\u00e1lum.<a name=\"27\"><span class=\"versanumer\">27<\/span><\/a>L\u00e9t M\u00f3se s\u00ed\u00f0an tengdaf\u00f6\u00f0ur sinn fr\u00e1 s\u00e9r fara, og h\u00e9lt hann aftur heim \u00ed sitt land.<\/p>\n<div class=\"footnote1981\"><b>18.3<\/b> Tveir synir Post 7.29<br \/>\n<b>18.10<\/b> Lofa\u00f0ur s\u00e9 Drottinn 1M\u00f3s 9.26; 1Sam 25.32,39; 1Kon 8.15,56; Slm 72.18-19; 124.6; Rut 4.14; Esr 7.27<br \/>\n<b>18.12<\/b> Halda m\u00e1lt\u00ed\u00f0 2M\u00f3s 24.11; 1M\u00f3s 26.26-31; 31.54; 1Kro 29.22<br \/>\n<b>18.13-27<\/b> Skipa\u00f0ir foringjar 4M\u00f3s 11.11-30; 5M\u00f3s 1.9-18; 17.8-13<br \/>\n<b>18.13<\/b> M\u00f3se r\u00e9ttar D\u00f3m 4.5<br \/>\n<b>18.15<\/b> Leita svara hj\u00e1 Gu\u00f0i 2M\u00f3s 33.7<br \/>\n<b>18.18<\/b> Ekki sinnt einn Post 6.1-6<br \/>\n<b>18.27<\/b> \u00cd sitt land 4M\u00f3s 10.30<\/div>\n","protected":false},"excerpt":{"rendered":"<p>1Er Jetr\u00f3 prestur \u00ed Mid\u00edanslandi, tengdafa\u00f0ir M\u00f3se, heyr\u00f0i allt \u00fea\u00f0, sem Gu\u00f0 haf\u00f0i gj\u00f6rt M\u00f3se og l\u00fd\u00f0 s\u00ednum \u00cdsrael, a\u00f0 Drottinn haf\u00f0i leitt \u00cdsrael \u00fat af Egyptalandi,2\u00fe\u00e1 t\u00f3k Jetr\u00f3, tengdafa\u00f0ir M\u00f3se, Sipp\u00f3ru konu M\u00f3se, en hann haf\u00f0i sent hana aftur,3og tvo sonu hennar. H\u00e9t annar Gers\u00f3m, \u00fev\u00ed a\u00f0 hann haf\u00f0i sagt: Gestur er \u00e9g \u00ed \u00f3kunnu landi.4Hinn h\u00e9t El\u00edeser, \u00fev\u00ed a\u00f0 hann haf\u00f0i sagt: Gu\u00f0 f\u00f6\u00f0ur m\u00edns var m\u00edn hj\u00e1lp, og hann frelsa\u00f0i mig fr\u00e1 sver\u00f0i Fara\u00f3s.5En er Jetr\u00f3, tengdafa\u00f0ir M\u00f3se, kom me\u00f0 sonu hans og konu til hans \u00ed ey\u00f0im\u00f6rkina, \u00fear sem hann haf\u00f0i sett b\u00fa\u00f0ir s\u00ednar hj\u00e1 Gu\u00f0s <a href=\"https:\/\/biblian.is\/1981\/onnur-mosebok-18-kafli\/\"> [&#8230;]<\/a><\/p>\n","protected":false},"author":1,"featured_media":0,"parent":0,"menu_order":0,"comment_status":"open","ping_status":"open","template":"bibliukaflar.php","meta":{"footnotes":""},"class_list":["post-1414","page","type-page","status-publish","hentry"],"_links":{"self":[{"href":"https:\/\/biblian.is\/1981\/wp-json\/wp\/v2\/pages\/1414","targetHints":{"allow":["GET"]}}],"collection":[{"href":"https:\/\/biblian.is\/1981\/wp-json\/wp\/v2\/pages"}],"about":[{"href":"https:\/\/biblian.is\/1981\/wp-json\/wp\/v2\/types\/page"}],"author":[{"embeddable":true,"href":"https:\/\/biblian.is\/1981\/wp-json\/wp\/v2\/users\/1"}],"replies":[{"embeddable":true,"href":"https:\/\/biblian.is\/1981\/wp-json\/wp\/v2\/comments?post=1414"}],"version-history":[{"count":0,"href":"https:\/\/biblian.is\/1981\/wp-json\/wp\/v2\/pages\/1414\/revisions"}],"wp:attachment":[{"href":"https:\/\/biblian.is\/1981\/wp-json\/wp\/v2\/media?parent=1414"}],"curies":[{"name":"wp","href":"https:\/\/api.w.org\/{rel}","templated":true}]}}